{"id":179,"date":"2022-11-25T17:52:01","date_gmt":"2022-11-25T17:52:01","guid":{"rendered":"https:\/\/dev.umfst.ro\/facultatea-de-farmacie\/?page_id=179"},"modified":"2025-09-29T07:15:54","modified_gmt":"2025-09-29T07:15:54","slug":"industria-medicamentului-si-biotehnologii-farmaceutice","status":"publish","type":"page","link":"https:\/\/umfst.ro\/facultatea-de-farmacie\/hu\/departamente-si-discipline\/departamentul-f2\/industria-medicamentului-si-biotehnologii-farmaceutice\/","title":{"rendered":"Industria medicamentului \u0219i biotehnologii farmaceutice"},"content":{"rendered":"<div data-elementor-type=\"wp-page\" data-elementor-id=\"179\" class=\"elementor elementor-179\" data-elementor-post-type=\"page\">\n\t\t\t\t\t\t<section class=\"elementor-section elementor-top-section elementor-element elementor-element-b50acc9 elementor-section-boxed elementor-section-height-default elementor-section-height-default\" data-id=\"b50acc9\" data-element_type=\"section\" data-e-type=\"section\">\n\t\t\t\t\t\t<div class=\"elementor-container elementor-column-gap-default\">\n\t\t\t\t\t<div class=\"elementor-column elementor-col-50 elementor-top-column elementor-element elementor-element-43e6445\" data-id=\"43e6445\" data-element_type=\"column\" data-e-type=\"column\">\n\t\t\t<div class=\"elementor-widget-wrap elementor-element-populated\">\n\t\t\t\t\t\t<div class=\"elementor-element elementor-element-2576db6 elementor-widget elementor-widget-text-editor\" data-id=\"2576db6\" data-element_type=\"widget\" data-e-type=\"widget\" data-widget_type=\"text-editor.default\">\n\t\t\t\t<div class=\"elementor-widget-container\">\n\t\t\t\t\t\t\t\t\t<h2 style=\"text-align: left\">Tansz\u00e9ki szem\u00e9lyzet<\/h2><p style=\"text-align: left\"><strong>Tansz\u00e9kvezet\u0151<br \/><\/strong>Prof. univ. dr. Sipos Emese &#8211; <a href=\"https:\/\/umfst.ro\/fileadmin\/f_farmacie\/Cadre_didactice\/CV\/F2\/CV_Sipos_Emese.pdf\">CV<\/a><\/p><p style=\"text-align: left\"><strong>Tagok<br \/><\/strong>Dr. Eleonora MIRCIA, egyetemi docens - <a href=\"https:\/\/umfst.ro\/fileadmin\/f_farmacie\/Cadre_didactice\/CV\/F2\/CV_Mircia_Eleonora.pdf\">CV<\/a><br \/>Dr. SZAB\u00d3 Zolt\u00e1n \u2013 Istv\u00e1n, egyetemi docens - <a href=\"https:\/\/umfst.ro\/fileadmin\/f_farmacie\/Cadre_didactice\/CV\/F2\/CV_Szabo Zoltan Istvan.pdf\" data-wplink-url-error=\"true\">CV<\/a><br \/><br \/>GOREA Lucica, labor\u00e1ns<\/p><h2 style=\"text-align: left\"><strong>Kutat\u00e1si ir\u00e1nyok<\/strong><\/h2><ul><li style=\"text-align: left\">A gy\u00f3gyszer\u00e9szeti oktat\u00e1s ipar\u00e1gi ig\u00e9nyekhez val\u00f3 igaz\u00edt\u00e1sa: munk\u00e1ltat\u00f3i perspekt\u00edv\u00e1b\u00f3l v\u00e9gzett m\u00e9lyrehat\u00f3 kvalitat\u00edv tanulm\u00e1ny<\/li><li style=\"text-align: left\">Kozmetikai term\u00e9kekben alkalmazott specifikus antioxid\u00e1nsok<\/li><li style=\"text-align: left\">Kromatogr\u00e1fi\u00e1s enantioszepar\u00e1ci\u00f3k jellemz\u00e9se<\/li><li style=\"text-align: left\">Konzerv\u00e1nsok kozmetikai term\u00e9kek formul\u00e1l\u00e1s\u00e1ban<\/li><li style=\"text-align: left\">Egyes tirozin-kin\u00e1z g\u00e1tl\u00f3k biohasznosul\u00e1s\u00e1nak n\u00f6vel\u00e9se k\u00fcl\u00f6nb\u00f6z\u0151 gy\u00f3gyszer\u00e9szeti seg\u00e9danyagokkal k\u00e9sz\u00edtett szil\u00e1rd diszperzi\u00f3k r\u00e9v\u00e9n<\/li><li style=\"text-align: left\">Nagy teljes\u00edtm\u00e9ny\u0171 analitikai m\u00f3dszerek fejleszt\u00e9se a tests\u00falycs\u00f6kkent\u00e9sre \u00e9s potenci\u00e1ra sz\u00e1nt \u00e9trend-kieg\u00e9sz\u00edt\u0151k hamis\u00edt\u00f3szereinek sz\u0171r\u00e9s\u00e9re<\/li><li style=\"text-align: left\">Kir\u00e1lis kapill\u00e1ris elektrofor\u00e9zis<\/li><li style=\"text-align: left\" class=\" translation-block\">Kromatogr\u00e1fi\u00e1s elv\u00e1laszt\u00e1sok in silico modellez\u00e9se<\/li><li style=\"text-align: left\">Ciklodextrin-komplex alap\u00fa gy\u00f3gyszeres nanorostok<\/li><li style=\"text-align: left\">Illatanyagok kozmetikai term\u00e9kekben<\/li><li style=\"text-align: left\">Nanorostos rendszerek el\u0151\u00e1ll\u00edt\u00e1sa \u00e9s jellemz\u00e9se<\/li><li style=\"text-align: left\">Tanulm\u00e1ny a k\u00e9zhigi\u00e9niai szok\u00e1sokr\u00f3l a hallgat\u00f3k k\u00f6r\u00e9ben<\/li><li style=\"text-align: left\">Tanulm\u00e1ny a gy\u00f3gyszer\u00e9sz szerep\u00e9r\u0151l az eg\u00e9szs\u00e9gfejleszt\u00e9sben<\/li><li style=\"text-align: left\">Egyes sz\u00ednez\u00e9kek kozmetikai term\u00e9kekben t\u00f6rt\u00e9n\u0151 felhaszn\u00e1l\u00e1s\u00e1nak biztons\u00e1gi vizsg\u00e1lata<\/li><li style=\"text-align: left\">Quality by Design koncepci\u00f3k alkalmaz\u00e1sa szil\u00e1rd gy\u00f3gyszerform\u00e1k fejleszt\u00e9s\u00e9ben<\/li><\/ul>\t\t\t\t\t\t\t\t<\/div>\n\t\t\t\t<\/div>\n\t\t\t\t\t<\/div>\n\t\t<\/div>\n\t\t\t\t<div class=\"elementor-column elementor-col-50 elementor-top-column elementor-element elementor-element-d6bcc4c\" data-id=\"d6bcc4c\" data-element_type=\"column\" data-e-type=\"column\">\n\t\t\t<div class=\"elementor-widget-wrap elementor-element-populated\">\n\t\t\t\t\t\t<section class=\"elementor-section elementor-inner-section elementor-element elementor-element-f194338 elementor-section-boxed elementor-section-height-default elementor-section-height-default\" data-id=\"f194338\" data-element_type=\"section\" data-e-type=\"section\">\n\t\t\t\t\t\t<div class=\"elementor-container elementor-column-gap-default\">\n\t\t\t\t\t<div data-dce-background-color=\"#F2F7FF\" class=\"elementor-column elementor-col-100 elementor-inner-column elementor-element elementor-element-bdb4d37\" data-id=\"bdb4d37\" data-element_type=\"column\" data-e-type=\"column\" data-settings=\"{&quot;background_background&quot;:&quot;classic&quot;}\">\n\t\t\t<div class=\"elementor-widget-wrap elementor-element-populated\">\n\t\t\t\t\t\t<div class=\"elementor-element elementor-element-8867758 elementor-widget elementor-widget-heading\" data-id=\"8867758\" data-element_type=\"widget\" data-e-type=\"widget\" data-widget_type=\"heading.default\">\n\t\t\t\t<div class=\"elementor-widget-container\">\n\t\t\t\t\t<h5 class=\"elementor-heading-title elementor-size-default\">Kapcsolat<\/h5>\t\t\t\t<\/div>\n\t\t\t\t<\/div>\n\t\t\t\t<div class=\"elementor-element elementor-element-fc02e90 elementor-widget-divider--view-line elementor-widget elementor-widget-divider\" data-id=\"fc02e90\" data-element_type=\"widget\" data-e-type=\"widget\" data-widget_type=\"divider.default\">\n\t\t\t\t<div class=\"elementor-widget-container\">\n\t\t\t\t\t\t\t<div class=\"elementor-divider\">\n\t\t\t<span class=\"elementor-divider-separator\">\n\t\t\t\t\t\t<\/span>\n\t\t<\/div>\n\t\t\t\t\t\t<\/div>\n\t\t\t\t<\/div>\n\t\t\t\t<div class=\"elementor-element elementor-element-b13344b elementor-widget elementor-widget-icon-box\" data-id=\"b13344b\" data-element_type=\"widget\" data-e-type=\"widget\" data-widget_type=\"icon-box.default\">\n\t\t\t\t<div class=\"elementor-widget-container\">\n\t\t\t\t\t\t\t<div class=\"elementor-icon-box-wrapper\">\n\n\t\t\t\n\t\t\t\t\t\t<div class=\"elementor-icon-box-content\">\n\n\t\t\t\t\t\t\t\t\t<h3 class=\"elementor-icon-box-title\">\n\t\t\t\t\t\t<span  >\n\t\t\t\t\t\t\tLevelez\u00e9si c\u00edm\t\t\t\t\t\t<\/span>\n\t\t\t\t\t<\/h3>\n\t\t\t\t\n\t\t\t\t\t\t\t\t\t<p class=\"elementor-icon-box-description translation-block\">Gy\u00f3gyszer\u00e9szeti Kar \u00c9p\u00fclete \u2013 Gheorghe Marinescu utca, 38. sz\u00e1m, Marosv\u00e1s\u00e1rhely, Maros megye, 540142, Rom\u00e1nia<\/p>\n\t\t\t\t\n\t\t\t<\/div>\n\t\t\t\n\t\t<\/div>\n\t\t\t\t\t\t<\/div>\n\t\t\t\t<\/div>\n\t\t\t\t<div class=\"elementor-element elementor-element-3b1fa3a elementor-widget elementor-widget-icon-box\" data-id=\"3b1fa3a\" data-element_type=\"widget\" data-e-type=\"widget\" data-widget_type=\"icon-box.default\">\n\t\t\t\t<div class=\"elementor-widget-container\">\n\t\t\t\t\t\t\t<div class=\"elementor-icon-box-wrapper\">\n\n\t\t\t\n\t\t\t\t\t\t<div class=\"elementor-icon-box-content\">\n\n\t\t\t\t\t\t\t\t\t<h3 class=\"elementor-icon-box-title\">\n\t\t\t\t\t\t<span  >\n\t\t\t\t\t\t\tTansz\u00e9kvezet\u0151\t\t\t\t\t\t<\/span>\n\t\t\t\t\t<\/h3>\n\t\t\t\t\n\t\t\t\t\t\t\t\t\t<p class=\"elementor-icon-box-description\">\n\t\t\t\t\t\tC3 sz\u00e1rny, emelet, 88. \/ 96. ajt\u00f3\t\t\t\t\t<\/p>\n\t\t\t\t\n\t\t\t<\/div>\n\t\t\t\n\t\t<\/div>\n\t\t\t\t\t\t<\/div>\n\t\t\t\t<\/div>\n\t\t\t\t<div class=\"elementor-element elementor-element-2a3a74e elementor-widget elementor-widget-icon-box\" data-id=\"2a3a74e\" data-element_type=\"widget\" data-e-type=\"widget\" data-widget_type=\"icon-box.default\">\n\t\t\t\t<div class=\"elementor-widget-container\">\n\t\t\t\t\t\t\t<div class=\"elementor-icon-box-wrapper\">\n\n\t\t\t\n\t\t\t\t\t\t<div class=\"elementor-icon-box-content\">\n\n\t\t\t\t\t\t\t\t\t<h3 class=\"elementor-icon-box-title\">\n\t\t\t\t\t\t<span  >\n\t\t\t\t\t\t\tOktat\u00f3k\t\t\t\t\t\t<\/span>\n\t\t\t\t\t<\/h3>\n\t\t\t\t\n\t\t\t\t\t\t\t\t\t<p class=\"elementor-icon-box-description\">\n\t\t\t\t\t\tC3 sz\u00e1rny, f\u00f6ldszint, 118. \/ 125. ajt\u00f3\t\t\t\t\t<\/p>\n\t\t\t\t\n\t\t\t<\/div>\n\t\t\t\n\t\t<\/div>\n\t\t\t\t\t\t<\/div>\n\t\t\t\t<\/div>\n\t\t\t\t<div class=\"elementor-element elementor-element-c66e914 elementor-widget elementor-widget-icon-box\" data-id=\"c66e914\" data-element_type=\"widget\" data-e-type=\"widget\" data-widget_type=\"icon-box.default\">\n\t\t\t\t<div class=\"elementor-widget-container\">\n\t\t\t\t\t\t\t<div class=\"elementor-icon-box-wrapper\">\n\n\t\t\t\n\t\t\t\t\t\t<div class=\"elementor-icon-box-content\">\n\n\t\t\t\t\t\t\t\t\t<h3 class=\"elementor-icon-box-title\">\n\t\t\t\t\t\t<span  >\n\t\t\t\t\t\t\tLaborat\u00f3riumok\t\t\t\t\t\t<\/span>\n\t\t\t\t\t<\/h3>\n\t\t\t\t\n\t\t\t\t\t\t\t\t\t<p class=\"elementor-icon-box-description\">\n\t\t\t\t\t\tC3 sz\u00e1rny, f\u00f6ldszint, 118. \/ 125. ajt\u00f3\t\t\t\t\t<\/p>\n\t\t\t\t\n\t\t\t<\/div>\n\t\t\t\n\t\t<\/div>\n\t\t\t\t\t\t<\/div>\n\t\t\t\t<\/div>\n\t\t\t\t<div class=\"elementor-element elementor-element-216fc52 elementor-widget elementor-widget-icon-box\" data-id=\"216fc52\" data-element_type=\"widget\" data-e-type=\"widget\" data-widget_type=\"icon-box.default\">\n\t\t\t\t<div class=\"elementor-widget-container\">\n\t\t\t\t\t\t\t<div class=\"elementor-icon-box-wrapper\">\n\n\t\t\t\n\t\t\t\t\t\t<div class=\"elementor-icon-box-content\">\n\n\t\t\t\t\t\t\t\t\t<h3 class=\"elementor-icon-box-title\">\n\t\t\t\t\t\t<span  >\n\t\t\t\t\t\t\tTelefon\t\t\t\t\t\t<\/span>\n\t\t\t\t\t<\/h3>\n\t\t\t\t\n\t\t\t\t\t\t\t\t\t<p class=\"elementor-icon-box-description\">\n\t\t\t\t\t\t+40-265-215.551, int. 365\t\t\t\t\t<\/p>\n\t\t\t\t\n\t\t\t<\/div>\n\t\t\t\n\t\t<\/div>\n\t\t\t\t\t\t<\/div>\n\t\t\t\t<\/div>\n\t\t\t\t\t<\/div>\n\t\t<\/div>\n\t\t\t\t\t<\/div>\n\t\t<\/section>\n\t\t\t\t\t<\/div>\n\t\t<\/div>\n\t\t\t\t\t<\/div>\n\t\t<\/section>\n\t\t\t\t<\/div>","protected":false},"excerpt":{"rendered":"<p>Colectivul disciplinei \u0218ef disciplin\u0103Prof. univ. dr. Sipos Emese &#8211; CV MembriConf. univ. dr. Eleonora Mircia &#8211; CVConf. univ. dr. Szab\u00f3 Zolt\u00e1n &#8211; Istv\u00e1n &#8211; CV Laborant Lucica Gorea Direc\u021bii de cercetare Alinierea educa\u021biei farmaceutice la nevoile industriei: un studiu calitativ aprofundat din perspectiva angajatorilor Antioxidan\u0163i specifici utiliza\u0163i \u00een produsele cosmetice Caracterizarea enantiosepar\u0103rilor cromatografice Conservan\u0163i utiliza\u0163i [&hellip;]<\/p>\n","protected":false},"author":4,"featured_media":0,"parent":141,"menu_order":0,"comment_status":"closed","ping_status":"closed","template":"","meta":{"_relevanssi_hide_post":"","_relevanssi_hide_content":"","_relevanssi_pin_for_all":"","_relevanssi_pin_keywords":"","_relevanssi_unpin_keywords":"","_relevanssi_related_keywords":"","_relevanssi_related_include_ids":"","_relevanssi_related_exclude_ids":"","_relevanssi_related_no_append":"","_relevanssi_related_not_related":"","_relevanssi_related_posts":"1","_relevanssi_noindex_reason":"","footnotes":""},"categories":[13,31],"tags":[],"class_list":["post-179","page","type-page","status-publish","hentry","category-pagina-cu-sidebar","category-pagina-departamente-si-discipline"],"meta_box":[],"_links":{"self":[{"href":"https:\/\/umfst.ro\/facultatea-de-farmacie\/hu\/wp-json\/wp\/v2\/pages\/179","targetHints":{"allow":["GET"]}}],"collection":[{"href":"https:\/\/umfst.ro\/facultatea-de-farmacie\/hu\/wp-json\/wp\/v2\/pages"}],"about":[{"href":"https:\/\/umfst.ro\/facultatea-de-farmacie\/hu\/wp-json\/wp\/v2\/types\/page"}],"author":[{"embeddable":true,"href":"https:\/\/umfst.ro\/facultatea-de-farmacie\/hu\/wp-json\/wp\/v2\/users\/4"}],"replies":[{"embeddable":true,"href":"https:\/\/umfst.ro\/facultatea-de-farmacie\/hu\/wp-json\/wp\/v2\/comments?post=179"}],"version-history":[{"count":33,"href":"https:\/\/umfst.ro\/facultatea-de-farmacie\/hu\/wp-json\/wp\/v2\/pages\/179\/revisions"}],"predecessor-version":[{"id":3864,"href":"https:\/\/umfst.ro\/facultatea-de-farmacie\/hu\/wp-json\/wp\/v2\/pages\/179\/revisions\/3864"}],"up":[{"embeddable":true,"href":"https:\/\/umfst.ro\/facultatea-de-farmacie\/hu\/wp-json\/wp\/v2\/pages\/141"}],"wp:attachment":[{"href":"https:\/\/umfst.ro\/facultatea-de-farmacie\/hu\/wp-json\/wp\/v2\/media?parent=179"}],"wp:term":[{"taxonomy":"category","embeddable":true,"href":"https:\/\/umfst.ro\/facultatea-de-farmacie\/hu\/wp-json\/wp\/v2\/categories?post=179"},{"taxonomy":"post_tag","embeddable":true,"href":"https:\/\/umfst.ro\/facultatea-de-farmacie\/hu\/wp-json\/wp\/v2\/tags?post=179"}],"curies":[{"name":"wp","href":"https:\/\/api.w.org\/{rel}","templated":true}]}}