{"id":211,"date":"2022-11-25T19:04:52","date_gmt":"2022-11-25T19:04:52","guid":{"rendered":"https:\/\/dev.umfst.ro\/facultatea-de-farmacie\/?page_id=211"},"modified":"2024-01-15T17:38:10","modified_gmt":"2024-01-15T17:38:10","slug":"epzesi-kinalat","status":"publish","type":"page","link":"https:\/\/umfst.ro\/facultatea-de-farmacie\/hu\/oferta-educationala\/","title":{"rendered":"K\u00e9pz\u00e9si k\u00edn\u00e1lat"},"content":{"rendered":"<div data-elementor-type=\"wp-post\" data-elementor-id=\"211\" class=\"elementor elementor-211\" data-elementor-post-type=\"page\">\n\t\t\t\t\t\t<section class=\"elementor-section elementor-top-section elementor-element elementor-element-5fde121b elementor-section-boxed elementor-section-height-default elementor-section-height-default\" data-id=\"5fde121b\" data-element_type=\"section\" data-e-type=\"section\">\n\t\t\t\t\t\t<div class=\"elementor-container elementor-column-gap-default\">\n\t\t\t\t\t<div class=\"elementor-column elementor-col-100 elementor-top-column elementor-element elementor-element-14cabf14\" data-id=\"14cabf14\" data-element_type=\"column\" data-e-type=\"column\">\n\t\t\t<div class=\"elementor-widget-wrap elementor-element-populated\">\n\t\t\t\t\t\t<div class=\"elementor-element elementor-element-4879a066 elementor-widget elementor-widget-text-editor\" data-id=\"4879a066\" data-element_type=\"widget\" data-e-type=\"widget\" data-widget_type=\"text-editor.default\">\n\t\t\t\t<div class=\"elementor-widget-container\">\n\t\t\t\t\t\t\t\t\t<p><\/p>\n<p><\/p>\n<p><\/p>\n<p><\/p>\n<p><\/p>\n<p><\/p>\n<p><\/p>\n<h2 class=\"wp-block-heading\">K\u00c9PZ\u00c9SI K\u00cdN\u00c1LAT<\/h2>\n<p><\/p>\n<p><\/p>\n<figure class=\"wp-block-table\">\n<table>\n<tbody>\n<tr>\n<td>K\u00e9pz\u00e9si k\u00edn\u00e1lat \u2013 Gy\u00f3gyszer\u00e9szeti Kar<\/td>\n<\/tr>\n<tr>\n<td>K\u00e9pz\u00e9s besorol\u00e1sa<\/td>\n<td>Szakk\u00e9pz\u00e9si program<\/td>\n<td>A k\u00e9pz\u00e9s st\u00e1tusza<\/td>\n<td>K\u00e9pz\u00e9s tartama<\/td>\n<td>Kredit\u00e9rt\u00e9k<\/td>\n<td>Oktat\u00e1s nyelve<\/td>\n<\/tr>\n<tr>\n<td>Egyetemi k\u00e9pz\u00e9s<\/td>\n<td><strong>Gy\u00f3gyszer\u00e9szk\u00e9pz\u00e9s<\/strong><\/td>\n<td><strong>Akkredit\u00e1lt<\/strong><\/td>\n<td><strong>5 \u00e9v<\/strong><\/td>\n<td><strong>300<\/strong><\/td>\n<td><strong>Rom\u00e1n<br \/>Magyar<\/strong><\/td>\n<\/tr>\n<tr>\n<td>\u00a0<\/td>\n<td>Orvosi kozmetika, kozmetikai term\u00e9kek technol\u00f3gi\u00e1ja<\/td>\n<td>J\u00f3v\u00e1hagyott<\/td>\n<td>3 \u00e9v<\/td>\n<td>180<\/td>\n<td>Rom\u00e1n<\/td>\n<\/tr>\n<tr>\n<td>\u00a0<\/td>\n<td>Orvosi k\u00e9mia<\/td>\n<td>J\u00f3v\u00e1hagyott<\/td>\n<td>3 \u00e9v<\/td>\n<td>180<\/td>\n<td>Rom\u00e1n<\/td>\n<\/tr>\n<tr>\n<td>\u00a0<\/td>\n<td>Technol\u00f3giai k\u00e9mia<\/td>\n<td>J\u00f3v\u00e1hagyott<\/td>\n<td>3 \u00e9v<\/td>\n<td>180<\/td>\n<td>Rom\u00e1n<\/td>\n<\/tr>\n<tr>\n<td>Mesterk\u00e9pz\u00e9s<\/td>\n<td><strong>Orvosi biotechnol\u00f3gia<\/strong><\/td>\n<td><strong>Akkredit\u00e1lt<\/strong><\/td>\n<td><strong>1 \u00e9v<\/strong><\/td>\n<td><strong>60<\/strong><\/td>\n<td><strong>Magyar<\/strong><\/td>\n<\/tr>\n<tr>\n<td>\u00a0<\/td>\n<td>Gy\u00f3gyszer-, \u00e9lelmiszer- \u00e9s k\u00f6rnyezetmin\u0151s\u00e9g<\/td>\n<td>Akkredit\u00e1lt<\/td>\n<td>1 \u00e9v<\/td>\n<td>60<\/td>\n<td>Rom\u00e1n<\/td>\n<\/tr>\n<tr>\n<td>\u00a0<\/td>\n<td>Kozmetol\u00f3gia \u00e9s dermofarm\u00e1cia<\/td>\n<td>Akkredit\u00e1lt<\/td>\n<td>2 \u00e9v<\/td>\n<td>120<\/td>\n<td>Rom\u00e1n<\/td>\n<\/tr>\n<tr>\n<td>Doktori k\u00e9pz\u00e9s<\/td>\n<td>\u00a0<\/td>\n<td>Doktori k\u00e9pz\u00e9s a Gy\u00f3gyszer\u00e9szet \u00e9s Orvostudom\u00e1ny ter\u00fclet\u00e9n<\/td>\n<\/tr>\n<tr>\n<td>Egyetem ut\u00e1ni k\u00e9pz\u00e9s<\/td>\n<td>\u00a0<\/td>\n<td>Rezidens k\u00e9pz\u00e9s \u00e9s posztgradu\u00e1lis k\u00e9pz\u00e9s<\/td>\n<\/tr>\n<\/tbody>\n<\/table>\n<\/figure>\n<p><\/p>\n<p><\/p>\n<p><\/p>\n<p><\/p>\t\t\t\t\t\t\t\t<\/div>\n\t\t\t\t<\/div>\n\t\t\t\t\t<\/div>\n\t\t<\/div>\n\t\t\t\t\t<\/div>\n\t\t<\/section>\n\t\t\t\t<\/div>","protected":false},"excerpt":{"rendered":"","protected":false},"author":4,"featured_media":0,"parent":0,"menu_order":4,"comment_status":"closed","ping_status":"closed","template":"","meta":{"_relevanssi_hide_post":"","_relevanssi_hide_content":"","_relevanssi_pin_for_all":"","_relevanssi_pin_keywords":"","_relevanssi_unpin_keywords":"","_relevanssi_related_keywords":"","_relevanssi_related_include_ids":"","_relevanssi_related_exclude_ids":"","_relevanssi_related_no_append":"","_relevanssi_related_not_related":"","_relevanssi_related_posts":"1","_relevanssi_noindex_reason":"","footnotes":""},"categories":[13,32],"tags":[],"class_list":["post-211","page","type-page","status-publish","hentry","category-pagina-cu-sidebar","category-pagina-oferta-educationala"],"meta_box":[],"_links":{"self":[{"href":"https:\/\/umfst.ro\/facultatea-de-farmacie\/hu\/wp-json\/wp\/v2\/pages\/211","targetHints":{"allow":["GET"]}}],"collection":[{"href":"https:\/\/umfst.ro\/facultatea-de-farmacie\/hu\/wp-json\/wp\/v2\/pages"}],"about":[{"href":"https:\/\/umfst.ro\/facultatea-de-farmacie\/hu\/wp-json\/wp\/v2\/types\/page"}],"author":[{"embeddable":true,"href":"https:\/\/umfst.ro\/facultatea-de-farmacie\/hu\/wp-json\/wp\/v2\/users\/4"}],"replies":[{"embeddable":true,"href":"https:\/\/umfst.ro\/facultatea-de-farmacie\/hu\/wp-json\/wp\/v2\/comments?post=211"}],"version-history":[{"count":20,"href":"https:\/\/umfst.ro\/facultatea-de-farmacie\/hu\/wp-json\/wp\/v2\/pages\/211\/revisions"}],"predecessor-version":[{"id":2970,"href":"https:\/\/umfst.ro\/facultatea-de-farmacie\/hu\/wp-json\/wp\/v2\/pages\/211\/revisions\/2970"}],"wp:attachment":[{"href":"https:\/\/umfst.ro\/facultatea-de-farmacie\/hu\/wp-json\/wp\/v2\/media?parent=211"}],"wp:term":[{"taxonomy":"category","embeddable":true,"href":"https:\/\/umfst.ro\/facultatea-de-farmacie\/hu\/wp-json\/wp\/v2\/categories?post=211"},{"taxonomy":"post_tag","embeddable":true,"href":"https:\/\/umfst.ro\/facultatea-de-farmacie\/hu\/wp-json\/wp\/v2\/tags?post=211"}],"curies":[{"name":"wp","href":"https:\/\/api.w.org\/{rel}","templated":true}]}}