{"id":215,"date":"2022-11-25T19:08:35","date_gmt":"2022-11-25T19:08:35","guid":{"rendered":"https:\/\/dev.umfst.ro\/facultatea-de-farmacie\/?page_id=215"},"modified":"2025-10-28T10:46:52","modified_gmt":"2025-10-28T10:46:52","slug":"alapkepzes","status":"publish","type":"page","link":"https:\/\/umfst.ro\/facultatea-de-farmacie\/hu\/oferta-educationala\/studii-de-licenta\/","title":{"rendered":"Alapkepzes"},"content":{"rendered":"<div data-elementor-type=\"wp-post\" data-elementor-id=\"215\" class=\"elementor elementor-215\" data-elementor-post-type=\"page\">\n\t\t\t\t\t\t<section class=\"elementor-section elementor-top-section elementor-element elementor-element-d2fc8a0 elementor-section-boxed elementor-section-height-default elementor-section-height-default\" data-id=\"d2fc8a0\" data-element_type=\"section\" data-e-type=\"section\">\n\t\t\t\t\t\t<div class=\"elementor-container elementor-column-gap-default\">\n\t\t\t\t\t<div class=\"elementor-column elementor-col-100 elementor-top-column elementor-element elementor-element-b659616\" data-id=\"b659616\" data-element_type=\"column\" data-e-type=\"column\">\n\t\t\t<div class=\"elementor-widget-wrap elementor-element-populated\">\n\t\t\t\t\t\t<div class=\"elementor-element elementor-element-f245ca7 elementor-widget elementor-widget-heading\" data-id=\"f245ca7\" data-element_type=\"widget\" data-e-type=\"widget\" data-widget_type=\"heading.default\">\n\t\t\t\t<div class=\"elementor-widget-container\">\n\t\t\t\t\t<h2 class=\"elementor-heading-title elementor-size-default\">K\u00e9pz\u00e9si k\u00edn\u00e1lat<\/h2>\t\t\t\t<\/div>\n\t\t\t\t<\/div>\n\t\t\t\t\t<\/div>\n\t\t<\/div>\n\t\t\t\t\t<\/div>\n\t\t<\/section>\n\t\t\t\t<section class=\"elementor-section elementor-top-section elementor-element elementor-element-a4bb00a elementor-section-boxed elementor-section-height-default elementor-section-height-default\" data-id=\"a4bb00a\" data-element_type=\"section\" data-e-type=\"section\">\n\t\t\t\t\t\t<div class=\"elementor-container elementor-column-gap-default\">\n\t\t\t\t\t<div class=\"elementor-column elementor-col-100 elementor-top-column elementor-element elementor-element-5f55360\" data-id=\"5f55360\" data-element_type=\"column\" data-e-type=\"column\">\n\t\t\t<div class=\"elementor-widget-wrap elementor-element-populated\">\n\t\t\t\t\t\t<div class=\"elementor-element elementor-element-f5a0f61 elementor-widget elementor-widget-text-editor\" data-id=\"f5a0f61\" data-element_type=\"widget\" data-e-type=\"widget\" data-no-translation=\"\" data-widget_type=\"text-editor.default\">\n\t\t\t\t<div class=\"elementor-widget-container\">\n\t\t\t\t\t<style>.elementor-element-f5a0f61{display:none !important}<\/style>\t\t\t\t<\/div>\n\t\t\t\t<\/div>\n\t\t\t\t\t<\/div>\n\t\t<\/div>\n\t\t\t\t\t<\/div>\n\t\t<\/section>\n\t\t\t\t<section class=\"elementor-section elementor-top-section elementor-element elementor-element-52699f7a elementor-hidden-widescreen elementor-hidden-desktop elementor-hidden-tablet elementor-hidden-mobile elementor-section-boxed elementor-section-height-default elementor-section-height-default\" data-id=\"52699f7a\" data-element_type=\"section\" data-e-type=\"section\">\n\t\t\t\t\t\t<div class=\"elementor-container elementor-column-gap-default\">\n\t\t\t\t\t<div class=\"elementor-column elementor-col-100 elementor-top-column elementor-element elementor-element-638e40e7\" data-id=\"638e40e7\" data-element_type=\"column\" data-e-type=\"column\">\n\t\t\t<div class=\"elementor-widget-wrap elementor-element-populated\">\n\t\t\t\t\t\t<div class=\"elementor-element elementor-element-1087876e elementor-widget elementor-widget-text-editor\" data-id=\"1087876e\" data-element_type=\"widget\" data-e-type=\"widget\" data-widget_type=\"text-editor.default\">\n\t\t\t\t<div class=\"elementor-widget-container\">\n\t\t\t\t\t\t\t\t\t<p><\/p>\n<p><!-- \/wp:paragraph --><\/p>\n<p><!-- wp:paragraph --><\/p>\n<p><\/p>\n<p><!-- \/wp:paragraph --><\/p>\n<p><!-- wp:heading --><\/p>\n<h2>ALAPK\u00c9PZ\u00c9S<\/h2>\n<p><!-- \/wp:heading --><\/p>\n<p><!-- wp:paragraph --><\/p>\n<p>A kar k\u00fcldet\u00e9se, hogy szakembereket k\u00e9pezzen a gy\u00f3gyszer\u00e9szet \u00e9s a kapcsol\u00f3d\u00f3 tudom\u00e1nyok ter\u00fclet\u00e9n.<\/p>\n<p><!-- \/wp:paragraph --><\/p>\n<p><!-- wp:paragraph --><\/p>\n<p>A\u00a0<strong>gy\u00f3gyszer\u00e9sz<\/strong>\u00a0jelent\u0151s t\u00e1rsadalmi hat\u00e1ssal b\u00edr, mivel a gy\u00f3gyszer tervez\u00e9s\u00e9ben, tesztel\u00e9s\u00e9ben, gy\u00e1rt\u00e1s\u00e1ban, elemz\u00e9s\u00e9ben, ellen\u0151rz\u00e9s\u00e9ben \u00e9s forgalmaz\u00e1s\u00e1ban r\u00e9szt vev\u0151 szakember. Mindez magas szint\u0171 elm\u00e9leti \u00e9s gyakorlati k\u00e9pz\u00e9st ig\u00e9nyel, inter- \u00e9s transzdiszciplin\u00e1ris jelleg\u0171, mind a fizikai-k\u00e9miai, mind az orvos-biol\u00f3giai tudom\u00e1nyok ter\u00fclet\u00e9n. Az egyetemi k\u00e9pz\u00e9s eredm\u00e9nyek\u00e9nt a gy\u00f3gyszer\u00e9sz szaktud\u00e1sa tudom\u00e1nyos tekint\u00e9lyt biztos\u00edt a gy\u00f3gyszerelemz\u00e9s \u00e9s -technol\u00f3gia, a gy\u00f3gyszer\u00e9szet \u00e9s a klinikai gy\u00f3gyszer\u00e9szet, a toxikol\u00f3gia, valamint a t\u00e1rsadalmi ig\u00e9nyek (mint t\u00e1j\u00e9koztat\u00e1s, oktat\u00e1s \u00e9s megel\u0151z\u00e9s) kiel\u00e9g\u00edt\u00e9s\u00e9nek ter\u00fclet\u00e9n.<\/p>\n<p><!-- \/wp:paragraph --><\/p>\n<p><!-- wp:paragraph --><\/p>\n<p>A v\u00e9gzett hallgat\u00f3 az al\u00e1bbi vizsg\u00e1val igazolt kompetenci\u00e1kkal rendelkezik:<br \/>&#8211; Gy\u00f3gyszerek, \u00e9trend-kieg\u00e9sz\u00edt\u0151k, kozmetikumok \u00e9s egy\u00e9b eg\u00e9szs\u00e9g\u00fcgyi term\u00e9kek tervez\u00e9se, \u00f6ssze\u00e1ll\u00edt\u00e1sa, elk\u00e9sz\u00edt\u00e9se \u00e9s csomagol\u00e1sa;<br \/>&#8211; Gy\u00f3gyszerek, \u00e9trend-kieg\u00e9sz\u00edt\u0151k, kozmetikumok \u00e9s egy\u00e9b eg\u00e9szs\u00e9g\u00fcgyi term\u00e9kek t\u00e1rol\u00e1sa, tart\u00f3s\u00edt\u00e1sa, forgalmaz\u00e1sa;<br \/>&#8211; Gy\u00f3gyszerek, \u00e9trend-kieg\u00e9sz\u00edt\u0151k, kozmetikumok \u00e9s egy\u00e9b eg\u00e9szs\u00e9g\u00fcgyi term\u00e9kek forgalomba hozatala \u00e9s gy\u00f3gyszer\u00e9szeti ell\u00e1t\u00e1s;<br \/>&#8211; Alapanyagok, gy\u00f3gyszerek, \u00e9trend-kieg\u00e9sz\u00edt\u0151k, kozmetikumok \u00e9s egy\u00e9b eg\u00e9szs\u00e9g\u00fcgyi term\u00e9kek elemz\u00e9se, ellen\u0151rz\u00e9se, biok\u00e9miai, toxikol\u00f3giai, k\u00f6rnyezet- \u00e9s \u00e9lelmiszer-higi\u00e9niai laborat\u00f3riumi elemz\u00e9sek;<br \/>&#8211; Menedzsment, marketing \u00e9s adminisztr\u00e1ci\u00f3 az eg\u00e9szs\u00e9g\u00fcgy ter\u00fclet\u00e9n;<br \/>&#8211; Tan\u00e1csad\u00e1s \u00e9s szak\u00e9rtelem a gy\u00f3gyszerek, \u00e9trend-kieg\u00e9sz\u00edt\u0151k, kozmetikumok \u00e9s egy\u00e9b eg\u00e9szs\u00e9g\u00fcgyi term\u00e9kek ter\u00fclet\u00e9n.<\/p>\n<p><!-- \/wp:paragraph --><\/p>\n<p><!-- wp:paragraph --><\/p>\n<p>Az\u00a0<strong>orvosi kozmetika<\/strong>\u00a0a b\u0151r sz\u00e9ps\u00e9g\u00e9nek \u00e9s eg\u00e9szs\u00e9g\u00e9nek komplex megk\u00f6zel\u00edt\u00e9se, amely egyszerre \u00f6tv\u00f6zi az orvosi m\u00f3dszereket \u00e9s technik\u00e1kat, valamint a kozmetikai kezel\u00e9seket,\u00a0<strong>\u00e9s a kozmetikai term\u00e9kek technol\u00f3gi\u00e1ja<\/strong>\u00a0biztos\u00edtja a sz\u00fcks\u00e9ges tud\u00e1st a term\u00e9kek \u00f6sszet\u00e9tel\u00e9nek, el\u0151\u00e1ll\u00edt\u00e1s\u00e1nak \u00e9s hat\u00e1s\u00e1nak meg\u00e9rt\u00e9s\u00e9hez. A tanulm\u00e1nyi program c\u00e9lja, hogy szakembereket \u00e9s vezet\u0151ket k\u00e9pezzen a munkaer\u0151piac n\u00f6vekv\u0151 \u00e1gazat\u00e1ban, nevezetesen a kozmetikai \u00e1gazatban, a k\u00f6vetkez\u0151 kompetenci\u00e1kkal:<br \/>&#8211; szil\u00e1rd elm\u00e9leti \u00e9s gyakorlati ismeretek a kozmetika ter\u00fclet\u00e9n;<br \/>&#8211; a kozmetikai term\u00e9k k\u00e9mi\u00e1j\u00e1nak, technol\u00f3gi\u00e1j\u00e1nak \u00e9s elemz\u00e9s\u00e9nek ismerete;<br \/>&#8211; gyakorlati ismeretek, amelyek a test sz\u00e9ps\u00e9g\u00e9nek meg\u0151rz\u00e9s\u00e9t szolg\u00e1l\u00f3 egyszer\u0171 elj\u00e1r\u00e1sok elv\u00e9gz\u00e9s\u00e9hez sz\u00fcks\u00e9gesek.<\/p>\n<p><!-- \/wp:paragraph --><\/p>\n<p><!-- wp:paragraph --><\/p>\n<p>Az\u00a0<strong>Orvosi k\u00e9mia<\/strong>\u00a0a biol\u00f3giailag akt\u00edv vegy\u00fcletek molekul\u00e1ris szint\u0171 felfedez\u00e9s\u00e9re, fejleszt\u00e9s\u00e9re, azonos\u00edt\u00e1s\u00e1ra \u00e9s hat\u00e1sm\u00f3dj\u00e1nak \u00e9rtelmez\u00e9s\u00e9re \u00f6sszpontos\u00edt. \u00cdgy:<br \/>&#8211; A farmakol\u00f3giai aktivit\u00e1s szerkezet-k\u00e9miai kapcsolat\u00e1nak ismerete, a k\u00e9miai szint\u00e9zis fogalmai, illetve a sz\u00e1m\u00edt\u00e1si k\u00e9miai technik\u00e1k elsaj\u00e1t\u00edt\u00e1sa az orvosi k\u00e9mikust a gy\u00f3gyszer\u00e9sz\/orvos fontos partner\u00e9v\u00e9 teszi a gy\u00f3gyszer\u00e9szeti kutat\u00e1s \u00e9s innov\u00e1ci\u00f3 ter\u00e9n.<br \/>&#8211; A f\u0151bb analitikai m\u00f3dszerek elsaj\u00e1t\u00edt\u00e1s\u00e1val az orvosi k\u00e9mikus szakember ellen\u0151rizni \u00e9s meger\u0151s\u00edteni tudja a szintetiz\u00e1lt vegy\u00fcletek azonoss\u00e1g\u00e1t, valamint rendelkezik a sz\u00fcks\u00e9ges komplex biol\u00f3giai \u00e9s k\u00e9miai k\u00e9pzetts\u00e9ggel a gy\u00f3gyszer\u00e9szeti \u00e9s klinikai laborat\u00f3riumi vizsg\u00e1latok elv\u00e9gz\u00e9s\u00e9re.<br \/>&#8211; Az analitikai laborat\u00f3riumok menedzsmentje, marketingje \u00e9s adminisztr\u00e1ci\u00f3ja is kieg\u00e9sz\u00edti a tanulm\u00e1nyi programot v\u00e9gzett hallgat\u00f3k szerzett k\u00e9szs\u00e9geinek k\u00f6r\u00e9t.<\/p>\n<p><!-- \/wp:paragraph --><\/p>\n<p><!-- wp:paragraph --><\/p>\n<p>A\u00a0<strong>Technol\u00f3giai k\u00e9mia<\/strong>\u00a0mag\u00e1ban foglalja:<\/p>\n<p><!-- \/wp:paragraph --><\/p>\n<p><!-- wp:paragraph --><\/p>\n<p>&#8211; K\u00e9miai vegy\u00fcletek vagy term\u00e9kek el\u0151\u00e1ll\u00edt\u00e1s\u00e1nak technol\u00f3giai m\u00f3dszereinek tervez\u00e9s\u00e9t \u00e9s fejleszt\u00e9s\u00e9t;<br \/>&#8211; Technol\u00f3giai folyamatok ellen\u0151rz\u00e9s\u00e9t;<br \/>&#8211; A kvalitat\u00edv \u00e9s kvantitat\u00edv anal\u00edzishez sz\u00fcks\u00e9ges m\u00f3dszerek, elj\u00e1r\u00e1sok \u00e9s technik\u00e1k fejleszt\u00e9s\u00e9t, optimaliz\u00e1l\u00e1s\u00e1t \u00e9s valid\u00e1l\u00e1s\u00e1t;<br \/>&#8211; Tan\u00e1csad\u00e1st \u00e9s szak\u00e9rtelmet a k\u00fcl\u00f6nb\u00f6z\u0151 technol\u00f3giai folyamatok sor\u00e1n nyert term\u00e9kek ter\u00fclet\u00e9n;<br \/>&#8211; Termel\u0151egys\u00e9gek szervez\u00e9s\u00e9t, ir\u00e1ny\u00edt\u00e1s\u00e1t \u00e9s marketingj\u00e9t;<br \/>&#8211; A technol\u00f3giai folyamatokra vonatkoz\u00f3 jogszab\u00e1lyok \u00e9s k\u00f6rnyezet fogalmainak ismeret\u00e9t.<\/p>\n<p><!-- \/wp:paragraph --><\/p>\n<p><!-- wp:paragraph --><\/p>\n<p><\/p>\n<p><!-- \/wp:paragraph --><\/p>\t\t\t\t\t\t\t\t<\/div>\n\t\t\t\t<\/div>\n\t\t\t\t\t<\/div>\n\t\t<\/div>\n\t\t\t\t\t<\/div>\n\t\t<\/section>\n\t\t\t\t<\/div>","protected":false},"excerpt":{"rendered":"<p>Oferta educa\u021bional\u0103 *IF \u2013 \u00eenv\u0103\u021b\u0103m\u00e2nt cu frecven\u021b\u0103 \u00a0 Responsabili programe de studii universitare de licen\u021b\u0103 an universitar 2025-2026 PROGRAME DE STUDII UNIVERSITARE DE LICEN\u021a\u0102 Nr. crt. Programul de studii Responsabil 1. Farmacie LR, LM Prof. univ. dr. Daniela-Lucia MUNTEAN 2. Cosmetic\u0103 Medical\u0103 \u0219i Tehnologia Produsului Cosmetic \u0218ef lucr. dr. Cornelia-Titiana COTOI 3. Chimie Medical\u0103 Prof. [&hellip;]<\/p>\n","protected":false},"author":4,"featured_media":0,"parent":211,"menu_order":0,"comment_status":"closed","ping_status":"closed","template":"","meta":{"_relevanssi_hide_post":"","_relevanssi_hide_content":"","_relevanssi_pin_for_all":"","_relevanssi_pin_keywords":"","_relevanssi_unpin_keywords":"","_relevanssi_related_keywords":"","_relevanssi_related_include_ids":"","_relevanssi_related_exclude_ids":"","_relevanssi_related_no_append":"","_relevanssi_related_not_related":"","_relevanssi_related_posts":"1","_relevanssi_noindex_reason":"","footnotes":""},"categories":[13,32],"tags":[],"class_list":["post-215","page","type-page","status-publish","hentry","category-pagina-cu-sidebar","category-pagina-oferta-educationala"],"meta_box":[],"_links":{"self":[{"href":"https:\/\/umfst.ro\/facultatea-de-farmacie\/hu\/wp-json\/wp\/v2\/pages\/215","targetHints":{"allow":["GET"]}}],"collection":[{"href":"https:\/\/umfst.ro\/facultatea-de-farmacie\/hu\/wp-json\/wp\/v2\/pages"}],"about":[{"href":"https:\/\/umfst.ro\/facultatea-de-farmacie\/hu\/wp-json\/wp\/v2\/types\/page"}],"author":[{"embeddable":true,"href":"https:\/\/umfst.ro\/facultatea-de-farmacie\/hu\/wp-json\/wp\/v2\/users\/4"}],"replies":[{"embeddable":true,"href":"https:\/\/umfst.ro\/facultatea-de-farmacie\/hu\/wp-json\/wp\/v2\/comments?post=215"}],"version-history":[{"count":105,"href":"https:\/\/umfst.ro\/facultatea-de-farmacie\/hu\/wp-json\/wp\/v2\/pages\/215\/revisions"}],"predecessor-version":[{"id":3912,"href":"https:\/\/umfst.ro\/facultatea-de-farmacie\/hu\/wp-json\/wp\/v2\/pages\/215\/revisions\/3912"}],"up":[{"embeddable":true,"href":"https:\/\/umfst.ro\/facultatea-de-farmacie\/hu\/wp-json\/wp\/v2\/pages\/211"}],"wp:attachment":[{"href":"https:\/\/umfst.ro\/facultatea-de-farmacie\/hu\/wp-json\/wp\/v2\/media?parent=215"}],"wp:term":[{"taxonomy":"category","embeddable":true,"href":"https:\/\/umfst.ro\/facultatea-de-farmacie\/hu\/wp-json\/wp\/v2\/categories?post=215"},{"taxonomy":"post_tag","embeddable":true,"href":"https:\/\/umfst.ro\/facultatea-de-farmacie\/hu\/wp-json\/wp\/v2\/tags?post=215"}],"curies":[{"name":"wp","href":"https:\/\/api.w.org\/{rel}","templated":true}]}}