{"id":221,"date":"2022-11-25T19:13:49","date_gmt":"2022-11-25T19:13:49","guid":{"rendered":"https:\/\/dev.umfst.ro\/facultatea-de-farmacie\/?page_id=221"},"modified":"2025-10-28T10:48:36","modified_gmt":"2025-10-28T10:48:36","slug":"mesterkepzes","status":"publish","type":"page","link":"https:\/\/umfst.ro\/facultatea-de-farmacie\/hu\/oferta-educationala\/studii-de-masterat\/","title":{"rendered":"Mesterk\u00e9pz\u00e9s"},"content":{"rendered":"\t\t<div data-elementor-type=\"wp-post\" data-elementor-id=\"221\" class=\"elementor elementor-221\" data-elementor-post-type=\"page\">\n\t\t\t\t\t\t<section class=\"elementor-section elementor-top-section elementor-element elementor-element-54b85b6a elementor-section-boxed elementor-section-height-default elementor-section-height-default\" data-id=\"54b85b6a\" data-element_type=\"section\" data-e-type=\"section\">\n\t\t\t\t\t\t<div class=\"elementor-container elementor-column-gap-default\">\n\t\t\t\t\t<div class=\"elementor-column elementor-col-100 elementor-top-column elementor-element elementor-element-222072c8\" data-id=\"222072c8\" data-element_type=\"column\" data-e-type=\"column\">\n\t\t\t<div class=\"elementor-widget-wrap elementor-element-populated\">\n\t\t\t\t\t\t<div class=\"elementor-element elementor-element-13a18ddc elementor-widget elementor-widget-text-editor\" data-id=\"13a18ddc\" data-element_type=\"widget\" data-e-type=\"widget\" data-widget_type=\"text-editor.default\">\n\t\t\t\t<div class=\"elementor-widget-container\">\n\t\t\t\t\t\t\t\t\t<p><\/p>\n<p><\/p>\n<p><!-- \/wp:paragraph --><!-- wp:paragraph --><\/p>\n<p><\/p>\n<h2>Mesterk\u00e9pz\u00e9s<\/h2>\n<p>\n<div class=\"wpdt-c wdt-skin-light\">\n    \n    <input type=\"hidden\" id=\"wdtNonceFrontendServerSide_10\" name=\"wdtNonceFrontendServerSide_10\" value=\"7f53d05de5\" \/><input type=\"hidden\" name=\"_wp_http_referer\" value=\"\/facultatea-de-farmacie\/hu\/wp-json\/wp\/v2\/pages\/221\" \/>    <input type=\"hidden\" id=\"table_1_desc\"\n           value='{\"tableId\":\"table_1\",\"tableType\":\"manual\",\"selector\":\"#table_1\",\"responsive\":true,\"responsiveAction\":\"icon\",\"editable\":false,\"inlineEditing\":false,\"infoBlock\":false,\"pagination_top\":0,\"pagination\":0,\"paginationAlign\":\"right\",\"paginationLayout\":\"full_numbers\",\"paginationLayoutMobile\":\"simple\",\"file_location\":\"\",\"tableSkin\":\"light\",\"table_wcag\":0,\"simple_template_id\":0,\"scrollable\":false,\"fixedLayout\":true,\"globalSearch\":false,\"showRowsPerPage\":false,\"popoverTools\":false,\"loader\":1,\"showCartInformation\":0,\"hideBeforeLoad\":false,\"number_format\":1,\"decimalPlaces\":2,\"spinnerSrc\":\"https:\\\/\\\/umfst.ro\\\/facultatea-de-farmacie\\\/wp-content\\\/plugins\\\/wpdatatables\\\/assets\\\/\\\/img\\\/spinner.gif\",\"index_column\":0,\"groupingEnabled\":false,\"tableWpId\":10,\"dataTableParams\":{\"sDom\":\"BT\\u003C\\u0027clear\\u0027\\u003Et\",\"bSortCellsTop\":false,\"bFilter\":true,\"aLengthMenu\":[[1,5,10,25,50,100,-1],[1,5,10,25,50,100,\"All\"]],\"iDisplayLength\":10,\"columnDefs\":[{\"sType\":\"formatted-num\",\"wdtType\":\"int\",\"bVisible\":false,\"orderable\":true,\"searchable\":true,\"InputType\":\"none\",\"name\":\"wdt_ID\",\"origHeader\":\"wdt_ID\",\"notNull\":false,\"conditionalFormattingRules\":[],\"transformValueRules\":\"\",\"className\":\"numdata integer  column-wdt_id\",\"aTargets\":[0]},{\"sType\":\"string\",\"wdtType\":\"string\",\"bVisible\":true,\"orderable\":false,\"searchable\":false,\"InputType\":\"text\",\"name\":\"gyogyszereszet\",\"origHeader\":\"gyogyszereszet\",\"notNull\":false,\"conditionalFormattingRules\":[],\"transformValueRules\":\"\",\"className\":\" column-gyogyszereszet\",\"sWidth\":\"13%\",\"aTargets\":[1]},{\"sType\":\"string\",\"wdtType\":\"link\",\"bVisible\":true,\"orderable\":true,\"searchable\":true,\"InputType\":\"text\",\"name\":\"kepzesiprogrammegnevezese\",\"origHeader\":\"kepzesiprogrammegnevezese\",\"notNull\":false,\"conditionalFormattingRules\":[],\"transformValueRules\":\"\",\"className\":\" column-kepzesiprogrammegnevezese\",\"sWidth\":\"25%\",\"aTargets\":[2]},{\"sType\":\"string\",\"wdtType\":\"string\",\"bVisible\":true,\"orderable\":true,\"searchable\":true,\"InputType\":\"text\",\"name\":\"kepzesiido\",\"origHeader\":\"kepzesiido\",\"notNull\":false,\"conditionalFormattingRules\":[],\"transformValueRules\":\"\",\"className\":\" column-kepzesiido\",\"sWidth\":\"12%\",\"aTargets\":[3]},{\"sType\":\"string\",\"wdtType\":\"string\",\"bVisible\":false,\"orderable\":true,\"searchable\":true,\"InputType\":\"none\",\"name\":\"wdt_created_by\",\"origHeader\":\"wdt_created_by\",\"notNull\":false,\"conditionalFormattingRules\":[],\"transformValueRules\":\"\",\"className\":\" column-wdt_created_by\",\"aTargets\":[4]},{\"sType\":\"date-custom\",\"wdtType\":\"datetime\",\"bVisible\":false,\"orderable\":true,\"searchable\":true,\"InputType\":\"datetime\",\"name\":\"wdt_created_at\",\"origHeader\":\"wdt_created_at\",\"notNull\":false,\"conditionalFormattingRules\":[],\"transformValueRules\":\"\",\"className\":\" column-wdt_created_at\",\"aTargets\":[5]},{\"sType\":\"string\",\"wdtType\":\"string\",\"bVisible\":false,\"orderable\":true,\"searchable\":true,\"InputType\":\"none\",\"name\":\"wdt_last_edited_by\",\"origHeader\":\"wdt_last_edited_by\",\"notNull\":false,\"conditionalFormattingRules\":[],\"transformValueRules\":\"\",\"className\":\" column-wdt_last_edited_by\",\"aTargets\":[6]},{\"sType\":\"date-custom\",\"wdtType\":\"datetime\",\"bVisible\":false,\"orderable\":true,\"searchable\":true,\"InputType\":\"datetime\",\"name\":\"wdt_last_edited_at\",\"origHeader\":\"wdt_last_edited_at\",\"notNull\":false,\"conditionalFormattingRules\":[],\"transformValueRules\":\"\",\"className\":\" column-wdt_last_edited_at\",\"aTargets\":[7]},{\"sType\":\"string\",\"wdtType\":\"string\",\"bVisible\":true,\"orderable\":true,\"searchable\":true,\"InputType\":\"text\",\"name\":\"oktatasiforma\",\"origHeader\":\"oktatasiforma\",\"notNull\":false,\"conditionalFormattingRules\":[],\"transformValueRules\":\"\",\"className\":\" column-oktatasiforma\",\"sWidth\":\"12%\",\"aTargets\":[8]},{\"sType\":\"string\",\"wdtType\":\"string\",\"bVisible\":true,\"orderable\":true,\"searchable\":true,\"InputType\":\"text\",\"name\":\"ectskreditek\",\"origHeader\":\"ectskreditek\",\"notNull\":false,\"conditionalFormattingRules\":[],\"transformValueRules\":\"\",\"className\":\" column-ectskreditek\",\"sWidth\":\"10%\",\"aTargets\":[9]},{\"sType\":\"string\",\"wdtType\":\"string\",\"bVisible\":true,\"orderable\":true,\"searchable\":true,\"InputType\":\"text\",\"name\":\"aracisstatusz\",\"origHeader\":\"aracisstatusz\",\"notNull\":false,\"conditionalFormattingRules\":[],\"transformValueRules\":\"\",\"className\":\" column-aracisstatusz\",\"sWidth\":\"12%\",\"aTargets\":[10]},{\"sType\":\"string\",\"wdtType\":\"string\",\"bVisible\":true,\"orderable\":true,\"searchable\":true,\"InputType\":\"text\",\"name\":\"oktatasinyelv\",\"origHeader\":\"oktatasinyelv\",\"notNull\":false,\"conditionalFormattingRules\":[],\"transformValueRules\":\"\",\"className\":\" column-oktatasinyelv\",\"sWidth\":\"12%\",\"aTargets\":[11]}],\"bAutoWidth\":false,\"order\":[[0,\"asc\"]],\"ordering\":false,\"fixedHeader\":{\"header\":false,\"headerOffset\":0},\"fixedColumns\":false,\"oLanguage\":{\"sSearchPlaceholder\":\"\"},\"buttons\":[],\"bProcessing\":false,\"serverSide\":true,\"ajax\":{\"url\":\"https:\\\/\\\/umfst.ro\\\/facultatea-de-farmacie\\\/wp-admin\\\/admin-ajax.php?action=get_wdtable&#038;table_id=10\",\"type\":\"POST\"},\"oSearch\":{\"bSmart\":false,\"bRegex\":false,\"sSearch\":\"\"}},\"customRowDisplay\":\"\",\"tabletWidth\":\"1024\",\"mobileWidth\":\"480\",\"renderFilter\":\"footer\",\"advancedFilterEnabled\":false,\"serverSide\":true,\"autoRefreshInterval\":0,\"processing\":true,\"fnServerData\":true,\"columnsFixed\":0,\"sumFunctionsLabel\":false,\"avgFunctionsLabel\":false,\"minFunctionsLabel\":false,\"maxFunctionsLabel\":false,\"columnsDecimalPlaces\":{\"wdt_ID\":-1,\"gyogyszereszet\":-1,\"kepzesiprogrammegnevezese\":-1,\"kepzesiido\":-1,\"wdt_created_by\":-1,\"wdt_created_at\":-1,\"wdt_last_edited_by\":-1,\"wdt_last_edited_at\":-1,\"oktatasiforma\":-1,\"ectskreditek\":-1,\"aracisstatusz\":-1,\"oktatasinyelv\":-1},\"columnsThousandsSeparator\":{\"wdt_ID\":0},\"sumColumns\":[],\"avgColumns\":[],\"sumAvgColumns\":[],\"timeFormat\":\"h:i A\",\"datepickFormat\":\"dd\\\/mm\\\/yy\"}'\/>\n\n    <table id=\"table_1\"\n           class=\"  responsive display nowrap wdt-no-display data-t data-t wpDataTable wpDataTableID-10 \"\n           style=\"\"\n           data-described-by='table_1_desc'\n           data-wpdatatable_id=\"10\">\n        \n        <!-- Table header -->\n        \n<thead>\n<tr>\n                    <th\n                        class=\" wdtheader sort numdata integer \"\n        style=\"\">        wdt_ID<\/th>        <th\n        data-class=\"expand\"                class=\" wdtheader \"\n        style=\"\">        K\u00e9pz\u00e9si ter\u00fclet<\/th>        <th\n                        class=\" wdtheader sort \"\n        style=\"\">        K\u00e9pz\u00e9si program megnevez\u00e9se<\/th>        <th\n                        class=\" wdtheader sort \"\n        style=\"\">        K\u00e9pz\u00e9si id\u0151<\/th>        <th\n                        class=\" wdtheader sort \"\n        style=\"\">        wdt_created_by<\/th>        <th\n                        class=\" wdtheader sort \"\n        style=\"\">        wdt_created_at<\/th>        <th\n                        class=\" wdtheader sort \"\n        style=\"\">        wdt_last_edited_by<\/th>        <th\n                        class=\" wdtheader sort \"\n        style=\"\">        wdt_last_edited_at<\/th>        <th\n                        class=\" wdtheader sort \"\n        style=\"\">        Oktat\u00e1si forma<\/th>        <th\n                data-hide=\"phone\"        class=\"phone wdtheader sort \"\n        style=\"\">        ECTS-kreditek<\/th>        <th\n                data-hide=\"phone\"        class=\"phone wdtheader sort \"\n        style=\"\">        ARACIS st\u00e1tusz<\/th>        <th\n                data-hide=\"phone\"        class=\"phone wdtheader sort \"\n        style=\"\">        Oktat\u00e1si nyelv<\/th>    <\/tr>\n<\/thead>\n        <!-- \/Table header -->\n\n        <!-- Table body -->\n        \n<tbody>\n<!-- Table body -->\n<div data-id=\"10\"\n     class=\"wdt-timeline-item wdt-timeline-table_1\"\n     style=\"\">\n    <div class=\"wdt-table-loader\">\n        <div class=\"wdt-table-loader-row wdt-table-loader-header\">\n            <div class=\"wdt-table-loader-header-cell wdt-animated-background\"><\/div>\n            <div class=\"wdt-table-loader-header-cell wdt-animated-background\"><\/div>\n            <div class=\"wdt-table-loader-header-cell wdt-animated-background\"><\/div>\n        <\/div>\n                    <div class=\"wdt-table-loader-row\">\n                <div class=\"wdt-table-loader-cell wdt-animated-background\"><\/div>\n                <div class=\"wdt-table-loader-cell wdt-animated-background\"><\/div>\n                <div class=\"wdt-table-loader-cell wdt-animated-background\"><\/div>\n            <\/div>\n                    <div class=\"wdt-table-loader-row\">\n                <div class=\"wdt-table-loader-cell wdt-animated-background\"><\/div>\n                <div class=\"wdt-table-loader-cell wdt-animated-background\"><\/div>\n                <div class=\"wdt-table-loader-cell wdt-animated-background\"><\/div>\n            <\/div>\n                    <div class=\"wdt-table-loader-row\">\n                <div class=\"wdt-table-loader-cell wdt-animated-background\"><\/div>\n                <div class=\"wdt-table-loader-cell wdt-animated-background\"><\/div>\n                <div class=\"wdt-table-loader-cell wdt-animated-background\"><\/div>\n            <\/div>\n                    <div class=\"wdt-table-loader-row\">\n                <div class=\"wdt-table-loader-cell wdt-animated-background\"><\/div>\n                <div class=\"wdt-table-loader-cell wdt-animated-background\"><\/div>\n                <div class=\"wdt-table-loader-cell wdt-animated-background\"><\/div>\n            <\/div>\n                    <div class=\"wdt-table-loader-row\">\n                <div class=\"wdt-table-loader-cell wdt-animated-background\"><\/div>\n                <div class=\"wdt-table-loader-cell wdt-animated-background\"><\/div>\n                <div class=\"wdt-table-loader-cell wdt-animated-background\"><\/div>\n            <\/div>\n            <\/div>\n<\/div><!-- \/Table body -->\n                    <tr id=\"table_10_row_0\"\n            data-row-index=\"0\">\n                            <td style=\"\">1<\/td>\n                            <td style=\"\">Gy\u00f3gyszer\u00e9szet<\/td>\n                            <td style=\"\"><a data-content=\"Orvosi biotechnol\u00f3gia\" href=\"https:\/\/umfst.ro\/facultatea-de-farmacie\/hu\/epzesi-kinalat\/mesterkepzes\/orvosi-biotechnologia\/\" rel=\"\" target=\"_self\">Orvosi biotechnol\u00f3gia<\/a><\/td>\n                            <td style=\"\">1 \u00e9v<\/td>\n                            <td style=\"\">denisasimon<\/td>\n                            <td style=\"\">30\/05\/2025 08:41 AM<\/td>\n                            <td style=\"\">denisasimon<\/td>\n                            <td style=\"\">30\/05\/2025 08:41 AM<\/td>\n                            <td style=\"\">N (nappali k\u00e9pz\u00e9s)<\/td>\n                            <td style=\"\">60<\/td>\n                            <td style=\"\">Akkredit\u00e1lt<\/td>\n                            <td style=\"\">Magyar<\/td>\n                    <\/tr>\n                            <tr id=\"table_10_row_1\"\n            data-row-index=\"1\">\n                            <td style=\"\">2<\/td>\n                            <td style=\"\">Gy\u00f3gyszer\u00e9szet<\/td>\n                            <td style=\"\"><a data-content=\"Kozmetol\u00f3gia \u00e9s dermofarm\u00e1cia\" href=\"https:\/\/umfst.ro\/facultatea-de-farmacie\/hu\/epzesi-kinalat\/mesterkepzes\/kozmetologia-es-dermofarmacia\/\" rel=\"\" target=\"_self\">Kozmetol\u00f3gia \u00e9s dermofarm\u00e1cia<\/a><\/td>\n                            <td style=\"\">2 \u00e9v<\/td>\n                            <td style=\"\">denisasimon<\/td>\n                            <td style=\"\">30\/05\/2025 08:44 AM<\/td>\n                            <td style=\"\">denisasimon<\/td>\n                            <td style=\"\">30\/05\/2025 08:44 AM<\/td>\n                            <td style=\"\">N (nappali k\u00e9pz\u00e9s)<\/td>\n                            <td style=\"\">120<\/td>\n                            <td style=\"\">Akkredit\u00e1lt<\/td>\n                            <td style=\"\">Rom\u00e1n<\/td>\n                    <\/tr>\n                            <tr id=\"table_10_row_2\"\n            data-row-index=\"2\">\n                            <td style=\"\">3<\/td>\n                            <td style=\"\">Gy\u00f3gyszer\u00e9szet<\/td>\n                            <td style=\"\"><a data-content=\"Gy\u00f3gyszer-, \u00e9lelmiszer- \u00e9s k\u00f6rnyezetmin\u0151s\u00e9g\" href=\"https:\/\/umfst.ro\/facultatea-de-farmacie\/hu\/epzesi-kinalat\/mesterkepzes\/kepzesi-program-megnevezese-gyogyszer-elelmiszer-es-kornyezetminoseg\/\" rel=\"\" target=\"_self\">Gy\u00f3gyszer-, \u00e9lelmiszer- \u00e9s k\u00f6rnyezetmin\u0151s\u00e9g<\/a><\/td>\n                            <td style=\"\">1 \u00e9v<\/td>\n                            <td style=\"\">denisasimon<\/td>\n                            <td style=\"\">30\/05\/2025 08:47 AM<\/td>\n                            <td style=\"\">denisasimon<\/td>\n                            <td style=\"\">30\/05\/2025 08:47 AM<\/td>\n                            <td style=\"\">N (nappali k\u00e9pz\u00e9s)<\/td>\n                            <td style=\"\">160<\/td>\n                            <td style=\"\">Akkredit\u00e1lt<\/td>\n                            <td style=\"\">Rom\u00e1n<\/td>\n                    <\/tr>\n                            <tr id=\"table_10_row_3\"\n            data-row-index=\"3\">\n                            <td style=\"\">4<\/td>\n                            <td style=\"\">Gy\u00f3gyszer\u00e9szet<\/td>\n                            <td style=\"\"><a data-content=\"A gy\u00f3gyszer az alkalmaz\u00e1st\u00f3l a vissza\u00e9l\u00e9sig \u2013 Farmakovigilancia \u00e9s szab\u00e1lyoz\u00e1s\" href=\"https:\/\/umfst.ro\/facultatea-de-farmacie\/hu\/epzesi-kinalat\/mesterkepzes\/a-gyogyszer-az-alkalmazastol-a-visszaelesig-farmakovigilancia-es-szabalyozas\/\" rel=\"\" target=\"_self\">A gy\u00f3gyszer az alkalmaz\u00e1st\u00f3l a vissza\u00e9l\u00e9sig \u2013 Farmakovigilancia \u00e9s szab\u00e1lyoz\u00e1s<\/a><\/td>\n                            <td style=\"\">2 \u00e9v<\/td>\n                            <td style=\"\">denisasimon<\/td>\n                            <td style=\"\">30\/05\/2025 08:48 AM<\/td>\n                            <td style=\"\">denisasimon<\/td>\n                            <td style=\"\">30\/05\/2025 08:48 AM<\/td>\n                            <td style=\"\">Nappali k\u00e9pz\u00e9s<\/td>\n                            <td style=\"\">120<\/td>\n                            <td style=\"\">Akkredit\u00e1lt<\/td>\n                            <td style=\"\">Rom\u00e1n<\/td>\n                    <\/tr>\n            <\/tbody>        <!-- \/Table body -->\n\n        <!-- Table footer -->\n        \n        <!-- \/Table footer -->\n    <\/table>\n\n<\/div><style>\ntable.wpDataTable { table-layout: fixed !important; }\ntable.wpDataTable td, table.wpDataTable th { white-space: normal !important; }\ntable.wpDataTable td.numdata { text-align: right !important; }\n<\/style>\n<style>\n<\/style>\n<style>\n            \/* th background color *\/\n    .wpdt-c.wpDataTablesWrapper table.wpdtSimpleTable.bt[data-has-header='1'] td.wpdt-header-classes,\n    .wpdt-c.wpDataTablesWrapper table#wpdtSimpleTable-10 thead th,\n    .wpdt-c .wpDataTablesWrapper table.wpDataTable.wpDataTableID-10 > thead > tr > th,\n    .wpdt-c .wpDataTablesWrapper table.wpDataTable.wpDataTableID-10 thead th,\n    .wpdt-c .wpDataTablesWrapper table.wpDataTable.wpDataTableID-10 thead th.sorting {\n        background-color: #5A538A !important;\n        background-image: none !important;\n    }\n\n                \/* th font color *\/\n    .wpdt-c.wpDataTablesWrapper table.wpdtSimpleTable.bt[data-has-header='1'] td.wpdt-header-classes,\n    .wpdt-c.wpDataTablesWrapper table#wpdtSimpleTable-10 thead th,\n    .wpdt-c .wpDataTablesWrapper table.wpDataTable.wpDataTableID-10 thead th {\n        color: #FFFFFF !important;\n    }\n\n    .wpdt-c .wpDataTablesWrapper table.wpDataTable.wpDataTableID-10 thead th.sorting:after,\n    .wpdt-c .wpDataTablesWrapper table.wpDataTable.wpDataTableID-10 thead th.sorting_asc:after {\n        border-bottom-color: #FFFFFF !important;\n    }\n\n    .wpdt-c .wpDataTablesWrapper table.wpDataTable.wpDataTableID-10 thead th.sorting_desc:after {\n        border-top-color: #FFFFFF !important;\n    }\n\n                \n                                        \n                    \n<\/style>\n<\/p>\n<p><!-- \/wp:paragraph --><!-- wp:heading --><\/p>\n<h2>\u00a0<\/h2>\n<p><!-- \/wp:heading --><!-- wp:table --><\/p>\n<figure>\n<table>\n<tbody>\n<tr>\n<td><strong>Szakk\u00e9pz\u00e9si program<\/strong><\/td>\n<td><strong>K\u00e9pz\u00e9s tartama<\/strong><\/td>\n<td><strong>Kredit\u00e9rt\u00e9k<\/strong><\/td>\n<td><strong>Oktat\u00e1s nyelve<\/strong><\/td>\n<td><strong>Kiknek aj\u00e1nlott<\/strong><\/td>\n<\/tr>\n<tr>\n<td>Orvosi biotechnol\u00f3gia<\/td>\n<td>1 \u00e9v<\/td>\n<td>60<\/td>\n<td>Magyar<\/td>\n<td>\u00b7 A gy\u00f3gyszeriparban \u00e9s klinik\u00e1kon gyakorl\u00f3 gy\u00f3gyszer\u00e9szeknek, szakorvosoknak, biol\u00f3gusoknak \u00e9s vegy\u00e9szeknek.<br \/>Megjegyz\u00e9s: a jelentkez\u0151knek magyar nyelvtud\u00e1ssal kell rendelkezni\u00fck.<\/td>\n<\/tr>\n<tr>\n<td>Gy\u00f3gyszer-, \u00e9lelmiszer- \u00e9s k\u00f6rnyezetmin\u0151s\u00e9g<\/td>\n<td>1 \u00e9v<\/td>\n<td>60<\/td>\n<td>Rom\u00e1n<\/td>\n<td>\u00b7 Laborat\u00f3riumvezet\u0151knek a gy\u00f3gyszer-, \u00e9lelmiszer- \u00e9s k\u00f6rnyezetv\u00e9delmi ellen\u0151rz\u00e9si ipar\u00e1gakban; Min\u0151s\u00e9gbiztos\u00edt\u00e1s\u00e9rt felel\u0151s szakembereknek a gy\u00f3gyszer-, \u00e9lelmiszer- \u00e9s k\u00f6rnyezetv\u00e9delmi \u00e1gazatokban; Kutat\u00e1s-fejleszt\u00e9s\u00e9rt felel\u0151s szem\u00e9lyeknek az orvostudom\u00e1ny, az \u00e9lelmiszeripar \u00e9s a k\u00f6rnyezetv\u00e9delem ter\u00fclet\u00e9n; Min\u0151s\u00e9g\u00fcgyi auditoroknak.<\/td>\n<\/tr>\n<tr>\n<td>Kozmetol\u00f3gia \u00e9s dermofarm\u00e1cia<\/td>\n<td>2 \u00e9v<\/td>\n<td>120<\/td>\n<td>Rom\u00e1n<\/td>\n<td>\u00b7 Gy\u00f3gyszer\u00e9szeti \u00e9s eg\u00e9szs\u00e9g\u00fcgyi szakemberek: gy\u00f3gyszer\u00e9szek, orvosok, b\u0151rgy\u00f3gy\u00e1szok \u00e9s kozmetikusok, gy\u00f3gyszert\u00e1ri asszisztensek, szakk\u00e9pzett \u00e1pol\u00f3n\u0151k, szakk\u00e9pzett kozmetikai v\u00e9gzetts\u00e9g\u0171ek, enged\u00e9llyel rendelkez\u0151k vagy egy\u00e9b enged\u00e9lyezett tanulm\u00e1nyokat v\u00e9gzettek, akik a kozmetol\u00f3gia vagy kapcsol\u00f3d\u00f3 ter\u00fcleteken dolgoznak;\u00b7 Gy\u00f3gyszer\u00e9szek, orvosok, biol\u00f3gusok, biok\u00e9mikusok, fizikusok, vegy\u00e9szek, vegy\u00e9szm\u00e9rn\u00f6k\u00f6k kutat\u00f3-fejleszt\u0151 laborat\u00f3riumokban, kozmetikai \u00e9s gy\u00f3gyszeripari gy\u00e1rt\u00f3- \u00e9s ellen\u0151rz\u0151 laborat\u00f3riumokban vagy kozmetikai alapanyag-gy\u00e1rt\u00f3k fejleszt\u0151laborat\u00f3riumaiban;\u00b7 A kozmetikumokat fejleszt\u0151 \u00e9s forgalmaz\u00f3 c\u00e9gek szakemberei, akiknek \u00e9rt\u00e9kelni\u00fck kell azok biztons\u00e1g\u00e1t;\u00b7 B\u00e1rmilyen m\u00e1s t\u00edpus\u00fa v\u00e1llalat szakemberei, amelyek a kapcsol\u00f3d\u00f3 ter\u00fcleteken vesznek r\u00e9szt, mint p\u00e9ld\u00e1ul: mos\u00f3szerek, biocidok, parafarmakonok stb.<\/td>\n<\/tr>\n<\/tbody>\n<\/table>\n<\/figure>\n<p><!-- \/wp:table --><!-- wp:paragraph --><\/p>\n<p>A mesterk\u00e9pz\u00e9s megszervez\u00e9s\u00e9vel \u00e9s a Gy\u00f3gyszer\u00e9sz szak mesterk\u00e9pz\u00e9seivel kapcsolatos egy\u00e9b r\u00e9szletekkel kapcsolatban keresse fel a Mesterk\u00e9pz\u00e9s oldalt<\/p>\n<p><!-- \/wp:paragraph --><!-- wp:paragraph --><\/p>\n<p><\/p>\n<p><!-- \/wp:paragraph --><\/p>\t\t\t\t\t\t\t\t<\/div>\n\t\t\t\t<\/div>\n\t\t\t\t\t<\/div>\n\t\t<\/div>\n\t\t\t\t\t<\/div>\n\t\t<\/section>\n\t\t\t\t<\/div>\n\t\t","protected":false},"excerpt":{"rendered":"","protected":false},"author":4,"featured_media":0,"parent":211,"menu_order":0,"comment_status":"closed","ping_status":"closed","template":"","meta":{"_relevanssi_hide_post":"","_relevanssi_hide_content":"","_relevanssi_pin_for_all":"","_relevanssi_pin_keywords":"","_relevanssi_unpin_keywords":"","_relevanssi_related_keywords":"","_relevanssi_related_include_ids":"","_relevanssi_related_exclude_ids":"","_relevanssi_related_no_append":"","_relevanssi_related_not_related":"","_relevanssi_related_posts":"1","_relevanssi_noindex_reason":"","footnotes":""},"categories":[13,32],"tags":[],"class_list":["post-221","page","type-page","status-publish","hentry","category-pagina-cu-sidebar","category-pagina-oferta-educationala"],"meta_box":[],"_links":{"self":[{"href":"https:\/\/umfst.ro\/facultatea-de-farmacie\/hu\/wp-json\/wp\/v2\/pages\/221","targetHints":{"allow":["GET"]}}],"collection":[{"href":"https:\/\/umfst.ro\/facultatea-de-farmacie\/hu\/wp-json\/wp\/v2\/pages"}],"about":[{"href":"https:\/\/umfst.ro\/facultatea-de-farmacie\/hu\/wp-json\/wp\/v2\/types\/page"}],"author":[{"embeddable":true,"href":"https:\/\/umfst.ro\/facultatea-de-farmacie\/hu\/wp-json\/wp\/v2\/users\/4"}],"replies":[{"embeddable":true,"href":"https:\/\/umfst.ro\/facultatea-de-farmacie\/hu\/wp-json\/wp\/v2\/comments?post=221"}],"version-history":[{"count":93,"href":"https:\/\/umfst.ro\/facultatea-de-farmacie\/hu\/wp-json\/wp\/v2\/pages\/221\/revisions"}],"predecessor-version":[{"id":3918,"href":"https:\/\/umfst.ro\/facultatea-de-farmacie\/hu\/wp-json\/wp\/v2\/pages\/221\/revisions\/3918"}],"up":[{"embeddable":true,"href":"https:\/\/umfst.ro\/facultatea-de-farmacie\/hu\/wp-json\/wp\/v2\/pages\/211"}],"wp:attachment":[{"href":"https:\/\/umfst.ro\/facultatea-de-farmacie\/hu\/wp-json\/wp\/v2\/media?parent=221"}],"wp:term":[{"taxonomy":"category","embeddable":true,"href":"https:\/\/umfst.ro\/facultatea-de-farmacie\/hu\/wp-json\/wp\/v2\/categories?post=221"},{"taxonomy":"post_tag","embeddable":true,"href":"https:\/\/umfst.ro\/facultatea-de-farmacie\/hu\/wp-json\/wp\/v2\/tags?post=221"}],"curies":[{"name":"wp","href":"https:\/\/api.w.org\/{rel}","templated":true}]}}