{"id":253,"date":"2022-11-25T19:46:15","date_gmt":"2022-11-25T19:46:15","guid":{"rendered":"https:\/\/dev.umfst.ro\/facultatea-de-farmacie\/?page_id=253"},"modified":"2025-04-29T07:26:36","modified_gmt":"2025-04-29T07:26:36","slug":"szakmai-gyakorlat","status":"publish","type":"page","link":"https:\/\/umfst.ro\/facultatea-de-farmacie\/hu\/informatii-studenti\/informatii-specifice-facultatii\/practica-de-specialitate\/practica-de-specialitate\/","title":{"rendered":"Szakmai gyakorlat"},"content":{"rendered":"<div data-elementor-type=\"wp-page\" data-elementor-id=\"253\" class=\"elementor elementor-253\" data-elementor-post-type=\"page\">\n\t\t\t\t\t\t<section class=\"elementor-section elementor-top-section elementor-element elementor-element-5888d68 elementor-section-boxed elementor-section-height-default elementor-section-height-default\" data-id=\"5888d68\" data-element_type=\"section\" data-e-type=\"section\">\n\t\t\t\t\t\t<div class=\"elementor-container elementor-column-gap-default\">\n\t\t\t\t\t<div class=\"elementor-column elementor-col-100 elementor-top-column elementor-element elementor-element-a96a6a7\" data-id=\"a96a6a7\" data-element_type=\"column\" data-e-type=\"column\">\n\t\t\t<div class=\"elementor-widget-wrap elementor-element-populated\">\n\t\t\t\t\t\t<div class=\"elementor-element elementor-element-8025c7f elementor-widget elementor-widget-text-editor\" data-id=\"8025c7f\" data-element_type=\"widget\" data-e-type=\"widget\" data-widget_type=\"text-editor.default\">\n\t\t\t\t<div class=\"elementor-widget-container\">\n\t\t\t\t\t\t\t\t\t<h2>Gy\u00f3gyszer\u00e9szet<\/h2>\t\t\t\t\t\t\t\t<\/div>\n\t\t\t\t<\/div>\n\t\t\t\t<div data-dce-background-color=\"#2359B317\" class=\"elementor-element elementor-element-9f83914 elementor-widget__width-auto elementor-widget elementor-widget-button\" data-id=\"9f83914\" data-element_type=\"widget\" data-e-type=\"widget\" data-widget_type=\"button.default\">\n\t\t\t\t<div class=\"elementor-widget-container\">\n\t\t\t\t\t\t\t\t\t<div class=\"elementor-button-wrapper\">\n\t\t\t\t\t<a class=\"elementor-button elementor-button-link elementor-size-sm\" href=\"https:\/\/www.umfst.ro\/fileadmin\/documente_oficiale\/regulamente\/UMFST-REG-72.pdf\" target=\"_blank\">\n\t\t\t\t\t\t<span class=\"elementor-button-content-wrapper\">\n\t\t\t\t\t\t<span class=\"elementor-button-icon\">\n\t\t\t\t<i aria-hidden=\"true\" class=\"fas fa-file-download\"><\/i>\t\t\t<\/span>\n\t\t\t\t\t\t\t\t\t<span class=\"elementor-button-text\">Szab\u00e1lyzat<\/span>\n\t\t\t\t\t<\/span>\n\t\t\t\t\t<\/a>\n\t\t\t\t<\/div>\n\t\t\t\t\t\t\t\t<\/div>\n\t\t\t\t<\/div>\n\t\t\t\t\t<\/div>\n\t\t<\/div>\n\t\t\t\t\t<\/div>\n\t\t<\/section>\n\t\t\t\t<section class=\"elementor-section elementor-top-section elementor-element elementor-element-66c16f9f elementor-section-boxed elementor-section-height-default elementor-section-height-default\" data-id=\"66c16f9f\" data-element_type=\"section\" data-e-type=\"section\">\n\t\t\t\t\t\t<div class=\"elementor-container elementor-column-gap-default\">\n\t\t\t\t\t<div class=\"elementor-column elementor-col-100 elementor-top-column elementor-element elementor-element-72cb27f5\" data-id=\"72cb27f5\" data-element_type=\"column\" data-e-type=\"column\">\n\t\t\t<div class=\"elementor-widget-wrap elementor-element-populated\">\n\t\t\t\t\t\t<div class=\"elementor-element elementor-element-31461ea6 elementor-widget elementor-widget-text-editor\" data-id=\"31461ea6\" data-element_type=\"widget\" data-e-type=\"widget\" data-widget_type=\"text-editor.default\">\n\t\t\t\t<div class=\"elementor-widget-container\">\n\t\t\t\t\t\t\t\t\t<p><a href=\"https:\/\/www.umfst.ro\/fileadmin\/f_farmacie\/info_stud\/2022\/Model_cerere_practica_de_specialitate.docx\">K\u00e9rv\u00e9ny (modell)<\/a><\/p>\n<p class=\" translation-block\"><strong>C\u00e9lkit\u0171z\u00e9sek<\/strong><Br>\nElm\u00e9leti ismeretek megszil\u00e1rd\u00edt\u00e1sa \u00e9s gyakorlati k\u00e9szs\u00e9gek fejleszt\u00e9se mindenben, ami a gy\u00f3gyszert\u00e1rakban \u00e9s kozmetikai rendel\u0151kben v\u00e9gzett munk\u00e1val j\u00e1r.\nK\u00f6telez\u0151 tant\u00e1rgy, amelynek id\u0151tartam\u00e1t a tanterv szab\u00e1lyozza.<\/p>\n<p><strong>Szab\u00e1lyzat<\/strong><\/p>\n<p>A Gy\u00f3gyszer\u00e9szeti Karra vonatkoz\u00f3 szakgyakorlati szab\u00e1lyzatot kieg\u00e9sz\u00edt\u0151 pontos\u00edt\u00e1sok\u00a0\u00a0\u00a0<a href=\"https:\/\/www.umfst.ro\/fileadmin\/f_farmacie\/practica\/Precizari_Practica_de_specialitate.pdf\">Link<\/a><\/p>\n<p><strong>Koordon\u00e1tor <\/strong><strong><br \/><\/strong>Conf. univ. dr. Eleonora Mircia<br \/>Ipari gy\u00f3gyszer\u00e9szet \u00e9s gy\u00f3gyszer\u00e9szeti management<br \/>Tel. +40-265-215.551 int. 365<br \/><a href=\"linkTo_UnCryptMailto(%27nbjmup%2Bfmfpopsb%5C%2FnjsdjbAvngtu%5C%2Fsp%27);\">eleonora.mircia@umfst.ro<\/a><\/p>\n<p><!-- \/wp:paragraph --><!-- wp:heading --><\/p>\n<p><!-- \/wp:heading --><!-- wp:paragraph --><\/p>\n<h2>\u00a0<\/h2>\n<p><a href=\"https:\/\/www.umfst.ro\/fileadmin\/f_farmacie\/info_stud\/2022\/PA-FAR\/PA_FAR_I.pdf\">Tantanterv \u2013 szakgyakorlat \u2013 Gy\u00f3gyszer\u00e9szet \u2013 1. \u00e9vfolyam<\/a><\/p>\n<p><!-- \/wp:paragraph --><!-- wp:paragraph --><\/p>\n<p><a href=\"https:\/\/www.umfst.ro\/fileadmin\/f_farmacie\/info_stud\/2022\/PA-FAR\/PA_FAR_II.pdf\">Tantanterv \u2013 szakgyakorlat \u2013 Gy\u00f3gyszer\u00e9szet \u2013 2. \u00e9vfolyam<\/a><\/p>\n<p><!-- \/wp:paragraph --><!-- wp:paragraph --><\/p>\n<p><a href=\"https:\/\/www.umfst.ro\/fileadmin\/f_farmacie\/info_stud\/2022\/PA-FAR\/PA_FAR_III.pdf\">Tantanterv \u2013 szakgyakorlat \u2013 Gy\u00f3gyszer\u00e9szet \u2013 3. \u00e9vfolyam<\/a><\/p>\n<p><!-- \/wp:paragraph --><!-- wp:paragraph --><\/p>\n<p><a href=\"https:\/\/www.umfst.ro\/fileadmin\/f_farmacie\/info_stud\/2022\/PA-FAR\/PA_FAR_IV_Farmacii_comunitare.pdf\">Tantanterv \u2013 szakgyakorlat \u2013 Gy\u00f3gyszer\u00e9szet \u2013 4. \u00c9vfolyam \u2013 K\u00f6zforgalm\u00fa gy\u00f3gyszert\u00e1r<\/a><\/p>\n<p><!-- \/wp:paragraph --><!-- wp:paragraph --><\/p>\n<p><a href=\"https:\/\/www.umfst.ro\/fileadmin\/f_farmacie\/info_stud\/2022\/PA-FAR\/PA_FAR_IV_Industrie.pdf\">Tantanterv \u2013 szakgyakorlat \u2013 Gy\u00f3gyszer\u00e9szet \u2013 4. \u00c9vfolyam \u2013 Gy\u00f3gyszeripar<\/a><\/p>\n<p><!-- \/wp:paragraph --><!-- wp:heading --><\/p>\n<h2>\u00a0<\/h2>\n<p><!-- \/wp:heading --><!-- wp:paragraph --><\/p>\n<p><a href=\"https:\/\/www.umfst.ro\/fileadmin\/f_farmacie\/info_stud\/2022\/FE-FAR\/FE_FAR_I.doc\">\u00c9rt\u00e9kel\u0151lapok \u2013 szakgyakorlat \u2013 Gy\u00f3gyszer\u00e9szet \u2013 1. \u00e9vfolyam<\/a><\/p>\n<p><!-- \/wp:paragraph --><!-- wp:paragraph --><\/p>\n<p><a href=\"https:\/\/www.umfst.ro\/fileadmin\/f_farmacie\/info_stud\/2022\/FE-FAR\/FE_FAR_II.doc\">\u00c9rt\u00e9kel\u0151lapok \u2013 szakgyakorlat \u2013 Gy\u00f3gyszer\u00e9szet \u2013 2. \u00e9vfolyam<\/a><\/p>\n<p><!-- \/wp:paragraph --><!-- wp:paragraph --><\/p>\n<p><a href=\"https:\/\/www.umfst.ro\/fileadmin\/f_farmacie\/info_stud\/2022\/FE-FAR\/FE_FAR_III.doc\">\u00c9rt\u00e9kel\u0151lapok \u2013 szakgyakorlat \u2013 Gy\u00f3gyszer\u00e9szet \u2013 3. \u00e9vfolyam<\/a><\/p>\n<p><!-- \/wp:paragraph --><!-- wp:paragraph --><\/p>\n<p><a href=\"https:\/\/www.umfst.ro\/fileadmin\/f_farmacie\/info_stud\/2022\/FE-FAR\/FE_FAR_IV_Farmacii_comunitare.doc\">\u00c9rt\u00e9kel\u0151lapok \u2013 szakgyakorlat \u2013 Gy\u00f3gyszer\u00e9szet \u2013 4. \u00e9vfolyam \u2013 K\u00f6zforgalm\u00fa gy\u00f3gyszert\u00e1r<\/a><\/p>\n<p><!-- \/wp:paragraph --><!-- wp:paragraph --><\/p>\n<p><a href=\"https:\/\/www.umfst.ro\/fileadmin\/f_farmacie\/info_stud\/2022\/FE-FAR\/FE_FAR_IV_Industrie.doc\">\u00c9rt\u00e9kel\u0151lapok \u2013 szakgyakorlat \u2013 Gy\u00f3gyszer\u00e9szet \u2013 4. \u00e9vfolyam \u2013 Gy\u00f3gyszeripar<\/a><\/p>\n<p><!-- \/wp:paragraph --><!-- wp:heading --><\/p>\n<h2>\u00a0<\/h2>\n<p><!-- \/wp:heading --><!-- wp:paragraph --><\/p>\n<p><a href=\"https:\/\/www.umfst.ro\/fileadmin\/f_farmacie\/info_stud\/2022\/PA-CMT\/PA_CMT_I.pdf\">Tantanterv \u2013 szakgyakorlat \u2013 Orvosi kozmetika, kozmetikai term\u00e9kek technol\u00f3gi\u00e1ja \u2013 1. \u00e9vfolyam<\/a><\/p>\n<p><!-- \/wp:paragraph --><!-- wp:paragraph --><\/p>\n<p><a href=\"https:\/\/www.umfst.ro\/fileadmin\/f_farmacie\/info_stud\/2022\/PA-CMT\/PA_CMT_II.pdf\">Tantanterv \u2013 szakgyakorlat \u2013 Orvosi kozmetika, kozmetikai term\u00e9kek technol\u00f3gi\u00e1ja \u2013 2. \u00e9vfolyam<\/a><\/p>\n<p><!-- \/wp:paragraph --><!-- wp:heading --><\/p>\n<h2>\u00a0<\/h2>\n<p><!-- \/wp:heading --><!-- wp:paragraph --><\/p>\n<p><a href=\"https:\/\/www.umfst.ro\/fileadmin\/f_farmacie\/info_stud\/2022\/FE-CMT\/FE_CMT_I.doc\">\u00c9rt\u00e9kel\u0151lapok \u2013 szakgyakorlat \u2013 Orvosi kozmetika, kozmetikai term\u00e9kek technol\u00f3gi\u00e1ja \u2013 1. \u00e9vfolyam<\/a><\/p>\n<p><!-- \/wp:paragraph --><!-- wp:paragraph --><\/p>\n<p><a href=\"https:\/\/www.umfst.ro\/fileadmin\/f_farmacie\/info_stud\/2022\/FE-CMT\/FE_CMT_II.doc\">\u00c9rt\u00e9kel\u0151lapok \u2013 szakgyakorlat \u2013 Orvosi kozmetika, kozmetikai term\u00e9kek technol\u00f3gi\u00e1ja \u2013 2. \u00e9vfolyam<\/a><\/p>\n<h2>\u00a0<\/h2>\n<p><a href=\"https:\/\/umfst.ro\/fileadmin\/f_farmacie\/info_stud\/2022-2023\/PA_CHM_II.doc.pdf\">Tantanterv \u2013 szakgyakorlat \u2013 Orvosi k\u00e9mia \u2013 2. \u00e9vfolyam<\/a><\/p>\n<p><!-- \/wp:paragraph --><!-- wp:heading --><\/p>\n<p><!-- \/wp:heading --><!-- wp:paragraph --><\/p>\n<p><a href=\"https:\/\/www.umfst.ro\/fileadmin\/f_farmacie\/info_stud\/2022-2023\/FE_CHM_II.doc\" target=\"_blank\" rel=\"noreferrer noopener\">\u00c9rt\u00e9kel\u0151lapok \u2013 szakgyakorlat \u2013 Orvosi k\u00e9mia \u2013 2. \u00e9vfolyam<\/a><\/p>\n<h2>\u00a0<\/h2>\n<p><a href=\"https:\/\/umfst.ro\/fileadmin\/f_farmacie\/practica\/PA_AFB_I.pdf\">Tantanterv \u2013 szakgyakorlat \u2013 Gy\u00f3gyszer\u00e9szi asszisztens \u2013 1. \u00e9vfolyam<\/a><\/p>\n<p><a href=\"https:\/\/umfst.ro\/fileadmin\/f_farmacie\/practica\/FE_AFB_I.doc\">\u00c9rt\u00e9kel\u0151lapo \u2013 szakgyakorlat \u2013 Gy\u00f3gyszer\u00e9szi asszisztens \u2013 1. \u00e9vfolyam<\/a><\/p>\n<p><a href=\"https:\/\/umfst.ro\/fileadmin\/f_farmacie\/practica\/PA_AFB_II.pdf\">Tantanterv \u2013 szakgyakorlat \u2013 Gy\u00f3gyszer\u00e9szi asszisztens \u2013 2. \u00e9vfolyam<\/a><\/p>\n<p><a href=\"https:\/\/umfst.ro\/fileadmin\/f_farmacie\/practica\/FE_AFB_II.doc\">\u00c9rt\u00e9kel\u0151lapo \u2013 szakgyakorlat \u2013 Gy\u00f3gyszer\u00e9szi asszisztens \u2013 2. \u00e9vfolyam<\/a><\/p>\n<h2>\u00a0<\/h2>\n<p><a href=\"https:\/\/umfst.ro\/fileadmin\/f_farmacie\/practica\/PA_NUT_I.pdf\">Tantanterv \u2013 szakgyakorlat \u2013 T\u00e1pl\u00e1lkoz\u00e1stan \u00e9s dietetika \u2013 1. \u00e9vfolyam<\/a><\/p>\n<p><a href=\"https:\/\/umfst.ro\/fileadmin\/f_farmacie\/practica\/FE_NUT_I.doc\">\u00c9rt\u00e9kel\u0151lapok \u2013 szakgyakorlat \u2013 T\u00e1pl\u00e1lkoz\u00e1stan \u00e9s dietetika \u2013 1. \u00e9vfolyam<\/a><\/p>\n<p><a href=\"https:\/\/umfst.ro\/fileadmin\/f_farmacie\/practica\/PA_NUT_II.pdf\">Tantanterv \u2013 szakgyakorlat \u2013 T\u00e1pl\u00e1lkoz\u00e1stan \u00e9s dietetika \u2013 2. \u00e9vfolyam<\/a><\/p>\n<p><a href=\"https:\/\/umfst.ro\/fileadmin\/f_farmacie\/practica\/FE_NUT_II.doc\">\u00c9rt\u00e9kel\u0151lapok \u2013 szakgyakorlat \u2013 T\u00e1pl\u00e1lkoz\u00e1stan \u00e9s dietetika \u2013 2. \u00e9vfolyam<\/a><\/p>\n<p>\u00a0<\/p>\n<p><!-- \/wp:paragraph --><\/p>\t\t\t\t\t\t\t\t<\/div>\n\t\t\t\t<\/div>\n\t\t\t\t\t<\/div>\n\t\t<\/div>\n\t\t\t\t\t<\/div>\n\t\t<\/section>\n\t\t\t\t<\/div>","protected":false},"excerpt":{"rendered":"<p>PRACTIC\u0102 DE SPECIALITATE LA FACULTATEA DE FARMACIE Regulament Model cerere aprobare practica de specialitate ObiectiveConsolidarea cuno\u015ftin\u0163elor teoretice \u015fi formarea abilit\u0103\u0163ilor practice \u00een tot ceea ce \u00eenseamn\u0103 activitatea \u00een farmacie \u015fi \u00een cabinetele cosmetice.Este o disciplin\u0103 obligatorie a c\u0103rei durat\u0103 este reglementat\u0103 prin planul de \u00eenv\u0103\u0163\u0103m\u00e2nt. Reglement\u0103ri Preciz\u0103ri care vin \u00een completarea Regulamentului de desf\u0103\u0219urare a [&hellip;]<\/p>\n","protected":false},"author":4,"featured_media":0,"parent":252,"menu_order":0,"comment_status":"closed","ping_status":"closed","template":"","meta":{"_relevanssi_hide_post":"","_relevanssi_hide_content":"","_relevanssi_pin_for_all":"","_relevanssi_pin_keywords":"","_relevanssi_unpin_keywords":"","_relevanssi_related_keywords":"","_relevanssi_related_include_ids":"","_relevanssi_related_exclude_ids":"","_relevanssi_related_no_append":"","_relevanssi_related_not_related":"","_relevanssi_related_posts":"1","_relevanssi_noindex_reason":"","footnotes":""},"categories":[13,33],"tags":[],"class_list":["post-253","page","type-page","status-publish","hentry","category-pagina-cu-sidebar","category-pagina-studenti"],"meta_box":[],"_links":{"self":[{"href":"https:\/\/umfst.ro\/facultatea-de-farmacie\/hu\/wp-json\/wp\/v2\/pages\/253","targetHints":{"allow":["GET"]}}],"collection":[{"href":"https:\/\/umfst.ro\/facultatea-de-farmacie\/hu\/wp-json\/wp\/v2\/pages"}],"about":[{"href":"https:\/\/umfst.ro\/facultatea-de-farmacie\/hu\/wp-json\/wp\/v2\/types\/page"}],"author":[{"embeddable":true,"href":"https:\/\/umfst.ro\/facultatea-de-farmacie\/hu\/wp-json\/wp\/v2\/users\/4"}],"replies":[{"embeddable":true,"href":"https:\/\/umfst.ro\/facultatea-de-farmacie\/hu\/wp-json\/wp\/v2\/comments?post=253"}],"version-history":[{"count":24,"href":"https:\/\/umfst.ro\/facultatea-de-farmacie\/hu\/wp-json\/wp\/v2\/pages\/253\/revisions"}],"predecessor-version":[{"id":3524,"href":"https:\/\/umfst.ro\/facultatea-de-farmacie\/hu\/wp-json\/wp\/v2\/pages\/253\/revisions\/3524"}],"up":[{"embeddable":true,"href":"https:\/\/umfst.ro\/facultatea-de-farmacie\/hu\/wp-json\/wp\/v2\/pages\/252"}],"wp:attachment":[{"href":"https:\/\/umfst.ro\/facultatea-de-farmacie\/hu\/wp-json\/wp\/v2\/media?parent=253"}],"wp:term":[{"taxonomy":"category","embeddable":true,"href":"https:\/\/umfst.ro\/facultatea-de-farmacie\/hu\/wp-json\/wp\/v2\/categories?post=253"},{"taxonomy":"post_tag","embeddable":true,"href":"https:\/\/umfst.ro\/facultatea-de-farmacie\/hu\/wp-json\/wp\/v2\/tags?post=253"}],"curies":[{"name":"wp","href":"https:\/\/api.w.org\/{rel}","templated":true}]}}