{"id":254,"date":"2022-11-25T19:47:56","date_gmt":"2022-11-25T19:47:56","guid":{"rendered":"https:\/\/dev.umfst.ro\/facultatea-de-farmacie\/?page_id=254"},"modified":"2024-10-16T15:45:48","modified_gmt":"2024-10-16T15:45:48","slug":"szakmai-gyakorlat-vegzosoknek","status":"publish","type":"page","link":"https:\/\/umfst.ro\/facultatea-de-farmacie\/hu\/informatii-studenti\/informatii-specifice-facultatii\/practica-de-specialitate\/stagiu-profesional\/","title":{"rendered":"Szakmai gyakorlat - v\u00e9gz\u0151s\u00f6knek"},"content":{"rendered":"<div data-elementor-type=\"wp-page\" data-elementor-id=\"254\" class=\"elementor elementor-254\" data-elementor-post-type=\"page\">\n\t\t\t\t\t\t<section class=\"elementor-section elementor-top-section elementor-element elementor-element-2aa2d702 elementor-section-boxed elementor-section-height-default elementor-section-height-default\" data-id=\"2aa2d702\" data-element_type=\"section\" data-e-type=\"section\">\n\t\t\t\t\t\t<div class=\"elementor-container elementor-column-gap-default\">\n\t\t\t\t\t<div class=\"elementor-column elementor-col-100 elementor-top-column elementor-element elementor-element-1d8558fb\" data-id=\"1d8558fb\" data-element_type=\"column\" data-e-type=\"column\">\n\t\t\t<div class=\"elementor-widget-wrap elementor-element-populated\">\n\t\t\t\t\t\t<div class=\"elementor-element elementor-element-74658ed elementor-widget elementor-widget-text-editor\" data-id=\"74658ed\" data-element_type=\"widget\" data-e-type=\"widget\" data-widget_type=\"text-editor.default\">\n\t\t\t\t<div class=\"elementor-widget-container\">\n\t\t\t\t\t\t\t\t\t<h2>A szakmai gyakorlat lebonyol\u00edt\u00e1sa a Gy\u00f3gyszer\u00e9szeti Karon<\/h2>\t\t\t\t\t\t\t\t<\/div>\n\t\t\t\t<\/div>\n\t\t\t\t<div data-dce-background-color=\"#2359B317\" class=\"elementor-element elementor-element-b47ab6e elementor-widget__width-auto elementor-widget elementor-widget-button\" data-id=\"b47ab6e\" data-element_type=\"widget\" data-e-type=\"widget\" data-widget_type=\"button.default\">\n\t\t\t\t<div class=\"elementor-widget-container\">\n\t\t\t\t\t\t\t\t\t<div class=\"elementor-button-wrapper\">\n\t\t\t\t\t<a class=\"elementor-button elementor-button-link elementor-size-sm\" href=\"https:\/\/www.umfst.ro\/fileadmin\/documente_oficiale\/regulamente\/UMFST-REG-72.pdf\" target=\"_blank\">\n\t\t\t\t\t\t<span class=\"elementor-button-content-wrapper\">\n\t\t\t\t\t\t<span class=\"elementor-button-icon\">\n\t\t\t\t<i aria-hidden=\"true\" class=\"fas fa-file-download\"><\/i>\t\t\t<\/span>\n\t\t\t\t\t\t\t\t\t<span class=\"elementor-button-text\">Szab\u00e1lyzat<\/span>\n\t\t\t\t\t<\/span>\n\t\t\t\t\t<\/a>\n\t\t\t\t<\/div>\n\t\t\t\t\t\t\t\t<\/div>\n\t\t\t\t<\/div>\n\t\t\t\t<div class=\"elementor-element elementor-element-29e05843 elementor-widget elementor-widget-text-editor\" data-id=\"29e05843\" data-element_type=\"widget\" data-e-type=\"widget\" data-widget_type=\"text-editor.default\">\n\t\t\t\t<div class=\"elementor-widget-container\">\n\t\t\t\t\t\t\t\t\t<p><\/p>\n<p><strong>C\u00e9lkit\u0171z\u00e9sek<br \/><\/strong>A k\u00e9pz\u00e9s kiv\u00e1l\u00f3s\u00e1g\u00e1nak biztos\u00edt\u00e1sa a k\u00e9s\u0151bbi szakmai tev\u00e9kenys\u00e9gben olyan fontos gyakorlati k\u00e9szs\u00e9gek kialak\u00edt\u00e1sa \u00e9s t\u00f6k\u00e9letes\u00edt\u00e9se r\u00e9v\u00e9n. Ugyanilyen m\u00e9rt\u00e9kben a szakmai gyakorlat hozz\u00e1j\u00e1rul a megszerzett elm\u00e9leti \u00e9s gyakorlati ismeretek adapt\u00e1l\u00e1s\u00e1hoz a gy\u00f3gyszeripari \u00e9s kozmetikai munkaer\u0151piacon v\u00e9gzett tev\u00e9kenys\u00e9gekhez. K\u00f6telez\u0151 tant\u00e1rgy, amelynek id\u0151tartam\u00e1t a tanterv szab\u00e1lyozza.\u00a0 <a href=\"https:\/\/www.umfst.ro\/fileadmin\/f_farmacie\/info_stud\/2022\/Obiective_Stagiu_profesional.docx\">Link<\/a><\/p>\n<p><strong>Szab\u00e1lyzat<br \/><\/strong>A szakmai gyakorlattal kapcsolatos pontos\u00edt\u00e1sok, amelyek kieg\u00e9sz\u00edtik a Gy\u00f3gyszer\u00e9szeti Karra vonatkoz\u00f3 szakgyakorlati szab\u00e1lyzatot\u00a0\u00a0\u00a0<a href=\"https:\/\/www.umfst.ro\/fileadmin\/f_farmacie\/practica\/Precizari_stagiu_profesional.pdf\">Link<\/a><\/p>\n<p><strong>Koordon\u00e1tor <\/strong><strong><br \/><\/strong>Conf. univ. dr. Eleonora Mircia<br \/>Ipari gy\u00f3gyszer\u00e9szet \u00e9s gy\u00f3gyszer\u00e9szeti management<br \/>Tel. +40-265-215.551 int. 365<br \/><a href=\"https:\/\/umfst.ro\/facultatea-de-farmacie\/informatii-studenti\/informatii-specifice-facultatii\/practica-de-specialitate\/practica-de-specialitate\/linkTo_UnCryptMailto(%27nbjmup%2Bfmfpopsb%5C%2FnjsdjbAvngtu%5C%2Fsp%27);\">eleonora.mircia@umfst.ro<\/a><\/p>\n<p>\u00a0<\/p>\n<p>Tantanterv \u2013 szakmai gyakorlat \u2013 Gy\u00f3gyszer\u00e9szet<br \/><a href=\"https:\/\/www.umfst.ro\/fileadmin\/f_farmacie\/info_stud\/2022\/PA-FAR\/PA_FAR_V.pdf\">5. \u00e9v<\/a><\/p>\n<p><\/p>\n<p><\/p>\n<p><\/p>\n<p><\/p>\n<p>\u00c9rt\u00e9kel\u0151lap - Gy\u00f3gyszer\u00e9szet<br \/><a href=\"https:\/\/www.umfst.ro\/fileadmin\/f_farmacie\/info_stud\/2022\/FE-FAR\/FE_FAR_V.doc\">5. \u00e9v<\/a><\/p>\n<p><\/p>\n<p><\/p>\n<p><\/p>\n<p><\/p>\n<p>Tantanterv \u2013 szakmai gyakorlat \u2013 Orvosi kozmetika, kozmetikai term\u00e9kek technol\u00f3gi\u00e1ja<br \/><a href=\"https:\/\/www.umfst.ro\/fileadmin\/f_farmacie\/practica\/PA_CMT_III.pdf\">3. \u00e9v<\/a><\/p>\n<p><\/p>\n<p><\/p>\n<p><\/p>\n<p><\/p>\n<p>\u00c9rt\u00e9kel\u0151lap - Orvosi kozmetika, kozmetikai term\u00e9kek technol\u00f3gi\u00e1ja<\/p>\n<p><\/p>\n<p><\/p>\n<p><a href=\"https:\/\/www.umfst.ro\/fileadmin\/f_farmacie\/info_stud\/2022\/FE-CMT\/FE_CMT_III.doc\">3. \u00e9v<\/a><\/p>\n<p><\/p>\t\t\t\t\t\t\t\t<\/div>\n\t\t\t\t<\/div>\n\t\t\t\t\t<\/div>\n\t\t<\/div>\n\t\t\t\t\t<\/div>\n\t\t<\/section>\n\t\t\t\t<\/div>","protected":false},"excerpt":{"rendered":"<p>STAGIUL PROFESIONAL LA FACULTATEA DE FARMACIE Regulament ObiectiveAsigurarea excelen\u0163ei \u00een preg\u0103tire prin formarea \u015fi des\u0103v\u00e2r\u015firea abilit\u0103\u0163ilor practice at\u00e2t de importante \u00een activitatea profesional\u0103 ulterioar\u0103. \u00cen aceea\u015fi m\u0103sur\u0103, stagiul profesional contribuie la adaptarea cuno\u015ftin\u0163elor dob\u00e2ndite, teoretice \u015fi practice, la activit\u0103\u0163ile de pe pia\u0163a muncii din domeniul farmaceutic \u015fi cosmetic. Este o disciplin\u0103 obligatorie a c\u0103rei durat\u0103 [&hellip;]<\/p>\n","protected":false},"author":4,"featured_media":0,"parent":252,"menu_order":0,"comment_status":"closed","ping_status":"closed","template":"","meta":{"_relevanssi_hide_post":"","_relevanssi_hide_content":"","_relevanssi_pin_for_all":"","_relevanssi_pin_keywords":"","_relevanssi_unpin_keywords":"","_relevanssi_related_keywords":"","_relevanssi_related_include_ids":"","_relevanssi_related_exclude_ids":"","_relevanssi_related_no_append":"","_relevanssi_related_not_related":"","_relevanssi_related_posts":"1","_relevanssi_noindex_reason":"","footnotes":""},"categories":[13,33],"tags":[],"class_list":["post-254","page","type-page","status-publish","hentry","category-pagina-cu-sidebar","category-pagina-studenti"],"meta_box":[],"_links":{"self":[{"href":"https:\/\/umfst.ro\/facultatea-de-farmacie\/hu\/wp-json\/wp\/v2\/pages\/254","targetHints":{"allow":["GET"]}}],"collection":[{"href":"https:\/\/umfst.ro\/facultatea-de-farmacie\/hu\/wp-json\/wp\/v2\/pages"}],"about":[{"href":"https:\/\/umfst.ro\/facultatea-de-farmacie\/hu\/wp-json\/wp\/v2\/types\/page"}],"author":[{"embeddable":true,"href":"https:\/\/umfst.ro\/facultatea-de-farmacie\/hu\/wp-json\/wp\/v2\/users\/4"}],"replies":[{"embeddable":true,"href":"https:\/\/umfst.ro\/facultatea-de-farmacie\/hu\/wp-json\/wp\/v2\/comments?post=254"}],"version-history":[{"count":6,"href":"https:\/\/umfst.ro\/facultatea-de-farmacie\/hu\/wp-json\/wp\/v2\/pages\/254\/revisions"}],"predecessor-version":[{"id":3284,"href":"https:\/\/umfst.ro\/facultatea-de-farmacie\/hu\/wp-json\/wp\/v2\/pages\/254\/revisions\/3284"}],"up":[{"embeddable":true,"href":"https:\/\/umfst.ro\/facultatea-de-farmacie\/hu\/wp-json\/wp\/v2\/pages\/252"}],"wp:attachment":[{"href":"https:\/\/umfst.ro\/facultatea-de-farmacie\/hu\/wp-json\/wp\/v2\/media?parent=254"}],"wp:term":[{"taxonomy":"category","embeddable":true,"href":"https:\/\/umfst.ro\/facultatea-de-farmacie\/hu\/wp-json\/wp\/v2\/categories?post=254"},{"taxonomy":"post_tag","embeddable":true,"href":"https:\/\/umfst.ro\/facultatea-de-farmacie\/hu\/wp-json\/wp\/v2\/tags?post=254"}],"curies":[{"name":"wp","href":"https:\/\/api.w.org\/{rel}","templated":true}]}}