{"id":32,"date":"2022-11-23T17:49:43","date_gmt":"2022-11-23T17:49:43","guid":{"rendered":"https:\/\/dev.umfst.ro\/facultatea-de-farmacie\/?page_id=32"},"modified":"2024-05-15T14:20:17","modified_gmt":"2024-05-15T14:20:17","slug":"fogadoorak","status":"publish","type":"page","link":"https:\/\/umfst.ro\/facultatea-de-farmacie\/hu\/prezentare\/program-de-audiente-decan-prodecani\/","title":{"rendered":"Fogad\u00f3\u00f3rarend"},"content":{"rendered":"<div data-elementor-type=\"wp-page\" data-elementor-id=\"32\" class=\"elementor elementor-32\" data-elementor-post-type=\"page\">\n\t\t\t\t\t\t<section class=\"elementor-section elementor-top-section elementor-element elementor-element-f787735 elementor-section-boxed elementor-section-height-default elementor-section-height-default\" data-id=\"f787735\" data-element_type=\"section\" data-e-type=\"section\">\n\t\t\t\t\t\t<div class=\"elementor-container elementor-column-gap-default\">\n\t\t\t\t\t<div class=\"elementor-column elementor-col-100 elementor-top-column elementor-element elementor-element-62a1a66e\" data-id=\"62a1a66e\" data-element_type=\"column\" data-e-type=\"column\">\n\t\t\t<div class=\"elementor-widget-wrap elementor-element-populated\">\n\t\t\t\t\t\t<div class=\"elementor-element elementor-element-599af791 elementor-widget elementor-widget-text-editor\" data-id=\"599af791\" data-element_type=\"widget\" data-e-type=\"widget\" data-widget_type=\"text-editor.default\">\n\t\t\t\t<div class=\"elementor-widget-container\">\n\t\t\t\t\t\t\t\t\t<p><\/p>\n<h2>Fogad\u00f3\u00f3rarend \u2013 d\u00e9k\u00e1n \u00e9s d\u00e9k\u00e1nhelyettesek<\/h2>\n<p><\/p>\n<p><\/p>\n<p><strong>D\u00c9K\u00c1N<\/strong> <br \/>Prof. univ. dr. Daniela-Lucia Muntean<br \/>Fogad\u00f3\u00f3ra: h\u00e9tf\u0151 11:00\u201313:00<br \/>E-mail:\u00a0<a href=\"linkTo_UnCryptMailto(%27nbjmup%2Bebojfmb%5C%2FnvoufboAvngtu%5C%2Fsp%27);\">daniela.muntean@umfst.ro<\/a><br \/>Telefon: +40-265-215.551, mell\u00e9k 352<\/p>\n<p><\/p>\n<p><\/p>\n<p><strong>D\u00c9K\u00c1NHELYETTES<\/strong> <br \/>Dr. Ruxandra-Emilia \u0218tef\u0103nescu, egyetemi docens<br \/>Fogad\u00f3\u00f3ra: h\u00e9tf\u0151 9:00\u201311:00<br \/>E-mail:\u00a0<a href=\"mailto:ruxandra.stefanescu@umfst.ro\">ruxandra.stefanescu@umfst.ro<\/a><br \/>Telefon: +40-265-215.551, mell\u00e9k 386<br \/><br \/><\/p>\n<p><\/p>\n<p><\/p>\n<p><strong>D\u00c9K\u00c1NHELYETTES<\/strong> <br \/>Dr. G\u00e1ll Zsolt<span style=\"font-size: 12.0pt;font-family: 'Arial',sans-serif;color: #202122\">\u00e1<\/span>, egyetemi docens<br \/>Fogad\u00f3\u00f3ra: kedd 10:00\u201312:00<br \/>E-mail: <a href=\"linkTo_UnCryptMailto(%27nbjmup%2Batpmu%5C%2FhbmmAvngtu%5C%2Fsp%27);\">zsolt.gall@umfst.ro<\/a><br \/>Telefon: +40-265-215.551, mell\u00e9k 354, 353<\/p>\n<p>\u00a0<\/p>\n<p><\/p>\t\t\t\t\t\t\t\t<\/div>\n\t\t\t\t<\/div>\n\t\t\t\t\t<\/div>\n\t\t<\/div>\n\t\t\t\t\t<\/div>\n\t\t<\/section>\n\t\t\t\t<\/div>","protected":false},"excerpt":{"rendered":"<p>Program de audien\u021be decan, prodecani DECAN Prof. univ. dr. Daniela-Lucia MunteanProgram de audien\u021be: luni 11:00 &#8211; 13:00E-mail:\u00a0daniela.muntean@umfst.roTel: +40-265-215.551, int. 352 PRODECAN Conf. univ. dr. Ruxandra-Emilia \u0218tef\u0103nescuProgram de audien\u021be: luni 9:00 \u2013 11:00E-mail:\u00a0ruxandra.stefanescu@umfst.roTel: +40-265-215.551, int. 386 PRODECAN Conf. univ. dr. G\u00e1ll ZsoltProgram de audien\u021be: mar\u021bi 10:00 &#8211; 12:00E-mail: zsolt.gall@umfst.roTel: +40-265-215.551, int. 354, 353 \u00a0<\/p>","protected":false},"author":4,"featured_media":0,"parent":27,"menu_order":3,"comment_status":"closed","ping_status":"closed","template":"","meta":{"_relevanssi_hide_post":"","_relevanssi_hide_content":"","_relevanssi_pin_for_all":"","_relevanssi_pin_keywords":"","_relevanssi_unpin_keywords":"","_relevanssi_related_keywords":"","_relevanssi_related_include_ids":"","_relevanssi_related_exclude_ids":"","_relevanssi_related_no_append":"","_relevanssi_related_not_related":"","_relevanssi_related_posts":"1","_relevanssi_noindex_reason":"","footnotes":""},"categories":[13],"tags":[],"class_list":["post-32","page","type-page","status-publish","hentry","category-pagina-cu-sidebar"],"meta_box":[],"_links":{"self":[{"href":"https:\/\/umfst.ro\/facultatea-de-farmacie\/hu\/wp-json\/wp\/v2\/pages\/32","targetHints":{"allow":["GET"]}}],"collection":[{"href":"https:\/\/umfst.ro\/facultatea-de-farmacie\/hu\/wp-json\/wp\/v2\/pages"}],"about":[{"href":"https:\/\/umfst.ro\/facultatea-de-farmacie\/hu\/wp-json\/wp\/v2\/types\/page"}],"author":[{"embeddable":true,"href":"https:\/\/umfst.ro\/facultatea-de-farmacie\/hu\/wp-json\/wp\/v2\/users\/4"}],"replies":[{"embeddable":true,"href":"https:\/\/umfst.ro\/facultatea-de-farmacie\/hu\/wp-json\/wp\/v2\/comments?post=32"}],"version-history":[{"count":32,"href":"https:\/\/umfst.ro\/facultatea-de-farmacie\/hu\/wp-json\/wp\/v2\/pages\/32\/revisions"}],"predecessor-version":[{"id":3047,"href":"https:\/\/umfst.ro\/facultatea-de-farmacie\/hu\/wp-json\/wp\/v2\/pages\/32\/revisions\/3047"}],"up":[{"embeddable":true,"href":"https:\/\/umfst.ro\/facultatea-de-farmacie\/hu\/wp-json\/wp\/v2\/pages\/27"}],"wp:attachment":[{"href":"https:\/\/umfst.ro\/facultatea-de-farmacie\/hu\/wp-json\/wp\/v2\/media?parent=32"}],"wp:term":[{"taxonomy":"category","embeddable":true,"href":"https:\/\/umfst.ro\/facultatea-de-farmacie\/hu\/wp-json\/wp\/v2\/categories?post=32"},{"taxonomy":"post_tag","embeddable":true,"href":"https:\/\/umfst.ro\/facultatea-de-farmacie\/hu\/wp-json\/wp\/v2\/tags?post=32"}],"curies":[{"name":"wp","href":"https:\/\/api.w.org\/{rel}","templated":true}]}}