{"id":3459,"date":"2022-11-25T19:51:00","date_gmt":"2022-11-25T19:51:00","guid":{"rendered":"https:\/\/umfst.ro\/facultatea-de-farmacie\/?page_id=3459"},"modified":"2025-10-15T06:25:24","modified_gmt":"2025-10-15T06:25:24","slug":"magiszteri-vizsga","status":"publish","type":"page","link":"https:\/\/umfst.ro\/facultatea-de-farmacie\/hu\/informatii-studenti\/informatii-specifice-facultatii\/disertatie\/","title":{"rendered":"Magiszteri vizsga"},"content":{"rendered":"<div data-elementor-type=\"wp-page\" data-elementor-id=\"3459\" class=\"elementor elementor-3459\" data-elementor-post-type=\"page\">\n\t\t\t\t\t\t<section class=\"elementor-section elementor-top-section elementor-element elementor-element-7b969e7 elementor-section-boxed elementor-section-height-default elementor-section-height-default\" data-id=\"7b969e7\" data-element_type=\"section\" data-e-type=\"section\">\n\t\t\t\t\t\t<div class=\"elementor-container elementor-column-gap-default\">\n\t\t\t\t\t<div class=\"elementor-column elementor-col-100 elementor-top-column elementor-element elementor-element-f8e413f\" data-id=\"f8e413f\" data-element_type=\"column\" data-e-type=\"column\">\n\t\t\t<div class=\"elementor-widget-wrap elementor-element-populated\">\n\t\t\t\t\t\t<div class=\"elementor-element elementor-element-04c9782 elementor-widget elementor-widget-text-editor\" data-id=\"04c9782\" data-element_type=\"widget\" data-e-type=\"widget\" data-widget_type=\"text-editor.default\">\n\t\t\t\t<div class=\"elementor-widget-container\">\n\t\t\t\t\t\t\t\t\t<h2>Diserta\u021bie an universitar 2025-2026<\/h2><p><a href=\"https:\/\/umfst.ro\/fileadmin\/documente_oficiale\/regulamente\/UMFST-REG-18%20Ed.11.pdf\">Szab\u00e1lyzat<\/a><br \/>Csatolm\u00e1nyok: <a href=\"https:\/\/umfst.ro\/fileadmin\/documente_oficiale\/regulamente\/UMFST-REG-18-F01_Ed11.docx\" data-uw-rm-brl=\"PR\" data-uw-original-href=\"https:\/\/umfst.ro\/fileadmin\/documente_oficiale\/regulamente\/UMFST-REG-18-F01.docx\">F01<\/a>,\u00a0<a href=\"https:\/\/umfst.ro\/fileadmin\/documente_oficiale\/regulamente\/UMFST-REG-18-F02_Ed11.docx\" data-uw-rm-brl=\"PR\" data-uw-original-href=\"https:\/\/umfst.ro\/fileadmin\/documente_oficiale\/regulamente\/UMFST-REG-18-F02.docx\">F02<\/a>,\u00a0<a href=\"https:\/\/umfst.ro\/fileadmin\/documente_oficiale\/regulamente\/UMFST-REG-18-F03_Ed11.docx\" data-uw-rm-brl=\"PR\" data-uw-original-href=\"https:\/\/umfst.ro\/fileadmin\/documente_oficiale\/regulamente\/UMFST-REG-18-F03.docx\">F03<\/a>,\u00a0<a href=\"https:\/\/umfst.ro\/fileadmin\/documente_oficiale\/regulamente\/UMFST-REG-18-F04_Ed11.docx\" data-uw-rm-brl=\"PR\" data-uw-original-href=\"https:\/\/umfst.ro\/fileadmin\/documente_oficiale\/regulamente\/UMFST-REG-18-F04.docx\">F04<\/a>,\u00a0<a href=\"https:\/\/umfst.ro\/fileadmin\/documente_oficiale\/regulamente\/UMFST-REG-18-F05_Ed11.docx\" data-uw-rm-brl=\"PR\" data-uw-original-href=\"https:\/\/umfst.ro\/fileadmin\/documente_oficiale\/regulamente\/UMFST-REG-18-F05.docx\">F05<\/a><\/p><p><a href=\"https:\/\/umfst.ro\/fileadmin\/f_farmacie\/masterat\/Recomandari_redactare_licenta_FFAR.docx\">Recomand\u0103ri generale privind redactarea lucr\u0103rii de absolvire, specifice Facult\u0103\u021bii de Farmacie<\/a><\/p><p>\u00a0<\/p><h2><strong>A mesterk\u00e9pz\u00e9s z\u00e1r\u00f3vizsg\u00e1inak \u00fctemez\u00e9se - 2025. J\u00daLIUSI \u00fcl\u00e9sszak<\/strong><\/h2><p><strong>\u00a0<\/strong><\/p><table class=\"scrollable\" border=\"0\" cellspacing=\"0\" cellpadding=\"0\"><tbody><tr><td width=\"212\"><strong><br \/>Mesterk\u00e9pz\u00e9si program<br \/><\/strong><\/td><td width=\"212\"><strong>Vizsga<\/strong><\/td><td width=\"300\"><strong>Id\u0151pont<\/strong><\/td><\/tr><tr><td width=\"212\">Orvosi biotechnol\u00f3gia<\/td><td width=\"212\">A disszert\u00e1ci\u00f3 bemutat\u00e1sa \u00e9s v\u00e9d\u00e9se<\/td><td width=\"212\"><p><strong>17 iulie 2025<\/strong>, ora 14<sup>00<\/sup>,<\/p><p>Sala 125<\/p><p class=\" translation-block\"><span style=\"font-weight:500\">Gy\u00f3gyszer\u00e9szeti <br><\/span> Kar<\/p><\/td><\/tr><tr><td width=\"212\">Gy\u00f3gyszer, \u00e9lelmiszer \u00e9s k\u00f6rnyezet min\u0151s\u00e9ge<\/td><td width=\"212\">A disszert\u00e1ci\u00f3 bemutat\u00e1sa \u00e9s v\u00e9d\u00e9se<\/td><td width=\"212\"><p><strong>17 iulie 2025<\/strong>, ora 10<sup>00<\/sup>,<\/p><p>Sala 12<\/p><p>Analitikai k\u00e9mia \u00e9s gy\u00f3gyszerellen\u0151rz\u00e9s<\/p><p class=\" translation-block\"><span style=\"font-weight:500\">Gy\u00f3gyszer\u00e9szeti <br><\/span> Kar<\/p><\/td><\/tr><tr><td rowspan=\"2\" width=\"212\">Kozmetol\u00f3gia \u00e9s dermofarm\u00e1cia<\/td><td rowspan=\"2\" width=\"212\">A disszert\u00e1ci\u00f3 bemutat\u00e1sa \u00e9s v\u00e9d\u00e9se<\/td><td width=\"212\"><p><strong>14 iulie 2025<\/strong>, ora 9<sup>00<\/sup>,<\/p><p>Sala 1<\/p><p class=\" translation-block\"><span style=\"font-weight:500\">Gy\u00f3gyszer\u00e9szeti <br><\/span> Kar<\/p><\/td><\/tr><tr><td style=\"font-weight: 400 !important\" width=\"212\"><p><strong>14 iulie 2025<\/strong>, ora 9<sup>00<\/sup>,<\/p><p>Sala 2<\/p><p class=\" translation-block\"><span style=\"font-weight:500\">Gy\u00f3gyszer\u00e9szeti <br><\/span> Kar<\/p><\/td><\/tr><tr><td width=\"212\">Medicamentul de la uz la abuz. Farmacovigilen\u021b\u0103 \u0219i<br \/>reglementare<\/td><td width=\"212\">A disszert\u00e1ci\u00f3 bemutat\u00e1sa \u00e9s v\u00e9d\u00e9se<\/td><td width=\"212\"><p><strong>17 iulie 2025<\/strong>, ora 9<sup>00<\/sup>,<\/p><p>Sala 4<\/p><p>Laboratorul de Farmacologie \u0219i Farmacie clinic\u0103<\/p><p class=\" translation-block\"><span style=\"font-weight:500\">Gy\u00f3gyszer\u00e9szeti <br><\/span> Kar<\/p><\/td><\/tr><\/tbody><\/table>\t\t\t\t\t\t\t\t<\/div>\n\t\t\t\t<\/div>\n\t\t\t\t\t<\/div>\n\t\t<\/div>\n\t\t\t\t\t<\/div>\n\t\t<\/section>\n\t\t\t\t<section class=\"elementor-section elementor-top-section elementor-element elementor-element-b447497 elementor-section-boxed elementor-section-height-default elementor-section-height-default\" data-id=\"b447497\" data-element_type=\"section\" data-e-type=\"section\">\n\t\t\t\t\t\t<div class=\"elementor-container elementor-column-gap-default\">\n\t\t\t\t\t<div class=\"elementor-column elementor-col-100 elementor-top-column elementor-element elementor-element-6f37817\" data-id=\"6f37817\" data-element_type=\"column\" data-e-type=\"column\">\n\t\t\t<div class=\"elementor-widget-wrap elementor-element-populated\">\n\t\t\t\t\t\t<div class=\"elementor-element elementor-element-465efc5 elementor-widget elementor-widget-text-editor\" data-id=\"465efc5\" data-element_type=\"widget\" data-e-type=\"widget\" data-widget_type=\"text-editor.default\">\n\t\t\t\t<div class=\"elementor-widget-container\">\n\t\t\t\t\t\t\t\t\t<h2>2025. j\u00faliusi vizsgaid\u0151szak<\/h2><p>1. A Marosv\u00e1s\u00e1rhelyi George Emil Palade Orvosi, Gy\u00f3gyszer\u00e9szeti, Tudom\u00e1ny- \u00e9s Technol\u00f3giai Egyetemen bel\u00fcli diploma-, alap- \u00e9s szakdolgozati vizsg\u00e1k szervez\u00e9s\u00e9re \u00e9s lebonyol\u00edt\u00e1s\u00e1ra vonatkoz\u00f3 szab\u00e1lyzat. K\u00f3d: <a href=\"https:\/\/www.umfst.ro\/fileadmin\/documente_oficiale\/regulamente\/UMFST-REG-18.pdf\">UMFST-REG-18 \u2013 10. kiad\u00e1s<\/a><\/p>\t\t\t\t\t\t\t\t<\/div>\n\t\t\t\t<\/div>\n\t\t\t\t\t<\/div>\n\t\t<\/div>\n\t\t\t\t\t<\/div>\n\t\t<\/section>\n\t\t\t\t<\/div>","protected":false},"excerpt":{"rendered":"<p>Diserta\u021bie an universitar 2025-2026 RegulamentAnexe: F01,\u00a0F02,\u00a0F03,\u00a0F04,\u00a0F05 Recomand\u0103ri generale privind redactarea lucr\u0103rii de absolvire, specifice Facult\u0103\u021bii de Farmacie \u00a0 Programarea examenelor de finalizare a studiilor universitare de masterat &#8211;\u00a0Sesiunea IULIE 2025 \u00a0 Programul de studii universitare de masterat Proba de concurs Data sus\u021binerii Biotehnologie medical\u0103 Prezentarea \u0219i sus\u021binerea lucr\u0103rii de diserta\u021bie 17 iulie 2025, ora 1400, [&hellip;]<\/p>\n","protected":false},"author":25,"featured_media":0,"parent":246,"menu_order":-5,"comment_status":"closed","ping_status":"closed","template":"","meta":{"_relevanssi_hide_post":"","_relevanssi_hide_content":"","_relevanssi_pin_for_all":"","_relevanssi_pin_keywords":"","_relevanssi_unpin_keywords":"","_relevanssi_related_keywords":"","_relevanssi_related_include_ids":"","_relevanssi_related_exclude_ids":"","_relevanssi_related_no_append":"","_relevanssi_related_not_related":"","_relevanssi_related_posts":"1","_relevanssi_noindex_reason":"","footnotes":""},"categories":[13,33],"tags":[],"class_list":["post-3459","page","type-page","status-publish","hentry","category-pagina-cu-sidebar","category-pagina-studenti"],"meta_box":[],"_links":{"self":[{"href":"https:\/\/umfst.ro\/facultatea-de-farmacie\/hu\/wp-json\/wp\/v2\/pages\/3459","targetHints":{"allow":["GET"]}}],"collection":[{"href":"https:\/\/umfst.ro\/facultatea-de-farmacie\/hu\/wp-json\/wp\/v2\/pages"}],"about":[{"href":"https:\/\/umfst.ro\/facultatea-de-farmacie\/hu\/wp-json\/wp\/v2\/types\/page"}],"author":[{"embeddable":true,"href":"https:\/\/umfst.ro\/facultatea-de-farmacie\/hu\/wp-json\/wp\/v2\/users\/25"}],"replies":[{"embeddable":true,"href":"https:\/\/umfst.ro\/facultatea-de-farmacie\/hu\/wp-json\/wp\/v2\/comments?post=3459"}],"version-history":[{"count":20,"href":"https:\/\/umfst.ro\/facultatea-de-farmacie\/hu\/wp-json\/wp\/v2\/pages\/3459\/revisions"}],"predecessor-version":[{"id":3888,"href":"https:\/\/umfst.ro\/facultatea-de-farmacie\/hu\/wp-json\/wp\/v2\/pages\/3459\/revisions\/3888"}],"up":[{"embeddable":true,"href":"https:\/\/umfst.ro\/facultatea-de-farmacie\/hu\/wp-json\/wp\/v2\/pages\/246"}],"wp:attachment":[{"href":"https:\/\/umfst.ro\/facultatea-de-farmacie\/hu\/wp-json\/wp\/v2\/media?parent=3459"}],"wp:term":[{"taxonomy":"category","embeddable":true,"href":"https:\/\/umfst.ro\/facultatea-de-farmacie\/hu\/wp-json\/wp\/v2\/categories?post=3459"},{"taxonomy":"post_tag","embeddable":true,"href":"https:\/\/umfst.ro\/facultatea-de-farmacie\/hu\/wp-json\/wp\/v2\/tags?post=3459"}],"curies":[{"name":"wp","href":"https:\/\/api.w.org\/{rel}","templated":true}]}}