{"id":66,"date":"2022-11-23T18:38:10","date_gmt":"2022-11-23T18:38:10","guid":{"rendered":"https:\/\/dev.umfst.ro\/facultatea-de-farmacie\/?page_id=66"},"modified":"2025-09-23T11:50:09","modified_gmt":"2025-09-23T11:50:09","slug":"biokemia-es-kornyezeti-kemia-2","status":"publish","type":"page","link":"https:\/\/umfst.ro\/facultatea-de-farmacie\/hu\/departamente-si-discipline\/departamentul-f1\/biochimie-si-chimia-factorilor-de-mediu\/","title":{"rendered":"Biok\u00e9mia \u00e9s k\u00f6rnyezeti k\u00e9mia"},"content":{"rendered":"<div data-elementor-type=\"wp-page\" data-elementor-id=\"66\" class=\"elementor elementor-66\" data-elementor-post-type=\"page\">\n\t\t\t\t\t\t<section class=\"elementor-section elementor-top-section elementor-element elementor-element-bf7b5cb elementor-section-boxed elementor-section-height-default elementor-section-height-default\" data-id=\"bf7b5cb\" data-element_type=\"section\" data-e-type=\"section\">\n\t\t\t\t\t\t<div class=\"elementor-container elementor-column-gap-default\">\n\t\t\t\t\t<div class=\"elementor-column elementor-col-50 elementor-top-column elementor-element elementor-element-02d9518\" data-id=\"02d9518\" data-element_type=\"column\" data-e-type=\"column\">\n\t\t\t<div class=\"elementor-widget-wrap elementor-element-populated\">\n\t\t\t\t\t\t<div class=\"elementor-element elementor-element-4d8aa35 elementor-widget elementor-widget-text-editor\" data-id=\"4d8aa35\" data-element_type=\"widget\" data-e-type=\"widget\" data-widget_type=\"text-editor.default\">\n\t\t\t\t<div class=\"elementor-widget-container\">\n\t\t\t\t\t\t\t\t\t<h2>Tansz\u00e9ki szem\u00e9lyzet<\/h2><p><strong>Tansz\u00e9kvezet\u0151<\/strong><br \/>Prof. univ. dr. Nagy El\u0151d-Ern\u0151 &#8211; <a href=\"https:\/\/umfst.ro\/fileadmin\/f_farmacie\/Cadre_didactice\/CV\/F1\/CV_Nagy_Elod_Erno.pdf\">CV<\/a><\/p><p><strong>Tagok<br \/><\/strong>Conf. univ. dr. Kov\u00e1cs Zsolt &#8211; <a href=\"https:\/\/umfst.ro\/fileadmin\/f_farmacie\/Cadre_didactice\/CV\/F1\/CV_Kovacs_Zsolt.pdf\">CV<\/a><br \/>Dr. Cristina FILIP, egyetemi adjunktus <a href=\"https:\/\/umfst.ro\/fileadmin\/f_farmacie\/Cadre_didactice\/CV\/F1\/CV_Filip_Cristina.pdf\">&#8211; CV<\/a><br \/>Dr. Kov\u00e1cs B\u00e9la, egyetemi adjunktus <a href=\"https:\/\/umfst.ro\/fileadmin\/f_farmacie\/Cadre_didactice\/CV\/F1\/CV_Kovacs_Bela.pdf\">&#8211; CV<\/a><br \/>Dr. Amalia PU\u0218CA\u0218, egyetemi adjunktus - <a href=\"https:\/\/umfst.ro\/fileadmin\/f_farmacie\/Cadre_didactice\/CV\/F1\/CV_Puscas_Amalia.pdf\">CV<\/a><br \/>Dr. Andreea PRICOPIE, egyetemi adjunktus - <a href=\"https:\/\/umfst.ro\/fileadmin\/f_farmacie\/Cadre_didactice\/CV\/F1\/CV_Pricopie.pdf\">CV<\/a><br \/>Dr. Cosmina UZUN, egyetemi adjunktus<br \/>Drd. Cristina-Alexandra Man, egyetemi tan\u00e1rseg\u00e9d - <a href=\"https:\/\/umfst.ro\/fileadmin\/f_farmacie\/Cadre_didactice\/CV\/F1\/CV_Man_Cristina.pdf\">CV<\/a><br \/>Drd. MOLN\u00c1R Gyop\u00e1r-Be\u00e1ta, egyetemi tan\u00e1rseg\u00e9d - <a href=\"https:\/\/umfst.ro\/fileadmin\/f_farmacie\/Cadre_didactice\/CV\/F1\/CV_Molnar_Gyopar_Beata.pdf\">CV<\/a><br \/>Drd. Vass Timea-Magdolna, egyetemi tan\u00e1rseg\u00e9d - <a href=\"https:\/\/umfst.ro\/fileadmin\/f_farmacie\/Cadre_didactice\/CV\/F1\/CV_Vass_Timea.pdf\">CV<\/a><br \/>CSEH Margit, labor\u00e1ns<br \/>Lumini\u021ba ISTRATE, labor\u00e1ns<br \/>Stanca OGNEAN, labor\u00e1ns<\/p><h2><strong>Kutat\u00e1si ir\u00e1nyok<\/strong><\/h2><ul><li>A gyullad\u00e1s biol\u00f3gi\u00e1ja<\/li><li>Biomarkerek \u00e9s szab\u00e1lyoz\u00f3 mechanizmusok a csont-\u00edz\u00fcleti \u00e9s a kardiovaszkul\u00e1ris k\u00f3rk\u00e9pekben<\/li><li>Fenntarthat\u00f3, \u00faj feh\u00e9rjetartalm\u00fa term\u00e9kek t\u00e1pl\u00e1lkoz\u00e1si \u00e9rt\u00e9kel\u00e9se<\/li><li>A n\u00f6v\u00e9nyi alap\u00fa term\u00e9kek fogyaszt\u00e1s\u00e1nak eg\u00e9szs\u00e9g\u00fcgyi hat\u00e1sai<\/li><li>Gomb\u00e1kb\u00f3l sz\u00e1rmaz\u00f3 mikoproteinek: t\u00e1panyag-\u00f6sszet\u00e9tel, el\u0151\u00e1ll\u00edt\u00e1si m\u00f3dszerek \u00e9s eg\u00e9szs\u00e9g\u00fcgyi el\u0151ny\u00f6k<\/li><li>Metabolikus \u00f6sszef\u00fcgg\u00e9sek a diabetes mellitus \u00e9s a csont-\u00edz\u00fcleti folyamatok k\u00f6z\u00f6tt<\/li><li>A Quality by Design (QbD) \u00e9s a Process Analytical Technology (PAT) koncepci\u00f3k alkalmaz\u00e1sa szil\u00e1rd gy\u00f3gyszerform\u00e1k fejleszt\u00e9s\u00e9ben<\/li><li>Doppingc\u00e9lra haszn\u00e1lt t\u00e1pl\u00e1l\u00e9kkieg\u00e9sz\u00edt\u0151k vizsg\u00e1lata<\/li><li>Az oxidat\u00edv stressz szerepe bizonyos k\u00f3rk\u00e9pekben<\/li><li>K\u00eds\u00e9rlettervez\u00e9s \u00e9s antibiofilmes megold\u00e1sok fejleszt\u00e9se implant\u00e1lhat\u00f3 orvosi eszk\u00f6z\u00f6k funkcion\u00e1lis bevon\u00e1s\u00e1ra<\/li><li>Antibakteri\u00e1lis, antifung\u00e1lis \u00e9s antibiofilmes tulajdons\u00e1g\u00fa farmakol\u00f3giai nanosziszt\u00e9m\u00e1k el\u0151\u00e1ll\u00edt\u00e1sa<\/li><\/ul>\t\t\t\t\t\t\t\t<\/div>\n\t\t\t\t<\/div>\n\t\t\t\t\t<\/div>\n\t\t<\/div>\n\t\t\t\t<div class=\"elementor-column elementor-col-50 elementor-top-column elementor-element elementor-element-d149a2a\" data-id=\"d149a2a\" data-element_type=\"column\" data-e-type=\"column\">\n\t\t\t<div class=\"elementor-widget-wrap elementor-element-populated\">\n\t\t\t\t\t\t<section class=\"elementor-section elementor-inner-section elementor-element elementor-element-22ef6b3 elementor-section-boxed elementor-section-height-default elementor-section-height-default\" data-id=\"22ef6b3\" data-element_type=\"section\" data-e-type=\"section\">\n\t\t\t\t\t\t<div class=\"elementor-container elementor-column-gap-default\">\n\t\t\t\t\t<div data-dce-background-color=\"#F2F7FF\" class=\"elementor-column elementor-col-100 elementor-inner-column elementor-element elementor-element-969328c\" data-id=\"969328c\" data-element_type=\"column\" data-e-type=\"column\" data-settings=\"{&quot;background_background&quot;:&quot;classic&quot;}\">\n\t\t\t<div class=\"elementor-widget-wrap elementor-element-populated\">\n\t\t\t\t\t\t<div class=\"elementor-element elementor-element-a3859e2 elementor-widget elementor-widget-heading\" data-id=\"a3859e2\" data-element_type=\"widget\" data-e-type=\"widget\" data-widget_type=\"heading.default\">\n\t\t\t\t<div class=\"elementor-widget-container\">\n\t\t\t\t\t<h5 class=\"elementor-heading-title elementor-size-default\">Kapcsolat<\/h5>\t\t\t\t<\/div>\n\t\t\t\t<\/div>\n\t\t\t\t<div class=\"elementor-element elementor-element-95b9114 elementor-widget-divider--view-line elementor-widget elementor-widget-divider\" data-id=\"95b9114\" data-element_type=\"widget\" data-e-type=\"widget\" data-widget_type=\"divider.default\">\n\t\t\t\t<div class=\"elementor-widget-container\">\n\t\t\t\t\t\t\t<div class=\"elementor-divider\">\n\t\t\t<span class=\"elementor-divider-separator\">\n\t\t\t\t\t\t<\/span>\n\t\t<\/div>\n\t\t\t\t\t\t<\/div>\n\t\t\t\t<\/div>\n\t\t\t\t<div class=\"elementor-element elementor-element-de15d9d elementor-widget elementor-widget-icon-box\" data-id=\"de15d9d\" data-element_type=\"widget\" data-e-type=\"widget\" data-widget_type=\"icon-box.default\">\n\t\t\t\t<div class=\"elementor-widget-container\">\n\t\t\t\t\t\t\t<div class=\"elementor-icon-box-wrapper\">\n\n\t\t\t\n\t\t\t\t\t\t<div class=\"elementor-icon-box-content\">\n\n\t\t\t\t\t\t\t\t\t<h3 class=\"elementor-icon-box-title\">\n\t\t\t\t\t\t<span  >\n\t\t\t\t\t\t\tLevelez\u00e9si c\u00edm\t\t\t\t\t\t<\/span>\n\t\t\t\t\t<\/h3>\n\t\t\t\t\n\t\t\t\t\t\t\t\t\t<p class=\"elementor-icon-box-description translation-block\">Gy\u00f3gyszer\u00e9szeti Kar \u00c9p\u00fclete \u2013 Gheorghe Marinescu utca, 38. sz\u00e1m, Marosv\u00e1s\u00e1rhely, Maros megye, 540142, Rom\u00e1nia<\/p>\n\t\t\t\t\n\t\t\t<\/div>\n\t\t\t\n\t\t<\/div>\n\t\t\t\t\t\t<\/div>\n\t\t\t\t<\/div>\n\t\t\t\t<div class=\"elementor-element elementor-element-e92c3c9 elementor-widget elementor-widget-icon-box\" data-id=\"e92c3c9\" data-element_type=\"widget\" data-e-type=\"widget\" data-widget_type=\"icon-box.default\">\n\t\t\t\t<div class=\"elementor-widget-container\">\n\t\t\t\t\t\t\t<div class=\"elementor-icon-box-wrapper\">\n\n\t\t\t\n\t\t\t\t\t\t<div class=\"elementor-icon-box-content\">\n\n\t\t\t\t\t\t\t\t\t<h3 class=\"elementor-icon-box-title\">\n\t\t\t\t\t\t<span  >\n\t\t\t\t\t\t\tTansz\u00e9kvezet\u0151\t\t\t\t\t\t<\/span>\n\t\t\t\t\t<\/h3>\n\t\t\t\t\n\t\t\t\t\t\t\t\t\t<p class=\"elementor-icon-box-description\">\n\t\t\t\t\t\t Tansz\u00e9kvezet\u0151 - C3 sz\u00e1rny, emelet, 88. \/ 90. ajt\u00f3\t\t\t\t\t<\/p>\n\t\t\t\t\n\t\t\t<\/div>\n\t\t\t\n\t\t<\/div>\n\t\t\t\t\t\t<\/div>\n\t\t\t\t<\/div>\n\t\t\t\t<div class=\"elementor-element elementor-element-a4e93b5 elementor-widget elementor-widget-icon-box\" data-id=\"a4e93b5\" data-element_type=\"widget\" data-e-type=\"widget\" data-widget_type=\"icon-box.default\">\n\t\t\t\t<div class=\"elementor-widget-container\">\n\t\t\t\t\t\t\t<div class=\"elementor-icon-box-wrapper\">\n\n\t\t\t\n\t\t\t\t\t\t<div class=\"elementor-icon-box-content\">\n\n\t\t\t\t\t\t\t\t\t<h3 class=\"elementor-icon-box-title\">\n\t\t\t\t\t\t<span  >\n\t\t\t\t\t\t\tOktat\u00f3k\t\t\t\t\t\t<\/span>\n\t\t\t\t\t<\/h3>\n\t\t\t\t\n\t\t\t\t\t\t\t\t\t<p class=\"elementor-icon-box-description translation-block\">Oktat\u00f3k, tagok: - C3 sz\u00e1rny, emelet, 88. \/ 91. ajt\u00f3 \u00e9s C3 sz\u00e1rny, alagsor, 167. ajt\u00f3<\/p>\n\t\t\t\t\n\t\t\t<\/div>\n\t\t\t\n\t\t<\/div>\n\t\t\t\t\t\t<\/div>\n\t\t\t\t<\/div>\n\t\t\t\t<div class=\"elementor-element elementor-element-9c82c4b elementor-widget elementor-widget-icon-box\" data-id=\"9c82c4b\" data-element_type=\"widget\" data-e-type=\"widget\" data-widget_type=\"icon-box.default\">\n\t\t\t\t<div class=\"elementor-widget-container\">\n\t\t\t\t\t\t\t<div class=\"elementor-icon-box-wrapper\">\n\n\t\t\t\n\t\t\t\t\t\t<div class=\"elementor-icon-box-content\">\n\n\t\t\t\t\t\t\t\t\t<h3 class=\"elementor-icon-box-title\">\n\t\t\t\t\t\t<span  >\n\t\t\t\t\t\t\tLaborat\u00f3riumok\t\t\t\t\t\t<\/span>\n\t\t\t\t\t<\/h3>\n\t\t\t\t\n\t\t\t\t\t\t\t\t\t<p class=\"elementor-icon-box-description translation-block\">-C2 sz\u00e1rny, 51. ajt\u00f3<br>\n-C3 sz\u00e1rny, alagsor, 167. Ajt\u00f3<\/p>\n\t\t\t\t\n\t\t\t<\/div>\n\t\t\t\n\t\t<\/div>\n\t\t\t\t\t\t<\/div>\n\t\t\t\t<\/div>\n\t\t\t\t<div class=\"elementor-element elementor-element-24c79e3 elementor-widget elementor-widget-icon-box\" data-id=\"24c79e3\" data-element_type=\"widget\" data-e-type=\"widget\" data-widget_type=\"icon-box.default\">\n\t\t\t\t<div class=\"elementor-widget-container\">\n\t\t\t\t\t\t\t<div class=\"elementor-icon-box-wrapper\">\n\n\t\t\t\n\t\t\t\t\t\t<div class=\"elementor-icon-box-content\">\n\n\t\t\t\t\t\t\t\t\t<h3 class=\"elementor-icon-box-title\">\n\t\t\t\t\t\t<span  >\n\t\t\t\t\t\t\tTelefon\t\t\t\t\t\t<\/span>\n\t\t\t\t\t<\/h3>\n\t\t\t\t\n\t\t\t\t\t\t\t\t\t<p class=\"elementor-icon-box-description\">\n\t\t\t\t\t\t+40-265-215.551, int. 362, 376, 378\t\t\t\t\t<\/p>\n\t\t\t\t\n\t\t\t<\/div>\n\t\t\t\n\t\t<\/div>\n\t\t\t\t\t\t<\/div>\n\t\t\t\t<\/div>\n\t\t\t\t\t<\/div>\n\t\t<\/div>\n\t\t\t\t\t<\/div>\n\t\t<\/section>\n\t\t\t\t\t<\/div>\n\t\t<\/div>\n\t\t\t\t\t<\/div>\n\t\t<\/section>\n\t\t\t\t<\/div>","protected":false},"excerpt":{"rendered":"<p>Colectivul disciplinei \u0218ef disciplin\u0103Prof. univ. dr. Nagy El\u0151d-Ern\u0151 &#8211; CV MembriConf. univ. dr. Kov\u00e1cs Zsolt &#8211; CV\u0218ef lucr. dr. Cristina Filip &#8211; CV\u0218ef lucr. dr. Kov\u00e1cs B\u00e9la &#8211; CV\u0218ef lucr. dr. Amalia Pu\u0219ca\u0219 &#8211; CV\u0218ef lucr. dr. Andreea Pricopie &#8211; CV\u0218ef lucr. dr. Cosmina UzunAsist. univ. drd. Cristina-Alexandra Man &#8211; CVAsist. univ. drd. Moln\u00e1r Gyop\u00e1r-Be\u00e1ta [&hellip;]<\/p>\n","protected":false},"author":4,"featured_media":0,"parent":65,"menu_order":0,"comment_status":"closed","ping_status":"closed","template":"","meta":{"_relevanssi_hide_post":"","_relevanssi_hide_content":"","_relevanssi_pin_for_all":"","_relevanssi_pin_keywords":"","_relevanssi_unpin_keywords":"","_relevanssi_related_keywords":"","_relevanssi_related_include_ids":"","_relevanssi_related_exclude_ids":"","_relevanssi_related_no_append":"","_relevanssi_related_not_related":"","_relevanssi_related_posts":"1","_relevanssi_noindex_reason":"","footnotes":""},"categories":[13,31],"tags":[],"class_list":["post-66","page","type-page","status-publish","hentry","category-pagina-cu-sidebar","category-pagina-departamente-si-discipline"],"meta_box":[],"_links":{"self":[{"href":"https:\/\/umfst.ro\/facultatea-de-farmacie\/hu\/wp-json\/wp\/v2\/pages\/66","targetHints":{"allow":["GET"]}}],"collection":[{"href":"https:\/\/umfst.ro\/facultatea-de-farmacie\/hu\/wp-json\/wp\/v2\/pages"}],"about":[{"href":"https:\/\/umfst.ro\/facultatea-de-farmacie\/hu\/wp-json\/wp\/v2\/types\/page"}],"author":[{"embeddable":true,"href":"https:\/\/umfst.ro\/facultatea-de-farmacie\/hu\/wp-json\/wp\/v2\/users\/4"}],"replies":[{"embeddable":true,"href":"https:\/\/umfst.ro\/facultatea-de-farmacie\/hu\/wp-json\/wp\/v2\/comments?post=66"}],"version-history":[{"count":82,"href":"https:\/\/umfst.ro\/facultatea-de-farmacie\/hu\/wp-json\/wp\/v2\/pages\/66\/revisions"}],"predecessor-version":[{"id":3853,"href":"https:\/\/umfst.ro\/facultatea-de-farmacie\/hu\/wp-json\/wp\/v2\/pages\/66\/revisions\/3853"}],"up":[{"embeddable":true,"href":"https:\/\/umfst.ro\/facultatea-de-farmacie\/hu\/wp-json\/wp\/v2\/pages\/65"}],"wp:attachment":[{"href":"https:\/\/umfst.ro\/facultatea-de-farmacie\/hu\/wp-json\/wp\/v2\/media?parent=66"}],"wp:term":[{"taxonomy":"category","embeddable":true,"href":"https:\/\/umfst.ro\/facultatea-de-farmacie\/hu\/wp-json\/wp\/v2\/categories?post=66"},{"taxonomy":"post_tag","embeddable":true,"href":"https:\/\/umfst.ro\/facultatea-de-farmacie\/hu\/wp-json\/wp\/v2\/tags?post=66"}],"curies":[{"name":"wp","href":"https:\/\/api.w.org\/{rel}","templated":true}]}}