{"id":142,"date":"2022-11-24T18:20:06","date_gmt":"2022-11-24T18:20:06","guid":{"rendered":"https:\/\/dev.umfst.ro\/facultatea-de-farmacie\/?page_id=142"},"modified":"2025-10-01T09:07:18","modified_gmt":"2025-10-01T09:07:18","slug":"chimie-farmaceutica","status":"publish","type":"page","link":"https:\/\/umfst.ro\/facultatea-de-farmacie\/departamente-si-discipline\/departamentul-f2\/chimie-farmaceutica\/","title":{"rendered":"Chimie farmaceutic\u0103"},"content":{"rendered":"\t\t<div data-elementor-type=\"wp-page\" data-elementor-id=\"142\" class=\"elementor elementor-142\" data-elementor-post-type=\"page\">\n\t\t\t\t\t\t<section class=\"elementor-section elementor-top-section elementor-element elementor-element-fd5aeb7 elementor-section-boxed elementor-section-height-default elementor-section-height-default\" data-id=\"fd5aeb7\" data-element_type=\"section\" data-e-type=\"section\">\n\t\t\t\t\t\t<div class=\"elementor-container elementor-column-gap-default\">\n\t\t\t\t\t<div class=\"elementor-column elementor-col-50 elementor-top-column elementor-element elementor-element-38ba585\" data-id=\"38ba585\" data-element_type=\"column\" data-e-type=\"column\">\n\t\t\t<div class=\"elementor-widget-wrap elementor-element-populated\">\n\t\t\t\t\t\t<div class=\"elementor-element elementor-element-fe2b000 elementor-widget elementor-widget-text-editor\" data-id=\"fe2b000\" data-element_type=\"widget\" data-e-type=\"widget\" data-widget_type=\"text-editor.default\">\n\t\t\t\t<div class=\"elementor-widget-container\">\n\t\t\t\t\t\t\t\t\t<h2>Colectivul disciplinei<\/h2><p><strong>\u0218ef disciplin\u0103<\/strong><br \/>Prof. univ. dr. Kelemen Hajnal &#8211; <a href=\"https:\/\/umfst.ro\/fileadmin\/f_farmacie\/Cadre_didactice\/CV\/F2\/CV_Kelemen_Hajnal.pdf\">CV<\/a><\/p><p><strong>Membri<\/strong><br \/>Prof. univ. dr. Aura Rusu &#8211; <a href=\"https:\/\/umfst.ro\/fileadmin\/f_farmacie\/Cadre_didactice\/CV\/F2\/CV_Rusu_A.pdf\">CV<\/a><br \/>Prof. univ. dr. Gabriel Hancu &#8211; <a href=\"https:\/\/umfst.ro\/fileadmin\/f_farmacie\/Cadre_didactice\/CV\/F2\/CV_Hancu_Gabriel.pdf\">CV<\/a><br \/>\u015eef lucr. dr. Sz\u00e9kely-Szentmikl\u00f3si Blanka &#8211; <a href=\"https:\/\/umfst.ro\/fileadmin\/f_farmacie\/Cadre_didactice\/CV\/F2\/CV_Szekely_Szentmiklosi_Blanka.pdf\">CV<\/a><br \/>Tehnician Kom\u00e1n Katerina<\/p><h2><strong>Direc\u021bii de cercetare<\/strong><\/h2><ul><li>Proiectarea \u0219i sinteza compu\u0219ilor cu propriet\u0103\u021bi biologice din domeniul farmaceutic <em>(active pharmaceutical ingredients, APIs)<\/em> \u0219i al cosmetologiei <em>(cosmetic ingredients, CIs)<\/em>: complec\u0219i metalici, complec\u0219i cu ciclodextrine, hibrizi \u0219i deriva\u021bi ai unor compu\u0219i cunoscu\u021bi;<\/li><li>Analiza structural\u0103 a compu\u0219ilor nou ob\u021binu\u021bi prin metode spectroscopice, cromatografice, electroforetice \u0219i metode termice;<\/li><li>Analiza structural\u0103, dezvoltarea \u0219i validarea de noi metode analitice (tehnici spectroscopice, cromatografice \u0219i electroforetice, termice) pentru analiza unor substan\u021be de importan\u021b\u0103 farmaceutic\u0103 din materii prime, produse farmaceutice sau dermatocosmetice, probe biologice \u0219i de mediu;<\/li><li>Analiza structural\u0103 a <em>APIs<\/em> \u0219i <em>CIs<\/em> prin metode computa\u021bionale;<\/li><li>Studiul interac\u021biunilor chimice \u0219i incompatibilit\u0103\u021bilor dintre <em>APIs\/CIs<\/em> &#8211; excipien\u021bi;<\/li><li>Dezvoltarea unor metode de electroforez\u0103 capilar\u0103 pentru determinarea substan\u021belor farmaceutice din preparate farmaceutice;<\/li><li>Dezvoltarea unor metode de electroforez\u0103 capilar\u0103 pentru analiza substan\u021belor farmaceutice chirale;<\/li><li>Modelare molecular\u0103 pentru ob\u021binerea de informa\u021bii despre interac\u021biunea dintre selectorii chirali \u0219i enantiomeri \u0219i elucidarea proceselor de recunoa\u0219tere chiral\u0103;<\/li><li>Dezvoltarea unor metode de electroforez\u0103 capilar\u0103 pentru determinarea substan\u021belor farmaceutice din probe biologice;<\/li><li>Contolul impurit\u0103\u021bilor chirale \u0219i achirale a unor substan\u021be de interes farmaceutic prin metode cromatografice \u0219i ekectroforetice;<\/li><li>Aplica\u021bii ale metodelor cromatografice \u0219i electroforetice \u00een analiza alimentelor;<\/li><li>Comunicarea \u00een practica farmaceutic\u0103.<\/li><\/ul>\t\t\t\t\t\t\t\t<\/div>\n\t\t\t\t<\/div>\n\t\t\t\t\t<\/div>\n\t\t<\/div>\n\t\t\t\t<div class=\"elementor-column elementor-col-50 elementor-top-column elementor-element elementor-element-5858dee\" data-id=\"5858dee\" data-element_type=\"column\" data-e-type=\"column\">\n\t\t\t<div class=\"elementor-widget-wrap elementor-element-populated\">\n\t\t\t\t\t\t<section class=\"elementor-section elementor-inner-section elementor-element elementor-element-30d1425 elementor-section-boxed elementor-section-height-default elementor-section-height-default\" data-id=\"30d1425\" data-element_type=\"section\" data-e-type=\"section\">\n\t\t\t\t\t\t<div class=\"elementor-container elementor-column-gap-default\">\n\t\t\t\t\t<div data-dce-background-color=\"#F2F7FF\" class=\"elementor-column elementor-col-100 elementor-inner-column elementor-element elementor-element-4aa19d7\" data-id=\"4aa19d7\" data-element_type=\"column\" data-e-type=\"column\" data-settings=\"{&quot;background_background&quot;:&quot;classic&quot;}\">\n\t\t\t<div class=\"elementor-widget-wrap elementor-element-populated\">\n\t\t\t\t\t\t<div class=\"elementor-element elementor-element-5eec71c elementor-widget elementor-widget-heading\" data-id=\"5eec71c\" data-element_type=\"widget\" data-e-type=\"widget\" data-widget_type=\"heading.default\">\n\t\t\t\t<div class=\"elementor-widget-container\">\n\t\t\t\t\t<h5 class=\"elementor-heading-title elementor-size-default\">Contact<\/h5>\t\t\t\t<\/div>\n\t\t\t\t<\/div>\n\t\t\t\t<div class=\"elementor-element elementor-element-5e4879c elementor-widget-divider--view-line elementor-widget elementor-widget-divider\" data-id=\"5e4879c\" data-element_type=\"widget\" data-e-type=\"widget\" data-widget_type=\"divider.default\">\n\t\t\t\t<div class=\"elementor-widget-container\">\n\t\t\t\t\t\t\t<div class=\"elementor-divider\">\n\t\t\t<span class=\"elementor-divider-separator\">\n\t\t\t\t\t\t<\/span>\n\t\t<\/div>\n\t\t\t\t\t\t<\/div>\n\t\t\t\t<\/div>\n\t\t\t\t<div class=\"elementor-element elementor-element-db07acf elementor-widget elementor-widget-icon-box\" data-id=\"db07acf\" data-element_type=\"widget\" data-e-type=\"widget\" data-widget_type=\"icon-box.default\">\n\t\t\t\t<div class=\"elementor-widget-container\">\n\t\t\t\t\t\t\t<div class=\"elementor-icon-box-wrapper\">\n\n\t\t\t\n\t\t\t\t\t\t<div class=\"elementor-icon-box-content\">\n\n\t\t\t\t\t\t\t\t\t<h3 class=\"elementor-icon-box-title\">\n\t\t\t\t\t\t<span  >\n\t\t\t\t\t\t\tAdres\u0103\t\t\t\t\t\t<\/span>\n\t\t\t\t\t<\/h3>\n\t\t\t\t\n\t\t\t\t\t\t\t\t\t<p class=\"elementor-icon-box-description\">\n\t\t\t\t\t\tCl\u0103direa Facult\u0103\u021bii de Farmacie <\/br>\nStr. Gheorghe Marinescu Nr. 38 <\/br>\nT\u00e2rgu Mure\u0219, 540142\nRom\u00e2nia\t\t\t\t\t<\/p>\n\t\t\t\t\n\t\t\t<\/div>\n\t\t\t\n\t\t<\/div>\n\t\t\t\t\t\t<\/div>\n\t\t\t\t<\/div>\n\t\t\t\t<div class=\"elementor-element elementor-element-5902aab elementor-widget elementor-widget-icon-box\" data-id=\"5902aab\" data-element_type=\"widget\" data-e-type=\"widget\" data-widget_type=\"icon-box.default\">\n\t\t\t\t<div class=\"elementor-widget-container\">\n\t\t\t\t\t\t\t<div class=\"elementor-icon-box-wrapper\">\n\n\t\t\t\n\t\t\t\t\t\t<div class=\"elementor-icon-box-content\">\n\n\t\t\t\t\t\t\t\t\t<h3 class=\"elementor-icon-box-title\">\n\t\t\t\t\t\t<span  >\n\t\t\t\t\t\t\t\u0218ef disciplin\u0103\t\t\t\t\t\t<\/span>\n\t\t\t\t\t<\/h3>\n\t\t\t\t\n\t\t\t\t\t\t\t\t\t<p class=\"elementor-icon-box-description\">\n\t\t\t\t\t\t corp C1, demisol cam. 28\t\t\t\t\t<\/p>\n\t\t\t\t\n\t\t\t<\/div>\n\t\t\t\n\t\t<\/div>\n\t\t\t\t\t\t<\/div>\n\t\t\t\t<\/div>\n\t\t\t\t<div class=\"elementor-element elementor-element-fbb8812 elementor-widget elementor-widget-icon-box\" data-id=\"fbb8812\" data-element_type=\"widget\" data-e-type=\"widget\" data-widget_type=\"icon-box.default\">\n\t\t\t\t<div class=\"elementor-widget-container\">\n\t\t\t\t\t\t\t<div class=\"elementor-icon-box-wrapper\">\n\n\t\t\t\n\t\t\t\t\t\t<div class=\"elementor-icon-box-content\">\n\n\t\t\t\t\t\t\t\t\t<h3 class=\"elementor-icon-box-title\">\n\t\t\t\t\t\t<span  >\n\t\t\t\t\t\t\tMembri disciplin\u0103\t\t\t\t\t\t<\/span>\n\t\t\t\t\t<\/h3>\n\t\t\t\t\n\t\t\t\t\t\t\t\t\t<p class=\"elementor-icon-box-description\">\n\t\t\t\t\t\t- corp C1  demisol, cam 29 <\/br>  - corp  C2,  u\u0219\u0103 de acces 79, cam 81\t\t\t\t\t<\/p>\n\t\t\t\t\n\t\t\t<\/div>\n\t\t\t\n\t\t<\/div>\n\t\t\t\t\t\t<\/div>\n\t\t\t\t<\/div>\n\t\t\t\t<div class=\"elementor-element elementor-element-3b93573 elementor-widget elementor-widget-icon-box\" data-id=\"3b93573\" data-element_type=\"widget\" data-e-type=\"widget\" data-widget_type=\"icon-box.default\">\n\t\t\t\t<div class=\"elementor-widget-container\">\n\t\t\t\t\t\t\t<div class=\"elementor-icon-box-wrapper\">\n\n\t\t\t\n\t\t\t\t\t\t<div class=\"elementor-icon-box-content\">\n\n\t\t\t\t\t\t\t\t\t<h3 class=\"elementor-icon-box-title\">\n\t\t\t\t\t\t<span  >\n\t\t\t\t\t\t\tLaborator\t\t\t\t\t\t<\/span>\n\t\t\t\t\t<\/h3>\n\t\t\t\t\n\t\t\t\t\t\t\t\t\t<p class=\"elementor-icon-box-description\">\n\t\t\t\t\t\t- corp C2, u\u0219a de acces 63\t\t\t\t\t<\/p>\n\t\t\t\t\n\t\t\t<\/div>\n\t\t\t\n\t\t<\/div>\n\t\t\t\t\t\t<\/div>\n\t\t\t\t<\/div>\n\t\t\t\t<div class=\"elementor-element elementor-element-8f05570 elementor-widget elementor-widget-icon-box\" data-id=\"8f05570\" data-element_type=\"widget\" data-e-type=\"widget\" data-widget_type=\"icon-box.default\">\n\t\t\t\t<div class=\"elementor-widget-container\">\n\t\t\t\t\t\t\t<div class=\"elementor-icon-box-wrapper\">\n\n\t\t\t\n\t\t\t\t\t\t<div class=\"elementor-icon-box-content\">\n\n\t\t\t\t\t\t\t\t\t<h3 class=\"elementor-icon-box-title\">\n\t\t\t\t\t\t<span  >\n\t\t\t\t\t\t\tTelefon\t\t\t\t\t\t<\/span>\n\t\t\t\t\t<\/h3>\n\t\t\t\t\n\t\t\t\t\t\t\t\t\t<p class=\"elementor-icon-box-description\">\n\t\t\t\t\t\t+40-265-215.551, int. 363, 375\t\t\t\t\t<\/p>\n\t\t\t\t\n\t\t\t<\/div>\n\t\t\t\n\t\t<\/div>\n\t\t\t\t\t\t<\/div>\n\t\t\t\t<\/div>\n\t\t\t\t\t<\/div>\n\t\t<\/div>\n\t\t\t\t\t<\/div>\n\t\t<\/section>\n\t\t\t\t\t<\/div>\n\t\t<\/div>\n\t\t\t\t\t<\/div>\n\t\t<\/section>\n\t\t\t\t<\/div>\n\t\t","protected":false},"excerpt":{"rendered":"<p>Colectivul disciplinei \u0218ef disciplin\u0103Prof. univ. dr. Kelemen Hajnal &#8211; CV MembriProf. univ. dr. Aura Rusu &#8211; CVProf. univ. dr. Gabriel Hancu &#8211; CV\u015eef lucr. dr. Sz\u00e9kely-Szentmikl\u00f3si Blanka &#8211; CVTehnician Kom\u00e1n Katerina Direc\u021bii de cercetare Proiectarea \u0219i sinteza compu\u0219ilor cu propriet\u0103\u021bi biologice din domeniul farmaceutic (active pharmaceutical ingredients, APIs) \u0219i al cosmetologiei (cosmetic ingredients, CIs): complec\u0219i [&hellip;]<\/p>\n","protected":false},"author":4,"featured_media":0,"parent":141,"menu_order":0,"comment_status":"closed","ping_status":"closed","template":"","meta":{"_relevanssi_hide_post":"","_relevanssi_hide_content":"","_relevanssi_pin_for_all":"","_relevanssi_pin_keywords":"","_relevanssi_unpin_keywords":"","_relevanssi_related_keywords":"","_relevanssi_related_include_ids":"","_relevanssi_related_exclude_ids":"","_relevanssi_related_no_append":"","_relevanssi_related_not_related":"","_relevanssi_related_posts":"1","_relevanssi_noindex_reason":"","footnotes":""},"categories":[13,31],"tags":[],"class_list":["post-142","page","type-page","status-publish","hentry","category-pagina-cu-sidebar","category-pagina-departamente-si-discipline"],"meta_box":[],"_links":{"self":[{"href":"https:\/\/umfst.ro\/facultatea-de-farmacie\/wp-json\/wp\/v2\/pages\/142","targetHints":{"allow":["GET"]}}],"collection":[{"href":"https:\/\/umfst.ro\/facultatea-de-farmacie\/wp-json\/wp\/v2\/pages"}],"about":[{"href":"https:\/\/umfst.ro\/facultatea-de-farmacie\/wp-json\/wp\/v2\/types\/page"}],"author":[{"embeddable":true,"href":"https:\/\/umfst.ro\/facultatea-de-farmacie\/wp-json\/wp\/v2\/users\/4"}],"replies":[{"embeddable":true,"href":"https:\/\/umfst.ro\/facultatea-de-farmacie\/wp-json\/wp\/v2\/comments?post=142"}],"version-history":[{"count":34,"href":"https:\/\/umfst.ro\/facultatea-de-farmacie\/wp-json\/wp\/v2\/pages\/142\/revisions"}],"predecessor-version":[{"id":3871,"href":"https:\/\/umfst.ro\/facultatea-de-farmacie\/wp-json\/wp\/v2\/pages\/142\/revisions\/3871"}],"up":[{"embeddable":true,"href":"https:\/\/umfst.ro\/facultatea-de-farmacie\/wp-json\/wp\/v2\/pages\/141"}],"wp:attachment":[{"href":"https:\/\/umfst.ro\/facultatea-de-farmacie\/wp-json\/wp\/v2\/media?parent=142"}],"wp:term":[{"taxonomy":"category","embeddable":true,"href":"https:\/\/umfst.ro\/facultatea-de-farmacie\/wp-json\/wp\/v2\/categories?post=142"},{"taxonomy":"post_tag","embeddable":true,"href":"https:\/\/umfst.ro\/facultatea-de-farmacie\/wp-json\/wp\/v2\/tags?post=142"}],"curies":[{"name":"wp","href":"https:\/\/api.w.org\/{rel}","templated":true}]}}