{"id":211,"date":"2022-11-25T19:04:52","date_gmt":"2022-11-25T19:04:52","guid":{"rendered":"https:\/\/dev.umfst.ro\/facultatea-de-farmacie\/?page_id=211"},"modified":"2024-01-15T17:38:10","modified_gmt":"2024-01-15T17:38:10","slug":"oferta-educationala","status":"publish","type":"page","link":"https:\/\/umfst.ro\/facultatea-de-farmacie\/oferta-educationala\/","title":{"rendered":"Oferta educa\u021bional\u0103"},"content":{"rendered":"\t\t<div data-elementor-type=\"wp-post\" data-elementor-id=\"211\" class=\"elementor elementor-211\" data-elementor-post-type=\"page\">\n\t\t\t\t\t\t<section class=\"elementor-section elementor-top-section elementor-element elementor-element-5fde121b elementor-section-boxed elementor-section-height-default elementor-section-height-default\" data-id=\"5fde121b\" data-element_type=\"section\" data-e-type=\"section\">\n\t\t\t\t\t\t<div class=\"elementor-container elementor-column-gap-default\">\n\t\t\t\t\t<div class=\"elementor-column elementor-col-100 elementor-top-column elementor-element elementor-element-14cabf14\" data-id=\"14cabf14\" data-element_type=\"column\" data-e-type=\"column\">\n\t\t\t<div class=\"elementor-widget-wrap elementor-element-populated\">\n\t\t\t\t\t\t<div class=\"elementor-element elementor-element-4879a066 elementor-widget elementor-widget-text-editor\" data-id=\"4879a066\" data-element_type=\"widget\" data-e-type=\"widget\" data-widget_type=\"text-editor.default\">\n\t\t\t\t<div class=\"elementor-widget-container\">\n\t\t\t\t\t\t\t\t\t<p><\/p>\n<p><\/p>\n<p><\/p>\n<p><\/p>\n<figure class=\"wp-block-table\">\n<table>\n<tbody>\n<tr>\n<td><strong>Oferta educa\u021bional\u0103 &#8211; Facultatea de Farmacie<\/strong><\/td>\n<\/tr>\n<tr>\n<td><strong>Nivel \/ Program de studii<\/strong><\/td>\n<td>Situa\u021bie ARACIS<\/td>\n<td>Durata studiilor<\/td>\n<td>Num\u0103r de credite<\/td>\n<td>Limbade studiu<\/td>\n<\/tr>\n<tr>\n<td>Licen\u021b\u0103 \/\u00a0<strong>Farmacie<\/strong><\/td>\n<td>Acreditat<\/td>\n<td>5 ani<\/td>\n<td>300<\/td>\n<td>Rom\u00e2n\u0103 \/ Maghiar\u0103<\/td>\n<\/tr>\n<tr>\n<td>Licen\u021b\u0103 \/\u00a0<strong>Cosmetic\u0103 medical\u0103 \u015fi tehnologia produsului cosmetic<\/strong><\/td>\n<td>Acreditat<\/td>\n<td>3 ani<\/td>\n<td>180<\/td>\n<td>Rom\u00e2n\u0103<\/td>\n<\/tr>\n<tr>\n<td>Licen\u021b\u0103 \/\u00a0<strong>Chimie medical\u0103<\/strong><\/td>\n<td>Autorizat<\/td>\n<td>3 ani<\/td>\n<td>180<\/td>\n<td>Rom\u00e2n\u0103<\/td>\n<\/tr>\n<tr>\n<td>Licen\u021b\u0103 \/\u00a0<strong>Chimie tehnologic\u0103<\/strong><\/td>\n<td>Autorizat<\/td>\n<td>3 ani<\/td>\n<td>180<\/td>\n<td>Rom\u00e2n\u0103<\/td>\n<\/tr>\n\n<tr>\n<td>Licen\u021b\u0103 \/\u00a0<strong>Asisten\u021b\u0103 de farmacie<\/strong><\/td>\n<td>Autorizat<\/td>\n<td>3 ani<\/td>\n<td>180<\/td>\n<td>Rom\u00e2n\u0103<\/td>\n<\/tr>\n<tr>\n<td>Masterat \/\u00a0<strong>Calitatea medicamentului, alimentului \u0219i mediului<\/strong><\/td>\n<td>Acreditat<\/td>\n<td>1 an<\/td>\n<td>60<\/td>\n<td>Rom\u00e2n\u0103<\/td>\n<\/tr>\n<tr>\n<td>Masterat \/\u00a0<strong>Cosmetologie \u0219i dermofarmacie<\/strong><\/td>\n<td>Acreditat<\/td>\n<td>2 ani<\/td>\n<td>120<\/td>\n<td>Rom\u00e2n\u0103<\/td>\n<\/tr>\n<tr>\n<td>Masterat \/\u00a0<strong>Biotehnologie medical\u0103<\/strong><\/td>\n<td>Acreditat<\/td>\n<td>1 an<\/td>\n<td>60<\/td>\n<td>Maghiar\u0103<\/td>\n<\/tr>\n<tr>\n<td>Masterat \/\u00a0<strong> Masterat Medicamentul de la uz la abuz\/Farmacovigilen\u021b\u0103 \u0219i reglementare<\/strong><\/td>\n<td>Acreditat<\/td>\n<td>2 ani<\/td>\n<td>120<\/td>\n<td>Rom\u00e2n\u0103<\/td>\n<\/tr>\n<tr>\n<td><strong>Doctorat<\/strong><\/td>\n<td>Preg\u0103tire doctoral\u0103 \u00een domeniul Farmacie \u0219i Medicin\u0103<\/td>\n<\/tr>\n<tr>\n<td><strong>Preg\u0103tire postuniversitar\u0103<\/strong><\/td>\n<td>Preg\u0103tire \u00een reziden\u021biat \u0219i cursuri postuniversitare<\/td>\n<\/tr>\n<\/tbody>\n<\/table>\n<\/figure>\n<p><\/p>\n<p><\/p>\n<p><\/p>\n<p><\/p>\n<p><\/p>\n<p><\/p>\n<p><\/p>\t\t\t\t\t\t\t\t<\/div>\n\t\t\t\t<\/div>\n\t\t\t\t\t<\/div>\n\t\t<\/div>\n\t\t\t\t\t<\/div>\n\t\t<\/section>\n\t\t\t\t<\/div>\n\t\t","protected":false},"excerpt":{"rendered":"","protected":false},"author":4,"featured_media":0,"parent":0,"menu_order":4,"comment_status":"closed","ping_status":"closed","template":"","meta":{"_relevanssi_hide_post":"","_relevanssi_hide_content":"","_relevanssi_pin_for_all":"","_relevanssi_pin_keywords":"","_relevanssi_unpin_keywords":"","_relevanssi_related_keywords":"","_relevanssi_related_include_ids":"","_relevanssi_related_exclude_ids":"","_relevanssi_related_no_append":"","_relevanssi_related_not_related":"","_relevanssi_related_posts":"1","_relevanssi_noindex_reason":"","footnotes":""},"categories":[13,32],"tags":[],"class_list":["post-211","page","type-page","status-publish","hentry","category-pagina-cu-sidebar","category-pagina-oferta-educationala"],"meta_box":[],"_links":{"self":[{"href":"https:\/\/umfst.ro\/facultatea-de-farmacie\/wp-json\/wp\/v2\/pages\/211","targetHints":{"allow":["GET"]}}],"collection":[{"href":"https:\/\/umfst.ro\/facultatea-de-farmacie\/wp-json\/wp\/v2\/pages"}],"about":[{"href":"https:\/\/umfst.ro\/facultatea-de-farmacie\/wp-json\/wp\/v2\/types\/page"}],"author":[{"embeddable":true,"href":"https:\/\/umfst.ro\/facultatea-de-farmacie\/wp-json\/wp\/v2\/users\/4"}],"replies":[{"embeddable":true,"href":"https:\/\/umfst.ro\/facultatea-de-farmacie\/wp-json\/wp\/v2\/comments?post=211"}],"version-history":[{"count":20,"href":"https:\/\/umfst.ro\/facultatea-de-farmacie\/wp-json\/wp\/v2\/pages\/211\/revisions"}],"predecessor-version":[{"id":2970,"href":"https:\/\/umfst.ro\/facultatea-de-farmacie\/wp-json\/wp\/v2\/pages\/211\/revisions\/2970"}],"wp:attachment":[{"href":"https:\/\/umfst.ro\/facultatea-de-farmacie\/wp-json\/wp\/v2\/media?parent=211"}],"wp:term":[{"taxonomy":"category","embeddable":true,"href":"https:\/\/umfst.ro\/facultatea-de-farmacie\/wp-json\/wp\/v2\/categories?post=211"},{"taxonomy":"post_tag","embeddable":true,"href":"https:\/\/umfst.ro\/facultatea-de-farmacie\/wp-json\/wp\/v2\/tags?post=211"}],"curies":[{"name":"wp","href":"https:\/\/api.w.org\/{rel}","templated":true}]}}