{"id":2230,"date":"2023-10-08T19:30:04","date_gmt":"2023-10-08T19:30:04","guid":{"rendered":"https:\/\/dev.umfst.ro\/facultatea-de-farmacie\/?page_id=2230"},"modified":"2025-04-29T06:47:44","modified_gmt":"2025-04-29T06:47:44","slug":"teste-licenta","status":"publish","type":"page","link":"https:\/\/umfst.ro\/facultatea-de-farmacie\/informatii-studenti\/informatii-specifice-facultatii\/examen-licenta\/teste-licenta\/","title":{"rendered":"Teste licen\u021b\u0103"},"content":{"rendered":"\t\t<div data-elementor-type=\"wp-page\" data-elementor-id=\"2230\" class=\"elementor elementor-2230\" data-elementor-post-type=\"page\">\n\t\t\t\t\t\t<section class=\"elementor-section elementor-top-section elementor-element elementor-element-7ef9abad elementor-hidden-widescreen elementor-hidden-desktop elementor-hidden-tablet elementor-hidden-mobile elementor-section-boxed elementor-section-height-default elementor-section-height-default\" data-id=\"7ef9abad\" data-element_type=\"section\" data-e-type=\"section\">\n\t\t\t\t\t\t<div class=\"elementor-container elementor-column-gap-default\">\n\t\t\t\t\t<div class=\"elementor-column elementor-col-100 elementor-top-column elementor-element elementor-element-140c3362\" data-id=\"140c3362\" data-element_type=\"column\" data-e-type=\"column\">\n\t\t\t<div class=\"elementor-widget-wrap elementor-element-populated\">\n\t\t\t\t\t\t<div class=\"elementor-element elementor-element-7d7ebbe9 elementor-widget elementor-widget-text-editor\" data-id=\"7d7ebbe9\" data-element_type=\"widget\" data-e-type=\"widget\" data-widget_type=\"text-editor.default\">\n\t\t\t\t<div class=\"elementor-widget-container\">\n\t\t\t\t\t\t\t\t\t<div id=\"c11306\" class=\"frame frame-default frame-type-text frame-layout-0\"><header>\n<h2>\u00centreb\u0103ri tip pentru examenul de licen\u021b\u0103 &#8211; 2023<\/h2>\n<\/header>\n<p>Program de studiu Farmacie<\/p>\n<p><a href=\"https:\/\/www.umfst.ro\/fileadmin\/f_farmacie\/licenta\/2023\/Teste_Model_Licenta_Cosmetica_2023.pdf\">Program de studiu Cosmetic\u0103 medical\u0103 \u0219i tehnologia produsului cosmetic<\/a><\/p>\n<\/div>\n<div id=\"c9756\" class=\"frame frame-default frame-type-text frame-layout-0\"><header>\n<h2>\u00centreb\u0103ri tip pentru examenul de licen\u021b\u0103 &#8211; 2021<\/h2>\n<\/header>\n<p><a class=\"download\" href=\"https:\/\/www.umfst.ro\/fileadmin\/f_farmacie\/licenta\/2021\/Licenta_2021__program_de_studii_Farmacie__model_teste_de_examen.pdf\">Program de studiu Farmacie<\/a><\/p>\n<p><a href=\"https:\/\/www.umfst.ro\/fileadmin\/f_farmacie\/licenta\/2021\/Teste_Model_Licenta_Cosmetica_2021.pdf\">Program de studiu Cosmetic\u0103 medical\u0103 \u0219i tehnologia produsului cosmetic<\/a><\/p>\n<\/div>\n<div id=\"c2996\" class=\"frame frame-default frame-type-text frame-layout-0\"><header>\n<h2>\u00centreb\u0103ri tip pentru examenul de licen\u021b\u0103 &#8211; 2020<\/h2>\n<\/header>\n<p><a href=\"https:\/\/www.umfst.ro\/fileadmin\/f_farmacie\/licenta\/2014\/F.pdf\">Program de studiu Farmacie<\/a><\/p>\n<p><a class=\"download\" href=\"https:\/\/www.umfst.ro\/fileadmin\/f_farmacie\/licenta\/2018\/Teste_Model_Licenta_Cosmetica_2018.pdf\">Program de studiu Cosmetic\u0103 medical\u0103 \u0219i tehnologia produsului cosmetic<\/a><\/p>\n<\/div>\t\t\t\t\t\t\t\t<\/div>\n\t\t\t\t<\/div>\n\t\t\t\t\t<\/div>\n\t\t<\/div>\n\t\t\t\t\t<\/div>\n\t\t<\/section>\n\t\t\t\t<\/div>\n\t\t","protected":false},"excerpt":{"rendered":"<p>\u00centreb\u0103ri tip pentru examenul de licen\u021b\u0103 &#8211; 2023 Program de studiu Farmacie Program de studiu Cosmetic\u0103 medical\u0103 \u0219i tehnologia produsului cosmetic \u00centreb\u0103ri tip pentru examenul de licen\u021b\u0103 &#8211; 2021 Program de studiu Farmacie Program de studiu Cosmetic\u0103 medical\u0103 \u0219i tehnologia produsului cosmetic \u00centreb\u0103ri tip pentru examenul de licen\u021b\u0103 &#8211; 2020 Program de studiu Farmacie Program [&hellip;]<\/p>\n","protected":false},"author":25,"featured_media":0,"parent":256,"menu_order":0,"comment_status":"closed","ping_status":"closed","template":"","meta":{"_relevanssi_hide_post":"","_relevanssi_hide_content":"","_relevanssi_pin_for_all":"","_relevanssi_pin_keywords":"","_relevanssi_unpin_keywords":"","_relevanssi_related_keywords":"","_relevanssi_related_include_ids":"","_relevanssi_related_exclude_ids":"","_relevanssi_related_no_append":"","_relevanssi_related_not_related":"","_relevanssi_related_posts":"1","_relevanssi_noindex_reason":"","footnotes":""},"categories":[13,33],"tags":[],"class_list":["post-2230","page","type-page","status-publish","hentry","category-pagina-cu-sidebar","category-pagina-studenti"],"meta_box":[],"_links":{"self":[{"href":"https:\/\/umfst.ro\/facultatea-de-farmacie\/wp-json\/wp\/v2\/pages\/2230","targetHints":{"allow":["GET"]}}],"collection":[{"href":"https:\/\/umfst.ro\/facultatea-de-farmacie\/wp-json\/wp\/v2\/pages"}],"about":[{"href":"https:\/\/umfst.ro\/facultatea-de-farmacie\/wp-json\/wp\/v2\/types\/page"}],"author":[{"embeddable":true,"href":"https:\/\/umfst.ro\/facultatea-de-farmacie\/wp-json\/wp\/v2\/users\/25"}],"replies":[{"embeddable":true,"href":"https:\/\/umfst.ro\/facultatea-de-farmacie\/wp-json\/wp\/v2\/comments?post=2230"}],"version-history":[{"count":5,"href":"https:\/\/umfst.ro\/facultatea-de-farmacie\/wp-json\/wp\/v2\/pages\/2230\/revisions"}],"predecessor-version":[{"id":3482,"href":"https:\/\/umfst.ro\/facultatea-de-farmacie\/wp-json\/wp\/v2\/pages\/2230\/revisions\/3482"}],"up":[{"embeddable":true,"href":"https:\/\/umfst.ro\/facultatea-de-farmacie\/wp-json\/wp\/v2\/pages\/256"}],"wp:attachment":[{"href":"https:\/\/umfst.ro\/facultatea-de-farmacie\/wp-json\/wp\/v2\/media?parent=2230"}],"wp:term":[{"taxonomy":"category","embeddable":true,"href":"https:\/\/umfst.ro\/facultatea-de-farmacie\/wp-json\/wp\/v2\/categories?post=2230"},{"taxonomy":"post_tag","embeddable":true,"href":"https:\/\/umfst.ro\/facultatea-de-farmacie\/wp-json\/wp\/v2\/tags?post=2230"}],"curies":[{"name":"wp","href":"https:\/\/api.w.org\/{rel}","templated":true}]}}