{"id":226,"date":"2022-11-25T19:20:18","date_gmt":"2022-11-25T19:20:18","guid":{"rendered":"https:\/\/dev.umfst.ro\/facultatea-de-farmacie\/?page_id=226"},"modified":"2025-06-02T07:41:19","modified_gmt":"2025-06-02T07:41:19","slug":"pregatire-postuniversitara","status":"publish","type":"page","link":"https:\/\/umfst.ro\/facultatea-de-farmacie\/oferta-educationala\/pregatire-postuniversitara\/","title":{"rendered":"Preg\u0103tire postuniversitar\u0103"},"content":{"rendered":"\t\t<div data-elementor-type=\"wp-page\" data-elementor-id=\"226\" class=\"elementor elementor-226\" data-elementor-post-type=\"page\">\n\t\t\t\t\t\t<section class=\"elementor-section elementor-top-section elementor-element elementor-element-6ba1b289 elementor-section-boxed elementor-section-height-default elementor-section-height-default\" data-id=\"6ba1b289\" data-element_type=\"section\" data-e-type=\"section\">\n\t\t\t\t\t\t<div class=\"elementor-container elementor-column-gap-default\">\n\t\t\t\t\t<div class=\"elementor-column elementor-col-100 elementor-top-column elementor-element elementor-element-67ba489\" data-id=\"67ba489\" data-element_type=\"column\" data-e-type=\"column\">\n\t\t\t<div class=\"elementor-widget-wrap elementor-element-populated\">\n\t\t\t\t\t\t<div class=\"elementor-element elementor-element-e035a0b elementor-widget elementor-widget-text-editor\" data-id=\"e035a0b\" data-element_type=\"widget\" data-e-type=\"widget\" data-widget_type=\"text-editor.default\">\n\t\t\t\t<div class=\"elementor-widget-container\">\n\t\t\t\t\t\t\t\t\t\n<h2 class=\"wp-block-heading\">PREG\u0102TIRE POSTUNIVERSITAR\u0102<\/h2>\n\n<p><strong>REZIDEN\u021aIAT\u00a0<\/strong><\/p>\n\n<p>Reziden\u021biatul reprezint\u0103 forma specific\u0103 de \u00eenv\u0103\u021b\u0103m\u00e2nt postuniversitar pentru absolven\u021bii licen\u021bia\u021bi ai programului de studii farmacie, asigur\u00e2ndu-le acestora preg\u0103tirea necesar\u0103 ob\u021binerii uneia dintre specialit\u0103\u021bile cuprinse \u00een Nomenclatorul specialit\u0103\u021bilor farmaceutice pentru re\u021beaua de asisten\u021b\u0103 medical\u0103. Specialit\u0103\u0163ile de reziden\u0163iat sunt:\u00a0<strong>Farmacie clinic\u0103, Analize medico-farmaceutice de laborator (fosta specializare Laborator farmaceutic), Farmacie general\u0103, Industrie farmaceutic\u0103 \u0219i cosmetic\u0103.<\/strong><\/p>\n\n<p>Preg\u0103tirea \u00een reziden\u021biat se desf\u0103\u0219oar\u0103 pentru fiecare specialitate conform curriculei de preg\u0103tire \u0219i este coordonat\u0103 de c\u0103tre speciali\u015fti care sunt cadre didactice cu primariat \/ preg\u0103tire de specialitate de reziden\u0163iat \u00een domeniul pe care \u00eel coordoneaz\u0103. Stagiile de preg\u0103tire sunt \u00eendrumate de c\u0103tre speciali\u015fti \u00een domeniu \u015fi care sunt cadre didactice din universitate.<\/p>\n\n<p>Detalii &#8211; click\u00a0<a href=\"https:\/\/umfst.ro\/info-studenti\/rezidentiat\/\">aici<\/a><\/p>\n\n<p><strong>CURSURI DE FORMARE PROFESIONAL\u0102 CONTINU\u0102<\/strong><\/p>\n\n<p>Cursurile postuniversitare organizate de Facultatea de Farmacie au un impact pozitiv la nivelul ora\u0219ului\/jude\u021bului\/\u021b\u0103rii, tematica corespunde fie unui domeniu de studiu, fie unei specialit\u0103\u021bi interdisciplinare.<\/p>\n\n<p>Detalii &#8211; click\u00a0<a href=\"https:\/\/umfst.ro\/info-studenti\/studii\/postuniversitar\/formare-continua\/\">aici<\/a><\/p>\n\t\t\t\t\t\t\t\t<\/div>\n\t\t\t\t<\/div>\n\t\t\t\t\t<\/div>\n\t\t<\/div>\n\t\t\t\t\t<\/div>\n\t\t<\/section>\n\t\t\t\t<\/div>\n\t\t","protected":false},"excerpt":{"rendered":"<p>PREG\u0102TIRE POSTUNIVERSITAR\u0102 REZIDEN\u021aIAT\u00a0 Reziden\u021biatul reprezint\u0103 forma specific\u0103 de \u00eenv\u0103\u021b\u0103m\u00e2nt postuniversitar pentru absolven\u021bii licen\u021bia\u021bi ai programului de studii farmacie, asigur\u00e2ndu-le acestora preg\u0103tirea necesar\u0103 ob\u021binerii uneia dintre specialit\u0103\u021bile cuprinse \u00een Nomenclatorul specialit\u0103\u021bilor farmaceutice pentru re\u021beaua de asisten\u021b\u0103 medical\u0103. Specialit\u0103\u0163ile de reziden\u0163iat sunt:\u00a0Farmacie clinic\u0103, Analize medico-farmaceutice de laborator (fosta specializare Laborator farmaceutic), Farmacie general\u0103, Industrie farmaceutic\u0103 \u0219i cosmetic\u0103. [&hellip;]<\/p>\n","protected":false},"author":4,"featured_media":0,"parent":211,"menu_order":0,"comment_status":"closed","ping_status":"closed","template":"","meta":{"_relevanssi_hide_post":"","_relevanssi_hide_content":"","_relevanssi_pin_for_all":"","_relevanssi_pin_keywords":"","_relevanssi_unpin_keywords":"","_relevanssi_related_keywords":"","_relevanssi_related_include_ids":"","_relevanssi_related_exclude_ids":"","_relevanssi_related_no_append":"","_relevanssi_related_not_related":"","_relevanssi_related_posts":"1","_relevanssi_noindex_reason":"","footnotes":""},"categories":[13,32],"tags":[],"class_list":["post-226","page","type-page","status-publish","hentry","category-pagina-cu-sidebar","category-pagina-oferta-educationala"],"meta_box":[],"_links":{"self":[{"href":"https:\/\/umfst.ro\/facultatea-de-farmacie\/wp-json\/wp\/v2\/pages\/226","targetHints":{"allow":["GET"]}}],"collection":[{"href":"https:\/\/umfst.ro\/facultatea-de-farmacie\/wp-json\/wp\/v2\/pages"}],"about":[{"href":"https:\/\/umfst.ro\/facultatea-de-farmacie\/wp-json\/wp\/v2\/types\/page"}],"author":[{"embeddable":true,"href":"https:\/\/umfst.ro\/facultatea-de-farmacie\/wp-json\/wp\/v2\/users\/4"}],"replies":[{"embeddable":true,"href":"https:\/\/umfst.ro\/facultatea-de-farmacie\/wp-json\/wp\/v2\/comments?post=226"}],"version-history":[{"count":8,"href":"https:\/\/umfst.ro\/facultatea-de-farmacie\/wp-json\/wp\/v2\/pages\/226\/revisions"}],"predecessor-version":[{"id":3711,"href":"https:\/\/umfst.ro\/facultatea-de-farmacie\/wp-json\/wp\/v2\/pages\/226\/revisions\/3711"}],"up":[{"embeddable":true,"href":"https:\/\/umfst.ro\/facultatea-de-farmacie\/wp-json\/wp\/v2\/pages\/211"}],"wp:attachment":[{"href":"https:\/\/umfst.ro\/facultatea-de-farmacie\/wp-json\/wp\/v2\/media?parent=226"}],"wp:term":[{"taxonomy":"category","embeddable":true,"href":"https:\/\/umfst.ro\/facultatea-de-farmacie\/wp-json\/wp\/v2\/categories?post=226"},{"taxonomy":"post_tag","embeddable":true,"href":"https:\/\/umfst.ro\/facultatea-de-farmacie\/wp-json\/wp\/v2\/tags?post=226"}],"curies":[{"name":"wp","href":"https:\/\/api.w.org\/{rel}","templated":true}]}}