{"id":254,"date":"2022-11-25T19:47:56","date_gmt":"2022-11-25T19:47:56","guid":{"rendered":"https:\/\/dev.umfst.ro\/facultatea-de-farmacie\/?page_id=254"},"modified":"2024-10-16T15:45:48","modified_gmt":"2024-10-16T15:45:48","slug":"stagiu-profesional","status":"publish","type":"page","link":"https:\/\/umfst.ro\/facultatea-de-farmacie\/informatii-studenti\/informatii-specifice-facultatii\/practica-de-specialitate\/stagiu-profesional\/","title":{"rendered":"Stagiu profesional"},"content":{"rendered":"\t\t<div data-elementor-type=\"wp-page\" data-elementor-id=\"254\" class=\"elementor elementor-254\" data-elementor-post-type=\"page\">\n\t\t\t\t\t\t<section class=\"elementor-section elementor-top-section elementor-element elementor-element-2aa2d702 elementor-section-boxed elementor-section-height-default elementor-section-height-default\" data-id=\"2aa2d702\" data-element_type=\"section\" data-e-type=\"section\">\n\t\t\t\t\t\t<div class=\"elementor-container elementor-column-gap-default\">\n\t\t\t\t\t<div class=\"elementor-column elementor-col-100 elementor-top-column elementor-element elementor-element-1d8558fb\" data-id=\"1d8558fb\" data-element_type=\"column\" data-e-type=\"column\">\n\t\t\t<div class=\"elementor-widget-wrap elementor-element-populated\">\n\t\t\t\t\t\t<div class=\"elementor-element elementor-element-74658ed elementor-widget elementor-widget-text-editor\" data-id=\"74658ed\" data-element_type=\"widget\" data-e-type=\"widget\" data-widget_type=\"text-editor.default\">\n\t\t\t\t<div class=\"elementor-widget-container\">\n\t\t\t\t\t\t\t\t\t<h2>STAGIUL PROFESIONAL LA FACULTATEA DE FARMACIE<\/h2>\t\t\t\t\t\t\t\t<\/div>\n\t\t\t\t<\/div>\n\t\t\t\t<div data-dce-background-color=\"#2359B317\" class=\"elementor-element elementor-element-b47ab6e elementor-widget__width-auto elementor-widget elementor-widget-button\" data-id=\"b47ab6e\" data-element_type=\"widget\" data-e-type=\"widget\" data-widget_type=\"button.default\">\n\t\t\t\t<div class=\"elementor-widget-container\">\n\t\t\t\t\t\t\t\t\t<div class=\"elementor-button-wrapper\">\n\t\t\t\t\t<a class=\"elementor-button elementor-button-link elementor-size-sm\" href=\"https:\/\/www.umfst.ro\/fileadmin\/documente_oficiale\/regulamente\/UMFST-REG-72.pdf\" target=\"_blank\">\n\t\t\t\t\t\t<span class=\"elementor-button-content-wrapper\">\n\t\t\t\t\t\t<span class=\"elementor-button-icon\">\n\t\t\t\t<i aria-hidden=\"true\" class=\"fas fa-file-download\"><\/i>\t\t\t<\/span>\n\t\t\t\t\t\t\t\t\t<span class=\"elementor-button-text\">Regulament<\/span>\n\t\t\t\t\t<\/span>\n\t\t\t\t\t<\/a>\n\t\t\t\t<\/div>\n\t\t\t\t\t\t\t\t<\/div>\n\t\t\t\t<\/div>\n\t\t\t\t<div class=\"elementor-element elementor-element-29e05843 elementor-widget elementor-widget-text-editor\" data-id=\"29e05843\" data-element_type=\"widget\" data-e-type=\"widget\" data-widget_type=\"text-editor.default\">\n\t\t\t\t<div class=\"elementor-widget-container\">\n\t\t\t\t\t\t\t\t\t<p><\/p>\n<p><strong>Obiective<br \/><\/strong>Asigurarea excelen\u0163ei \u00een preg\u0103tire prin formarea \u015fi des\u0103v\u00e2r\u015firea abilit\u0103\u0163ilor practice at\u00e2t de importante \u00een activitatea profesional\u0103 ulterioar\u0103. \u00cen aceea\u015fi m\u0103sur\u0103, stagiul profesional contribuie la adaptarea cuno\u015ftin\u0163elor dob\u00e2ndite, teoretice \u015fi practice, la activit\u0103\u0163ile de pe pia\u0163a muncii din domeniul farmaceutic \u015fi cosmetic. Este o disciplin\u0103 obligatorie a c\u0103rei durat\u0103 este reglementat\u0103 prin planul de \u00eenv\u0103\u0163\u0103m\u00e2nt.\u00a0 <a href=\"https:\/\/www.umfst.ro\/fileadmin\/f_farmacie\/info_stud\/2022\/Obiective_Stagiu_profesional.docx\">Link<\/a><\/p>\n<p><strong>Reglement\u0103ri<br \/><\/strong>Preciz\u0103ri privind stagiul profesional, care vin \u00een completarea Regulamentului de desf\u0103\u0219urare a practicii de specialitate, specifice Facult\u0103\u021bii de Farmacie\u00a0\u00a0\u00a0<a href=\"https:\/\/www.umfst.ro\/fileadmin\/f_farmacie\/practica\/Precizari_stagiu_profesional.pdf\">Link<\/a><\/p>\n<p><strong>Coordonator <\/strong><strong><br \/><\/strong>Conf. univ. dr. Eleonora Mircia<br \/>Disciplina Industria medicamentului \u015fi Management farmaceutic<br \/>Tel. +40-265-215.551 int. 365<br \/><a href=\"https:\/\/umfst.ro\/facultatea-de-farmacie\/informatii-studenti\/informatii-specifice-facultatii\/practica-de-specialitate\/practica-de-specialitate\/linkTo_UnCryptMailto(%27nbjmup%2Bfmfpopsb%5C%2FnjsdjbAvngtu%5C%2Fsp%27);\">eleonora.mircia@umfst.ro<\/a><\/p>\n<p>\u00a0<\/p>\n<p>Programa analitic\u0103 a stagiului profesional &#8211; Farmacie<br \/><a href=\"https:\/\/www.umfst.ro\/fileadmin\/f_farmacie\/info_stud\/2022\/PA-FAR\/PA_FAR_V.pdf\">Anul V<\/a><\/p>\n<p><\/p>\n<p><\/p>\n<p><\/p>\n<p><\/p>\n<p>Fi\u0219a de evaluare a studentului &#8211; Farmacie<br \/><a href=\"https:\/\/www.umfst.ro\/fileadmin\/f_farmacie\/info_stud\/2022\/FE-FAR\/FE_FAR_V.doc\">Anul\u00a0 V<\/a><\/p>\n<p><\/p>\n<p><\/p>\n<p><\/p>\n<p><\/p>\n<p>Programa analitic\u0103 a stagiului profesional &#8211; Cosmetic\u0103 medical\u0103 \u0219i tehnologia produsului cosmetic<br \/><a href=\"https:\/\/www.umfst.ro\/fileadmin\/f_farmacie\/practica\/PA_CMT_III.pdf\">Anul III<\/a><\/p>\n<p><\/p>\n<p><\/p>\n<p><\/p>\n<p><\/p>\n<p>Fi\u0219a de evaluare a studentului &#8211; Cosmetic\u0103 medical\u0103 \u0219i tehnologia produsului cosmetic<\/p>\n<p><\/p>\n<p><\/p>\n<p><a href=\"https:\/\/www.umfst.ro\/fileadmin\/f_farmacie\/info_stud\/2022\/FE-CMT\/FE_CMT_III.doc\">Anul III<\/a><\/p>\n<p><\/p>\t\t\t\t\t\t\t\t<\/div>\n\t\t\t\t<\/div>\n\t\t\t\t\t<\/div>\n\t\t<\/div>\n\t\t\t\t\t<\/div>\n\t\t<\/section>\n\t\t\t\t<\/div>\n\t\t","protected":false},"excerpt":{"rendered":"<p>STAGIUL PROFESIONAL LA FACULTATEA DE FARMACIE Regulament ObiectiveAsigurarea excelen\u0163ei \u00een preg\u0103tire prin formarea \u015fi des\u0103v\u00e2r\u015firea abilit\u0103\u0163ilor practice at\u00e2t de importante \u00een activitatea profesional\u0103 ulterioar\u0103. \u00cen aceea\u015fi m\u0103sur\u0103, stagiul profesional contribuie la adaptarea cuno\u015ftin\u0163elor dob\u00e2ndite, teoretice \u015fi practice, la activit\u0103\u0163ile de pe pia\u0163a muncii din domeniul farmaceutic \u015fi cosmetic. Este o disciplin\u0103 obligatorie a c\u0103rei durat\u0103 [&hellip;]<\/p>\n","protected":false},"author":4,"featured_media":0,"parent":252,"menu_order":0,"comment_status":"closed","ping_status":"closed","template":"","meta":{"_relevanssi_hide_post":"","_relevanssi_hide_content":"","_relevanssi_pin_for_all":"","_relevanssi_pin_keywords":"","_relevanssi_unpin_keywords":"","_relevanssi_related_keywords":"","_relevanssi_related_include_ids":"","_relevanssi_related_exclude_ids":"","_relevanssi_related_no_append":"","_relevanssi_related_not_related":"","_relevanssi_related_posts":"1","_relevanssi_noindex_reason":"","footnotes":""},"categories":[13,33],"tags":[],"class_list":["post-254","page","type-page","status-publish","hentry","category-pagina-cu-sidebar","category-pagina-studenti"],"meta_box":[],"_links":{"self":[{"href":"https:\/\/umfst.ro\/facultatea-de-farmacie\/wp-json\/wp\/v2\/pages\/254","targetHints":{"allow":["GET"]}}],"collection":[{"href":"https:\/\/umfst.ro\/facultatea-de-farmacie\/wp-json\/wp\/v2\/pages"}],"about":[{"href":"https:\/\/umfst.ro\/facultatea-de-farmacie\/wp-json\/wp\/v2\/types\/page"}],"author":[{"embeddable":true,"href":"https:\/\/umfst.ro\/facultatea-de-farmacie\/wp-json\/wp\/v2\/users\/4"}],"replies":[{"embeddable":true,"href":"https:\/\/umfst.ro\/facultatea-de-farmacie\/wp-json\/wp\/v2\/comments?post=254"}],"version-history":[{"count":6,"href":"https:\/\/umfst.ro\/facultatea-de-farmacie\/wp-json\/wp\/v2\/pages\/254\/revisions"}],"predecessor-version":[{"id":3284,"href":"https:\/\/umfst.ro\/facultatea-de-farmacie\/wp-json\/wp\/v2\/pages\/254\/revisions\/3284"}],"up":[{"embeddable":true,"href":"https:\/\/umfst.ro\/facultatea-de-farmacie\/wp-json\/wp\/v2\/pages\/252"}],"wp:attachment":[{"href":"https:\/\/umfst.ro\/facultatea-de-farmacie\/wp-json\/wp\/v2\/media?parent=254"}],"wp:term":[{"taxonomy":"category","embeddable":true,"href":"https:\/\/umfst.ro\/facultatea-de-farmacie\/wp-json\/wp\/v2\/categories?post=254"},{"taxonomy":"post_tag","embeddable":true,"href":"https:\/\/umfst.ro\/facultatea-de-farmacie\/wp-json\/wp\/v2\/tags?post=254"}],"curies":[{"name":"wp","href":"https:\/\/api.w.org\/{rel}","templated":true}]}}