{"id":50,"date":"2022-11-23T18:12:09","date_gmt":"2022-11-23T18:12:09","guid":{"rendered":"https:\/\/dev.umfst.ro\/facultatea-de-farmacie\/?page_id=50"},"modified":"2025-11-19T10:43:54","modified_gmt":"2025-11-19T10:43:54","slug":"consiliul-facultatii-de-farmacie","status":"publish","type":"page","link":"https:\/\/umfst.ro\/facultatea-de-farmacie\/organizare\/consiliul-facultatii-de-farmacie\/","title":{"rendered":"Consiliul Facult\u0103\u021bii de Farmacie"},"content":{"rendered":"\t\t<div data-elementor-type=\"wp-page\" data-elementor-id=\"50\" class=\"elementor elementor-50\" data-elementor-post-type=\"page\">\n\t\t\t\t\t\t<section class=\"elementor-section elementor-top-section elementor-element elementor-element-33550023 elementor-section-boxed elementor-section-height-default elementor-section-height-default\" data-id=\"33550023\" data-element_type=\"section\" data-e-type=\"section\">\n\t\t\t\t\t\t<div class=\"elementor-container elementor-column-gap-default\">\n\t\t\t\t\t<div class=\"elementor-column elementor-col-100 elementor-top-column elementor-element elementor-element-5d638cd9\" data-id=\"5d638cd9\" data-element_type=\"column\" data-e-type=\"column\">\n\t\t\t<div class=\"elementor-widget-wrap elementor-element-populated\">\n\t\t\t\t\t\t<div class=\"elementor-element elementor-element-7319f5c8 elementor-widget elementor-widget-text-editor\" data-id=\"7319f5c8\" data-element_type=\"widget\" data-e-type=\"widget\" data-widget_type=\"text-editor.default\">\n\t\t\t\t<div class=\"elementor-widget-container\">\n\t\t\t\t\t\t\t\t\t<h2>Consiliul Facult\u0103\u021bii de Farmacie<\/h2>\n<p><!-- \/wp:paragraph --><!-- wp:paragraph --><\/p>\n<p><strong>Decan<br \/><\/strong>Prof. univ. dr. Daniela-Lucia Muntean<\/p>\n<p><strong>Prodecani<\/strong><br \/>Conf. univ. dr. Ruxandra-Emilia \u0218tef\u0103nescu<br \/>Conf. univ. dr. G\u00e1ll Zsolt<\/p>\n<p><strong>Membri<br \/><\/strong>Prof. univ. dr. Bianca-Eugenia \u0150sz<br \/>Prof. univ. dr. Corneliu Tanase<br \/>Conf. univ. dr. Paula Antonoaea<br \/>Conf. univ. dr. Anca-Gabriela C\u00e2rje<br \/>Conf. univ. dr. F\u00fcl\u00f6p Ibolya<br \/>Conf. univ. dr. Szab\u00f3 Zolt\u00e1n-Istv\u00e1n<br \/>\u015eef lucr. dr. Valentin Ion<br \/>\u015eef lucr. dr. Kov\u00e1cs B\u00e9la<br \/>Student\u00a0Andrei Mojolic<br \/>Student Mihail-Robert-Cazimir Bogescu<\/p>\n<p><!-- \/wp:paragraph --><!-- wp:heading --><\/p>\n<h2>Hot\u0103r\u00e2ri ale Consiliului Facult\u0103\u021bii<\/h2>\n<p><!-- \/wp:heading --><!-- wp:paragraph --><\/p>\n<p><a href=\"https:\/\/documente.umfst.ro\/documente\/hotarari-ale-consiliului-facultatii\/farmacie\/\" target=\"_blank\" rel=\"noopener\">Hot\u0103r\u00e2ri ale Consiliului Facult\u0103\u021bii<\/a><\/p>\n<p><!-- \/wp:paragraph --><!-- wp:paragraph --><\/p>\n<p>\u00a0<\/p>\n<p><!-- \/wp:paragraph --><\/p>\t\t\t\t\t\t\t\t<\/div>\n\t\t\t\t<\/div>\n\t\t\t\t\t<\/div>\n\t\t<\/div>\n\t\t\t\t\t<\/div>\n\t\t<\/section>\n\t\t\t\t<\/div>\n\t\t","protected":false},"excerpt":{"rendered":"<p>Consiliul Facult\u0103\u021bii de Farmacie DecanProf. univ. dr. Daniela-Lucia Muntean ProdecaniConf. univ. dr. Ruxandra-Emilia \u0218tef\u0103nescuConf. univ. dr. G\u00e1ll Zsolt MembriProf. univ. dr. Bianca-Eugenia \u0150szProf. univ. dr. Corneliu TanaseConf. univ. dr. Paula AntonoaeaConf. univ. dr. Anca-Gabriela C\u00e2rjeConf. univ. dr. F\u00fcl\u00f6p IbolyaConf. univ. dr. Szab\u00f3 Zolt\u00e1n-Istv\u00e1n\u015eef lucr. dr. Valentin Ion\u015eef lucr. dr. Kov\u00e1cs B\u00e9laStudent\u00a0Andrei MojolicStudent Mihail-Robert-Cazimir Bogescu Hot\u0103r\u00e2ri [&hellip;]<\/p>\n","protected":false},"author":4,"featured_media":0,"parent":41,"menu_order":2,"comment_status":"closed","ping_status":"closed","template":"","meta":{"_relevanssi_hide_post":"","_relevanssi_hide_content":"","_relevanssi_pin_for_all":"","_relevanssi_pin_keywords":"","_relevanssi_unpin_keywords":"","_relevanssi_related_keywords":"","_relevanssi_related_include_ids":"","_relevanssi_related_exclude_ids":"","_relevanssi_related_no_append":"","_relevanssi_related_not_related":"","_relevanssi_related_posts":"1","_relevanssi_noindex_reason":"","footnotes":""},"categories":[40,13],"tags":[],"class_list":["post-50","page","type-page","status-publish","hentry","category-organizare","category-pagina-cu-sidebar"],"meta_box":[],"_links":{"self":[{"href":"https:\/\/umfst.ro\/facultatea-de-farmacie\/wp-json\/wp\/v2\/pages\/50","targetHints":{"allow":["GET"]}}],"collection":[{"href":"https:\/\/umfst.ro\/facultatea-de-farmacie\/wp-json\/wp\/v2\/pages"}],"about":[{"href":"https:\/\/umfst.ro\/facultatea-de-farmacie\/wp-json\/wp\/v2\/types\/page"}],"author":[{"embeddable":true,"href":"https:\/\/umfst.ro\/facultatea-de-farmacie\/wp-json\/wp\/v2\/users\/4"}],"replies":[{"embeddable":true,"href":"https:\/\/umfst.ro\/facultatea-de-farmacie\/wp-json\/wp\/v2\/comments?post=50"}],"version-history":[{"count":20,"href":"https:\/\/umfst.ro\/facultatea-de-farmacie\/wp-json\/wp\/v2\/pages\/50\/revisions"}],"predecessor-version":[{"id":3970,"href":"https:\/\/umfst.ro\/facultatea-de-farmacie\/wp-json\/wp\/v2\/pages\/50\/revisions\/3970"}],"up":[{"embeddable":true,"href":"https:\/\/umfst.ro\/facultatea-de-farmacie\/wp-json\/wp\/v2\/pages\/41"}],"wp:attachment":[{"href":"https:\/\/umfst.ro\/facultatea-de-farmacie\/wp-json\/wp\/v2\/media?parent=50"}],"wp:term":[{"taxonomy":"category","embeddable":true,"href":"https:\/\/umfst.ro\/facultatea-de-farmacie\/wp-json\/wp\/v2\/categories?post=50"},{"taxonomy":"post_tag","embeddable":true,"href":"https:\/\/umfst.ro\/facultatea-de-farmacie\/wp-json\/wp\/v2\/tags?post=50"}],"curies":[{"name":"wp","href":"https:\/\/api.w.org\/{rel}","templated":true}]}}