{"id":99,"date":"2022-11-24T17:44:54","date_gmt":"2022-11-24T17:44:54","guid":{"rendered":"https:\/\/dev.umfst.ro\/facultatea-de-farmacie\/?page_id=99"},"modified":"2025-04-29T09:05:18","modified_gmt":"2025-04-29T09:05:18","slug":"chimie-generala-si-anorganica","status":"publish","type":"page","link":"https:\/\/umfst.ro\/facultatea-de-farmacie\/departamente-si-discipline\/departamentul-f1\/chimie-generala-si-anorganica\/","title":{"rendered":"Chimie general\u0103 \u0219i anorganic\u0103"},"content":{"rendered":"\t\t<div data-elementor-type=\"wp-page\" data-elementor-id=\"99\" class=\"elementor elementor-99\" data-elementor-post-type=\"page\">\n\t\t\t\t\t\t<section class=\"elementor-section elementor-top-section elementor-element elementor-element-93ce09b elementor-section-boxed elementor-section-height-default elementor-section-height-default\" data-id=\"93ce09b\" data-element_type=\"section\" data-e-type=\"section\">\n\t\t\t\t\t\t<div class=\"elementor-container elementor-column-gap-default\">\n\t\t\t\t\t<div class=\"elementor-column elementor-col-50 elementor-top-column elementor-element elementor-element-dc818ac\" data-id=\"dc818ac\" data-element_type=\"column\" data-e-type=\"column\">\n\t\t\t<div class=\"elementor-widget-wrap elementor-element-populated\">\n\t\t\t\t\t\t<div class=\"elementor-element elementor-element-d7ed317 elementor-widget elementor-widget-text-editor\" data-id=\"d7ed317\" data-element_type=\"widget\" data-e-type=\"widget\" data-widget_type=\"text-editor.default\">\n\t\t\t\t<div class=\"elementor-widget-container\">\n\t\t\t\t\t\t\t\t\t<h2>Colectivul disciplinei<\/h2><p><strong>\u0218ef disciplin\u0103<\/strong><br \/>Conf. univ. dr. Augustin-Vasile Curtic\u0103pean &#8211; <a href=\"https:\/\/umfst.ro\/fileadmin\/f_farmacie\/Cadre_didactice\/CV\/F1\/CV-CurticapeanA.pdf\">CV<\/a><\/p><p><strong>Membri<\/strong><br \/>Conf. univ. dr. Lavinia-Anda Ber\u0163a &#8211; <a href=\"https:\/\/umfst.ro\/fileadmin\/f_farmacie\/Cadre_didactice\/CV\/F1\/CV_Berta_Lavinia.pdf\">CV<\/a><br \/>\u015eef lucr. dr. Boda Francisc-Andrei &#8211; <a href=\"https:\/\/umfst.ro\/fileadmin\/f_farmacie\/Cadre_didactice\/CV\/F1\/CV_BodaF.pdf\">CV<\/a><br \/>Tehnician Elena M\u0103cic\u0103\u0219an<\/p><h2><strong>Direc\u021bii de cercetare<\/strong><\/h2><ul><li>Sinteza si caracterizarea compu\u0219ilor anorganici coordinativi \u2013 Polioxometala\u021bi<\/li><li>Aplica\u021bii de protec\u021bie a mediului ale noilor compu\u0219i de coordonare<\/li><li>Dezvoltarea metodelor HPLC pentru siguran\u021ba alimentelor<\/li><li>Cromatografie ionic\u0103 pentru determin\u0103ri de cationi metalici din b\u0103uturi<\/li><li>Analiza elementar\u0103 prin plasm\u0103 cuplat\u0103 inductiv ICP-OES<\/li><li>Analiza veninilor de \u0219arpe \u0219i studiul activit\u0103\u021bii lor biologice<\/li><li>Biosinteza de nanoparticule metalice<\/li><\/ul>\t\t\t\t\t\t\t\t<\/div>\n\t\t\t\t<\/div>\n\t\t\t\t\t<\/div>\n\t\t<\/div>\n\t\t\t\t<div class=\"elementor-column elementor-col-50 elementor-top-column elementor-element elementor-element-83ab5ab\" data-id=\"83ab5ab\" data-element_type=\"column\" data-e-type=\"column\">\n\t\t\t<div class=\"elementor-widget-wrap elementor-element-populated\">\n\t\t\t\t\t\t<section class=\"elementor-section elementor-inner-section elementor-element elementor-element-7780e61 elementor-section-boxed elementor-section-height-default elementor-section-height-default\" data-id=\"7780e61\" data-element_type=\"section\" data-e-type=\"section\">\n\t\t\t\t\t\t<div class=\"elementor-container elementor-column-gap-default\">\n\t\t\t\t\t<div data-dce-background-color=\"#F2F7FF\" class=\"elementor-column elementor-col-100 elementor-inner-column elementor-element elementor-element-d9f5733\" data-id=\"d9f5733\" data-element_type=\"column\" data-e-type=\"column\" data-settings=\"{&quot;background_background&quot;:&quot;classic&quot;}\">\n\t\t\t<div class=\"elementor-widget-wrap elementor-element-populated\">\n\t\t\t\t\t\t<div class=\"elementor-element elementor-element-755efb6 elementor-widget elementor-widget-heading\" data-id=\"755efb6\" data-element_type=\"widget\" data-e-type=\"widget\" data-widget_type=\"heading.default\">\n\t\t\t\t<div class=\"elementor-widget-container\">\n\t\t\t\t\t<h5 class=\"elementor-heading-title elementor-size-default\">Contact<\/h5>\t\t\t\t<\/div>\n\t\t\t\t<\/div>\n\t\t\t\t<div class=\"elementor-element elementor-element-3d1322e elementor-widget-divider--view-line elementor-widget elementor-widget-divider\" data-id=\"3d1322e\" data-element_type=\"widget\" data-e-type=\"widget\" data-widget_type=\"divider.default\">\n\t\t\t\t<div class=\"elementor-widget-container\">\n\t\t\t\t\t\t\t<div class=\"elementor-divider\">\n\t\t\t<span class=\"elementor-divider-separator\">\n\t\t\t\t\t\t<\/span>\n\t\t<\/div>\n\t\t\t\t\t\t<\/div>\n\t\t\t\t<\/div>\n\t\t\t\t<div class=\"elementor-element elementor-element-9ad813a elementor-widget elementor-widget-icon-box\" data-id=\"9ad813a\" data-element_type=\"widget\" data-e-type=\"widget\" data-widget_type=\"icon-box.default\">\n\t\t\t\t<div class=\"elementor-widget-container\">\n\t\t\t\t\t\t\t<div class=\"elementor-icon-box-wrapper\">\n\n\t\t\t\n\t\t\t\t\t\t<div class=\"elementor-icon-box-content\">\n\n\t\t\t\t\t\t\t\t\t<h3 class=\"elementor-icon-box-title\">\n\t\t\t\t\t\t<span  >\n\t\t\t\t\t\t\tAdres\u0103\t\t\t\t\t\t<\/span>\n\t\t\t\t\t<\/h3>\n\t\t\t\t\n\t\t\t\t\t\t\t\t\t<p class=\"elementor-icon-box-description\">\n\t\t\t\t\t\tCl\u0103direa Facult\u0103\u021bii de Farmacie <\/br>\nStr. Gheorghe Marinescu Nr. 38<\/br>\nT\u00e2rgu Mure\u0219, 540142\nRom\u00e2nia\t\t\t\t\t<\/p>\n\t\t\t\t\n\t\t\t<\/div>\n\t\t\t\n\t\t<\/div>\n\t\t\t\t\t\t<\/div>\n\t\t\t\t<\/div>\n\t\t\t\t<div class=\"elementor-element elementor-element-dbab05e elementor-widget elementor-widget-icon-box\" data-id=\"dbab05e\" data-element_type=\"widget\" data-e-type=\"widget\" data-widget_type=\"icon-box.default\">\n\t\t\t\t<div class=\"elementor-widget-container\">\n\t\t\t\t\t\t\t<div class=\"elementor-icon-box-wrapper\">\n\n\t\t\t\n\t\t\t\t\t\t<div class=\"elementor-icon-box-content\">\n\n\t\t\t\t\t\t\t\t\t<h3 class=\"elementor-icon-box-title\">\n\t\t\t\t\t\t<span  >\n\t\t\t\t\t\t\t\u0218ef disciplin\u0103\t\t\t\t\t\t<\/span>\n\t\t\t\t\t<\/h3>\n\t\t\t\t\n\t\t\t\t\t\t\t\t\t<p class=\"elementor-icon-box-description\">\n\t\t\t\t\t\t corp C1, demisol, cam. 23, 24\t\t\t\t\t<\/p>\n\t\t\t\t\n\t\t\t<\/div>\n\t\t\t\n\t\t<\/div>\n\t\t\t\t\t\t<\/div>\n\t\t\t\t<\/div>\n\t\t\t\t<div class=\"elementor-element elementor-element-7050e5f elementor-widget elementor-widget-icon-box\" data-id=\"7050e5f\" data-element_type=\"widget\" data-e-type=\"widget\" data-widget_type=\"icon-box.default\">\n\t\t\t\t<div class=\"elementor-widget-container\">\n\t\t\t\t\t\t\t<div class=\"elementor-icon-box-wrapper\">\n\n\t\t\t\n\t\t\t\t\t\t<div class=\"elementor-icon-box-content\">\n\n\t\t\t\t\t\t\t\t\t<h3 class=\"elementor-icon-box-title\">\n\t\t\t\t\t\t<span  >\n\t\t\t\t\t\t\tMembri disciplin\u0103\t\t\t\t\t\t<\/span>\n\t\t\t\t\t<\/h3>\n\t\t\t\t\n\t\t\t\t\t\t\t\t\t<p class=\"elementor-icon-box-description\">\n\t\t\t\t\t\tcorp C1 demisol  cam. 23\t\t\t\t\t<\/p>\n\t\t\t\t\n\t\t\t<\/div>\n\t\t\t\n\t\t<\/div>\n\t\t\t\t\t\t<\/div>\n\t\t\t\t<\/div>\n\t\t\t\t<div class=\"elementor-element elementor-element-c6c7fd4 elementor-widget elementor-widget-icon-box\" data-id=\"c6c7fd4\" data-element_type=\"widget\" data-e-type=\"widget\" data-widget_type=\"icon-box.default\">\n\t\t\t\t<div class=\"elementor-widget-container\">\n\t\t\t\t\t\t\t<div class=\"elementor-icon-box-wrapper\">\n\n\t\t\t\n\t\t\t\t\t\t<div class=\"elementor-icon-box-content\">\n\n\t\t\t\t\t\t\t\t\t<h3 class=\"elementor-icon-box-title\">\n\t\t\t\t\t\t<span  >\n\t\t\t\t\t\t\tLaborator\t\t\t\t\t\t<\/span>\n\t\t\t\t\t<\/h3>\n\t\t\t\t\n\t\t\t\t\t\t\t\t\t<p class=\"elementor-icon-box-description\">\n\t\t\t\t\t\tcorp C1, demisol, u\u0219a de acces 34\t\t\t\t\t<\/p>\n\t\t\t\t\n\t\t\t<\/div>\n\t\t\t\n\t\t<\/div>\n\t\t\t\t\t\t<\/div>\n\t\t\t\t<\/div>\n\t\t\t\t<div class=\"elementor-element elementor-element-5ca807b elementor-widget elementor-widget-icon-box\" data-id=\"5ca807b\" data-element_type=\"widget\" data-e-type=\"widget\" data-widget_type=\"icon-box.default\">\n\t\t\t\t<div class=\"elementor-widget-container\">\n\t\t\t\t\t\t\t<div class=\"elementor-icon-box-wrapper\">\n\n\t\t\t\n\t\t\t\t\t\t<div class=\"elementor-icon-box-content\">\n\n\t\t\t\t\t\t\t\t\t<h3 class=\"elementor-icon-box-title\">\n\t\t\t\t\t\t<span  >\n\t\t\t\t\t\t\tTelefon\t\t\t\t\t\t<\/span>\n\t\t\t\t\t<\/h3>\n\t\t\t\t\n\t\t\t\t\t\t\t\t\t<p class=\"elementor-icon-box-description\">\n\t\t\t\t\t\t+40-265-215.551, int. 367, 371\t\t\t\t\t<\/p>\n\t\t\t\t\n\t\t\t<\/div>\n\t\t\t\n\t\t<\/div>\n\t\t\t\t\t\t<\/div>\n\t\t\t\t<\/div>\n\t\t\t\t\t<\/div>\n\t\t<\/div>\n\t\t\t\t\t<\/div>\n\t\t<\/section>\n\t\t\t\t\t<\/div>\n\t\t<\/div>\n\t\t\t\t\t<\/div>\n\t\t<\/section>\n\t\t\t\t<\/div>\n\t\t","protected":false},"excerpt":{"rendered":"<p>Colectivul disciplinei \u0218ef disciplin\u0103Conf. univ. dr. Augustin-Vasile Curtic\u0103pean &#8211; CV MembriConf. univ. dr. Lavinia-Anda Ber\u0163a &#8211; CV\u015eef lucr. dr. Boda Francisc-Andrei &#8211; CVTehnician Elena M\u0103cic\u0103\u0219an Direc\u021bii de cercetare Sinteza si caracterizarea compu\u0219ilor anorganici coordinativi \u2013 Polioxometala\u021bi Aplica\u021bii de protec\u021bie a mediului ale noilor compu\u0219i de coordonare Dezvoltarea metodelor HPLC pentru siguran\u021ba alimentelor Cromatografie ionic\u0103 pentru [&hellip;]<\/p>\n","protected":false},"author":4,"featured_media":0,"parent":65,"menu_order":0,"comment_status":"closed","ping_status":"closed","template":"","meta":{"_relevanssi_hide_post":"","_relevanssi_hide_content":"","_relevanssi_pin_for_all":"","_relevanssi_pin_keywords":"","_relevanssi_unpin_keywords":"","_relevanssi_related_keywords":"","_relevanssi_related_include_ids":"","_relevanssi_related_exclude_ids":"","_relevanssi_related_no_append":"","_relevanssi_related_not_related":"","_relevanssi_related_posts":"1","_relevanssi_noindex_reason":"","footnotes":""},"categories":[13,31],"tags":[],"class_list":["post-99","page","type-page","status-publish","hentry","category-pagina-cu-sidebar","category-pagina-departamente-si-discipline"],"meta_box":[],"_links":{"self":[{"href":"https:\/\/umfst.ro\/facultatea-de-farmacie\/wp-json\/wp\/v2\/pages\/99","targetHints":{"allow":["GET"]}}],"collection":[{"href":"https:\/\/umfst.ro\/facultatea-de-farmacie\/wp-json\/wp\/v2\/pages"}],"about":[{"href":"https:\/\/umfst.ro\/facultatea-de-farmacie\/wp-json\/wp\/v2\/types\/page"}],"author":[{"embeddable":true,"href":"https:\/\/umfst.ro\/facultatea-de-farmacie\/wp-json\/wp\/v2\/users\/4"}],"replies":[{"embeddable":true,"href":"https:\/\/umfst.ro\/facultatea-de-farmacie\/wp-json\/wp\/v2\/comments?post=99"}],"version-history":[{"count":26,"href":"https:\/\/umfst.ro\/facultatea-de-farmacie\/wp-json\/wp\/v2\/pages\/99\/revisions"}],"predecessor-version":[{"id":3544,"href":"https:\/\/umfst.ro\/facultatea-de-farmacie\/wp-json\/wp\/v2\/pages\/99\/revisions\/3544"}],"up":[{"embeddable":true,"href":"https:\/\/umfst.ro\/facultatea-de-farmacie\/wp-json\/wp\/v2\/pages\/65"}],"wp:attachment":[{"href":"https:\/\/umfst.ro\/facultatea-de-farmacie\/wp-json\/wp\/v2\/media?parent=99"}],"wp:term":[{"taxonomy":"category","embeddable":true,"href":"https:\/\/umfst.ro\/facultatea-de-farmacie\/wp-json\/wp\/v2\/categories?post=99"},{"taxonomy":"post_tag","embeddable":true,"href":"https:\/\/umfst.ro\/facultatea-de-farmacie\/wp-json\/wp\/v2\/tags?post=99"}],"curies":[{"name":"wp","href":"https:\/\/api.w.org\/{rel}","templated":true}]}}