{"id":1360,"date":"2023-06-20T13:31:36","date_gmt":"2023-06-20T13:31:36","guid":{"rendered":"https:\/\/dev.umfst.ro\/facultatea-de-medicina-dentara\/?page_id=1360"},"modified":"2023-11-08T18:12:59","modified_gmt":"2023-11-08T18:12:59","slug":"sitemap","status":"publish","type":"page","link":"https:\/\/umfst.ro\/facultatea-de-medicina-dentara\/en\/sitemap\/","title":{"rendered":"Sitemap"},"content":{"rendered":"<div data-elementor-type=\"wp-page\" data-elementor-id=\"1360\" class=\"elementor elementor-1360\" data-elementor-post-type=\"page\">\n\t\t\t\t\t\t<section class=\"elementor-section elementor-top-section elementor-element elementor-element-6f07356 elementor-section-boxed elementor-section-height-default elementor-section-height-default\" data-id=\"6f07356\" data-element_type=\"section\" data-e-type=\"section\">\n\t\t\t\t\t\t<div class=\"elementor-container elementor-column-gap-default\">\n\t\t\t\t\t<div class=\"elementor-column elementor-col-100 elementor-top-column elementor-element elementor-element-1793561\" data-id=\"1793561\" data-element_type=\"column\" data-e-type=\"column\">\n\t\t\t<div class=\"elementor-widget-wrap elementor-element-populated\">\n\t\t\t\t\t\t<div class=\"elementor-element elementor-element-d13c3b5 elementor-widget__width-auto elementor-icon-list--layout-traditional elementor-list-item-link-full_width elementor-widget elementor-widget-icon-list\" data-id=\"d13c3b5\" data-element_type=\"widget\" data-e-type=\"widget\" data-widget_type=\"icon-list.default\">\n\t\t\t\t<div class=\"elementor-widget-container\">\n\t\t\t\t\t\t\t<ul class=\"elementor-icon-list-items\">\n\t\t\t\t\t\t\t<li class=\"elementor-icon-list-item\">\n\t\t\t\t\t\t\t\t\t\t\t<a href=\"https:\/\/umfst.ro\/sitemap\/\">\n\n\t\t\t\t\t\t\t\t\t\t\t\t<span class=\"elementor-icon-list-icon\">\n\t\t\t\t\t\t\t<i aria-hidden=\"true\" class=\"fas fa-caret-right\"><\/i>\t\t\t\t\t\t<\/span>\n\t\t\t\t\t\t\t\t\t\t<span class=\"elementor-icon-list-text\">Sitemap UMFST<\/span>\n\t\t\t\t\t\t\t\t\t\t\t<\/a>\n\t\t\t\t\t\t\t\t\t<\/li>\n\t\t\t\t\t\t\t\t<li class=\"elementor-icon-list-item\">\n\t\t\t\t\t\t\t\t\t\t\t<a href=\"https:\/\/umfst.ro\/e-umfst\/sitemap\/\">\n\n\t\t\t\t\t\t\t\t\t\t\t\t<span class=\"elementor-icon-list-icon\">\n\t\t\t\t\t\t\t<i aria-hidden=\"true\" class=\"fas fa-caret-right\"><\/i>\t\t\t\t\t\t<\/span>\n\t\t\t\t\t\t\t\t\t\t<span class=\"elementor-icon-list-text\">Sitemap E-UMFST (Intranet)<\/span>\n\t\t\t\t\t\t\t\t\t\t\t<\/a>\n\t\t\t\t\t\t\t\t\t<\/li>\n\t\t\t\t\t\t\t\t<li class=\"elementor-icon-list-item\">\n\t\t\t\t\t\t\t\t\t\t\t<a href=\"https:\/\/umfst.ro\/facultatea-de-medicina\/sitemap\/\">\n\n\t\t\t\t\t\t\t\t\t\t\t\t<span class=\"elementor-icon-list-icon\">\n\t\t\t\t\t\t\t<i aria-hidden=\"true\" class=\"fas fa-caret-right\"><\/i>\t\t\t\t\t\t<\/span>\n\t\t\t\t\t\t\t\t\t\t<span class=\"elementor-icon-list-text\">Sitemap Facultatea de Medicin\u0103<\/span>\n\t\t\t\t\t\t\t\t\t\t\t<\/a>\n\t\t\t\t\t\t\t\t\t<\/li>\n\t\t\t\t\t\t\t\t<li class=\"elementor-icon-list-item\">\n\t\t\t\t\t\t\t\t\t\t\t<a href=\"https:\/\/umfst.ro\/medicina-engleza\/sitemap\/\">\n\n\t\t\t\t\t\t\t\t\t\t\t\t<span class=\"elementor-icon-list-icon\">\n\t\t\t\t\t\t\t<i aria-hidden=\"true\" class=\"fas fa-caret-right\"><\/i>\t\t\t\t\t\t<\/span>\n\t\t\t\t\t\t\t\t\t\t<span class=\"elementor-icon-list-text\">Sitemap Facultatea de Medicin\u0103 Englez\u0103<\/span>\n\t\t\t\t\t\t\t\t\t\t\t<\/a>\n\t\t\t\t\t\t\t\t\t<\/li>\n\t\t\t\t\t\t\t\t<li class=\"elementor-icon-list-item\">\n\t\t\t\t\t\t\t\t\t\t\t<a href=\"https:\/\/umfst.ro\/facultatea-de-medicina-dentara\/sitemap\/\">\n\n\t\t\t\t\t\t\t\t\t\t\t\t<span class=\"elementor-icon-list-icon\">\n\t\t\t\t\t\t\t<i aria-hidden=\"true\" class=\"fas fa-caret-right\"><\/i>\t\t\t\t\t\t<\/span>\n\t\t\t\t\t\t\t\t\t\t<span class=\"elementor-icon-list-text\">Sitemap Facultatea de Medicin\u0103 Dentar\u0103<\/span>\n\t\t\t\t\t\t\t\t\t\t\t<\/a>\n\t\t\t\t\t\t\t\t\t<\/li>\n\t\t\t\t\t\t\t\t<li class=\"elementor-icon-list-item\">\n\t\t\t\t\t\t\t\t\t\t\t<a href=\"https:\/\/umfst.ro\/facultatea-de-farmacie\/sitemap\/\">\n\n\t\t\t\t\t\t\t\t\t\t\t\t<span class=\"elementor-icon-list-icon\">\n\t\t\t\t\t\t\t<i aria-hidden=\"true\" class=\"fas fa-caret-right\"><\/i>\t\t\t\t\t\t<\/span>\n\t\t\t\t\t\t\t\t\t\t<span class=\"elementor-icon-list-text\">Sitemap Facultatea de Farmacie<\/span>\n\t\t\t\t\t\t\t\t\t\t\t<\/a>\n\t\t\t\t\t\t\t\t\t<\/li>\n\t\t\t\t\t\t\t\t<li class=\"elementor-icon-list-item\">\n\t\t\t\t\t\t\t\t\t\t\t<a href=\"https:\/\/umfst.ro\/inginerie\/sitemap\/\">\n\n\t\t\t\t\t\t\t\t\t\t\t\t<span class=\"elementor-icon-list-icon\">\n\t\t\t\t\t\t\t<i aria-hidden=\"true\" class=\"fas fa-caret-right\"><\/i>\t\t\t\t\t\t<\/span>\n\t\t\t\t\t\t\t\t\t\t<span class=\"elementor-icon-list-text\">Sitemap Facultatea de Inginerie \u0219i Tehnologia Informa\u021biei<\/span>\n\t\t\t\t\t\t\t\t\t\t\t<\/a>\n\t\t\t\t\t\t\t\t\t<\/li>\n\t\t\t\t\t\t\t\t<li class=\"elementor-icon-list-item\">\n\t\t\t\t\t\t\t\t\t\t\t<a href=\"https:\/\/umfst.ro\/stiinte-si-litere\/sitemap\/\">\n\n\t\t\t\t\t\t\t\t\t\t\t\t<span class=\"elementor-icon-list-icon\">\n\t\t\t\t\t\t\t<i aria-hidden=\"true\" class=\"fas fa-caret-right\"><\/i>\t\t\t\t\t\t<\/span>\n\t\t\t\t\t\t\t\t\t\t<span class=\"elementor-icon-list-text\">Sitemap Facultatea de \u0218tiin\u021be \u0219i Litere<\/span>\n\t\t\t\t\t\t\t\t\t\t\t<\/a>\n\t\t\t\t\t\t\t\t\t<\/li>\n\t\t\t\t\t\t\t\t<li class=\"elementor-icon-list-item\">\n\t\t\t\t\t\t\t\t\t\t\t<a href=\"https:\/\/umfst.ro\/economie-si-drept\/sitemap\/\">\n\n\t\t\t\t\t\t\t\t\t\t\t\t<span class=\"elementor-icon-list-icon\">\n\t\t\t\t\t\t\t<i aria-hidden=\"true\" class=\"fas fa-caret-right\"><\/i>\t\t\t\t\t\t<\/span>\n\t\t\t\t\t\t\t\t\t\t<span class=\"elementor-icon-list-text\">Sitemap Facultatea de Economie \u0219i Drept<\/span>\n\t\t\t\t\t\t\t\t\t\t\t<\/a>\n\t\t\t\t\t\t\t\t\t<\/li>\n\t\t\t\t\t\t<\/ul>\n\t\t\t\t\t\t<\/div>\n\t\t\t\t<\/div>\n\t\t\t\t<div class=\"elementor-element elementor-element-c9baa61 elementor-widget elementor-widget-sitemap\" data-id=\"c9baa61\" data-element_type=\"widget\" data-e-type=\"widget\" data-widget_type=\"sitemap.default\">\n\t\t\t\t<div class=\"elementor-widget-container\">\n\t\t\t\t\t<div class=\"elementor-sitemap-wrap\"><div class=\"elementor-sitemap-section\"><h2 class=\"elementor-sitemap-title elementor-sitemap-page-title\">Pagini<\/h2><ul class=\"elementor-sitemap-list elementor-sitemap-page-list\"><li class=\"elementor-sitemap-item elementor-sitemap-item-page page_item page-item-3579\"><a href=\"https:\/\/umfst.ro\/facultatea-de-medicina-dentara\/en\/admission-2026\/\">Admission 2026<\/a><\/li><li class=\"elementor-sitemap-item elementor-sitemap-item-page page_item page-item-1360\"><a href=\"https:\/\/umfst.ro\/facultatea-de-medicina-dentara\/en\/sitemap\/\">Sitemap<\/a><\/li><li class=\"elementor-sitemap-item elementor-sitemap-item-page page_item page-item-814\"><a href=\"https:\/\/umfst.ro\/facultatea-de-medicina-dentara\/en\/contact\/\">Contact<\/a><\/li><li class=\"elementor-sitemap-item elementor-sitemap-item-page page_item page-item-434\"><a href=\"https:\/\/umfst.ro\/facultatea-de-medicina-dentara\/en\/\">Home<\/a><\/li><li class=\"elementor-sitemap-item elementor-sitemap-item-page page_item page-item-336 current_page_parent\"><a href=\"https:\/\/umfst.ro\/facultatea-de-medicina-dentara\/en\/stiri\/\">News<\/a><\/li><li class=\"elementor-sitemap-item elementor-sitemap-item-page page_item page-item-187\"><a href=\"https:\/\/umfst.ro\/facultatea-de-medicina-dentara\/en\/informatii-studenti\/\">Students<\/a><ul class='children'><li class=\"elementor-sitemap-item elementor-sitemap-item-page page_item page-item-195\"><a href=\"https:\/\/umfst.ro\/facultatea-de-medicina-dentara\/en\/informatii-studenti\/informatii-specifice-facultatii\/\">Faculty specific information<\/a><ul class='children'><li class=\"elementor-sitemap-item elementor-sitemap-item-page page_item page-item-3119\"><a href=\"https:\/\/umfst.ro\/facultatea-de-medicina-dentara\/en\/informatii-studenti\/informatii-specifice-facultatii\/disertatie\/\">Diserta\u021bie<\/a><\/li><li class=\"elementor-sitemap-item elementor-sitemap-item-page page_item page-item-211\"><a href=\"https:\/\/umfst.ro\/facultatea-de-medicina-dentara\/en\/informatii-studenti\/informatii-specifice-facultatii\/formulare\/\">Form<\/a><\/li><li class=\"elementor-sitemap-item elementor-sitemap-item-page page_item page-item-210\"><a href=\"https:\/\/umfst.ro\/facultatea-de-medicina-dentara\/en\/informatii-studenti\/informatii-specifice-facultatii\/cercuri-stiintifice-studentesti\/\">Student science circles<\/a><\/li><li class=\"elementor-sitemap-item elementor-sitemap-item-page page_item page-item-209\"><a href=\"https:\/\/umfst.ro\/facultatea-de-medicina-dentara\/en\/informatii-studenti\/informatii-specifice-facultatii\/burse\/\">Scholarships<\/a><\/li><li class=\"elementor-sitemap-item elementor-sitemap-item-page page_item page-item-208\"><a href=\"https:\/\/umfst.ro\/facultatea-de-medicina-dentara\/en\/informatii-studenti\/informatii-specifice-facultatii\/practica-de-specialitate\/\">Specialized practice<\/a><\/li><li class=\"elementor-sitemap-item elementor-sitemap-item-page page_item page-item-207\"><a href=\"https:\/\/umfst.ro\/facultatea-de-medicina-dentara\/en\/informatii-studenti\/informatii-specifice-facultatii\/discipline-optionale\/\">Optional courses<\/a><\/li><li class=\"elementor-sitemap-item elementor-sitemap-item-page page_item page-item-205\"><a href=\"https:\/\/umfst.ro\/facultatea-de-medicina-dentara\/en\/informatii-studenti\/informatii-specifice-facultatii\/sistemul-tutorial\/\">Tutorial system<\/a><\/li><li class=\"elementor-sitemap-item elementor-sitemap-item-page page_item page-item-199\"><a href=\"https:\/\/umfst.ro\/facultatea-de-medicina-dentara\/en\/informatii-studenti\/informatii-specifice-facultatii\/examen-licenta\/\">Bachelor\u2019s exam<\/a><ul class='children'><li class=\"elementor-sitemap-item elementor-sitemap-item-page page_item page-item-203\"><a href=\"https:\/\/umfst.ro\/facultatea-de-medicina-dentara\/en\/informatii-studenti\/informatii-specifice-facultatii\/examen-licenta\/teste-licenta\/\">Teste licen\u021b\u0103<\/a><\/li><li class=\"elementor-sitemap-item elementor-sitemap-item-page page_item page-item-201\"><a href=\"https:\/\/umfst.ro\/facultatea-de-medicina-dentara\/en\/informatii-studenti\/informatii-specifice-facultatii\/examen-licenta\/regulament-de-licenta\/\">Regulament de licen\u021b\u0103<\/a><\/li><\/ul><\/li><li class=\"elementor-sitemap-item elementor-sitemap-item-page page_item page-item-197\"><a href=\"https:\/\/umfst.ro\/facultatea-de-medicina-dentara\/en\/informatii-studenti\/informatii-specifice-facultatii\/orare-de-invatamant\/\">Education timetable<\/a><\/li><\/ul><\/li><li class=\"elementor-sitemap-item elementor-sitemap-item-page page_item page-item-193\"><a href=\"https:\/\/umfst.ro\/facultatea-de-medicina-dentara\/en\/informatii-studenti\/informatii-institutionale\/\">Institutional information<\/a><\/li><\/ul><\/li><li class=\"elementor-sitemap-item elementor-sitemap-item-page page_item page-item-171\"><a href=\"https:\/\/umfst.ro\/facultatea-de-medicina-dentara\/en\/oferta-educationala\/\">Educational offer<\/a><ul class='children'><li class=\"elementor-sitemap-item elementor-sitemap-item-page page_item page-item-1380\"><a href=\"https:\/\/umfst.ro\/facultatea-de-medicina-dentara\/en\/oferta-educationala\/studii-de-master\/\">Master\u2019s degree studies<\/a><ul class='children'><li class=\"elementor-sitemap-item elementor-sitemap-item-page page_item page-item-3459\"><a href=\"https:\/\/umfst.ro\/facultatea-de-medicina-dentara\/en\/oferta-educationala\/studii-de-master\/medicina-stomatologica-pentru-pacientii-cu-nevoi-speciale\/\">Medicin\u0103 stomatologic\u0103 pentru pacien\u021bii cu nevoi speciale<\/a><\/li><\/ul><\/li><li class=\"elementor-sitemap-item elementor-sitemap-item-page page_item page-item-175\"><a href=\"https:\/\/umfst.ro\/facultatea-de-medicina-dentara\/en\/oferta-educationala\/studii-de-licenta\/\">Bachelor\u2019s degree studies<\/a><ul class='children'><li class=\"elementor-sitemap-item elementor-sitemap-item-page page_item page-item-2390\"><a href=\"https:\/\/umfst.ro\/facultatea-de-medicina-dentara\/en\/oferta-educationala\/studii-de-licenta\/tehnica-dentara-extensia-bistrita\/\">Tehnic\u0103 dentar\u0103 &#8211; Bistri\u021ba<\/a><\/li><li class=\"elementor-sitemap-item elementor-sitemap-item-page page_item page-item-1264\"><a href=\"https:\/\/umfst.ro\/facultatea-de-medicina-dentara\/en\/oferta-educationala\/studii-de-licenta\/tehnica-dentara\/\">Dental Technology<\/a><\/li><li class=\"elementor-sitemap-item elementor-sitemap-item-page page_item page-item-1185\"><a href=\"https:\/\/umfst.ro\/facultatea-de-medicina-dentara\/en\/oferta-educationala\/studii-de-licenta\/medicina-dentara-limba-engleza\/\">Dental Medicine - English<\/a><\/li><li class=\"elementor-sitemap-item elementor-sitemap-item-page page_item page-item-1137\"><a href=\"https:\/\/umfst.ro\/facultatea-de-medicina-dentara\/en\/oferta-educationala\/studii-de-licenta\/medicina-dentara\/\">Dental Medicine<\/a><\/li><\/ul><\/li><\/ul><\/li><li class=\"elementor-sitemap-item elementor-sitemap-item-page page_item page-item-60\"><a href=\"https:\/\/umfst.ro\/facultatea-de-medicina-dentara\/en\/departamente-si-discipline\/\">Departments and disciplines<\/a><ul class='children'><li class=\"elementor-sitemap-item elementor-sitemap-item-page page_item page-item-117\"><a href=\"https:\/\/umfst.ro\/facultatea-de-medicina-dentara\/en\/departamente-si-discipline\/departamentul-md2\/\">MD2 Department<\/a><ul class='children'><li class=\"elementor-sitemap-item elementor-sitemap-item-page page_item page-item-161\"><a href=\"https:\/\/umfst.ro\/facultatea-de-medicina-dentara\/en\/departamente-si-discipline\/departamentul-md2\/chirurgia-orala-si-maxilo-faciala\/\">Chirurgia oral\u0103 \u0219i maxilo-facial\u0103<\/a><\/li><li class=\"elementor-sitemap-item elementor-sitemap-item-page page_item page-item-151\"><a href=\"https:\/\/umfst.ro\/facultatea-de-medicina-dentara\/en\/departamente-si-discipline\/departamentul-md2\/morfologia-dintilor-si-arcadelor-dentare\/\">Morfologia din\u021bilor \u0219i arcadelor dentare<\/a><\/li><li class=\"elementor-sitemap-item elementor-sitemap-item-page page_item page-item-141\"><a href=\"https:\/\/umfst.ro\/facultatea-de-medicina-dentara\/en\/departamente-si-discipline\/departamentul-md2\/reabilitare-orala-si-ocluzologie\/\">Reabilitare oral\u0103 \u0219i ocluzologie<\/a><\/li><li class=\"elementor-sitemap-item elementor-sitemap-item-page page_item page-item-131\"><a href=\"https:\/\/umfst.ro\/facultatea-de-medicina-dentara\/en\/departamente-si-discipline\/departamentul-md2\/protetica-dentara-mobila-si-mobilizabila\/\">Protetic\u0103 dentar\u0103 mobil\u0103 \u0219i mobilizabil\u0103<\/a><\/li><li class=\"elementor-sitemap-item elementor-sitemap-item-page page_item page-item-119\"><a href=\"https:\/\/umfst.ro\/facultatea-de-medicina-dentara\/en\/departamente-si-discipline\/departamentul-md2\/protetica-dentara-fixa\/\">Protetic\u0103 dentar\u0103 fix\u0103<\/a><\/li><\/ul><\/li><li class=\"elementor-sitemap-item elementor-sitemap-item-page page_item page-item-64\"><a href=\"https:\/\/umfst.ro\/facultatea-de-medicina-dentara\/en\/departamente-si-discipline\/departamentul-md1\/\">MD1 Department<\/a><ul class='children'><li class=\"elementor-sitemap-item elementor-sitemap-item-page page_item page-item-107\"><a href=\"https:\/\/umfst.ro\/facultatea-de-medicina-dentara\/en\/departamente-si-discipline\/departamentul-md1\/medicina-dentara-preventiva-si-comunitara\/\">Medicin\u0103 dentar\u0103 preventiv\u0103 \u0219i comunitar\u0103<\/a><\/li><li class=\"elementor-sitemap-item elementor-sitemap-item-page page_item page-item-97\"><a href=\"https:\/\/umfst.ro\/facultatea-de-medicina-dentara\/en\/departamente-si-discipline\/departamentul-md1\/pedodontie\/\">Pedodon\u021bie<\/a><\/li><li class=\"elementor-sitemap-item elementor-sitemap-item-page page_item page-item-87\"><a href=\"https:\/\/umfst.ro\/facultatea-de-medicina-dentara\/en\/departamente-si-discipline\/departamentul-md1\/ortodontie\/\">Ortodon\u021bie<\/a><\/li><li class=\"elementor-sitemap-item elementor-sitemap-item-page page_item page-item-77\"><a href=\"https:\/\/umfst.ro\/facultatea-de-medicina-dentara\/en\/departamente-si-discipline\/departamentul-md1\/parodontologie-si-diagnostic-oro-dentar\/\">Parodontologie<\/a><\/li><li class=\"elementor-sitemap-item elementor-sitemap-item-page page_item page-item-66\"><a href=\"https:\/\/umfst.ro\/facultatea-de-medicina-dentara\/en\/departamente-si-discipline\/departamentul-md1\/odontologie-si-patologie-orala\/\">Odontologie \u0219i patologie oral\u0103<\/a><\/li><\/ul><\/li><\/ul><\/li><li class=\"elementor-sitemap-item elementor-sitemap-item-page page_item page-item-48\"><a href=\"https:\/\/umfst.ro\/facultatea-de-medicina-dentara\/en\/organizare\/\">Organization<\/a><ul class='children'><li class=\"elementor-sitemap-item elementor-sitemap-item-page page_item page-item-1657\"><a href=\"https:\/\/umfst.ro\/facultatea-de-medicina-dentara\/en\/organizare\/secretariat\/\">Secretary<\/a><\/li><li class=\"elementor-sitemap-item elementor-sitemap-item-page page_item page-item-56\"><a href=\"https:\/\/umfst.ro\/facultatea-de-medicina-dentara\/en\/organizare\/comisii-de-lucru\/\">Working committees<\/a><\/li><li class=\"elementor-sitemap-item elementor-sitemap-item-page page_item page-item-54\"><a href=\"https:\/\/umfst.ro\/facultatea-de-medicina-dentara\/en\/organizare\/consiliul-facultatii-de-medicina-dentara\/\">Council of the Faculty of Dental Medicine<\/a><\/li><li class=\"elementor-sitemap-item elementor-sitemap-item-page page_item page-item-52\"><a href=\"https:\/\/umfst.ro\/facultatea-de-medicina-dentara\/en\/organizare\/conducerea-facultatii-de-medicina-dentara\/\">Management of the Faculty of Dental Medicine<\/a><\/li><\/ul><\/li><li class=\"elementor-sitemap-item elementor-sitemap-item-page page_item page-item-19\"><a href=\"https:\/\/umfst.ro\/facultatea-de-medicina-dentara\/en\/prezentare\/\">About<\/a><ul class='children'><li class=\"elementor-sitemap-item elementor-sitemap-item-page page_item page-item-1632\"><a href=\"https:\/\/umfst.ro\/facultatea-de-medicina-dentara\/en\/prezentare\/ambulatoriul-de-specialitate-medicina-dentara\/\">The Dental Medicine Outpatient Clinic<\/a><\/li><li class=\"elementor-sitemap-item elementor-sitemap-item-page page_item page-item-41\"><a href=\"https:\/\/umfst.ro\/facultatea-de-medicina-dentara\/en\/prezentare\/centrul-de-simulare-in-medicina-dentara\/\">Simulation Center in Dental Medicine<\/a><\/li><li class=\"elementor-sitemap-item elementor-sitemap-item-page page_item page-item-36\"><a href=\"https:\/\/umfst.ro\/facultatea-de-medicina-dentara\/en\/prezentare\/centrul-integrat-de-medicina-dentara\/\">Integrated Dental Center<\/a><\/li><li class=\"elementor-sitemap-item elementor-sitemap-item-page page_item page-item-31\"><a href=\"https:\/\/umfst.ro\/facultatea-de-medicina-dentara\/en\/prezentare\/program-de-audiente-decan-prodecani\/\">Schedule of appointments<\/a><\/li><li class=\"elementor-sitemap-item elementor-sitemap-item-page page_item page-item-29\"><a href=\"https:\/\/umfst.ro\/facultatea-de-medicina-dentara\/en\/prezentare\/istoricul-facultatii\/\">History of the Faculty of Dental Medicine<\/a><\/li><li class=\"elementor-sitemap-item elementor-sitemap-item-page page_item page-item-27\"><a href=\"https:\/\/umfst.ro\/facultatea-de-medicina-dentara\/en\/prezentare\/cuvantul-decanului\/\">The Dean's message<\/a><\/li><\/ul><\/li><\/ul><\/div><\/div>\t\t\t\t<\/div>\n\t\t\t\t<\/div>\n\t\t\t\t\t<\/div>\n\t\t<\/div>\n\t\t\t\t\t<\/div>\n\t\t<\/section>\n\t\t\t\t<\/div>","protected":false},"excerpt":{"rendered":"<p>Sitemap UMFST Sitemap E-UMFST (Intranet) Sitemap Facultatea de Medicin\u0103 Sitemap Facultatea de Medicin\u0103 Englez\u0103 Sitemap Facultatea de Medicin\u0103 Dentar\u0103 Sitemap Facultatea de Farmacie Sitemap Facultatea de Inginerie \u0219i Tehnologia Informa\u021biei Sitemap Facultatea de \u0218tiin\u021be \u0219i Litere Sitemap Facultatea de Economie \u0219i Drept<\/p>","protected":false},"author":2,"featured_media":0,"parent":0,"menu_order":6,"comment_status":"closed","ping_status":"closed","template":"","meta":{"_relevanssi_hide_post":"","_relevanssi_hide_content":"","_relevanssi_pin_for_all":"","_relevanssi_pin_keywords":"","_relevanssi_unpin_keywords":"","_relevanssi_related_keywords":"","_relevanssi_related_include_ids":"","_relevanssi_related_exclude_ids":"","_relevanssi_related_no_append":"","_relevanssi_related_not_related":"","_relevanssi_related_posts":"225,229,226,227,228","_relevanssi_noindex_reason":"","footnotes":""},"categories":[31],"tags":[],"class_list":["post-1360","page","type-page","status-publish","hentry","category-pagina-generala"],"meta_box":[],"_links":{"self":[{"href":"https:\/\/umfst.ro\/facultatea-de-medicina-dentara\/en\/wp-json\/wp\/v2\/pages\/1360","targetHints":{"allow":["GET"]}}],"collection":[{"href":"https:\/\/umfst.ro\/facultatea-de-medicina-dentara\/en\/wp-json\/wp\/v2\/pages"}],"about":[{"href":"https:\/\/umfst.ro\/facultatea-de-medicina-dentara\/en\/wp-json\/wp\/v2\/types\/page"}],"author":[{"embeddable":true,"href":"https:\/\/umfst.ro\/facultatea-de-medicina-dentara\/en\/wp-json\/wp\/v2\/users\/2"}],"replies":[{"embeddable":true,"href":"https:\/\/umfst.ro\/facultatea-de-medicina-dentara\/en\/wp-json\/wp\/v2\/comments?post=1360"}],"version-history":[{"count":13,"href":"https:\/\/umfst.ro\/facultatea-de-medicina-dentara\/en\/wp-json\/wp\/v2\/pages\/1360\/revisions"}],"predecessor-version":[{"id":1532,"href":"https:\/\/umfst.ro\/facultatea-de-medicina-dentara\/en\/wp-json\/wp\/v2\/pages\/1360\/revisions\/1532"}],"wp:attachment":[{"href":"https:\/\/umfst.ro\/facultatea-de-medicina-dentara\/en\/wp-json\/wp\/v2\/media?parent=1360"}],"wp:term":[{"taxonomy":"category","embeddable":true,"href":"https:\/\/umfst.ro\/facultatea-de-medicina-dentara\/en\/wp-json\/wp\/v2\/categories?post=1360"},{"taxonomy":"post_tag","embeddable":true,"href":"https:\/\/umfst.ro\/facultatea-de-medicina-dentara\/en\/wp-json\/wp\/v2\/tags?post=1360"}],"curies":[{"name":"wp","href":"https:\/\/api.w.org\/{rel}","templated":true}]}}