{"id":1632,"date":"2023-07-18T16:34:10","date_gmt":"2023-07-18T16:34:10","guid":{"rendered":"https:\/\/dev.umfst.ro\/facultatea-de-medicina-dentara\/?page_id=1632"},"modified":"2024-01-08T14:07:38","modified_gmt":"2024-01-08T14:07:38","slug":"ambulatoriul-de-specialitate-medicina-dentara","status":"publish","type":"page","link":"https:\/\/umfst.ro\/facultatea-de-medicina-dentara\/en\/prezentare\/ambulatoriul-de-specialitate-medicina-dentara\/","title":{"rendered":"The Dental Medicine Outpatient Clinic"},"content":{"rendered":"<div data-elementor-type=\"wp-page\" data-elementor-id=\"1632\" class=\"elementor elementor-1632\" data-elementor-post-type=\"page\">\n\t\t\t\t\t\t<section class=\"elementor-section elementor-top-section elementor-element elementor-element-717ce991 elementor-section-boxed elementor-section-height-default elementor-section-height-default\" data-id=\"717ce991\" data-element_type=\"section\" data-e-type=\"section\">\n\t\t\t\t\t\t<div class=\"elementor-container elementor-column-gap-default\">\n\t\t\t\t\t<div class=\"elementor-column elementor-col-100 elementor-top-column elementor-element elementor-element-7619137a\" data-id=\"7619137a\" data-element_type=\"column\" data-e-type=\"column\">\n\t\t\t<div class=\"elementor-widget-wrap elementor-element-populated\">\n\t\t\t\t\t\t<div class=\"elementor-element elementor-element-79427534 elementor-widget elementor-widget-text-editor\" data-id=\"79427534\" data-element_type=\"widget\" data-e-type=\"widget\" data-widget_type=\"text-editor.default\">\n\t\t\t\t<div class=\"elementor-widget-container\">\n\t\t\t\t\t\t\t\t\t\n<p class=\"text-justify translation-block\">The specialized dental clinic within the UMPhST \"G.E. Palade\" of T\u00e2rgu Mure\u0219 is a provider of dental medical services by entering, in 2021, contractual relations with the National Health Insurance Company (CAS).\n\nThe dental procedures carried out in the specialized dental clinic are covered by the National Health Insurance Company, within the limit of a maximum monthly ceiling.<\/p>\n<h5 class=\"text-justify\"><strong>What kind of dental procedures and treatments are covered?<\/strong><\/h5>\n<p class=\"text-justify translation-block\">The therapeutic procedures covered by the CAS make up the \"package of basic medical services for dental medicine\" which is published on the official website of the National Health Insurance Company (https:\/\/cnas.ro\/pachete-servicii-medicale\/).<\/p>\n<h5 class=\"text-justify\"><strong>Who can benefit from these dental services settled by the National Health Insurance House?<\/strong><\/h5>\n<ul>\n<li class=\"text-justify\">children and young people up to the age of 18: benefit from the full coverage of the treatments included in the \"basic medical services package\" for dental medicine;<\/li>\n<li class=\"text-justify\">patients over 18 years of age: benefit from full coverage by CAS of emergency treatments, and the rest of the treatments included in the \"basic medical services package\" are 60% covered by CAS;<\/li>\n<li class=\"text-justify\">people who benefit from special laws: have all the procedures included in the \"basic medical services package\" fully covered by the CAS.people who benefit from special laws: have all the procedures included in the \"basic medical services package\" fully covered by the CAS.<\/li>\n<\/ul>\n<p>\u00a0<\/p>\n<p class=\"text-justify\">We are fitted with state-of-the-art equipment and technology in the field of dental radiology, providing patients with complex imaging services: 3D computed tomography (CBCT), 3D photographs of the face, 2D panoramic and maxillary sinus radiographs, retro-alveolar radiographs, special offers in the form of orthodontic packages. Planmeca's 3D CBCT (Cone Beam Computer Tomography) CT scanner, ProMax 3D, offers maximum accuracy in the diagnosis of maxillofacial conditions through 3D imaging, 3D photos, 2D panorama and cephalometry, all in a single piece of equipment, indispensable in implantology, orthodontics, maxillofacial surgery, endodontics, periodontology, investigation of the temporomandibular joint.<\/p>\n<p class=\"text-justify\">The specialized dental clinic of UMPhST \"G.E. Palade\" of T\u00e2rgu Mure\u0219 operates within the Faculty of Dental Medicine, located in the main campus of the University, on 38 Gheorghe Marinescu Street.<\/p>\n<p class=\"text-justify\">Additional information regarding dental treatments and imaging services can be obtained from the Reception Desk of the Faculty of Dental Medicine, phone 0265 215 551 ext. 301.<\/p>\n\t\t\t\t\t\t\t\t<\/div>\n\t\t\t\t<\/div>\n\t\t\t\t\t<\/div>\n\t\t<\/div>\n\t\t\t\t\t<\/div>\n\t\t<\/section>\n\t\t\t\t<section class=\"elementor-section elementor-top-section elementor-element elementor-element-afc57f9 elementor-section-boxed elementor-section-height-default elementor-section-height-default\" data-id=\"afc57f9\" data-element_type=\"section\" data-e-type=\"section\">\n\t\t\t\t\t\t<div class=\"elementor-container elementor-column-gap-default\">\n\t\t\t\t\t<div class=\"elementor-column elementor-col-100 elementor-top-column elementor-element elementor-element-09baf4f\" data-id=\"09baf4f\" data-element_type=\"column\" data-e-type=\"column\">\n\t\t\t<div class=\"elementor-widget-wrap elementor-element-populated\">\n\t\t\t\t\t\t<div class=\"elementor-element elementor-element-03b5b48 elementor-skin-slideshow elementor-arrows-yes elementor-widget elementor-widget-media-carousel\" data-id=\"03b5b48\" data-element_type=\"widget\" data-e-type=\"widget\" data-settings=\"{&quot;skin&quot;:&quot;slideshow&quot;,&quot;effect&quot;:&quot;slide&quot;,&quot;show_arrows&quot;:&quot;yes&quot;,&quot;speed&quot;:500,&quot;autoplay&quot;:&quot;yes&quot;,&quot;autoplay_speed&quot;:5000,&quot;loop&quot;:&quot;yes&quot;,&quot;pause_on_hover&quot;:&quot;yes&quot;,&quot;pause_on_interaction&quot;:&quot;yes&quot;,&quot;space_between&quot;:{&quot;unit&quot;:&quot;px&quot;,&quot;size&quot;:10,&quot;sizes&quot;:[]},&quot;space_between_widescreen&quot;:{&quot;unit&quot;:&quot;px&quot;,&quot;size&quot;:10,&quot;sizes&quot;:[]},&quot;space_between_tablet&quot;:{&quot;unit&quot;:&quot;px&quot;,&quot;size&quot;:10,&quot;sizes&quot;:[]},&quot;space_between_mobile&quot;:{&quot;unit&quot;:&quot;px&quot;,&quot;size&quot;:10,&quot;sizes&quot;:[]}}\" data-widget_type=\"media-carousel.default\">\n\t\t\t\t<div class=\"elementor-widget-container\">\n\t\t\t\t\t\t\t\t\t<div class=\"elementor-swiper\">\n\t\t\t\t\t<div class=\"elementor-main-swiper swiper\" role=\"region\" aria-roledescription=\"carousel\" aria-label=\"Slides\">\n\t\t\t\t<div class=\"swiper-wrapper\">\n\t\t\t\t\t\t\t\t\t\t\t<div class=\"swiper-slide\" role=\"group\" aria-roledescription=\"slide\">\n\t\t\t\t\t\t\t\t\t<div class=\"elementor-carousel-image\" role=\"img\" aria-label=\"\" style=\"background-image: url(&#039;https:\/\/www.umfst.ro\/fileadmin\/f_medicina_dentara\/media\/asmd\/1.jpg&#039;)\">\n\n\t\t\t\n\t\t\t\t\t<\/div>\n\t\t\t\t\t\t\t\t<\/div>\n\t\t\t\t\t\t\t\t\t\t\t<div class=\"swiper-slide\" role=\"group\" aria-roledescription=\"slide\">\n\t\t\t\t\t\t\t\t\t<div class=\"elementor-carousel-image\" role=\"img\" aria-label=\"\" style=\"background-image: url(&#039;https:\/\/www.umfst.ro\/fileadmin\/f_medicina_dentara\/media\/asmd\/2.jpg&#039;)\">\n\n\t\t\t\n\t\t\t\t\t<\/div>\n\t\t\t\t\t\t\t\t<\/div>\n\t\t\t\t\t\t\t\t\t\t\t<div class=\"swiper-slide\" role=\"group\" aria-roledescription=\"slide\">\n\t\t\t\t\t\t\t\t\t<div class=\"elementor-carousel-image\" role=\"img\" aria-label=\"\" style=\"background-image: url(&#039;https:\/\/www.umfst.ro\/fileadmin\/f_medicina_dentara\/media\/asmd\/3.jpg&#039;)\">\n\n\t\t\t\n\t\t\t\t\t<\/div>\n\t\t\t\t\t\t\t\t<\/div>\n\t\t\t\t\t\t\t\t\t\t\t<div class=\"swiper-slide\" role=\"group\" aria-roledescription=\"slide\">\n\t\t\t\t\t\t\t\t\t<div class=\"elementor-carousel-image\" role=\"img\" aria-label=\"\" style=\"background-image: url(&#039;https:\/\/www.umfst.ro\/fileadmin\/f_medicina_dentara\/media\/asmd\/4.jpg&#039;)\">\n\n\t\t\t\n\t\t\t\t\t<\/div>\n\t\t\t\t\t\t\t\t<\/div>\n\t\t\t\t\t\t\t\t\t\t\t<div class=\"swiper-slide\" role=\"group\" aria-roledescription=\"slide\">\n\t\t\t\t\t\t\t\t\t<div class=\"elementor-carousel-image\" role=\"img\" aria-label=\"\" style=\"background-image: url(&#039;https:\/\/www.umfst.ro\/fileadmin\/f_medicina_dentara\/media\/asmd\/5.jpg&#039;)\">\n\n\t\t\t\n\t\t\t\t\t<\/div>\n\t\t\t\t\t\t\t\t<\/div>\n\t\t\t\t\t\t\t\t\t\t\t<div class=\"swiper-slide\" role=\"group\" aria-roledescription=\"slide\">\n\t\t\t\t\t\t\t\t\t<div class=\"elementor-carousel-image\" role=\"img\" aria-label=\"\" style=\"background-image: url(&#039;https:\/\/www.umfst.ro\/fileadmin\/f_medicina_dentara\/media\/asmd\/6.jpg&#039;)\">\n\n\t\t\t\n\t\t\t\t\t<\/div>\n\t\t\t\t\t\t\t\t<\/div>\n\t\t\t\t\t\t\t\t\t<\/div>\n\t\t\t\t\t\t\t\t\t\t\t\t\t\t\t<div class=\"elementor-swiper-button elementor-swiper-button-prev\" role=\"button\" tabindex=\"0\" aria-label=\"Previous\">\n\t\t\t\t\t\t\t<i aria-hidden=\"true\" class=\"eicon-chevron-left\"><\/i>\t\t\t\t\t\t<\/div>\n\t\t\t\t\t\t<div class=\"elementor-swiper-button elementor-swiper-button-next\" role=\"button\" tabindex=\"0\" aria-label=\"Next\">\n\t\t\t\t\t\t\t<i aria-hidden=\"true\" class=\"eicon-chevron-right\"><\/i>\t\t\t\t\t\t<\/div>\n\t\t\t\t\t\t\t\t\t\t\t\t\t\t\t\t\t<\/div>\n\t\t\t\t<\/div>\n\t\t\t\t\t\t\t\t<div class=\"elementor-swiper\">\n\t\t\t\t\t<div class=\"elementor-main-swiper swiper elementor-thumbnails-swiper swiper\" role=\"region region\" aria-roledescription=\"carousel carousel\" aria-label=\"Slides Slides\">\n\t\t\t\t<div class=\"swiper-wrapper\">\n\t\t\t\t\t\t\t\t\t\t\t<div class=\"swiper-slide\" role=\"group\" aria-roledescription=\"slide\">\n\t\t\t\t\t\t\t\t\t<div class=\"elementor-carousel-image\" role=\"img\" aria-label=\"\" style=\"background-image: url(&#039;https:\/\/www.umfst.ro\/fileadmin\/f_medicina_dentara\/media\/asmd\/1.jpg&#039;)\">\n\n\t\t\t\n\t\t\t\t\t<\/div>\n\t\t\t\t\t\t\t\t<\/div>\n\t\t\t\t\t\t\t\t\t\t\t<div class=\"swiper-slide\" role=\"group\" aria-roledescription=\"slide\">\n\t\t\t\t\t\t\t\t\t<div class=\"elementor-carousel-image\" role=\"img\" aria-label=\"\" style=\"background-image: url(&#039;https:\/\/www.umfst.ro\/fileadmin\/f_medicina_dentara\/media\/asmd\/2.jpg&#039;)\">\n\n\t\t\t\n\t\t\t\t\t<\/div>\n\t\t\t\t\t\t\t\t<\/div>\n\t\t\t\t\t\t\t\t\t\t\t<div class=\"swiper-slide\" role=\"group\" aria-roledescription=\"slide\">\n\t\t\t\t\t\t\t\t\t<div class=\"elementor-carousel-image\" role=\"img\" aria-label=\"\" style=\"background-image: url(&#039;https:\/\/www.umfst.ro\/fileadmin\/f_medicina_dentara\/media\/asmd\/3.jpg&#039;)\">\n\n\t\t\t\n\t\t\t\t\t<\/div>\n\t\t\t\t\t\t\t\t<\/div>\n\t\t\t\t\t\t\t\t\t\t\t<div class=\"swiper-slide\" role=\"group\" aria-roledescription=\"slide\">\n\t\t\t\t\t\t\t\t\t<div class=\"elementor-carousel-image\" role=\"img\" aria-label=\"\" style=\"background-image: url(&#039;https:\/\/www.umfst.ro\/fileadmin\/f_medicina_dentara\/media\/asmd\/4.jpg&#039;)\">\n\n\t\t\t\n\t\t\t\t\t<\/div>\n\t\t\t\t\t\t\t\t<\/div>\n\t\t\t\t\t\t\t\t\t\t\t<div class=\"swiper-slide\" role=\"group\" aria-roledescription=\"slide\">\n\t\t\t\t\t\t\t\t\t<div class=\"elementor-carousel-image\" role=\"img\" aria-label=\"\" style=\"background-image: url(&#039;https:\/\/www.umfst.ro\/fileadmin\/f_medicina_dentara\/media\/asmd\/5.jpg&#039;)\">\n\n\t\t\t\n\t\t\t\t\t<\/div>\n\t\t\t\t\t\t\t\t<\/div>\n\t\t\t\t\t\t\t\t\t\t\t<div class=\"swiper-slide\" role=\"group\" aria-roledescription=\"slide\">\n\t\t\t\t\t\t\t\t\t<div class=\"elementor-carousel-image\" role=\"img\" aria-label=\"\" style=\"background-image: url(&#039;https:\/\/www.umfst.ro\/fileadmin\/f_medicina_dentara\/media\/asmd\/6.jpg&#039;)\">\n\n\t\t\t\n\t\t\t\t\t<\/div>\n\t\t\t\t\t\t\t\t<\/div>\n\t\t\t\t\t\t\t\t\t<\/div>\n\t\t\t\t\t\t\t\t\t\t\t\t\t\t\t\t\t\t\t\t\t<\/div>\n\t\t\t\t<\/div>\n\t\t\t\t\t\t\t\t<\/div>\n\t\t\t\t<\/div>\n\t\t\t\t\t<\/div>\n\t\t<\/div>\n\t\t\t\t\t<\/div>\n\t\t<\/section>\n\t\t\t\t<\/div>","protected":false},"excerpt":{"rendered":"<p>Ambulatoriul de Specialitate Medicin\u0103 Dentar\u0103 din cadrul UMFST G.E. Palade T\u00e2rgu Mure\u0219 este furnizor de servicii medicale stomatologice prin intrarea, \u00een anul 2021, \u00een rela\u021bii contractuale cu Casa de Asigur\u0103ri de S\u0103n\u0103tate (CAS). Procedurile stomatologice efectuate \u00een cadrul ambulatoriului de specialitate medicin\u0103 dentar\u0103 sunt decontate de c\u0103tre CAS, \u00een limita unui plafon lunar maximal. Ce [&hellip;]<\/p>\n","protected":false},"author":25,"featured_media":0,"parent":19,"menu_order":6,"comment_status":"closed","ping_status":"closed","template":"","meta":{"_relevanssi_hide_post":"","_relevanssi_hide_content":"","_relevanssi_pin_for_all":"","_relevanssi_pin_keywords":"","_relevanssi_unpin_keywords":"","_relevanssi_related_keywords":"","_relevanssi_related_include_ids":"","_relevanssi_related_exclude_ids":"","_relevanssi_related_no_append":"","_relevanssi_related_not_related":"","_relevanssi_related_posts":"1","_relevanssi_noindex_reason":"","footnotes":""},"categories":[13],"tags":[],"class_list":["post-1632","page","type-page","status-publish","hentry","category-pagina-cu-sidebar"],"meta_box":[],"_links":{"self":[{"href":"https:\/\/umfst.ro\/facultatea-de-medicina-dentara\/en\/wp-json\/wp\/v2\/pages\/1632","targetHints":{"allow":["GET"]}}],"collection":[{"href":"https:\/\/umfst.ro\/facultatea-de-medicina-dentara\/en\/wp-json\/wp\/v2\/pages"}],"about":[{"href":"https:\/\/umfst.ro\/facultatea-de-medicina-dentara\/en\/wp-json\/wp\/v2\/types\/page"}],"author":[{"embeddable":true,"href":"https:\/\/umfst.ro\/facultatea-de-medicina-dentara\/en\/wp-json\/wp\/v2\/users\/25"}],"replies":[{"embeddable":true,"href":"https:\/\/umfst.ro\/facultatea-de-medicina-dentara\/en\/wp-json\/wp\/v2\/comments?post=1632"}],"version-history":[{"count":31,"href":"https:\/\/umfst.ro\/facultatea-de-medicina-dentara\/en\/wp-json\/wp\/v2\/pages\/1632\/revisions"}],"predecessor-version":[{"id":2715,"href":"https:\/\/umfst.ro\/facultatea-de-medicina-dentara\/en\/wp-json\/wp\/v2\/pages\/1632\/revisions\/2715"}],"up":[{"embeddable":true,"href":"https:\/\/umfst.ro\/facultatea-de-medicina-dentara\/en\/wp-json\/wp\/v2\/pages\/19"}],"wp:attachment":[{"href":"https:\/\/umfst.ro\/facultatea-de-medicina-dentara\/en\/wp-json\/wp\/v2\/media?parent=1632"}],"wp:term":[{"taxonomy":"category","embeddable":true,"href":"https:\/\/umfst.ro\/facultatea-de-medicina-dentara\/en\/wp-json\/wp\/v2\/categories?post=1632"},{"taxonomy":"post_tag","embeddable":true,"href":"https:\/\/umfst.ro\/facultatea-de-medicina-dentara\/en\/wp-json\/wp\/v2\/tags?post=1632"}],"curies":[{"name":"wp","href":"https:\/\/api.w.org\/{rel}","templated":true}]}}