{"id":187,"date":"2022-11-17T19:31:12","date_gmt":"2022-11-17T19:31:12","guid":{"rendered":"https:\/\/dev.umfst.ro\/facultatea-de-medicina-dentara\/?page_id=187"},"modified":"2026-05-07T11:22:20","modified_gmt":"2026-05-07T11:22:20","slug":"informatii-studenti","status":"publish","type":"page","link":"https:\/\/umfst.ro\/facultatea-de-medicina-dentara\/en\/informatii-studenti\/","title":{"rendered":"Students"},"content":{"rendered":"<div data-elementor-type=\"wp-page\" data-elementor-id=\"187\" class=\"elementor elementor-187\" data-elementor-post-type=\"page\">\n\t\t\t\t\t\t<section class=\"elementor-section elementor-top-section elementor-element elementor-element-e9bf3c5 elementor-section-boxed elementor-section-height-default elementor-section-height-default\" data-id=\"e9bf3c5\" data-element_type=\"section\" data-e-type=\"section\">\n\t\t\t\t\t\t<div class=\"elementor-container elementor-column-gap-default\">\n\t\t\t\t\t<div class=\"elementor-column elementor-col-100 elementor-top-column elementor-element elementor-element-e3f038a\" data-id=\"e3f038a\" data-element_type=\"column\" data-e-type=\"column\">\n\t\t\t<div class=\"elementor-widget-wrap elementor-element-populated\">\n\t\t\t\t\t\t<div class=\"elementor-element elementor-element-479ce75 elementor-widget elementor-widget-text-editor\" data-id=\"479ce75\" data-element_type=\"widget\" data-e-type=\"widget\" data-widget_type=\"text-editor.default\">\n\t\t\t\t<div class=\"elementor-widget-container\">\n\t\t\t\t\t\t\t\t\t<h2>Announcements<\/h2>\t\t\t\t\t\t\t\t<\/div>\n\t\t\t\t<\/div>\n\t\t\t\t<div class=\"elementor-element elementor-element-e78fe14 elementor-widget elementor-widget-text-editor\" data-id=\"e78fe14\" data-element_type=\"widget\" data-e-type=\"widget\" data-widget_type=\"text-editor.default\">\n\t\t\t\t<div class=\"elementor-widget-container\">\n\t\t\t\t\t\t\t\t\t<h2>Transfer\u00a0Procedure For International Students<\/h2><p><a href=\"https:\/\/umfst.ro\/fileadmin\/f_medicina_dentara\/informatii\/TRANSFER_PROCEDURE_26-27.pdf\">Transfer Procedure<\/a><\/p><h2>Anun\u021b transferuri\u00a0<\/h2><p>Studen\u0163ii din alte universit\u0103\u0163i rom\u00e2ne\u015fti sau str\u0103ine recunoscute de Ministerul Educa\u0163iei, care solicit\u0103 transfer \u00een cadrul programelor de studii (Medicin\u0103 Dentar\u0103 (linia de studii rom\u00e2n\u0103 \u0219i linia de studii maghiar\u0103), Tehnic\u0103 Dentar\u0103, Tehnic\u0103 Dentar\u0103 &#8211; Extensie Bistri\u021ba), ale Facult\u0103\u021bii de Medicin\u0103 Dentar\u0103, vor depune cereri la Registratura universit\u0103\u0163ii\u00a0\u00een\u00a0perioada:<strong>\u00a027.07-31.07.2026.<\/strong><\/p><p><a href=\"https:\/\/www.umfst.ro\/fileadmin\/documente_oficiale\/regulamente\/UMFST-PO-FAC-03-F01_3_.docx\">Cererile de transfer<\/a>\u00a0vor fi \u00eenso\u021bite de urm\u0103toarele acte:<\/p><ul><li>situa\u0163ia \u015fcolar\u0103 \u00een momentul transferului;<\/li><li>planul de \u00eenv\u0103\u0163\u0103m\u00e2nt \u015fi programa analitic\u0103 detaliat\u0103 a programului de studiu de la facultatea de unde se transfer\u0103.<\/li><\/ul><p>\u00a0<\/p><p>Toate actele de studii vor fi traduse \u00een limba rom\u00e2n\u0103 \u015fi legalizate.<\/p><p>\u00a0<\/p><h2>Anun\u021b repeten\u021bie, re\u00eenmatriculare, reluare studii<\/h2><p>\u00cen aten\u021bia studen\u021bilor,<\/p><p>Cererile pentru repetarea anului de studii, re\u00eenmatriculare \u015fi reluarea de studii din \u00eentrerupere, se vor depune la Registratura Universit\u0103\u0163ii, personal sau pe mail la <a href=\"mailto:registratura@umfst.ro,\">registratura@umfst.ro,<\/a>\u00a0\u00een perioada\u00a0<strong>27.07-31.07.2026<\/strong>. Dup\u0103 aceast\u0103 dat\u0103 nu se mai primesc cereri.<\/p><p>\u00a0<\/p><h2>Anun\u021b echival\u0103ri note<\/h2><p>Cererile de echivalare de note si credite, se vor depune la Registratura Universit\u0103\u0163ii, personal sau pe mail la\u00a0<a href=\"mailto:registratura@umfst.ro,\">registratura@umfst.ro<\/a>,\u00a0doar la \u00eenceputul anului universitar (indiferent daca vizeaza discipline din semestrul I sau II)\u00a0\u00een perioada:<strong> 14-22 septembrie 2026.<\/strong><\/p><p>Cele care se depun dup\u0103 aceast\u0103 dat\u0103 nu vor fi luate \u00een considerare.<\/p><p>\u00a0<\/p><hr \/><p>\u00a0<\/p>\t\t\t\t\t\t\t\t<\/div>\n\t\t\t\t<\/div>\n\t\t\t\t\t<\/div>\n\t\t<\/div>\n\t\t\t\t\t<\/div>\n\t\t<\/section>\n\t\t\t\t<section class=\"elementor-section elementor-top-section elementor-element elementor-element-921850e elementor-section-boxed elementor-section-height-default elementor-section-height-default\" data-id=\"921850e\" data-element_type=\"section\" data-e-type=\"section\">\n\t\t\t\t\t\t<div class=\"elementor-container elementor-column-gap-default\">\n\t\t\t\t\t<div class=\"elementor-column elementor-col-100 elementor-top-column elementor-element elementor-element-fe99222\" data-id=\"fe99222\" data-element_type=\"column\" data-e-type=\"column\">\n\t\t\t<div class=\"elementor-widget-wrap elementor-element-populated\">\n\t\t\t\t\t\t<div class=\"elementor-element elementor-element-742238b elementor-widget elementor-widget-text-editor\" data-id=\"742238b\" data-element_type=\"widget\" data-e-type=\"widget\" data-widget_type=\"text-editor.default\">\n\t\t\t\t<div class=\"elementor-widget-container\">\n\t\t\t\t\t\t\t\t\t<h2>Anun\u021b transferuri<\/h2><p>Studen\u0163ii din alte universit\u0103\u0163i rom\u00e2ne\u015fti sau str\u0103ine recunoscute de Ministerul Educa\u0163iei, care solicit\u0103 transfer \u00een cadrul programelor de studii ale Facult\u0103\u021bii de Medicin\u0103 Dentar\u0103, vor depune cereri la Registratura universit\u0103\u0163ii, personal sau prin email la <a href=\"mailto:registratura@umfst.ro\">registratura@umfst.ro<\/a>,\u00a0<strong>\u00een<\/strong>\u00a0<strong>perioada: 1-10 septembrie 2024.<\/strong><\/p><p><a href=\"https:\/\/www.umfst.ro\/fileadmin\/documente_oficiale\/regulamente\/UMFST-PO-FAC-03-F01_3_.docx\">Cererile de transfer<\/a>\u00a0vor fi \u00eenso\u021bite de urm\u0103toarele acte:<\/p><ul><li>situa\u0163ia \u015fcolar\u0103 \u00een momentul transferului;<\/li><li>planul de \u00eenv\u0103\u0163\u0103m\u00e2nt \u015fi programa analitic\u0103 detaliat\u0103 a programului de studiu de la facultatea de unde se transfer\u0103.<\/li><\/ul><p>Toate actele de studii vor fi traduse \u00een limba rom\u00e2n\u0103 \u015fi legalizate.<\/p>\t\t\t\t\t\t\t\t<\/div>\n\t\t\t\t<\/div>\n\t\t\t\t\t<\/div>\n\t\t<\/div>\n\t\t\t\t\t<\/div>\n\t\t<\/section>\n\t\t\t\t<section class=\"elementor-section elementor-top-section elementor-element elementor-element-6eef2c8 elementor-section-boxed elementor-section-height-default elementor-section-height-default\" data-id=\"6eef2c8\" data-element_type=\"section\" data-e-type=\"section\">\n\t\t\t\t\t\t<div class=\"elementor-container elementor-column-gap-default\">\n\t\t\t\t\t<div class=\"elementor-column elementor-col-100 elementor-top-column elementor-element elementor-element-77861fc\" data-id=\"77861fc\" data-element_type=\"column\" data-e-type=\"column\">\n\t\t\t<div class=\"elementor-widget-wrap elementor-element-populated\">\n\t\t\t\t\t\t<div class=\"elementor-element elementor-element-3ac99a8 elementor-widget elementor-widget-text-editor\" data-id=\"3ac99a8\" data-element_type=\"widget\" data-e-type=\"widget\" data-widget_type=\"text-editor.default\">\n\t\t\t\t<div class=\"elementor-widget-container\">\n\t\t\t\t\t\t\t\t\t<h2>Anun\u021b repeten\u021bie, re\u00eenmatriculare, reluare studii<\/h2><p><span style=\"font-size: 10.0pt;font-family: 'Verdana',sans-serif\">\u00cen aten\u021bia studen\u021bilor,<\/span><\/p><p><span style=\"font-size: 10.0pt;font-family: 'Verdana',sans-serif\">Cererile pentru repetarea anului de studii, re\u00eenmatriculare \u015fi reluarea de studii din \u00eentrerupere se vor depune la Registratura Universit\u0103\u0163ii, personal sau prin email la\u00a0<a href=\"mailto:registratura@umfst.ro\">registratura@umfst.ro<\/a>, p\u00e2n\u0103 la data de\u00a0<strong><span style=\"font-family: 'Verdana',sans-serif\">6\u00a0septembrie 2024<\/span><\/strong>. Dup\u0103 aceast\u0103 dat\u0103 nu se mai primesc cereri.<\/span><\/p><p>\u00a0<\/p>\t\t\t\t\t\t\t\t<\/div>\n\t\t\t\t<\/div>\n\t\t\t\t\t<\/div>\n\t\t<\/div>\n\t\t\t\t\t<\/div>\n\t\t<\/section>\n\t\t\t\t<section class=\"elementor-section elementor-top-section elementor-element elementor-element-cb467c8 elementor-section-boxed elementor-section-height-default elementor-section-height-default\" data-id=\"cb467c8\" data-element_type=\"section\" data-e-type=\"section\">\n\t\t\t\t\t\t<div class=\"elementor-container elementor-column-gap-default\">\n\t\t\t\t\t<div class=\"elementor-column elementor-col-100 elementor-top-column elementor-element elementor-element-8ef9a02\" data-id=\"8ef9a02\" data-element_type=\"column\" data-e-type=\"column\">\n\t\t\t<div class=\"elementor-widget-wrap elementor-element-populated\">\n\t\t\t\t\t\t<div class=\"elementor-element elementor-element-d30e224 elementor-widget elementor-widget-text-editor\" data-id=\"d30e224\" data-element_type=\"widget\" data-e-type=\"widget\" data-widget_type=\"text-editor.default\">\n\t\t\t\t<div class=\"elementor-widget-container\">\n\t\t\t\t\t\t\t\t\t<h2>Anun\u021b echival\u0103ri note<\/h2><p><span style=\"font-size: 10.0pt;font-family: 'Verdana',sans-serif\">Cererile de echivalare de note \u0219i credite se vor depune la Registratura universit\u0103\u021bii, personal sau prin email la\u00a0<a href=\"mailto:registratura@umfst.ro\">registratura@umfst.ro<\/a>, doar la \u00eenceputul anului universitar (indiferent dac\u0103 vizeaz\u0103 discipline din semestrul I sau II)\u00a0<strong><span style=\"font-family: 'Verdana',sans-serif\">\u00een perioada:\u00a016-30 septembrie 2024.<\/span><\/strong><\/span><\/p><p><span style=\"font-size: 10.0pt;font-family: 'Verdana',sans-serif\">Cele care se depun dup\u0103 aceast\u0103 dat\u0103 nu vor fi luate in considerare.<\/span><\/p><p><strong><span style=\"font-size: 10.0pt;font-family: 'Verdana',sans-serif\">Decan,<\/span><\/strong><span style=\"font-size: 10.0pt;font-family: 'Verdana',sans-serif\"><br \/>Prof. univ. dr.\u00a0Cristina Ioana Bica\u00a0<\/span><\/p>\t\t\t\t\t\t\t\t<\/div>\n\t\t\t\t<\/div>\n\t\t\t\t\t<\/div>\n\t\t<\/div>\n\t\t\t\t\t<\/div>\n\t\t<\/section>\n\t\t\t\t<\/div>","protected":false},"excerpt":{"rendered":"<p>Anun\u021buri Transfer\u00a0Procedure For International Students Transfer Procedure Anun\u021b transferuri\u00a0 Studen\u0163ii din alte universit\u0103\u0163i rom\u00e2ne\u015fti sau str\u0103ine recunoscute de Ministerul Educa\u0163iei, care solicit\u0103 transfer \u00een cadrul programelor de studii (Medicin\u0103 Dentar\u0103 (linia de studii rom\u00e2n\u0103 \u0219i linia de studii maghiar\u0103), Tehnic\u0103 Dentar\u0103, Tehnic\u0103 Dentar\u0103 &#8211; Extensie Bistri\u021ba), ale Facult\u0103\u021bii de Medicin\u0103 Dentar\u0103, vor depune cereri la [&hellip;]<\/p>\n","protected":false},"author":4,"featured_media":0,"parent":0,"menu_order":5,"comment_status":"closed","ping_status":"closed","template":"","meta":{"_relevanssi_hide_post":"","_relevanssi_hide_content":"","_relevanssi_pin_for_all":"","_relevanssi_pin_keywords":"","_relevanssi_unpin_keywords":"","_relevanssi_related_keywords":"","_relevanssi_related_include_ids":"","_relevanssi_related_exclude_ids":"","_relevanssi_related_no_append":"","_relevanssi_related_not_related":"","_relevanssi_related_posts":"1","_relevanssi_noindex_reason":"","footnotes":""},"categories":[13,34],"tags":[],"class_list":["post-187","page","type-page","status-publish","hentry","category-pagina-cu-sidebar","category-pagina-studenti"],"meta_box":[],"_links":{"self":[{"href":"https:\/\/umfst.ro\/facultatea-de-medicina-dentara\/en\/wp-json\/wp\/v2\/pages\/187","targetHints":{"allow":["GET"]}}],"collection":[{"href":"https:\/\/umfst.ro\/facultatea-de-medicina-dentara\/en\/wp-json\/wp\/v2\/pages"}],"about":[{"href":"https:\/\/umfst.ro\/facultatea-de-medicina-dentara\/en\/wp-json\/wp\/v2\/types\/page"}],"author":[{"embeddable":true,"href":"https:\/\/umfst.ro\/facultatea-de-medicina-dentara\/en\/wp-json\/wp\/v2\/users\/4"}],"replies":[{"embeddable":true,"href":"https:\/\/umfst.ro\/facultatea-de-medicina-dentara\/en\/wp-json\/wp\/v2\/comments?post=187"}],"version-history":[{"count":23,"href":"https:\/\/umfst.ro\/facultatea-de-medicina-dentara\/en\/wp-json\/wp\/v2\/pages\/187\/revisions"}],"predecessor-version":[{"id":3676,"href":"https:\/\/umfst.ro\/facultatea-de-medicina-dentara\/en\/wp-json\/wp\/v2\/pages\/187\/revisions\/3676"}],"wp:attachment":[{"href":"https:\/\/umfst.ro\/facultatea-de-medicina-dentara\/en\/wp-json\/wp\/v2\/media?parent=187"}],"wp:term":[{"taxonomy":"category","embeddable":true,"href":"https:\/\/umfst.ro\/facultatea-de-medicina-dentara\/en\/wp-json\/wp\/v2\/categories?post=187"},{"taxonomy":"post_tag","embeddable":true,"href":"https:\/\/umfst.ro\/facultatea-de-medicina-dentara\/en\/wp-json\/wp\/v2\/tags?post=187"}],"curies":[{"name":"wp","href":"https:\/\/api.w.org\/{rel}","templated":true}]}}