{"id":203,"date":"2022-11-17T19:39:08","date_gmt":"2022-11-17T19:39:08","guid":{"rendered":"https:\/\/dev.umfst.ro\/facultatea-de-medicina-dentara\/?page_id=203"},"modified":"2024-06-03T07:35:39","modified_gmt":"2024-06-03T07:35:39","slug":"teste-licenta","status":"publish","type":"page","link":"https:\/\/umfst.ro\/facultatea-de-medicina-dentara\/en\/informatii-studenti\/informatii-specifice-facultatii\/examen-licenta\/teste-licenta\/","title":{"rendered":"Teste licen\u021b\u0103"},"content":{"rendered":"<div data-elementor-type=\"wp-page\" data-elementor-id=\"203\" class=\"elementor elementor-203\" data-elementor-post-type=\"page\">\n\t\t\t\t\t\t<section class=\"elementor-section elementor-top-section elementor-element elementor-element-3afc353f elementor-section-boxed elementor-section-height-default elementor-section-height-default\" data-id=\"3afc353f\" data-element_type=\"section\" data-e-type=\"section\">\n\t\t\t\t\t\t<div class=\"elementor-container elementor-column-gap-default\">\n\t\t\t\t\t<div class=\"elementor-column elementor-col-100 elementor-top-column elementor-element elementor-element-7ed7d550\" data-id=\"7ed7d550\" data-element_type=\"column\" data-e-type=\"column\">\n\t\t\t<div class=\"elementor-widget-wrap elementor-element-populated\">\n\t\t\t\t\t\t<div class=\"elementor-element elementor-element-351400bc elementor-widget elementor-widget-text-editor\" data-id=\"351400bc\" data-element_type=\"widget\" data-e-type=\"widget\" data-widget_type=\"text-editor.default\">\n\t\t\t\t<div class=\"elementor-widget-container\">\n\t\t\t\t\t\t\t\t\t<p><\/p>\n<header>\n<h2 class=\"wp-block-heading\">\u00ceNTREB\u0102RI TIP PENTRU EXAMENUL DE LICEN\u021a\u0102 <\/h2>\n<header>\n<h2>2024<\/h2>\n<\/header>\n<p><a href=\"https:\/\/www.umfst.ro\/fileadmin\/f_medicina_dentara\/licenta\/2024\/1_TESTE_TIP_Ex._LICENTA_MD.pdf\" target=\"_blank\">Program de studii Medicin\u0103 dentar\u0103<\/a><\/p>\n<p><a href=\"https:\/\/www.umfst.ro\/fileadmin\/f_medicina_dentara\/licenta\/2024\/2_QUESTIONS_FOR_THE_GRADUATION_EXAM.pdf\" target=\"_blank\">Program de studii Medicin\u0103 dentar\u0103 &#8211; limba englez\u0103<\/a><\/p>\n<p><a href=\"https:\/\/www.umfst.ro\/fileadmin\/f_medicina_dentara\/licenta\/2024\/3_TESTE_tip_examen_licenta_TD_Tematica_din_2022.pdf\" target=\"_blank\">Program de studii Tehnic\u0103 dentar\u0103<\/a><\/p>\n<h2>2023<\/h2>\n<\/header>\n<p><a href=\"https:\/\/www.umfst.ro\/fileadmin\/f_medicina_dentara\/licenta\/2022\/1_TESTE_TIP_Ex._LICENTA_MD_Tematica_din_2021.pdf\">Program de studii Medicin\u0103 dentar\u0103<\/a><\/p>\n<p><a href=\"https:\/\/www.umfst.ro\/fileadmin\/f_medicina_dentara\/licenta\/2022\/2_QUESTIONS_FOR_THE_GRADUATION_EXAM_Tematica_din_2020.pdf\">Program de studii Medicin\u0103 dentar\u0103 &#8211; limba englez\u0103<\/a><\/p>\n<p><a href=\"https:\/\/www.umfst.ro\/fileadmin\/f_medicina_dentara\/licenta\/2022\/3_TESTE_tip_examen_licenta_TD_Tematica_din_2022.pdf\">Program de studii Tehnic\u0103 dentar\u0103<\/a><\/p>\n<h2>2022<\/h2>\n<p><\/p>\n<p><\/p>\n<p><a href=\"https:\/\/www.umfst.ro\/fileadmin\/f_medicina_dentara\/licenta\/2022\/1_TESTE_TIP_Ex._LICENTA_MD_Tematica_din_2021.pdf\">Program de studii Medicin\u0103 dentar\u0103<\/a><\/p>\n<p><\/p>\n<p><a href=\"https:\/\/www.umfst.ro\/fileadmin\/f_medicina_dentara\/licenta\/2022\/2_QUESTIONS_FOR_THE_GRADUATION_EXAM_Tematica_din_2020.pdf\">Program de studii Medicin\u0103 dentar\u0103 &#8211; limba englez\u0103<\/a><\/p>\n<p><\/p>\n<p><a href=\"https:\/\/www.umfst.ro\/fileadmin\/f_medicina_dentara\/licenta\/2022\/3_TESTE_tip_examen_licenta_TD_Tematica_din_2022.pdf\">Program de studii Tehnic\u0103 dentar\u0103<\/a><\/p>\n<p><\/p>\n<h2 class=\"wp-block-heading\">2021<\/h2>\n<p><\/p>\n<p><\/p>\n<p><a href=\"https:\/\/www.umfst.ro\/fileadmin\/f_medicina_dentara\/licenta\/2021\/A._TESTE_TIP_Ex._LICENTA_MD.pdf\">Program de studii Medicin\u0103 dentar\u0103<\/a><\/p>\n<p><\/p>\n<p><a href=\"https:\/\/www.umfst.ro\/fileadmin\/f_medicina_dentara\/licenta\/2021\/B._QUESTIONS_FOR_THE_GRADUATION_EXAM.pdf\">Program de studii Medicin\u0103 dentar\u0103 &#8211; limba englez\u0103<\/a><\/p>\n<p><\/p>\n<p><a href=\"https:\/\/www.umfst.ro\/fileadmin\/f_medicina_dentara\/licenta\/2021\/C._INTREBARI_TIP_pt._ex._licenta_TD.pdf\">Program de studii Tehnic\u0103 dentar\u0103<\/a><\/p>\n<p><\/p>\n<h2 class=\"wp-block-heading\">2020<\/h2>\n<p><\/p>\n<p><\/p>\n<p><a href=\"https:\/\/www.umfst.ro\/fileadmin\/f_medicina_dentara\/licenta\/2020\/QUESTIONS_FOR_THE_GRADUATION_EXAM.pdf\">Program de studii Medicin\u0103 dentar\u0103 &#8211; limba englez\u0103<\/a><\/p>\n<p><\/p>\n<p><a href=\"https:\/\/www.umfst.ro\/fileadmin\/f_medicina_dentara\/licenta\/2020\/caiet_teste_md_2020.pdf\">Program de studiu Medicin\u0103 Dentar\u0103<\/a><\/p>\n<p><\/p>\n<p><a href=\"https:\/\/www.umfst.ro\/fileadmin\/f_medicina_dentara\/licenta\/2020\/caiet_teste_td_2020.pdf\">Program de studiu Tehnic\u0103 Dentar\u0103<\/a><\/p>\n<p><\/p>\n<h2 class=\"wp-block-heading\">2019<\/h2>\n<p><\/p>\n<p><\/p>\n<p><a href=\"https:\/\/www.umfst.ro\/fileadmin\/f_medicina_dentara\/licenta\/2019\/caiet_teste_md_2019.pdf\">Program de studiu Medicin\u0103 Dentar\u0103<\/a><\/p>\n<p><\/p>\n<p><a href=\"https:\/\/www.umfst.ro\/fileadmin\/f_medicina_dentara\/licenta\/2019\/caiet_teste_td_2019.pdf\">Program de studiu Tehnic\u0103 Dentar\u0103<\/a><\/p>\n<p><\/p>\n<h2 class=\"wp-block-heading\">2018<\/h2>\n<p><\/p>\n<p><\/p>\n<p><a href=\"https:\/\/www.umfst.ro\/fileadmin\/f_medicina_dentara\/licenta\/2018\/INTREBARI_TIP_pt._ex._licenta_MD_2018.PDF\">Program de studiu Medicin\u0103 Dentar\u0103<\/a><\/p>\n<p><\/p>\n<p><a href=\"https:\/\/www.umfst.ro\/fileadmin\/f_medicina_dentara\/licenta\/2018\/Intrebari_tip_TEHNICA_DENTARA_2018.PDF\">Program de studiu Tehnic\u0103 Dentar\u0103<\/a><\/p>\n<p><\/p>\n<h2 class=\"wp-block-heading\">2017<\/h2>\n<p><\/p>\n<p><\/p>\n<p><a href=\"https:\/\/www.umfst.ro\/fileadmin\/f_medicina_dentara\/licenta\/2017\/Intrebari_tip_MEDICINA_DENTARA.pdf\">Program de studiu Medicin\u0103&nbsp; Dentar\u0103<\/a><\/p>\n<p><\/p>\n<p><a href=\"https:\/\/www.umfst.ro\/fileadmin\/f_medicina_dentara\/licenta\/2017\/Intrebari_tip_TEHNICA_DENTARA.PDF\">Program de studiu Tehnic\u0103 Dentar\u0103<\/a><\/p>\n<p><\/p>\n<h2 class=\"wp-block-heading\">2016<\/h2>\n<p><\/p>\n<p><\/p>\n<p><a href=\"https:\/\/www.umfst.ro\/fileadmin\/f_medicina_dentara\/licenta\/septembrie_2016\/intrebari_tip_md_2016.pdf\">Program de studiu Medicin\u0103&nbsp; Dentar\u0103<\/a><\/p>\n<p><\/p>\n<p><a href=\"https:\/\/www.umfst.ro\/fileadmin\/f_medicina_dentara\/licenta\/septembrie_2016\/intrebari_tip_td_2016.pdf\">Program de studiu Tehnic\u0103 Dentar\u0103<\/a><\/p>\n<p><\/p>\n<h2 class=\"wp-block-heading\">2015<\/h2>\n<p><\/p>\n<p><\/p>\n<p><a href=\"https:\/\/www.umfst.ro\/fileadmin\/f_medicina_dentara\/licenta\/septembrie_2015\/intrebari_tip_md_2015.pdf\">Program de studiu Medicin\u0103&nbsp; Dentar\u0103<\/a><\/p>\n<p><\/p>\n<p><a href=\"https:\/\/www.umfst.ro\/fileadmin\/f_medicina_dentara\/licenta\/septembrie_2015\/intrebari_tip_td_2015.pdf\">Program de studiu Tehnic\u0103 Dentar\u0103<\/a><\/p>\n<p><\/p>\n<p><\/p>\n<h2 class=\"wp-block-heading\">2014<\/h2>\n<p><\/p>\n<p><a href=\"https:\/\/www.umfst.ro\/fileadmin\/f_medicina_dentara\/licenta\/septembrie_2014\/intrebari_tip_md_2014.pdf\">Program de studiu Medicin\u0103&nbsp; Dentar\u0103<\/a><\/p>\n<p><\/p>\n<p><a href=\"https:\/\/www.umfst.ro\/fileadmin\/f_medicina_dentara\/licenta\/septembrie_2014\/intrebari_tip_td_2014.pdf\">Program de studiu Tehnic\u0103 Dentar\u0103<\/a><\/p>\n<p><\/p>\t\t\t\t\t\t\t\t<\/div>\n\t\t\t\t<\/div>\n\t\t\t\t\t<\/div>\n\t\t<\/div>\n\t\t\t\t\t<\/div>\n\t\t<\/section>\n\t\t\t\t<\/div>","protected":false},"excerpt":{"rendered":"<p>\u00ceNTREB\u0102RI TIP PENTRU EXAMENUL DE LICEN\u021a\u0102 2024 Program de studii Medicin\u0103 dentar\u0103 Program de studii Medicin\u0103 dentar\u0103 &#8211; limba englez\u0103 Program de studii Tehnic\u0103 dentar\u0103 2023 Program de studii Medicin\u0103 dentar\u0103 Program de studii Medicin\u0103 dentar\u0103 &#8211; limba englez\u0103 Program de studii Tehnic\u0103 dentar\u0103 2022 Program de studii Medicin\u0103 dentar\u0103 Program de studii Medicin\u0103 dentar\u0103 [&hellip;]<\/p>\n","protected":false},"author":4,"featured_media":0,"parent":199,"menu_order":0,"comment_status":"closed","ping_status":"closed","template":"","meta":{"_relevanssi_hide_post":"","_relevanssi_hide_content":"","_relevanssi_pin_for_all":"","_relevanssi_pin_keywords":"","_relevanssi_unpin_keywords":"","_relevanssi_related_keywords":"","_relevanssi_related_include_ids":"","_relevanssi_related_exclude_ids":"","_relevanssi_related_no_append":"","_relevanssi_related_not_related":"","_relevanssi_related_posts":"1","_relevanssi_noindex_reason":"","footnotes":""},"categories":[13,34],"tags":[],"class_list":["post-203","page","type-page","status-publish","hentry","category-pagina-cu-sidebar","category-pagina-studenti"],"meta_box":[],"_links":{"self":[{"href":"https:\/\/umfst.ro\/facultatea-de-medicina-dentara\/en\/wp-json\/wp\/v2\/pages\/203","targetHints":{"allow":["GET"]}}],"collection":[{"href":"https:\/\/umfst.ro\/facultatea-de-medicina-dentara\/en\/wp-json\/wp\/v2\/pages"}],"about":[{"href":"https:\/\/umfst.ro\/facultatea-de-medicina-dentara\/en\/wp-json\/wp\/v2\/types\/page"}],"author":[{"embeddable":true,"href":"https:\/\/umfst.ro\/facultatea-de-medicina-dentara\/en\/wp-json\/wp\/v2\/users\/4"}],"replies":[{"embeddable":true,"href":"https:\/\/umfst.ro\/facultatea-de-medicina-dentara\/en\/wp-json\/wp\/v2\/comments?post=203"}],"version-history":[{"count":10,"href":"https:\/\/umfst.ro\/facultatea-de-medicina-dentara\/en\/wp-json\/wp\/v2\/pages\/203\/revisions"}],"predecessor-version":[{"id":2947,"href":"https:\/\/umfst.ro\/facultatea-de-medicina-dentara\/en\/wp-json\/wp\/v2\/pages\/203\/revisions\/2947"}],"up":[{"embeddable":true,"href":"https:\/\/umfst.ro\/facultatea-de-medicina-dentara\/en\/wp-json\/wp\/v2\/pages\/199"}],"wp:attachment":[{"href":"https:\/\/umfst.ro\/facultatea-de-medicina-dentara\/en\/wp-json\/wp\/v2\/media?parent=203"}],"wp:term":[{"taxonomy":"category","embeddable":true,"href":"https:\/\/umfst.ro\/facultatea-de-medicina-dentara\/en\/wp-json\/wp\/v2\/categories?post=203"},{"taxonomy":"post_tag","embeddable":true,"href":"https:\/\/umfst.ro\/facultatea-de-medicina-dentara\/en\/wp-json\/wp\/v2\/tags?post=203"}],"curies":[{"name":"wp","href":"https:\/\/api.w.org\/{rel}","templated":true}]}}