{"id":3579,"date":"2026-02-17T07:43:58","date_gmt":"2026-02-17T07:43:58","guid":{"rendered":"https:\/\/umfst.ro\/facultatea-de-medicina-dentara\/?page_id=3579"},"modified":"2026-04-15T09:57:15","modified_gmt":"2026-04-15T09:57:15","slug":"admission-2026","status":"publish","type":"page","link":"https:\/\/umfst.ro\/facultatea-de-medicina-dentara\/en\/admission-2026\/","title":{"rendered":"Admission 2026"},"content":{"rendered":"<div data-elementor-type=\"wp-page\" data-elementor-id=\"3579\" class=\"elementor elementor-3579\" data-elementor-post-type=\"page\">\n\t\t\t\t\t\t<section class=\"elementor-section elementor-top-section elementor-element elementor-element-fdb9398 elementor-section-boxed elementor-section-height-default elementor-section-height-default\" data-id=\"fdb9398\" data-element_type=\"section\" data-e-type=\"section\">\n\t\t\t\t\t\t<div class=\"elementor-container elementor-column-gap-default\">\n\t\t\t\t\t<div class=\"elementor-column elementor-col-100 elementor-top-column elementor-element elementor-element-8ad788b\" data-id=\"8ad788b\" data-element_type=\"column\" data-e-type=\"column\">\n\t\t\t<div class=\"elementor-widget-wrap elementor-element-populated\">\n\t\t\t\t\t\t<div class=\"elementor-element elementor-element-63c113a elementor-widget elementor-widget-text-editor\" data-id=\"63c113a\" data-element_type=\"widget\" data-e-type=\"widget\" data-widget_type=\"text-editor.default\">\n\t\t\t\t<div class=\"elementor-widget-container\">\n\t\t\t\t\t\t\t\t\t<h2>RESULTS &#8211; ADMISSION 2026 &#8211; first session<\/h2><p><a href=\"https:\/\/www.umfst.ro\/fileadmin\/admitere\/admission2026\/Final_Results\u2013Admission_2026\u2013DENTISTRY\u2013first_session.pdf\">Final Results \u2013 Admission 2026 \u2013 DENTISTRY \u2013 first session<\/a><\/p><p><strong>Advisory note \u2013\u00a0<\/strong>Guideline with reference to the application number<\/p><p>Please check your application number using the instructions listed bellow:<\/p><p><strong>The application number is listed in your account.<\/strong><\/p><p>1. Access your account.<\/p><p>2. Click on the\u00a0<strong>My payments section \u2013\u00a0<\/strong>listed in the upper right corner.<\/p><p>3. In\u00a0<strong>the view payments section<\/strong>\u00a0you have the details of the transaction and\u00a0<strong>the application number.<\/strong><\/p><p>4. A print screen is available\u00a0<strong><a href=\"https:\/\/www.umfst.ro\/fileadmin\/admitere\/admission2021\/aprilie\/Guideline_for_accesing_your_account.png\" target=\"_blank\" rel=\"noopener noreferrer\" aria-label=\"here - deschide \u00eentr-o fil\u0103 nou\u0103\" data-uw-rm-vglnk=\"\" data-uw-rm-brl=\"PR\" data-uw-original-href=\"https:\/\/www.umfst.ro\/fileadmin\/admitere\/admission2021\/aprilie\/Guideline_for_accesing_your_account.png\" data-uw-rm-ext-link=\"\">here<\/a>.<\/strong><\/p><p>For more information you can contact us at the following email address <a href=\"mailto:decanat.dentara@umfst.ro\">decanat.dentara@umfst.ro<\/a><\/p><p>\u00a0<\/p><h2>SCHEDULE FOR THE ADMISSION INTERVIEWS 2026 &#8211; <strong>First interview session<\/strong><\/h2><p><strong>Important notice!<\/strong><\/p><p>All applicants that did not manage to attend the interview during the first appointment of the regular admission session are kindly asked to send an email to\u00a0\u00a0<a href=\"mailto:decanat.dentara@umfst.ro\">decanat.dentara@umfst.ro<\/a>.\u00a0<\/p><p><a href=\"https:\/\/www.umfst.ro\/fileadmin\/admitere\/admission2026\/Admission_board_1_Thursday_26.03.2026.pdf\" data-uw-pdf-br=\"2\" data-uw-pdf-doc=\"\">ADMISSION BOARD 1 THURSDAY 26.03.2026<\/a><\/p><p><a href=\"https:\/\/www.umfst.ro\/fileadmin\/admitere\/admission2026\/Admission_board_2_Wednesday_25.03.2026.pdf\" data-uw-pdf-br=\"2\" data-uw-pdf-doc=\"\">ADMISSION BOARD 2 WEDNESDAY 25.03.2026<\/a><\/p><h2>Admission 2026<\/h2><p>Our University welcomes international applicants to our study programmes for Medicine and Dentistry. We are proud of our diverse and multicultural university community.<\/p><p>In 2026\u00a0 the George Emil Palade University of Medicine, Pharmacy, Science, and Technology of T\u00e2rgu-Mure\u015f offers a continuous \u00a0admission session\u00a0 between 02.03.2026 \u2013 25.08.2026.<\/p><p>Important notice: The admission portal is available starting from the 2<sup>nd<\/sup> of March until 25.08.2026. The submission of the dossier is possible during the aforementioned time frame.<\/p><p>The application dossiers will be assessed progressively in the order of submission and the interview will be scheduled according to the calendar. All available seats will be occupied in accordance with the submission and assessment of the application dossier, in order of applications.<\/p><p>After the results are made available the applicant has the obligation to submit all the requested documents for the issuance of the letter of acceptance to studies. Not submitting the requested documents during the indicated period (corresponding to the interview) may cancel the confirmation of the seat.<\/p><p>Important notice \u2013 The Dean\u2019s office reserves the right to modify the dates of the admission calendar in objective situations.<\/p><h4 style=\"text-align: left;\"><strong>Admission calendar<\/strong><\/h4><table border=\"1\" width=\"436\"><tbody><tr><td width=\"340\">\u00a0<\/td><td width=\"340\"><strong>First interview session <\/strong><\/td><\/tr><tr><td width=\"340\">Interview<\/td><td width=\"340\">March 25<sup>th<\/sup>&#8211; April 02<sup>nd<\/sup><\/td><\/tr><tr><td width=\"340\">Results<\/td><td width=\"340\">April 15<sup>th<\/sup><\/td><\/tr><tr><td width=\"340\">Deposit Due Date<\/td><td width=\"340\">April 30<sup>th<\/sup><\/td><\/tr><tr><td width=\"340\">Date for submitting all necessary documents for the issuance of the letter of acceptance to studies.<\/td><td width=\"340\">April 30<sup>th\u00a0\u00a0\u00a0 &#8211; <\/sup>May 30<sup>th<\/sup><\/td><\/tr><tr><td width=\"340\">\u00a0<\/td><td width=\"340\"><strong>Second interview session <\/strong><\/td><\/tr><tr><td width=\"340\">Interview<\/td><td width=\"340\">June 15<sup>th<\/sup>-19<sup>th<\/sup><\/td><\/tr><tr><td width=\"340\">Results<\/td><td width=\"340\">June 25<sup>th<\/sup><\/td><\/tr><tr><td width=\"340\">Deposit Due Date<\/td><td width=\"340\">July 09<sup>th<\/sup><\/td><\/tr><tr><td width=\"340\">Date for submitting all necessary documents for the issuance of the letter of acceptance to studies.<\/td><td width=\"340\">July 09<sup>th\u00a0\u00a0\u00a0\u00a0 &#8211;\u00a0 <\/sup>July 27<sup>th<\/sup><\/td><\/tr><tr><td width=\"340\">\u00a0<\/td><td width=\"340\"><strong>Third interview session <\/strong><\/td><\/tr><tr><td width=\"340\">Interview<\/td><td width=\"340\">July 28<sup>th<\/sup>-30<sup>th<\/sup><\/td><\/tr><tr><td width=\"340\">Results<\/td><td width=\"340\">August 04<sup>th<\/sup><\/td><\/tr><tr><td width=\"340\">Deposit Due Date<\/td><td width=\"340\">August 11<sup>th<\/sup><\/td><\/tr><tr><td width=\"340\">Date for submitting all necessary documents for the issuance of the letter of acceptance to studies.<\/td><td width=\"340\">September 01<sup>s\u00a0\u00a0 &#8211; <\/sup>07<sup> th<\/sup><\/td><\/tr><tr><td width=\"340\">\u00a0<\/td><td width=\"340\"><strong>Forth interview session <\/strong><\/td><\/tr><tr><td width=\"340\">Interview<\/td><td width=\"340\">\u00a0September 01<sup>st<\/sup>-04<sup>th<\/sup><\/td><\/tr><tr><td width=\"340\">Results<\/td><td width=\"340\">September 10<sup>th<\/sup><\/td><\/tr><tr><td width=\"340\">Deposit Due Date<\/td><td width=\"340\">September 21<sup>st<\/sup><\/td><\/tr><tr><td width=\"340\">Due date for submitting all necessary documents for the issuance of the letter of acceptance to studies.<\/td><td width=\"340\">September 23<sup>rd<\/sup><\/td><\/tr><\/tbody><\/table><h4>\u00a0<\/h4><h4><strong>Important steps for admission<\/strong><\/h4><p>Please read this\u00a0<a href=\"https:\/\/www.umfst.ro\/fileadmin\/admitere\/admission2026\/Appendix_2-Admission_methodology_2026.pdf\">document<\/a>\u00a0for detailed instructions about the admission procedure.<\/p><p>&#8211; Step 1. You will need to complete the online application available at\u00a0the following link <a href=\"https:\/\/admission.umfst.ro\/\">https:\/\/admission.umfst.ro\/<\/a>\u00a0in accordance with the admission calendar.<\/p><p>&#8211; Step 2. You will be contacted by the university to schedule an on-line interview.<\/p><p>&#8211; Step 3. Your file will be evaluated using the criteria detailed in the document mentioned above.<\/p><p>&#8211; Step 4. You will receive our decision and further instructions to secure your place in our programs.<\/p><h4><strong><br \/>Fees<\/strong><\/h4><p>The tuition fee for the 2026-2027 academic year is: 10 000 EUR. In case of admission or conditional admission the deposit is 5000 EUR and will be deducted from your first year tuition fee.<\/p><p><strong>Important notice: The installment is not refundable.<\/strong><\/p><p>What advantages do you have if you apply early admission?<\/p><p>The main advantage is that you secure your place in one of our undergraduate study programmes a few months earlier than most applicants. We also encourage prospective and admitted students to come and visit us and experience our university.<\/p><p><span style=\"color: #ff0000;\"><strong>IT IS STRONGLY RECOMMENDED TO PERIODICALLY CHECK THE WEB SITE OF THE UNIVERSITY, IN CASE ANY CHANGES WILL OCCUR!<\/strong><\/span><\/p><p>For further enquiries you can contact us at the following addresses\/ phone numbers.<\/p><p>George Emil Palade University of Medicine, Pharmacy, Science, and Technology of T\u00e2rgu-Mure\u0219<\/p><p>38 Gheorghe Marinescu Street, 540142, T\u00e2rgu Mure\u0219, Romania<\/p><p>Dean&#8217;s office, tel:\u00a0<a href=\"tel:+40265215551\" data-uw-rm-vglnk=\"\">+40 265-215 551<\/a>\u00a0extension\u00a0330, <a href=\"tel:+40265208940\">+40 265-208 940<\/a>.\u00a0<\/p><p>Fax:\u00a0<a href=\"tel:+40265210407\" data-uw-rm-vglnk=\"\">+40 265-210 407<\/a><\/p><p>E-mail:<br \/><strong>Dental Medicine in English<\/strong><br \/><a href=\"mailto:decanat.dentara@umfst.ro\">decanat.dentara@umfst.ro<\/a>\u00a0;\u00a0<a href=\"mailto:georgeta.cocis@umfst.ro\">georgeta.cocis@umfst.ro<\/a><\/p>\t\t\t\t\t\t\t\t<\/div>\n\t\t\t\t<\/div>\n\t\t\t\t\t<\/div>\n\t\t<\/div>\n\t\t\t\t\t<\/div>\n\t\t<\/section>\n\t\t\t\t<\/div>","protected":false},"excerpt":{"rendered":"<p>RESULTS &#8211; ADMISSION 2026 &#8211; first session Final Results \u2013 Admission 2026 \u2013 DENTISTRY \u2013 first session Advisory note \u2013\u00a0Guideline with reference to the application number Please check your application number using the instructions listed bellow: The application number is listed in your account. 1. Access your account. 2. Click on the\u00a0My payments section \u2013\u00a0listed [&hellip;]<\/p>\n","protected":false},"author":25,"featured_media":0,"parent":0,"menu_order":4,"comment_status":"closed","ping_status":"closed","template":"","meta":{"_relevanssi_hide_post":"","_relevanssi_hide_content":"","_relevanssi_pin_for_all":"","_relevanssi_pin_keywords":"","_relevanssi_unpin_keywords":"","_relevanssi_related_keywords":"","_relevanssi_related_include_ids":"","_relevanssi_related_exclude_ids":"","_relevanssi_related_no_append":"","_relevanssi_related_not_related":"","_relevanssi_related_posts":"3174,2557,228,3225,2823,229","_relevanssi_noindex_reason":"","footnotes":""},"categories":[13],"tags":[],"class_list":["post-3579","page","type-page","status-publish","hentry","category-pagina-cu-sidebar"],"meta_box":[],"_links":{"self":[{"href":"https:\/\/umfst.ro\/facultatea-de-medicina-dentara\/en\/wp-json\/wp\/v2\/pages\/3579","targetHints":{"allow":["GET"]}}],"collection":[{"href":"https:\/\/umfst.ro\/facultatea-de-medicina-dentara\/en\/wp-json\/wp\/v2\/pages"}],"about":[{"href":"https:\/\/umfst.ro\/facultatea-de-medicina-dentara\/en\/wp-json\/wp\/v2\/types\/page"}],"author":[{"embeddable":true,"href":"https:\/\/umfst.ro\/facultatea-de-medicina-dentara\/en\/wp-json\/wp\/v2\/users\/25"}],"replies":[{"embeddable":true,"href":"https:\/\/umfst.ro\/facultatea-de-medicina-dentara\/en\/wp-json\/wp\/v2\/comments?post=3579"}],"version-history":[{"count":19,"href":"https:\/\/umfst.ro\/facultatea-de-medicina-dentara\/en\/wp-json\/wp\/v2\/pages\/3579\/revisions"}],"predecessor-version":[{"id":3635,"href":"https:\/\/umfst.ro\/facultatea-de-medicina-dentara\/en\/wp-json\/wp\/v2\/pages\/3579\/revisions\/3635"}],"wp:attachment":[{"href":"https:\/\/umfst.ro\/facultatea-de-medicina-dentara\/en\/wp-json\/wp\/v2\/media?parent=3579"}],"wp:term":[{"taxonomy":"category","embeddable":true,"href":"https:\/\/umfst.ro\/facultatea-de-medicina-dentara\/en\/wp-json\/wp\/v2\/categories?post=3579"},{"taxonomy":"post_tag","embeddable":true,"href":"https:\/\/umfst.ro\/facultatea-de-medicina-dentara\/en\/wp-json\/wp\/v2\/tags?post=3579"}],"curies":[{"name":"wp","href":"https:\/\/api.w.org\/{rel}","templated":true}]}}