{"id":97,"date":"2022-11-17T18:14:05","date_gmt":"2022-11-17T18:14:05","guid":{"rendered":"https:\/\/dev.umfst.ro\/facultatea-de-medicina-dentara\/?page_id=97"},"modified":"2024-08-27T18:59:42","modified_gmt":"2024-08-27T18:59:42","slug":"pedodontie","status":"publish","type":"page","link":"https:\/\/umfst.ro\/facultatea-de-medicina-dentara\/en\/departamente-si-discipline\/departamentul-md1\/pedodontie\/","title":{"rendered":"Pedodon\u021bie"},"content":{"rendered":"<div data-elementor-type=\"wp-page\" data-elementor-id=\"97\" class=\"elementor elementor-97\" data-elementor-post-type=\"page\">\n\t\t\t\t\t\t<section class=\"elementor-section elementor-top-section elementor-element elementor-element-7f103d5 elementor-section-boxed elementor-section-height-default elementor-section-height-default\" data-id=\"7f103d5\" data-element_type=\"section\" data-e-type=\"section\">\n\t\t\t\t\t\t<div class=\"elementor-container elementor-column-gap-default\">\n\t\t\t\t\t<div class=\"elementor-column elementor-col-50 elementor-top-column elementor-element elementor-element-bcbf3bd\" data-id=\"bcbf3bd\" data-element_type=\"column\" data-e-type=\"column\">\n\t\t\t<div class=\"elementor-widget-wrap elementor-element-populated\">\n\t\t\t\t\t\t<div class=\"elementor-element elementor-element-323e819 elementor-widget elementor-widget-text-editor\" data-id=\"323e819\" data-element_type=\"widget\" data-e-type=\"widget\" data-widget_type=\"text-editor.default\">\n\t\t\t\t<div class=\"elementor-widget-container\">\n\t\t\t\t\t\t\t\t\t<h2><strong>Membrii disciplinei<\/strong><\/h2><p><strong>\u015eef disciplin\u0103<br \/><\/strong>Prof. univ. dr. Bica Cristina-Ioana <span lang=\"RO\" style=\"font-family: 'Lato',sans-serif;color: #0f0f0f\"><a href=\"https:\/\/www.umfst.ro\/fileadmin\/f_medicina_dentara\/cadre_didactice\/cv\/bica.cristina.pdf\">CV<\/a><\/span><b><span lang=\"RO\" style=\"font-family: 'Lato',sans-serif;color: #0f0f0f\"><br \/><\/span><\/b><\/p><p><strong>Membri <br \/><\/strong><span lang=\"RO\" style=\"font-family: 'Lato',sans-serif;color: #0f0f0f\">Conf. univ. dr. <span lang=\"RO\">E\u0219ian<\/span> Daniela <a href=\"https:\/\/www.umfst.ro\/fileadmin\/f_medicina_dentara\/cadre_didactice\/cv\/esian.daniela.pdf\">CV<\/a><br \/><\/span><span lang=\"RO\" style=\"font-family: 'Lato',sans-serif;color: #0f0f0f\">\u0218ef lucr. dr. <span lang=\"RO\">Bud<\/span> Anamaria <a href=\"https:\/\/www.umfst.ro\/fileadmin\/f_medicina_dentara\/cadre_didactice\/cv\/bud.anamaria.pdf\">CV<\/a><br \/><\/span><span lang=\"RO\" style=\"font-family: 'Lato',sans-serif;color: #0f0f0f\">Asist. univ. drd. Oana Stoica Elena &#8211; perioad\u0103 determinat\u0103 <a href=\"https:\/\/www.umfst.ro\/fileadmin\/f_medicina_dentara\/cadre_didactice\/cv\/stoica.oana.elena.pdf\">CV<\/a> <br \/><\/span><span lang=\"RO\" style=\"font-family: 'Lato',sans-serif;color: #0f0f0f\">Asist. univ. drd. <span lang=\"RO\">Con\u021bac<\/span> Laura Roxana &#8211; perioad\u0103 determinat\u0103 <a href=\"https:\/\/www.umfst.ro\/fileadmin\/f_medicina_dentara\/cadre_didactice\/cv\/contac.laura.pdf\">CV<\/a><br \/><\/span><span lang=\"RO\" style=\"font-family: 'Lato',sans-serif;color: #0f0f0f\">Medic rezident intern Kis Esztella \u00c9va\u00a0<\/span><\/p>\t\t\t\t\t\t\t\t<\/div>\n\t\t\t\t<\/div>\n\t\t\t\t<div class=\"elementor-element elementor-element-15de0c3 elementor-widget elementor-widget-heading\" data-id=\"15de0c3\" data-element_type=\"widget\" data-e-type=\"widget\" data-widget_type=\"heading.default\">\n\t\t\t\t<div class=\"elementor-widget-container\">\n\t\t\t\t\t<h2 class=\"elementor-heading-title elementor-size-default\">Activitate didactic\u0103<\/h2>\t\t\t\t<\/div>\n\t\t\t\t<\/div>\n\t\t\t\t<div class=\"elementor-element elementor-element-aeec3fe elementor-widget elementor-widget-jet-accordion\" data-id=\"aeec3fe\" data-element_type=\"widget\" data-e-type=\"widget\" data-widget_type=\"jet-accordion.default\">\n\t\t\t\t<div class=\"elementor-widget-container\">\n\t\t\t\t\t\t\t\t\t<div class=\"jet-accordion\" data-settings=\"{&quot;collapsible&quot;:false,&quot;ajaxTemplate&quot;:false,&quot;switchScrolling&quot;:false,&quot;switchScrollingTablet&quot;:false,&quot;switchScrollingMobile&quot;:false,&quot;switchScrollingOffset&quot;:{&quot;size&quot;:0,&quot;unit&quot;:&quot;px&quot;},&quot;switchScrollingOffsetTablet&quot;:{&quot;size&quot;:0,&quot;unit&quot;:&quot;px&quot;},&quot;switchScrollingOffsetMobile&quot;:{&quot;size&quot;:0,&quot;unit&quot;:&quot;px&quot;},&quot;switchScrollingDelay&quot;:500,&quot;switchScrollingDelayTablet&quot;:500,&quot;switchScrollingDelayMobile&quot;:500}\">\n\t\t\t<div class=\"jet-accordion__inner\">\n\t\t\t\t<div class=\"jet-accordion__item jet-toggle jet-toggle-move-up-effect\">\n\t\t\t\t\t\t\t<div id=\"jet-toggle-control-1831\" class=\"jet-toggle__control elementor-menu-anchor\" data-toggle=\"1\" role=\"button\" tabindex=\"0\" aria-controls=\"jet-toggle-content-1831\" aria-expanded=\"false\" data-template-id=\"false\">\n\t\t\t\t\t\t\t\t<div class=\"jet-toggle__label-icon jet-toggle-icon-position-right\"><span class=\"jet-toggle__icon icon-normal jet-tabs-icon\"><svg xmlns=\"http:\/\/www.w3.org\/2000\/svg\" viewbox=\"0 0 448 512\"><path d=\"M256 80c0-17.7-14.3-32-32-32s-32 14.3-32 32V224H48c-17.7 0-32 14.3-32 32s14.3 32 32 32H192V432c0 17.7 14.3 32 32 32s32-14.3 32-32V288H400c17.7 0 32-14.3 32-32s-14.3-32-32-32H256V80z\"><\/path><\/svg><\/span><span class=\"jet-toggle__icon icon-active jet-tabs-icon\"><svg xmlns=\"http:\/\/www.w3.org\/2000\/svg\" viewbox=\"0 0 448 512\"><path d=\"M432 256c0 17.7-14.3 32-32 32L48 288c-17.7 0-32-14.3-32-32s14.3-32 32-32l352 0c17.7 0 32 14.3 32 32z\"><\/path><\/svg><\/span><\/div><div class=\"jet-toggle__label-text\">Manuale \u0219i \u00eendrum\u0103toare de lucr\u0103ri practice<\/div>\t\t\t\t\t\t\t<\/div>\n\t\t\t\t\t\t\t<div id=\"jet-toggle-content-1831\" class=\"jet-toggle__content\" data-toggle=\"1\" role=\"region\" data-template-id=\"false\">\n\t\t\t\t\t\t\t\t<div class=\"jet-toggle__content-inner\"><ol><li><em>Pediatric Dentistry<\/em> \u2013 C. Bica, D. E\u0219ian, O. Stoica, A. Bud, University Press, T\u00e2rgu Mure\u015f, 2019, ISBN 978-973-169-559-4<\/li><li><em>Dentistry for children with special needs<\/em> \u2013 C. Bica, University Press, T\u00e2rgu Mure\u015f, 2016, ISBN 978-973-169-452-8<\/li><li><em>Materiale dentare folosite \u00een stomatologia pediatric\u0103<\/em> \u2013 C. Molnar-Varlam, C. Bica, A. Bor\u015f, University Press T\u00e2rgu Mure\u015f, 2016, ISBN 978-973-169-450-4<\/li><li><em>Ortho-Atlas<\/em> \u2013 K. Martha, C. Bica, University Press, T\u00e2rgu Mure\u015f, 2015, ISBN 978-973-169-329-3<\/li><li><em>Pedodon\u021bie. \u00cendrum\u0103tor de lucr\u0103ri practice<\/em> \u2013 D. Esian, M. P\u0103curar, A. Jurc\u0103, E. Bud, C. Bica, University Press, T\u00e2rgu Mure\u015f, 2014, ISBN 978-973-169-311-8<\/li><li><em>Pedodon\u021bie. Diagnostic \u015fi tratament<\/em> \u2013 C. Bica, University Press, T\u00e2rgu Mure\u015f, 2013, ISBN 978-973-169-219-7<\/li><li><em>Gyerekfog\u00e1szat<\/em> \u2013 K. M\u00e1rtha, University Press, T\u00e2rgu Mure\u015f, 2013<\/li><li><em>Tejfogak patol\u00f3gi\u00e1ja \u00e9s k\u00f3rtana<\/em> \u2013 K. M\u00e1rtha, Litografia UMF T\u00e2rgu Mure\u015f, 2009<\/li><\/ol><\/div>\n\t\t\t\t\t\t\t<\/div>\n\t\t\t\t\t\t<\/div><div class=\"jet-accordion__item jet-toggle jet-toggle-move-up-effect\">\n\t\t\t\t\t\t\t<div id=\"jet-toggle-control-1832\" class=\"jet-toggle__control elementor-menu-anchor\" data-toggle=\"2\" role=\"button\" tabindex=\"0\" aria-controls=\"jet-toggle-content-1832\" aria-expanded=\"false\" data-template-id=\"false\">\n\t\t\t\t\t\t\t\t<div class=\"jet-toggle__label-icon jet-toggle-icon-position-right\"><span class=\"jet-toggle__icon icon-normal jet-tabs-icon\"><svg xmlns=\"http:\/\/www.w3.org\/2000\/svg\" viewbox=\"0 0 448 512\"><path d=\"M256 80c0-17.7-14.3-32-32-32s-32 14.3-32 32V224H48c-17.7 0-32 14.3-32 32s14.3 32 32 32H192V432c0 17.7 14.3 32 32 32s32-14.3 32-32V288H400c17.7 0 32-14.3 32-32s-14.3-32-32-32H256V80z\"><\/path><\/svg><\/span><span class=\"jet-toggle__icon icon-active jet-tabs-icon\"><svg xmlns=\"http:\/\/www.w3.org\/2000\/svg\" viewbox=\"0 0 448 512\"><path d=\"M432 256c0 17.7-14.3 32-32 32L48 288c-17.7 0-32-14.3-32-32s14.3-32 32-32l352 0c17.7 0 32 14.3 32 32z\"><\/path><\/svg><\/span><\/div><div class=\"jet-toggle__label-text\">Stagii clinice, lucr\u0103ri practice<\/div>\t\t\t\t\t\t\t<\/div>\n\t\t\t\t\t\t\t<div id=\"jet-toggle-content-1832\" class=\"jet-toggle__content\" data-toggle=\"2\" role=\"region\" data-template-id=\"false\">\n\t\t\t\t\t\t\t\t<div class=\"jet-toggle__content-inner\"><ul><li>Pedodon\u021bie 1 \u2013 Medicin\u0103 dentar\u0103, LP, anul IV<\/li><li>Pedodon\u021bie 2 \u2013 Medicin\u0103 dentar\u0103, stagiu clinic, anul V<\/li><li>Pediatric Dentistry 1st part \u2013 Medicin\u0103 dentar\u0103 limba englez\u0103, LP, anul IV<\/li><li>Pediatric Dentistry 2nd part \u2013 Medicin\u0103 dentar\u0103 limba englez\u0103, stagiu clinic, anul V<\/li><\/ul><\/div>\n\t\t\t\t\t\t\t<\/div>\n\t\t\t\t\t\t<\/div>\t\t\t<\/div>\n\t\t<\/div>\n\t\t\t\t\t\t<\/div>\n\t\t\t\t<\/div>\n\t\t\t\t\t<\/div>\n\t\t<\/div>\n\t\t\t\t<div class=\"elementor-column elementor-col-50 elementor-top-column elementor-element elementor-element-52e0bd6\" data-id=\"52e0bd6\" data-element_type=\"column\" data-e-type=\"column\">\n\t\t\t<div class=\"elementor-widget-wrap elementor-element-populated\">\n\t\t\t\t\t\t<section class=\"elementor-section elementor-inner-section elementor-element elementor-element-934fa14 elementor-section-boxed elementor-section-height-default elementor-section-height-default\" data-id=\"934fa14\" data-element_type=\"section\" data-e-type=\"section\">\n\t\t\t\t\t\t<div class=\"elementor-container elementor-column-gap-default\">\n\t\t\t\t\t<div data-dce-background-color=\"#F2F7FF\" class=\"elementor-column elementor-col-100 elementor-inner-column elementor-element elementor-element-094f60f\" data-id=\"094f60f\" data-element_type=\"column\" data-e-type=\"column\" data-settings=\"{&quot;background_background&quot;:&quot;classic&quot;}\">\n\t\t\t<div class=\"elementor-widget-wrap elementor-element-populated\">\n\t\t\t\t\t\t<div class=\"elementor-element elementor-element-beb9466 elementor-widget elementor-widget-heading\" data-id=\"beb9466\" data-element_type=\"widget\" data-e-type=\"widget\" data-widget_type=\"heading.default\">\n\t\t\t\t<div class=\"elementor-widget-container\">\n\t\t\t\t\t<h5 class=\"elementor-heading-title elementor-size-default\">Contact<\/h5>\t\t\t\t<\/div>\n\t\t\t\t<\/div>\n\t\t\t\t<div class=\"elementor-element elementor-element-3bedd06 elementor-widget-divider--view-line elementor-widget elementor-widget-divider\" data-id=\"3bedd06\" data-element_type=\"widget\" data-e-type=\"widget\" data-widget_type=\"divider.default\">\n\t\t\t\t<div class=\"elementor-widget-container\">\n\t\t\t\t\t\t\t<div class=\"elementor-divider\">\n\t\t\t<span class=\"elementor-divider-separator\">\n\t\t\t\t\t\t<\/span>\n\t\t<\/div>\n\t\t\t\t\t\t<\/div>\n\t\t\t\t<\/div>\n\t\t\t\t<div class=\"elementor-element elementor-element-d12038e elementor-widget elementor-widget-icon-box\" data-id=\"d12038e\" data-element_type=\"widget\" data-e-type=\"widget\" data-widget_type=\"icon-box.default\">\n\t\t\t\t<div class=\"elementor-widget-container\">\n\t\t\t\t\t\t\t<div class=\"elementor-icon-box-wrapper\">\n\n\t\t\t\n\t\t\t\t\t\t<div class=\"elementor-icon-box-content\">\n\n\t\t\t\t\t\t\t\t\t<h3 class=\"elementor-icon-box-title\">\n\t\t\t\t\t\t<span  >\n\t\t\t\t\t\t\tAdres\u0103\t\t\t\t\t\t<\/span>\n\t\t\t\t\t<\/h3>\n\t\t\t\t\n\t\t\t\t\t\t\t\t\t<p class=\"elementor-icon-box-description\">\n\t\t\t\t\t\tIntegrated Dental Center<\/br>\nStr. Gheorghe Marinescu Nr. 38\nT\u00e2rgu Mure\u0219, 540139\nRom\u00e2nia\t\t\t\t\t<\/p>\n\t\t\t\t\n\t\t\t<\/div>\n\t\t\t\n\t\t<\/div>\n\t\t\t\t\t\t<\/div>\n\t\t\t\t<\/div>\n\t\t\t\t<div class=\"elementor-element elementor-element-c0f1673 elementor-widget elementor-widget-icon-box\" data-id=\"c0f1673\" data-element_type=\"widget\" data-e-type=\"widget\" data-widget_type=\"icon-box.default\">\n\t\t\t\t<div class=\"elementor-widget-container\">\n\t\t\t\t\t\t\t<div class=\"elementor-icon-box-wrapper\">\n\n\t\t\t\n\t\t\t\t\t\t<div class=\"elementor-icon-box-content\">\n\n\t\t\t\t\t\t\t\t\t<h3 class=\"elementor-icon-box-title\">\n\t\t\t\t\t\t<span  >\n\t\t\t\t\t\t\tPersoan\u0103 de contact\t\t\t\t\t\t<\/span>\n\t\t\t\t\t<\/h3>\n\t\t\t\t\n\t\t\t\t\t\t\t\t\t<p class=\"elementor-icon-box-description\">\n\t\t\t\t\t\tProf. univ. dr. Cristina Bica\t\t\t\t\t<\/p>\n\t\t\t\t\n\t\t\t<\/div>\n\t\t\t\n\t\t<\/div>\n\t\t\t\t\t\t<\/div>\n\t\t\t\t<\/div>\n\t\t\t\t<div data-dce-title-color=\"#0F0F0F\" class=\"elementor-element elementor-element-79c5085 elementor-widget elementor-widget-icon-box\" data-id=\"79c5085\" data-element_type=\"widget\" data-e-type=\"widget\" data-widget_type=\"icon-box.default\">\n\t\t\t\t<div class=\"elementor-widget-container\">\n\t\t\t\t\t\t\t<div class=\"elementor-icon-box-wrapper\">\n\n\t\t\t\n\t\t\t\t\t\t<div class=\"elementor-icon-box-content\">\n\n\t\t\t\t\t\t\t\t\t<h3 class=\"elementor-icon-box-title\">\n\t\t\t\t\t\t<a href=\"mailto:mariana.pacurar@umfst.ro\" >\n\t\t\t\t\t\t\tE-mail\t\t\t\t\t\t<\/a>\n\t\t\t\t\t<\/h3>\n\t\t\t\t\n\t\t\t\t\t\t\t\t\t<p class=\"elementor-icon-box-description\">\n\t\t\t\t\t\tcristina.bica@umfst.ro\t\t\t\t\t<\/p>\n\t\t\t\t\n\t\t\t<\/div>\n\t\t\t\n\t\t<\/div>\n\t\t\t\t\t\t<\/div>\n\t\t\t\t<\/div>\n\t\t\t\t<div class=\"elementor-element elementor-element-1c28a4f elementor-widget__width-initial elementor-widget elementor-widget-icon-box\" data-id=\"1c28a4f\" data-element_type=\"widget\" data-e-type=\"widget\" data-widget_type=\"icon-box.default\">\n\t\t\t\t<div class=\"elementor-widget-container\">\n\t\t\t\t\t\t\t<div class=\"elementor-icon-box-wrapper\">\n\n\t\t\t\n\t\t\t\t\t\t<div class=\"elementor-icon-box-content\">\n\n\t\t\t\t\t\t\t\t\t<h3 class=\"elementor-icon-box-title\">\n\t\t\t\t\t\t<span  >\n\t\t\t\t\t\t\tPhone\t\t\t\t\t\t<\/span>\n\t\t\t\t\t<\/h3>\n\t\t\t\t\n\t\t\t\t\t\t\t\t\t<p class=\"elementor-icon-box-description\">\n\t\t\t\t\t\t+40-265-215.551\t\t\t\t\t<\/p>\n\t\t\t\t\n\t\t\t<\/div>\n\t\t\t\n\t\t<\/div>\n\t\t\t\t\t\t<\/div>\n\t\t\t\t<\/div>\n\t\t\t\t\t<\/div>\n\t\t<\/div>\n\t\t\t\t\t<\/div>\n\t\t<\/section>\n\t\t\t\t\t<\/div>\n\t\t<\/div>\n\t\t\t\t\t<\/div>\n\t\t<\/section>\n\t\t\t\t<\/div>","protected":false},"excerpt":{"rendered":"<p>Membrii disciplinei \u015eef disciplin\u0103Prof. univ. dr. Bica Cristina-Ioana CV Membri Conf. univ. dr. E\u0219ian Daniela CV\u0218ef lucr. dr. Bud Anamaria CVAsist. univ. drd. Oana Stoica Elena &#8211; perioad\u0103 determinat\u0103 CV Asist. univ. drd. Con\u021bac Laura Roxana &#8211; perioad\u0103 determinat\u0103 CVMedic rezident intern Kis Esztella \u00c9va\u00a0 Activitate didactic\u0103 Manuale \u0219i \u00eendrum\u0103toare de lucr\u0103ri practice Pediatric Dentistry [&hellip;]<\/p>\n","protected":false},"author":4,"featured_media":0,"parent":64,"menu_order":0,"comment_status":"closed","ping_status":"closed","template":"","meta":{"_relevanssi_hide_post":"","_relevanssi_hide_content":"","_relevanssi_pin_for_all":"","_relevanssi_pin_keywords":"","_relevanssi_unpin_keywords":"","_relevanssi_related_keywords":"","_relevanssi_related_include_ids":"","_relevanssi_related_exclude_ids":"","_relevanssi_related_no_append":"","_relevanssi_related_not_related":"","_relevanssi_related_posts":"1","_relevanssi_noindex_reason":"","footnotes":""},"categories":[13,32],"tags":[],"class_list":["post-97","page","type-page","status-publish","hentry","category-pagina-cu-sidebar","category-pagina-departamente-si-discipline"],"meta_box":[],"_links":{"self":[{"href":"https:\/\/umfst.ro\/facultatea-de-medicina-dentara\/en\/wp-json\/wp\/v2\/pages\/97","targetHints":{"allow":["GET"]}}],"collection":[{"href":"https:\/\/umfst.ro\/facultatea-de-medicina-dentara\/en\/wp-json\/wp\/v2\/pages"}],"about":[{"href":"https:\/\/umfst.ro\/facultatea-de-medicina-dentara\/en\/wp-json\/wp\/v2\/types\/page"}],"author":[{"embeddable":true,"href":"https:\/\/umfst.ro\/facultatea-de-medicina-dentara\/en\/wp-json\/wp\/v2\/users\/4"}],"replies":[{"embeddable":true,"href":"https:\/\/umfst.ro\/facultatea-de-medicina-dentara\/en\/wp-json\/wp\/v2\/comments?post=97"}],"version-history":[{"count":47,"href":"https:\/\/umfst.ro\/facultatea-de-medicina-dentara\/en\/wp-json\/wp\/v2\/pages\/97\/revisions"}],"predecessor-version":[{"id":3146,"href":"https:\/\/umfst.ro\/facultatea-de-medicina-dentara\/en\/wp-json\/wp\/v2\/pages\/97\/revisions\/3146"}],"up":[{"embeddable":true,"href":"https:\/\/umfst.ro\/facultatea-de-medicina-dentara\/en\/wp-json\/wp\/v2\/pages\/64"}],"wp:attachment":[{"href":"https:\/\/umfst.ro\/facultatea-de-medicina-dentara\/en\/wp-json\/wp\/v2\/media?parent=97"}],"wp:term":[{"taxonomy":"category","embeddable":true,"href":"https:\/\/umfst.ro\/facultatea-de-medicina-dentara\/en\/wp-json\/wp\/v2\/categories?post=97"},{"taxonomy":"post_tag","embeddable":true,"href":"https:\/\/umfst.ro\/facultatea-de-medicina-dentara\/en\/wp-json\/wp\/v2\/tags?post=97"}],"curies":[{"name":"wp","href":"https:\/\/api.w.org\/{rel}","templated":true}]}}