{"id":119,"date":"2022-11-17T18:44:04","date_gmt":"2022-11-17T18:44:04","guid":{"rendered":"https:\/\/dev.umfst.ro\/facultatea-de-medicina-dentara\/?page_id=119"},"modified":"2025-11-25T09:01:37","modified_gmt":"2025-11-25T09:01:37","slug":"protetica-dentara-fixa","status":"publish","type":"page","link":"https:\/\/umfst.ro\/facultatea-de-medicina-dentara\/hu\/departamente-si-discipline\/departamentul-md2\/protetica-dentara-fixa\/","title":{"rendered":"Protetic\u0103 dentar\u0103 fix\u0103"},"content":{"rendered":"<div data-elementor-type=\"wp-page\" data-elementor-id=\"119\" class=\"elementor elementor-119\" data-elementor-post-type=\"page\">\n\t\t\t\t\t\t<section class=\"elementor-section elementor-top-section elementor-element elementor-element-f821f6d elementor-section-boxed elementor-section-height-default elementor-section-height-default\" data-id=\"f821f6d\" data-element_type=\"section\" data-e-type=\"section\">\n\t\t\t\t\t\t<div class=\"elementor-container elementor-column-gap-default\">\n\t\t\t\t\t<div class=\"elementor-column elementor-col-50 elementor-top-column elementor-element elementor-element-51ce15e\" data-id=\"51ce15e\" data-element_type=\"column\" data-e-type=\"column\">\n\t\t\t<div class=\"elementor-widget-wrap elementor-element-populated\">\n\t\t\t\t\t\t<div class=\"elementor-element elementor-element-625f498 elementor-widget elementor-widget-text-editor\" data-id=\"625f498\" data-element_type=\"widget\" data-e-type=\"widget\" data-widget_type=\"text-editor.default\">\n\t\t\t\t<div class=\"elementor-widget-container\">\n\t\t\t\t\t\t\t\t\t<h2>Membrii disciplinei<\/h2><p><strong>\u015eef disciplin\u0103<br \/><\/strong>Conf. univ. dr. Cerghizan Diana <a href=\"https:\/\/www.umfst.ro\/fileadmin\/f_medicina_dentara\/cadre_didactice\/cv\/Cerghizan.Diana.pdf\">CV<\/a><\/p><p><strong>Membri<br \/><\/strong>\u0218ef lucr. dr. Janosi Kinga Maria <a href=\"https:\/\/www.umfst.ro\/fileadmin\/f_medicina_dentara\/cadre_didactice\/cv\/Janosi.Kinga.pdf\">CV<\/a><br \/>\u0218ef lucr. dr. Balo\u0219 Monica Dora <a href=\"https:\/\/www.umfst.ro\/fileadmin\/f_medicina_dentara\/cadre_didactice\/cv\/Balos.Monica-Dora.pdf\">CV<\/a><br \/>\u0218ef lucr. dr. Albu Ioana Auri\u021ba <a href=\"https:\/\/www.umfst.ro\/fileadmin\/f_medicina_dentara\/cadre_didactice\/cv\/Albu.Aurita.pdf\">CV<\/a><br \/>Asist. univ. drd. Mure\u0219an Izabella-\u00c9va <a href=\"https:\/\/www.umfst.ro\/fileadmin\/f_medicina_dentara\/cadre_didactice\/cv\/Muresan.Izabella-Eva.pdf\">CV<\/a><\/p>\t\t\t\t\t\t\t\t<\/div>\n\t\t\t\t<\/div>\n\t\t\t\t<div class=\"elementor-element elementor-element-38fd405 elementor-widget elementor-widget-heading\" data-id=\"38fd405\" data-element_type=\"widget\" data-e-type=\"widget\" data-widget_type=\"heading.default\">\n\t\t\t\t<div class=\"elementor-widget-container\">\n\t\t\t\t\t<h2 class=\"elementor-heading-title elementor-size-default\">Activitate didactic\u0103<\/h2>\t\t\t\t<\/div>\n\t\t\t\t<\/div>\n\t\t\t\t<div class=\"elementor-element elementor-element-68c5d6e elementor-widget elementor-widget-jet-accordion\" data-id=\"68c5d6e\" data-element_type=\"widget\" data-e-type=\"widget\" data-widget_type=\"jet-accordion.default\">\n\t\t\t\t<div class=\"elementor-widget-container\">\n\t\t\t\t\t\t\t\t\t<div class=\"jet-accordion\" data-settings=\"{&quot;collapsible&quot;:false,&quot;ajaxTemplate&quot;:false,&quot;switchScrolling&quot;:false,&quot;switchScrollingTablet&quot;:false,&quot;switchScrollingMobile&quot;:false,&quot;switchScrollingOffset&quot;:{&quot;size&quot;:0,&quot;unit&quot;:&quot;px&quot;},&quot;switchScrollingOffsetTablet&quot;:{&quot;size&quot;:0,&quot;unit&quot;:&quot;px&quot;},&quot;switchScrollingOffsetMobile&quot;:{&quot;size&quot;:0,&quot;unit&quot;:&quot;px&quot;},&quot;switchScrollingDelay&quot;:500,&quot;switchScrollingDelayTablet&quot;:500,&quot;switchScrollingDelayMobile&quot;:500}\">\n\t\t\t<div class=\"jet-accordion__inner\">\n\t\t\t\t<div class=\"jet-accordion__item jet-toggle jet-toggle-move-up-effect\">\n\t\t\t\t\t\t\t<div id=\"jet-toggle-control-1091\" class=\"jet-toggle__control elementor-menu-anchor\" data-toggle=\"1\" role=\"button\" tabindex=\"0\" aria-controls=\"jet-toggle-content-1091\" aria-expanded=\"false\" data-template-id=\"false\">\n\t\t\t\t\t\t\t\t<div class=\"jet-toggle__label-icon jet-toggle-icon-position-right\"><span class=\"jet-toggle__icon icon-normal jet-tabs-icon\"><svg xmlns=\"http:\/\/www.w3.org\/2000\/svg\" viewbox=\"0 0 448 512\"><path d=\"M256 80c0-17.7-14.3-32-32-32s-32 14.3-32 32V224H48c-17.7 0-32 14.3-32 32s14.3 32 32 32H192V432c0 17.7 14.3 32 32 32s32-14.3 32-32V288H400c17.7 0 32-14.3 32-32s-14.3-32-32-32H256V80z\"><\/path><\/svg><\/span><span class=\"jet-toggle__icon icon-active jet-tabs-icon\"><svg xmlns=\"http:\/\/www.w3.org\/2000\/svg\" viewbox=\"0 0 448 512\"><path d=\"M432 256c0 17.7-14.3 32-32 32L48 288c-17.7 0-32-14.3-32-32s14.3-32 32-32l352 0c17.7 0 32 14.3 32 32z\"><\/path><\/svg><\/span><\/div><div class=\"jet-toggle__label-text\">Manuale \u0219i \u00eendrum\u0103toare de lucr\u0103ri practice<\/div>\t\t\t\t\t\t\t<\/div>\n\t\t\t\t\t\t\t<div id=\"jet-toggle-content-1091\" class=\"jet-toggle__content\" data-toggle=\"1\" role=\"region\" data-template-id=\"false\">\n\t\t\t\t\t\t\t\t<div class=\"jet-toggle__content-inner\"><p>1. Cerghizan D.\u00a0<b><i>Tehnologii ceramice.\u00a0<\/i><\/b>Curs pentru studen\u021bii de tehnic\u0103 dentar\u0103, Editura University Press Tg. Mure\u015f, 2011<\/p><p>2. Pop\u0219or S \u0219i colab.\u00a0<b><i>Principii esen\u021biale de protezare fix\u0103,<\/i><\/b>\u00a0Litografia UMF Tg-Mure\u0219, 2006<\/p><p>3. Pop\u015for S \u0219i colab<b><i>. Prepararea protetic\u0103 a din\u0163ilor \u00een simulator (fantom).<\/i>\u00a0<\/b>Caiet de lucr\u0103ri practice pentru studen\u0163ii anului III, Litografia UMF Tg-Mure\u015f, comanda 5303\/2003, reeditat 2006.<\/p><\/div>\n\t\t\t\t\t\t\t<\/div>\n\t\t\t\t\t\t<\/div>\t\t\t<\/div>\n\t\t<\/div>\n\t\t\t\t\t\t<\/div>\n\t\t\t\t<\/div>\n\t\t\t\t\t<\/div>\n\t\t<\/div>\n\t\t\t\t<div class=\"elementor-column elementor-col-50 elementor-top-column elementor-element elementor-element-7271fa7\" data-id=\"7271fa7\" data-element_type=\"column\" data-e-type=\"column\">\n\t\t\t<div class=\"elementor-widget-wrap elementor-element-populated\">\n\t\t\t\t\t\t<section class=\"elementor-section elementor-inner-section elementor-element elementor-element-9a7d2d5 elementor-section-boxed elementor-section-height-default elementor-section-height-default\" data-id=\"9a7d2d5\" data-element_type=\"section\" data-e-type=\"section\">\n\t\t\t\t\t\t<div class=\"elementor-container elementor-column-gap-default\">\n\t\t\t\t\t<div data-dce-background-color=\"#F2F7FF\" class=\"elementor-column elementor-col-100 elementor-inner-column elementor-element elementor-element-641beb4\" data-id=\"641beb4\" data-element_type=\"column\" data-e-type=\"column\" data-settings=\"{&quot;background_background&quot;:&quot;classic&quot;}\">\n\t\t\t<div class=\"elementor-widget-wrap elementor-element-populated\">\n\t\t\t\t\t\t<div class=\"elementor-element elementor-element-d8541b3 elementor-widget elementor-widget-heading\" data-id=\"d8541b3\" data-element_type=\"widget\" data-e-type=\"widget\" data-widget_type=\"heading.default\">\n\t\t\t\t<div class=\"elementor-widget-container\">\n\t\t\t\t\t<h5 class=\"elementor-heading-title elementor-size-default\">Contact<\/h5>\t\t\t\t<\/div>\n\t\t\t\t<\/div>\n\t\t\t\t<div class=\"elementor-element elementor-element-9bb22ec elementor-widget-divider--view-line elementor-widget elementor-widget-divider\" data-id=\"9bb22ec\" data-element_type=\"widget\" data-e-type=\"widget\" data-widget_type=\"divider.default\">\n\t\t\t\t<div class=\"elementor-widget-container\">\n\t\t\t\t\t\t\t<div class=\"elementor-divider\">\n\t\t\t<span class=\"elementor-divider-separator\">\n\t\t\t\t\t\t<\/span>\n\t\t<\/div>\n\t\t\t\t\t\t<\/div>\n\t\t\t\t<\/div>\n\t\t\t\t<div class=\"elementor-element elementor-element-5f3d482 elementor-widget elementor-widget-icon-box\" data-id=\"5f3d482\" data-element_type=\"widget\" data-e-type=\"widget\" data-widget_type=\"icon-box.default\">\n\t\t\t\t<div class=\"elementor-widget-container\">\n\t\t\t\t\t\t\t<div class=\"elementor-icon-box-wrapper\">\n\n\t\t\t\n\t\t\t\t\t\t<div class=\"elementor-icon-box-content\">\n\n\t\t\t\t\t\t\t\t\t<h3 class=\"elementor-icon-box-title\">\n\t\t\t\t\t\t<span  >\n\t\t\t\t\t\t\tAdres\u0103\t\t\t\t\t\t<\/span>\n\t\t\t\t\t<\/h3>\n\t\t\t\t\n\t\t\t\t\t\t\t\t\t<p class=\"elementor-icon-box-description\">\n\t\t\t\t\t\tCentrul Integrat de Medicin\u0103 Dentar\u0103<\/br>\nStr. Gheorghe Marinescu Nr. 38\nT\u00e2rgu Mure\u0219, 540139\nRom\u00e2nia\t\t\t\t\t<\/p>\n\t\t\t\t\n\t\t\t<\/div>\n\t\t\t\n\t\t<\/div>\n\t\t\t\t\t\t<\/div>\n\t\t\t\t<\/div>\n\t\t\t\t<div class=\"elementor-element elementor-element-1f05b6b elementor-widget elementor-widget-icon-box\" data-id=\"1f05b6b\" data-element_type=\"widget\" data-e-type=\"widget\" data-widget_type=\"icon-box.default\">\n\t\t\t\t<div class=\"elementor-widget-container\">\n\t\t\t\t\t\t\t<div class=\"elementor-icon-box-wrapper\">\n\n\t\t\t\n\t\t\t\t\t\t<div class=\"elementor-icon-box-content\">\n\n\t\t\t\t\t\t\t\t\t<h3 class=\"elementor-icon-box-title\">\n\t\t\t\t\t\t<span  >\n\t\t\t\t\t\t\tPersoan\u0103 de contact\t\t\t\t\t\t<\/span>\n\t\t\t\t\t<\/h3>\n\t\t\t\t\n\t\t\t\t\t\t\t\t\t<p class=\"elementor-icon-box-description\">\n\t\t\t\t\t\tConf. univ. dr. Diana Cerghizan\t\t\t\t\t<\/p>\n\t\t\t\t\n\t\t\t<\/div>\n\t\t\t\n\t\t<\/div>\n\t\t\t\t\t\t<\/div>\n\t\t\t\t<\/div>\n\t\t\t\t<div data-dce-title-color=\"#0F0F0F\" class=\"elementor-element elementor-element-e7237ec elementor-widget elementor-widget-icon-box\" data-id=\"e7237ec\" data-element_type=\"widget\" data-e-type=\"widget\" data-widget_type=\"icon-box.default\">\n\t\t\t\t<div class=\"elementor-widget-container\">\n\t\t\t\t\t\t\t<div class=\"elementor-icon-box-wrapper\">\n\n\t\t\t\n\t\t\t\t\t\t<div class=\"elementor-icon-box-content\">\n\n\t\t\t\t\t\t\t\t\t<h3 class=\"elementor-icon-box-title\">\n\t\t\t\t\t\t<a href=\"mailto:diana.cerghizan@umfst.ro\" >\n\t\t\t\t\t\t\tE-mail\t\t\t\t\t\t<\/a>\n\t\t\t\t\t<\/h3>\n\t\t\t\t\n\t\t\t\t\t\t\t\t\t<p class=\"elementor-icon-box-description\">\n\t\t\t\t\t\tdiana.cerghizan@umfst.ro\t\t\t\t\t<\/p>\n\t\t\t\t\n\t\t\t<\/div>\n\t\t\t\n\t\t<\/div>\n\t\t\t\t\t\t<\/div>\n\t\t\t\t<\/div>\n\t\t\t\t<div class=\"elementor-element elementor-element-1bb6a1f elementor-widget__width-initial elementor-widget elementor-widget-icon-box\" data-id=\"1bb6a1f\" data-element_type=\"widget\" data-e-type=\"widget\" data-widget_type=\"icon-box.default\">\n\t\t\t\t<div class=\"elementor-widget-container\">\n\t\t\t\t\t\t\t<div class=\"elementor-icon-box-wrapper\">\n\n\t\t\t\n\t\t\t\t\t\t<div class=\"elementor-icon-box-content\">\n\n\t\t\t\t\t\t\t\t\t<h3 class=\"elementor-icon-box-title\">\n\t\t\t\t\t\t<span  >\n\t\t\t\t\t\t\tTelefon\t\t\t\t\t\t<\/span>\n\t\t\t\t\t<\/h3>\n\t\t\t\t\n\t\t\t\t\t\t\t\t\t<p class=\"elementor-icon-box-description\">\n\t\t\t\t\t\t+40-265-215.551\t\t\t\t\t<\/p>\n\t\t\t\t\n\t\t\t<\/div>\n\t\t\t\n\t\t<\/div>\n\t\t\t\t\t\t<\/div>\n\t\t\t\t<\/div>\n\t\t\t\t\t<\/div>\n\t\t<\/div>\n\t\t\t\t\t<\/div>\n\t\t<\/section>\n\t\t\t\t\t<\/div>\n\t\t<\/div>\n\t\t\t\t\t<\/div>\n\t\t<\/section>\n\t\t\t\t<\/div>","protected":false},"excerpt":{"rendered":"<p>Membrii disciplinei \u015eef disciplin\u0103Conf. univ. dr. Cerghizan Diana CV Membri\u0218ef lucr. dr. Janosi Kinga Maria CV\u0218ef lucr. dr. Balo\u0219 Monica Dora CV\u0218ef lucr. dr. Albu Ioana Auri\u021ba CVAsist. univ. drd. Mure\u0219an Izabella-\u00c9va CV Activitate didactic\u0103 Manuale \u0219i \u00eendrum\u0103toare de lucr\u0103ri practice 1. Cerghizan D.\u00a0Tehnologii ceramice.\u00a0Curs pentru studen\u021bii de tehnic\u0103 dentar\u0103, Editura University Press Tg. Mure\u015f, [&hellip;]<\/p>\n","protected":false},"author":4,"featured_media":0,"parent":117,"menu_order":0,"comment_status":"closed","ping_status":"closed","template":"","meta":{"_relevanssi_hide_post":"","_relevanssi_hide_content":"","_relevanssi_pin_for_all":"","_relevanssi_pin_keywords":"","_relevanssi_unpin_keywords":"","_relevanssi_related_keywords":"","_relevanssi_related_include_ids":"","_relevanssi_related_exclude_ids":"","_relevanssi_related_no_append":"","_relevanssi_related_not_related":"","_relevanssi_related_posts":"1","_relevanssi_noindex_reason":"","footnotes":""},"categories":[13,32],"tags":[],"class_list":["post-119","page","type-page","status-publish","hentry","category-pagina-cu-sidebar","category-pagina-departamente-si-discipline"],"meta_box":[],"_links":{"self":[{"href":"https:\/\/umfst.ro\/facultatea-de-medicina-dentara\/hu\/wp-json\/wp\/v2\/pages\/119","targetHints":{"allow":["GET"]}}],"collection":[{"href":"https:\/\/umfst.ro\/facultatea-de-medicina-dentara\/hu\/wp-json\/wp\/v2\/pages"}],"about":[{"href":"https:\/\/umfst.ro\/facultatea-de-medicina-dentara\/hu\/wp-json\/wp\/v2\/types\/page"}],"author":[{"embeddable":true,"href":"https:\/\/umfst.ro\/facultatea-de-medicina-dentara\/hu\/wp-json\/wp\/v2\/users\/4"}],"replies":[{"embeddable":true,"href":"https:\/\/umfst.ro\/facultatea-de-medicina-dentara\/hu\/wp-json\/wp\/v2\/comments?post=119"}],"version-history":[{"count":27,"href":"https:\/\/umfst.ro\/facultatea-de-medicina-dentara\/hu\/wp-json\/wp\/v2\/pages\/119\/revisions"}],"predecessor-version":[{"id":3552,"href":"https:\/\/umfst.ro\/facultatea-de-medicina-dentara\/hu\/wp-json\/wp\/v2\/pages\/119\/revisions\/3552"}],"up":[{"embeddable":true,"href":"https:\/\/umfst.ro\/facultatea-de-medicina-dentara\/hu\/wp-json\/wp\/v2\/pages\/117"}],"wp:attachment":[{"href":"https:\/\/umfst.ro\/facultatea-de-medicina-dentara\/hu\/wp-json\/wp\/v2\/media?parent=119"}],"wp:term":[{"taxonomy":"category","embeddable":true,"href":"https:\/\/umfst.ro\/facultatea-de-medicina-dentara\/hu\/wp-json\/wp\/v2\/categories?post=119"},{"taxonomy":"post_tag","embeddable":true,"href":"https:\/\/umfst.ro\/facultatea-de-medicina-dentara\/hu\/wp-json\/wp\/v2\/tags?post=119"}],"curies":[{"name":"wp","href":"https:\/\/api.w.org\/{rel}","templated":true}]}}