{"id":151,"date":"2022-11-17T18:53:55","date_gmt":"2022-11-17T18:53:55","guid":{"rendered":"https:\/\/dev.umfst.ro\/facultatea-de-medicina-dentara\/?page_id=151"},"modified":"2025-11-25T09:04:10","modified_gmt":"2025-11-25T09:04:10","slug":"morfologia-dintilor-si-arcadelor-dentare","status":"publish","type":"page","link":"https:\/\/umfst.ro\/facultatea-de-medicina-dentara\/hu\/departamente-si-discipline\/departamentul-md2\/morfologia-dintilor-si-arcadelor-dentare\/","title":{"rendered":"Morfologia din\u021bilor \u0219i arcadelor dentare"},"content":{"rendered":"<div data-elementor-type=\"wp-page\" data-elementor-id=\"151\" class=\"elementor elementor-151\" data-elementor-post-type=\"page\">\n\t\t\t\t\t\t<section class=\"elementor-section elementor-top-section elementor-element elementor-element-3f4fd29 elementor-section-boxed elementor-section-height-default elementor-section-height-default\" data-id=\"3f4fd29\" data-element_type=\"section\" data-e-type=\"section\">\n\t\t\t\t\t\t<div class=\"elementor-container elementor-column-gap-default\">\n\t\t\t\t\t<div class=\"elementor-column elementor-col-50 elementor-top-column elementor-element elementor-element-566d6bb\" data-id=\"566d6bb\" data-element_type=\"column\" data-e-type=\"column\">\n\t\t\t<div class=\"elementor-widget-wrap elementor-element-populated\">\n\t\t\t\t\t\t<div class=\"elementor-element elementor-element-dc576e2 elementor-widget elementor-widget-text-editor\" data-id=\"dc576e2\" data-element_type=\"widget\" data-e-type=\"widget\" data-widget_type=\"text-editor.default\">\n\t\t\t\t<div class=\"elementor-widget-container\">\n\t\t\t\t\t\t\t\t\t<h2>Membrii disciplinei<\/h2><p><b>\u015eef disciplin\u0103<br \/><\/b>Prof. univ. dr. Sz\u00e9kely Melinda Gy\u00f6ngyi <a href=\"https:\/\/www.umfst.ro\/fileadmin\/f_medicina_dentara\/cadre_didactice\/cv\/Szekely.Melinda.pdf\">CV<\/a><\/p><p><b>Membri<br \/><\/b>Conf. univ. dr. Bere\u0219escu Felicia Gabriela <a href=\"https:\/\/www.umfst.ro\/fileadmin\/f_medicina_dentara\/cadre_didactice\/cv\/Beresescu.Gabriela.pdf\">CV<\/a><br \/>Conf. univ. dr. Kerekes-M\u00e1th\u00e9 Bernadette Evelyn <a href=\"https:\/\/www.umfst.ro\/fileadmin\/f_medicina_dentara\/cadre_didactice\/cv\/Kerekes.Mathe.Bernadette.pdf\">CV<\/a><br \/>\u0218ef lucr. dr. Molnar-Varlam Cristina Stanca <a href=\"https:\/\/www.umfst.ro\/fileadmin\/f_medicina_dentara\/cadre_didactice\/cv\/Molnar.Varlam.Cristina.pdf\">CV<\/a><br \/>\u0218ef lucr\u0103ri dr. Bor\u0219 Andrea Izabella <a href=\"https:\/\/www.umfst.ro\/fileadmin\/f_medicina_dentara\/cadre_didactice\/cv\/Bors.Andreea.pdf\">CV<\/a><br \/>\u0218ef lucr\u0103ri dr. Mucenic Simona Gabriela <a href=\"https:\/\/www.umfst.ro\/fileadmin\/f_medicina_dentara\/cadre_didactice\/cv\/Mucenic.Simona.pdf\">CV<\/a><br \/>\u0218ef lucr\u0103ri dr. Duda\u0219 Csaba <a href=\"https:\/\/www.umfst.ro\/fileadmin\/f_medicina_dentara\/cadre_didactice\/cv\/Dudas_Csaba.pdf\">CV<\/a><br \/>Asist. univ. drd. Cerghedi Alessandra Aniela <a href=\"https:\/\/www.umfst.ro\/fileadmin\/f_medicina_dentara\/cadre_didactice\/cv\/Cerghedi.Aniela.pdf\">CV<\/a><\/p>\t\t\t\t\t\t\t\t<\/div>\n\t\t\t\t<\/div>\n\t\t\t\t<div class=\"elementor-element elementor-element-ea6bee5 elementor-widget elementor-widget-heading\" data-id=\"ea6bee5\" data-element_type=\"widget\" data-e-type=\"widget\" data-widget_type=\"heading.default\">\n\t\t\t\t<div class=\"elementor-widget-container\">\n\t\t\t\t\t<h2 class=\"elementor-heading-title elementor-size-default\">Activitate didactic\u0103<\/h2>\t\t\t\t<\/div>\n\t\t\t\t<\/div>\n\t\t\t\t<div class=\"elementor-element elementor-element-3d5634d elementor-widget elementor-widget-jet-accordion\" data-id=\"3d5634d\" data-element_type=\"widget\" data-e-type=\"widget\" data-widget_type=\"jet-accordion.default\">\n\t\t\t\t<div class=\"elementor-widget-container\">\n\t\t\t\t\t\t\t\t\t<div class=\"jet-accordion\" data-settings=\"{&quot;collapsible&quot;:false,&quot;ajaxTemplate&quot;:false,&quot;switchScrolling&quot;:false,&quot;switchScrollingTablet&quot;:false,&quot;switchScrollingMobile&quot;:false,&quot;switchScrollingOffset&quot;:{&quot;size&quot;:0,&quot;unit&quot;:&quot;px&quot;},&quot;switchScrollingOffsetTablet&quot;:{&quot;size&quot;:0,&quot;unit&quot;:&quot;px&quot;},&quot;switchScrollingOffsetMobile&quot;:{&quot;size&quot;:0,&quot;unit&quot;:&quot;px&quot;},&quot;switchScrollingDelay&quot;:500,&quot;switchScrollingDelayTablet&quot;:500,&quot;switchScrollingDelayMobile&quot;:500}\">\n\t\t\t<div class=\"jet-accordion__inner\">\n\t\t\t\t<div class=\"jet-accordion__item jet-toggle jet-toggle-move-up-effect\">\n\t\t\t\t\t\t\t<div id=\"jet-toggle-control-6431\" class=\"jet-toggle__control elementor-menu-anchor\" data-toggle=\"1\" role=\"button\" tabindex=\"0\" aria-controls=\"jet-toggle-content-6431\" aria-expanded=\"false\" data-template-id=\"false\">\n\t\t\t\t\t\t\t\t<div class=\"jet-toggle__label-icon jet-toggle-icon-position-right\"><span class=\"jet-toggle__icon icon-normal jet-tabs-icon\"><svg xmlns=\"http:\/\/www.w3.org\/2000\/svg\" viewbox=\"0 0 448 512\"><path d=\"M256 80c0-17.7-14.3-32-32-32s-32 14.3-32 32V224H48c-17.7 0-32 14.3-32 32s14.3 32 32 32H192V432c0 17.7 14.3 32 32 32s32-14.3 32-32V288H400c17.7 0 32-14.3 32-32s-14.3-32-32-32H256V80z\"><\/path><\/svg><\/span><span class=\"jet-toggle__icon icon-active jet-tabs-icon\"><svg xmlns=\"http:\/\/www.w3.org\/2000\/svg\" viewbox=\"0 0 448 512\"><path d=\"M432 256c0 17.7-14.3 32-32 32L48 288c-17.7 0-32-14.3-32-32s14.3-32 32-32l352 0c17.7 0 32 14.3 32 32z\"><\/path><\/svg><\/span><\/div><div class=\"jet-toggle__label-text\">Manuale \u0219i \u00eendrum\u0103toare de lucr\u0103ri practice<\/div>\t\t\t\t\t\t\t<\/div>\n\t\t\t\t\t\t\t<div id=\"jet-toggle-content-6431\" class=\"jet-toggle__content\" data-toggle=\"1\" role=\"region\" data-template-id=\"false\">\n\t\t\t\t\t\t\t\t<div class=\"jet-toggle__content-inner\"><ol><li><em>Technology of single unit dental prostheses <\/em>\u2013 A. Bors\u0326, M. Sz\u00e9kely, C. Molnar-Varlam, A. Ca\u0306ma\u0306ra\u0306s\u0327an, University Press, T\u00e2rgu Mure\u015f, 2022, ISBN 978-973-169-755-0<\/li><li><em>Materiale dentare folosite \u00een stomatologia pediatric\u0103<\/em> \u2013 C. Molnar-Varlam, C. Bica, A. Bor\u015f, University Press, T\u00e2rgu Mure\u015f, 2016, ISBN 978-973-169-450-4<\/li><li><em>Proteze dentare fixe \u2013 aspecte clinico-tehnice<\/em> \u2013 C. Molnar-Varlam, V. Grozescu, A. Bors\u0326, University Press, T\u00e2rgu Mures\u0326, 2016, ISBN 978-973-169-449-8<\/li><li><em>Proteze dentare mobile \u0219i mobilizabile \u2013 aspecte clinico-tehnice<\/em> \u2013 C. Molnar-Varlam, A. Chifor, M. Sz\u00e9kely, University Press, T\u00e2rgu Mure\u0219, 2016, ISBN 978-973-169-448-1<\/li><li><em>Tehnologia protezelor dentare fixe<\/em> &#8211; G. Beresescu, A. Ca\u0306ma\u0306ra\u0306s\u0327an, S. Mucenic, University Press, T\u00e2rgu\u00a0\u00a0 Mures\u0326, 2016, ISBN 978-973-169-413-9<\/li><li><em>Tehnologia protezelor dentare mobile<\/em> &#8211; G. Bere\u0219escu, A. C\u0103m\u0103r\u0103\u015fan, S. Mucenic, University Press, T\u00e2rgu Mures\u0326, 2015, ISBN 978-973-169-412-2<\/li><li><em>Fog\u00e1szati anyagtan<\/em> \u2013 M. Sz\u00e9kely, C. Molnar-Varlam, B. Kerekes-M\u00e1th\u00e9, University Press, T\u00e2rgu Mure\u0219, 2015, ISBN: 978-973-169-370-5<\/li><li><em>Tehnici adezive moderne \u00een Medicina dentar\u0103<\/em> &#8211; A. Bor\u0219, M. Sz\u00e9kely, C. Molnar-Varlam, University Press, T\u00e2rgu Mure\u015f, 2015, ISBN 978-973-169-381-1<\/li><li><em>Morfologia din\u021bilor umani permanen\u021bi<\/em> &#8211; G. Bere\u0219escu, University Press, T\u00e2rgu Mure\u015f, 2011, ISBN 978-973-169-161-9<\/li><li><em>Ghid practic de utilizare a materialelor dentare<\/em> &#8211; C. Molnar-Varlam, M. Sz\u00e9kely, A. Bor\u0219, G. Bere\u0219escu, B. Kerekes-M\u00e1th\u00e9, S. Mucenic, A. C\u0103m\u0103r\u0103\u0219an, University Press, T\u00e2rgu Mure\u0219, 2011, ISBN 978-973-169-155-8<\/li><li><em>Materiale dentare<\/em> &#8211; C. Molnar-Varlam, M. Szekely, S. Mucenic, University Press, T\u00e2rgu Mure\u0219, 2011, ISBN 978-973-169-147-3<\/li><li><em>A fogak \u00e9s fog\u00edvek funkcion\u00e1lis morfol\u00f3gi\u00e1ja<\/em> \u2013 M. Sz\u00e9kely, University Press, T\u00e2rgu Mure\u015f, 2009, ISBN 978-973-169-082-7, edi\u0163ia a doua<\/li><li><em>A fogak \u00e9s fog\u00edvek funkcion\u00e1lis morfol\u00f3gi\u00e1ja<\/em> &#8211; M. Sz\u00e9kely, University Press, T\u00e2rgu Mure\u015f, 2007, ISBN 978-973-7665-79-9<\/li><li><em>Az orvosi kommunik\u00e1ci\u00f3 szerepe a fog\u00e1szatban<\/em> &#8211; M. Sz\u00e9kely, University Press, T\u00e2rgu Mure\u015f, 2005, ISBN 973-7788-66-4<\/li><li><em>A fogak morfol\u00f3gi\u00e1ja \u00e9s gnatol\u00f3giai alapfogalmak<\/em> &#8211; M. Sz\u00e9kely, Consiliul pentru Manuale al UCDMR, Cluj, 1999, ISBN 973-92-67-59-9<\/li><\/ol><\/div>\n\t\t\t\t\t\t\t<\/div>\n\t\t\t\t\t\t<\/div><div class=\"jet-accordion__item jet-toggle jet-toggle-move-up-effect\">\n\t\t\t\t\t\t\t<div id=\"jet-toggle-control-6432\" class=\"jet-toggle__control elementor-menu-anchor\" data-toggle=\"2\" role=\"button\" tabindex=\"0\" aria-controls=\"jet-toggle-content-6432\" aria-expanded=\"false\" data-template-id=\"false\">\n\t\t\t\t\t\t\t\t<div class=\"jet-toggle__label-icon jet-toggle-icon-position-right\"><span class=\"jet-toggle__icon icon-normal jet-tabs-icon\"><svg xmlns=\"http:\/\/www.w3.org\/2000\/svg\" viewbox=\"0 0 448 512\"><path d=\"M256 80c0-17.7-14.3-32-32-32s-32 14.3-32 32V224H48c-17.7 0-32 14.3-32 32s14.3 32 32 32H192V432c0 17.7 14.3 32 32 32s32-14.3 32-32V288H400c17.7 0 32-14.3 32-32s-14.3-32-32-32H256V80z\"><\/path><\/svg><\/span><span class=\"jet-toggle__icon icon-active jet-tabs-icon\"><svg xmlns=\"http:\/\/www.w3.org\/2000\/svg\" viewbox=\"0 0 448 512\"><path d=\"M432 256c0 17.7-14.3 32-32 32L48 288c-17.7 0-32-14.3-32-32s14.3-32 32-32l352 0c17.7 0 32 14.3 32 32z\"><\/path><\/svg><\/span><\/div><div class=\"jet-toggle__label-text\">Cursuri pentru studen\u021bi<\/div>\t\t\t\t\t\t\t<\/div>\n\t\t\t\t\t\t\t<div id=\"jet-toggle-content-6432\" class=\"jet-toggle__content\" data-toggle=\"2\" role=\"region\" data-template-id=\"false\">\n\t\t\t\t\t\t\t\t<div class=\"jet-toggle__content-inner\"><ol><li><em>Dental Materials<\/em> &#8211; Sz\u00e9kely Melinda, Bor\u0219 Andreea, Molnar-Varlam Cristina, Medicin\u0103 dentar\u0103, anul II<\/li><li><em>Morphology of Teeth and Dental Arches<\/em> &#8211; Sz\u00e9kely Melinda, Bor\u0219 Andreea, Medicin\u0103 dentar\u0103, anul I<\/li><li><em>A fogp\u00f3tl\u00e1sok technol\u00f3gi\u00e1ja<\/em> &#8211; Sz\u00e9kely Melinda, Kerekes-M\u00e1th\u00e9 Bernadette, Medicin\u0103 dentar\u0103, anul III<\/li><\/ol><\/div>\n\t\t\t\t\t\t\t<\/div>\n\t\t\t\t\t\t<\/div>\t\t\t<\/div>\n\t\t<\/div>\n\t\t\t\t\t\t<\/div>\n\t\t\t\t<\/div>\n\t\t\t\t\t<\/div>\n\t\t<\/div>\n\t\t\t\t<div class=\"elementor-column elementor-col-50 elementor-top-column elementor-element elementor-element-304d9e7\" data-id=\"304d9e7\" data-element_type=\"column\" data-e-type=\"column\">\n\t\t\t<div class=\"elementor-widget-wrap elementor-element-populated\">\n\t\t\t\t\t\t<section class=\"elementor-section elementor-inner-section elementor-element elementor-element-2737bc0 elementor-section-boxed elementor-section-height-default elementor-section-height-default\" data-id=\"2737bc0\" data-element_type=\"section\" data-e-type=\"section\">\n\t\t\t\t\t\t<div class=\"elementor-container elementor-column-gap-default\">\n\t\t\t\t\t<div data-dce-background-color=\"#F2F7FF\" class=\"elementor-column elementor-col-100 elementor-inner-column elementor-element elementor-element-3a47625\" data-id=\"3a47625\" data-element_type=\"column\" data-e-type=\"column\" data-settings=\"{&quot;background_background&quot;:&quot;classic&quot;}\">\n\t\t\t<div class=\"elementor-widget-wrap elementor-element-populated\">\n\t\t\t\t\t\t<div class=\"elementor-element elementor-element-14d5c11 elementor-widget elementor-widget-heading\" data-id=\"14d5c11\" data-element_type=\"widget\" data-e-type=\"widget\" data-widget_type=\"heading.default\">\n\t\t\t\t<div class=\"elementor-widget-container\">\n\t\t\t\t\t<h5 class=\"elementor-heading-title elementor-size-default\">Contact<\/h5>\t\t\t\t<\/div>\n\t\t\t\t<\/div>\n\t\t\t\t<div class=\"elementor-element elementor-element-c8b70b7 elementor-widget-divider--view-line elementor-widget elementor-widget-divider\" data-id=\"c8b70b7\" data-element_type=\"widget\" data-e-type=\"widget\" data-widget_type=\"divider.default\">\n\t\t\t\t<div class=\"elementor-widget-container\">\n\t\t\t\t\t\t\t<div class=\"elementor-divider\">\n\t\t\t<span class=\"elementor-divider-separator\">\n\t\t\t\t\t\t<\/span>\n\t\t<\/div>\n\t\t\t\t\t\t<\/div>\n\t\t\t\t<\/div>\n\t\t\t\t<div class=\"elementor-element elementor-element-4139fdc elementor-widget elementor-widget-icon-box\" data-id=\"4139fdc\" data-element_type=\"widget\" data-e-type=\"widget\" data-widget_type=\"icon-box.default\">\n\t\t\t\t<div class=\"elementor-widget-container\">\n\t\t\t\t\t\t\t<div class=\"elementor-icon-box-wrapper\">\n\n\t\t\t\n\t\t\t\t\t\t<div class=\"elementor-icon-box-content\">\n\n\t\t\t\t\t\t\t\t\t<h3 class=\"elementor-icon-box-title\">\n\t\t\t\t\t\t<span  >\n\t\t\t\t\t\t\tAdres\u0103\t\t\t\t\t\t<\/span>\n\t\t\t\t\t<\/h3>\n\t\t\t\t\n\t\t\t\t\t\t\t\t\t<p class=\"elementor-icon-box-description\">\n\t\t\t\t\t\tCentrul Integrat de Medicin\u0103 Dentar\u0103<\/br>\nStr. Gheorghe Marinescu Nr. 38\nT\u00e2rgu Mure\u0219, 540139\nRom\u00e2nia\t\t\t\t\t<\/p>\n\t\t\t\t\n\t\t\t<\/div>\n\t\t\t\n\t\t<\/div>\n\t\t\t\t\t\t<\/div>\n\t\t\t\t<\/div>\n\t\t\t\t<div class=\"elementor-element elementor-element-34bd859 elementor-widget elementor-widget-icon-box\" data-id=\"34bd859\" data-element_type=\"widget\" data-e-type=\"widget\" data-widget_type=\"icon-box.default\">\n\t\t\t\t<div class=\"elementor-widget-container\">\n\t\t\t\t\t\t\t<div class=\"elementor-icon-box-wrapper\">\n\n\t\t\t\n\t\t\t\t\t\t<div class=\"elementor-icon-box-content\">\n\n\t\t\t\t\t\t\t\t\t<h3 class=\"elementor-icon-box-title\">\n\t\t\t\t\t\t<span  >\n\t\t\t\t\t\t\tPersoan\u0103 de contact\t\t\t\t\t\t<\/span>\n\t\t\t\t\t<\/h3>\n\t\t\t\t\n\t\t\t\t\t\t\t\t\t<p class=\"elementor-icon-box-description\">\n\t\t\t\t\t\tProf. univ. dr. Szekely Melinda Gy\u00f6ngyi\t\t\t\t\t<\/p>\n\t\t\t\t\n\t\t\t<\/div>\n\t\t\t\n\t\t<\/div>\n\t\t\t\t\t\t<\/div>\n\t\t\t\t<\/div>\n\t\t\t\t<div data-dce-title-color=\"#0F0F0F\" class=\"elementor-element elementor-element-f4dc170 elementor-widget elementor-widget-icon-box\" data-id=\"f4dc170\" data-element_type=\"widget\" data-e-type=\"widget\" data-widget_type=\"icon-box.default\">\n\t\t\t\t<div class=\"elementor-widget-container\">\n\t\t\t\t\t\t\t<div class=\"elementor-icon-box-wrapper\">\n\n\t\t\t\n\t\t\t\t\t\t<div class=\"elementor-icon-box-content\">\n\n\t\t\t\t\t\t\t\t\t<h3 class=\"elementor-icon-box-title\">\n\t\t\t\t\t\t<a href=\"mailto:diana.cerghizan@umfst.ro\" >\n\t\t\t\t\t\t\tE-mail\t\t\t\t\t\t<\/a>\n\t\t\t\t\t<\/h3>\n\t\t\t\t\n\t\t\t\t\t\t\t\t\t<p class=\"elementor-icon-box-description\">\n\t\t\t\t\t\tmelinda.szekely@umfst.ro\t\t\t\t\t<\/p>\n\t\t\t\t\n\t\t\t<\/div>\n\t\t\t\n\t\t<\/div>\n\t\t\t\t\t\t<\/div>\n\t\t\t\t<\/div>\n\t\t\t\t<div class=\"elementor-element elementor-element-ec7b33e elementor-widget__width-initial elementor-widget elementor-widget-icon-box\" data-id=\"ec7b33e\" data-element_type=\"widget\" data-e-type=\"widget\" data-widget_type=\"icon-box.default\">\n\t\t\t\t<div class=\"elementor-widget-container\">\n\t\t\t\t\t\t\t<div class=\"elementor-icon-box-wrapper\">\n\n\t\t\t\n\t\t\t\t\t\t<div class=\"elementor-icon-box-content\">\n\n\t\t\t\t\t\t\t\t\t<h3 class=\"elementor-icon-box-title\">\n\t\t\t\t\t\t<span  >\n\t\t\t\t\t\t\tTelefon\t\t\t\t\t\t<\/span>\n\t\t\t\t\t<\/h3>\n\t\t\t\t\n\t\t\t\t\t\t\t\t\t<p class=\"elementor-icon-box-description\">\n\t\t\t\t\t\t+40-265-215.551\t\t\t\t\t<\/p>\n\t\t\t\t\n\t\t\t<\/div>\n\t\t\t\n\t\t<\/div>\n\t\t\t\t\t\t<\/div>\n\t\t\t\t<\/div>\n\t\t\t\t\t<\/div>\n\t\t<\/div>\n\t\t\t\t\t<\/div>\n\t\t<\/section>\n\t\t\t\t\t<\/div>\n\t\t<\/div>\n\t\t\t\t\t<\/div>\n\t\t<\/section>\n\t\t\t\t<\/div>","protected":false},"excerpt":{"rendered":"<p>Membrii disciplinei \u015eef disciplin\u0103Prof. univ. dr. Sz\u00e9kely Melinda Gy\u00f6ngyi CV MembriConf. univ. dr. Bere\u0219escu Felicia Gabriela CVConf. univ. dr. Kerekes-M\u00e1th\u00e9 Bernadette Evelyn CV\u0218ef lucr. dr. Molnar-Varlam Cristina Stanca CV\u0218ef lucr\u0103ri dr. Bor\u0219 Andrea Izabella CV\u0218ef lucr\u0103ri dr. Mucenic Simona Gabriela CV\u0218ef lucr\u0103ri dr. Duda\u0219 Csaba CVAsist. univ. drd. Cerghedi Alessandra Aniela CV Activitate didactic\u0103 Manuale [&hellip;]<\/p>\n","protected":false},"author":4,"featured_media":0,"parent":117,"menu_order":0,"comment_status":"closed","ping_status":"closed","template":"","meta":{"_relevanssi_hide_post":"","_relevanssi_hide_content":"","_relevanssi_pin_for_all":"","_relevanssi_pin_keywords":"","_relevanssi_unpin_keywords":"","_relevanssi_related_keywords":"","_relevanssi_related_include_ids":"","_relevanssi_related_exclude_ids":"","_relevanssi_related_no_append":"","_relevanssi_related_not_related":"","_relevanssi_related_posts":"1","_relevanssi_noindex_reason":"","footnotes":""},"categories":[13,32],"tags":[],"class_list":["post-151","page","type-page","status-publish","hentry","category-pagina-cu-sidebar","category-pagina-departamente-si-discipline"],"meta_box":[],"_links":{"self":[{"href":"https:\/\/umfst.ro\/facultatea-de-medicina-dentara\/hu\/wp-json\/wp\/v2\/pages\/151","targetHints":{"allow":["GET"]}}],"collection":[{"href":"https:\/\/umfst.ro\/facultatea-de-medicina-dentara\/hu\/wp-json\/wp\/v2\/pages"}],"about":[{"href":"https:\/\/umfst.ro\/facultatea-de-medicina-dentara\/hu\/wp-json\/wp\/v2\/types\/page"}],"author":[{"embeddable":true,"href":"https:\/\/umfst.ro\/facultatea-de-medicina-dentara\/hu\/wp-json\/wp\/v2\/users\/4"}],"replies":[{"embeddable":true,"href":"https:\/\/umfst.ro\/facultatea-de-medicina-dentara\/hu\/wp-json\/wp\/v2\/comments?post=151"}],"version-history":[{"count":39,"href":"https:\/\/umfst.ro\/facultatea-de-medicina-dentara\/hu\/wp-json\/wp\/v2\/pages\/151\/revisions"}],"predecessor-version":[{"id":3558,"href":"https:\/\/umfst.ro\/facultatea-de-medicina-dentara\/hu\/wp-json\/wp\/v2\/pages\/151\/revisions\/3558"}],"up":[{"embeddable":true,"href":"https:\/\/umfst.ro\/facultatea-de-medicina-dentara\/hu\/wp-json\/wp\/v2\/pages\/117"}],"wp:attachment":[{"href":"https:\/\/umfst.ro\/facultatea-de-medicina-dentara\/hu\/wp-json\/wp\/v2\/media?parent=151"}],"wp:term":[{"taxonomy":"category","embeddable":true,"href":"https:\/\/umfst.ro\/facultatea-de-medicina-dentara\/hu\/wp-json\/wp\/v2\/categories?post=151"},{"taxonomy":"post_tag","embeddable":true,"href":"https:\/\/umfst.ro\/facultatea-de-medicina-dentara\/hu\/wp-json\/wp\/v2\/tags?post=151"}],"curies":[{"name":"wp","href":"https:\/\/api.w.org\/{rel}","templated":true}]}}