{"id":1657,"date":"2023-07-19T12:05:11","date_gmt":"2023-07-19T12:05:11","guid":{"rendered":"https:\/\/dev.umfst.ro\/facultatea-de-medicina-dentara\/?page_id=1657"},"modified":"2024-01-05T17:35:23","modified_gmt":"2024-01-05T17:35:23","slug":"secretariat","status":"publish","type":"page","link":"https:\/\/umfst.ro\/facultatea-de-medicina-dentara\/hu\/organizare\/secretariat\/","title":{"rendered":"Secretariat"},"content":{"rendered":"<div data-elementor-type=\"wp-page\" data-elementor-id=\"1657\" class=\"elementor elementor-1657\" data-elementor-post-type=\"page\">\n\t\t\t\t\t\t<section class=\"elementor-section elementor-top-section elementor-element elementor-element-71f20144 elementor-section-boxed elementor-section-height-default elementor-section-height-default\" data-id=\"71f20144\" data-element_type=\"section\" data-e-type=\"section\">\n\t\t\t\t\t\t<div class=\"elementor-container elementor-column-gap-default\">\n\t\t\t\t\t<div class=\"elementor-column elementor-col-100 elementor-top-column elementor-element elementor-element-187ebcc9\" data-id=\"187ebcc9\" data-element_type=\"column\" data-e-type=\"column\">\n\t\t\t<div class=\"elementor-widget-wrap elementor-element-populated\">\n\t\t\t\t\t\t<div class=\"elementor-element elementor-element-5157949c elementor-widget elementor-widget-text-editor\" data-id=\"5157949c\" data-element_type=\"widget\" data-e-type=\"widget\" data-widget_type=\"text-editor.default\">\n\t\t\t\t<div class=\"elementor-widget-container\">\n\t\t\t\t\t\t\t\t\t<p><\/p>\n<p><\/p>\n<p><\/p>\n<h2><strong>Secretariat<br><\/strong><\/h2>\n<p><strong>Secretar-\u0219ef<\/strong>&nbsp;Gabriela Pop<\/p>\n<p><strong>Secretar&nbsp;<\/strong>Ioana-Maria Molomf\u0103lean<\/p>\n<ul>\n<li>Medicin\u0103 dentar\u0103<\/li>\n<li>Tehnic\u0103 dentar\u0103<\/li>\n<\/ul>\n<p>Tel: +40-265-215.551, int. 330,&nbsp;+40-265-208.940<br>E-mail:&nbsp;<a href=\"https:\/\/umfst.ro\/facultatea-de-medicina-dentara\/organizare\/secretariat\/linkTo_UnCryptMailto(%27nbjmup%2Befdbobu%5C%2FefoubsbAvngtu%5C%2Fsp%27);\">decanat.dentara@umfst.ro<\/a><\/p>\n<p><strong>Secretar<\/strong>&nbsp;Maria-Georgeta Cocis<\/p>\n<ul>\n<li>Medicin\u0103 dentar\u0103 \u00een limba englez\u0103<\/li>\n<\/ul>\n<p>Tel: +40-265-215.551, int. 313,&nbsp;+40-265-208.940<br>E-mail:&nbsp;<a href=\"https:\/\/umfst.ro\/facultatea-de-medicina-dentara\/organizare\/secretariat\/linkTo_UnCryptMailto(%27nbjmup%2Befdbobu%5C%2FefoubsbAvngtu%5C%2Fsp%27);\">decanat.dentara@umfst.ro<\/a><\/p>\n<p><\/p>\n<p><\/p>\t\t\t\t\t\t\t\t<\/div>\n\t\t\t\t<\/div>\n\t\t\t\t\t<\/div>\n\t\t<\/div>\n\t\t\t\t\t<\/div>\n\t\t<\/section>\n\t\t\t\t<section class=\"elementor-section elementor-top-section elementor-element elementor-element-74412e8 elementor-section-boxed elementor-section-height-default elementor-section-height-default\" data-id=\"74412e8\" data-element_type=\"section\" data-e-type=\"section\">\n\t\t\t\t\t\t<div class=\"elementor-container elementor-column-gap-default\">\n\t\t\t\t\t<div class=\"elementor-column elementor-col-100 elementor-top-column elementor-element elementor-element-88bdc42\" data-id=\"88bdc42\" data-element_type=\"column\" data-e-type=\"column\">\n\t\t\t<div class=\"elementor-widget-wrap\">\n\t\t\t\t\t\t\t<\/div>\n\t\t<\/div>\n\t\t\t\t\t<\/div>\n\t\t<\/section>\n\t\t\t\t<\/div>","protected":false},"excerpt":{"rendered":"<p>Secretariat Secretar-\u0219ef&nbsp;Gabriela Pop Secretar&nbsp;Ioana-Maria Molomf\u0103lean Medicin\u0103 dentar\u0103 Tehnic\u0103 dentar\u0103 Tel: +40-265-215.551, int. 330,&nbsp;+40-265-208.940E-mail:&nbsp;decanat.dentara@umfst.ro Secretar&nbsp;Maria-Georgeta Cocis Medicin\u0103 dentar\u0103 \u00een limba englez\u0103 Tel: +40-265-215.551, int. 313,&nbsp;+40-265-208.940E-mail:&nbsp;decanat.dentara@umfst.ro<\/p>","protected":false},"author":25,"featured_media":0,"parent":48,"menu_order":4,"comment_status":"closed","ping_status":"closed","template":"","meta":{"_relevanssi_hide_post":"","_relevanssi_hide_content":"","_relevanssi_pin_for_all":"","_relevanssi_pin_keywords":"","_relevanssi_unpin_keywords":"","_relevanssi_related_keywords":"","_relevanssi_related_include_ids":"","_relevanssi_related_exclude_ids":"","_relevanssi_related_no_append":"","_relevanssi_related_not_related":"","_relevanssi_related_posts":"1","_relevanssi_noindex_reason":"","footnotes":""},"categories":[13],"tags":[],"class_list":["post-1657","page","type-page","status-publish","hentry","category-pagina-cu-sidebar"],"meta_box":[],"_links":{"self":[{"href":"https:\/\/umfst.ro\/facultatea-de-medicina-dentara\/hu\/wp-json\/wp\/v2\/pages\/1657","targetHints":{"allow":["GET"]}}],"collection":[{"href":"https:\/\/umfst.ro\/facultatea-de-medicina-dentara\/hu\/wp-json\/wp\/v2\/pages"}],"about":[{"href":"https:\/\/umfst.ro\/facultatea-de-medicina-dentara\/hu\/wp-json\/wp\/v2\/types\/page"}],"author":[{"embeddable":true,"href":"https:\/\/umfst.ro\/facultatea-de-medicina-dentara\/hu\/wp-json\/wp\/v2\/users\/25"}],"replies":[{"embeddable":true,"href":"https:\/\/umfst.ro\/facultatea-de-medicina-dentara\/hu\/wp-json\/wp\/v2\/comments?post=1657"}],"version-history":[{"count":11,"href":"https:\/\/umfst.ro\/facultatea-de-medicina-dentara\/hu\/wp-json\/wp\/v2\/pages\/1657\/revisions"}],"predecessor-version":[{"id":2783,"href":"https:\/\/umfst.ro\/facultatea-de-medicina-dentara\/hu\/wp-json\/wp\/v2\/pages\/1657\/revisions\/2783"}],"up":[{"embeddable":true,"href":"https:\/\/umfst.ro\/facultatea-de-medicina-dentara\/hu\/wp-json\/wp\/v2\/pages\/48"}],"wp:attachment":[{"href":"https:\/\/umfst.ro\/facultatea-de-medicina-dentara\/hu\/wp-json\/wp\/v2\/media?parent=1657"}],"wp:term":[{"taxonomy":"category","embeddable":true,"href":"https:\/\/umfst.ro\/facultatea-de-medicina-dentara\/hu\/wp-json\/wp\/v2\/categories?post=1657"},{"taxonomy":"post_tag","embeddable":true,"href":"https:\/\/umfst.ro\/facultatea-de-medicina-dentara\/hu\/wp-json\/wp\/v2\/tags?post=1657"}],"curies":[{"name":"wp","href":"https:\/\/api.w.org\/{rel}","templated":true}]}}