{"id":175,"date":"2022-11-17T19:14:56","date_gmt":"2022-11-17T19:14:56","guid":{"rendered":"https:\/\/dev.umfst.ro\/facultatea-de-medicina-dentara\/?page_id=175"},"modified":"2023-12-22T19:10:37","modified_gmt":"2023-12-22T19:10:37","slug":"studii-de-licenta","status":"publish","type":"page","link":"https:\/\/umfst.ro\/facultatea-de-medicina-dentara\/hu\/oferta-educationala\/studii-de-licenta\/","title":{"rendered":"Studii de licen\u021b\u0103"},"content":{"rendered":"\t\t<div data-elementor-type=\"wp-post\" data-elementor-id=\"175\" class=\"elementor elementor-175\" data-elementor-post-type=\"page\">\n\t\t\t\t\t\t<section class=\"elementor-section elementor-top-section elementor-element elementor-element-fa6c2cf elementor-section-boxed elementor-section-height-default elementor-section-height-default\" data-id=\"fa6c2cf\" data-element_type=\"section\" data-e-type=\"section\">\n\t\t\t\t\t\t<div class=\"elementor-container elementor-column-gap-default\">\n\t\t\t\t\t<div class=\"elementor-column elementor-col-100 elementor-top-column elementor-element elementor-element-9a471de\" data-id=\"9a471de\" data-element_type=\"column\" data-e-type=\"column\">\n\t\t\t<div class=\"elementor-widget-wrap elementor-element-populated\">\n\t\t\t\t\t\t<div class=\"elementor-element elementor-element-cd79cf3 elementor-widget__width-initial elementor-widget elementor-widget-heading\" data-id=\"cd79cf3\" data-element_type=\"widget\" data-e-type=\"widget\" data-widget_type=\"heading.default\">\n\t\t\t\t<div class=\"elementor-widget-container\">\n\t\t\t\t\t<h2 class=\"elementor-heading-title elementor-size-default\">Oferta educa\u021bional\u0103<\/h2>\t\t\t\t<\/div>\n\t\t\t\t<\/div>\n\t\t\t\t\t<\/div>\n\t\t<\/div>\n\t\t\t\t\t<\/div>\n\t\t<\/section>\n\t\t\t\t<section class=\"elementor-section elementor-top-section elementor-element elementor-element-26ab24e elementor-section-boxed elementor-section-height-default elementor-section-height-default\" data-id=\"26ab24e\" data-element_type=\"section\" data-e-type=\"section\">\n\t\t\t\t\t\t<div class=\"elementor-container elementor-column-gap-default\">\n\t\t\t\t\t<div class=\"elementor-column elementor-col-100 elementor-top-column elementor-element elementor-element-eba4a65\" data-id=\"eba4a65\" data-element_type=\"column\" data-e-type=\"column\">\n\t\t\t<div class=\"elementor-widget-wrap elementor-element-populated\">\n\t\t\t\t\t\t<div class=\"elementor-element elementor-element-9abcdda elementor-widget elementor-widget-text-editor\" data-id=\"9abcdda\" data-element_type=\"widget\" data-e-type=\"widget\" data-widget_type=\"text-editor.default\">\n\t\t\t\t<div class=\"elementor-widget-container\">\n\t\t\t\t\t\t\t\t\t<p>\n<div class=\"wpdt-c wdt-skin-light\">\n    \n    <input type=\"hidden\" id=\"wdtNonceFrontendServerSide_1\" name=\"wdtNonceFrontendServerSide_1\" value=\"46905139aa\" \/><input type=\"hidden\" name=\"_wp_http_referer\" value=\"\/facultatea-de-medicina-dentara\/hu\/wp-json\/wp\/v2\/pages\/175\" \/>    <input type=\"hidden\" id=\"table_1_desc\"\n           value='{\"tableId\":\"table_1\",\"tableType\":\"manual\",\"selector\":\"#table_1\",\"responsive\":true,\"responsiveAction\":\"icon\",\"editable\":false,\"inlineEditing\":false,\"infoBlock\":false,\"pagination_top\":0,\"pagination\":0,\"paginationAlign\":\"right\",\"paginationLayout\":\"full_numbers\",\"paginationLayoutMobile\":\"simple\",\"file_location\":\"\",\"tableSkin\":\"light\",\"table_wcag\":0,\"simple_template_id\":0,\"scrollable\":false,\"fixedLayout\":true,\"globalSearch\":false,\"showRowsPerPage\":false,\"popoverTools\":false,\"loader\":\"1\",\"showCartInformation\":1,\"hideBeforeLoad\":false,\"number_format\":1,\"decimalPlaces\":2,\"spinnerSrc\":\"https:\\\/\\\/umfst.ro\\\/facultatea-de-medicina-dentara\\\/wp-content\\\/plugins\\\/wpdatatables\\\/assets\\\/\\\/img\\\/spinner.gif\",\"index_column\":0,\"groupingEnabled\":false,\"tableWpId\":1,\"dataTableParams\":{\"sDom\":\"BT\\u003C\\u0027clear\\u0027\\u003Et\",\"bSortCellsTop\":false,\"bFilter\":true,\"aLengthMenu\":[[1,5,10,25,50,100,-1],[1,5,10,25,50,100,\"All\"]],\"iDisplayLength\":10,\"columnDefs\":[{\"sType\":\"formatted-num\",\"wdtType\":\"int\",\"bVisible\":false,\"orderable\":true,\"searchable\":true,\"InputType\":\"text\",\"name\":\"wdt_ID\",\"origHeader\":\"wdt_ID\",\"notNull\":false,\"conditionalFormattingRules\":[],\"transformValueRules\":\"\",\"className\":\"numdata integer  column-wdt_id\",\"aTargets\":[0]},{\"sType\":\"string\",\"wdtType\":\"string\",\"bVisible\":true,\"orderable\":true,\"searchable\":true,\"InputType\":\"text\",\"name\":\"domeniuldestudiiuniversitaredemasterat\",\"origHeader\":\"domeniuldestudiiuniversitaredemasterat\",\"notNull\":false,\"conditionalFormattingRules\":[],\"transformValueRules\":\"\",\"className\":\" column-domeniuldestudiiuniversitaredemasterat\",\"sWidth\":\"13%\",\"aTargets\":[1]},{\"sType\":\"string\",\"wdtType\":\"link\",\"bVisible\":true,\"orderable\":true,\"searchable\":true,\"InputType\":\"text\",\"name\":\"denumireaprogramuluidestudiiuniversitaredemasterat\",\"origHeader\":\"denumireaprogramuluidestudiiuniversitaredemasterat\",\"notNull\":false,\"conditionalFormattingRules\":[],\"transformValueRules\":\"\",\"className\":\" column-denumireaprogramuluidestudiiuniversitaredemasterat\",\"sWidth\":\"25%\",\"aTargets\":[2]},{\"sType\":\"string\",\"wdtType\":\"string\",\"bVisible\":true,\"orderable\":true,\"searchable\":true,\"InputType\":\"text\",\"name\":\"durata\",\"origHeader\":\"durata\",\"notNull\":false,\"conditionalFormattingRules\":[],\"transformValueRules\":\"\",\"className\":\" column-durata\",\"sWidth\":\"12%\",\"aTargets\":[3]},{\"sType\":\"string\",\"wdtType\":\"string\",\"bVisible\":true,\"orderable\":true,\"searchable\":true,\"InputType\":\"text\",\"name\":\"formadeinvatamant\",\"origHeader\":\"formadeinvatamant\",\"notNull\":false,\"conditionalFormattingRules\":[],\"transformValueRules\":\"\",\"className\":\" column-formadeinvatamant\",\"sWidth\":\"10%\",\"aTargets\":[4]},{\"sType\":\"string\",\"wdtType\":\"string\",\"bVisible\":true,\"orderable\":true,\"searchable\":true,\"InputType\":\"text\",\"name\":\"numarcredite\",\"origHeader\":\"numarcredite\",\"notNull\":false,\"conditionalFormattingRules\":[],\"transformValueRules\":\"\",\"className\":\" column-numarcredite\",\"sWidth\":\"10%\",\"aTargets\":[5]},{\"sType\":\"string\",\"wdtType\":\"string\",\"bVisible\":true,\"orderable\":true,\"searchable\":true,\"InputType\":\"text\",\"name\":\"situatiaaracis\",\"origHeader\":\"situatiaaracis\",\"notNull\":false,\"conditionalFormattingRules\":[],\"transformValueRules\":\"\",\"className\":\" column-situatiaaracis\",\"sWidth\":\"15%\",\"aTargets\":[6]},{\"sType\":\"string\",\"wdtType\":\"string\",\"bVisible\":true,\"orderable\":true,\"searchable\":true,\"InputType\":\"text\",\"name\":\"limbadestudiu\",\"origHeader\":\"limbadestudiu\",\"notNull\":false,\"conditionalFormattingRules\":[],\"transformValueRules\":\"\",\"className\":\" column-limbadestudiu\",\"sWidth\":\"15%\",\"aTargets\":[7]}],\"bAutoWidth\":false,\"order\":[[0,\"asc\"]],\"ordering\":false,\"fixedHeader\":{\"header\":false,\"headerOffset\":0},\"fixedColumns\":false,\"oLanguage\":{\"sSearchPlaceholder\":\"\"},\"buttons\":[],\"bProcessing\":false,\"serverSide\":true,\"ajax\":{\"url\":\"https:\\\/\\\/umfst.ro\\\/facultatea-de-medicina-dentara\\\/wp-admin\\\/admin-ajax.php?action=get_wdtable&#038;table_id=1\",\"type\":\"POST\"},\"oSearch\":{\"bSmart\":false,\"bRegex\":false,\"sSearch\":\"\"}},\"customRowDisplay\":\"\",\"tabletWidth\":\"1024\",\"mobileWidth\":\"480\",\"renderFilter\":\"footer\",\"advancedFilterEnabled\":false,\"serverSide\":true,\"autoRefreshInterval\":0,\"processing\":true,\"fnServerData\":true,\"columnsFixed\":0,\"sumFunctionsLabel\":false,\"avgFunctionsLabel\":false,\"minFunctionsLabel\":false,\"maxFunctionsLabel\":false,\"columnsDecimalPlaces\":{\"wdt_ID\":-1,\"domeniuldestudiiuniversitaredemasterat\":-1,\"denumireaprogramuluidestudiiuniversitaredemasterat\":-1,\"durata\":-1,\"formadeinvatamant\":-1,\"numarcredite\":-1,\"situatiaaracis\":-1,\"limbadestudiu\":-1},\"columnsThousandsSeparator\":{\"wdt_ID\":0},\"sumColumns\":[],\"avgColumns\":[],\"sumAvgColumns\":[],\"timeFormat\":\"h:i A\",\"datepickFormat\":\"dd\\\/mm\\\/yy\"}'\/>\n\n    <table id=\"table_1\"\n           class=\"  responsive display nowrap wdt-no-display data-t data-t wpDataTable wpDataTableID-1 \"\n           style=\"\"\n           data-described-by='table_1_desc'\n           data-wpdatatable_id=\"1\">\n        \n        <!-- Table header -->\n        \n<thead>\n<tr>\n                    <th\n                        class=\" wdtheader sort numdata integer \"\n        style=\"\">        ID<\/th>        <th\n                data-hide=\"phone,tablet\"        class=\"phone,tablet wdtheader sort \"\n        style=\"\">        Domeniul de studii <\/th>        <th\n        data-class=\"expand\"                class=\" wdtheader sort \"\n        style=\"\">        Denumirea programului de studii<\/th>        <th\n                        class=\" wdtheader sort \"\n        style=\"\">        Durata studiilor<\/th>        <th\n                data-hide=\"phone,tablet\"        class=\"phone,tablet wdtheader sort \"\n        style=\"\">        Forma de \u00eenv\u0103\u021b\u0103m\u00e2nt*<\/th>        <th\n                data-hide=\"phone,tablet\"        class=\"phone,tablet wdtheader sort \"\n        style=\"\">        Credite ECTS<\/th>        <th\n                        class=\" wdtheader sort \"\n        style=\"\">        Situa\u021bia ARACIS<\/th>        <th\n                        class=\" wdtheader sort \"\n        style=\"\">        Limba de studiu<\/th>    <\/tr>\n<\/thead>\n        <!-- \/Table header -->\n\n        <!-- Table body -->\n        \n<tbody>\n<!-- Table body -->\n<div data-id=\"1\"\n     class=\"wdt-timeline-item wdt-timeline-table_1\"\n     style=\"\">\n    <div class=\"wdt-table-loader\">\n        <div class=\"wdt-table-loader-row wdt-table-loader-header\">\n            <div class=\"wdt-table-loader-header-cell wdt-animated-background\"><\/div>\n            <div class=\"wdt-table-loader-header-cell wdt-animated-background\"><\/div>\n            <div class=\"wdt-table-loader-header-cell wdt-animated-background\"><\/div>\n        <\/div>\n                    <div class=\"wdt-table-loader-row\">\n                <div class=\"wdt-table-loader-cell wdt-animated-background\"><\/div>\n                <div class=\"wdt-table-loader-cell wdt-animated-background\"><\/div>\n                <div class=\"wdt-table-loader-cell wdt-animated-background\"><\/div>\n            <\/div>\n                    <div class=\"wdt-table-loader-row\">\n                <div class=\"wdt-table-loader-cell wdt-animated-background\"><\/div>\n                <div class=\"wdt-table-loader-cell wdt-animated-background\"><\/div>\n                <div class=\"wdt-table-loader-cell wdt-animated-background\"><\/div>\n            <\/div>\n                    <div class=\"wdt-table-loader-row\">\n                <div class=\"wdt-table-loader-cell wdt-animated-background\"><\/div>\n                <div class=\"wdt-table-loader-cell wdt-animated-background\"><\/div>\n                <div class=\"wdt-table-loader-cell wdt-animated-background\"><\/div>\n            <\/div>\n                    <div class=\"wdt-table-loader-row\">\n                <div class=\"wdt-table-loader-cell wdt-animated-background\"><\/div>\n                <div class=\"wdt-table-loader-cell wdt-animated-background\"><\/div>\n                <div class=\"wdt-table-loader-cell wdt-animated-background\"><\/div>\n            <\/div>\n                    <div class=\"wdt-table-loader-row\">\n                <div class=\"wdt-table-loader-cell wdt-animated-background\"><\/div>\n                <div class=\"wdt-table-loader-cell wdt-animated-background\"><\/div>\n                <div class=\"wdt-table-loader-cell wdt-animated-background\"><\/div>\n            <\/div>\n            <\/div>\n<\/div><!-- \/Table body -->\n                    <tr id=\"table_1_row_0\"\n            data-row-index=\"0\">\n                            <td style=\"\">1<\/td>\n                            <td style=\"\">Medicin\u0103 dentar\u0103<\/td>\n                            <td style=\"\"><a data-content='Medicin\u0103 dentar\u0103' href='https:\/\/umfst.ro\/facultatea-de-medicina-dentara\/oferta-educationala\/studii-de-licenta\/medicina-dentara\/' rel='' target='_self'>Medicin\u0103 dentar\u0103<\/a><\/td>\n                            <td style=\"\">6 ani<\/td>\n                            <td style=\"\">IF<\/td>\n                            <td style=\"\">360<\/td>\n                            <td style=\"\">Acreditat<\/td>\n                            <td style=\"\">Rom\u00e2n\u0103, Maghiar\u0103<\/td>\n                    <\/tr>\n                            <tr id=\"table_1_row_1\"\n            data-row-index=\"1\">\n                            <td style=\"\">2<\/td>\n                            <td style=\"\">Medicin\u0103 dentar\u0103<\/td>\n                            <td style=\"\"><a data-content='Medicin\u0103 dentar\u0103 \u2013 limba englez\u0103' href='https:\/\/umfst.ro\/facultatea-de-medicina-dentara\/oferta-educationala\/studii-de-licenta\/medicina-dentara-limba-engleza\/' rel='' target='_self'>Medicin\u0103 dentar\u0103 \u2013 limba englez\u0103<\/a><\/td>\n                            <td style=\"\">6 ani<\/td>\n                            <td style=\"\">IF<\/td>\n                            <td style=\"\">360<\/td>\n                            <td style=\"\">Autorizat<\/td>\n                            <td style=\"\">Englez\u0103<\/td>\n                    <\/tr>\n                            <tr id=\"table_1_row_2\"\n            data-row-index=\"2\">\n                            <td style=\"\">3<\/td>\n                            <td style=\"\">Medicin\u0103 dentar\u0103<\/td>\n                            <td style=\"\"><a data-content='Tehnic\u0103 dentar\u0103' href='https:\/\/umfst.ro\/facultatea-de-medicina-dentara\/oferta-educationala\/studii-de-licenta\/tehnica-dentara\/' rel='' target='_self'>Tehnic\u0103 dentar\u0103<\/a><\/td>\n                            <td style=\"\">3 ani<\/td>\n                            <td style=\"\">IF<\/td>\n                            <td style=\"\">180<\/td>\n                            <td style=\"\">Acreditat<\/td>\n                            <td style=\"\">Rom\u00e2n\u0103<\/td>\n                    <\/tr>\n                            <tr id=\"table_1_row_3\"\n            data-row-index=\"3\">\n                            <td style=\"\">4<\/td>\n                            <td style=\"\">Medicin\u0103 dentar\u0103<\/td>\n                            <td style=\"\"><a data-content='Tehnic\u0103 dentar\u0103 \u2013 extensia Bistri\u021ba' href='https:\/\/umfst.ro\/facultatea-de-medicina-dentara\/oferta-educationala\/studii-de-licenta\/tehnica-dentara-extensia-bistrita\/' rel='' target='_self'>Tehnic\u0103 dentar\u0103 \u2013 extensia Bistri\u021ba<\/a><\/td>\n                            <td style=\"\">3 ani<\/td>\n                            <td style=\"\">IF<\/td>\n                            <td style=\"\">180<\/td>\n                            <td style=\"\">Autorizat<\/td>\n                            <td style=\"\">Rom\u00e2n\u0103<\/td>\n                    <\/tr>\n            <\/tbody>        <!-- \/Table body -->\n\n        <!-- Table footer -->\n        \n        <!-- \/Table footer -->\n    <\/table>\n\n<\/div><style>\ntable.wpDataTable { table-layout: fixed !important; }\ntable.wpDataTable td, table.wpDataTable th { white-space: normal !important; }\ntable.wpDataTable td.numdata { text-align: right !important; }\n<\/style>\n<style>\n<\/style>\n<style>\n            \/* th background color *\/\n    .wpdt-c.wpDataTablesWrapper table.wpdtSimpleTable.bt[data-has-header='1'] td.wpdt-header-classes,\n    .wpdt-c.wpDataTablesWrapper table#wpdtSimpleTable-1 thead th,\n    .wpdt-c .wpDataTablesWrapper table.wpDataTable.wpDataTableID-1 > thead > tr > th,\n    .wpdt-c .wpDataTablesWrapper table.wpDataTable.wpDataTableID-1 thead th,\n    .wpdt-c .wpDataTablesWrapper table.wpDataTable.wpDataTableID-1 thead th.sorting {\n        background-color: #107595 !important;\n        background-image: none !important;\n    }\n\n                \/* th font color *\/\n    .wpdt-c.wpDataTablesWrapper table.wpdtSimpleTable.bt[data-has-header='1'] td.wpdt-header-classes,\n    .wpdt-c.wpDataTablesWrapper table#wpdtSimpleTable-1 thead th,\n    .wpdt-c .wpDataTablesWrapper table.wpDataTable.wpDataTableID-1 thead th {\n        color: #FFFFFF !important;\n    }\n\n    .wpdt-c .wpDataTablesWrapper table.wpDataTable.wpDataTableID-1 thead th.sorting:after,\n    .wpdt-c .wpDataTablesWrapper table.wpDataTable.wpDataTableID-1 thead th.sorting_asc:after {\n        border-bottom-color: #FFFFFF !important;\n    }\n\n    .wpdt-c .wpDataTablesWrapper table.wpDataTable.wpDataTableID-1 thead th.sorting_desc:after {\n        border-top-color: #FFFFFF !important;\n    }\n\n                \n                                        \n                    \n<\/style>\n<\/p><p>*<em>\u00cenv\u0103\u021b\u0103m\u00e2nt cu frecven\u021b\u0103<\/em><\/p>\t\t\t\t\t\t\t\t<\/div>\n\t\t\t\t<\/div>\n\t\t\t\t\t<\/div>\n\t\t<\/div>\n\t\t\t\t\t<\/div>\n\t\t<\/section>\n\t\t\t\t<\/div>\n\t\t","protected":false},"excerpt":{"rendered":"<p>Oferta educa\u021bional\u0103 *\u00cenv\u0103\u021b\u0103m\u00e2nt cu frecven\u021b\u0103<\/p>","protected":false},"author":4,"featured_media":0,"parent":171,"menu_order":0,"comment_status":"closed","ping_status":"closed","template":"","meta":{"_relevanssi_hide_post":"","_relevanssi_hide_content":"","_relevanssi_pin_for_all":"","_relevanssi_pin_keywords":"","_relevanssi_unpin_keywords":"","_relevanssi_related_keywords":"","_relevanssi_related_include_ids":"","_relevanssi_related_exclude_ids":"","_relevanssi_related_no_append":"","_relevanssi_related_not_related":"","_relevanssi_related_posts":"1","_relevanssi_noindex_reason":"","footnotes":""},"categories":[12,33],"tags":[],"class_list":["post-175","page","type-page","status-publish","hentry","category-pagina-delimitare","category-pagina-oferta-educationala"],"meta_box":[],"_links":{"self":[{"href":"https:\/\/umfst.ro\/facultatea-de-medicina-dentara\/hu\/wp-json\/wp\/v2\/pages\/175","targetHints":{"allow":["GET"]}}],"collection":[{"href":"https:\/\/umfst.ro\/facultatea-de-medicina-dentara\/hu\/wp-json\/wp\/v2\/pages"}],"about":[{"href":"https:\/\/umfst.ro\/facultatea-de-medicina-dentara\/hu\/wp-json\/wp\/v2\/types\/page"}],"author":[{"embeddable":true,"href":"https:\/\/umfst.ro\/facultatea-de-medicina-dentara\/hu\/wp-json\/wp\/v2\/users\/4"}],"replies":[{"embeddable":true,"href":"https:\/\/umfst.ro\/facultatea-de-medicina-dentara\/hu\/wp-json\/wp\/v2\/comments?post=175"}],"version-history":[{"count":55,"href":"https:\/\/umfst.ro\/facultatea-de-medicina-dentara\/hu\/wp-json\/wp\/v2\/pages\/175\/revisions"}],"predecessor-version":[{"id":3059,"href":"https:\/\/umfst.ro\/facultatea-de-medicina-dentara\/hu\/wp-json\/wp\/v2\/pages\/175\/revisions\/3059"}],"up":[{"embeddable":true,"href":"https:\/\/umfst.ro\/facultatea-de-medicina-dentara\/hu\/wp-json\/wp\/v2\/pages\/171"}],"wp:attachment":[{"href":"https:\/\/umfst.ro\/facultatea-de-medicina-dentara\/hu\/wp-json\/wp\/v2\/media?parent=175"}],"wp:term":[{"taxonomy":"category","embeddable":true,"href":"https:\/\/umfst.ro\/facultatea-de-medicina-dentara\/hu\/wp-json\/wp\/v2\/categories?post=175"},{"taxonomy":"post_tag","embeddable":true,"href":"https:\/\/umfst.ro\/facultatea-de-medicina-dentara\/hu\/wp-json\/wp\/v2\/tags?post=175"}],"curies":[{"name":"wp","href":"https:\/\/api.w.org\/{rel}","templated":true}]}}