{"id":210,"date":"2022-11-17T19:51:10","date_gmt":"2022-11-17T19:51:10","guid":{"rendered":"https:\/\/dev.umfst.ro\/facultatea-de-medicina-dentara\/?page_id=210"},"modified":"2026-01-21T11:56:27","modified_gmt":"2026-01-21T11:56:27","slug":"cercuri-stiintifice-studentesti","status":"publish","type":"page","link":"https:\/\/umfst.ro\/facultatea-de-medicina-dentara\/hu\/informatii-studenti\/informatii-specifice-facultatii\/cercuri-stiintifice-studentesti\/","title":{"rendered":"Cercuri \u015ftiin\u0163ifice studen\u0163e\u015fti"},"content":{"rendered":"<div data-elementor-type=\"wp-page\" data-elementor-id=\"210\" class=\"elementor elementor-210\" data-elementor-post-type=\"page\">\n\t\t\t\t\t\t<section class=\"elementor-section elementor-top-section elementor-element elementor-element-102d20e3 elementor-section-boxed elementor-section-height-default elementor-section-height-default\" data-id=\"102d20e3\" data-element_type=\"section\" data-e-type=\"section\">\n\t\t\t\t\t\t<div class=\"elementor-container elementor-column-gap-default\">\n\t\t\t\t\t<div class=\"elementor-column elementor-col-100 elementor-top-column elementor-element elementor-element-6842cca6\" data-id=\"6842cca6\" data-element_type=\"column\" data-e-type=\"column\">\n\t\t\t<div class=\"elementor-widget-wrap elementor-element-populated\">\n\t\t\t\t\t\t<div class=\"elementor-element elementor-element-1fddcdd0 elementor-widget elementor-widget-text-editor\" data-id=\"1fddcdd0\" data-element_type=\"widget\" data-e-type=\"widget\" data-widget_type=\"text-editor.default\">\n\t\t\t\t<div class=\"elementor-widget-container\">\n\t\t\t\t\t\t\t\t\t<div id=\"c6634\" class=\"frame frame-default frame-type-text frame-layout-0\"><p><a href=\"https:\/\/umfst.ro\/fileadmin\/f_medicina_dentara\/cercuri_studentesti\/Cercuri_Stiintifice_Studentesti_-_anul_universitar_2025-2026.pdf\">Cercuri \u0219tiin\u021bifice studen\u021be\u0219ti, anul universitar 2025-2026<\/a><\/p><p><a href=\"https:\/\/umfst.ro\/fileadmin\/f_medicina_dentara\/cercuri_studentesti\/Cercuri_Stiintifice_Studentesti_-_anul_universitar_2024-2025.pdf\">Cercuri \u0219tiin\u021bifice studen\u021be\u0219ti, anul universitar 2024-2025<\/a><\/p><p><a href=\"https:\/\/umfst.ro\/fileadmin\/f_medicina_dentara\/cercuri_studentesti\/2023-2024\/CSS_2023-2024.pdf\">Cercuri \u0219tiin\u021bifice studen\u021be\u0219ti, anul universitar 2023-2024<\/a><\/p><p><strong>\u00cen anul universitar 2023\/2024 studen\u0163ii Facult\u0103\u0163ii de Medicin\u0103 Dentar\u0103 pot participa la activit\u0103\u0163ile celor 7 cercuri \u015ftiin\u0163ifice studen\u0163e\u015fti:<\/strong><\/p><p><strong>Cercul \u015ftiin\u0163ific studen\u0163esc Morfomat<\/strong>\u00a0din cadrul Disciplinei de Morfologia din\u021bilor \u0219i arcadelor dentare; Tehnologia protezelor dentare \u0219i Materiale dentare<\/p><p><a href=\"https:\/\/umfst.ro\/fileadmin\/f_medicina_dentara\/cercuri_studentesti\/2023-2024\/5_Regulament_CSS_Morfomat_2023_2024.pdf\">Descarc\u0103 regulamentul<br \/><\/a><a href=\"https:\/\/umfst.ro\/fileadmin\/f_medicina_dentara\/cercuri_studentesti\/2023-2024\/5_Teme_de_cercetare-CSSMorfomat.pdf\">Descarc\u0103 tematica<\/a><\/p><p><strong>Cercul \u015ftiin\u0163ific studen\u0163esc Parodontologie\u00a0<\/strong>din cadrul Disciplinei de\u00a0Parodontologie,\u00a0Diagnostic Oro-Dentar<\/p><p><a href=\"https:\/\/umfst.ro\/fileadmin\/f_medicina_dentara\/cercuri_studentesti\/2023-2024\/3_Regulament_CSS_Parodontologie_2023-2024.pdf\">Descarc\u0103 regulamentul<br \/><\/a><a href=\"https:\/\/umfst.ro\/fileadmin\/f_medicina_dentara\/cercuri_studentesti\/2023-2024\/5_Teme_de_cercetare-CSSMorfomat.pdf\">Descarc\u0103 tematica<\/a><\/p><p><strong>Cercul \u015ftiin\u0163ific studen\u0163esc Endodon\u021bie\u00a0<\/strong>din cadrul Disciplinei de\u00a0Odontologie \u0219i Patologie oral\u0103<\/p><p><a href=\"https:\/\/umfst.ro\/fileadmin\/f_medicina_dentara\/cercuri_studentesti\/2023-2024\/2_Regulament_CSS_Edodontie.pdf\">Descarc\u0103 regulamentul<\/a><a href=\"https:\/\/www.umfst.ro\/fileadmin\/f_medicina_dentara\/cercuri_studentesti\/Regulament_CSS_Morfomat.doc\"><br \/><\/a><a href=\"https:\/\/umfst.ro\/fileadmin\/f_medicina_dentara\/cercuri_studentesti\/2023-2024\/2_Teme%20de%20cercetare_CS_Edodontie.pdf\">Descarc\u0103 tematica<\/a><\/p><p><strong>Cercul \u015ftiin\u0163ific studen\u0163esc Materiale dentare aplicate\u00a0<\/strong>din cadrul Disciplinei de Morfologia din\u021bilor \u0219i arcadelor dentare; Tehnologia protezelor dentare \u0219i Materiale dentare<\/p><p><a href=\"https:\/\/umfst.ro\/fileadmin\/f_medicina_dentara\/cercuri_studentesti\/2023-2024\/6_Regulament_CSS_MDA_2023.pdf\">Descarc\u0103 regulamentul<br \/><\/a><a href=\"https:\/\/umfst.ro\/fileadmin\/f_medicina_dentara\/cercuri_studentesti\/2023-2024\/6_Teme%20de%20cercetare_CSS-MDA_2023-2024.pdf\">Descarc\u0103 tematica<\/a><\/p><p><strong>Cercul \u015ftiin\u0163ific studen\u0163esc\u00a0Profilaxie Oral\u0103\u00a0<\/strong>din cadrul Disciplinei de Disciplinei de Medicin\u0103 Dentar\u0103 Preventiv\u0103 \u015fi Comunitar\u0103<\/p><p><a href=\"https:\/\/umfst.ro\/fileadmin\/f_medicina_dentara\/cercuri_studentesti\/2023-2024\/1_Regulament_CSS_Profilaxie_Orala.pdf\">Descarc\u0103 regulamentul<br \/><\/a><a href=\"https:\/\/umfst.ro\/fileadmin\/f_medicina_dentara\/cercuri_studentesti\/2023-2024\/1_Tematica_CSS_Profilaxie_Orala_2023-2024.pdf\">Descarc\u0103 tematica<\/a><\/p><p><strong>Cercul \u015ftiin\u0163ific studen\u0163esc\u00a0Protetic\u0103 Mobil\u0103\u00a0<\/strong>din cadrul Disciplinei de Disciplinei de Protetic\u0103 Dentar\u0103 Mobil\u0103 \u0219i Mobilizabil\u0103<\/p><p><a href=\"https:\/\/umfst.ro\/fileadmin\/f_medicina_dentara\/cercuri_studentesti\/2023-2024\/4_Regulament_CSS_ProtMob.pdf\">Descarc\u0103 regulamentul<br \/><\/a><a href=\"https:\/\/umfst.ro\/fileadmin\/f_medicina_dentara\/cercuri_studentesti\/2023-2024\/4_Teme_de_cercetare_CSS_ProtMob.pdf\">Descarc\u0103 tematica<\/a><\/p><p><strong>Cercul \u015ftiin\u0163ific studen\u0163esc\u00a0RehabOClub <\/strong>din cadrul Disciplinei de Disciplinei de Reabilitare oral\u0103 \u0219i Ocluzologie<\/p><p><a href=\"https:\/\/umfst.ro\/fileadmin\/f_medicina_dentara\/cercuri_studentesti\/2023-2024\/7_Regulament_CSS_RehabOClub.pdf\">Descarc\u0103 regulamentul<br \/><\/a><a href=\"https:\/\/umfst.ro\/fileadmin\/f_medicina_dentara\/cercuri_studentesti\/2023-2024\/7_Tematica_CSS_RehabOClub.pdf\">Descarc\u0103 tematica<\/a><\/p><\/div>\t\t\t\t\t\t\t\t<\/div>\n\t\t\t\t<\/div>\n\t\t\t\t\t<\/div>\n\t\t<\/div>\n\t\t\t\t\t<\/div>\n\t\t<\/section>\n\t\t\t\t<section class=\"elementor-section elementor-top-section elementor-element elementor-element-66d9cc7 elementor-hidden-widescreen elementor-hidden-desktop elementor-hidden-tablet elementor-hidden-mobile elementor-section-boxed elementor-section-height-default elementor-section-height-default\" data-id=\"66d9cc7\" data-element_type=\"section\" data-e-type=\"section\">\n\t\t\t\t\t\t<div class=\"elementor-container elementor-column-gap-default\">\n\t\t\t\t\t<div class=\"elementor-column elementor-col-100 elementor-top-column elementor-element elementor-element-3be360e\" data-id=\"3be360e\" data-element_type=\"column\" data-e-type=\"column\">\n\t\t\t<div class=\"elementor-widget-wrap elementor-element-populated\">\n\t\t\t\t\t\t<div class=\"elementor-element elementor-element-b282a1d elementor-widget elementor-widget-text-editor\" data-id=\"b282a1d\" data-element_type=\"widget\" data-e-type=\"widget\" data-widget_type=\"text-editor.default\">\n\t\t\t\t<div class=\"elementor-widget-container\">\n\t\t\t\t\t\t\t\t\t<div id=\"c6634\" class=\"frame frame-default frame-type-text frame-layout-0\"><p><a href=\"https:\/\/umfst.ro\/fileadmin\/f_medicina_dentara\/cercuri_studentesti\/2023-2024\/CSS_2023-2024.pdf\">Cercuri \u0219tiin\u021bifice studen\u021be\u0219ti, anul universitar 2023-2024<\/a><\/p><p><strong>\u00cen anul universitar 2023\/2024 studen\u0163ii Facult\u0103\u0163ii de Medicin\u0103 Dentar\u0103 pot participa la activit\u0103\u0163ile celor 7 cercuri \u015ftiin\u0163ifice studen\u0163e\u015fti:<\/strong><\/p><p><strong>Cercul \u015ftiin\u0163ific studen\u0163esc Morfomat<\/strong>\u00a0din cadrul Disciplinei de Morfologia din\u021bilor \u0219i arcadelor dentare; Tehnologia protezelor dentare \u0219i Materiale dentare<\/p><p><a href=\"https:\/\/umfst.ro\/fileadmin\/f_medicina_dentara\/cercuri_studentesti\/2023-2024\/5_Regulament_CSS_Morfomat_2023_2024.pdf\">Descarc\u0103 regulamentul<br \/><\/a><a href=\"https:\/\/umfst.ro\/fileadmin\/f_medicina_dentara\/cercuri_studentesti\/2023-2024\/5_Teme_de_cercetare-CSSMorfomat.pdf\">Descarc\u0103 tematica<\/a><\/p><p><strong>Cercul \u015ftiin\u0163ific studen\u0163esc Parodontologie\u00a0<\/strong>din cadrul Disciplinei de\u00a0Parodontologie,\u00a0Diagnostic Oro-Dentar<\/p><p><a href=\"https:\/\/umfst.ro\/fileadmin\/f_medicina_dentara\/cercuri_studentesti\/2023-2024\/3_Regulament_CSS_Parodontologie_2023-2024.pdf\">Descarc\u0103 regulamentul<br \/><\/a><a href=\"https:\/\/umfst.ro\/fileadmin\/f_medicina_dentara\/cercuri_studentesti\/2023-2024\/5_Teme_de_cercetare-CSSMorfomat.pdf\">Descarc\u0103 tematica<\/a><\/p><p><strong>Cercul \u015ftiin\u0163ific studen\u0163esc Endodon\u021bie\u00a0<\/strong>din cadrul Disciplinei de\u00a0Odontologie \u0219i Patologie oral\u0103<\/p><p><a href=\"https:\/\/umfst.ro\/fileadmin\/f_medicina_dentara\/cercuri_studentesti\/2023-2024\/2_Regulament_CSS_Edodontie.pdf\">Descarc\u0103 regulamentul<\/a><a href=\"https:\/\/www.umfst.ro\/fileadmin\/f_medicina_dentara\/cercuri_studentesti\/Regulament_CSS_Morfomat.doc\"><br \/><\/a><a href=\"https:\/\/umfst.ro\/fileadmin\/f_medicina_dentara\/cercuri_studentesti\/2023-2024\/2_Teme%20de%20cercetare_CS_Edodontie.pdf\">Descarc\u0103 tematica<\/a><\/p><p><strong>Cercul \u015ftiin\u0163ific studen\u0163esc Materiale dentare aplicate\u00a0<\/strong>din cadrul Disciplinei de Morfologia din\u021bilor \u0219i arcadelor dentare; Tehnologia protezelor dentare \u0219i Materiale dentare<\/p><p><a href=\"https:\/\/umfst.ro\/fileadmin\/f_medicina_dentara\/cercuri_studentesti\/2023-2024\/6_Regulament_CSS_MDA_2023.pdf\">Descarc\u0103 regulamentul<br \/><\/a><a href=\"https:\/\/umfst.ro\/fileadmin\/f_medicina_dentara\/cercuri_studentesti\/2023-2024\/6_Teme%20de%20cercetare_CSS-MDA_2023-2024.pdf\">Descarc\u0103 tematica<\/a><\/p><p><strong>Cercul \u015ftiin\u0163ific studen\u0163esc\u00a0Profilaxie Oral\u0103\u00a0<\/strong>din cadrul Disciplinei de Disciplinei de Medicin\u0103 Dentar\u0103 Preventiv\u0103 \u015fi Comunitar\u0103<\/p><p><a href=\"https:\/\/umfst.ro\/fileadmin\/f_medicina_dentara\/cercuri_studentesti\/2023-2024\/1_Regulament_CSS_Profilaxie_Orala.pdf\">Descarc\u0103 regulamentul<br \/><\/a><a href=\"https:\/\/umfst.ro\/fileadmin\/f_medicina_dentara\/cercuri_studentesti\/2023-2024\/1_Tematica_CSS_Profilaxie_Orala_2023-2024.pdf\">Descarc\u0103 tematica<\/a><\/p><p><strong>Cercul \u015ftiin\u0163ific studen\u0163esc\u00a0Protetic\u0103 Mobil\u0103\u00a0<\/strong>din cadrul Disciplinei de Disciplinei de Protetic\u0103 Dentar\u0103 Mobil\u0103 \u0219i Mobilizabil\u0103<\/p><p><a href=\"https:\/\/umfst.ro\/fileadmin\/f_medicina_dentara\/cercuri_studentesti\/2023-2024\/4_Regulament_CSS_ProtMob.pdf\">Descarc\u0103 regulamentul<br \/><\/a><a href=\"https:\/\/umfst.ro\/fileadmin\/f_medicina_dentara\/cercuri_studentesti\/2023-2024\/4_Teme_de_cercetare_CSS_ProtMob.pdf\">Descarc\u0103 tematica<\/a><\/p><p><strong>Cercul \u015ftiin\u0163ific studen\u0163esc\u00a0RehabOClub <\/strong>din cadrul Disciplinei de Disciplinei de Reabilitare oral\u0103 \u0219i Ocluzologie<\/p><p><a href=\"https:\/\/umfst.ro\/fileadmin\/f_medicina_dentara\/cercuri_studentesti\/2023-2024\/7_Regulament_CSS_RehabOClub.pdf\">Descarc\u0103 regulamentul<br \/><\/a><a href=\"https:\/\/umfst.ro\/fileadmin\/f_medicina_dentara\/cercuri_studentesti\/2023-2024\/7_Tematica_CSS_RehabOClub.pdf\">Descarc\u0103 tematica<\/a><\/p><h2>\u00a0<\/h2><p><a href=\"https:\/\/www.umfst.ro\/fileadmin\/f_medicina_dentara\/cercuri_studentesti\/2023\/Cercuri_Stiintifice_Studentesti_-_anul_universitar_2022-2023.pdf\">Cercuri \u0219tiin\u021bifice studen\u021be\u0219ti, anul universitar 2022-2023<\/a><\/p><p>1.\u00a0<a href=\"https:\/\/www.umfst.ro\/fileadmin\/f_medicina_dentara\/cercuri_studentesti\/2023\/Regulamentul_Cercului_Stiintific_Studentesc_MORFOMAT.pdf\">Regulamentul cercului \u0219tiin\u021bific studen\u021besc MORFOMAT<\/a><br \/>2.\u00a0<a href=\"https:\/\/www.umfst.ro\/fileadmin\/f_medicina_dentara\/cercuri_studentesti\/2023\/Regulamentul_Cercului_Stiintific_Studentesc_de_ENDODONTIE.pdf\">Regulamentul cercului \u0219tiin\u021bific studen\u021besc de ENDODON\u021aIE<\/a><br \/>3.\u00a0<a href=\"https:\/\/www.umfst.ro\/fileadmin\/f_medicina_dentara\/cercuri_studentesti\/2023\/Regulamentul_Cercului_Stiintific_Studentesc_de_PARODONTOLOGIE.pdf\">Regulamentul cercului \u0219tiin\u021bific studen\u021besc de PARODONTOLOGIE<\/a><br \/>4.\u00a0<a href=\"https:\/\/www.umfst.ro\/fileadmin\/f_medicina_dentara\/cercuri_studentesti\/2023\/Regulamentul_Cercului_Stiintific_Studentesc_de_MATERIALE_DENTARE_APLICATE.pdf\">Regulamentul cercului \u0219tiin\u021bific studen\u021besc MATERIALE DENTARE APLICATE<\/a><br \/>5.\u00a0<a href=\"https:\/\/www.umfst.ro\/fileadmin\/f_medicina_dentara\/cercuri_studentesti\/2023\/Regulamentul_Cercului_Stiintific_Studentesc_de_PROTETICA_MOBILA.pdf\">Regulamentul cercului \u0219tiin\u021bific studen\u021besc de PROTETIC\u0102 MOBIL\u0102<\/a><br \/>6.\u00a0<a href=\"https:\/\/www.umfst.ro\/fileadmin\/f_medicina_dentara\/cercuri_studentesti\/2023\/Regulamentul_Cercului_Stiintific_Studentesc_de_PROFILAXIE_ORALA.pdf\">Regulamentul Cercului \u0219tiin\u021bific studen\u021besc de PROFILAXIE ORAL\u0102<\/a><\/p><p><a href=\"https:\/\/www.umfst.ro\/fileadmin\/f_medicina_dentara\/cercuri_studentesti\/Cercuri_Stiintifice_Studentesti_-_anul_universitar_2021-2022.pdf\">Cercuri \u0219tiin\u021bifice studen\u021be\u0219ti, anul universitar 2021-2022<\/a><\/p><p><a class=\"download\" href=\"https:\/\/www.umfst.ro\/fileadmin\/f_medicina_dentara\/cercuri_studentesti\/Cercuri_Stiintifice_Studentesti_-_anul_universitar_2020-2021.pdf\">Cercuri \u0219tiin\u021bifice studen\u021be\u0219ti, anul universitar 2020-2021<\/a><\/p><p><a class=\"download\" href=\"https:\/\/www.umfst.ro\/fileadmin\/f_medicina_dentara\/cercuri_studentesti\/Cercuri_Stiintifice_Studentesti_-_anul_universitar_2019-2020.pdf\">Cercuri \u0219tiin\u021bifice studen\u021be\u0219ti, anul universitar 2019-2020<\/a><\/p><p><a class=\"download\" href=\"https:\/\/www.umfst.ro\/fileadmin\/f_medicina_dentara\/cercuri_studentesti\/2018\/tabel_2018.pdf\">Cercuri \u0219tiin\u021bifice studen\u021be\u0219ti, anul universitar 2018-2019<\/a><\/p><p><a class=\"download\" href=\"https:\/\/www.umfst.ro\/fileadmin\/f_medicina_dentara\/cercuri_studentesti\/Cercuri_Stiintifice_Studentesti_2017-2018.PDF\">Cercuri \u0219tiin\u021bifice studen\u021be\u0219ti, anul universitar 2017-2018<\/a><\/p><\/div><div id=\"c4763\" class=\"frame frame-default frame-type-text frame-layout-0\"><div dir=\"ltr\"><p>\u00cen anul universitar 2015\/2016 studen\u0163ii Facult\u0103\u0163ii de Medicin\u0103 Dentar\u0103 pot participa la activit\u0103\u0163ile celor 4 cercuri \u015ftiin\u0163ifice studen\u0163e\u015fti:<\/p><\/div><div dir=\"ltr\">\u00a0<\/div><div dir=\"ltr\"><p><b>1.Cercul \u015ftiin\u0163ific studen\u0163esc Morfomat<\/b>\u00a0din cadrul Disciplinei de Morfologia din\u021bilor \u0219i arcadelor dentare; Tehnologia protezelor dentare \u0219i Materiale dentare<\/p><\/div><div dir=\"ltr\"><p><a class=\"download\" href=\"https:\/\/www.umfst.ro\/fileadmin\/f_medicina_dentara\/cercuri_studentesti\/Regulament_CSS_Morfomat.doc\">Descarc\u0103 regulamentul<\/a><\/p><\/div><div dir=\"ltr\"><p><a class=\"download\" href=\"https:\/\/www.umfst.ro\/fileadmin\/f_medicina_dentara\/cercuri_studentesti\/Tematica_CSS_Morfomat.doc\">Descarc\u0103 tematica<\/a><\/p><\/div><div dir=\"ltr\">\u00a0<\/div><div dir=\"ltr\"><p><b>2. Cercul \u015ftiin\u0163ific de profilaxie<\/b>\u00a0din cadrul Disciplinei de Medicin\u0103 Dentar\u0103 Preventiv\u0103 \u015fi Comunitar\u0103<\/p><\/div><div dir=\"ltr\"><p><a class=\"download\" href=\"https:\/\/www.umfst.ro\/fileadmin\/f_medicina_dentara\/cercuri_studentesti\/Regulament_CSS_Profilaxie.doc\">Descarc\u0103 regulamentul<\/a><\/p><\/div><div dir=\"ltr\"><p><a class=\"download\" href=\"https:\/\/www.umfst.ro\/fileadmin\/f_medicina_dentara\/cercuri_studentesti\/Tematica_CSS_Profilaxie.doc\">Descarc\u0103 tematica<\/a><\/p><\/div><div dir=\"ltr\">\u00a0<\/div><div dir=\"ltr\"><p><b>3. Cercul \u015ftiin\u0163ific studen\u0163esc de parodontologie<\/b>\u00a0din cadrul Disciplinei de Parodontologie \u0219i Diagnostic Oro-Dentar<\/p><\/div><div dir=\"ltr\"><p><a class=\"download\" href=\"https:\/\/www.umfst.ro\/fileadmin\/f_medicina_dentara\/cercuri_studentesti\/Regulament_CSS_Parodontologie.doc\">Descarc\u0103 regulamentul<\/a><\/p><\/div><div dir=\"ltr\"><p><a class=\"download\" href=\"https:\/\/www.umfst.ro\/fileadmin\/f_medicina_dentara\/cercuri_studentesti\/Tematica_CSS_Parodontologie.doc\">Descarc\u0103 tematica<\/a><\/p><\/div><div dir=\"ltr\">\u00a0<\/div><div dir=\"ltr\"><p><b>4. Cercul \u015ftiin\u0163ific studen\u0163esc Ortped<\/b>\u00a0din cadrul DIsciplinelor de Ortodon\u0163ie \u015fi Ortopedie<\/p><\/div><div dir=\"ltr\"><p><a class=\"download\" href=\"https:\/\/www.umfst.ro\/fileadmin\/f_medicina_dentara\/cercuri_studentesti\/Regulament_CSS_ORTPED.doc\">Descarc\u0103 regulamentul<\/a><\/p><\/div><div dir=\"ltr\"><p><a class=\"download\" href=\"https:\/\/www.umfst.ro\/fileadmin\/f_medicina_dentara\/cercuri_studentesti\/Tematica_CSS_Ortped.doc\">Descarc\u0103 tematica<\/a><\/p><\/div><\/div>\t\t\t\t\t\t\t\t<\/div>\n\t\t\t\t<\/div>\n\t\t\t\t\t<\/div>\n\t\t<\/div>\n\t\t\t\t\t<\/div>\n\t\t<\/section>\n\t\t\t\t<\/div>","protected":false},"excerpt":{"rendered":"<p>Cercuri \u0219tiin\u021bifice studen\u021be\u0219ti, anul universitar 2025-2026 Cercuri \u0219tiin\u021bifice studen\u021be\u0219ti, anul universitar 2024-2025 Cercuri \u0219tiin\u021bifice studen\u021be\u0219ti, anul universitar 2023-2024 \u00cen anul universitar 2023\/2024 studen\u0163ii Facult\u0103\u0163ii de Medicin\u0103 Dentar\u0103 pot participa la activit\u0103\u0163ile celor 7 cercuri \u015ftiin\u0163ifice studen\u0163e\u015fti: Cercul \u015ftiin\u0163ific studen\u0163esc Morfomat\u00a0din cadrul Disciplinei de Morfologia din\u021bilor \u0219i arcadelor dentare; Tehnologia protezelor dentare \u0219i Materiale dentare Descarc\u0103 [&hellip;]<\/p>\n","protected":false},"author":4,"featured_media":0,"parent":195,"menu_order":0,"comment_status":"closed","ping_status":"closed","template":"","meta":{"_relevanssi_hide_post":"","_relevanssi_hide_content":"","_relevanssi_pin_for_all":"","_relevanssi_pin_keywords":"","_relevanssi_unpin_keywords":"","_relevanssi_related_keywords":"","_relevanssi_related_include_ids":"","_relevanssi_related_exclude_ids":"","_relevanssi_related_no_append":"","_relevanssi_related_not_related":"","_relevanssi_related_posts":"1","_relevanssi_noindex_reason":"","footnotes":""},"categories":[13,34],"tags":[],"class_list":["post-210","page","type-page","status-publish","hentry","category-pagina-cu-sidebar","category-pagina-studenti"],"meta_box":[],"_links":{"self":[{"href":"https:\/\/umfst.ro\/facultatea-de-medicina-dentara\/hu\/wp-json\/wp\/v2\/pages\/210","targetHints":{"allow":["GET"]}}],"collection":[{"href":"https:\/\/umfst.ro\/facultatea-de-medicina-dentara\/hu\/wp-json\/wp\/v2\/pages"}],"about":[{"href":"https:\/\/umfst.ro\/facultatea-de-medicina-dentara\/hu\/wp-json\/wp\/v2\/types\/page"}],"author":[{"embeddable":true,"href":"https:\/\/umfst.ro\/facultatea-de-medicina-dentara\/hu\/wp-json\/wp\/v2\/users\/4"}],"replies":[{"embeddable":true,"href":"https:\/\/umfst.ro\/facultatea-de-medicina-dentara\/hu\/wp-json\/wp\/v2\/comments?post=210"}],"version-history":[{"count":21,"href":"https:\/\/umfst.ro\/facultatea-de-medicina-dentara\/hu\/wp-json\/wp\/v2\/pages\/210\/revisions"}],"predecessor-version":[{"id":3564,"href":"https:\/\/umfst.ro\/facultatea-de-medicina-dentara\/hu\/wp-json\/wp\/v2\/pages\/210\/revisions\/3564"}],"up":[{"embeddable":true,"href":"https:\/\/umfst.ro\/facultatea-de-medicina-dentara\/hu\/wp-json\/wp\/v2\/pages\/195"}],"wp:attachment":[{"href":"https:\/\/umfst.ro\/facultatea-de-medicina-dentara\/hu\/wp-json\/wp\/v2\/media?parent=210"}],"wp:term":[{"taxonomy":"category","embeddable":true,"href":"https:\/\/umfst.ro\/facultatea-de-medicina-dentara\/hu\/wp-json\/wp\/v2\/categories?post=210"},{"taxonomy":"post_tag","embeddable":true,"href":"https:\/\/umfst.ro\/facultatea-de-medicina-dentara\/hu\/wp-json\/wp\/v2\/tags?post=210"}],"curies":[{"name":"wp","href":"https:\/\/api.w.org\/{rel}","templated":true}]}}