{"id":36,"date":"2022-11-17T17:09:28","date_gmt":"2022-11-17T17:09:28","guid":{"rendered":"https:\/\/dev.umfst.ro\/facultatea-de-medicina-dentara\/?page_id=36"},"modified":"2024-01-08T14:06:03","modified_gmt":"2024-01-08T14:06:03","slug":"centrul-integrat-de-medicina-dentara","status":"publish","type":"page","link":"https:\/\/umfst.ro\/facultatea-de-medicina-dentara\/hu\/prezentare\/centrul-integrat-de-medicina-dentara\/","title":{"rendered":"Centrul Integrat de Medicin\u0103 Dentar\u0103"},"content":{"rendered":"<div data-elementor-type=\"wp-page\" data-elementor-id=\"36\" class=\"elementor elementor-36\" data-elementor-post-type=\"page\">\n\t\t\t\t\t\t<section class=\"elementor-section elementor-top-section elementor-element elementor-element-9f0e9c5 elementor-section-boxed elementor-section-height-default elementor-section-height-default\" data-id=\"9f0e9c5\" data-element_type=\"section\" data-e-type=\"section\">\n\t\t\t\t\t\t<div class=\"elementor-container elementor-column-gap-default\">\n\t\t\t\t\t<div class=\"elementor-column elementor-col-100 elementor-top-column elementor-element elementor-element-d76c261\" data-id=\"d76c261\" data-element_type=\"column\" data-e-type=\"column\">\n\t\t\t<div class=\"elementor-widget-wrap elementor-element-populated\">\n\t\t\t\t\t\t<div class=\"elementor-element elementor-element-cbac931 dce_masking-none elementor-widget elementor-widget-image\" data-id=\"cbac931\" data-element_type=\"widget\" data-e-type=\"widget\" data-widget_type=\"image.default\">\n\t\t\t\t<div class=\"elementor-widget-container\">\n\t\t\t\t\t\t\t\t\t\t\t\t\t\t\t<img fetchpriority=\"high\" decoding=\"async\" width=\"1024\" height=\"609\" src=\"https:\/\/umfst.ro\/facultatea-de-medicina-dentara\/wp-content\/uploads\/sites\/5\/2023\/12\/cim1.jpg\" class=\"attachment-full size-full wp-image-2767\" alt=\"\" srcset=\"https:\/\/umfst.ro\/facultatea-de-medicina-dentara\/wp-content\/uploads\/sites\/5\/2023\/12\/cim1.jpg 1024w, https:\/\/umfst.ro\/facultatea-de-medicina-dentara\/wp-content\/uploads\/sites\/5\/2023\/12\/cim1-300x178.jpg 300w, https:\/\/umfst.ro\/facultatea-de-medicina-dentara\/wp-content\/uploads\/sites\/5\/2023\/12\/cim1-768x457.jpg 768w, https:\/\/umfst.ro\/facultatea-de-medicina-dentara\/wp-content\/uploads\/sites\/5\/2023\/12\/cim1-18x12.jpg 18w\" sizes=\"(max-width: 1024px) 100vw, 1024px\" \/>\t\t\t\t\t\t\t\t\t\t\t\t\t\t\t<\/div>\n\t\t\t\t<\/div>\n\t\t\t\t\t<\/div>\n\t\t<\/div>\n\t\t\t\t\t<\/div>\n\t\t<\/section>\n\t\t\t\t<section class=\"elementor-section elementor-top-section elementor-element elementor-element-5ac79865 elementor-section-boxed elementor-section-height-default elementor-section-height-default\" data-id=\"5ac79865\" data-element_type=\"section\" data-e-type=\"section\">\n\t\t\t\t\t\t<div class=\"elementor-container elementor-column-gap-default\">\n\t\t\t\t\t<div class=\"elementor-column elementor-col-100 elementor-top-column elementor-element elementor-element-5258acf3\" data-id=\"5258acf3\" data-element_type=\"column\" data-e-type=\"column\">\n\t\t\t<div class=\"elementor-widget-wrap elementor-element-populated\">\n\t\t\t\t\t\t<div class=\"elementor-element elementor-element-4ddeedfa elementor-widget elementor-widget-text-editor\" data-id=\"4ddeedfa\" data-element_type=\"widget\" data-e-type=\"widget\" data-widget_type=\"text-editor.default\">\n\t\t\t\t<div class=\"elementor-widget-container\">\n\t\t\t\t\t\t\t\t\t<p><\/p>\n<p><\/p>\n<p><\/p>\n<p>Facultatea de Medicin\u0103 Dentar\u0103 din T\u00e2rgu Mure\u0219 garanteaz\u0103 un proces educa\u0163ional dinamic \u015fi cu activit\u0103\u0163i complexe \u00een cea mai modern\u0103 baz\u0103 de \u00eenv\u0103\u0163\u0103m\u00e2nt stomatologic din Rom\u00e2nia, asigur\u0103 absolven\u021bilor dob\u00e2ndirea dreptului de liber\u0103 practic\u0103 dup\u0103 examenul de licen\u0163\u0103, recunoa\u015fterea studiilor \u00een Uniunea European\u0103, practicarea unei profesii nobile, cu rezultate fascinante \u015fi imediate.<\/p>\n<p><\/p>\n<p><\/p>\n<p class=\" translation-block\">Activit\u0103\u0163ile didactice aferente primilor ani de studiu \u015fi activit\u0103\u0163ile clinice aferente disciplinelor din domeniul medical, se desf\u0103\u015foar\u0103 \u00een spa\u0163iile \u015fi laboratoarele didactice ale Universit\u0103\u0163ii, precum \u015fi \u00een unit\u0103\u0163ile sanitare publice. Disciplinele de specialitate stomatologic\u0103, care au ponderea a 2\/3 din totalul materiilor pe care studentul de la Medicin\u0103 Dentar\u0103 le parcurge \u00een \u00eentreg ciclul de licen\u0163\u0103, se desf\u0103\u015foar\u0103 \u00een&nbsp;<strong>Centrul Integrat de Medicin\u0103 Dentar\u0103<\/strong>&nbsp;(CIMD) \u015fi \u00een Clinica de Chirurgie Oro-Maxilo-Facial\u0103.<\/p>\n<p><\/p>\n<p><\/p>\n<p>Sub \u00eendrumarea cadrelor didactice ale facult\u0103\u0163ii, \u00een cadrul activit\u0103\u0163ilor clinice componente ale procesului educa\u0163ional \u015fi \u00een corela\u0163ie cu caracterul antreprenorial al profesiei de medic stomatolog, studen\u0163ii efectueaz\u0103 \u00eencep\u00e2nd cu anul IV de studii o gam\u0103 larg\u0103 de servicii medicale de specialitate.<\/p>\n<p><\/p>\n<p><\/p>\n<p>\u00cen CIMD se reg\u0103sesc amfiteatre modulare, s\u0103li de seminar, compartimentul Triaj al pacien\u0163ilor, un compartiment de radiologie, laboratorul de tehnic\u0103 dentar\u0103, sala de simulare. Zona destinat\u0103 exclusiv activit\u0103\u0163ii clinice a studen\u0163ilor \u015fi medicilor reziden\u0163i, dotat\u0103 cu 84 de unituri dentare, cuprinde 4 clinici organizate pe specialit\u0103\u021bi stomatologice.<\/p>\n<p><\/p>\n<p><\/p>\n<p>Beneficiem de aparatur\u0103 \u015fi tehnologie de ultim\u0103 genera\u0163ie \u00een domeniul radiologiei dentare, asigurand pacien\u0163ilor servicii imagistice complexe: tomografii computerizate 3D (CBCT), fotografii 3D ale fe\u0163ei, radiografii 2D panoramice \u015fi de sinusuri maxilare, radiografii retroalveolare, oferte speciale sub form\u0103 de pachete ortodontice. Tomograful computerizat 3D CBCT (Cone Beam Computer Tomography) de la Planmeca, ProMax 3D, ofer\u0103 acurate\u0163e maxim\u0103 \u00een diagnosticarea afec\u0163iunilor din sfera maxilo-facial\u0103 prin imagistica 3D, fotografii 3D, panoramare \u00een 2D \u015fi cefalometrii, toate \u00eentr-un singur echipament, indispensabil \u00een implantologie, ortodon\u0163ie, chirurgie maxilo-facial\u0103, endodon\u0163ie, parodontologie, investigarea articula\u0163iei temporo-mandibulare. Rezultatele CBCT sunt stocate \u00een computer \u015fi se transmit \u00een format electronic&nbsp; sau\/\u0219i pe film c\u0103tre medicul sau studentul care trateaz\u0103 pacientul. De aceste servicii pot beneficia at\u00e2t pacien\u0163ii trata\u0163i de c\u0103tre studen\u0163i, medici reziden\u0163i sau cadre didactice care \u00ee\u015fi desf\u0103\u015foar\u0103 activitatea clinic\u0103 \u00een cadrul Facult\u0103\u0163ii de Medicin\u0103 Dentar\u0103, c\u00e2t \u015fi pacien\u0163ii care urmeaz\u0103 tratamente de specialitate \u00een cabinetele sau clinicile private din ora\u0219 \u0219i \u00eemprejurimi.<\/p>\n<p><\/p>\n<p><\/p>\n<p>Informa\u0163ii suplimentare privind tratamentele stomatologice, serviciile imagistice, programul compartimentului de radiologie \u015fi tarifele se pot ob\u0163ine de la recep\u0163ia Facult\u0103\u0163ii de Medicin\u0103 Dentar\u0103, telefon +40-265-215.551 int. 301.<\/p>\n<p><\/p>\t\t\t\t\t\t\t\t<\/div>\n\t\t\t\t<\/div>\n\t\t\t\t\t<\/div>\n\t\t<\/div>\n\t\t\t\t\t<\/div>\n\t\t<\/section>\n\t\t\t\t<section class=\"elementor-section elementor-top-section elementor-element elementor-element-352325f elementor-section-boxed elementor-section-height-default elementor-section-height-default\" data-id=\"352325f\" data-element_type=\"section\" data-e-type=\"section\">\n\t\t\t\t\t\t<div class=\"elementor-container elementor-column-gap-default\">\n\t\t\t\t\t<div class=\"elementor-column elementor-col-100 elementor-top-column elementor-element elementor-element-1408c0f\" data-id=\"1408c0f\" data-element_type=\"column\" data-e-type=\"column\">\n\t\t\t<div class=\"elementor-widget-wrap elementor-element-populated\">\n\t\t\t\t\t\t<div class=\"elementor-element elementor-element-5372ce0 elementor-skin-slideshow elementor-arrows-yes elementor-widget elementor-widget-media-carousel\" data-id=\"5372ce0\" data-element_type=\"widget\" data-e-type=\"widget\" data-settings=\"{&quot;skin&quot;:&quot;slideshow&quot;,&quot;effect&quot;:&quot;slide&quot;,&quot;show_arrows&quot;:&quot;yes&quot;,&quot;speed&quot;:500,&quot;autoplay&quot;:&quot;yes&quot;,&quot;autoplay_speed&quot;:5000,&quot;loop&quot;:&quot;yes&quot;,&quot;pause_on_hover&quot;:&quot;yes&quot;,&quot;pause_on_interaction&quot;:&quot;yes&quot;,&quot;space_between&quot;:{&quot;unit&quot;:&quot;px&quot;,&quot;size&quot;:10,&quot;sizes&quot;:[]},&quot;space_between_widescreen&quot;:{&quot;unit&quot;:&quot;px&quot;,&quot;size&quot;:10,&quot;sizes&quot;:[]},&quot;space_between_tablet&quot;:{&quot;unit&quot;:&quot;px&quot;,&quot;size&quot;:10,&quot;sizes&quot;:[]},&quot;space_between_mobile&quot;:{&quot;unit&quot;:&quot;px&quot;,&quot;size&quot;:10,&quot;sizes&quot;:[]}}\" data-widget_type=\"media-carousel.default\">\n\t\t\t\t<div class=\"elementor-widget-container\">\n\t\t\t\t\t\t\t\t\t<div class=\"elementor-swiper\">\n\t\t\t\t\t<div class=\"elementor-main-swiper swiper\" role=\"region\" aria-roledescription=\"carousel\" aria-label=\"Di\u00e1k\">\n\t\t\t\t<div class=\"swiper-wrapper\">\n\t\t\t\t\t\t\t\t\t\t\t<div class=\"swiper-slide\" role=\"group\" aria-roledescription=\"slide\">\n\t\t\t\t\t\t\t\t\t<div class=\"elementor-carousel-image\" role=\"img\" aria-label=\"cmid5\" style=\"background-image: url(&#039;https:\/\/www.umfst.ro\/fileadmin\/templates\/galeriiFoto\/cimd\/5.jpg&#039;)\">\n\n\t\t\t\n\t\t\t\t\t<\/div>\n\t\t\t\t\t\t\t\t<\/div>\n\t\t\t\t\t\t\t\t\t\t\t<div class=\"swiper-slide\" role=\"group\" aria-roledescription=\"slide\">\n\t\t\t\t\t\t\t\t\t<div class=\"elementor-carousel-image\" role=\"img\" aria-label=\"cmid6\" style=\"background-image: url(&#039;https:\/\/www.umfst.ro\/fileadmin\/templates\/galeriiFoto\/cimd\/6.jpg&#039;)\">\n\n\t\t\t\n\t\t\t\t\t<\/div>\n\t\t\t\t\t\t\t\t<\/div>\n\t\t\t\t\t\t\t\t\t\t\t<div class=\"swiper-slide\" role=\"group\" aria-roledescription=\"slide\">\n\t\t\t\t\t\t\t\t\t<div class=\"elementor-carousel-image\" role=\"img\" aria-label=\"cmid8\" style=\"background-image: url(&#039;https:\/\/www.umfst.ro\/fileadmin\/templates\/galeriiFoto\/cimd\/IMG_8729.jpg&#039;)\">\n\n\t\t\t\n\t\t\t\t\t<\/div>\n\t\t\t\t\t\t\t\t<\/div>\n\t\t\t\t\t\t\t\t\t\t\t<div class=\"swiper-slide\" role=\"group\" aria-roledescription=\"slide\">\n\t\t\t\t\t\t\t\t\t<div class=\"elementor-carousel-image\" role=\"img\" aria-label=\"cmid1\" style=\"background-image: url(&#039;https:\/\/www.umfst.ro\/fileadmin\/templates\/galeriiFoto\/cimd\/1.jpg&#039;)\">\n\n\t\t\t\n\t\t\t\t\t<\/div>\n\t\t\t\t\t\t\t\t<\/div>\n\t\t\t\t\t\t\t\t\t\t\t<div class=\"swiper-slide\" role=\"group\" aria-roledescription=\"slide\">\n\t\t\t\t\t\t\t\t\t<div class=\"elementor-carousel-image\" role=\"img\" aria-label=\"cmid3\" style=\"background-image: url(&#039;https:\/\/www.umfst.ro\/fileadmin\/_processed_\/c\/9\/csm_IMG_8770_ab2c0980ee.jpg&#039;)\">\n\n\t\t\t\n\t\t\t\t\t<\/div>\n\t\t\t\t\t\t\t\t<\/div>\n\t\t\t\t\t\t\t\t\t\t\t<div class=\"swiper-slide\" role=\"group\" aria-roledescription=\"slide\">\n\t\t\t\t\t\t\t\t\t<div class=\"elementor-carousel-image\" role=\"img\" aria-label=\"cmid6\" style=\"background-image: url(&#039;https:\/\/www.umfst.ro\/fileadmin\/_processed_\/b\/2\/csm_IMG_8771_e90c605547.jpg&#039;)\">\n\n\t\t\t\n\t\t\t\t\t<\/div>\n\t\t\t\t\t\t\t\t<\/div>\n\t\t\t\t\t\t\t\t\t\t\t<div class=\"swiper-slide\" role=\"group\" aria-roledescription=\"slide\">\n\t\t\t\t\t\t\t\t\t<div class=\"elementor-carousel-image\" role=\"img\" aria-label=\"\" style=\"background-image: url(&#039;https:\/\/www.umfst.ro\/fileadmin\/_processed_\/4\/8\/csm_IMG_8772_c430b6e5ca.jpg&#039;)\">\n\n\t\t\t\n\t\t\t\t\t<\/div>\n\t\t\t\t\t\t\t\t<\/div>\n\t\t\t\t\t\t\t\t\t\t\t<div class=\"swiper-slide\" role=\"group\" aria-roledescription=\"slide\">\n\t\t\t\t\t\t\t\t\t<div class=\"elementor-carousel-image\" role=\"img\" aria-label=\"\" style=\"background-image: url(&#039;https:\/\/www.umfst.ro\/fileadmin\/templates\/galeriiFoto\/cimd\/IMG_8775.jpg&#039;)\">\n\n\t\t\t\n\t\t\t\t\t<\/div>\n\t\t\t\t\t\t\t\t<\/div>\n\t\t\t\t\t\t\t\t\t\t\t<div class=\"swiper-slide\" role=\"group\" aria-roledescription=\"slide\">\n\t\t\t\t\t\t\t\t\t<div class=\"elementor-carousel-image\" role=\"img\" aria-label=\"\" style=\"background-image: url(&#039;https:\/\/www.umfst.ro\/fileadmin\/_processed_\/5\/9\/csm_4_08719f90a9.jpg&#039;)\">\n\n\t\t\t\n\t\t\t\t\t<\/div>\n\t\t\t\t\t\t\t\t<\/div>\n\t\t\t\t\t\t\t\t\t\t\t<div class=\"swiper-slide\" role=\"group\" aria-roledescription=\"slide\">\n\t\t\t\t\t\t\t\t\t<div class=\"elementor-carousel-image\" role=\"img\" aria-label=\"\" style=\"background-image: url(&#039;https:\/\/www.umfst.ro\/fileadmin\/_processed_\/6\/f\/csm_3_af14f4cbf5.jpg&#039;)\">\n\n\t\t\t\n\t\t\t\t\t<\/div>\n\t\t\t\t\t\t\t\t<\/div>\n\t\t\t\t\t\t\t\t\t\t\t<div class=\"swiper-slide\" role=\"group\" aria-roledescription=\"slide\">\n\t\t\t\t\t\t\t\t\t<div class=\"elementor-carousel-image\" role=\"img\" aria-label=\"\" style=\"background-image: url(&#039;https:\/\/www.umfst.ro\/fileadmin\/_processed_\/d\/7\/csm_7_6cc398bacc.jpg&#039;)\">\n\n\t\t\t\n\t\t\t\t\t<\/div>\n\t\t\t\t\t\t\t\t<\/div>\n\t\t\t\t\t\t\t\t\t<\/div>\n\t\t\t\t\t\t\t\t\t\t\t\t\t\t\t<div class=\"elementor-swiper-button elementor-swiper-button-prev\" role=\"button\" tabindex=\"0\" aria-label=\"El\u0151z\u0151\">\n\t\t\t\t\t\t\t<i aria-hidden=\"true\" class=\"eicon-chevron-left\"><\/i>\t\t\t\t\t\t<\/div>\n\t\t\t\t\t\t<div class=\"elementor-swiper-button elementor-swiper-button-next\" role=\"button\" tabindex=\"0\" aria-label=\"K\u00f6vetkez\u0151\">\n\t\t\t\t\t\t\t<i aria-hidden=\"true\" class=\"eicon-chevron-right\"><\/i>\t\t\t\t\t\t<\/div>\n\t\t\t\t\t\t\t\t\t\t\t\t\t\t\t\t\t<\/div>\n\t\t\t\t<\/div>\n\t\t\t\t\t\t\t\t<div class=\"elementor-swiper\">\n\t\t\t\t\t<div class=\"elementor-main-swiper swiper elementor-thumbnails-swiper swiper\" role=\"region region\" aria-roledescription=\"carousel carousel\" aria-label=\"Di\u00e1k Di\u00e1k\">\n\t\t\t\t<div class=\"swiper-wrapper\">\n\t\t\t\t\t\t\t\t\t\t\t<div class=\"swiper-slide\" role=\"group\" aria-roledescription=\"slide\">\n\t\t\t\t\t\t\t\t\t<div class=\"elementor-carousel-image\" role=\"img\" aria-label=\"cmid5\" style=\"background-image: url(&#039;https:\/\/www.umfst.ro\/fileadmin\/templates\/galeriiFoto\/cimd\/5.jpg&#039;)\">\n\n\t\t\t\n\t\t\t\t\t<\/div>\n\t\t\t\t\t\t\t\t<\/div>\n\t\t\t\t\t\t\t\t\t\t\t<div class=\"swiper-slide\" role=\"group\" aria-roledescription=\"slide\">\n\t\t\t\t\t\t\t\t\t<div class=\"elementor-carousel-image\" role=\"img\" aria-label=\"cmid6\" style=\"background-image: url(&#039;https:\/\/www.umfst.ro\/fileadmin\/templates\/galeriiFoto\/cimd\/6.jpg&#039;)\">\n\n\t\t\t\n\t\t\t\t\t<\/div>\n\t\t\t\t\t\t\t\t<\/div>\n\t\t\t\t\t\t\t\t\t\t\t<div class=\"swiper-slide\" role=\"group\" aria-roledescription=\"slide\">\n\t\t\t\t\t\t\t\t\t<div class=\"elementor-carousel-image\" role=\"img\" aria-label=\"cmid8\" style=\"background-image: url(&#039;https:\/\/www.umfst.ro\/fileadmin\/templates\/galeriiFoto\/cimd\/IMG_8729.jpg&#039;)\">\n\n\t\t\t\n\t\t\t\t\t<\/div>\n\t\t\t\t\t\t\t\t<\/div>\n\t\t\t\t\t\t\t\t\t\t\t<div class=\"swiper-slide\" role=\"group\" aria-roledescription=\"slide\">\n\t\t\t\t\t\t\t\t\t<div class=\"elementor-carousel-image\" role=\"img\" aria-label=\"cmid1\" style=\"background-image: url(&#039;https:\/\/www.umfst.ro\/fileadmin\/templates\/galeriiFoto\/cimd\/1.jpg&#039;)\">\n\n\t\t\t\n\t\t\t\t\t<\/div>\n\t\t\t\t\t\t\t\t<\/div>\n\t\t\t\t\t\t\t\t\t\t\t<div class=\"swiper-slide\" role=\"group\" aria-roledescription=\"slide\">\n\t\t\t\t\t\t\t\t\t<div class=\"elementor-carousel-image\" role=\"img\" aria-label=\"cmid3\" style=\"background-image: url(&#039;https:\/\/www.umfst.ro\/fileadmin\/_processed_\/c\/9\/csm_IMG_8770_ab2c0980ee.jpg&#039;)\">\n\n\t\t\t\n\t\t\t\t\t<\/div>\n\t\t\t\t\t\t\t\t<\/div>\n\t\t\t\t\t\t\t\t\t\t\t<div class=\"swiper-slide\" role=\"group\" aria-roledescription=\"slide\">\n\t\t\t\t\t\t\t\t\t<div class=\"elementor-carousel-image\" role=\"img\" aria-label=\"cmid6\" style=\"background-image: url(&#039;https:\/\/www.umfst.ro\/fileadmin\/_processed_\/b\/2\/csm_IMG_8771_e90c605547.jpg&#039;)\">\n\n\t\t\t\n\t\t\t\t\t<\/div>\n\t\t\t\t\t\t\t\t<\/div>\n\t\t\t\t\t\t\t\t\t\t\t<div class=\"swiper-slide\" role=\"group\" aria-roledescription=\"slide\">\n\t\t\t\t\t\t\t\t\t<div class=\"elementor-carousel-image\" role=\"img\" aria-label=\"\" style=\"background-image: url(&#039;https:\/\/www.umfst.ro\/fileadmin\/_processed_\/4\/8\/csm_IMG_8772_c430b6e5ca.jpg&#039;)\">\n\n\t\t\t\n\t\t\t\t\t<\/div>\n\t\t\t\t\t\t\t\t<\/div>\n\t\t\t\t\t\t\t\t\t\t\t<div class=\"swiper-slide\" role=\"group\" aria-roledescription=\"slide\">\n\t\t\t\t\t\t\t\t\t<div class=\"elementor-carousel-image\" role=\"img\" aria-label=\"\" style=\"background-image: url(&#039;https:\/\/www.umfst.ro\/fileadmin\/templates\/galeriiFoto\/cimd\/IMG_8775.jpg&#039;)\">\n\n\t\t\t\n\t\t\t\t\t<\/div>\n\t\t\t\t\t\t\t\t<\/div>\n\t\t\t\t\t\t\t\t\t\t\t<div class=\"swiper-slide\" role=\"group\" aria-roledescription=\"slide\">\n\t\t\t\t\t\t\t\t\t<div class=\"elementor-carousel-image\" role=\"img\" aria-label=\"\" style=\"background-image: url(&#039;https:\/\/www.umfst.ro\/fileadmin\/_processed_\/5\/9\/csm_4_08719f90a9.jpg&#039;)\">\n\n\t\t\t\n\t\t\t\t\t<\/div>\n\t\t\t\t\t\t\t\t<\/div>\n\t\t\t\t\t\t\t\t\t\t\t<div class=\"swiper-slide\" role=\"group\" aria-roledescription=\"slide\">\n\t\t\t\t\t\t\t\t\t<div class=\"elementor-carousel-image\" role=\"img\" aria-label=\"\" style=\"background-image: url(&#039;https:\/\/www.umfst.ro\/fileadmin\/_processed_\/6\/f\/csm_3_af14f4cbf5.jpg&#039;)\">\n\n\t\t\t\n\t\t\t\t\t<\/div>\n\t\t\t\t\t\t\t\t<\/div>\n\t\t\t\t\t\t\t\t\t\t\t<div class=\"swiper-slide\" role=\"group\" aria-roledescription=\"slide\">\n\t\t\t\t\t\t\t\t\t<div class=\"elementor-carousel-image\" role=\"img\" aria-label=\"\" style=\"background-image: url(&#039;https:\/\/www.umfst.ro\/fileadmin\/_processed_\/d\/7\/csm_7_6cc398bacc.jpg&#039;)\">\n\n\t\t\t\n\t\t\t\t\t<\/div>\n\t\t\t\t\t\t\t\t<\/div>\n\t\t\t\t\t\t\t\t\t<\/div>\n\t\t\t\t\t\t\t\t\t\t\t\t\t\t\t\t\t\t\t\t\t<\/div>\n\t\t\t\t<\/div>\n\t\t\t\t\t\t\t\t<\/div>\n\t\t\t\t<\/div>\n\t\t\t\t\t<\/div>\n\t\t<\/div>\n\t\t\t\t\t<\/div>\n\t\t<\/section>\n\t\t\t\t<\/div>","protected":false},"excerpt":{"rendered":"<p>Facultatea de Medicin\u0103 Dentar\u0103 din T\u00e2rgu Mure\u0219 garanteaz\u0103 un proces educa\u0163ional dinamic \u015fi cu activit\u0103\u0163i complexe \u00een cea mai modern\u0103 baz\u0103 de \u00eenv\u0103\u0163\u0103m\u00e2nt stomatologic din Rom\u00e2nia, asigur\u0103 absolven\u021bilor dob\u00e2ndirea dreptului de liber\u0103 practic\u0103 dup\u0103 examenul de licen\u0163\u0103, recunoa\u015fterea studiilor \u00een Uniunea European\u0103, practicarea unei profesii nobile, cu rezultate fascinante \u015fi imediate. Activit\u0103\u0163ile didactice aferente primilor [&hellip;]<\/p>\n","protected":false},"author":4,"featured_media":0,"parent":19,"menu_order":4,"comment_status":"closed","ping_status":"closed","template":"","meta":{"_relevanssi_hide_post":"","_relevanssi_hide_content":"","_relevanssi_pin_for_all":"","_relevanssi_pin_keywords":"","_relevanssi_unpin_keywords":"","_relevanssi_related_keywords":"","_relevanssi_related_include_ids":"","_relevanssi_related_exclude_ids":"","_relevanssi_related_no_append":"","_relevanssi_related_not_related":"","_relevanssi_related_posts":"1","_relevanssi_noindex_reason":"","footnotes":""},"categories":[13],"tags":[],"class_list":["post-36","page","type-page","status-publish","hentry","category-pagina-cu-sidebar"],"meta_box":[],"_links":{"self":[{"href":"https:\/\/umfst.ro\/facultatea-de-medicina-dentara\/hu\/wp-json\/wp\/v2\/pages\/36","targetHints":{"allow":["GET"]}}],"collection":[{"href":"https:\/\/umfst.ro\/facultatea-de-medicina-dentara\/hu\/wp-json\/wp\/v2\/pages"}],"about":[{"href":"https:\/\/umfst.ro\/facultatea-de-medicina-dentara\/hu\/wp-json\/wp\/v2\/types\/page"}],"author":[{"embeddable":true,"href":"https:\/\/umfst.ro\/facultatea-de-medicina-dentara\/hu\/wp-json\/wp\/v2\/users\/4"}],"replies":[{"embeddable":true,"href":"https:\/\/umfst.ro\/facultatea-de-medicina-dentara\/hu\/wp-json\/wp\/v2\/comments?post=36"}],"version-history":[{"count":21,"href":"https:\/\/umfst.ro\/facultatea-de-medicina-dentara\/hu\/wp-json\/wp\/v2\/pages\/36\/revisions"}],"predecessor-version":[{"id":2771,"href":"https:\/\/umfst.ro\/facultatea-de-medicina-dentara\/hu\/wp-json\/wp\/v2\/pages\/36\/revisions\/2771"}],"up":[{"embeddable":true,"href":"https:\/\/umfst.ro\/facultatea-de-medicina-dentara\/hu\/wp-json\/wp\/v2\/pages\/19"}],"wp:attachment":[{"href":"https:\/\/umfst.ro\/facultatea-de-medicina-dentara\/hu\/wp-json\/wp\/v2\/media?parent=36"}],"wp:term":[{"taxonomy":"category","embeddable":true,"href":"https:\/\/umfst.ro\/facultatea-de-medicina-dentara\/hu\/wp-json\/wp\/v2\/categories?post=36"},{"taxonomy":"post_tag","embeddable":true,"href":"https:\/\/umfst.ro\/facultatea-de-medicina-dentara\/hu\/wp-json\/wp\/v2\/tags?post=36"}],"curies":[{"name":"wp","href":"https:\/\/api.w.org\/{rel}","templated":true}]}}