{"id":52,"date":"2022-11-17T17:34:45","date_gmt":"2022-11-17T17:34:45","guid":{"rendered":"https:\/\/dev.umfst.ro\/facultatea-de-medicina-dentara\/?page_id=52"},"modified":"2025-02-17T08:56:54","modified_gmt":"2025-02-17T08:56:54","slug":"conducerea-facultatii-de-medicina-dentara","status":"publish","type":"page","link":"https:\/\/umfst.ro\/facultatea-de-medicina-dentara\/hu\/organizare\/conducerea-facultatii-de-medicina-dentara\/","title":{"rendered":"Conducerea Facult\u0103\u021bii de Medicin\u0103 Dentar\u0103"},"content":{"rendered":"<div data-elementor-type=\"wp-page\" data-elementor-id=\"52\" class=\"elementor elementor-52\" data-elementor-post-type=\"page\">\n\t\t\t\t\t\t<section class=\"elementor-section elementor-top-section elementor-element elementor-element-71f20144 elementor-section-boxed elementor-section-height-default elementor-section-height-default\" data-id=\"71f20144\" data-element_type=\"section\" data-e-type=\"section\">\n\t\t\t\t\t\t<div class=\"elementor-container elementor-column-gap-default\">\n\t\t\t\t\t<div class=\"elementor-column elementor-col-100 elementor-top-column elementor-element elementor-element-187ebcc9\" data-id=\"187ebcc9\" data-element_type=\"column\" data-e-type=\"column\">\n\t\t\t<div class=\"elementor-widget-wrap elementor-element-populated\">\n\t\t\t\t\t\t<div class=\"elementor-element elementor-element-5157949c elementor-widget elementor-widget-text-editor\" data-id=\"5157949c\" data-element_type=\"widget\" data-e-type=\"widget\" data-widget_type=\"text-editor.default\">\n\t\t\t\t<div class=\"elementor-widget-container\">\n\t\t\t\t\t\t\t\t\t<h2 class=\"wp-block-heading\">Conducere<\/h2>\n<p><!-- \/wp:heading --><\/p>\n<p><!-- wp:paragraph --><\/p>\n<p><strong>Decan<\/strong> <br \/>Prof. univ. dr. Cristina-Ioana Bica<br \/>E-mail:\u00a0<a href=\"linkTo_UnCryptMailto(%27nbjmup%2Bdsjtujob%5C%2FcjdbAvngtu%5C%2Fsp%27);\">cristina.bica@umfst.ro<\/a>\u00a0<\/p>\n<p><!-- \/wp:paragraph --><\/p>\n<p><!-- wp:paragraph --><\/p>\n<p><strong>Prodecan <\/strong><br \/>Prof. univ. dr. M\u00e1rtha I. Krisztina<br \/>E-mail:\u00a0<a href=\"linkTo_UnCryptMailto(%27nbjmup%2Blsjtaujob%5C%2FnbsuibAvngtu%5C%2Fsp%27);\">krisztina.martha@umfst.ro<\/a><\/p>\n<p><!-- \/wp:paragraph --><\/p>\n<p><!-- wp:paragraph --><\/p>\n<p><strong>Prodecan <br \/><\/strong>Prof. univ. dr. Lumini\u021ba Lazar<br \/>E-mail:\u00a0<a href=\"linkTo_UnCryptMailto(%27nbjmup%2Bmvnjojub%5C%2FmbabsAvngtu%5C%2Fsp%27);\">luminita.lazar@umfst.ro<\/a><\/p>\n<p><!-- \/wp:paragraph --><\/p>\n<p><!-- wp:heading --><\/p>\n<h2 class=\"wp-block-heading\">Date de contact<\/h2>\n<p><!-- \/wp:heading --><\/p>\n<p><!-- wp:paragraph --><\/p>\n<p><strong>Facultatea de Medicin\u0103 Dentar\u0103<\/strong><br \/>Str. Gheorghe Marinescu, nr. 38, cod 540139, T\u00e2rgu Mure\u0219, Mure\u0219, Rom\u00e2nia<br \/>Tel: + 40-265-215.551, int. 130, 313; +40-265-208.940\u00a0 <br \/>Fax: + 40-265-210.407<br \/>E-mail:\u00a0<a href=\"linkTo_UnCryptMailto(%27nbjmup%2Befdbobu%5C%2FefoubsbAvngtu%5C%2Fsp%27);\">decanat.dentara@umfst.ro<\/a><\/p>\n<p><!-- \/wp:paragraph --><\/p>\t\t\t\t\t\t\t\t<\/div>\n\t\t\t\t<\/div>\n\t\t\t\t\t<\/div>\n\t\t<\/div>\n\t\t\t\t\t<\/div>\n\t\t<\/section>\n\t\t\t\t<section class=\"elementor-section elementor-top-section elementor-element elementor-element-e74d719 elementor-section-boxed elementor-section-height-default elementor-section-height-default\" data-id=\"e74d719\" data-element_type=\"section\" data-e-type=\"section\">\n\t\t\t\t\t\t<div class=\"elementor-container elementor-column-gap-default\">\n\t\t\t\t\t<div class=\"elementor-column elementor-col-100 elementor-top-column elementor-element elementor-element-c62434f\" data-id=\"c62434f\" data-element_type=\"column\" data-e-type=\"column\">\n\t\t\t<div class=\"elementor-widget-wrap elementor-element-populated\">\n\t\t\t\t\t\t<div data-dce-background-color=\"#2359B317\" class=\"elementor-element elementor-element-012aece elementor-widget__width-auto elementor-widget elementor-widget-button\" data-id=\"012aece\" data-element_type=\"widget\" data-e-type=\"widget\" data-widget_type=\"button.default\">\n\t\t\t\t<div class=\"elementor-widget-container\">\n\t\t\t\t\t\t\t\t\t<div class=\"elementor-button-wrapper\">\n\t\t\t\t\t<a class=\"elementor-button elementor-button-link elementor-size-sm\" href=\"https:\/\/www.umfst.ro\/fileadmin\/f_medicina_dentara\/noutati\/medicina_dentara_organigrama.pdf\" target=\"_blank\">\n\t\t\t\t\t\t<span class=\"elementor-button-content-wrapper\">\n\t\t\t\t\t\t<span class=\"elementor-button-icon\">\n\t\t\t\t<i aria-hidden=\"true\" class=\"fas fa-file-pdf\"><\/i>\t\t\t<\/span>\n\t\t\t\t\t\t\t\t\t<span class=\"elementor-button-text\">Organigrama<\/span>\n\t\t\t\t\t<\/span>\n\t\t\t\t\t<\/a>\n\t\t\t\t<\/div>\n\t\t\t\t\t\t\t\t<\/div>\n\t\t\t\t<\/div>\n\t\t\t\t\t<\/div>\n\t\t<\/div>\n\t\t\t\t\t<\/div>\n\t\t<\/section>\n\t\t\t\t<section class=\"elementor-section elementor-top-section elementor-element elementor-element-74412e8 elementor-section-boxed elementor-section-height-default elementor-section-height-default\" data-id=\"74412e8\" data-element_type=\"section\" data-e-type=\"section\">\n\t\t\t\t\t\t<div class=\"elementor-container elementor-column-gap-default\">\n\t\t\t\t\t<div class=\"elementor-column elementor-col-100 elementor-top-column elementor-element elementor-element-88bdc42\" data-id=\"88bdc42\" data-element_type=\"column\" data-e-type=\"column\">\n\t\t\t<div class=\"elementor-widget-wrap\">\n\t\t\t\t\t\t\t<\/div>\n\t\t<\/div>\n\t\t\t\t\t<\/div>\n\t\t<\/section>\n\t\t\t\t<\/div>","protected":false},"excerpt":{"rendered":"<p>Conducere Decan Prof. univ. dr. Cristina-Ioana BicaE-mail:\u00a0cristina.bica@umfst.ro\u00a0 Prodecan Prof. univ. dr. M\u00e1rtha I. KrisztinaE-mail:\u00a0krisztina.martha@umfst.ro Prodecan Prof. univ. dr. Lumini\u021ba LazarE-mail:\u00a0luminita.lazar@umfst.ro Date de contact Facultatea de Medicin\u0103 Dentar\u0103Str. Gheorghe Marinescu, nr. 38, cod 540139, T\u00e2rgu Mure\u0219, Mure\u0219, Rom\u00e2niaTel: + 40-265-215.551, int. 130, 313; +40-265-208.940\u00a0 Fax: + 40-265-210.407E-mail:\u00a0decanat.dentara@umfst.ro Organigrama<\/p>","protected":false},"author":4,"featured_media":0,"parent":48,"menu_order":1,"comment_status":"closed","ping_status":"closed","template":"","meta":{"_relevanssi_hide_post":"","_relevanssi_hide_content":"","_relevanssi_pin_for_all":"","_relevanssi_pin_keywords":"","_relevanssi_unpin_keywords":"","_relevanssi_related_keywords":"","_relevanssi_related_include_ids":"","_relevanssi_related_exclude_ids":"","_relevanssi_related_no_append":"","_relevanssi_related_not_related":"","_relevanssi_related_posts":"1","_relevanssi_noindex_reason":"","footnotes":""},"categories":[13],"tags":[],"class_list":["post-52","page","type-page","status-publish","hentry","category-pagina-cu-sidebar"],"meta_box":[],"_links":{"self":[{"href":"https:\/\/umfst.ro\/facultatea-de-medicina-dentara\/hu\/wp-json\/wp\/v2\/pages\/52","targetHints":{"allow":["GET"]}}],"collection":[{"href":"https:\/\/umfst.ro\/facultatea-de-medicina-dentara\/hu\/wp-json\/wp\/v2\/pages"}],"about":[{"href":"https:\/\/umfst.ro\/facultatea-de-medicina-dentara\/hu\/wp-json\/wp\/v2\/types\/page"}],"author":[{"embeddable":true,"href":"https:\/\/umfst.ro\/facultatea-de-medicina-dentara\/hu\/wp-json\/wp\/v2\/users\/4"}],"replies":[{"embeddable":true,"href":"https:\/\/umfst.ro\/facultatea-de-medicina-dentara\/hu\/wp-json\/wp\/v2\/comments?post=52"}],"version-history":[{"count":19,"href":"https:\/\/umfst.ro\/facultatea-de-medicina-dentara\/hu\/wp-json\/wp\/v2\/pages\/52\/revisions"}],"predecessor-version":[{"id":3355,"href":"https:\/\/umfst.ro\/facultatea-de-medicina-dentara\/hu\/wp-json\/wp\/v2\/pages\/52\/revisions\/3355"}],"up":[{"embeddable":true,"href":"https:\/\/umfst.ro\/facultatea-de-medicina-dentara\/hu\/wp-json\/wp\/v2\/pages\/48"}],"wp:attachment":[{"href":"https:\/\/umfst.ro\/facultatea-de-medicina-dentara\/hu\/wp-json\/wp\/v2\/media?parent=52"}],"wp:term":[{"taxonomy":"category","embeddable":true,"href":"https:\/\/umfst.ro\/facultatea-de-medicina-dentara\/hu\/wp-json\/wp\/v2\/categories?post=52"},{"taxonomy":"post_tag","embeddable":true,"href":"https:\/\/umfst.ro\/facultatea-de-medicina-dentara\/hu\/wp-json\/wp\/v2\/tags?post=52"}],"curies":[{"name":"wp","href":"https:\/\/api.w.org\/{rel}","templated":true}]}}