{"id":54,"date":"2022-11-17T17:38:04","date_gmt":"2022-11-17T17:38:04","guid":{"rendered":"https:\/\/dev.umfst.ro\/facultatea-de-medicina-dentara\/?page_id=54"},"modified":"2025-03-24T12:45:56","modified_gmt":"2025-03-24T12:45:56","slug":"consiliul-facultatii-de-medicina-dentara","status":"publish","type":"page","link":"https:\/\/umfst.ro\/facultatea-de-medicina-dentara\/hu\/organizare\/consiliul-facultatii-de-medicina-dentara\/","title":{"rendered":"Consiliul Facult\u0103\u021bii de Medicin\u0103 Dentar\u0103"},"content":{"rendered":"<div data-elementor-type=\"wp-page\" data-elementor-id=\"54\" class=\"elementor elementor-54\" data-elementor-post-type=\"page\">\n\t\t\t\t\t\t<section class=\"elementor-section elementor-top-section elementor-element elementor-element-6ef18f82 elementor-section-boxed elementor-section-height-default elementor-section-height-default\" data-id=\"6ef18f82\" data-element_type=\"section\" data-e-type=\"section\">\n\t\t\t\t\t\t<div class=\"elementor-container elementor-column-gap-default\">\n\t\t\t\t\t<div class=\"elementor-column elementor-col-100 elementor-top-column elementor-element elementor-element-2ddc1928\" data-id=\"2ddc1928\" data-element_type=\"column\" data-e-type=\"column\">\n\t\t\t<div class=\"elementor-widget-wrap elementor-element-populated\">\n\t\t\t\t\t\t<div class=\"elementor-element elementor-element-519d760b elementor-widget elementor-widget-text-editor\" data-id=\"519d760b\" data-element_type=\"widget\" data-e-type=\"widget\" data-widget_type=\"text-editor.default\">\n\t\t\t\t<div class=\"elementor-widget-container\">\n\t\t\t\t\t\t\t\t\t<h2>CONSILIUL FACULT\u0102\u021aII<\/h2>\n<p><!-- \/wp:heading --><\/p>\n<p><!-- wp:paragraph --><\/p>\n<p><strong>Decan<\/strong><\/p>\n<p>Prof. univ. dr. Bica Cristina-Ioana<\/p>\n<p>\u00a0<\/p>\n<p><strong>Prodecani<\/strong><\/p>\n<p>Prof. univ. dr. Martha Ildik\u00f3-Krisztina<\/p>\n<p>Prof. univ. dr. Laz\u0103r Lumini\u021ba<\/p>\n<p>\u00a0<\/p>\n<p><strong>Membrii Consiliului<\/strong><\/p>\n<p>Conf. univ. dr. Bud Eugen-Silviu<\/p>\n<p>Conf. univ. dr. Cerghizan Diana<\/p>\n<p>Conf. univ. dr. Kerekes-M\u00e1th\u00e9 Bernadette-Evelyn<\/p>\n<p>\u0218ef lucr. dr. Markovics Emese-Rita<\/p>\n<p>\u0218ef lucr. dr. Molnar-Varlam Cristina-Stanca<\/p>\n<p>Conf. univ. dr. Ormeni\u0219an Alina<\/p>\n<p>\u0218ef lucr. dr. Vlasa Alexandru<\/p>\n<p>Prof. univ. dr. Suciu Mircea<\/p>\n<p>Stud. Ily\u00e9s Norbert-Istvan (LM)<\/p>\n<p>Stud. Jianu Nicolae-Eduard (LR)<\/p>\n<p>Stud. Moldovan Maria (LE)<\/p>\n<p>Stud. Szabo \u0218tefania (LR)<br \/><br \/><\/p>\n<p><!-- \/wp:paragraph --><\/p>\n<p><!-- wp:paragraph --><\/p>\n<p><!-- \/wp:paragraph --><\/p>\n<p><!-- wp:heading --><\/p>\n<h2>HOT\u0102R\u00c2RI ALE CONSILIULUI FACULT\u0102\u021aII<\/h2>\n<p><!-- \/wp:heading --><\/p>\n<p><!-- wp:paragraph --><\/p>\n<p><a href=\"https:\/\/documente.umfst.ro\/documente\/hotarari-ale-consiliului-facultatii\/medicina-dentara\/\" target=\"_blank\" rel=\"noopener\">Hot\u0103r\u00e2ri ale Consiliului Facult\u0103\u021bii<\/a><\/p>\n<p><!-- \/wp:paragraph --><\/p>\t\t\t\t\t\t\t\t<\/div>\n\t\t\t\t<\/div>\n\t\t\t\t\t<\/div>\n\t\t<\/div>\n\t\t\t\t\t<\/div>\n\t\t<\/section>\n\t\t\t\t<\/div>","protected":false},"excerpt":{"rendered":"<p>CONSILIUL FACULT\u0102\u021aII Decan Prof. univ. dr. Bica Cristina-Ioana \u00a0 Prodecani Prof. univ. dr. Martha Ildik\u00f3-Krisztina Prof. univ. dr. Laz\u0103r Lumini\u021ba \u00a0 Membrii Consiliului Conf. univ. dr. Bud Eugen-Silviu Conf. univ. dr. Cerghizan Diana Conf. univ. dr. Kerekes-M\u00e1th\u00e9 Bernadette-Evelyn \u0218ef lucr. dr. Markovics Emese-Rita \u0218ef lucr. dr. Molnar-Varlam Cristina-Stanca Conf. univ. dr. Ormeni\u0219an Alina \u0218ef lucr. [&hellip;]<\/p>\n","protected":false},"author":4,"featured_media":0,"parent":48,"menu_order":2,"comment_status":"closed","ping_status":"closed","template":"","meta":{"_relevanssi_hide_post":"","_relevanssi_hide_content":"","_relevanssi_pin_for_all":"","_relevanssi_pin_keywords":"","_relevanssi_unpin_keywords":"","_relevanssi_related_keywords":"","_relevanssi_related_include_ids":"","_relevanssi_related_exclude_ids":"","_relevanssi_related_no_append":"","_relevanssi_related_not_related":"","_relevanssi_related_posts":"1","_relevanssi_noindex_reason":"","footnotes":""},"categories":[13],"tags":[],"class_list":["post-54","page","type-page","status-publish","hentry","category-pagina-cu-sidebar"],"meta_box":[],"_links":{"self":[{"href":"https:\/\/umfst.ro\/facultatea-de-medicina-dentara\/hu\/wp-json\/wp\/v2\/pages\/54","targetHints":{"allow":["GET"]}}],"collection":[{"href":"https:\/\/umfst.ro\/facultatea-de-medicina-dentara\/hu\/wp-json\/wp\/v2\/pages"}],"about":[{"href":"https:\/\/umfst.ro\/facultatea-de-medicina-dentara\/hu\/wp-json\/wp\/v2\/types\/page"}],"author":[{"embeddable":true,"href":"https:\/\/umfst.ro\/facultatea-de-medicina-dentara\/hu\/wp-json\/wp\/v2\/users\/4"}],"replies":[{"embeddable":true,"href":"https:\/\/umfst.ro\/facultatea-de-medicina-dentara\/hu\/wp-json\/wp\/v2\/comments?post=54"}],"version-history":[{"count":19,"href":"https:\/\/umfst.ro\/facultatea-de-medicina-dentara\/hu\/wp-json\/wp\/v2\/pages\/54\/revisions"}],"predecessor-version":[{"id":3361,"href":"https:\/\/umfst.ro\/facultatea-de-medicina-dentara\/hu\/wp-json\/wp\/v2\/pages\/54\/revisions\/3361"}],"up":[{"embeddable":true,"href":"https:\/\/umfst.ro\/facultatea-de-medicina-dentara\/hu\/wp-json\/wp\/v2\/pages\/48"}],"wp:attachment":[{"href":"https:\/\/umfst.ro\/facultatea-de-medicina-dentara\/hu\/wp-json\/wp\/v2\/media?parent=54"}],"wp:term":[{"taxonomy":"category","embeddable":true,"href":"https:\/\/umfst.ro\/facultatea-de-medicina-dentara\/hu\/wp-json\/wp\/v2\/categories?post=54"},{"taxonomy":"post_tag","embeddable":true,"href":"https:\/\/umfst.ro\/facultatea-de-medicina-dentara\/hu\/wp-json\/wp\/v2\/tags?post=54"}],"curies":[{"name":"wp","href":"https:\/\/api.w.org\/{rel}","templated":true}]}}