{"id":66,"date":"2022-11-17T17:57:27","date_gmt":"2022-11-17T17:57:27","guid":{"rendered":"https:\/\/dev.umfst.ro\/facultatea-de-medicina-dentara\/?page_id=66"},"modified":"2025-11-25T09:00:55","modified_gmt":"2025-11-25T09:00:55","slug":"odontologie-si-patologie-orala","status":"publish","type":"page","link":"https:\/\/umfst.ro\/facultatea-de-medicina-dentara\/hu\/departamente-si-discipline\/departamentul-md1\/odontologie-si-patologie-orala\/","title":{"rendered":"Odontologie \u0219i patologie oral\u0103"},"content":{"rendered":"<div data-elementor-type=\"wp-page\" data-elementor-id=\"66\" class=\"elementor elementor-66\" data-elementor-post-type=\"page\">\n\t\t\t\t\t\t<section class=\"elementor-section elementor-top-section elementor-element elementor-element-171c10c elementor-section-boxed elementor-section-height-default elementor-section-height-default\" data-id=\"171c10c\" data-element_type=\"section\" data-e-type=\"section\">\n\t\t\t\t\t\t<div class=\"elementor-container elementor-column-gap-default\">\n\t\t\t\t\t<div class=\"elementor-column elementor-col-66 elementor-top-column elementor-element elementor-element-c7ac5d2\" data-id=\"c7ac5d2\" data-element_type=\"column\" data-e-type=\"column\">\n\t\t\t<div class=\"elementor-widget-wrap elementor-element-populated\">\n\t\t\t\t\t\t<div class=\"elementor-element elementor-element-e4c8218 elementor-widget elementor-widget-text-editor\" data-id=\"e4c8218\" data-element_type=\"widget\" data-e-type=\"widget\" data-widget_type=\"text-editor.default\">\n\t\t\t\t<div class=\"elementor-widget-container\">\n\t\t\t\t\t\t\t\t\t<h2>Colectivul disciplinei<\/h2><p><strong>\u015eef disciplin\u0103<br \/><\/strong>\u0218ef lucr. dr. Pop Mihai <a href=\"https:\/\/www.umfst.ro\/fileadmin\/f_medicina_dentara\/cadre_didactice\/cv\/pop.mihai.pdf\">CV<\/a><\/p><p><strong>Membri<br \/><\/strong>Prof. univ. dr. Monea Monica Dana <a href=\"https:\/\/www.umfst.ro\/fileadmin\/f_medicina_dentara\/cadre_didactice\/cv\/monea.monica.pdf\">CV<\/a><br \/>\u0218ef lucr. dr. Monea Adriana Maria <a href=\"https:\/\/www.umfst.ro\/fileadmin\/f_medicina_dentara\/cadre_didactice\/cv\/monea.adriana.pdf\">CV<\/a><br \/>\u0218ef lucr. dr. Kovacs Monika <a href=\"https:\/\/www.umfst.ro\/fileadmin\/f_medicina_dentara\/cadre_didactice\/cv\/kovacs.monika.pdf\">CV<\/a><br \/>\u0218ef lucr. dr. H\u0103n\u021boiu Tudor <a href=\"https:\/\/www.umfst.ro\/fileadmin\/f_medicina_dentara\/cadre_didactice\/cv\/tudor.hantoiu.pdf\">CV<\/a><br \/>\u0218ef lucr. dr. Stoica Alexandra Mihaela <a href=\"https:\/\/www.umfst.ro\/fileadmin\/f_medicina_dentara\/cadre_didactice\/cv\/stoica.alexandra.pdf\">CV<\/a><br \/>\u0218ef lucr. dr. Kovacs Ivacson Andreea Czinszka <a href=\"https:\/\/www.umfst.ro\/fileadmin\/f_medicina_dentara\/cadre_didactice\/cv\/kovacs.ivacson.csinszka.pdf\">CV<\/a><br \/>\u0218ef lucr. dr. Sita Dan Drago\u0219 <a href=\"https:\/\/www.umfst.ro\/fileadmin\/f_medicina_dentara\/cadre_didactice\/cv\/sita.dan.dragos.pdf\">CV<\/a><br \/>Asist. univ. drd. Dako Timea <a href=\"https:\/\/www.umfst.ro\/fileadmin\/f_medicina_dentara\/cadre_didactice\/cv\/dako.timea.pdf\">CV<\/a><\/p>\t\t\t\t\t\t\t\t<\/div>\n\t\t\t\t<\/div>\n\t\t\t\t<div class=\"elementor-element elementor-element-df9afa0 elementor-widget elementor-widget-heading\" data-id=\"df9afa0\" data-element_type=\"widget\" data-e-type=\"widget\" data-widget_type=\"heading.default\">\n\t\t\t\t<div class=\"elementor-widget-container\">\n\t\t\t\t\t<h2 class=\"elementor-heading-title elementor-size-default\">Activitate didactic\u0103<\/h2>\t\t\t\t<\/div>\n\t\t\t\t<\/div>\n\t\t\t\t<div class=\"elementor-element elementor-element-cd55b77 elementor-widget elementor-widget-jet-accordion\" data-id=\"cd55b77\" data-element_type=\"widget\" data-e-type=\"widget\" data-widget_type=\"jet-accordion.default\">\n\t\t\t\t<div class=\"elementor-widget-container\">\n\t\t\t\t\t\t\t\t\t<div class=\"jet-accordion\" data-settings=\"{&quot;collapsible&quot;:false,&quot;ajaxTemplate&quot;:false,&quot;switchScrolling&quot;:false,&quot;switchScrollingTablet&quot;:false,&quot;switchScrollingMobile&quot;:false,&quot;switchScrollingOffset&quot;:{&quot;size&quot;:0,&quot;unit&quot;:&quot;px&quot;},&quot;switchScrollingOffsetTablet&quot;:{&quot;size&quot;:0,&quot;unit&quot;:&quot;px&quot;},&quot;switchScrollingOffsetMobile&quot;:{&quot;size&quot;:0,&quot;unit&quot;:&quot;px&quot;},&quot;switchScrollingDelay&quot;:500,&quot;switchScrollingDelayTablet&quot;:500,&quot;switchScrollingDelayMobile&quot;:500}\">\n\t\t\t<div class=\"jet-accordion__inner\">\n\t\t\t\t<div class=\"jet-accordion__item jet-toggle jet-toggle-move-up-effect\">\n\t\t\t\t\t\t\t<div id=\"jet-toggle-control-2151\" class=\"jet-toggle__control elementor-menu-anchor\" data-toggle=\"1\" role=\"button\" tabindex=\"0\" aria-controls=\"jet-toggle-content-2151\" aria-expanded=\"false\" data-template-id=\"false\">\n\t\t\t\t\t\t\t\t<div class=\"jet-toggle__label-icon jet-toggle-icon-position-right\"><span class=\"jet-toggle__icon icon-normal jet-tabs-icon\"><svg xmlns=\"http:\/\/www.w3.org\/2000\/svg\" viewbox=\"0 0 448 512\"><path d=\"M256 80c0-17.7-14.3-32-32-32s-32 14.3-32 32V224H48c-17.7 0-32 14.3-32 32s14.3 32 32 32H192V432c0 17.7 14.3 32 32 32s32-14.3 32-32V288H400c17.7 0 32-14.3 32-32s-14.3-32-32-32H256V80z\"><\/path><\/svg><\/span><span class=\"jet-toggle__icon icon-active jet-tabs-icon\"><svg xmlns=\"http:\/\/www.w3.org\/2000\/svg\" viewbox=\"0 0 448 512\"><path d=\"M432 256c0 17.7-14.3 32-32 32L48 288c-17.7 0-32-14.3-32-32s14.3-32 32-32l352 0c17.7 0 32 14.3 32 32z\"><\/path><\/svg><\/span><\/div><div class=\"jet-toggle__label-text\">Manuale \u0219i \u00eendrum\u0103toare de lucr\u0103ri practice<\/div>\t\t\t\t\t\t\t<\/div>\n\t\t\t\t\t\t\t<div id=\"jet-toggle-content-2151\" class=\"jet-toggle__content\" data-toggle=\"1\" role=\"region\" data-template-id=\"false\">\n\t\t\t\t\t\t\t\t<div class=\"jet-toggle__content-inner\"><p>1. Sita D, Stoica AM, Monea MD. <em><strong>Elemente de Endodon\u021bie. <\/strong><\/em>Editura University Press T\u00e2rgu Mure\u015f, 2020, ISBN\u00a0 978-973-169-498-0.<\/p><p>2. H\u0103n\u021boiu T, Monea MD. <em><strong>Odontotherapy \u2013 Lecture notes<\/strong><\/em>. Facultatea de Medicin\u0103 Dentar\u0103 LE, Universitatea de Medicin\u0103, Farmacie, \u0218tiin\u021be \u0219i Tehnologie, T\u00e2rgu Mure\u0219, 2019, 171 pag.<\/p><p>3. Kovacs-Ivacson AC <em><strong>Az egyszeru caries.\u00a0<\/strong><\/em>Editura University Press T\u00e2rgu Mure\u015f, 2018, ISBN 978-973-169-518-1.<\/p><p>4. Stoica AM, Monea MD. <em><strong>Odontologie \u2013 culegere de teste.<\/strong><\/em>Editura University Press T\u00e2rgu Mure\u015f, 2017, ISBN 978-973-169-498-0.<\/p><p>5. Monea A. <em><strong>Patologie oral\u0103. <\/strong><\/em>Curs litografiat, 2017.<\/p><p>6. Monea MD <em><strong>. Restaur\u0103rile coronare directe cu materiale compozite. <\/strong><\/em>Editura University Press T\u00e2rgu Mure\u015f, 2015, ISBN 978-973-169-403-0<\/p><p>7. Pop M, Monea MD, Kovacs M, Buka I, Bukhari C, Ivacson C. <em><strong>Alapfogalmak endodonciaban.<\/strong><\/em>Universitatea de Medicin\u0103 \u0219i Farmacie T\u00eergu Mure\u0219, 2015, 112 pag.<\/p><p>8. Monea MD. <em><strong>Resorb\u021bia radicular\u0103 intern\u0103<\/strong><\/em>,\u00a0<em><strong>\u00een Tratat de Endodon\u021bie, volumul 1<\/strong><\/em>, sub redac\u021bia Andrei Iliescu, Editura Medical\u0103 Bucure\u0219ti 2014, pag. 249-259, ISBN 978-973-39-0773-2, ISBN 978-973-39-0774-9 (volumul 1), cod CNCSIS 167.<\/p><p>9. Monea MD. <em><strong>Resorb\u021bia radicular\u0103 extern\u0103,<\/strong><\/em>\u00een\u00a0<em><strong>Tratat de Endodon\u021bie, volumul 1<\/strong><\/em>, sub redac\u021bia Andrei Iliescu, Editura Medical\u0103 Bucure\u0219ti 2014, pag. 260-271, ISBN 978-973-39-0773-2, ISBN 978-973-39-0774-9 (volumul 1), cod CNCSIS 167.<\/p><p>10. Monea MD. <em><strong>Resorb\u021bia cervical\u0103 invaziv\u0103<\/strong><\/em>, \u00een\u00a0<em><strong>Tratat de Endodon\u021bie, volumul 1<\/strong><\/em>, sub redac\u021bia Andrei Iliescu, Editura Medical\u0103 Bucure\u0219ti 2014, pag. 272-282, ISBN 978-973-39-0773-2, ISBN 978-973-39-0774-9 (volumul 1), cod CNCSIS 167.<\/p><p>11. Monea MD. <em><strong>Prognosticul tratamentului endodontic ortograd,\u00a0<\/strong><\/em>\u00een<em><strong>Tratat de Endodon\u021bie, volumul 2<\/strong><\/em>, sub redac\u021bia Andrei Iliescu, Editura Medical\u0103 Bucure\u0219ti 2014, pag. 642-651, ISBN 978-973-39-0773-2, ISBN 978-973-39-0775-6 (volumul 2), cod CNCSIS 167.<\/p><p>12. Monea MD. <em><strong>Prognosticul <\/strong><\/em><em><strong>retratamentului endodontic ortograd<\/strong><\/em>, \u00een\u00a0<em><strong>Tratat de Endodon\u021bie, volumul 2,<\/strong><\/em>\u00a0sub redac\u021bia Andrei Iliescu, editura Medical\u0103 Bucure\u0219ti 2014, pag. 685-695, ISBN 978-973-39-0773-2, ISBN 978-973-39-0775-6 (volumul 2), cod CNCSIS 167.<\/p><p>13. Monea MD. <em><strong>Materiale de obtura\u021bie de canal<\/strong><\/em>, \u00een\u00a0<em><strong>Tratat de Endodon\u021bie, volumul 2<\/strong><\/em>, sub redac\u021bia Andrei Iliescu, editura Medical\u0103 Bucure\u0219ti 2014, pag. 920-930, ISBN 978-973-39-0773-2, ISBN 978-973-39-0775-6 (volumul 2), cod CNCSIS 167.<\/p><p>14. Monea A, Sitaru A, Monea MD. <em><strong>Diagnostic oro-dentar<\/strong><\/em>. Editura University Press T\u00e2rgu Mure\u015f, 2012, ISBN 978-973-169-205-0<\/p><p>15. Monea MD, Monea A. <em><strong>Caria simpl\u0103, <\/strong><\/em>Editura University Press T\u00e2rgu Mure\u015f, 2006, ISBN (13)978-973-7665-35-5.<\/p><p>16. Monea A, Roman I, Monea MD. <em><strong>Odontologie \u0219i Parodontologie\u00a0<\/strong><\/em>\u2013 \u00cendreptar de lucr\u0103ri practice pentru studen\u021bii Facult\u0103\u021bii de Medicin\u0103 Dentar\u0103, Universitatea de Medicin\u0103 \u0219i Farmacie T\u00eergu Mure\u0219, 2004, 101 pag.<\/p><p>17. Monea MD.<em><strong>\u00a0Odontologie-Parodontologie.\u00a0<\/strong><\/em>Curs pentru studen\u021bii Colegiului de Tehnic\u0103 Dentar\u0103, Facultatea de Medicin\u0103 Dentar\u0103, Universitatea de Medicin\u0103 \u0219i Farmacie T\u00eergu Mure\u0219, 2002, 153 pag<\/p><\/div>\n\t\t\t\t\t\t\t<\/div>\n\t\t\t\t\t\t<\/div>\t\t\t<\/div>\n\t\t<\/div>\n\t\t\t\t\t\t<\/div>\n\t\t\t\t<\/div>\n\t\t\t\t\t<\/div>\n\t\t<\/div>\n\t\t\t\t<div class=\"elementor-column elementor-col-33 elementor-top-column elementor-element elementor-element-e6f210c\" data-id=\"e6f210c\" data-element_type=\"column\" data-e-type=\"column\">\n\t\t\t<div class=\"elementor-widget-wrap elementor-element-populated\">\n\t\t\t\t\t\t<section class=\"elementor-section elementor-inner-section elementor-element elementor-element-cd15505 elementor-section-boxed elementor-section-height-default elementor-section-height-default\" data-id=\"cd15505\" data-element_type=\"section\" data-e-type=\"section\">\n\t\t\t\t\t\t<div class=\"elementor-container elementor-column-gap-default\">\n\t\t\t\t\t<div data-dce-background-color=\"#F2F7FF\" class=\"elementor-column elementor-col-100 elementor-inner-column elementor-element elementor-element-7ed969c\" data-id=\"7ed969c\" data-element_type=\"column\" data-e-type=\"column\" data-settings=\"{&quot;background_background&quot;:&quot;classic&quot;}\">\n\t\t\t<div class=\"elementor-widget-wrap elementor-element-populated\">\n\t\t\t\t\t\t<div class=\"elementor-element elementor-element-7d7afdc elementor-widget elementor-widget-heading\" data-id=\"7d7afdc\" data-element_type=\"widget\" data-e-type=\"widget\" data-widget_type=\"heading.default\">\n\t\t\t\t<div class=\"elementor-widget-container\">\n\t\t\t\t\t<h5 class=\"elementor-heading-title elementor-size-default\">Contact<\/h5>\t\t\t\t<\/div>\n\t\t\t\t<\/div>\n\t\t\t\t<div class=\"elementor-element elementor-element-14ed533 elementor-widget-divider--view-line elementor-widget elementor-widget-divider\" data-id=\"14ed533\" data-element_type=\"widget\" data-e-type=\"widget\" data-widget_type=\"divider.default\">\n\t\t\t\t<div class=\"elementor-widget-container\">\n\t\t\t\t\t\t\t<div class=\"elementor-divider\">\n\t\t\t<span class=\"elementor-divider-separator\">\n\t\t\t\t\t\t<\/span>\n\t\t<\/div>\n\t\t\t\t\t\t<\/div>\n\t\t\t\t<\/div>\n\t\t\t\t<div class=\"elementor-element elementor-element-b77b6ab elementor-widget elementor-widget-icon-box\" data-id=\"b77b6ab\" data-element_type=\"widget\" data-e-type=\"widget\" data-widget_type=\"icon-box.default\">\n\t\t\t\t<div class=\"elementor-widget-container\">\n\t\t\t\t\t\t\t<div class=\"elementor-icon-box-wrapper\">\n\n\t\t\t\n\t\t\t\t\t\t<div class=\"elementor-icon-box-content\">\n\n\t\t\t\t\t\t\t\t\t<h3 class=\"elementor-icon-box-title\">\n\t\t\t\t\t\t<span  >\n\t\t\t\t\t\t\tAdres\u0103\t\t\t\t\t\t<\/span>\n\t\t\t\t\t<\/h3>\n\t\t\t\t\n\t\t\t\t\t\t\t\t\t<p class=\"elementor-icon-box-description\">\n\t\t\t\t\t\tCentrul Integrat de Medicin\u0103 Dentar\u0103<\/br>\nStr. Gheorghe Marinescu Nr. 38\nT\u00e2rgu Mure\u0219, 540142\nRom\u00e2nia\t\t\t\t\t<\/p>\n\t\t\t\t\n\t\t\t<\/div>\n\t\t\t\n\t\t<\/div>\n\t\t\t\t\t\t<\/div>\n\t\t\t\t<\/div>\n\t\t\t\t<div class=\"elementor-element elementor-element-37aa020 elementor-widget elementor-widget-icon-box\" data-id=\"37aa020\" data-element_type=\"widget\" data-e-type=\"widget\" data-widget_type=\"icon-box.default\">\n\t\t\t\t<div class=\"elementor-widget-container\">\n\t\t\t\t\t\t\t<div class=\"elementor-icon-box-wrapper\">\n\n\t\t\t\n\t\t\t\t\t\t<div class=\"elementor-icon-box-content\">\n\n\t\t\t\t\t\t\t\t\t<h3 class=\"elementor-icon-box-title\">\n\t\t\t\t\t\t<span  >\n\t\t\t\t\t\t\tPersoan\u0103 de contact\t\t\t\t\t\t<\/span>\n\t\t\t\t\t<\/h3>\n\t\t\t\t\n\t\t\t\t\t\t\t\t\t<p class=\"elementor-icon-box-description\">\n\t\t\t\t\t\t\u0218ef lucr. dr. Pop Mihai\t\t\t\t\t<\/p>\n\t\t\t\t\n\t\t\t<\/div>\n\t\t\t\n\t\t<\/div>\n\t\t\t\t\t\t<\/div>\n\t\t\t\t<\/div>\n\t\t\t\t<div data-dce-title-color=\"#0F0F0F\" class=\"elementor-element elementor-element-62dc878 elementor-widget elementor-widget-icon-box\" data-id=\"62dc878\" data-element_type=\"widget\" data-e-type=\"widget\" data-widget_type=\"icon-box.default\">\n\t\t\t\t<div class=\"elementor-widget-container\">\n\t\t\t\t\t\t\t<div class=\"elementor-icon-box-wrapper\">\n\n\t\t\t\n\t\t\t\t\t\t<div class=\"elementor-icon-box-content\">\n\n\t\t\t\t\t\t\t\t\t<h3 class=\"elementor-icon-box-title\">\n\t\t\t\t\t\t<a href=\"mailto:%20mihai.pop@umfst.ro\" >\n\t\t\t\t\t\t\tE-mail\t\t\t\t\t\t<\/a>\n\t\t\t\t\t<\/h3>\n\t\t\t\t\n\t\t\t\t\t\t\t\t\t<p class=\"elementor-icon-box-description\">\n\t\t\t\t\t\tmihai.pop@umfst.ro\t\t\t\t\t<\/p>\n\t\t\t\t\n\t\t\t<\/div>\n\t\t\t\n\t\t<\/div>\n\t\t\t\t\t\t<\/div>\n\t\t\t\t<\/div>\n\t\t\t\t<div class=\"elementor-element elementor-element-66644b5 elementor-widget__width-initial elementor-widget elementor-widget-icon-box\" data-id=\"66644b5\" data-element_type=\"widget\" data-e-type=\"widget\" data-widget_type=\"icon-box.default\">\n\t\t\t\t<div class=\"elementor-widget-container\">\n\t\t\t\t\t\t\t<div class=\"elementor-icon-box-wrapper\">\n\n\t\t\t\n\t\t\t\t\t\t<div class=\"elementor-icon-box-content\">\n\n\t\t\t\t\t\t\t\t\t<h3 class=\"elementor-icon-box-title\">\n\t\t\t\t\t\t<span  >\n\t\t\t\t\t\t\tTelefon\t\t\t\t\t\t<\/span>\n\t\t\t\t\t<\/h3>\n\t\t\t\t\n\t\t\t\t\t\t\t\t\t<p class=\"elementor-icon-box-description\">\n\t\t\t\t\t\t+40-265-215.551\t\t\t\t\t<\/p>\n\t\t\t\t\n\t\t\t<\/div>\n\t\t\t\n\t\t<\/div>\n\t\t\t\t\t\t<\/div>\n\t\t\t\t<\/div>\n\t\t\t\t\t<\/div>\n\t\t<\/div>\n\t\t\t\t\t<\/div>\n\t\t<\/section>\n\t\t\t\t\t<\/div>\n\t\t<\/div>\n\t\t\t\t\t<\/div>\n\t\t<\/section>\n\t\t\t\t<\/div>","protected":false},"excerpt":{"rendered":"<p>Colectivul disciplinei \u015eef disciplin\u0103\u0218ef lucr. dr. Pop Mihai CV MembriProf. univ. dr. Monea Monica Dana CV\u0218ef lucr. dr. Monea Adriana Maria CV\u0218ef lucr. dr. Kovacs Monika CV\u0218ef lucr. dr. H\u0103n\u021boiu Tudor CV\u0218ef lucr. dr. Stoica Alexandra Mihaela CV\u0218ef lucr. dr. Kovacs Ivacson Andreea Czinszka CV\u0218ef lucr. dr. Sita Dan Drago\u0219 CVAsist. univ. drd. Dako Timea [&hellip;]<\/p>\n","protected":false},"author":4,"featured_media":0,"parent":64,"menu_order":0,"comment_status":"closed","ping_status":"closed","template":"","meta":{"_relevanssi_hide_post":"","_relevanssi_hide_content":"","_relevanssi_pin_for_all":"","_relevanssi_pin_keywords":"","_relevanssi_unpin_keywords":"","_relevanssi_related_keywords":"","_relevanssi_related_include_ids":"","_relevanssi_related_exclude_ids":"","_relevanssi_related_no_append":"","_relevanssi_related_not_related":"","_relevanssi_related_posts":"1","_relevanssi_noindex_reason":"","footnotes":""},"categories":[13,32],"tags":[],"class_list":["post-66","page","type-page","status-publish","hentry","category-pagina-cu-sidebar","category-pagina-departamente-si-discipline"],"meta_box":[],"_links":{"self":[{"href":"https:\/\/umfst.ro\/facultatea-de-medicina-dentara\/hu\/wp-json\/wp\/v2\/pages\/66","targetHints":{"allow":["GET"]}}],"collection":[{"href":"https:\/\/umfst.ro\/facultatea-de-medicina-dentara\/hu\/wp-json\/wp\/v2\/pages"}],"about":[{"href":"https:\/\/umfst.ro\/facultatea-de-medicina-dentara\/hu\/wp-json\/wp\/v2\/types\/page"}],"author":[{"embeddable":true,"href":"https:\/\/umfst.ro\/facultatea-de-medicina-dentara\/hu\/wp-json\/wp\/v2\/users\/4"}],"replies":[{"embeddable":true,"href":"https:\/\/umfst.ro\/facultatea-de-medicina-dentara\/hu\/wp-json\/wp\/v2\/comments?post=66"}],"version-history":[{"count":66,"href":"https:\/\/umfst.ro\/facultatea-de-medicina-dentara\/hu\/wp-json\/wp\/v2\/pages\/66\/revisions"}],"predecessor-version":[{"id":3549,"href":"https:\/\/umfst.ro\/facultatea-de-medicina-dentara\/hu\/wp-json\/wp\/v2\/pages\/66\/revisions\/3549"}],"up":[{"embeddable":true,"href":"https:\/\/umfst.ro\/facultatea-de-medicina-dentara\/hu\/wp-json\/wp\/v2\/pages\/64"}],"wp:attachment":[{"href":"https:\/\/umfst.ro\/facultatea-de-medicina-dentara\/hu\/wp-json\/wp\/v2\/media?parent=66"}],"wp:term":[{"taxonomy":"category","embeddable":true,"href":"https:\/\/umfst.ro\/facultatea-de-medicina-dentara\/hu\/wp-json\/wp\/v2\/categories?post=66"},{"taxonomy":"post_tag","embeddable":true,"href":"https:\/\/umfst.ro\/facultatea-de-medicina-dentara\/hu\/wp-json\/wp\/v2\/tags?post=66"}],"curies":[{"name":"wp","href":"https:\/\/api.w.org\/{rel}","templated":true}]}}