{"id":87,"date":"2022-11-17T18:10:16","date_gmt":"2022-11-17T18:10:16","guid":{"rendered":"https:\/\/dev.umfst.ro\/facultatea-de-medicina-dentara\/?page_id=87"},"modified":"2024-08-27T18:51:17","modified_gmt":"2024-08-27T18:51:17","slug":"ortodontie","status":"publish","type":"page","link":"https:\/\/umfst.ro\/facultatea-de-medicina-dentara\/hu\/departamente-si-discipline\/departamentul-md1\/ortodontie\/","title":{"rendered":"Ortodon\u021bie"},"content":{"rendered":"<div data-elementor-type=\"wp-page\" data-elementor-id=\"87\" class=\"elementor elementor-87\" data-elementor-post-type=\"page\">\n\t\t\t\t\t\t<section class=\"elementor-section elementor-top-section elementor-element elementor-element-a747c10 elementor-section-boxed elementor-section-height-default elementor-section-height-default\" data-id=\"a747c10\" data-element_type=\"section\" data-e-type=\"section\">\n\t\t\t\t\t\t<div class=\"elementor-container elementor-column-gap-default\">\n\t\t\t\t\t<div class=\"elementor-column elementor-col-50 elementor-top-column elementor-element elementor-element-cc98019\" data-id=\"cc98019\" data-element_type=\"column\" data-e-type=\"column\">\n\t\t\t<div class=\"elementor-widget-wrap elementor-element-populated\">\n\t\t\t\t\t\t<div class=\"elementor-element elementor-element-09ad68e elementor-widget elementor-widget-text-editor\" data-id=\"09ad68e\" data-element_type=\"widget\" data-e-type=\"widget\" data-widget_type=\"text-editor.default\">\n\t\t\t\t<div class=\"elementor-widget-container\">\n\t\t\t\t\t\t\t\t\t<h2>Membrii disciplinei<\/h2><p><strong>\u015eef\u00a0 disciplin\u0103<br \/><\/strong>Prof. univ. dr. P\u0103curar Mariana <a href=\"https:\/\/www.umfst.ro\/fileadmin\/f_medicina_dentara\/cadre_didactice\/cv\/pacurar.mariana.pdf\">CV<\/a><\/p><p><strong>Membri<br \/><\/strong>Prof. univ. dr. Martha Ildiko Krisztina <a href=\"https:\/\/www.umfst.ro\/fileadmin\/f_medicina_dentara\/cadre_didactice\/cv\/martha.krisztina.pdf\">CV<\/a><br \/>Conf. univ. dr. Bud Eugen-Silviu <a href=\"https:\/\/www.umfst.ro\/fileadmin\/f_medicina_dentara\/cadre_didactice\/cv\/bud.eugen.pdf\">CV<\/a><br \/>Conf. univ. dr. Pop Silvia Izabella <a href=\"https:\/\/www.umfst.ro\/fileadmin\/f_medicina_dentara\/cadre_didactice\/cv\/pop.silvia.pdf\">CV<\/a><br \/>\u0218ef lucr. dr. Chibelean Manuela <a href=\"https:\/\/www.umfst.ro\/fileadmin\/f_medicina_dentara\/cadre_didactice\/cv\/chibelean.manuela.pdf\">CV<\/a><br \/>\u0218ef lucr. dr. El-Saafin Mahmoud Nabil <a href=\"https:\/\/www.umfst.ro\/fileadmin\/f_medicina_dentara\/cadre_didactice\/cv\/mahmoud.ElSaafin.pdf\">CV<\/a><br \/>Asist. univ. drd. Coman Tatiana <a href=\"https:\/\/www.umfst.ro\/fileadmin\/f_medicina_dentara\/cadre_didactice\/cv\/coman.tatiana.pdf\">CV<\/a><\/p>\t\t\t\t\t\t\t\t<\/div>\n\t\t\t\t<\/div>\n\t\t\t\t<div class=\"elementor-element elementor-element-3403706 elementor-widget elementor-widget-heading\" data-id=\"3403706\" data-element_type=\"widget\" data-e-type=\"widget\" data-widget_type=\"heading.default\">\n\t\t\t\t<div class=\"elementor-widget-container\">\n\t\t\t\t\t<h2 class=\"elementor-heading-title elementor-size-default\">Activitate didactic\u0103<\/h2>\t\t\t\t<\/div>\n\t\t\t\t<\/div>\n\t\t\t\t<div class=\"elementor-element elementor-element-0af46ae elementor-widget elementor-widget-jet-accordion\" data-id=\"0af46ae\" data-element_type=\"widget\" data-e-type=\"widget\" data-widget_type=\"jet-accordion.default\">\n\t\t\t\t<div class=\"elementor-widget-container\">\n\t\t\t\t\t\t\t\t\t<div class=\"jet-accordion\" data-settings=\"{&quot;collapsible&quot;:false,&quot;ajaxTemplate&quot;:false,&quot;switchScrolling&quot;:false,&quot;switchScrollingTablet&quot;:false,&quot;switchScrollingMobile&quot;:false,&quot;switchScrollingOffset&quot;:{&quot;size&quot;:0,&quot;unit&quot;:&quot;px&quot;},&quot;switchScrollingOffsetTablet&quot;:{&quot;size&quot;:0,&quot;unit&quot;:&quot;px&quot;},&quot;switchScrollingOffsetMobile&quot;:{&quot;size&quot;:0,&quot;unit&quot;:&quot;px&quot;},&quot;switchScrollingDelay&quot;:500,&quot;switchScrollingDelayTablet&quot;:500,&quot;switchScrollingDelayMobile&quot;:500}\">\n\t\t\t<div class=\"jet-accordion__inner\">\n\t\t\t\t<div class=\"jet-accordion__item jet-toggle jet-toggle-move-up-effect\">\n\t\t\t\t\t\t\t<div id=\"jet-toggle-control-1141\" class=\"jet-toggle__control elementor-menu-anchor\" data-toggle=\"1\" role=\"button\" tabindex=\"0\" aria-controls=\"jet-toggle-content-1141\" aria-expanded=\"false\" data-template-id=\"false\">\n\t\t\t\t\t\t\t\t<div class=\"jet-toggle__label-icon jet-toggle-icon-position-right\"><span class=\"jet-toggle__icon icon-normal jet-tabs-icon\"><svg xmlns=\"http:\/\/www.w3.org\/2000\/svg\" viewbox=\"0 0 448 512\"><path d=\"M256 80c0-17.7-14.3-32-32-32s-32 14.3-32 32V224H48c-17.7 0-32 14.3-32 32s14.3 32 32 32H192V432c0 17.7 14.3 32 32 32s32-14.3 32-32V288H400c17.7 0 32-14.3 32-32s-14.3-32-32-32H256V80z\"><\/path><\/svg><\/span><span class=\"jet-toggle__icon icon-active jet-tabs-icon\"><svg xmlns=\"http:\/\/www.w3.org\/2000\/svg\" viewbox=\"0 0 448 512\"><path d=\"M432 256c0 17.7-14.3 32-32 32L48 288c-17.7 0-32-14.3-32-32s14.3-32 32-32l352 0c17.7 0 32 14.3 32 32z\"><\/path><\/svg><\/span><\/div><div class=\"jet-toggle__label-text\">Manuale \u0219i \u00eendrum\u0103toare de lucr\u0103ri practice<\/div>\t\t\t\t\t\t\t<\/div>\n\t\t\t\t\t\t\t<div id=\"jet-toggle-content-1141\" class=\"jet-toggle__content\" data-toggle=\"1\" role=\"region\" data-template-id=\"false\">\n\t\t\t\t\t\t\t\t<div class=\"jet-toggle__content-inner\"><p>1. Pop SI, P\u0103curar M, Bratu C, Olteanu C.\u00a0<b><i>Aparate ortodontice,<\/i><\/b> Ed. University Press 2018 ISBN: 978- 973-169-519-8<\/p><p>2. Nagy-Bota MC, Br\u00eenzaniuc K, P\u0103curar M.\u00a0<b><i>Anatomia \u0219i clinica erup\u021biei dentare<\/i><\/b>, Ed. University Press 2017, ISBN : 978- 973-169-492-4<\/p><p>3. Bucur SM, P\u0103curar M.\u00a0<b><i>Rolul \u0219i impactul psihologiei \u00een stomatologia pediatric\u0103<\/i>\u00a0<\/b>Ed. University Press 2017, ISBN : 978- 973-169-511-2<\/p><p>4. Martha K, Bica C.\u00a0<b><i>Ortho-Atlas<\/i><\/b>. Editura University Press T\u00e2rgu Mure\u015f, 2015, ISBN 978973-169-329-3<\/p><p>5. Pop Silvia-Izabella, Bratu Cristina , M P\u0103curar.\u00a0<b><i>No\u0163iuni de biomecanic\u0103 \u00een tratamentul ortodontic fix,\u00a0<\/i><\/b>Ed. University Press, 2015, ISBN : 978-973-169-427-6<\/p><p>6. Bere\u015fescu L, P\u0103curar M, Kovacs M, Pop M.\u00a0<b><i>Sigilarea \u015fi fluorizarea \u00een contextul cario-profilaxiei moderne.\u00a0<\/i><\/b>Ed. University Press 2015, ISBN: 978-973-169-405-4<\/p><p>7. P\u0103curar M, Bud E, Chibelean M.\u00a0<b><i>Ancorajul \u00een Ortodon\u021bie,<\/i><\/b>\u00a0Ed. University Press 2015, ISBN :978-973- 7665-90-4<\/p><p>8. M\u00e1rtha K.\u00a0<b><i>Gyerekfog\u00e1szat<\/i><\/b>. Editura University Press T\u00e2rgu Mure\u015f, 2013<\/p><p>9. Popovici RA, Ciobanu V, Podariu A, P\u0103curar M.\u00a0<b><i>S\u0103n\u0103tate public\u0103 oral\u0103. Management epidemiologic \u015fi biostatistic\u0103 medical\u0103.\u00a0<\/i><\/b>Ed. Mirton Timi\u015foara 2013 , ISBN : 978-973-52-1414-2<\/p><p>10. P\u0103curar M, Roman D, Jipa I.\u00a0<b><i>Estetica \u00een Ortodon\u021bie<\/i><\/b>, Ed. University Press Tg.Mure\u015f,2012, ISBN : 978-973- 7665-90-4<\/p><p>11. Horga C, P\u0103curar M.\u00a0<b><i>Dentogenie \u015fi estetic\u0103 facial\u0103<\/i><\/b>. Ed. University Tg.Mure\u015f, 2009, ISBN : 978-973- 7665-90-4<\/p><p>12. M\u00e1rtha K.\u00a0<b><i>Tejfogak patol\u00f3gi\u00e1ja \u00e9s k\u00f3rtana.<\/i><\/b>\u00a0Litografia UMF T\u00e2rgu Mure\u015f, 2009<\/p><\/div>\n\t\t\t\t\t\t\t<\/div>\n\t\t\t\t\t\t<\/div><div class=\"jet-accordion__item jet-toggle jet-toggle-move-up-effect\">\n\t\t\t\t\t\t\t<div id=\"jet-toggle-control-1142\" class=\"jet-toggle__control elementor-menu-anchor\" data-toggle=\"2\" role=\"button\" tabindex=\"0\" aria-controls=\"jet-toggle-content-1142\" aria-expanded=\"false\" data-template-id=\"false\">\n\t\t\t\t\t\t\t\t<div class=\"jet-toggle__label-icon jet-toggle-icon-position-right\"><span class=\"jet-toggle__icon icon-normal jet-tabs-icon\"><svg xmlns=\"http:\/\/www.w3.org\/2000\/svg\" viewbox=\"0 0 448 512\"><path d=\"M256 80c0-17.7-14.3-32-32-32s-32 14.3-32 32V224H48c-17.7 0-32 14.3-32 32s14.3 32 32 32H192V432c0 17.7 14.3 32 32 32s32-14.3 32-32V288H400c17.7 0 32-14.3 32-32s-14.3-32-32-32H256V80z\"><\/path><\/svg><\/span><span class=\"jet-toggle__icon icon-active jet-tabs-icon\"><svg xmlns=\"http:\/\/www.w3.org\/2000\/svg\" viewbox=\"0 0 448 512\"><path d=\"M432 256c0 17.7-14.3 32-32 32L48 288c-17.7 0-32-14.3-32-32s14.3-32 32-32l352 0c17.7 0 32 14.3 32 32z\"><\/path><\/svg><\/span><\/div><div class=\"jet-toggle__label-text\">Bibliografie<\/div>\t\t\t\t\t\t\t<\/div>\n\t\t\t\t\t\t\t<div id=\"jet-toggle-content-1142\" class=\"jet-toggle__content\" data-toggle=\"2\" role=\"region\" data-template-id=\"false\">\n\t\t\t\t\t\t\t\t<div class=\"jet-toggle__content-inner\"><ol><li><em>Clinical aspects of dento-maxillary anomalies<\/em> \u2013 M. P\u0103curar, M. ElSaafin, Editura University Press, T\u00e2rgu Mure\u0219, 2021, ISBN 978-973-169-717-8<\/li><li><em>Aparate ortodontice<\/em> \u2013 S. Pop, M. P\u0103curar, C. Bratu, C. Olteanu<strong><em>,<\/em><\/strong>\u00a0Editura University Press, T\u00e2rgu Mure\u0219, 2018, ISBN 978-973-169-519-8<\/li><li><em>Anatomia <\/em><em>\u0219<\/em><em>i clinica erup<\/em><em>\u021b<\/em><em>iei dentare<\/em> \u2013 M. Nagy-Bota, K. Br\u00eenzaniuc, M. P\u0103curar, Editura University Press, T\u00e2rgu Mure\u0219, 2017, ISBN 978-973-169-492-4<\/li><li><em>Rolul <\/em><em>\u0219<\/em><em>i impactul psihologiei <\/em><em>\u00ee<\/em><em>n stomatologia pediatric<\/em><em>\u0103<\/em> \u2013 S. Bucur, M. P\u0103curar, Editura University Press, T\u00e2rgu Mure\u0219, 2017, ISBN 978-973-169-511-2<\/li><li><em>Ortho-Atlas<\/em> \u2013 K. Martha, C. Bica, Editura University Press, T\u00e2rgu Mure\u015f, 2015, ISBN 978973-169-329-3<\/li><li><em>No<\/em><em>\u0163<\/em><em>iuni de biomecanic<\/em><em>\u0103<\/em> <em>\u00ee<\/em><em>n tratamentul ortodontic fix<\/em> \u2013 S. Pop, C. Bratu, M. P\u0103curar<strong><em>,<\/em><\/strong><strong><em>\u00a0<\/em><\/strong>Editura University Press, T\u00e2rgu Mure\u0219, 2015, ISBN 978-973-169-427-6<\/li><li><em>Sigilarea <\/em><em>\u015f<\/em><em>i fluorizarea \u00een contextul cario-profilaxiei moderne<\/em> \u2013 L. Bere\u015fescu, M. P\u0103curar, M. Kovacs, M. Pop,<strong><em>\u00a0<\/em><\/strong>Editura University Press, T\u00e2rgu Mure\u0219, 2015, ISBN 978-973-169-405-4<\/li><li><em>Ancorajul \u00een ortodon<\/em><em>\u021b<\/em><em>ie \u2013<\/em> M. P\u0103curar, E. Bud, M. Chibelean, Editura University Press, T\u00e2rgu Mure\u0219, 2015, ISBN 978-973-7665-90-4<\/li><li><em>Gyerekfog\u00e1szat<\/em> \u2013 K. M\u00e1rtha, Editura University Press, T\u00e2rgu Mure\u015f, 2013<\/li><li><em>S<\/em><em>\u0103<\/em><em>n<\/em><em>\u0103<\/em><em>tate public<\/em><em>\u0103<\/em><em> oral<\/em><em>\u0103<\/em><em>. Management epidemiologic <\/em><em>\u015f<\/em><em>i biostatistic<\/em><em>\u0103<\/em><em> medical\u0103 \u2013RA. <\/em>Popovici, V. Ciobanu, A. Podariu, M. P\u0103curar, Editura Mirton, Timi\u015foara, 2013 , ISBN 978-973-52-1414-2<\/li><li><em>Estetica \u00een ortodon<\/em><em>\u021b<\/em><em>ie<\/em> \u2013 M. P\u0103curar, D. Roman, I. Jipa, Editura University Press, T\u00e2rgu Mure\u015f, 2012, ISBN 978-973-7665-90-4<\/li><li><em>Dentogenie <\/em><em>\u015f<\/em><em>i estetic<\/em><em>\u0103<\/em><em> facial<\/em><em>\u0103<\/em> \u2013 C. Horga, M. P\u0103curar, Editura University Press, T\u00e2rgu Mure\u015f, 2009, ISBN 978-973-7665-90-4<\/li><li><em>Tejfogak patol\u00f3gi\u00e1ja \u00e9s k\u00f3rtana<\/em> \u2013 K. M\u00e1rtha,\u00a0Litografia UMF, T\u00e2rgu Mure\u015f, 2009<\/li><\/ol><\/div>\n\t\t\t\t\t\t\t<\/div>\n\t\t\t\t\t\t<\/div>\t\t\t<\/div>\n\t\t<\/div>\n\t\t\t\t\t\t<\/div>\n\t\t\t\t<\/div>\n\t\t\t\t\t<\/div>\n\t\t<\/div>\n\t\t\t\t<div class=\"elementor-column elementor-col-50 elementor-top-column elementor-element elementor-element-1931dfe\" data-id=\"1931dfe\" data-element_type=\"column\" data-e-type=\"column\">\n\t\t\t<div class=\"elementor-widget-wrap elementor-element-populated\">\n\t\t\t\t\t\t<section class=\"elementor-section elementor-inner-section elementor-element elementor-element-63bdfea elementor-section-boxed elementor-section-height-default elementor-section-height-default\" data-id=\"63bdfea\" data-element_type=\"section\" data-e-type=\"section\">\n\t\t\t\t\t\t<div class=\"elementor-container elementor-column-gap-default\">\n\t\t\t\t\t<div data-dce-background-color=\"#F2F7FF\" class=\"elementor-column elementor-col-100 elementor-inner-column elementor-element elementor-element-18cac61\" data-id=\"18cac61\" data-element_type=\"column\" data-e-type=\"column\" data-settings=\"{&quot;background_background&quot;:&quot;classic&quot;}\">\n\t\t\t<div class=\"elementor-widget-wrap elementor-element-populated\">\n\t\t\t\t\t\t<div class=\"elementor-element elementor-element-0dfc8e6 elementor-widget elementor-widget-heading\" data-id=\"0dfc8e6\" data-element_type=\"widget\" data-e-type=\"widget\" data-widget_type=\"heading.default\">\n\t\t\t\t<div class=\"elementor-widget-container\">\n\t\t\t\t\t<h5 class=\"elementor-heading-title elementor-size-default\">Contact<\/h5>\t\t\t\t<\/div>\n\t\t\t\t<\/div>\n\t\t\t\t<div class=\"elementor-element elementor-element-0c49b13 elementor-widget-divider--view-line elementor-widget elementor-widget-divider\" data-id=\"0c49b13\" data-element_type=\"widget\" data-e-type=\"widget\" data-widget_type=\"divider.default\">\n\t\t\t\t<div class=\"elementor-widget-container\">\n\t\t\t\t\t\t\t<div class=\"elementor-divider\">\n\t\t\t<span class=\"elementor-divider-separator\">\n\t\t\t\t\t\t<\/span>\n\t\t<\/div>\n\t\t\t\t\t\t<\/div>\n\t\t\t\t<\/div>\n\t\t\t\t<div class=\"elementor-element elementor-element-37a01b4 elementor-widget elementor-widget-icon-box\" data-id=\"37a01b4\" data-element_type=\"widget\" data-e-type=\"widget\" data-widget_type=\"icon-box.default\">\n\t\t\t\t<div class=\"elementor-widget-container\">\n\t\t\t\t\t\t\t<div class=\"elementor-icon-box-wrapper\">\n\n\t\t\t\n\t\t\t\t\t\t<div class=\"elementor-icon-box-content\">\n\n\t\t\t\t\t\t\t\t\t<h3 class=\"elementor-icon-box-title\">\n\t\t\t\t\t\t<span  >\n\t\t\t\t\t\t\tAdres\u0103\t\t\t\t\t\t<\/span>\n\t\t\t\t\t<\/h3>\n\t\t\t\t\n\t\t\t\t\t\t\t\t\t<p class=\"elementor-icon-box-description\">\n\t\t\t\t\t\tCentrul Integrat de Medicin\u0103 Dentar\u0103 <\/br>\nStr. Gheorghe Marinescu Nr. 38  <\/br>\nT\u00e2rgu Mure\u0219, 540139\nRom\u00e2nia\t\t\t\t\t<\/p>\n\t\t\t\t\n\t\t\t<\/div>\n\t\t\t\n\t\t<\/div>\n\t\t\t\t\t\t<\/div>\n\t\t\t\t<\/div>\n\t\t\t\t<div class=\"elementor-element elementor-element-7741888 elementor-widget elementor-widget-icon-box\" data-id=\"7741888\" data-element_type=\"widget\" data-e-type=\"widget\" data-widget_type=\"icon-box.default\">\n\t\t\t\t<div class=\"elementor-widget-container\">\n\t\t\t\t\t\t\t<div class=\"elementor-icon-box-wrapper\">\n\n\t\t\t\n\t\t\t\t\t\t<div class=\"elementor-icon-box-content\">\n\n\t\t\t\t\t\t\t\t\t<h3 class=\"elementor-icon-box-title\">\n\t\t\t\t\t\t<span  >\n\t\t\t\t\t\t\tPersoan\u0103 de contact\t\t\t\t\t\t<\/span>\n\t\t\t\t\t<\/h3>\n\t\t\t\t\n\t\t\t\t\t\t\t\t\t<p class=\"elementor-icon-box-description\">\n\t\t\t\t\t\tProf. univ. dr. Mariana P\u0103curar\t\t\t\t\t<\/p>\n\t\t\t\t\n\t\t\t<\/div>\n\t\t\t\n\t\t<\/div>\n\t\t\t\t\t\t<\/div>\n\t\t\t\t<\/div>\n\t\t\t\t<div data-dce-title-color=\"#0F0F0F\" class=\"elementor-element elementor-element-a73fd5d elementor-widget elementor-widget-icon-box\" data-id=\"a73fd5d\" data-element_type=\"widget\" data-e-type=\"widget\" data-widget_type=\"icon-box.default\">\n\t\t\t\t<div class=\"elementor-widget-container\">\n\t\t\t\t\t\t\t<div class=\"elementor-icon-box-wrapper\">\n\n\t\t\t\n\t\t\t\t\t\t<div class=\"elementor-icon-box-content\">\n\n\t\t\t\t\t\t\t\t\t<h3 class=\"elementor-icon-box-title\">\n\t\t\t\t\t\t<a href=\"mailto:mariana.pacurar@umfst.ro\" >\n\t\t\t\t\t\t\tE-mail\t\t\t\t\t\t<\/a>\n\t\t\t\t\t<\/h3>\n\t\t\t\t\n\t\t\t\t\t\t\t\t\t<p class=\"elementor-icon-box-description\">\n\t\t\t\t\t\tmariana.pacurar@umfst.ro\t\t\t\t\t<\/p>\n\t\t\t\t\n\t\t\t<\/div>\n\t\t\t\n\t\t<\/div>\n\t\t\t\t\t\t<\/div>\n\t\t\t\t<\/div>\n\t\t\t\t<div class=\"elementor-element elementor-element-763e982 elementor-widget__width-initial elementor-widget elementor-widget-icon-box\" data-id=\"763e982\" data-element_type=\"widget\" data-e-type=\"widget\" data-widget_type=\"icon-box.default\">\n\t\t\t\t<div class=\"elementor-widget-container\">\n\t\t\t\t\t\t\t<div class=\"elementor-icon-box-wrapper\">\n\n\t\t\t\n\t\t\t\t\t\t<div class=\"elementor-icon-box-content\">\n\n\t\t\t\t\t\t\t\t\t<h3 class=\"elementor-icon-box-title\">\n\t\t\t\t\t\t<span  >\n\t\t\t\t\t\t\tTelefon\t\t\t\t\t\t<\/span>\n\t\t\t\t\t<\/h3>\n\t\t\t\t\n\t\t\t\t\t\t\t\t\t<p class=\"elementor-icon-box-description\">\n\t\t\t\t\t\t+40-265-215.551\t\t\t\t\t<\/p>\n\t\t\t\t\n\t\t\t<\/div>\n\t\t\t\n\t\t<\/div>\n\t\t\t\t\t\t<\/div>\n\t\t\t\t<\/div>\n\t\t\t\t\t<\/div>\n\t\t<\/div>\n\t\t\t\t\t<\/div>\n\t\t<\/section>\n\t\t\t\t\t<\/div>\n\t\t<\/div>\n\t\t\t\t\t<\/div>\n\t\t<\/section>\n\t\t\t\t<\/div>","protected":false},"excerpt":{"rendered":"<p>Membrii disciplinei \u015eef\u00a0 disciplin\u0103Prof. univ. dr. P\u0103curar Mariana CV MembriProf. univ. dr. Martha Ildiko Krisztina CVConf. univ. dr. Bud Eugen-Silviu CVConf. univ. dr. Pop Silvia Izabella CV\u0218ef lucr. dr. Chibelean Manuela CV\u0218ef lucr. dr. El-Saafin Mahmoud Nabil CVAsist. univ. drd. Coman Tatiana CV Activitate didactic\u0103 Manuale \u0219i \u00eendrum\u0103toare de lucr\u0103ri practice 1. Pop SI, P\u0103curar [&hellip;]<\/p>\n","protected":false},"author":4,"featured_media":0,"parent":64,"menu_order":0,"comment_status":"closed","ping_status":"closed","template":"","meta":{"_relevanssi_hide_post":"","_relevanssi_hide_content":"","_relevanssi_pin_for_all":"","_relevanssi_pin_keywords":"","_relevanssi_unpin_keywords":"","_relevanssi_related_keywords":"","_relevanssi_related_include_ids":"","_relevanssi_related_exclude_ids":"","_relevanssi_related_no_append":"","_relevanssi_related_not_related":"","_relevanssi_related_posts":"1","_relevanssi_noindex_reason":"","footnotes":""},"categories":[13,32],"tags":[],"class_list":["post-87","page","type-page","status-publish","hentry","category-pagina-cu-sidebar","category-pagina-departamente-si-discipline"],"meta_box":[],"_links":{"self":[{"href":"https:\/\/umfst.ro\/facultatea-de-medicina-dentara\/hu\/wp-json\/wp\/v2\/pages\/87","targetHints":{"allow":["GET"]}}],"collection":[{"href":"https:\/\/umfst.ro\/facultatea-de-medicina-dentara\/hu\/wp-json\/wp\/v2\/pages"}],"about":[{"href":"https:\/\/umfst.ro\/facultatea-de-medicina-dentara\/hu\/wp-json\/wp\/v2\/types\/page"}],"author":[{"embeddable":true,"href":"https:\/\/umfst.ro\/facultatea-de-medicina-dentara\/hu\/wp-json\/wp\/v2\/users\/4"}],"replies":[{"embeddable":true,"href":"https:\/\/umfst.ro\/facultatea-de-medicina-dentara\/hu\/wp-json\/wp\/v2\/comments?post=87"}],"version-history":[{"count":30,"href":"https:\/\/umfst.ro\/facultatea-de-medicina-dentara\/hu\/wp-json\/wp\/v2\/pages\/87\/revisions"}],"predecessor-version":[{"id":3144,"href":"https:\/\/umfst.ro\/facultatea-de-medicina-dentara\/hu\/wp-json\/wp\/v2\/pages\/87\/revisions\/3144"}],"up":[{"embeddable":true,"href":"https:\/\/umfst.ro\/facultatea-de-medicina-dentara\/hu\/wp-json\/wp\/v2\/pages\/64"}],"wp:attachment":[{"href":"https:\/\/umfst.ro\/facultatea-de-medicina-dentara\/hu\/wp-json\/wp\/v2\/media?parent=87"}],"wp:term":[{"taxonomy":"category","embeddable":true,"href":"https:\/\/umfst.ro\/facultatea-de-medicina-dentara\/hu\/wp-json\/wp\/v2\/categories?post=87"},{"taxonomy":"post_tag","embeddable":true,"href":"https:\/\/umfst.ro\/facultatea-de-medicina-dentara\/hu\/wp-json\/wp\/v2\/tags?post=87"}],"curies":[{"name":"wp","href":"https:\/\/api.w.org\/{rel}","templated":true}]}}