{"id":141,"date":"2022-11-17T18:51:01","date_gmt":"2022-11-17T18:51:01","guid":{"rendered":"https:\/\/dev.umfst.ro\/facultatea-de-medicina-dentara\/?page_id=141"},"modified":"2025-11-25T09:03:09","modified_gmt":"2025-11-25T09:03:09","slug":"reabilitare-orala-si-ocluzologie","status":"publish","type":"page","link":"https:\/\/umfst.ro\/facultatea-de-medicina-dentara\/departamente-si-discipline\/departamentul-md2\/reabilitare-orala-si-ocluzologie\/","title":{"rendered":"Reabilitare oral\u0103 \u0219i ocluzologie"},"content":{"rendered":"\t\t<div data-elementor-type=\"wp-page\" data-elementor-id=\"141\" class=\"elementor elementor-141\" data-elementor-post-type=\"page\">\n\t\t\t\t\t\t<section class=\"elementor-section elementor-top-section elementor-element elementor-element-cb51d4f elementor-section-boxed elementor-section-height-default elementor-section-height-default\" data-id=\"cb51d4f\" data-element_type=\"section\" data-e-type=\"section\">\n\t\t\t\t\t\t<div class=\"elementor-container elementor-column-gap-default\">\n\t\t\t\t\t<div class=\"elementor-column elementor-col-50 elementor-top-column elementor-element elementor-element-e407fe8\" data-id=\"e407fe8\" data-element_type=\"column\" data-e-type=\"column\">\n\t\t\t<div class=\"elementor-widget-wrap elementor-element-populated\">\n\t\t\t\t\t\t<div class=\"elementor-element elementor-element-3ce9ec8 elementor-widget elementor-widget-text-editor\" data-id=\"3ce9ec8\" data-element_type=\"widget\" data-e-type=\"widget\" data-widget_type=\"text-editor.default\">\n\t\t\t\t<div class=\"elementor-widget-container\">\n\t\t\t\t\t\t\t\t\t<h2>Membrii disciplinei<\/h2><p><strong>\u015eef\u00a0 disciplin\u0103<br \/><\/strong>Prof. univ. dr. Suciu Mircea <a href=\"https:\/\/www.umfst.ro\/fileadmin\/f_medicina_dentara\/cadre_didactice\/cv\/Suciu.Mircea.pdf\">CV<\/a><\/p><p><strong>Membri<br \/><\/strong>Conf. univ. dr. Bechir Edwin Sever <a href=\"https:\/\/www.umfst.ro\/fileadmin\/f_medicina_dentara\/cadre_didactice\/cv\/Bechir.Edwin.Sever.pdf\">CV<\/a><br \/>Conf. univ. dr. Biri\u0219 Carmen Ioana <a href=\"https:\/\/www.umfst.ro\/fileadmin\/f_medicina_dentara\/cadre_didactice\/cv\/Biris.Carmen.pdf\">CV<\/a><br \/>\u0218ef lucr. dr. Horga Claudiu Vasile <a href=\"https:\/\/www.umfst.ro\/fileadmin\/f_medicina_dentara\/cadre_didactice\/cv\/Horga.Claudiu.Vasile.pdf\">CV<\/a><br \/>\u0218ef lucr. dr. Laz\u0103r Ana Petra <a href=\"https:\/\/www.umfst.ro\/fileadmin\/f_medicina_dentara\/cadre_didactice\/cv\/Lazar.Ana.Petra.pdf\">CV<\/a><br \/>\u0218ef lucr. dr. Bardocz-Veres Zsuzsanna <a href=\"https:\/\/www.umfst.ro\/fileadmin\/f_medicina_dentara\/cadre_didactice\/cv\/Bardocz.Veres.Zsuzsanna.pdf\">CV<\/a><br \/>Asist. univ. drd. B\u0103d\u0103r\u0103u-\u0218uster Andrei-Mario <a href=\"https:\/\/www.umfst.ro\/fileadmin\/f_medicina_dentara\/cadre_didactice\/cv\/B\u0103d\u0103r\u0103u-Suster_Andrei-Mario.pdf\">CV<\/a><\/p>\t\t\t\t\t\t\t\t<\/div>\n\t\t\t\t<\/div>\n\t\t\t\t<div class=\"elementor-element elementor-element-77b80a4 elementor-widget elementor-widget-heading\" data-id=\"77b80a4\" data-element_type=\"widget\" data-e-type=\"widget\" data-widget_type=\"heading.default\">\n\t\t\t\t<div class=\"elementor-widget-container\">\n\t\t\t\t\t<h2 class=\"elementor-heading-title elementor-size-default\">Activitate didactic\u0103<\/h2>\t\t\t\t<\/div>\n\t\t\t\t<\/div>\n\t\t\t\t<div class=\"elementor-element elementor-element-ed60dbd elementor-widget elementor-widget-jet-accordion\" data-id=\"ed60dbd\" data-element_type=\"widget\" data-e-type=\"widget\" data-widget_type=\"jet-accordion.default\">\n\t\t\t\t<div class=\"elementor-widget-container\">\n\t\t\t\t\t\t\t\t\t<div class=\"jet-accordion\" data-settings=\"{&quot;collapsible&quot;:false,&quot;ajaxTemplate&quot;:false,&quot;switchScrolling&quot;:false,&quot;switchScrollingTablet&quot;:false,&quot;switchScrollingMobile&quot;:false,&quot;switchScrollingOffset&quot;:{&quot;size&quot;:0,&quot;unit&quot;:&quot;px&quot;},&quot;switchScrollingOffsetTablet&quot;:{&quot;size&quot;:0,&quot;unit&quot;:&quot;px&quot;},&quot;switchScrollingOffsetMobile&quot;:{&quot;size&quot;:0,&quot;unit&quot;:&quot;px&quot;},&quot;switchScrollingDelay&quot;:500,&quot;switchScrollingDelayTablet&quot;:500,&quot;switchScrollingDelayMobile&quot;:500}\">\n\t\t\t<div class=\"jet-accordion__inner\">\n\t\t\t\t<div class=\" jet-accordion__item jet-toggle jet-toggle-move-up-effect \">\n\t\t\t\t\t\t\t<div id=\"jet-toggle-control-2481\" class=\"jet-toggle__control elementor-menu-anchor\" data-toggle=\"1\" role=\"button\" tabindex=\"0\" aria-controls=\"jet-toggle-content-2481\" aria-expanded=\"false\" data-template-id=\"false\">\n\t\t\t\t\t\t\t\t<div class=\"jet-toggle__label-icon jet-toggle-icon-position-right\"><span class=\"jet-toggle__icon icon-normal jet-tabs-icon\"><svg xmlns=\"http:\/\/www.w3.org\/2000\/svg\" viewBox=\"0 0 448 512\"><path d=\"M256 80c0-17.7-14.3-32-32-32s-32 14.3-32 32V224H48c-17.7 0-32 14.3-32 32s14.3 32 32 32H192V432c0 17.7 14.3 32 32 32s32-14.3 32-32V288H400c17.7 0 32-14.3 32-32s-14.3-32-32-32H256V80z\"><\/path><\/svg><\/span><span class=\"jet-toggle__icon icon-active jet-tabs-icon\"><svg xmlns=\"http:\/\/www.w3.org\/2000\/svg\" viewBox=\"0 0 448 512\"><path d=\"M432 256c0 17.7-14.3 32-32 32L48 288c-17.7 0-32-14.3-32-32s14.3-32 32-32l352 0c17.7 0 32 14.3 32 32z\"><\/path><\/svg><\/span><\/div><div class=\"jet-toggle__label-text\">Manuale \u0219i \u00eendrum\u0103toare de lucr\u0103ri practice<\/div>\t\t\t\t\t\t\t<\/div>\n\t\t\t\t\t\t\t<div id=\"jet-toggle-content-2481\" class=\"jet-toggle__content\" data-toggle=\"1\" role=\"region\" data-template-id=\"false\">\n\t\t\t\t\t\t\t\t<div class=\"jet-toggle__content-inner\"><ol><li><em>Implanto-prosthetic therapies<\/em> \u2013 E.S. Bechir, M. Suciu, F.D. Berneanu, University Press, T\u00e2rgu Mure\u015f, 2019<\/li><li><em>No\u0163iuni de dentogenie \u015fi estetic\u0103 facial\u0103 \u2013<\/em> Horga\u00a0\u00a0University Press, T\u00e2rgu Mure\u015f, 2009<\/li><li><em>Dentogenie \u015fi estetic\u0103 facial\u0103<\/em> \u2013 C. Horga, M. P\u0103curar, E. Markovics, University Press, T\u00e2rgu Mure\u015f, 2008, ISBN 978-973-169-005-6<\/li><li><em>Ocluzologie <\/em>\u2013 C. Biri\u0219, S. Pop\u0219or, A. Luring, University Press, T\u00e2rgu Mure\u015f, 2007, ISBN 978-973-7665-80-5<\/li><\/ol><\/div>\n\t\t\t\t\t\t\t<\/div>\n\t\t\t\t\t\t<\/div>\t\t\t<\/div>\n\t\t<\/div>\n\t\t\t\t\t\t<\/div>\n\t\t\t\t<\/div>\n\t\t\t\t\t<\/div>\n\t\t<\/div>\n\t\t\t\t<div class=\"elementor-column elementor-col-50 elementor-top-column elementor-element elementor-element-9936256\" data-id=\"9936256\" data-element_type=\"column\" data-e-type=\"column\">\n\t\t\t<div class=\"elementor-widget-wrap elementor-element-populated\">\n\t\t\t\t\t\t<section class=\"elementor-section elementor-inner-section elementor-element elementor-element-d019ab0 elementor-section-boxed elementor-section-height-default elementor-section-height-default\" data-id=\"d019ab0\" data-element_type=\"section\" data-e-type=\"section\">\n\t\t\t\t\t\t<div class=\"elementor-container elementor-column-gap-default\">\n\t\t\t\t\t<div data-dce-background-color=\"#F2F7FF\" class=\"elementor-column elementor-col-100 elementor-inner-column elementor-element elementor-element-a1a2a38\" data-id=\"a1a2a38\" data-element_type=\"column\" data-e-type=\"column\" data-settings=\"{&quot;background_background&quot;:&quot;classic&quot;}\">\n\t\t\t<div class=\"elementor-widget-wrap elementor-element-populated\">\n\t\t\t\t\t\t<div class=\"elementor-element elementor-element-5b3d33f elementor-widget elementor-widget-heading\" data-id=\"5b3d33f\" data-element_type=\"widget\" data-e-type=\"widget\" data-widget_type=\"heading.default\">\n\t\t\t\t<div class=\"elementor-widget-container\">\n\t\t\t\t\t<h5 class=\"elementor-heading-title elementor-size-default\">Contact<\/h5>\t\t\t\t<\/div>\n\t\t\t\t<\/div>\n\t\t\t\t<div class=\"elementor-element elementor-element-f02b59e elementor-widget-divider--view-line elementor-widget elementor-widget-divider\" data-id=\"f02b59e\" data-element_type=\"widget\" data-e-type=\"widget\" data-widget_type=\"divider.default\">\n\t\t\t\t<div class=\"elementor-widget-container\">\n\t\t\t\t\t\t\t<div class=\"elementor-divider\">\n\t\t\t<span class=\"elementor-divider-separator\">\n\t\t\t\t\t\t<\/span>\n\t\t<\/div>\n\t\t\t\t\t\t<\/div>\n\t\t\t\t<\/div>\n\t\t\t\t<div class=\"elementor-element elementor-element-92de660 elementor-widget elementor-widget-icon-box\" data-id=\"92de660\" data-element_type=\"widget\" data-e-type=\"widget\" data-widget_type=\"icon-box.default\">\n\t\t\t\t<div class=\"elementor-widget-container\">\n\t\t\t\t\t\t\t<div class=\"elementor-icon-box-wrapper\">\n\n\t\t\t\n\t\t\t\t\t\t<div class=\"elementor-icon-box-content\">\n\n\t\t\t\t\t\t\t\t\t<h3 class=\"elementor-icon-box-title\">\n\t\t\t\t\t\t<span  >\n\t\t\t\t\t\t\tAdres\u0103\t\t\t\t\t\t<\/span>\n\t\t\t\t\t<\/h3>\n\t\t\t\t\n\t\t\t\t\t\t\t\t\t<p class=\"elementor-icon-box-description\">\n\t\t\t\t\t\tCentrul Integrat de Medicin\u0103 Dentar\u0103<\/br>\nStr. Gheorghe Marinescu Nr. 38\nT\u00e2rgu Mure\u0219, 540139\nRom\u00e2nia\t\t\t\t\t<\/p>\n\t\t\t\t\n\t\t\t<\/div>\n\t\t\t\n\t\t<\/div>\n\t\t\t\t\t\t<\/div>\n\t\t\t\t<\/div>\n\t\t\t\t<div class=\"elementor-element elementor-element-aa05126 elementor-widget elementor-widget-icon-box\" data-id=\"aa05126\" data-element_type=\"widget\" data-e-type=\"widget\" data-widget_type=\"icon-box.default\">\n\t\t\t\t<div class=\"elementor-widget-container\">\n\t\t\t\t\t\t\t<div class=\"elementor-icon-box-wrapper\">\n\n\t\t\t\n\t\t\t\t\t\t<div class=\"elementor-icon-box-content\">\n\n\t\t\t\t\t\t\t\t\t<h3 class=\"elementor-icon-box-title\">\n\t\t\t\t\t\t<span  >\n\t\t\t\t\t\t\tPersoan\u0103 de contact\t\t\t\t\t\t<\/span>\n\t\t\t\t\t<\/h3>\n\t\t\t\t\n\t\t\t\t\t\t\t\t\t<p class=\"elementor-icon-box-description\">\n\t\t\t\t\t\tProf. univ. dr. Mircea Suciu\t\t\t\t\t<\/p>\n\t\t\t\t\n\t\t\t<\/div>\n\t\t\t\n\t\t<\/div>\n\t\t\t\t\t\t<\/div>\n\t\t\t\t<\/div>\n\t\t\t\t<div data-dce-title-color=\"#0F0F0F\" class=\"elementor-element elementor-element-1a2e830 elementor-widget elementor-widget-icon-box\" data-id=\"1a2e830\" data-element_type=\"widget\" data-e-type=\"widget\" data-widget_type=\"icon-box.default\">\n\t\t\t\t<div class=\"elementor-widget-container\">\n\t\t\t\t\t\t\t<div class=\"elementor-icon-box-wrapper\">\n\n\t\t\t\n\t\t\t\t\t\t<div class=\"elementor-icon-box-content\">\n\n\t\t\t\t\t\t\t\t\t<h3 class=\"elementor-icon-box-title\">\n\t\t\t\t\t\t<a href=\"mailto:diana.cerghizan@umfst.ro\" >\n\t\t\t\t\t\t\tE-mail\t\t\t\t\t\t<\/a>\n\t\t\t\t\t<\/h3>\n\t\t\t\t\n\t\t\t\t\t\t\t\t\t<p class=\"elementor-icon-box-description\">\n\t\t\t\t\t\tmircea.suciu@umfst.ro\t\t\t\t\t<\/p>\n\t\t\t\t\n\t\t\t<\/div>\n\t\t\t\n\t\t<\/div>\n\t\t\t\t\t\t<\/div>\n\t\t\t\t<\/div>\n\t\t\t\t<div class=\"elementor-element elementor-element-2654355 elementor-widget__width-initial elementor-widget elementor-widget-icon-box\" data-id=\"2654355\" data-element_type=\"widget\" data-e-type=\"widget\" data-widget_type=\"icon-box.default\">\n\t\t\t\t<div class=\"elementor-widget-container\">\n\t\t\t\t\t\t\t<div class=\"elementor-icon-box-wrapper\">\n\n\t\t\t\n\t\t\t\t\t\t<div class=\"elementor-icon-box-content\">\n\n\t\t\t\t\t\t\t\t\t<h3 class=\"elementor-icon-box-title\">\n\t\t\t\t\t\t<span  >\n\t\t\t\t\t\t\tTelefon\t\t\t\t\t\t<\/span>\n\t\t\t\t\t<\/h3>\n\t\t\t\t\n\t\t\t\t\t\t\t\t\t<p class=\"elementor-icon-box-description\">\n\t\t\t\t\t\t+40-265-215.551\t\t\t\t\t<\/p>\n\t\t\t\t\n\t\t\t<\/div>\n\t\t\t\n\t\t<\/div>\n\t\t\t\t\t\t<\/div>\n\t\t\t\t<\/div>\n\t\t\t\t\t<\/div>\n\t\t<\/div>\n\t\t\t\t\t<\/div>\n\t\t<\/section>\n\t\t\t\t\t<\/div>\n\t\t<\/div>\n\t\t\t\t\t<\/div>\n\t\t<\/section>\n\t\t\t\t<\/div>\n\t\t","protected":false},"excerpt":{"rendered":"<p>Membrii disciplinei \u015eef\u00a0 disciplin\u0103Prof. univ. dr. Suciu Mircea CV MembriConf. univ. dr. Bechir Edwin Sever CVConf. univ. dr. Biri\u0219 Carmen Ioana CV\u0218ef lucr. dr. Horga Claudiu Vasile CV\u0218ef lucr. dr. Laz\u0103r Ana Petra CV\u0218ef lucr. dr. Bardocz-Veres Zsuzsanna CVAsist. univ. drd. B\u0103d\u0103r\u0103u-\u0218uster Andrei-Mario CV Activitate didactic\u0103 Manuale \u0219i \u00eendrum\u0103toare de lucr\u0103ri practice Implanto-prosthetic therapies \u2013 [&hellip;]<\/p>\n","protected":false},"author":4,"featured_media":0,"parent":117,"menu_order":0,"comment_status":"closed","ping_status":"closed","template":"","meta":{"_relevanssi_hide_post":"","_relevanssi_hide_content":"","_relevanssi_pin_for_all":"","_relevanssi_pin_keywords":"","_relevanssi_unpin_keywords":"","_relevanssi_related_keywords":"","_relevanssi_related_include_ids":"","_relevanssi_related_exclude_ids":"","_relevanssi_related_no_append":"","_relevanssi_related_not_related":"","_relevanssi_related_posts":"1","_relevanssi_noindex_reason":"","footnotes":""},"categories":[13,32],"tags":[],"class_list":["post-141","page","type-page","status-publish","hentry","category-pagina-cu-sidebar","category-pagina-departamente-si-discipline"],"meta_box":[],"_links":{"self":[{"href":"https:\/\/umfst.ro\/facultatea-de-medicina-dentara\/wp-json\/wp\/v2\/pages\/141","targetHints":{"allow":["GET"]}}],"collection":[{"href":"https:\/\/umfst.ro\/facultatea-de-medicina-dentara\/wp-json\/wp\/v2\/pages"}],"about":[{"href":"https:\/\/umfst.ro\/facultatea-de-medicina-dentara\/wp-json\/wp\/v2\/types\/page"}],"author":[{"embeddable":true,"href":"https:\/\/umfst.ro\/facultatea-de-medicina-dentara\/wp-json\/wp\/v2\/users\/4"}],"replies":[{"embeddable":true,"href":"https:\/\/umfst.ro\/facultatea-de-medicina-dentara\/wp-json\/wp\/v2\/comments?post=141"}],"version-history":[{"count":30,"href":"https:\/\/umfst.ro\/facultatea-de-medicina-dentara\/wp-json\/wp\/v2\/pages\/141\/revisions"}],"predecessor-version":[{"id":3555,"href":"https:\/\/umfst.ro\/facultatea-de-medicina-dentara\/wp-json\/wp\/v2\/pages\/141\/revisions\/3555"}],"up":[{"embeddable":true,"href":"https:\/\/umfst.ro\/facultatea-de-medicina-dentara\/wp-json\/wp\/v2\/pages\/117"}],"wp:attachment":[{"href":"https:\/\/umfst.ro\/facultatea-de-medicina-dentara\/wp-json\/wp\/v2\/media?parent=141"}],"wp:term":[{"taxonomy":"category","embeddable":true,"href":"https:\/\/umfst.ro\/facultatea-de-medicina-dentara\/wp-json\/wp\/v2\/categories?post=141"},{"taxonomy":"post_tag","embeddable":true,"href":"https:\/\/umfst.ro\/facultatea-de-medicina-dentara\/wp-json\/wp\/v2\/tags?post=141"}],"curies":[{"name":"wp","href":"https:\/\/api.w.org\/{rel}","templated":true}]}}