{"id":209,"date":"2022-11-17T19:50:33","date_gmt":"2022-11-17T19:50:33","guid":{"rendered":"https:\/\/dev.umfst.ro\/facultatea-de-medicina-dentara\/?page_id=209"},"modified":"2025-11-13T10:49:14","modified_gmt":"2025-11-13T10:49:14","slug":"burse","status":"publish","type":"page","link":"https:\/\/umfst.ro\/facultatea-de-medicina-dentara\/informatii-studenti\/informatii-specifice-facultatii\/burse\/","title":{"rendered":"Burse"},"content":{"rendered":"\t\t<div data-elementor-type=\"wp-page\" data-elementor-id=\"209\" class=\"elementor elementor-209\" data-elementor-post-type=\"page\">\n\t\t\t\t\t\t<section class=\"elementor-section elementor-top-section elementor-element elementor-element-497fbc8 elementor-section-boxed elementor-section-height-default elementor-section-height-default\" data-id=\"497fbc8\" data-element_type=\"section\" data-e-type=\"section\">\n\t\t\t\t\t\t<div class=\"elementor-container elementor-column-gap-default\">\n\t\t\t\t\t<div class=\"elementor-column elementor-col-100 elementor-top-column elementor-element elementor-element-74c89cb1\" data-id=\"74c89cb1\" data-element_type=\"column\" data-e-type=\"column\">\n\t\t\t<div class=\"elementor-widget-wrap elementor-element-populated\">\n\t\t\t\t\t\t<div class=\"elementor-element elementor-element-44d2b720 elementor-widget elementor-widget-text-editor\" data-id=\"44d2b720\" data-element_type=\"widget\" data-e-type=\"widget\" data-widget_type=\"text-editor.default\">\n\t\t\t\t<div class=\"elementor-widget-container\">\n\t\t\t\t\t\t\t\t\t<header><\/header>\n<h2><strong>Burse performan\u021b\u0103 didactic\u0103, performan\u021b\u0103 sportiv\u0103 \u0219i merit an universitar 2025-2026 PROVIZORII<\/strong><\/h2>\n<p><a href=\"https:\/\/umfst.ro\/fileadmin\/f_medicina_dentara\/burse\/2025-2026\/Lista_cu_studentii_beneficiari_de_burse_performanta_didactica_de_merit_si_de_performanta_sportiva.pdf\">List\u0103 cu studen\u021bii beneficiari de burse performan\u021b\u0103 didactic\u0103, de merit \u0219i de performan\u021b\u0103 sportiv\u0103<\/a><\/p>\n<p>Contesta\u021biile se depun la Registratura universit\u0103\u021bii, \u00een Cl\u0103direa Principal\u0103, etaj 1, personal sau pe mail la <a href=\"mailto:registratura@umfst.ro\">registratura@umfst.ro<\/a> p\u00e2n\u0103 \u00een data de 17.11.2025, ora 10.00<\/p>\n<h2><strong>Burse performan\u021b\u0103 didactic\u0103, performan\u021b\u0103 sportiv\u0103 \u0219i merit an universitar 2024-2025<\/strong><\/h2>\n<p><a href=\"https:\/\/umfst.ro\/fileadmin\/f_medicina_dentara\/burse\/2024-2025\/Extras_PV_11 noiembrie_2024_Medicina_Dentara.pdf\" target=\"_blank\" rel=\"noopener\">Extras din Procesul verbal privind contesta\u021biile depuse<\/a><\/p>\n<p><a href=\"https:\/\/umfst.ro\/fileadmin\/f_medicina_dentara\/burse\/2024-2025\/Burse_performanta_didactica_sportiva_si_merit.pdf\">List\u0103 cu studen\u021bii beneficiari de burse performan\u021b\u0103 didactic\u0103, de merit \u0219i de performan\u021b\u0103 sportiv\u0103<\/a>.<\/p>\n<p><!-- \/wp:heading --><!-- wp:heading --><\/p>\n<p>\u201dIn conformitate cu Regulamentul privind acordarea de burse studen\u021bilor din cadrul UMFST, editia 13<br \/>Art. 12. (1) Studen\u021bii pot beneficia de orice tip de burs\u0103 pentru un singur program de studii universitare de scurt\u0103 durat\u0103, un singur program de studii universitare de licen\u0163\u0103, pentru un singur program de studii universitare de masterat, cu excep\u0163ia burselor pentru stagii de studii universitare \u015fi postuniversitare prev\u0103zute la art. 18 din Ordinul nr. 6463 din 2 octombrie 2023.<br \/>Art. 15 aliniatul 4<br \/>(4) Dup\u0103 afi\u0219area rezultatelor studen\u021bii pot depune contesta\u021bii \u00een termen de 2 zile lucr\u0103toare, \u00een\u00a04 \u0219i 5 noiembrie 2024 la Registratura universit\u0103\u021bii, \u00een Cladirea Pricipal\u0103, etaj 1, personal sau pe mail la adresa <a href=\"mailto:registratura@umfst.ro\">registratura@umfst.ro<\/a>.<\/p>\n<p><!-- \/wp:heading --><!-- wp:heading --><\/p>\n<h2><strong>Liste burse performan\u021b\u0103 didactic\u0103, merit \u0219i merit sportiv an universitar<\/strong><strong>\u00a02023-2024 <\/strong><\/h2>\n<p><a href=\"https:\/\/umfst.ro\/fileadmin\/f_medicina_dentara\/burse\/2023-2024\/Extras_PV_contestatii_burse-suplimentare_2023MD.pdf\">Extras PV contesta\u021bii burse de merit suplimentare 2023<\/a><\/p>\n<p><a href=\"https:\/\/umfst.ro\/fileadmin\/f_medicina_dentara\/burse\/2023-2024\/SUPLIM%20PROCES%20VERBAL%20%20BURSE%20MERIT%20%20MD%2CTD%20%20%202023-2024.pdf\">List\u0103 suplimentar\u0103 cu studen\u021bii beneficiari de burse de merit.<\/a><\/p>\n<p><a href=\"https:\/\/umfst.ro\/fileadmin\/f_economie_drept\/burse\/2023-2024\/Extras_PV_contestatii_burse%20de%20merit_2023.pdf\">Extras din Procesul verbal privind contesta\u021biile depuse<\/a><\/p>\n<p><a href=\"https:\/\/umfst.ro\/fileadmin\/f_medicina_dentara\/burse\/2023-2024\/Lista_provizorie_burse.pdf\">List\u0103 provizorie cu studen\u021bii beneficiari de burse performan\u021b\u0103 didactic\u0103, de merit \u0219i de performan\u021b\u0103 sportiv\u0103<\/a>.<\/p>\n<p>\u00a0<\/p>\n<p><!-- \/wp:heading --><!-- wp:heading --><\/p>\n<p>\u00a0<\/p>\n<p><!-- \/wp:heading --><\/p>\t\t\t\t\t\t\t\t<\/div>\n\t\t\t\t<\/div>\n\t\t\t\t\t<\/div>\n\t\t<\/div>\n\t\t\t\t\t<\/div>\n\t\t<\/section>\n\t\t\t\t<\/div>\n\t\t","protected":false},"excerpt":{"rendered":"<p>Burse performan\u021b\u0103 didactic\u0103, performan\u021b\u0103 sportiv\u0103 \u0219i merit an universitar 2025-2026 PROVIZORII List\u0103 cu studen\u021bii beneficiari de burse performan\u021b\u0103 didactic\u0103, de merit \u0219i de performan\u021b\u0103 sportiv\u0103 Contesta\u021biile se depun la Registratura universit\u0103\u021bii, \u00een Cl\u0103direa Principal\u0103, etaj 1, personal sau pe mail la registratura@umfst.ro p\u00e2n\u0103 \u00een data de 17.11.2025, ora 10.00 Burse performan\u021b\u0103 didactic\u0103, performan\u021b\u0103 sportiv\u0103 \u0219i [&hellip;]<\/p>\n","protected":false},"author":4,"featured_media":0,"parent":195,"menu_order":0,"comment_status":"closed","ping_status":"closed","template":"","meta":{"_relevanssi_hide_post":"","_relevanssi_hide_content":"","_relevanssi_pin_for_all":"","_relevanssi_pin_keywords":"","_relevanssi_unpin_keywords":"","_relevanssi_related_keywords":"","_relevanssi_related_include_ids":"","_relevanssi_related_exclude_ids":"","_relevanssi_related_no_append":"","_relevanssi_related_not_related":"","_relevanssi_related_posts":"1","_relevanssi_noindex_reason":"","footnotes":""},"categories":[13,34],"tags":[],"class_list":["post-209","page","type-page","status-publish","hentry","category-pagina-cu-sidebar","category-pagina-studenti"],"meta_box":[],"_links":{"self":[{"href":"https:\/\/umfst.ro\/facultatea-de-medicina-dentara\/wp-json\/wp\/v2\/pages\/209","targetHints":{"allow":["GET"]}}],"collection":[{"href":"https:\/\/umfst.ro\/facultatea-de-medicina-dentara\/wp-json\/wp\/v2\/pages"}],"about":[{"href":"https:\/\/umfst.ro\/facultatea-de-medicina-dentara\/wp-json\/wp\/v2\/types\/page"}],"author":[{"embeddable":true,"href":"https:\/\/umfst.ro\/facultatea-de-medicina-dentara\/wp-json\/wp\/v2\/users\/4"}],"replies":[{"embeddable":true,"href":"https:\/\/umfst.ro\/facultatea-de-medicina-dentara\/wp-json\/wp\/v2\/comments?post=209"}],"version-history":[{"count":33,"href":"https:\/\/umfst.ro\/facultatea-de-medicina-dentara\/wp-json\/wp\/v2\/pages\/209\/revisions"}],"predecessor-version":[{"id":3533,"href":"https:\/\/umfst.ro\/facultatea-de-medicina-dentara\/wp-json\/wp\/v2\/pages\/209\/revisions\/3533"}],"up":[{"embeddable":true,"href":"https:\/\/umfst.ro\/facultatea-de-medicina-dentara\/wp-json\/wp\/v2\/pages\/195"}],"wp:attachment":[{"href":"https:\/\/umfst.ro\/facultatea-de-medicina-dentara\/wp-json\/wp\/v2\/media?parent=209"}],"wp:term":[{"taxonomy":"category","embeddable":true,"href":"https:\/\/umfst.ro\/facultatea-de-medicina-dentara\/wp-json\/wp\/v2\/categories?post=209"},{"taxonomy":"post_tag","embeddable":true,"href":"https:\/\/umfst.ro\/facultatea-de-medicina-dentara\/wp-json\/wp\/v2\/tags?post=209"}],"curies":[{"name":"wp","href":"https:\/\/api.w.org\/{rel}","templated":true}]}}