{"id":41,"date":"2022-11-17T17:17:43","date_gmt":"2022-11-17T17:17:43","guid":{"rendered":"https:\/\/dev.umfst.ro\/facultatea-de-medicina-dentara\/?page_id=41"},"modified":"2024-01-08T14:06:52","modified_gmt":"2024-01-08T14:06:52","slug":"centrul-de-simulare-in-medicina-dentara","status":"publish","type":"page","link":"https:\/\/umfst.ro\/facultatea-de-medicina-dentara\/prezentare\/centrul-de-simulare-in-medicina-dentara\/","title":{"rendered":"Centrul de Simulare \u00een Medicina Dentar\u0103"},"content":{"rendered":"\t\t<div data-elementor-type=\"wp-page\" data-elementor-id=\"41\" class=\"elementor elementor-41\" data-elementor-post-type=\"page\">\n\t\t\t\t\t\t<section class=\"elementor-section elementor-top-section elementor-element elementor-element-420a2c9 elementor-section-boxed elementor-section-height-default elementor-section-height-default\" data-id=\"420a2c9\" data-element_type=\"section\" data-e-type=\"section\">\n\t\t\t\t\t\t<div class=\"elementor-container elementor-column-gap-default\">\n\t\t\t\t\t<div class=\"elementor-column elementor-col-100 elementor-top-column elementor-element elementor-element-a96f39a\" data-id=\"a96f39a\" data-element_type=\"column\" data-e-type=\"column\">\n\t\t\t<div class=\"elementor-widget-wrap elementor-element-populated\">\n\t\t\t\t\t\t<div class=\"elementor-element elementor-element-faac49a dce_masking-none elementor-widget elementor-widget-image\" data-id=\"faac49a\" data-element_type=\"widget\" data-e-type=\"widget\" data-widget_type=\"image.default\">\n\t\t\t\t<div class=\"elementor-widget-container\">\n\t\t\t\t\t\t\t\t\t\t\t\t\t\t\t<img fetchpriority=\"high\" decoding=\"async\" width=\"1024\" height=\"670\" src=\"https:\/\/umfst.ro\/facultatea-de-medicina-dentara\/wp-content\/uploads\/sites\/5\/2023\/05\/3.jpg\" class=\"attachment-full size-full wp-image-825\" alt=\"\" srcset=\"https:\/\/umfst.ro\/facultatea-de-medicina-dentara\/wp-content\/uploads\/sites\/5\/2023\/05\/3.jpg 1024w, https:\/\/umfst.ro\/facultatea-de-medicina-dentara\/wp-content\/uploads\/sites\/5\/2023\/05\/3-300x196.jpg 300w, https:\/\/umfst.ro\/facultatea-de-medicina-dentara\/wp-content\/uploads\/sites\/5\/2023\/05\/3-768x503.jpg 768w, https:\/\/umfst.ro\/facultatea-de-medicina-dentara\/wp-content\/uploads\/sites\/5\/2023\/05\/3-18x12.jpg 18w\" sizes=\"(max-width: 1024px) 100vw, 1024px\" \/>\t\t\t\t\t\t\t\t\t\t\t\t\t\t\t<\/div>\n\t\t\t\t<\/div>\n\t\t\t\t\t<\/div>\n\t\t<\/div>\n\t\t\t\t\t<\/div>\n\t\t<\/section>\n\t\t\t\t<section class=\"elementor-section elementor-top-section elementor-element elementor-element-699b5013 elementor-section-full_width elementor-section-height-default elementor-section-height-default\" data-id=\"699b5013\" data-element_type=\"section\" data-e-type=\"section\">\n\t\t\t\t\t\t<div class=\"elementor-container elementor-column-gap-default\">\n\t\t\t\t\t<div class=\"elementor-column elementor-col-100 elementor-top-column elementor-element elementor-element-26fa7b0c\" data-id=\"26fa7b0c\" data-element_type=\"column\" data-e-type=\"column\">\n\t\t\t<div class=\"elementor-widget-wrap elementor-element-populated\">\n\t\t\t\t\t\t<div class=\"elementor-element elementor-element-be555ae elementor-widget elementor-widget-text-editor\" data-id=\"be555ae\" data-element_type=\"widget\" data-e-type=\"widget\" data-widget_type=\"text-editor.default\">\n\t\t\t\t<div class=\"elementor-widget-container\">\n\t\t\t\t\t\t\t\t\t<p>\u00cembun\u0103t\u0103\u0163irea permanent\u0103 a sistemului educa\u0163ional medical prin folosirea celor mai performante echipamente \u015fi tehnologii \u00een beneficiul procesului didactic este un deziderat major pentru Universitatea de Medicin\u0103, Farmacie, \u0218tiin\u021be \u0219i Tehnologie \u201eGeorge Emil Palade\u201d din T\u00e2rgu Mure\u015f. Unul din obiectivele majore de dezvoltare a facult\u0103\u021bii noastre a avut \u00een vedere demararea unui proiect ambi\u021bios: Centrul de Simulare \u00een Medicina Dentar\u0103, cu rolul de a optimiza activit\u0103\u0163ile didactice \u015fi de a dezvolta abilit\u0103\u0163ile practice ale studen\u0163ilor.<\/p>\n<p>Noul centru de \u00eenv\u0103\u021bare prin simulare al Facult\u0103\u021bii de Medicin\u0103 Dentar\u0103, dezvoltat prin reabilitarea \u0219i modernizarea compartimentului de simulare conven\u021bional\u0103, se bazeaz\u0103 pe utilizarea tehnologiilor digitale de simulare 3D \u0219i ofer\u0103 solu\u021bii integrate pentru educa\u021bia stomatologic\u0103 modern\u0103, realiz\u00e2nd trecerea de la intruirea preclinic\u0103 a studen\u021bilor la preg\u0103tirea clinic\u0103.<\/p>\n<h2>Structur\u0103<\/h2>\n<p>Dou\u0103 s\u0103li dotate cu echipamente de simulare; sala de instruire; compartimentul de imagistic\u0103 stomatologic\u0103 &#8211; dotat cu CBCT ProMax 3D.<\/p>\n<h2>Dot\u0103ri<\/h2>\n<p>Echipamente A-dec de simulare conven\u021bional\u0103 \u0219i echipamente Planmeca complet digitale, replica perfect\u0103 a unor unituri dentare performante, care ofer\u0103 oportunit\u0103\u021bi deosebite pentru predare \u0219i \u00eenv\u0103\u021bare. Simulatoarele Planmeca au la baz\u0103 un concept unic de \u00eenv\u0103\u021bare incluz\u00e2nd instrumente avansate &#8211; de la unit\u0103\u021bi de simulare \u0219i software p\u00e2n\u0103 la controlul centralizat al infec\u021biilor \u0219i dispozitive de imagini 2D \u0219i 3D.<\/p>\n<p><!-- \/wp:paragraph --><!-- wp:paragraph --><\/p>\n<p>Noua sal\u0103 de simulare \u0219i sala de instruire, al\u0103turi de compartimentului de radiologie, dotat din anul 2019 cu un tomograf computerizat ProMax 3D (CBCT), \u00eentregesc zona dedicat\u0103 activit\u0103\u021bilor didactice de simulare stomatologic\u0103. Acest ansamblu educa\u021bional constituie imaginea celui mai modern centru de simulare dentar\u0103 din \u021bara noastr\u0103.<\/p>\n<h2>Finan\u021bare<\/h2>\n<p>Echipamente A-dec de simulare conven\u021bional\u0103 \u0219i echipamente Planmeca complet digitale, replica perfect\u0103 a unor unituri dentare performante, care ofer\u0103 oportunit\u0103\u021bi deosebite pentru predare \u0219i \u00eenv\u0103\u021bare. Simulatoarele Planmeca au la baz\u0103 un concept unic de \u00eenv\u0103\u021bare incluz\u00e2nd instrumente avansate &#8211; de la unit\u0103\u021bi de simulare \u0219i software p\u00e2n\u0103 la controlul centralizat al infec\u021biilor \u0219i dispozitive de imagini 2D \u0219i 3D.<\/p>\n<p><!-- \/wp:paragraph --><!-- wp:paragraph --><\/p>\n<p>Noua sal\u0103 de simulare \u0219i sala de instruire, al\u0103turi de compartimentului de radiologie, dotat din anul 2019 cu un tomograf computerizat ProMax 3D (CBCT), \u00eentregesc zona dedicat\u0103 activit\u0103\u021bilor didactice de simulare stomatologic\u0103. Acest ansamblu educa\u021bional constituie imaginea celui mai modern centru de simulare dentar\u0103 din \u021bara noastr\u0103.<\/p>\t\t\t\t\t\t\t\t<\/div>\n\t\t\t\t<\/div>\n\t\t\t\t<div class=\"elementor-element elementor-element-962ccc4 elementor-skin-slideshow elementor-arrows-yes elementor-widget elementor-widget-media-carousel\" data-id=\"962ccc4\" data-element_type=\"widget\" data-e-type=\"widget\" data-settings=\"{&quot;skin&quot;:&quot;slideshow&quot;,&quot;slideshow_slides_per_view&quot;:&quot;6&quot;,&quot;effect&quot;:&quot;slide&quot;,&quot;show_arrows&quot;:&quot;yes&quot;,&quot;speed&quot;:500,&quot;autoplay&quot;:&quot;yes&quot;,&quot;autoplay_speed&quot;:5000,&quot;loop&quot;:&quot;yes&quot;,&quot;pause_on_hover&quot;:&quot;yes&quot;,&quot;pause_on_interaction&quot;:&quot;yes&quot;,&quot;space_between&quot;:{&quot;unit&quot;:&quot;px&quot;,&quot;size&quot;:10,&quot;sizes&quot;:[]},&quot;space_between_widescreen&quot;:{&quot;unit&quot;:&quot;px&quot;,&quot;size&quot;:10,&quot;sizes&quot;:[]},&quot;space_between_tablet&quot;:{&quot;unit&quot;:&quot;px&quot;,&quot;size&quot;:10,&quot;sizes&quot;:[]},&quot;space_between_mobile&quot;:{&quot;unit&quot;:&quot;px&quot;,&quot;size&quot;:10,&quot;sizes&quot;:[]}}\" data-widget_type=\"media-carousel.default\">\n\t\t\t\t<div class=\"elementor-widget-container\">\n\t\t\t\t\t\t\t\t\t<div class=\"elementor-swiper\">\n\t\t\t\t\t<div class=\"elementor-main-swiper swiper\" role=\"region\" aria-roledescription=\"carousel\" aria-label=\"Slides\">\n\t\t\t\t<div class=\"swiper-wrapper\">\n\t\t\t\t\t\t\t\t\t\t\t<div class=\"swiper-slide\" role=\"group\" aria-roledescription=\"slide\">\n\t\t\t\t\t\t\t<a href=\"https:\/\/umfst.ro\/facultatea-de-medicina-dentara\/wp-content\/uploads\/sites\/5\/2023\/05\/d.jpg\" data-elementor-open-lightbox=\"yes\" data-elementor-lightbox-slideshow=\"962ccc4\" data-elementor-lightbox-title=\"d\" data-e-action-hash=\"#elementor-action%3Aaction%3Dlightbox%26settings%3DeyJpZCI6IjgzMyIsInVybCI6Imh0dHBzOlwvXC91bWZzdC5yb1wvZmFjdWx0YXRlYS1kZS1tZWRpY2luYS1kZW50YXJhXC93cC1jb250ZW50XC91cGxvYWRzXC9zaXRlc1wvNVwvMjAyM1wvMDVcL2QuanBnIiwic2xpZGVzaG93IjoiOTYyY2NjNCJ9\">\t\t<div class=\"elementor-carousel-image\" role=\"img\" aria-label=\"d\" style=\"background-image: url(&#039;https:\/\/umfst.ro\/facultatea-de-medicina-dentara\/wp-content\/uploads\/sites\/5\/2023\/05\/d.jpg&#039;)\">\n\n\t\t\t\n\t\t\t\t\t<\/div>\n\t\t<\/a>\t\t\t\t\t\t<\/div>\n\t\t\t\t\t\t\t\t\t\t\t<div class=\"swiper-slide\" role=\"group\" aria-roledescription=\"slide\">\n\t\t\t\t\t\t\t<a href=\"https:\/\/umfst.ro\/facultatea-de-medicina-dentara\/wp-content\/uploads\/sites\/5\/2023\/05\/csm_2_7bae831ede.jpg\" data-elementor-open-lightbox=\"yes\" data-elementor-lightbox-slideshow=\"962ccc4\" data-elementor-lightbox-title=\"csm_2_7bae831ede\" data-e-action-hash=\"#elementor-action%3Aaction%3Dlightbox%26settings%3DeyJpZCI6IjgzMiIsInVybCI6Imh0dHBzOlwvXC91bWZzdC5yb1wvZmFjdWx0YXRlYS1kZS1tZWRpY2luYS1kZW50YXJhXC93cC1jb250ZW50XC91cGxvYWRzXC9zaXRlc1wvNVwvMjAyM1wvMDVcL2NzbV8yXzdiYWU4MzFlZGUuanBnIiwic2xpZGVzaG93IjoiOTYyY2NjNCJ9\">\t\t<div class=\"elementor-carousel-image\" role=\"img\" aria-label=\"csm_2_7bae831ede\" style=\"background-image: url(&#039;https:\/\/umfst.ro\/facultatea-de-medicina-dentara\/wp-content\/uploads\/sites\/5\/2023\/05\/csm_2_7bae831ede.jpg&#039;)\">\n\n\t\t\t\n\t\t\t\t\t<\/div>\n\t\t<\/a>\t\t\t\t\t\t<\/div>\n\t\t\t\t\t\t\t\t\t\t\t<div class=\"swiper-slide\" role=\"group\" aria-roledescription=\"slide\">\n\t\t\t\t\t\t\t<a href=\"https:\/\/umfst.ro\/facultatea-de-medicina-dentara\/wp-content\/uploads\/sites\/5\/2023\/05\/c.jpg\" data-elementor-open-lightbox=\"yes\" data-elementor-lightbox-slideshow=\"962ccc4\" data-elementor-lightbox-title=\"c\" data-e-action-hash=\"#elementor-action%3Aaction%3Dlightbox%26settings%3DeyJpZCI6IjgzMSIsInVybCI6Imh0dHBzOlwvXC91bWZzdC5yb1wvZmFjdWx0YXRlYS1kZS1tZWRpY2luYS1kZW50YXJhXC93cC1jb250ZW50XC91cGxvYWRzXC9zaXRlc1wvNVwvMjAyM1wvMDVcL2MuanBnIiwic2xpZGVzaG93IjoiOTYyY2NjNCJ9\">\t\t<div class=\"elementor-carousel-image\" role=\"img\" aria-label=\"c\" style=\"background-image: url(&#039;https:\/\/umfst.ro\/facultatea-de-medicina-dentara\/wp-content\/uploads\/sites\/5\/2023\/05\/c.jpg&#039;)\">\n\n\t\t\t\n\t\t\t\t\t<\/div>\n\t\t<\/a>\t\t\t\t\t\t<\/div>\n\t\t\t\t\t\t\t\t\t\t\t<div class=\"swiper-slide\" role=\"group\" aria-roledescription=\"slide\">\n\t\t\t\t\t\t\t<a href=\"https:\/\/umfst.ro\/facultatea-de-medicina-dentara\/wp-content\/uploads\/sites\/5\/2023\/05\/b.jpg\" data-elementor-open-lightbox=\"yes\" data-elementor-lightbox-slideshow=\"962ccc4\" data-elementor-lightbox-title=\"b\" data-e-action-hash=\"#elementor-action%3Aaction%3Dlightbox%26settings%3DeyJpZCI6IjgzMCIsInVybCI6Imh0dHBzOlwvXC91bWZzdC5yb1wvZmFjdWx0YXRlYS1kZS1tZWRpY2luYS1kZW50YXJhXC93cC1jb250ZW50XC91cGxvYWRzXC9zaXRlc1wvNVwvMjAyM1wvMDVcL2IuanBnIiwic2xpZGVzaG93IjoiOTYyY2NjNCJ9\">\t\t<div class=\"elementor-carousel-image\" role=\"img\" aria-label=\"b\" style=\"background-image: url(&#039;https:\/\/umfst.ro\/facultatea-de-medicina-dentara\/wp-content\/uploads\/sites\/5\/2023\/05\/b.jpg&#039;)\">\n\n\t\t\t\n\t\t\t\t\t<\/div>\n\t\t<\/a>\t\t\t\t\t\t<\/div>\n\t\t\t\t\t\t\t\t\t\t\t<div class=\"swiper-slide\" role=\"group\" aria-roledescription=\"slide\">\n\t\t\t\t\t\t\t<a href=\"https:\/\/umfst.ro\/facultatea-de-medicina-dentara\/wp-content\/uploads\/sites\/5\/2023\/05\/20200925_103311.jpg\" data-elementor-open-lightbox=\"yes\" data-elementor-lightbox-slideshow=\"962ccc4\" data-elementor-lightbox-title=\"20200925_103311\" data-e-action-hash=\"#elementor-action%3Aaction%3Dlightbox%26settings%3DeyJpZCI6IjgyOSIsInVybCI6Imh0dHBzOlwvXC91bWZzdC5yb1wvZmFjdWx0YXRlYS1kZS1tZWRpY2luYS1kZW50YXJhXC93cC1jb250ZW50XC91cGxvYWRzXC9zaXRlc1wvNVwvMjAyM1wvMDVcLzIwMjAwOTI1XzEwMzMxMS5qcGciLCJzbGlkZXNob3ciOiI5NjJjY2M0In0%3D\">\t\t<div class=\"elementor-carousel-image\" role=\"img\" aria-label=\"20200925_103311\" style=\"background-image: url(&#039;https:\/\/umfst.ro\/facultatea-de-medicina-dentara\/wp-content\/uploads\/sites\/5\/2023\/05\/20200925_103311.jpg&#039;)\">\n\n\t\t\t\n\t\t\t\t\t<\/div>\n\t\t<\/a>\t\t\t\t\t\t<\/div>\n\t\t\t\t\t\t\t\t\t\t\t<div class=\"swiper-slide\" role=\"group\" aria-roledescription=\"slide\">\n\t\t\t\t\t\t\t<a href=\"https:\/\/umfst.ro\/facultatea-de-medicina-dentara\/wp-content\/uploads\/sites\/5\/2023\/05\/6.jpg\" data-elementor-open-lightbox=\"yes\" data-elementor-lightbox-slideshow=\"962ccc4\" data-elementor-lightbox-title=\"6\" data-e-action-hash=\"#elementor-action%3Aaction%3Dlightbox%26settings%3DeyJpZCI6IjgyOCIsInVybCI6Imh0dHBzOlwvXC91bWZzdC5yb1wvZmFjdWx0YXRlYS1kZS1tZWRpY2luYS1kZW50YXJhXC93cC1jb250ZW50XC91cGxvYWRzXC9zaXRlc1wvNVwvMjAyM1wvMDVcLzYuanBnIiwic2xpZGVzaG93IjoiOTYyY2NjNCJ9\">\t\t<div class=\"elementor-carousel-image\" role=\"img\" aria-label=\"6\" style=\"background-image: url(&#039;https:\/\/umfst.ro\/facultatea-de-medicina-dentara\/wp-content\/uploads\/sites\/5\/2023\/05\/6.jpg&#039;)\">\n\n\t\t\t\n\t\t\t\t\t<\/div>\n\t\t<\/a>\t\t\t\t\t\t<\/div>\n\t\t\t\t\t\t\t\t\t\t\t<div class=\"swiper-slide\" role=\"group\" aria-roledescription=\"slide\">\n\t\t\t\t\t\t\t<a href=\"https:\/\/umfst.ro\/facultatea-de-medicina-dentara\/wp-content\/uploads\/sites\/5\/2023\/05\/5.jpg\" data-elementor-open-lightbox=\"yes\" data-elementor-lightbox-slideshow=\"962ccc4\" data-elementor-lightbox-title=\"5\" data-e-action-hash=\"#elementor-action%3Aaction%3Dlightbox%26settings%3DeyJpZCI6IjgyNyIsInVybCI6Imh0dHBzOlwvXC91bWZzdC5yb1wvZmFjdWx0YXRlYS1kZS1tZWRpY2luYS1kZW50YXJhXC93cC1jb250ZW50XC91cGxvYWRzXC9zaXRlc1wvNVwvMjAyM1wvMDVcLzUuanBnIiwic2xpZGVzaG93IjoiOTYyY2NjNCJ9\">\t\t<div class=\"elementor-carousel-image\" role=\"img\" aria-label=\"5\" style=\"background-image: url(&#039;https:\/\/umfst.ro\/facultatea-de-medicina-dentara\/wp-content\/uploads\/sites\/5\/2023\/05\/5.jpg&#039;)\">\n\n\t\t\t\n\t\t\t\t\t<\/div>\n\t\t<\/a>\t\t\t\t\t\t<\/div>\n\t\t\t\t\t\t\t\t\t\t\t<div class=\"swiper-slide\" role=\"group\" aria-roledescription=\"slide\">\n\t\t\t\t\t\t\t<a href=\"https:\/\/umfst.ro\/facultatea-de-medicina-dentara\/wp-content\/uploads\/sites\/5\/2023\/05\/4.jpg\" data-elementor-open-lightbox=\"yes\" data-elementor-lightbox-slideshow=\"962ccc4\" data-elementor-lightbox-title=\"4\" data-e-action-hash=\"#elementor-action%3Aaction%3Dlightbox%26settings%3DeyJpZCI6IjgyNiIsInVybCI6Imh0dHBzOlwvXC91bWZzdC5yb1wvZmFjdWx0YXRlYS1kZS1tZWRpY2luYS1kZW50YXJhXC93cC1jb250ZW50XC91cGxvYWRzXC9zaXRlc1wvNVwvMjAyM1wvMDVcLzQuanBnIiwic2xpZGVzaG93IjoiOTYyY2NjNCJ9\">\t\t<div class=\"elementor-carousel-image\" role=\"img\" aria-label=\"4\" style=\"background-image: url(&#039;https:\/\/umfst.ro\/facultatea-de-medicina-dentara\/wp-content\/uploads\/sites\/5\/2023\/05\/4.jpg&#039;)\">\n\n\t\t\t\n\t\t\t\t\t<\/div>\n\t\t<\/a>\t\t\t\t\t\t<\/div>\n\t\t\t\t\t\t\t\t\t\t\t<div class=\"swiper-slide\" role=\"group\" aria-roledescription=\"slide\">\n\t\t\t\t\t\t\t<a href=\"https:\/\/umfst.ro\/facultatea-de-medicina-dentara\/wp-content\/uploads\/sites\/5\/2023\/05\/3.jpg\" data-elementor-open-lightbox=\"yes\" data-elementor-lightbox-slideshow=\"962ccc4\" data-elementor-lightbox-title=\"3\" data-e-action-hash=\"#elementor-action%3Aaction%3Dlightbox%26settings%3DeyJpZCI6IjgyNSIsInVybCI6Imh0dHBzOlwvXC91bWZzdC5yb1wvZmFjdWx0YXRlYS1kZS1tZWRpY2luYS1kZW50YXJhXC93cC1jb250ZW50XC91cGxvYWRzXC9zaXRlc1wvNVwvMjAyM1wvMDVcLzMuanBnIiwic2xpZGVzaG93IjoiOTYyY2NjNCJ9\">\t\t<div class=\"elementor-carousel-image\" role=\"img\" aria-label=\"3\" style=\"background-image: url(&#039;https:\/\/umfst.ro\/facultatea-de-medicina-dentara\/wp-content\/uploads\/sites\/5\/2023\/05\/3.jpg&#039;)\">\n\n\t\t\t\n\t\t\t\t\t<\/div>\n\t\t<\/a>\t\t\t\t\t\t<\/div>\n\t\t\t\t\t\t\t\t\t\t\t<div class=\"swiper-slide\" role=\"group\" aria-roledescription=\"slide\">\n\t\t\t\t\t\t\t<a href=\"https:\/\/umfst.ro\/facultatea-de-medicina-dentara\/wp-content\/uploads\/sites\/5\/2023\/05\/1.jpg\" data-elementor-open-lightbox=\"yes\" data-elementor-lightbox-slideshow=\"962ccc4\" data-elementor-lightbox-title=\"1\" data-e-action-hash=\"#elementor-action%3Aaction%3Dlightbox%26settings%3DeyJpZCI6IjgyNCIsInVybCI6Imh0dHBzOlwvXC91bWZzdC5yb1wvZmFjdWx0YXRlYS1kZS1tZWRpY2luYS1kZW50YXJhXC93cC1jb250ZW50XC91cGxvYWRzXC9zaXRlc1wvNVwvMjAyM1wvMDVcLzEuanBnIiwic2xpZGVzaG93IjoiOTYyY2NjNCJ9\">\t\t<div class=\"elementor-carousel-image\" role=\"img\" aria-label=\"1\" style=\"background-image: url(&#039;https:\/\/umfst.ro\/facultatea-de-medicina-dentara\/wp-content\/uploads\/sites\/5\/2023\/05\/1.jpg&#039;)\">\n\n\t\t\t\n\t\t\t\t\t<\/div>\n\t\t<\/a>\t\t\t\t\t\t<\/div>\n\t\t\t\t\t\t\t\t\t<\/div>\n\t\t\t\t\t\t\t\t\t\t\t\t\t\t\t<div class=\"elementor-swiper-button elementor-swiper-button-prev\" role=\"button\" tabindex=\"0\" aria-label=\"Previous\">\n\t\t\t\t\t\t\t<i aria-hidden=\"true\" class=\"eicon-chevron-left\"><\/i>\t\t\t\t\t\t<\/div>\n\t\t\t\t\t\t<div class=\"elementor-swiper-button elementor-swiper-button-next\" role=\"button\" tabindex=\"0\" aria-label=\"Next\">\n\t\t\t\t\t\t\t<i aria-hidden=\"true\" class=\"eicon-chevron-right\"><\/i>\t\t\t\t\t\t<\/div>\n\t\t\t\t\t\t\t\t\t\t\t\t\t\t\t\t\t<\/div>\n\t\t\t\t<\/div>\n\t\t\t\t\t\t\t\t<div class=\"elementor-swiper\">\n\t\t\t\t\t<div class=\"elementor-main-swiper swiper elementor-thumbnails-swiper swiper\" role=\"region region\" aria-roledescription=\"carousel carousel\" aria-label=\"Slides Slides\">\n\t\t\t\t<div class=\"swiper-wrapper\">\n\t\t\t\t\t\t\t\t\t\t\t<div class=\"swiper-slide\" role=\"group\" aria-roledescription=\"slide\">\n\t\t\t\t\t\t\t\t\t<div class=\"elementor-carousel-image\" role=\"img\" aria-label=\"d\" style=\"background-image: url(&#039;https:\/\/umfst.ro\/facultatea-de-medicina-dentara\/wp-content\/uploads\/sites\/5\/2023\/05\/d.jpg&#039;)\">\n\n\t\t\t\n\t\t\t\t\t<\/div>\n\t\t<\/a>\t\t\t\t\t\t<\/div>\n\t\t\t\t\t\t\t\t\t\t\t<div class=\"swiper-slide\" role=\"group\" aria-roledescription=\"slide\">\n\t\t\t\t\t\t\t\t\t<div class=\"elementor-carousel-image\" role=\"img\" aria-label=\"csm_2_7bae831ede\" style=\"background-image: url(&#039;https:\/\/umfst.ro\/facultatea-de-medicina-dentara\/wp-content\/uploads\/sites\/5\/2023\/05\/csm_2_7bae831ede.jpg&#039;)\">\n\n\t\t\t\n\t\t\t\t\t<\/div>\n\t\t<\/a>\t\t\t\t\t\t<\/div>\n\t\t\t\t\t\t\t\t\t\t\t<div class=\"swiper-slide\" role=\"group\" aria-roledescription=\"slide\">\n\t\t\t\t\t\t\t\t\t<div class=\"elementor-carousel-image\" role=\"img\" aria-label=\"c\" style=\"background-image: url(&#039;https:\/\/umfst.ro\/facultatea-de-medicina-dentara\/wp-content\/uploads\/sites\/5\/2023\/05\/c.jpg&#039;)\">\n\n\t\t\t\n\t\t\t\t\t<\/div>\n\t\t<\/a>\t\t\t\t\t\t<\/div>\n\t\t\t\t\t\t\t\t\t\t\t<div class=\"swiper-slide\" role=\"group\" aria-roledescription=\"slide\">\n\t\t\t\t\t\t\t\t\t<div class=\"elementor-carousel-image\" role=\"img\" aria-label=\"b\" style=\"background-image: url(&#039;https:\/\/umfst.ro\/facultatea-de-medicina-dentara\/wp-content\/uploads\/sites\/5\/2023\/05\/b.jpg&#039;)\">\n\n\t\t\t\n\t\t\t\t\t<\/div>\n\t\t<\/a>\t\t\t\t\t\t<\/div>\n\t\t\t\t\t\t\t\t\t\t\t<div class=\"swiper-slide\" role=\"group\" aria-roledescription=\"slide\">\n\t\t\t\t\t\t\t\t\t<div class=\"elementor-carousel-image\" role=\"img\" aria-label=\"20200925_103311\" style=\"background-image: url(&#039;https:\/\/umfst.ro\/facultatea-de-medicina-dentara\/wp-content\/uploads\/sites\/5\/2023\/05\/20200925_103311.jpg&#039;)\">\n\n\t\t\t\n\t\t\t\t\t<\/div>\n\t\t<\/a>\t\t\t\t\t\t<\/div>\n\t\t\t\t\t\t\t\t\t\t\t<div class=\"swiper-slide\" role=\"group\" aria-roledescription=\"slide\">\n\t\t\t\t\t\t\t\t\t<div class=\"elementor-carousel-image\" role=\"img\" aria-label=\"6\" style=\"background-image: url(&#039;https:\/\/umfst.ro\/facultatea-de-medicina-dentara\/wp-content\/uploads\/sites\/5\/2023\/05\/6.jpg&#039;)\">\n\n\t\t\t\n\t\t\t\t\t<\/div>\n\t\t<\/a>\t\t\t\t\t\t<\/div>\n\t\t\t\t\t\t\t\t\t\t\t<div class=\"swiper-slide\" role=\"group\" aria-roledescription=\"slide\">\n\t\t\t\t\t\t\t\t\t<div class=\"elementor-carousel-image\" role=\"img\" aria-label=\"5\" style=\"background-image: url(&#039;https:\/\/umfst.ro\/facultatea-de-medicina-dentara\/wp-content\/uploads\/sites\/5\/2023\/05\/5.jpg&#039;)\">\n\n\t\t\t\n\t\t\t\t\t<\/div>\n\t\t<\/a>\t\t\t\t\t\t<\/div>\n\t\t\t\t\t\t\t\t\t\t\t<div class=\"swiper-slide\" role=\"group\" aria-roledescription=\"slide\">\n\t\t\t\t\t\t\t\t\t<div class=\"elementor-carousel-image\" role=\"img\" aria-label=\"4\" style=\"background-image: url(&#039;https:\/\/umfst.ro\/facultatea-de-medicina-dentara\/wp-content\/uploads\/sites\/5\/2023\/05\/4.jpg&#039;)\">\n\n\t\t\t\n\t\t\t\t\t<\/div>\n\t\t<\/a>\t\t\t\t\t\t<\/div>\n\t\t\t\t\t\t\t\t\t\t\t<div class=\"swiper-slide\" role=\"group\" aria-roledescription=\"slide\">\n\t\t\t\t\t\t\t\t\t<div class=\"elementor-carousel-image\" role=\"img\" aria-label=\"3\" style=\"background-image: url(&#039;https:\/\/umfst.ro\/facultatea-de-medicina-dentara\/wp-content\/uploads\/sites\/5\/2023\/05\/3.jpg&#039;)\">\n\n\t\t\t\n\t\t\t\t\t<\/div>\n\t\t<\/a>\t\t\t\t\t\t<\/div>\n\t\t\t\t\t\t\t\t\t\t\t<div class=\"swiper-slide\" role=\"group\" aria-roledescription=\"slide\">\n\t\t\t\t\t\t\t\t\t<div class=\"elementor-carousel-image\" role=\"img\" aria-label=\"1\" style=\"background-image: url(&#039;https:\/\/umfst.ro\/facultatea-de-medicina-dentara\/wp-content\/uploads\/sites\/5\/2023\/05\/1.jpg&#039;)\">\n\n\t\t\t\n\t\t\t\t\t<\/div>\n\t\t<\/a>\t\t\t\t\t\t<\/div>\n\t\t\t\t\t\t\t\t\t<\/div>\n\t\t\t\t\t\t\t\t\t\t\t\t\t\t\t\t\t\t\t\t\t<\/div>\n\t\t\t\t<\/div>\n\t\t\t\t\t\t\t\t<\/div>\n\t\t\t\t<\/div>\n\t\t\t\t<div class=\"elementor-element elementor-element-9681c92 dce_masking-none elementor-widget elementor-widget-video\" data-id=\"9681c92\" data-element_type=\"widget\" data-e-type=\"widget\" data-settings=\"{&quot;youtube_url&quot;:&quot;https:\\\/\\\/www.youtube.com\\\/watch?v=bnXrhUItTh4&quot;,&quot;lazy_load&quot;:&quot;yes&quot;,&quot;video_type&quot;:&quot;youtube&quot;,&quot;controls&quot;:&quot;yes&quot;}\" data-widget_type=\"video.default\">\n\t\t\t\t<div class=\"elementor-widget-container\">\n\t\t\t\t\t\t\t<div class=\"elementor-wrapper elementor-open-inline\">\n\t\t\t<div class=\"elementor-video\"><\/div>\t\t<\/div>\n\t\t\t\t\t\t<\/div>\n\t\t\t\t<\/div>\n\t\t\t\t\t<\/div>\n\t\t<\/div>\n\t\t\t\t\t<\/div>\n\t\t<\/section>\n\t\t\t\t<\/div>\n\t\t","protected":false},"excerpt":{"rendered":"<p>\u00cembun\u0103t\u0103\u0163irea permanent\u0103 a sistemului educa\u0163ional medical prin folosirea celor mai performante echipamente \u015fi tehnologii \u00een beneficiul procesului didactic este un deziderat major pentru Universitatea de Medicin\u0103, Farmacie, \u0218tiin\u021be \u0219i Tehnologie \u201eGeorge Emil Palade\u201d din T\u00e2rgu Mure\u015f. Unul din obiectivele majore de dezvoltare a facult\u0103\u021bii noastre a avut \u00een vedere demararea unui proiect ambi\u021bios: Centrul de [&hellip;]<\/p>\n","protected":false},"author":4,"featured_media":0,"parent":19,"menu_order":5,"comment_status":"closed","ping_status":"closed","template":"","meta":{"_relevanssi_hide_post":"","_relevanssi_hide_content":"","_relevanssi_pin_for_all":"","_relevanssi_pin_keywords":"","_relevanssi_unpin_keywords":"","_relevanssi_related_keywords":"","_relevanssi_related_include_ids":"","_relevanssi_related_exclude_ids":"","_relevanssi_related_no_append":"","_relevanssi_related_not_related":"","_relevanssi_related_posts":"1","_relevanssi_noindex_reason":"","footnotes":""},"categories":[13],"tags":[],"class_list":["post-41","page","type-page","status-publish","hentry","category-pagina-cu-sidebar"],"meta_box":[],"_links":{"self":[{"href":"https:\/\/umfst.ro\/facultatea-de-medicina-dentara\/wp-json\/wp\/v2\/pages\/41","targetHints":{"allow":["GET"]}}],"collection":[{"href":"https:\/\/umfst.ro\/facultatea-de-medicina-dentara\/wp-json\/wp\/v2\/pages"}],"about":[{"href":"https:\/\/umfst.ro\/facultatea-de-medicina-dentara\/wp-json\/wp\/v2\/types\/page"}],"author":[{"embeddable":true,"href":"https:\/\/umfst.ro\/facultatea-de-medicina-dentara\/wp-json\/wp\/v2\/users\/4"}],"replies":[{"embeddable":true,"href":"https:\/\/umfst.ro\/facultatea-de-medicina-dentara\/wp-json\/wp\/v2\/comments?post=41"}],"version-history":[{"count":89,"href":"https:\/\/umfst.ro\/facultatea-de-medicina-dentara\/wp-json\/wp\/v2\/pages\/41\/revisions"}],"predecessor-version":[{"id":2780,"href":"https:\/\/umfst.ro\/facultatea-de-medicina-dentara\/wp-json\/wp\/v2\/pages\/41\/revisions\/2780"}],"up":[{"embeddable":true,"href":"https:\/\/umfst.ro\/facultatea-de-medicina-dentara\/wp-json\/wp\/v2\/pages\/19"}],"wp:attachment":[{"href":"https:\/\/umfst.ro\/facultatea-de-medicina-dentara\/wp-json\/wp\/v2\/media?parent=41"}],"wp:term":[{"taxonomy":"category","embeddable":true,"href":"https:\/\/umfst.ro\/facultatea-de-medicina-dentara\/wp-json\/wp\/v2\/categories?post=41"},{"taxonomy":"post_tag","embeddable":true,"href":"https:\/\/umfst.ro\/facultatea-de-medicina-dentara\/wp-json\/wp\/v2\/tags?post=41"}],"curies":[{"name":"wp","href":"https:\/\/api.w.org\/{rel}","templated":true}]}}