{"id":3062,"date":"2023-06-21T17:13:17","date_gmt":"2023-06-21T14:13:17","guid":{"rendered":"https:\/\/dev.umfst.ro\/facultatea-de-medicina\/?page_id=3062"},"modified":"2025-06-04T13:14:04","modified_gmt":"2025-06-04T10:14:04","slug":"stiintele-motricitatii","status":"publish","type":"page","link":"https:\/\/umfst.ro\/facultatea-de-medicina\/en\/departamente-si-discipline\/m2-stiinte-functionale-complementare\/stiintele-motricitatii\/","title":{"rendered":"Locomotor sciences"},"content":{"rendered":"<div data-elementor-type=\"wp-page\" data-elementor-id=\"3062\" class=\"elementor elementor-3062\" data-elementor-post-type=\"page\">\n\t\t\t\t\t\t<section class=\"elementor-section elementor-top-section elementor-element elementor-element-7a83ac91 elementor-section-boxed elementor-section-height-default elementor-section-height-default\" data-id=\"7a83ac91\" data-element_type=\"section\" data-e-type=\"section\">\n\t\t\t\t\t\t<div class=\"elementor-container elementor-column-gap-default\">\n\t\t\t\t\t<div class=\"elementor-column elementor-col-50 elementor-top-column elementor-element elementor-element-3e42cb35\" data-id=\"3e42cb35\" data-element_type=\"column\" data-e-type=\"column\">\n\t\t\t<div class=\"elementor-widget-wrap elementor-element-populated\">\n\t\t\t\t\t\t<div class=\"elementor-element elementor-element-32ebd30 elementor-widget elementor-widget-text-editor\" data-id=\"32ebd30\" data-element_type=\"widget\" data-e-type=\"widget\" data-widget_type=\"text-editor.default\">\n\t\t\t\t<div class=\"elementor-widget-container\">\n\t\t\t\t\t\t\t\t\t<h2>Members<\/h2><p><strong>Head<br \/><\/strong>Conf. univ. dr. Pia-Simona F\u0103g\u0103ra\u0219 &#8211; <a href=\"https:\/\/www.umfst.ro\/fileadmin\/f_medicina\/Cadre_didactice\/2025-2026\/Departament_M2\/Stiintele_motricitatii\/Fagaras_CV_site_UMFST.pdf\" target=\"_blank\" rel=\"noopener\">CV<\/a><\/p><p><strong>Members<\/strong><br \/>Conf. univ. dr. Dan-Alexandru Szabo &#8211; <a href=\"https:\/\/www.umfst.ro\/fileadmin\/f_medicina\/Cadre_didactice\/2025-2026\/Departament_M2\/Stiintele_motricitatii\/Dan_Alexandru_Szabo_CV_site_UMFST_M2.pdf\" target=\"_blank\" rel=\"noopener\">CV<\/a><br \/>\u0218ef lucr. dr. Alexandra-Camelia Bahar &#8211; <a href=\"https:\/\/www.umfst.ro\/fileadmin\/f_medicina\/Cadre_didactice\/2025-2026\/Departament_M2\/Stiintele_motricitatii\/CV_Bahar.pdf\" target=\"_blank\" rel=\"noopener\">CV<\/a><br \/>Asist. univ. drd. Roxana-Mihaela Munteanu &#8211; <a href=\"https:\/\/www.umfst.ro\/fileadmin\/f_medicina\/Cadre_didactice\/2025-2026\/Departament_M2\/Stiintele_motricitatii\/Munteanu_CV_site UMFST.pdf\" target=\"_blank\" rel=\"noopener\" data-wplink-url-error=\"true\">CV<\/a><\/p>\t\t\t\t\t\t\t\t<\/div>\n\t\t\t\t<\/div>\n\t\t\t\t<div class=\"elementor-element elementor-element-7a4a298 elementor-widget elementor-widget-text-editor\" data-id=\"7a4a298\" data-element_type=\"widget\" data-e-type=\"widget\" data-widget_type=\"text-editor.default\">\n\t\t\t\t<div class=\"elementor-widget-container\">\n\t\t\t\t\t\t\t\t\t<h2>Teaching activity<\/h2>\t\t\t\t\t\t\t\t<\/div>\n\t\t\t\t<\/div>\n\t\t\t\t<div class=\"elementor-element elementor-element-84ff91c elementor-widget elementor-widget-jet-accordion\" data-id=\"84ff91c\" data-element_type=\"widget\" data-e-type=\"widget\" data-widget_type=\"jet-accordion.default\">\n\t\t\t\t<div class=\"elementor-widget-container\">\n\t\t\t\t\t\t\t\t\t<div class=\"jet-accordion\" data-settings=\"{&quot;collapsible&quot;:false,&quot;ajaxTemplate&quot;:false,&quot;switchScrolling&quot;:false,&quot;switchScrollingTablet&quot;:false,&quot;switchScrollingMobile&quot;:false,&quot;switchScrollingOffset&quot;:{&quot;size&quot;:0,&quot;unit&quot;:&quot;px&quot;},&quot;switchScrollingOffsetTablet&quot;:{&quot;size&quot;:0,&quot;unit&quot;:&quot;px&quot;},&quot;switchScrollingOffsetMobile&quot;:{&quot;size&quot;:0,&quot;unit&quot;:&quot;px&quot;},&quot;switchScrollingDelay&quot;:500,&quot;switchScrollingDelayTablet&quot;:500,&quot;switchScrollingDelayMobile&quot;:500}\">\n\t\t\t<div class=\"jet-accordion__inner\">\n\t\t\t\t<div class=\"jet-accordion__item jet-toggle jet-toggle-move-up-effect\">\n\t\t\t\t\t\t\t<div id=\"jet-toggle-control-1391\" class=\"jet-toggle__control elementor-menu-anchor\" data-toggle=\"1\" role=\"button\" tabindex=\"0\" aria-controls=\"jet-toggle-content-1391\" aria-expanded=\"false\" data-template-id=\"false\">\n\t\t\t\t\t\t\t\t<div class=\"jet-toggle__label-icon jet-toggle-icon-position-right\"><span class=\"jet-toggle__icon icon-normal jet-tabs-icon\"><svg xmlns=\"http:\/\/www.w3.org\/2000\/svg\" viewbox=\"0 0 448 512\"><path d=\"M256 80c0-17.7-14.3-32-32-32s-32 14.3-32 32V224H48c-17.7 0-32 14.3-32 32s14.3 32 32 32H192V432c0 17.7 14.3 32 32 32s32-14.3 32-32V288H400c17.7 0 32-14.3 32-32s-14.3-32-32-32H256V80z\"><\/path><\/svg><\/span><span class=\"jet-toggle__icon icon-active jet-tabs-icon\"><svg xmlns=\"http:\/\/www.w3.org\/2000\/svg\" viewbox=\"0 0 448 512\"><path d=\"M432 256c0 17.7-14.3 32-32 32L48 288c-17.7 0-32-14.3-32-32s14.3-32 32-32l352 0c17.7 0 32 14.3 32 32z\"><\/path><\/svg><\/span><\/div><div class=\"jet-toggle__label-text\">Courses<\/div>\t\t\t\t\t\t\t<\/div>\n\t\t\t\t\t\t\t<div id=\"jet-toggle-content-1391\" class=\"jet-toggle__content\" data-toggle=\"1\" role=\"region\" data-template-id=\"false\">\n\t\t\t\t\t\t\t\t<div class=\"jet-toggle__content-inner\"><ul><li><p>Neagu Nicolae Emilian:<\/p><ul><li>Control motor \u0219i propriocep\u021bia \u00een \u00eenv\u0103\u021barea-BFK I<\/li><li>Planificare \u0219i programare \u00een kinetoterapie -BFK III<\/li><li>Psihomotricitate, educa\u021bie \u0219i reeducare psihomotric\u0103-BFK II<\/li><li>Teoria activit\u0103\u021bii motrice umane-BFK I<\/li><li>Antropologia biologic\u0103 \u0219i mi\u0219carea uman\u0103-TFRF II<\/li><li>Terapii specifice la copii cu cerin\u021be educa\u021bionale speciale-TFRF II<\/li><li>Metodologia antrenamentului personalizat-TFRF I<\/li><li>Metodologia cercet\u0103rii \u00een educa\u021bie fizic\u0103 \u0219i sport-EFS II<\/li><li>Proiectare \u0219i planificare curricular\u0103-EFCS II<\/li><\/ul><\/li><li><p>F\u0103g\u0103ra\u0219 Pia-Simona:<\/p><ul><li>M\u0103surare \u0219i evaluare motric\u0103 \u0219i somato-func\u021bional\u0103-BFK II<\/li><li>Educa\u0163ie pentru s\u0103n\u0103tate-BFK I<\/li><li>Elemente de gimnastic\u0103 medical\u0103-BFK I<\/li><li>Masoterapie \u00een recuperare-TFRF II<\/li><li>Tehnici \u0219i metode de evaluare morfofunc\u021bional\u0103-TFRF I<\/li><li>Antropologia biologic\u0103 \u0219i mi\u0219carea uman\u0103-TFRF II<\/li><li>Nutri\u0163ia \u015fi efortul fizic-TFRF I<\/li><li>Promovarea s\u0103n\u0103t\u0103\u021bii \u0219i educa\u021bie pentru s\u0103n\u0103tatea-EFS I<\/li><\/ul><\/li><li><p>Szabo Dan-Alexandru:<\/p><ul><li>Planificare \u0219i programare \u00een kinetoterapie-BFK I<\/li><li>Psihomotricitate, educa\u021bie \u0219i reeducare psihomotric\u0103<\/li><li>Teoria activit\u0103\u021bii motrice umane-BFK I<\/li><li>Kinetologie-BFK I<\/li><li>Kinetoterapie-BFK I<\/li><li>Fitness adaptat \u00een kinetoterapie-BFK I<\/li><\/ul><\/li><li><p>Gliga Alexandra-Camelia:<\/p><ul><li>Promovarea s\u0103n\u0103t\u0103\u021bii \u0219i educa\u021bie pentru s\u0103n\u0103tate -BFK I<\/li><li>Control motor \u0219i propriocep\u021bia \u00een \u00eenv\u0103\u021barea motric\u0103 -BFK I<\/li><li>M\u0103surare \u0219i evaluare motric\u0103 \u0219i somato func\u021bional\u0103 &#8211;BFK I<\/li><li>Educa\u021bie pentru s\u0103n\u0103tate \u0219i prim ajutor-EFS I-X<\/li><li>Preg\u0103tire practic\u0103 de specialitate Recuperare postoperatorie \u2013-BFK III<\/li><li>Preg\u0103tire practic\u0103 de specialitate Hidrotermoterapie \u2013-BFK III<\/li><li>Control motor \u0219i propriocep\u021bia \u00een \u00eenv\u0103\u021barea motric\u0103 -BFK I<\/li><\/ul><\/li><li><p>M\u0103l\u0103ncr\u0103vean Patricia-Maria:<\/p><ul><li>Elemente de gimnastic\u0103 medical\u0103-BFK I<\/li><li>\u0218tiin\u0163e comportamentale \u0219i psihologie medicala -BFK I<\/li><li>Kinetoterapie-BFK I<\/li><li>Aquagim recuperatoriu-BFK II<\/li><li>Kinetoprofilaxie-BFK II<\/li><li>Gimnastica medicala de relaxare si tehnici de masaj -BFK II<\/li><\/ul><\/li><\/ul><\/div>\n\t\t\t\t\t\t\t<\/div>\n\t\t\t\t\t\t<\/div><div class=\"jet-accordion__item jet-toggle jet-toggle-move-up-effect\">\n\t\t\t\t\t\t\t<div id=\"jet-toggle-control-1392\" class=\"jet-toggle__control elementor-menu-anchor\" data-toggle=\"2\" role=\"button\" tabindex=\"0\" aria-controls=\"jet-toggle-content-1392\" aria-expanded=\"false\" data-template-id=\"false\">\n\t\t\t\t\t\t\t\t<div class=\"jet-toggle__label-icon jet-toggle-icon-position-right\"><span class=\"jet-toggle__icon icon-normal jet-tabs-icon\"><svg xmlns=\"http:\/\/www.w3.org\/2000\/svg\" viewbox=\"0 0 448 512\"><path d=\"M256 80c0-17.7-14.3-32-32-32s-32 14.3-32 32V224H48c-17.7 0-32 14.3-32 32s14.3 32 32 32H192V432c0 17.7 14.3 32 32 32s32-14.3 32-32V288H400c17.7 0 32-14.3 32-32s-14.3-32-32-32H256V80z\"><\/path><\/svg><\/span><span class=\"jet-toggle__icon icon-active jet-tabs-icon\"><svg xmlns=\"http:\/\/www.w3.org\/2000\/svg\" viewbox=\"0 0 448 512\"><path d=\"M432 256c0 17.7-14.3 32-32 32L48 288c-17.7 0-32-14.3-32-32s14.3-32 32-32l352 0c17.7 0 32 14.3 32 32z\"><\/path><\/svg><\/span><\/div><div class=\"jet-toggle__label-text\">Trainings, practical activities<\/div>\t\t\t\t\t\t\t<\/div>\n\t\t\t\t\t\t\t<div id=\"jet-toggle-content-1392\" class=\"jet-toggle__content\" data-toggle=\"2\" role=\"region\" data-template-id=\"false\">\n\t\t\t\t\t\t\t\t<div class=\"jet-toggle__content-inner\"><\/div>\n\t\t\t\t\t\t\t<\/div>\n\t\t\t\t\t\t<\/div><div class=\"jet-accordion__item jet-toggle jet-toggle-move-up-effect\">\n\t\t\t\t\t\t\t<div id=\"jet-toggle-control-1393\" class=\"jet-toggle__control elementor-menu-anchor\" data-toggle=\"3\" role=\"button\" tabindex=\"0\" aria-controls=\"jet-toggle-content-1393\" aria-expanded=\"false\" data-template-id=\"false\">\n\t\t\t\t\t\t\t\t<div class=\"jet-toggle__label-icon jet-toggle-icon-position-right\"><span class=\"jet-toggle__icon icon-normal jet-tabs-icon\"><svg xmlns=\"http:\/\/www.w3.org\/2000\/svg\" viewbox=\"0 0 448 512\"><path d=\"M256 80c0-17.7-14.3-32-32-32s-32 14.3-32 32V224H48c-17.7 0-32 14.3-32 32s14.3 32 32 32H192V432c0 17.7 14.3 32 32 32s32-14.3 32-32V288H400c17.7 0 32-14.3 32-32s-14.3-32-32-32H256V80z\"><\/path><\/svg><\/span><span class=\"jet-toggle__icon icon-active jet-tabs-icon\"><svg xmlns=\"http:\/\/www.w3.org\/2000\/svg\" viewbox=\"0 0 448 512\"><path d=\"M432 256c0 17.7-14.3 32-32 32L48 288c-17.7 0-32-14.3-32-32s14.3-32 32-32l352 0c17.7 0 32 14.3 32 32z\"><\/path><\/svg><\/span><\/div><div class=\"jet-toggle__label-text\">Text books and guides<\/div>\t\t\t\t\t\t\t<\/div>\n\t\t\t\t\t\t\t<div id=\"jet-toggle-content-1393\" class=\"jet-toggle__content\" data-toggle=\"3\" role=\"region\" data-template-id=\"false\">\n\t\t\t\t\t\t\t\t<div class=\"jet-toggle__content-inner\"><\/div>\n\t\t\t\t\t\t\t<\/div>\n\t\t\t\t\t\t<\/div>\t\t\t<\/div>\n\t\t<\/div>\n\t\t\t\t\t\t<\/div>\n\t\t\t\t<\/div>\n\t\t\t\t\t<\/div>\n\t\t<\/div>\n\t\t\t\t<div class=\"elementor-column elementor-col-50 elementor-top-column elementor-element elementor-element-b36dd9f\" data-id=\"b36dd9f\" data-element_type=\"column\" data-e-type=\"column\">\n\t\t\t<div class=\"elementor-widget-wrap elementor-element-populated\">\n\t\t\t\t\t\t<section class=\"elementor-section elementor-inner-section elementor-element elementor-element-a1b2793 elementor-section-boxed elementor-section-height-default elementor-section-height-default\" data-id=\"a1b2793\" data-element_type=\"section\" data-e-type=\"section\">\n\t\t\t\t\t\t<div class=\"elementor-container elementor-column-gap-default\">\n\t\t\t\t\t<div data-dce-background-color=\"#F2F7FF\" class=\"elementor-column elementor-col-100 elementor-inner-column elementor-element elementor-element-f223b8c\" data-id=\"f223b8c\" data-element_type=\"column\" data-e-type=\"column\" data-settings=\"{&quot;background_background&quot;:&quot;classic&quot;}\">\n\t\t\t<div class=\"elementor-widget-wrap elementor-element-populated\">\n\t\t\t\t\t\t<div class=\"elementor-element elementor-element-f34385d elementor-widget elementor-widget-heading\" data-id=\"f34385d\" data-element_type=\"widget\" data-e-type=\"widget\" data-widget_type=\"heading.default\">\n\t\t\t\t<div class=\"elementor-widget-container\">\n\t\t\t\t\t<h5 class=\"elementor-heading-title elementor-size-default\">Contact<\/h5>\t\t\t\t<\/div>\n\t\t\t\t<\/div>\n\t\t\t\t<div class=\"elementor-element elementor-element-78e8ac6 elementor-widget-divider--view-line elementor-widget elementor-widget-divider\" data-id=\"78e8ac6\" data-element_type=\"widget\" data-e-type=\"widget\" data-widget_type=\"divider.default\">\n\t\t\t\t<div class=\"elementor-widget-container\">\n\t\t\t\t\t\t\t<div class=\"elementor-divider\">\n\t\t\t<span class=\"elementor-divider-separator\">\n\t\t\t\t\t\t<\/span>\n\t\t<\/div>\n\t\t\t\t\t\t<\/div>\n\t\t\t\t<\/div>\n\t\t\t\t<div class=\"elementor-element elementor-element-7598ddb elementor-widget elementor-widget-icon-box\" data-id=\"7598ddb\" data-element_type=\"widget\" data-e-type=\"widget\" data-widget_type=\"icon-box.default\">\n\t\t\t\t<div class=\"elementor-widget-container\">\n\t\t\t\t\t\t\t<div class=\"elementor-icon-box-wrapper\">\n\n\t\t\t\n\t\t\t\t\t\t<div class=\"elementor-icon-box-content\">\n\n\t\t\t\t\t\t\t\t\t<h3 class=\"elementor-icon-box-title\">\n\t\t\t\t\t\t<span  >\n\t\t\t\t\t\t\tAdres\u0103\t\t\t\t\t\t<\/span>\n\t\t\t\t\t<\/h3>\n\t\t\t\t\n\t\t\t\t\t\t\t\t\t<p class=\"elementor-icon-box-description\">\n\t\t\t\t\t\tStr. Gheorghe Marinescu Nr. 38\nT\u00e2rgu Mure\u0219, 540142\nRom\u00e2nia\t\t\t\t\t<\/p>\n\t\t\t\t\n\t\t\t<\/div>\n\t\t\t\n\t\t<\/div>\n\t\t\t\t\t\t<\/div>\n\t\t\t\t<\/div>\n\t\t\t\t<div class=\"elementor-element elementor-element-6083423 elementor-widget elementor-widget-icon-box\" data-id=\"6083423\" data-element_type=\"widget\" data-e-type=\"widget\" data-widget_type=\"icon-box.default\">\n\t\t\t\t<div class=\"elementor-widget-container\">\n\t\t\t\t\t\t\t<div class=\"elementor-icon-box-wrapper\">\n\n\t\t\t\n\t\t\t\t\t\t<div class=\"elementor-icon-box-content\">\n\n\t\t\t\t\t\t\t\t\t<h3 class=\"elementor-icon-box-title\">\n\t\t\t\t\t\t<span  >\n\t\t\t\t\t\t\tPHONE\t\t\t\t\t\t<\/span>\n\t\t\t\t\t<\/h3>\n\t\t\t\t\n\t\t\t\t\t\t\t\t\t<p class=\"elementor-icon-box-description\">\n\t\t\t\t\t\t+40-265-215.551\t\t\t\t\t<\/p>\n\t\t\t\t\n\t\t\t<\/div>\n\t\t\t\n\t\t<\/div>\n\t\t\t\t\t\t<\/div>\n\t\t\t\t<\/div>\n\t\t\t\t\t<\/div>\n\t\t<\/div>\n\t\t\t\t\t<\/div>\n\t\t<\/section>\n\t\t\t\t\t<\/div>\n\t\t<\/div>\n\t\t\t\t\t<\/div>\n\t\t<\/section>\n\t\t\t\t<\/div>","protected":false},"excerpt":{"rendered":"<p>Colectivul disciplinei \u0218ef disciplin\u0103Conf. univ. dr. Pia-Simona F\u0103g\u0103ra\u0219 &#8211; CV MembriConf. univ. dr. Dan-Alexandru Szabo &#8211; CV\u0218ef lucr. dr. Alexandra-Camelia Bahar &#8211; CVAsist. univ. drd. Roxana-Mihaela Munteanu &#8211; CV Activitate didactic\u0103 Cursuri pentru studen\u021bi Neagu Nicolae Emilian: Control motor \u0219i propriocep\u021bia \u00een \u00eenv\u0103\u021barea-BFK I Planificare \u0219i programare \u00een kinetoterapie -BFK III Psihomotricitate, educa\u021bie \u0219i reeducare [&hellip;]<\/p>\n","protected":false},"author":14,"featured_media":0,"parent":150,"menu_order":0,"comment_status":"closed","ping_status":"closed","template":"","meta":{"_relevanssi_hide_post":"","_relevanssi_hide_content":"","_relevanssi_pin_for_all":"","_relevanssi_pin_keywords":"","_relevanssi_unpin_keywords":"","_relevanssi_related_keywords":"","_relevanssi_related_include_ids":"","_relevanssi_related_exclude_ids":"","_relevanssi_related_no_append":"","_relevanssi_related_not_related":"","_relevanssi_related_posts":"1","_relevanssi_noindex_reason":"","footnotes":""},"categories":[13,40],"tags":[],"class_list":["post-3062","page","type-page","status-publish","hentry","category-pagina-cu-sidebar","category-pagina-departamente-si-discipline"],"meta_box":[],"_links":{"self":[{"href":"https:\/\/umfst.ro\/facultatea-de-medicina\/en\/wp-json\/wp\/v2\/pages\/3062","targetHints":{"allow":["GET"]}}],"collection":[{"href":"https:\/\/umfst.ro\/facultatea-de-medicina\/en\/wp-json\/wp\/v2\/pages"}],"about":[{"href":"https:\/\/umfst.ro\/facultatea-de-medicina\/en\/wp-json\/wp\/v2\/types\/page"}],"author":[{"embeddable":true,"href":"https:\/\/umfst.ro\/facultatea-de-medicina\/en\/wp-json\/wp\/v2\/users\/14"}],"replies":[{"embeddable":true,"href":"https:\/\/umfst.ro\/facultatea-de-medicina\/en\/wp-json\/wp\/v2\/comments?post=3062"}],"version-history":[{"count":37,"href":"https:\/\/umfst.ro\/facultatea-de-medicina\/en\/wp-json\/wp\/v2\/pages\/3062\/revisions"}],"predecessor-version":[{"id":8417,"href":"https:\/\/umfst.ro\/facultatea-de-medicina\/en\/wp-json\/wp\/v2\/pages\/3062\/revisions\/8417"}],"up":[{"embeddable":true,"href":"https:\/\/umfst.ro\/facultatea-de-medicina\/en\/wp-json\/wp\/v2\/pages\/150"}],"wp:attachment":[{"href":"https:\/\/umfst.ro\/facultatea-de-medicina\/en\/wp-json\/wp\/v2\/media?parent=3062"}],"wp:term":[{"taxonomy":"category","embeddable":true,"href":"https:\/\/umfst.ro\/facultatea-de-medicina\/en\/wp-json\/wp\/v2\/categories?post=3062"},{"taxonomy":"post_tag","embeddable":true,"href":"https:\/\/umfst.ro\/facultatea-de-medicina\/en\/wp-json\/wp\/v2\/tags?post=3062"}],"curies":[{"name":"wp","href":"https:\/\/api.w.org\/{rel}","templated":true}]}}