{"id":3306,"date":"2023-06-26T19:32:11","date_gmt":"2023-06-26T16:32:11","guid":{"rendered":"https:\/\/dev.umfst.ro\/facultatea-de-medicina\/?page_id=3306"},"modified":"2025-10-21T14:47:07","modified_gmt":"2025-10-21T11:47:07","slug":"neurologie","status":"publish","type":"page","link":"https:\/\/umfst.ro\/facultatea-de-medicina\/en\/departamente-si-discipline\/m3-discipline-clinice-si-medico-chirurgicale\/neurologie\/","title":{"rendered":"Neurology"},"content":{"rendered":"<div data-elementor-type=\"wp-page\" data-elementor-id=\"3306\" class=\"elementor elementor-3306\" data-elementor-post-type=\"page\">\n\t\t\t\t\t\t<section class=\"elementor-section elementor-top-section elementor-element elementor-element-7a83ac91 elementor-section-boxed elementor-section-height-default elementor-section-height-default\" data-id=\"7a83ac91\" data-element_type=\"section\" data-e-type=\"section\">\n\t\t\t\t\t\t<div class=\"elementor-container elementor-column-gap-default\">\n\t\t\t\t\t<div class=\"elementor-column elementor-col-50 elementor-top-column elementor-element elementor-element-fe58c4f\" data-id=\"fe58c4f\" data-element_type=\"column\" data-e-type=\"column\">\n\t\t\t<div class=\"elementor-widget-wrap elementor-element-populated\">\n\t\t\t\t\t\t<div class=\"elementor-element elementor-element-b9163dc elementor-widget elementor-widget-text-editor\" data-id=\"b9163dc\" data-element_type=\"widget\" data-e-type=\"widget\" data-widget_type=\"text-editor.default\">\n\t\t\t\t<div class=\"elementor-widget-container\">\n\t\t\t\t\t\t\t\t\t<h2>Members<\/h2><p><strong>Head<br \/><\/strong>Prof. univ. dr. Rodica B\u0103la\u0219a &#8211; <a href=\"https:\/\/www.umfst.ro\/fileadmin\/f_medicina\/Cadre_didactice\/2025-2026\/Departament_M3\/Neurologie\/CV_RODICA_BALASA_EN.pdf\" target=\"_blank\" rel=\"noopener\">CV<\/a><\/p><p><strong>Members<br \/><\/strong>Prof. univ. dr. Szatmari Szabolcs &#8211; <a href=\"https:\/\/www.umfst.ro\/fileadmin\/f_medicina\/Cadre_didactice\/2025-2026\/Departament_M3\/Neurologie\/Szatmari_Szabolcs_CV_RO (2).pdf\" target=\"_blank\" rel=\"noopener\">CV<\/a><br \/>Conf. univ. dr. Anca-Ioana Mo\u021b\u0103\u021b\u0103ianu &#8211; <a href=\"https:\/\/www.umfst.ro\/fileadmin\/f_medicina\/Cadre_didactice\/2025-2026\/Departament_M3\/Neurologie\/Motataianu_Anca-Ioana_CV_RO.pdf\" target=\"_blank\" rel=\"noopener\">CV<\/a><br \/>Conf. univ. dr. Bajko Zoltan &#8211; <a href=\"https:\/\/www.umfst.ro\/fileadmin\/f_medicina\/Cadre_didactice\/2025-2026\/Departament_M3\/Neurologie\/Bajko_Zoltan_CV_RO.pdf\" target=\"_blank\" rel=\"noopener\">CV<\/a><br \/>Conf. univ. dr. Szasz Jozsef-Attila &#8211; <a href=\"https:\/\/www.umfst.ro\/fileadmin\/f_medicina\/Cadre_didactice\/2025-2026\/Departament_M3\/Neurologie\/Szasz_Jozsef_Attila_CV_RO.pdf\" target=\"_blank\" rel=\"noopener\">CV<\/a><br \/>Conf. univ. dr. Maria-Smaranda Maier &#8211; <a href=\"https:\/\/www.umfst.ro\/fileadmin\/f_medicina\/Cadre_didactice\/2025-2026\/Departament_M3\/Neurologie\/Maier_Maria_Smaranda_CV_RO.pdf\" target=\"_blank\" rel=\"noopener\">CV<\/a><br \/>Asist. univ. dr. Barcutean Laura Iulia &#8211; <a href=\"https:\/\/www.umfst.ro\/fileadmin\/f_medicina\/Cadre_didactice\/2025-2026\/Departament_M3\/Neurologie\/CV_LAURA_BARCUTEAN_RO.pdf\">CV<\/a><br \/>Asist. univ. dr. Andone Razvan Sebastian &#8211; <a href=\"https:\/\/www.umfst.ro\/fileadmin\/f_medicina\/Cadre_didactice\/2025-2026\/Departament_M3\/Neurologie\/Andone_Razvan_Sebastian_CV_Ro.pdf\">CV<\/a><\/p>\t\t\t\t\t\t\t\t<\/div>\n\t\t\t\t<\/div>\n\t\t\t\t<div class=\"elementor-element elementor-element-0c96507 elementor-hidden-widescreen elementor-hidden-desktop elementor-hidden-tablet elementor-hidden-mobile elementor-widget elementor-widget-text-editor\" data-id=\"0c96507\" data-element_type=\"widget\" data-e-type=\"widget\" data-widget_type=\"text-editor.default\">\n\t\t\t\t<div class=\"elementor-widget-container\">\n\t\t\t\t\t\t\t\t\t<h5>Personalul didactic auxiliar al disciplinei<\/h5><table width=\"468\"><tbody><tr><td width=\"60\"><strong>Nr. crt.<\/strong><\/td><td width=\"252\"><strong>Pozi\u021bia \u00een disciplin\u0103<\/strong><\/td><td width=\"156\"><strong>Nume \u0219i prenume<\/strong><\/td><\/tr><tr><td width=\"60\">1.<\/td><td width=\"252\">Doctorand<\/td><td width=\"156\">Roman Iulian<\/td><\/tr><tr><td width=\"60\">2.<\/td><td width=\"252\">Doctorand<\/td><td width=\"156\">Mosora Oana<\/td><\/tr><tr><td width=\"60\">3.<\/td><td width=\"252\">Doctorand<\/td><td width=\"156\">Morosanu Valentin<\/td><\/tr><\/tbody><\/table>\t\t\t\t\t\t\t\t<\/div>\n\t\t\t\t<\/div>\n\t\t\t\t<div class=\"elementor-element elementor-element-d112cfa elementor-widget elementor-widget-heading\" data-id=\"d112cfa\" data-element_type=\"widget\" data-e-type=\"widget\" data-widget_type=\"heading.default\">\n\t\t\t\t<div class=\"elementor-widget-container\">\n\t\t\t\t\t<h2 class=\"elementor-heading-title elementor-size-default\">Teaching activity<\/h2>\t\t\t\t<\/div>\n\t\t\t\t<\/div>\n\t\t\t\t<div class=\"elementor-element elementor-element-84ff91c elementor-widget elementor-widget-jet-accordion\" data-id=\"84ff91c\" data-element_type=\"widget\" data-e-type=\"widget\" data-widget_type=\"jet-accordion.default\">\n\t\t\t\t<div class=\"elementor-widget-container\">\n\t\t\t\t\t\t\t\t\t<div class=\"jet-accordion\" data-settings=\"{&quot;collapsible&quot;:false,&quot;ajaxTemplate&quot;:false,&quot;switchScrolling&quot;:false,&quot;switchScrollingTablet&quot;:false,&quot;switchScrollingMobile&quot;:false,&quot;switchScrollingOffset&quot;:{&quot;size&quot;:0,&quot;unit&quot;:&quot;px&quot;},&quot;switchScrollingOffsetTablet&quot;:{&quot;size&quot;:0,&quot;unit&quot;:&quot;px&quot;},&quot;switchScrollingOffsetMobile&quot;:{&quot;size&quot;:0,&quot;unit&quot;:&quot;px&quot;},&quot;switchScrollingDelay&quot;:500,&quot;switchScrollingDelayTablet&quot;:500,&quot;switchScrollingDelayMobile&quot;:500}\">\n\t\t\t<div class=\"jet-accordion__inner\">\n\t\t\t\t<div class=\"jet-accordion__item jet-toggle jet-toggle-move-up-effect\">\n\t\t\t\t\t\t\t<div id=\"jet-toggle-control-1391\" class=\"jet-toggle__control elementor-menu-anchor\" data-toggle=\"1\" role=\"button\" tabindex=\"0\" aria-controls=\"jet-toggle-content-1391\" aria-expanded=\"false\" data-template-id=\"false\">\n\t\t\t\t\t\t\t\t<div class=\"jet-toggle__label-icon jet-toggle-icon-position-right\"><span class=\"jet-toggle__icon icon-normal jet-tabs-icon\"><svg xmlns=\"http:\/\/www.w3.org\/2000\/svg\" viewbox=\"0 0 448 512\"><path d=\"M256 80c0-17.7-14.3-32-32-32s-32 14.3-32 32V224H48c-17.7 0-32 14.3-32 32s14.3 32 32 32H192V432c0 17.7 14.3 32 32 32s32-14.3 32-32V288H400c17.7 0 32-14.3 32-32s-14.3-32-32-32H256V80z\"><\/path><\/svg><\/span><span class=\"jet-toggle__icon icon-active jet-tabs-icon\"><svg xmlns=\"http:\/\/www.w3.org\/2000\/svg\" viewbox=\"0 0 448 512\"><path d=\"M432 256c0 17.7-14.3 32-32 32L48 288c-17.7 0-32-14.3-32-32s14.3-32 32-32l352 0c17.7 0 32 14.3 32 32z\"><\/path><\/svg><\/span><\/div><div class=\"jet-toggle__label-text\">Courses<\/div>\t\t\t\t\t\t\t<\/div>\n\t\t\t\t\t\t\t<div id=\"jet-toggle-content-1391\" class=\"jet-toggle__content\" data-toggle=\"1\" role=\"region\" data-template-id=\"false\">\n\t\t\t\t\t\t\t\t<div class=\"jet-toggle__content-inner\"><p>(materie predat\u0103 \u2013 an, program de studii, limb\u0103 \u2013 titular de curs )<\/p><ol><li>Neurologie- anul V, medicin\u0103, LR \u2013 Prof. univ. dr. Rodica Ioana B\u0103la\u0219a<\/li><li>Recuperarea \u00een afec\u021biuni neurologice \u0219i psihomotorii- anul III, Balneofiziokinetoterapie \u2013 Prof. univ. dr.Rodica Ioana B\u0103la\u0219a<\/li><li>Neurofiziologie aplicat\u0103- anul I, masterat Balneofiziokinetoterapie \u2013 Prof. univ. dr. Rodica Ioana B\u0103la\u0219a<\/li><li>Neurologie-anul V, medicin\u0103, LM \u2013 Conf. univ. dr Szatm\u00e1ri Szabolcs<\/li><li>Neurologie- anul IV, medicin\u0103 dentar\u0103, LR- \u0218ef lucr. Dr. Ioan Macavei<\/li><li>Curs \u00eengrijiri calificate \u00een neurologie- anul III, Asisten\u021b\u0103 medical\u0103, LR \u2013 \u0218ef lucr. Dr. Ioan Macavei<\/li><li>Neurologie anul IV, medicin\u0103 dentar\u0103, LM \u2013 \u0218ef lucr. Dr. Sz\u00e1sz J\u00f3zsef<\/li><li>\u00cengrijiri calificate \u00een neurologie- anul III, Asisten\u021b\u0103 medical\u0103+moa\u0219e, LM \u2013 \u0218ef lucr. Dr. Sz\u00e1sz J\u00f3zsef<\/li><\/ol><\/div>\n\t\t\t\t\t\t\t<\/div>\n\t\t\t\t\t\t<\/div><div class=\"jet-accordion__item jet-toggle jet-toggle-move-up-effect\">\n\t\t\t\t\t\t\t<div id=\"jet-toggle-control-1392\" class=\"jet-toggle__control elementor-menu-anchor\" data-toggle=\"2\" role=\"button\" tabindex=\"0\" aria-controls=\"jet-toggle-content-1392\" aria-expanded=\"false\" data-template-id=\"false\">\n\t\t\t\t\t\t\t\t<div class=\"jet-toggle__label-icon jet-toggle-icon-position-right\"><span class=\"jet-toggle__icon icon-normal jet-tabs-icon\"><svg xmlns=\"http:\/\/www.w3.org\/2000\/svg\" viewbox=\"0 0 448 512\"><path d=\"M256 80c0-17.7-14.3-32-32-32s-32 14.3-32 32V224H48c-17.7 0-32 14.3-32 32s14.3 32 32 32H192V432c0 17.7 14.3 32 32 32s32-14.3 32-32V288H400c17.7 0 32-14.3 32-32s-14.3-32-32-32H256V80z\"><\/path><\/svg><\/span><span class=\"jet-toggle__icon icon-active jet-tabs-icon\"><svg xmlns=\"http:\/\/www.w3.org\/2000\/svg\" viewbox=\"0 0 448 512\"><path d=\"M432 256c0 17.7-14.3 32-32 32L48 288c-17.7 0-32-14.3-32-32s14.3-32 32-32l352 0c17.7 0 32 14.3 32 32z\"><\/path><\/svg><\/span><\/div><div class=\"jet-toggle__label-text\">Trainings, practical activities<\/div>\t\t\t\t\t\t\t<\/div>\n\t\t\t\t\t\t\t<div id=\"jet-toggle-content-1392\" class=\"jet-toggle__content\" data-toggle=\"2\" role=\"region\" data-template-id=\"false\">\n\t\t\t\t\t\t\t\t<div class=\"jet-toggle__content-inner\"><p>(Materie \u2013 an, program de studii- stagiu clinic\/lucrare practic\u0103)<\/p><ol><li>Neurologie \u2013 anul V, medicin\u0103-stagiu clinic<\/li><li>Neurologie \u2013 anul IV, medicina dentar\u0103-lucr\u0103ri practice<\/li><li>Neurologie- anul III, Balneofiziokinetoterapie- lucr\u0103ri practice<\/li><li>Neurologie \u2013 anul III, Asisten\u021b\u0103 medical\u0103- lucr\u0103ri practice<\/li><li>Neurofiziologie aplicat\u0103 \u2013 anul I, Masterat balneofiziokinetoterapie- lucr\u0103ri practice.<\/li><\/ol><\/div>\n\t\t\t\t\t\t\t<\/div>\n\t\t\t\t\t\t<\/div><div class=\"jet-accordion__item jet-toggle jet-toggle-move-up-effect\">\n\t\t\t\t\t\t\t<div id=\"jet-toggle-control-1393\" class=\"jet-toggle__control elementor-menu-anchor\" data-toggle=\"3\" role=\"button\" tabindex=\"0\" aria-controls=\"jet-toggle-content-1393\" aria-expanded=\"false\" data-template-id=\"false\">\n\t\t\t\t\t\t\t\t<div class=\"jet-toggle__label-icon jet-toggle-icon-position-right\"><span class=\"jet-toggle__icon icon-normal jet-tabs-icon\"><svg xmlns=\"http:\/\/www.w3.org\/2000\/svg\" viewbox=\"0 0 448 512\"><path d=\"M256 80c0-17.7-14.3-32-32-32s-32 14.3-32 32V224H48c-17.7 0-32 14.3-32 32s14.3 32 32 32H192V432c0 17.7 14.3 32 32 32s32-14.3 32-32V288H400c17.7 0 32-14.3 32-32s-14.3-32-32-32H256V80z\"><\/path><\/svg><\/span><span class=\"jet-toggle__icon icon-active jet-tabs-icon\"><svg xmlns=\"http:\/\/www.w3.org\/2000\/svg\" viewbox=\"0 0 448 512\"><path d=\"M432 256c0 17.7-14.3 32-32 32L48 288c-17.7 0-32-14.3-32-32s14.3-32 32-32l352 0c17.7 0 32 14.3 32 32z\"><\/path><\/svg><\/span><\/div><div class=\"jet-toggle__label-text\">Text books and guides<\/div>\t\t\t\t\t\t\t<\/div>\n\t\t\t\t\t\t\t<div id=\"jet-toggle-content-1393\" class=\"jet-toggle__content\" data-toggle=\"3\" role=\"region\" data-template-id=\"false\">\n\t\t\t\t\t\t\t\t<div class=\"jet-toggle__content-inner\"><ol><li>Rodica B\u0103la\u0219a, Sindroamele neurologice majore. University Press, 2006<\/li><li>Rodica B\u0103la\u0219a, Nervii Cranieni. University Press, 2010<\/li><li>Rodica B\u0103la\u0219a, Major Neurological Syndromes, University Press, 2012<\/li><li>B\u0103la\u015fa R, Maier S, Mo\u0163\u0103\u0163\u0103ianu A, Bajk\u00f3 Z, B\u0103la\u015fa A. Curs de neuroreabilitare. Editura University Press T\u00e2rgu Mure\u015f, 2014<\/li><li>B\u0103la\u0219a R, Mo\u021b\u0103\u021b\u0103ianu A, B\u0103la\u0219a A. Curs de\u00a0 neurologie, Vol\u00a0 \u00a0 Editura\u00a0 University Press T\u00e2rgu Mure\u0219, 2015.<\/li><li>Szatmari S, Sz\u00e1sz J \u2013 Urgen\u021be neurologice. Editura FarmaMedia T\u00e2rgu-Mure\u0219, 2007<\/li><li>Szatmari S, Sz\u00e1sz J \u2013 Neurol\u00f3giai s\u00fcrg\u00f6ss\u00e9gek in Kov\u00e1cs J (ed) S\u00fcrg\u00f6ss\u00e9gi betegell\u00e1t\u00e1s. Edupoint T\u00e2rgu Mure\u0219 \u0219i Societatea Muzeului Ardelean Cluj Napoca. 2010, 358-386<\/li><li>G\u00e1sp\u00e1r I, Orb\u00e1n-Kis K, Szatm\u00e1ri Sz, et al: Neurol\u00f3giai t\u00fcnettan. Editura Studium. 2008<\/li><li>G\u00e1sp\u00e1r Istv\u00e1n, Szatm\u00e1ri Szabolcs, Bajk\u00f3 Zolt\u00e1n, et al: Neurol\u00f3giai t\u00fcnetcsoportok. Sub redac\u021bia Szatm\u00e1ri Szabolcs, G\u00e1sp\u00e1r Istv\u00e1n, Sz\u00e1sz J\u00f3zsef et al. Editura Studium \u0219i Editura Didactic\u0103 \u0219i Pedagogic\u0103, 2010<\/li><li>Szatm\u00e1ri Szabolcs. Neurol\u00f3gia. Egyetemi jegyzet az \u00e1ltal\u00e1nos orvosi kar V \u00e9ves hallgat\u00f3i sz\u00e1m\u00e1ra. University Press, 2014.<\/li><li>Hufschmidt A., Lucking C.H. \u2013 Neurologie integral\u0103. De la simptom la tratament, Ed. Polirom, 2002<\/li><li>Liviu Popoviciu- Neurologie-Editura Didactic\u0103 \u0219i Pedagogic\u0103, Bucure\u0219ti, 1993<\/li><li>Liviu Popoviciu, Berdj A\u0219gian. Bazele semiologice ale practicii neurologice \u0219i neurochirurgicale. Editura Medical\u0103,1991<\/li><\/ol><\/div>\n\t\t\t\t\t\t\t<\/div>\n\t\t\t\t\t\t<\/div>\t\t\t<\/div>\n\t\t<\/div>\n\t\t\t\t\t\t<\/div>\n\t\t\t\t<\/div>\n\t\t\t\t\t<\/div>\n\t\t<\/div>\n\t\t\t\t<div class=\"elementor-column elementor-col-50 elementor-top-column elementor-element elementor-element-fd89870\" data-id=\"fd89870\" data-element_type=\"column\" data-e-type=\"column\">\n\t\t\t<div class=\"elementor-widget-wrap elementor-element-populated\">\n\t\t\t\t\t\t<section class=\"elementor-section elementor-inner-section elementor-element elementor-element-27b057c elementor-section-boxed elementor-section-height-default elementor-section-height-default\" data-id=\"27b057c\" data-element_type=\"section\" data-e-type=\"section\">\n\t\t\t\t\t\t<div class=\"elementor-container elementor-column-gap-default\">\n\t\t\t\t\t<div data-dce-background-color=\"#F2F7FF\" class=\"elementor-column elementor-col-100 elementor-inner-column elementor-element elementor-element-a558062\" data-id=\"a558062\" data-element_type=\"column\" data-e-type=\"column\" data-settings=\"{&quot;background_background&quot;:&quot;classic&quot;}\">\n\t\t\t<div class=\"elementor-widget-wrap elementor-element-populated\">\n\t\t\t\t\t\t<div class=\"elementor-element elementor-element-db7630b elementor-widget elementor-widget-heading\" data-id=\"db7630b\" data-element_type=\"widget\" data-e-type=\"widget\" data-widget_type=\"heading.default\">\n\t\t\t\t<div class=\"elementor-widget-container\">\n\t\t\t\t\t<h5 class=\"elementor-heading-title elementor-size-default\">Contact<\/h5>\t\t\t\t<\/div>\n\t\t\t\t<\/div>\n\t\t\t\t<div class=\"elementor-element elementor-element-5d2ec2e elementor-widget-divider--view-line elementor-widget elementor-widget-divider\" data-id=\"5d2ec2e\" data-element_type=\"widget\" data-e-type=\"widget\" data-widget_type=\"divider.default\">\n\t\t\t\t<div class=\"elementor-widget-container\">\n\t\t\t\t\t\t\t<div class=\"elementor-divider\">\n\t\t\t<span class=\"elementor-divider-separator\">\n\t\t\t\t\t\t<\/span>\n\t\t<\/div>\n\t\t\t\t\t\t<\/div>\n\t\t\t\t<\/div>\n\t\t\t\t<div class=\"elementor-element elementor-element-d8e0076 elementor-widget elementor-widget-icon-box\" data-id=\"d8e0076\" data-element_type=\"widget\" data-e-type=\"widget\" data-widget_type=\"icon-box.default\">\n\t\t\t\t<div class=\"elementor-widget-container\">\n\t\t\t\t\t\t\t<div class=\"elementor-icon-box-wrapper\">\n\n\t\t\t\n\t\t\t\t\t\t<div class=\"elementor-icon-box-content\">\n\n\t\t\t\t\t\t\t\t\t<h3 class=\"elementor-icon-box-title\">\n\t\t\t\t\t\t<span  >\n\t\t\t\t\t\t\tSec\u021bia clinic\u0103\t\t\t\t\t\t<\/span>\n\t\t\t\t\t<\/h3>\n\t\t\t\t\n\t\t\t\t\t\t\t\t\t<p class=\"elementor-icon-box-description\">\n\t\t\t\t\t\tNeurologie 1\t\t\t\t\t<\/p>\n\t\t\t\t\n\t\t\t<\/div>\n\t\t\t\n\t\t<\/div>\n\t\t\t\t\t\t<\/div>\n\t\t\t\t<\/div>\n\t\t\t\t<div class=\"elementor-element elementor-element-e0affa4 elementor-widget elementor-widget-icon-box\" data-id=\"e0affa4\" data-element_type=\"widget\" data-e-type=\"widget\" data-widget_type=\"icon-box.default\">\n\t\t\t\t<div class=\"elementor-widget-container\">\n\t\t\t\t\t\t\t<div class=\"elementor-icon-box-wrapper\">\n\n\t\t\t\n\t\t\t\t\t\t<div class=\"elementor-icon-box-content\">\n\n\t\t\t\t\t\t\t\t\t<h3 class=\"elementor-icon-box-title\">\n\t\t\t\t\t\t<span  >\n\t\t\t\t\t\t\tAdres\u0103\t\t\t\t\t\t<\/span>\n\t\t\t\t\t<\/h3>\n\t\t\t\t\n\t\t\t\t\t\t\t\t\t<p class=\"elementor-icon-box-description\">\n\t\t\t\t\t\tSpitalul Clinic Jude\u021bean de Urgen\u021b\u0103 Mure\u0219\nStr. Gheorghe Marinescu Nr. 50\nT\u00e2rgu Mure\u0219, 540136\nRom\u00e2nia\t\t\t\t\t<\/p>\n\t\t\t\t\n\t\t\t<\/div>\n\t\t\t\n\t\t<\/div>\n\t\t\t\t\t\t<\/div>\n\t\t\t\t<\/div>\n\t\t\t\t<div class=\"elementor-element elementor-element-0af27e5 elementor-widget elementor-widget-icon-box\" data-id=\"0af27e5\" data-element_type=\"widget\" data-e-type=\"widget\" data-widget_type=\"icon-box.default\">\n\t\t\t\t<div class=\"elementor-widget-container\">\n\t\t\t\t\t\t\t<div class=\"elementor-icon-box-wrapper\">\n\n\t\t\t\n\t\t\t\t\t\t<div class=\"elementor-icon-box-content\">\n\n\t\t\t\t\t\t\t\t\t<h3 class=\"elementor-icon-box-title\">\n\t\t\t\t\t\t<span  >\n\t\t\t\t\t\t\tE-mail\t\t\t\t\t\t<\/span>\n\t\t\t\t\t<\/h3>\n\t\t\t\t\n\t\t\t\t\t\t\t\t\t<p class=\"elementor-icon-box-description\">\n\t\t\t\t\t\trodica.balasa@umftgm.ro\t\t\t\t\t<\/p>\n\t\t\t\t\n\t\t\t<\/div>\n\t\t\t\n\t\t<\/div>\n\t\t\t\t\t\t<\/div>\n\t\t\t\t<\/div>\n\t\t\t\t<div class=\"elementor-element elementor-element-ffbee20 elementor-widget elementor-widget-icon-box\" data-id=\"ffbee20\" data-element_type=\"widget\" data-e-type=\"widget\" data-widget_type=\"icon-box.default\">\n\t\t\t\t<div class=\"elementor-widget-container\">\n\t\t\t\t\t\t\t<div class=\"elementor-icon-box-wrapper\">\n\n\t\t\t\n\t\t\t\t\t\t<div class=\"elementor-icon-box-content\">\n\n\t\t\t\t\t\t\t\t\t<h3 class=\"elementor-icon-box-title\">\n\t\t\t\t\t\t<span  >\n\t\t\t\t\t\t\tPHONE\t\t\t\t\t\t<\/span>\n\t\t\t\t\t<\/h3>\n\t\t\t\t\n\t\t\t\t\t\t\t\t\t<p class=\"elementor-icon-box-description\">\n\t\t\t\t\t\t+40-265-216.375\t\t\t\t\t<\/p>\n\t\t\t\t\n\t\t\t<\/div>\n\t\t\t\n\t\t<\/div>\n\t\t\t\t\t\t<\/div>\n\t\t\t\t<\/div>\n\t\t\t\t\t<\/div>\n\t\t<\/div>\n\t\t\t\t\t<\/div>\n\t\t<\/section>\n\t\t\t\t\t<\/div>\n\t\t<\/div>\n\t\t\t\t\t<\/div>\n\t\t<\/section>\n\t\t\t\t<\/div>","protected":false},"excerpt":{"rendered":"<p>Colectivul disciplinei \u0218ef disciplin\u0103Prof. univ. dr. Rodica B\u0103la\u0219a &#8211; CV MembriProf. univ. dr. Szatmari Szabolcs &#8211; CVConf. univ. dr. Anca-Ioana Mo\u021b\u0103\u021b\u0103ianu &#8211; CVConf. univ. dr. Bajko Zoltan &#8211; CVConf. univ. dr. Szasz Jozsef-Attila &#8211; CVConf. univ. dr. Maria-Smaranda Maier &#8211; CVAsist. univ. dr. Barcutean Laura Iulia &#8211; CVAsist. univ. dr. Andone Razvan Sebastian &#8211; CV [&hellip;]<\/p>\n","protected":false},"author":14,"featured_media":0,"parent":263,"menu_order":12,"comment_status":"closed","ping_status":"closed","template":"","meta":{"_relevanssi_hide_post":"","_relevanssi_hide_content":"","_relevanssi_pin_for_all":"","_relevanssi_pin_keywords":"","_relevanssi_unpin_keywords":"","_relevanssi_related_keywords":"","_relevanssi_related_include_ids":"","_relevanssi_related_exclude_ids":"","_relevanssi_related_no_append":"","_relevanssi_related_not_related":"","_relevanssi_related_posts":"1","_relevanssi_noindex_reason":"","footnotes":""},"categories":[13,40],"tags":[],"class_list":["post-3306","page","type-page","status-publish","hentry","category-pagina-cu-sidebar","category-pagina-departamente-si-discipline"],"meta_box":[],"_links":{"self":[{"href":"https:\/\/umfst.ro\/facultatea-de-medicina\/en\/wp-json\/wp\/v2\/pages\/3306","targetHints":{"allow":["GET"]}}],"collection":[{"href":"https:\/\/umfst.ro\/facultatea-de-medicina\/en\/wp-json\/wp\/v2\/pages"}],"about":[{"href":"https:\/\/umfst.ro\/facultatea-de-medicina\/en\/wp-json\/wp\/v2\/types\/page"}],"author":[{"embeddable":true,"href":"https:\/\/umfst.ro\/facultatea-de-medicina\/en\/wp-json\/wp\/v2\/users\/14"}],"replies":[{"embeddable":true,"href":"https:\/\/umfst.ro\/facultatea-de-medicina\/en\/wp-json\/wp\/v2\/comments?post=3306"}],"version-history":[{"count":40,"href":"https:\/\/umfst.ro\/facultatea-de-medicina\/en\/wp-json\/wp\/v2\/pages\/3306\/revisions"}],"predecessor-version":[{"id":8828,"href":"https:\/\/umfst.ro\/facultatea-de-medicina\/en\/wp-json\/wp\/v2\/pages\/3306\/revisions\/8828"}],"up":[{"embeddable":true,"href":"https:\/\/umfst.ro\/facultatea-de-medicina\/en\/wp-json\/wp\/v2\/pages\/263"}],"wp:attachment":[{"href":"https:\/\/umfst.ro\/facultatea-de-medicina\/en\/wp-json\/wp\/v2\/media?parent=3306"}],"wp:term":[{"taxonomy":"category","embeddable":true,"href":"https:\/\/umfst.ro\/facultatea-de-medicina\/en\/wp-json\/wp\/v2\/categories?post=3306"},{"taxonomy":"post_tag","embeddable":true,"href":"https:\/\/umfst.ro\/facultatea-de-medicina\/en\/wp-json\/wp\/v2\/tags?post=3306"}],"curies":[{"name":"wp","href":"https:\/\/api.w.org\/{rel}","templated":true}]}}