{"id":40,"date":"2022-11-03T18:39:57","date_gmt":"2022-11-03T18:39:57","guid":{"rendered":"https:\/\/dev.umfst.ro\/facultatea-de-medicina\/?page_id=40"},"modified":"2025-09-29T10:14:07","modified_gmt":"2025-09-29T07:14:07","slug":"management-of-the-faculty-of-medicine-2","status":"publish","type":"page","link":"https:\/\/umfst.ro\/facultatea-de-medicina\/en\/organizare\/conducerea-facultatii-de-medicina\/","title":{"rendered":"Management of the faculty of medicine"},"content":{"rendered":"<div data-elementor-type=\"wp-page\" data-elementor-id=\"40\" class=\"elementor elementor-40\" data-elementor-post-type=\"page\">\n\t\t\t\t\t\t<section class=\"elementor-section elementor-top-section elementor-element elementor-element-5ddee24b elementor-section-boxed elementor-section-height-default elementor-section-height-default\" data-id=\"5ddee24b\" data-element_type=\"section\" data-e-type=\"section\">\n\t\t\t\t\t\t<div class=\"elementor-container elementor-column-gap-default\">\n\t\t\t\t\t<div class=\"elementor-column elementor-col-100 elementor-top-column elementor-element elementor-element-3e9fc0ed\" data-id=\"3e9fc0ed\" data-element_type=\"column\" data-e-type=\"column\">\n\t\t\t<div class=\"elementor-widget-wrap elementor-element-populated\">\n\t\t\t\t\t\t<div class=\"elementor-element elementor-element-1a2349af elementor-widget elementor-widget-text-editor\" data-id=\"1a2349af\" data-element_type=\"widget\" data-e-type=\"widget\" data-widget_type=\"text-editor.default\">\n\t\t\t\t<div class=\"elementor-widget-container\">\n\t\t\t\t\t\t\t\t\t<h2>Management of the faculty of medicine<\/h2>\n<p><!-- \/wp:heading --><!-- wp:paragraph --><\/p>\n<p><strong>Dean<\/strong><span style=\"color: #a78512\"><strong><br \/><\/strong><\/span>Prof. univ. dr. Alina Scridon<br \/>Email:\u00a0<a href=\"linkTo_UnCryptMailto(%27nbjmup%2Befdbobu%5C%2FnfejdjobAvngtu%5C%2Fsp%27);\">decanat.medicina@umfst.ro<\/a> ; <a href=\"mailto:alina.scridon@umfst.ro\">alina.scridon@umfst.ro<\/a><\/p>\n<p><!-- \/wp:paragraph --><!-- wp:paragraph --><\/p>\n<p><strong>Vice-dean <\/strong><span style=\"color: #a78512\"><strong><br \/><\/strong><\/span>Associate professor Andrada Loghin, PhD<br \/>Email:\u00a0<a href=\"linkTo_UnCryptMailto(%27nbjmup%2Bqspefdbo_ejebdujdAvngtu%5C%2Fsp%27);\">prodecan_didactic@umfst.ro<\/a> ; <a href=\"linkTo_UnCryptMailto(%27nbjmup%2Bboesbeb%5C%2FmphijoAvngtu%5C%2Fsp%27);\">andrada.loghin@umfst.ro<\/a><\/p>\n<p><!-- \/wp:paragraph --><!-- wp:paragraph --><\/p>\n<p><strong>Vice-dean <\/strong><span style=\"color: #a78512\"><strong><br \/><\/strong><\/span>Conf. univ. dr. Lorena-Elena Meli\u021b<br \/>Email:\u00a0<a href=\"https:\/\/umfst.ro\/facultatea-de-medicina\/organizare\/conducerea-facultatii-de-medicina\/linkTo_UnCryptMailto(%27nbjmup%2Bqspefdbo_dbmjubufAvngtu%5C%2Fsp%27);\">prodecan_calitate@umfst.ro<\/a><a href=\"https:\/\/umfst.ro\/facultatea-de-medicina\/wp-admin\/linkTo_UnCryptMailto(%27nbjmup%2Bcjbodb%5C%2FhsjhpsftdvAvngtu%5C%2Fsp%27);\">;\u00a0<\/a><a href=\"mailto:lorena.melit@umfst.ro\">lorena.melit@umfst.ro<\/a><\/p>\n<p><!-- \/wp:paragraph --><!-- wp:paragraph --><\/p>\n<p><strong>Vice-dean<\/strong><span style=\"color: #a78512\"><strong><br \/><\/strong><\/span> Conf. dr. Sz\u00e1sz J\u00f3zsef-Attila<br \/>Email:\u00a0<a href=\"linkTo_UnCryptMailto(%27nbjmup%2Bqspefdbo_tujjoujgjdAvngtu%5C%2Fsp%27);\">prodecan_stiintific@umfst.ro<\/a> ; <a href=\"linkTo_UnCryptMailto(%27nbjmup%2Bkpatfg%5C%2FtabtaAvngtu%5C%2Fsp%27);\">jozsef.szasz@umfst.ro<\/a><\/p>\n<p><!-- \/wp:paragraph --><!-- wp:heading --><\/p>\n<p><strong>Director Extensie Asisten\u021b\u0103 Medical\u0103 General\u0103 Bistri\u021ba<br \/><\/strong>\u0218ef lucr. dr. Cosmin Nicolescu<br \/>Email: <a href=\"mailto:cosmin.nicolescu@umfst.ro\">cosmin.nicolescu@umfst.ro<\/a><\/p>\n<p>\u00a0<\/p>\n<h2>Contact<\/h2>\n<p><!-- \/wp:heading --><!-- wp:paragraph --><\/p>\n<p><strong>Faculty of Medicine<\/strong><br \/>Str. Gheorghe Marinescu nr. 38, cod 540139, T\u00e2rgu Mure\u0219, Mure\u0219, Rom\u00e2nia<br \/>Tel: +40-265-215 551<br \/>Email: <a href=\"linkTo_UnCryptMailto(%27nbjmup%2Befdbobu%5C%2FnfejdjobAvngtu%5C%2Fsp%27);\">decanat.medicina@umfst.ro<\/a><\/p>\n<p><!-- \/wp:paragraph --><!-- wp:paragraph --><\/p>\n<p><!-- \/wp:paragraph --><!-- wp:paragraph --><\/p>\n<p><!-- \/wp:paragraph --><!-- wp:heading --><\/p>\n<p>\u00a0<\/p>\n<p><!-- \/wp:heading --><\/p>\t\t\t\t\t\t\t\t<\/div>\n\t\t\t\t<\/div>\n\t\t\t\t\t<\/div>\n\t\t<\/div>\n\t\t\t\t\t<\/div>\n\t\t<\/section>\n\t\t\t\t<section class=\"elementor-section elementor-top-section elementor-element elementor-element-a743b59 elementor-section-boxed elementor-section-height-default elementor-section-height-default\" data-id=\"a743b59\" data-element_type=\"section\" data-e-type=\"section\">\n\t\t\t\t\t\t<div class=\"elementor-container elementor-column-gap-default\">\n\t\t\t\t\t<div class=\"elementor-column elementor-col-100 elementor-top-column elementor-element elementor-element-5097e88\" data-id=\"5097e88\" data-element_type=\"column\" data-e-type=\"column\">\n\t\t\t<div class=\"elementor-widget-wrap elementor-element-populated\">\n\t\t\t\t\t\t<div data-dce-background-color=\"#2359B317\" class=\"elementor-element elementor-element-d048f17 elementor-widget__width-auto elementor-widget elementor-widget-button\" data-id=\"d048f17\" data-element_type=\"widget\" data-e-type=\"widget\" data-widget_type=\"button.default\">\n\t\t\t\t<div class=\"elementor-widget-container\">\n\t\t\t\t\t\t\t\t\t<div class=\"elementor-button-wrapper\">\n\t\t\t\t\t<a class=\"elementor-button elementor-button-link elementor-size-sm\" href=\"https:\/\/www.umfst.ro\/fileadmin\/f_medicina\/Documente\/Organigrama_Medicina_2025.pdf\" target=\"_blank\">\n\t\t\t\t\t\t<span class=\"elementor-button-content-wrapper\">\n\t\t\t\t\t\t<span class=\"elementor-button-icon\">\n\t\t\t\t<i aria-hidden=\"true\" class=\"fas fa-file-pdf\"><\/i>\t\t\t<\/span>\n\t\t\t\t\t\t\t\t\t<span class=\"elementor-button-text\">Organigrama<\/span>\n\t\t\t\t\t<\/span>\n\t\t\t\t\t<\/a>\n\t\t\t\t<\/div>\n\t\t\t\t\t\t\t\t<\/div>\n\t\t\t\t<\/div>\n\t\t\t\t\t<\/div>\n\t\t<\/div>\n\t\t\t\t\t<\/div>\n\t\t<\/section>\n\t\t\t\t<\/div>","protected":false},"excerpt":{"rendered":"<p>Conducerea Facult\u0103\u021bii de Medicin\u0103 DecanProf. univ. dr. Alina ScridonE-mail:\u00a0decanat.medicina@umfst.ro ; alina.scridon@umfst.ro Prodecan Conf. univ. dr. Andrada LoghinE-mail:\u00a0prodecan_didactic@umfst.ro ; andrada.loghin@umfst.ro Prodecan Conf. univ. dr. Lorena-Elena Meli\u021bE-mail:\u00a0prodecan_calitate@umfst.ro;\u00a0lorena.melit@umfst.ro Prodecan Conf. dr. Sz\u00e1sz J\u00f3zsef-AttilaE-mail:\u00a0prodecan_stiintific@umfst.ro ; jozsef.szasz@umfst.ro Director Extensie Asisten\u021b\u0103 Medical\u0103 General\u0103 Bistri\u021ba\u0218ef lucr. dr. Cosmin NicolescuE-mail: cosmin.nicolescu@umfst.ro \u00a0 Date de contact Facultatea de Medicin\u0103Str. Gheorghe Marinescu nr. 38, cod [&hellip;]<\/p>\n","protected":false},"author":4,"featured_media":0,"parent":36,"menu_order":0,"comment_status":"closed","ping_status":"closed","template":"","meta":{"_relevanssi_hide_post":"","_relevanssi_hide_content":"","_relevanssi_pin_for_all":"","_relevanssi_pin_keywords":"","_relevanssi_unpin_keywords":"","_relevanssi_related_keywords":"","_relevanssi_related_include_ids":"","_relevanssi_related_exclude_ids":"","_relevanssi_related_no_append":"","_relevanssi_related_not_related":"","_relevanssi_related_posts":"1","_relevanssi_noindex_reason":"","footnotes":""},"categories":[13],"tags":[],"class_list":["post-40","page","type-page","status-publish","hentry","category-pagina-cu-sidebar"],"meta_box":[],"_links":{"self":[{"href":"https:\/\/umfst.ro\/facultatea-de-medicina\/en\/wp-json\/wp\/v2\/pages\/40","targetHints":{"allow":["GET"]}}],"collection":[{"href":"https:\/\/umfst.ro\/facultatea-de-medicina\/en\/wp-json\/wp\/v2\/pages"}],"about":[{"href":"https:\/\/umfst.ro\/facultatea-de-medicina\/en\/wp-json\/wp\/v2\/types\/page"}],"author":[{"embeddable":true,"href":"https:\/\/umfst.ro\/facultatea-de-medicina\/en\/wp-json\/wp\/v2\/users\/4"}],"replies":[{"embeddable":true,"href":"https:\/\/umfst.ro\/facultatea-de-medicina\/en\/wp-json\/wp\/v2\/comments?post=40"}],"version-history":[{"count":54,"href":"https:\/\/umfst.ro\/facultatea-de-medicina\/en\/wp-json\/wp\/v2\/pages\/40\/revisions"}],"predecessor-version":[{"id":8677,"href":"https:\/\/umfst.ro\/facultatea-de-medicina\/en\/wp-json\/wp\/v2\/pages\/40\/revisions\/8677"}],"up":[{"embeddable":true,"href":"https:\/\/umfst.ro\/facultatea-de-medicina\/en\/wp-json\/wp\/v2\/pages\/36"}],"wp:attachment":[{"href":"https:\/\/umfst.ro\/facultatea-de-medicina\/en\/wp-json\/wp\/v2\/media?parent=40"}],"wp:term":[{"taxonomy":"category","embeddable":true,"href":"https:\/\/umfst.ro\/facultatea-de-medicina\/en\/wp-json\/wp\/v2\/categories?post=40"},{"taxonomy":"post_tag","embeddable":true,"href":"https:\/\/umfst.ro\/facultatea-de-medicina\/en\/wp-json\/wp\/v2\/tags?post=40"}],"curies":[{"name":"wp","href":"https:\/\/api.w.org\/{rel}","templated":true}]}}