{"id":77,"date":"2022-11-07T16:21:29","date_gmt":"2022-11-07T14:21:29","guid":{"rendered":"https:\/\/dev.umfst.ro\/facultatea-de-medicina\/?page_id=77"},"modified":"2025-11-06T13:11:54","modified_gmt":"2025-11-06T11:11:54","slug":"anatomie","status":"publish","type":"page","link":"https:\/\/umfst.ro\/facultatea-de-medicina\/en\/departamente-si-discipline\/m1-stiinte-morfologice\/anatomie\/","title":{"rendered":"Anatomie"},"content":{"rendered":"<div data-elementor-type=\"wp-page\" data-elementor-id=\"77\" class=\"elementor elementor-77\" data-elementor-post-type=\"page\">\n\t\t\t\t\t\t<section class=\"elementor-section elementor-top-section elementor-element elementor-element-7a83ac91 elementor-section-boxed elementor-section-height-default elementor-section-height-default\" data-id=\"7a83ac91\" data-element_type=\"section\" data-e-type=\"section\">\n\t\t\t\t\t\t<div class=\"elementor-container elementor-column-gap-default\">\n\t\t\t\t\t<div class=\"elementor-column elementor-col-50 elementor-top-column elementor-element elementor-element-3e42cb35\" data-id=\"3e42cb35\" data-element_type=\"column\" data-e-type=\"column\">\n\t\t\t<div class=\"elementor-widget-wrap elementor-element-populated\">\n\t\t\t\t\t\t<div class=\"elementor-element elementor-element-26c7425 elementor-widget elementor-widget-text-editor\" data-id=\"26c7425\" data-element_type=\"widget\" data-e-type=\"widget\" data-widget_type=\"text-editor.default\">\n\t\t\t\t<div class=\"elementor-widget-container\">\n\t\t\t\t\t\t\t\t\t<h2 role=\"heading\" data-uw-rm-heading=\"level\">Members<\/h2><p><strong>Head<br \/><\/strong>Prof. univ. dr. Klara Br\u00eenzaniuc &#8211; <a href=\"https:\/\/umfst.ro\/fileadmin\/f_medicina\/Cadre_didactice\/2025-2026\/Departament_M1\/Anatomie\/Brinzaniuc K_CV_site_UMFST.pdf\" target=\"_blank\" rel=\"noopener\" aria-label=\"CV - deschide \u00eentr-o fil\u0103 nou\u0103\" data-uw-rm-ext-link=\"\">CV<\/a><\/p><p><strong>Members<br \/><\/strong>Prof. univ. dr. Bogdan-Andrei Suciu &#8211; <a href=\"https:\/\/umfst.ro\/fileadmin\/f_medicina\/Cadre_didactice\/2025-2026\/Departament_M1\/Anatomie\/CV_Suciu_BA.pdf\" target=\"_blank\" rel=\"noopener\" aria-label=\"CV - deschide \u00eentr-o fil\u0103 nou\u0103\" data-uw-rm-ext-link=\"\">CV<\/a><br \/>Prof. univ. dr. Mircea-Gabriel Mure\u0219an &#8211; <a href=\"https:\/\/umfst.ro\/fileadmin\/f_medicina\/Cadre_didactice\/2025-2026\/Departament_M1\/Anatomie\/CV UMFST Muresan Mircea Gabriel 2025.pdf\">CV<\/a><br \/>Conf. univ. dr. Denes Lorand &#8211; <a href=\"https:\/\/umfst.ro\/fileadmin\/f_medicina\/Cadre_didactice\/2025-2026\/Departament_M1\/Anatomie\/CV_Denes_L.pdf\" target=\"_blank\" rel=\"noopener\" aria-label=\"CV - deschide \u00eentr-o fil\u0103 nou\u0103\" data-uw-rm-ext-link=\"\">CV<\/a><br \/>Conf. univ. dr. Pap Zsuzsanna &#8211; <a href=\"https:\/\/umfst.ro\/fileadmin\/f_medicina\/Cadre_didactice\/2025-2026\/Departament_M1\/Anatomie\/Pap Zsuzsanna_Model_CV_site_UMFST.pdf\" target=\"_blank\" rel=\"noopener\" aria-label=\"CV - deschide \u00eentr-o fil\u0103 nou\u0103\" data-uw-rm-ext-link=\"\">CV<\/a><br \/>Conf. univ. dr. Liviu Moraru &#8211; <a href=\"https:\/\/umfst.ro\/fileadmin\/f_medicina\/Cadre_didactice\/2025-2026\/Departament_M1\/Anatomie\/CV_Moraru_L.pdf\">CV<\/a><br \/>\u0218ef lucr. dr. Adrian Co\u021bovanu &#8211; <a href=\"https:\/\/umfst.ro\/fileadmin\/f_medicina\/Cadre_didactice\/2025-2026\/Departament_M1\/Anatomie\/CV Adrian Cotovanu.pdf\">CV<\/a><br \/>\u0218ef lucr. dr. Cosmin-Lucian Nicolescu &#8211; <a href=\"https:\/\/umfst.ro\/fileadmin\/f_medicina\/Cadre_didactice\/2025-2026\/Departament_M1\/Anatomie\/CV_Nicolescu_CL.pdf\" target=\"_blank\" rel=\"noopener\" aria-label=\"CV - deschide \u00eentr-o fil\u0103 nou\u0103\" data-uw-rm-ext-link=\"\">CV<\/a><br \/>\u0218ef lucr. dr. Adrian Tudor &#8211; <a href=\"https:\/\/umfst.ro\/fileadmin\/f_medicina\/Cadre_didactice\/2025-2026\/Departament_M1\/Anatomie\/CV_site_UMFST Adrian Tudor.pdf\" target=\"_blank\" rel=\"noopener\">CV<\/a><br \/>\u0218ef lucr. dr. Remus \u0218ipo\u0219 &#8211; <a href=\"https:\/\/umfst.ro\/fileadmin\/f_medicina\/Cadre_didactice\/2025-2026\/Departament_M1\/Anatomie\/Sipos_Remus-Sebastian_CV_site_UMFST.pdf\">CV<\/a><br \/>\u0218ef lucr. dr. Adrian Iv\u0103nescu &#8211; <a href=\"https:\/\/umfst.ro\/fileadmin\/f_medicina\/Cadre_didactice\/2025-2026\/Departament_M1\/Anatomie\/CV site UMFST Adrian Ivanescu.pdf\" target=\"_blank\" rel=\"noopener\" aria-label=\"CV - deschide \u00eentr-o fil\u0103 nou\u0103\" data-uw-rm-ext-link=\"\">CV<\/a><br \/>\u0218ef lucr. dr. Monica Nagy-Bota &#8211; <a href=\"https:\/\/umfst.ro\/fileadmin\/f_medicina\/Cadre_didactice\/2025-2026\/Departament_M1\/Anatomie\/Nagy-Bota_CV_site_UMFST.pdf\" target=\"_blank\" rel=\"noopener\" aria-label=\"CV - deschide \u00eentr-o fil\u0103 nou\u0103\" data-uw-rm-ext-link=\"\">CV<\/a><br \/>\u0218ef lucr. dr. Annam\u00e1ria Sz\u00e1nt\u00f3 &#8211; <a href=\"https:\/\/umfst.ro\/fileadmin\/f_medicina\/Cadre_didactice\/2025-2026\/Departament_M1\/Anatomie\/Model_CV_site_UMFST-Szantho.pdf\">CV<\/a><br \/>\u0218ef lucr. dr. Ioan-Alin Nechifor-Boil\u0103 &#8211; <a href=\"https:\/\/umfst.ro\/fileadmin\/f_medicina\/Cadre_didactice\/2025-2026\/Departament_M1\/Anatomie\/CV_Nechifor-Boil\u0103_IA.pdf\">CV<\/a><br \/>\u0218ef lucr. dr. Raluca-Maria Moraru &#8211; <a href=\"https:\/\/umfst.ro\/fileadmin\/f_medicina\/Cadre_didactice\/2025-2026\/Departament_M1\/Anatomie\/CV_Moraru_RM.pdf\">CV<\/a><br \/>\u0218ef lucr. dr. Al Hussein Husam &#8211; <a href=\"https:\/\/umfst.ro\/fileadmin\/f_medicina\/Cadre_didactice\/2025-2026\/Departament_M1\/Anatomie\/AL HUSSEIN HUSSAM CV site.pdf\" target=\"_blank\" rel=\"noopener\" aria-label=\"CV - deschide \u00eentr-o fil\u0103 nou\u0103\" data-uw-rm-ext-link=\"\">CV<\/a><br \/>\u0218ef lucr. dr. C\u0103t\u0103lin Co\u0219arc\u0103 &#8211; <a href=\"https:\/\/umfst.ro\/fileadmin\/f_medicina\/Cadre_didactice\/2025-2026\/Departament_M1\/Anatomie\/CV_Co\u0219arc\u0103_MC.pdf\">CV<\/a><br \/>\u0218ef lucr. dr. Raduly Gergo &#8211; <a href=\"https:\/\/umfst.ro\/fileadmin\/f_medicina\/Cadre_didactice\/2025-2026\/Departament_M1\/Anatomie\/Radulygergo_CV.pdf\">CV<\/a><br \/>\u0218ef lucr. dr. Vlad Vunvulea &#8211; <a href=\"https:\/\/umfst.ro\/fileadmin\/f_medicina\/Cadre_didactice\/2025-2026\/Departament_M1\/Anatomie\/CV_Vunvulea_V.pdf\">CV<\/a><br \/>\u0218ef lucr. dr. Mihai Stanca &#8211; <a href=\"https:\/\/umfst.ro\/fileadmin\/f_medicina\/Cadre_didactice\/2025-2026\/Departament_M1\/Anatomie\/CV STANCA MIHAI .pdf\">CV<\/a><br \/>\u0218ef lucr. dr. Ionela Cotfas (Movileanu) &#8211; <a href=\"https:\/\/umfst.ro\/fileadmin\/f_medicina\/Cadre_didactice\/2025-2026\/Departament_M1\/Anatomie\/Cotfas (Movileanu) Ionela_CV.pdf\" target=\"_blank\" rel=\"noopener\" aria-label=\"CV - deschide \u00eentr-o fil\u0103 nou\u0103\" data-uw-rm-ext-link=\"\">CV<\/a><br \/>\u0218ef lucr. dr. Incze-Bartha Zsuzs\u00e1nna &#8211; <a href=\"https:\/\/umfst.ro\/fileadmin\/f_medicina\/Cadre_didactice\/2025-2026\/Departament_M1\/Anatomie\/Incze-Bartha Z CV_site_UMFST 2025.pdf\">CV<\/a><br \/>\u0218ef lucr. dr. Ioan-Alexandru Balmo\u0219 &#8211; <a href=\"https:\/\/umfst.ro\/fileadmin\/f_medicina\/Cadre_didactice\/2025-2026\/Departament_M1\/Anatomie\/CV_Balmo\u0219_IA.pdf\">CV<\/a><br \/>Asist. univ. dr. Kocsis Lorand &#8211; <a href=\"https:\/\/umfst.ro\/fileadmin\/f_medicina\/Cadre_didactice\/2025-2026\/Departament_M1\/Anatomie\/Kocsis Lorand_CV_site_UMFST.pdf\" target=\"_blank\" rel=\"noopener\" aria-label=\"CV - deschide \u00eentr-o fil\u0103 nou\u0103\" data-uw-rm-ext-link=\"\" data-wplink-url-error=\"true\">CV<\/a><br \/>Asist. univ. dr. Gabriel Serac &#8211; <a href=\"https:\/\/umfst.ro\/fileadmin\/f_medicina\/Cadre_didactice\/2025-2026\/Departament_M1\/Anatomie\/CV_site_UMFST_Serac Gabriel.pdf\" target=\"_blank\" rel=\"noopener\" aria-label=\"CV - deschide \u00eentr-o fil\u0103 nou\u0103\" data-uw-rm-ext-link=\"\">CV<\/a><br \/>Asist. univ. drd. Sipos Tamas-Csaba &#8211; <a href=\"https:\/\/umfst.ro\/fileadmin\/f_medicina\/Cadre_didactice\/2025-2026\/Departament_M1\/Anatomie\/Sipos Tamas_CV_site_UMFST.pdf\" target=\"_blank\" rel=\"noopener\" aria-label=\"CV - deschide \u00eentr-o fil\u0103 nou\u0103\" data-uw-rm-ext-link=\"\">CV<\/a><br \/>Asist. univ. drd. Nicolae Stanciu &#8211; <a href=\"https:\/\/umfst.ro\/fileadmin\/f_medicina\/Cadre_didactice\/2025-2026\/Departament_M1\/Anatomie\/CV_Stanciu_N.pdf\">CV<\/a><br \/>Asist. univ. dr. Ylenia Pastorello &#8211; <a href=\"https:\/\/umfst.ro\/fileadmin\/f_medicina\/Cadre_didactice\/2025-2026\/Departament_M1\/Anatomie\/Pastorello Ylenia_CV_site_UMFST.pdf\">CV<\/a><br \/>Asist. univ. drd. Mihai-Iuliu Har\u0219a &#8211; <a href=\"https:\/\/umfst.ro\/fileadmin\/f_medicina\/Cadre_didactice\/2025-2026\/Departament_M1\/Anatomie\/CV_site_UMFST_Harsa Mihai.pdf\">CV<\/a><br \/>Asist. univ. drd. Ovidiu-Ioan \u0218u\u0219u &#8211; <a href=\"https:\/\/umfst.ro\/fileadmin\/f_medicina\/Cadre_didactice\/2025-2026\/Departament_M1\/Anatomie\/CV_site_UMFST_OVIDIU SUSU.pdf\" target=\"_blank\" rel=\"noopener\" aria-label=\"CV - deschide \u00eentr-o fil\u0103 nou\u0103\" data-uw-rm-ext-link=\"\">CV<\/a><br \/>Asist. univ. drd. Ioana-Iulia Cojocaru &#8211; <a href=\"https:\/\/umfst.ro\/fileadmin\/f_medicina\/Cadre_didactice\/2025-2026\/Departament_M1\/Anatomie\/Cojocaru Ioana Iulia CV 2025.pdf\" target=\"_blank\" rel=\"noopener\" aria-label=\"CV - deschide \u00eentr-o fil\u0103 nou\u0103\" data-uw-rm-ext-link=\"\">CV<\/a><br \/>Asist. univ. drd. Rare\u0219 Vod\u0103 &#8211; <a href=\"https:\/\/umfst.ro\/fileadmin\/f_medicina\/Cadre_didactice\/2025-2026\/Departament_M1\/Anatomie\/CV_Vod\u0103_R.pdf\">CV<\/a><br \/>Asist. univ. drd. Mihnea-Bogdan Borz &#8211; <a href=\"https:\/\/umfst.ro\/fileadmin\/f_medicina\/Cadre_didactice\/2025-2026\/Departament_M1\/Anatomie\/CV Borz Bogdan.pdf\">CV<\/a><br \/>Asist. univ. asist. drd. Aurelio Pio Russo &#8211; <a href=\"https:\/\/umfst.ro\/fileadmin\/f_medicina\/Cadre_didactice\/2025-2026\/Departament_M1\/Anatomie\/CV Aurelio Pio Russo_CV_Eng_2025.pdf\">CV<\/a><\/p><h4>\u00a0<\/h4><h4>Personalul didactic auxiliar al disciplinei<\/h4><table class=\"table_nopadding\" border=\"0\" cellspacing=\"0\" cellpadding=\"0\"><colgroup> <col \/> <col \/> <col \/> <\/colgroup><tbody><tr><td>Nr. crt.<\/td><td>Pozi\u021bia \u00een disciplin\u0103<\/td><td>Nume \u0219i prenume<\/td><\/tr><tr><td>1.<\/td><td>Laborant<\/td><td>Frande\u0219 Dorina<\/td><\/tr><tr style=\"padding: 0px !important\"><td>2.<\/td><td>Laborant<\/td><td>Tu\u0219inean Marcela<\/td><\/tr><\/tbody><\/table>\t\t\t\t\t\t\t\t<\/div>\n\t\t\t\t<\/div>\n\t\t\t\t<div class=\"elementor-element elementor-element-7db2a31 elementor-widget elementor-widget-text-editor\" data-id=\"7db2a31\" data-element_type=\"widget\" data-e-type=\"widget\" data-widget_type=\"text-editor.default\">\n\t\t\t\t<div class=\"elementor-widget-container\">\n\t\t\t\t\t\t\t\t\t<h2>Teaching activity<\/h2>\t\t\t\t\t\t\t\t<\/div>\n\t\t\t\t<\/div>\n\t\t\t\t<div class=\"elementor-element elementor-element-84ff91c elementor-widget elementor-widget-jet-accordion\" data-id=\"84ff91c\" data-element_type=\"widget\" data-e-type=\"widget\" data-widget_type=\"jet-accordion.default\">\n\t\t\t\t<div class=\"elementor-widget-container\">\n\t\t\t\t\t\t\t\t\t<div class=\"jet-accordion\" data-settings=\"{&quot;collapsible&quot;:false,&quot;ajaxTemplate&quot;:false,&quot;switchScrolling&quot;:false,&quot;switchScrollingTablet&quot;:false,&quot;switchScrollingMobile&quot;:false,&quot;switchScrollingOffset&quot;:{&quot;size&quot;:0,&quot;unit&quot;:&quot;px&quot;},&quot;switchScrollingOffsetTablet&quot;:{&quot;size&quot;:0,&quot;unit&quot;:&quot;px&quot;},&quot;switchScrollingOffsetMobile&quot;:{&quot;size&quot;:0,&quot;unit&quot;:&quot;px&quot;},&quot;switchScrollingDelay&quot;:500,&quot;switchScrollingDelayTablet&quot;:500,&quot;switchScrollingDelayMobile&quot;:500}\">\n\t\t\t<div class=\"jet-accordion__inner\">\n\t\t\t\t<div class=\"jet-accordion__item jet-toggle jet-toggle-move-up-effect\">\n\t\t\t\t\t\t\t<div id=\"jet-toggle-control-1391\" class=\"jet-toggle__control elementor-menu-anchor\" data-toggle=\"1\" role=\"button\" tabindex=\"0\" aria-controls=\"jet-toggle-content-1391\" aria-expanded=\"false\" data-template-id=\"false\">\n\t\t\t\t\t\t\t\t<div class=\"jet-toggle__label-icon jet-toggle-icon-position-right\"><span class=\"jet-toggle__icon icon-normal jet-tabs-icon\"><svg xmlns=\"http:\/\/www.w3.org\/2000\/svg\" viewbox=\"0 0 448 512\"><path d=\"M256 80c0-17.7-14.3-32-32-32s-32 14.3-32 32V224H48c-17.7 0-32 14.3-32 32s14.3 32 32 32H192V432c0 17.7 14.3 32 32 32s32-14.3 32-32V288H400c17.7 0 32-14.3 32-32s-14.3-32-32-32H256V80z\"><\/path><\/svg><\/span><span class=\"jet-toggle__icon icon-active jet-tabs-icon\"><svg xmlns=\"http:\/\/www.w3.org\/2000\/svg\" viewbox=\"0 0 448 512\"><path d=\"M432 256c0 17.7-14.3 32-32 32L48 288c-17.7 0-32-14.3-32-32s14.3-32 32-32l352 0c17.7 0 32 14.3 32 32z\"><\/path><\/svg><\/span><\/div><div class=\"jet-toggle__label-text\">Courses<\/div>\t\t\t\t\t\t\t<\/div>\n\t\t\t\t\t\t\t<div id=\"jet-toggle-content-1391\" class=\"jet-toggle__content\" data-toggle=\"1\" role=\"region\" data-template-id=\"false\">\n\t\t\t\t\t\t\t\t<div class=\"jet-toggle__content-inner\"><p>1. Anatomie si embriologie \u2013 anul I, medicin\u0103 \u2013 Prof. Dr. Klara Br\u00e2nzaniuc, Prof. Dr. Constantin Enciulescu, Prof. Dr. P\u00e1vai Zolt\u00e1n, Conf. Dr. L\u00f6rinczi Zolt\u00e1n, \u0218ef l. Dr. D\u00e9nes L\u00f3r\u00e1nd, \u0218ef l. Dr. Pap Zsuzs\u021bnna,  \u0219ef l. Dr. Liviu Moraru<\/p><p>2. Anatomie si embriologie \u2013 anul II, medicin\u0103 \u2013 Prof. Dr. Prof. Dr. Klara Br\u00e2nzaniuc, Prof. Dr. Constantin Enciulescu, Prof. Dr. P\u00e1vai Zolt\u00e1n, Conf. Dr. L\u00f6rinczi Zolt\u00e1n,<\/p><p>3. Anatomie clinic\u0103- anul II, medicin\u0103 \u2013 \u0218ef.l Dr. D\u00e9nes L\u00f3r\u00e1nd<\/p><p>4. Anatomie \u0219i embriologie \u2013 anul I, Asisten\u021b\u0103 medical\u0103 \u2013 Prof. Dr. P\u00e1vai Zolt\u00e1n, \u0218ef lucr. Dr Andrei Sorin, \u0218ef Lucr. Dr. Szanto Annamaria<\/p><p>5. Anatomie \u0219i Embriologie \u2013 anul I, medicin\u0103 dentar\u0103 \u2013 Conf. Dr. Pap Zsuzsanna, Conf. Dr. Denes Lorand, \u0218ef lucr. Dr. Cosmin Nicolescu, \u0218ef Lucr. Dr. Nechifor Boil\u0103 Alin, \u0218ef Lucr. Dr. Tr\u00eembi\u021ba\u0219 Cristian<\/p><p>6. Anatomie \u0219i Embriologie \u2013 anul I, medicin\u0103 dentar\u0103 - Conf. Dr. L\u00f6rinczi Zolt\u00e1n, \u0218ef l. Dr. Cosmin Nicolescu<\/p><p>7. Anatomie \u0219i Embriologie \u2013 anul I, tehnic\u0103 dentar\u0103 \u2013 \u0218ef Lucr. Dr. Adrian Tudor<\/p><p>8. Anatomie \u2013 anul I, farmacie \u2013 Prof. Dr. Klara Br\u00e2nzaniuc, Conf. Dr. Pap Zsuzs\u00e1nna<\/p><p>9. Anatomie \u2013 anul I, farmacie - Prof. Dr. Enciulescu Constantin, \u0218ef. l. Dr. Pap Zsuzs\u00e1nna<\/p><p>10. Anatomie \u2013 anul I, asisten\u021b\u0103 farmaceutic\u0103- \u0218ef l. Dr. Pap Zsuzs\u00e1nna<\/p><p>11. Anatomie \u2013 anul I, balneo-fizio-kinetoterapie, nutri\u021bie \u0219i dietetic\u0103, educatie fizic\u0103 - Prof. Dr. Klara Br\u00e2nzaniuc<br>\n12. Anatomie \u2013 anul III, balneo-fizio-kinetoterapie, educatie fizic\u0103 - Prof. Dr. Klara Brinzaniuc<\/p><\/div>\n\t\t\t\t\t\t\t<\/div>\n\t\t\t\t\t\t<\/div><div class=\"jet-accordion__item jet-toggle jet-toggle-move-up-effect\">\n\t\t\t\t\t\t\t<div id=\"jet-toggle-control-1392\" class=\"jet-toggle__control elementor-menu-anchor\" data-toggle=\"2\" role=\"button\" tabindex=\"0\" aria-controls=\"jet-toggle-content-1392\" aria-expanded=\"false\" data-template-id=\"false\">\n\t\t\t\t\t\t\t\t<div class=\"jet-toggle__label-icon jet-toggle-icon-position-right\"><span class=\"jet-toggle__icon icon-normal jet-tabs-icon\"><svg xmlns=\"http:\/\/www.w3.org\/2000\/svg\" viewbox=\"0 0 448 512\"><path d=\"M256 80c0-17.7-14.3-32-32-32s-32 14.3-32 32V224H48c-17.7 0-32 14.3-32 32s14.3 32 32 32H192V432c0 17.7 14.3 32 32 32s32-14.3 32-32V288H400c17.7 0 32-14.3 32-32s-14.3-32-32-32H256V80z\"><\/path><\/svg><\/span><span class=\"jet-toggle__icon icon-active jet-tabs-icon\"><svg xmlns=\"http:\/\/www.w3.org\/2000\/svg\" viewbox=\"0 0 448 512\"><path d=\"M432 256c0 17.7-14.3 32-32 32L48 288c-17.7 0-32-14.3-32-32s14.3-32 32-32l352 0c17.7 0 32 14.3 32 32z\"><\/path><\/svg><\/span><\/div><div class=\"jet-toggle__label-text\">Trainings, practical activities<\/div>\t\t\t\t\t\t\t<\/div>\n\t\t\t\t\t\t\t<div id=\"jet-toggle-content-1392\" class=\"jet-toggle__content\" data-toggle=\"2\" role=\"region\" data-template-id=\"false\">\n\t\t\t\t\t\t\t\t<div class=\"jet-toggle__content-inner\"><p>(Materie \u2013 an, program de studii- stagiu clinic\/lucrare practic\u0103)<\/p><p>1. Anatomie \u0219i embriologie \u2013 anul I, medicin\u0103 \u2013 LP<\/p><p>2. Anatomie \u0219i embriologie \u2013 anul II, medicin\u0103 \u2013 LP<\/p><p>3. Anatomie \u0219i embriologie \u2013 anul II, medicin\u0103 \u2013 LP<\/p><p>4. Anatomie \u0219i embriologie \u2013 anul I, asisten\u021b\u0103 medical\u0103 \u2013 LP<\/p><p>5. Anatomie \u0219i embriologie \u2013 anul I, medicin\u0103 dentar\u0103 \u2013 LP<\/p><p>6. Anatomie si Embriologie \u2013 anul II, medicin\u0103 dentar\u0103 \u2013 LP<\/p><p>7. Anatomie \u0219i Embriologie \u2013 anul I, tehnic\u0103 dentar\u0103 \u2013 LP<\/p><p>8. Anatomie \u2013 anul I, farmacie \u2013 LP<\/p><p>9. Anatomie \u2013 anul I,Nutri\u021bie \u0219i dietetic\u0103 \u2013 LP<\/p><p>10. Anatomie \u2013 anul I, balneo-fizio-kinetoterapie, educatie fizic\u0103 \u2013 LP<\/p><p>11. Biomecanica \u2013 anul I, balneo-fizio-kinetoterapie, educatie fizic\u0103 \u2013 LP<\/p><\/div>\n\t\t\t\t\t\t\t<\/div>\n\t\t\t\t\t\t<\/div><div class=\"jet-accordion__item jet-toggle jet-toggle-move-up-effect\">\n\t\t\t\t\t\t\t<div id=\"jet-toggle-control-1393\" class=\"jet-toggle__control elementor-menu-anchor\" data-toggle=\"3\" role=\"button\" tabindex=\"0\" aria-controls=\"jet-toggle-content-1393\" aria-expanded=\"false\" data-template-id=\"false\">\n\t\t\t\t\t\t\t\t<div class=\"jet-toggle__label-icon jet-toggle-icon-position-right\"><span class=\"jet-toggle__icon icon-normal jet-tabs-icon\"><svg xmlns=\"http:\/\/www.w3.org\/2000\/svg\" viewbox=\"0 0 448 512\"><path d=\"M256 80c0-17.7-14.3-32-32-32s-32 14.3-32 32V224H48c-17.7 0-32 14.3-32 32s14.3 32 32 32H192V432c0 17.7 14.3 32 32 32s32-14.3 32-32V288H400c17.7 0 32-14.3 32-32s-14.3-32-32-32H256V80z\"><\/path><\/svg><\/span><span class=\"jet-toggle__icon icon-active jet-tabs-icon\"><svg xmlns=\"http:\/\/www.w3.org\/2000\/svg\" viewbox=\"0 0 448 512\"><path d=\"M432 256c0 17.7-14.3 32-32 32L48 288c-17.7 0-32-14.3-32-32s14.3-32 32-32l352 0c17.7 0 32 14.3 32 32z\"><\/path><\/svg><\/span><\/div><div class=\"jet-toggle__label-text\">Text books and guides<\/div>\t\t\t\t\t\t\t<\/div>\n\t\t\t\t\t\t\t<div id=\"jet-toggle-content-1393\" class=\"jet-toggle__content\" data-toggle=\"3\" role=\"region\" data-template-id=\"false\">\n\t\t\t\t\t\t\t\t<div class=\"jet-toggle__content-inner\"><p>1. Anatomia sistemului nervos \u2013 C Enciulescu, University Press Tg. Mures 2012 ISBN 978-973-169-207-4 CIP Nr. 611.8 pp 306<\/p><p>2. Sistemului musculo-scheletal. No\u021biuni de Anatomia func\u021bional\u0103 \u0219i Biomecanic\u0103 cu Aplica\u021bii medico-sportive- Klara Br\u00e2nzaniuc- University Press, 2006, ISBN (10) 973-7665-13-9, ISBN (13) 973-7665-13-3, CIP Nr. 5539, pp 220, reeditat 2008 lito UMF<\/p><p>3. Neuroanatomie \u2013 Seres-Sturm L., Klara Br\u00e2nzaniuc, Z. Pavai, Magda Seres-Sturm, University Press, 2006, ISBN (10)973-7788-79-6, ISBN (13) 978-973-7788- 79- 5, CIP Nr. 12489, pp 236 reeditat 2010<\/p><p>4. Anatomia membrelor \u2013 Ludovic Seres-Sturm, Klara Br\u00e2nzaniuc, Cosmin Nicolescu, Remus \u0218ipo\u0219- University Press, 2005, ISBN 973-7788-60-5.pp 262 reeditat 2010<\/p><p>5. Anatomia trunchiului \u2013 Ludovic Seres-Sturm, Klara Br\u00e2nzaniuc, Cosmin Nicolescu -University Press, 2004, ISBN 973-7788-11-7. pp 332 reeditat 2010<\/p><p>6. Anatomia capului \u0219i a g\u00e2tului. C. Enciulescu, University Press Tg. Mure\u0219 2015, 277p ISBN 978-973-169-387-3<\/p><p>7.\u00a0<em>Functional Anatomy of the Abdominal Cavity. Mircea Muresan,\u00a0<\/em>Klara Br\u00eenzaniuc, Moraru Liviu, Simona Muresan<em>\u2013<\/em>\u00a0University Press, 2014,137 pag, ISBN 978-973-169-280-7<\/p><p>8.\u00a0<em>Topographical anatomy of the head and neck<\/em>. D\u00e9nes L\u00f3r\u00e1nd, Pap Zsuzsanna.. Ed. University Press T\u00e2rgu- Mure\u015f, 2015, 112 pg, ISBN 978-973-169-442-9<\/p><p>9. Anatomia membrelor. C. Enciulescu, University Press Tg. Mure\u0219 2015, 277p ISBN 978-973-169-388-0 <br><br>\n<a href=\"http:\/\/cursuri.umftgm.ro\/M1\/Anatomie\/\" target=\"_top\">Teaching resources<\/a><\/p><\/div>\n\t\t\t\t\t\t\t<\/div>\n\t\t\t\t\t\t<\/div>\t\t\t<\/div>\n\t\t<\/div>\n\t\t\t\t\t\t<\/div>\n\t\t\t\t<\/div>\n\t\t\t\t\t<\/div>\n\t\t<\/div>\n\t\t\t\t<div class=\"elementor-column elementor-col-50 elementor-top-column elementor-element elementor-element-103a751\" data-id=\"103a751\" data-element_type=\"column\" data-e-type=\"column\">\n\t\t\t<div class=\"elementor-widget-wrap elementor-element-populated\">\n\t\t\t\t\t\t<section class=\"elementor-section elementor-inner-section elementor-element elementor-element-2dcbe32 elementor-section-boxed elementor-section-height-default elementor-section-height-default\" data-id=\"2dcbe32\" data-element_type=\"section\" data-e-type=\"section\">\n\t\t\t\t\t\t<div class=\"elementor-container elementor-column-gap-default\">\n\t\t\t\t\t<div data-dce-background-color=\"#F2F7FF\" class=\"elementor-column elementor-col-100 elementor-inner-column elementor-element elementor-element-979e4f1\" data-id=\"979e4f1\" data-element_type=\"column\" data-e-type=\"column\" data-settings=\"{&quot;background_background&quot;:&quot;classic&quot;}\">\n\t\t\t<div class=\"elementor-widget-wrap elementor-element-populated\">\n\t\t\t\t\t\t<div class=\"elementor-element elementor-element-22e8c15 elementor-widget elementor-widget-heading\" data-id=\"22e8c15\" data-element_type=\"widget\" data-e-type=\"widget\" data-widget_type=\"heading.default\">\n\t\t\t\t<div class=\"elementor-widget-container\">\n\t\t\t\t\t<h5 class=\"elementor-heading-title elementor-size-default\">Contact<\/h5>\t\t\t\t<\/div>\n\t\t\t\t<\/div>\n\t\t\t\t<div class=\"elementor-element elementor-element-39c04f3 elementor-widget-divider--view-line elementor-widget elementor-widget-divider\" data-id=\"39c04f3\" data-element_type=\"widget\" data-e-type=\"widget\" data-widget_type=\"divider.default\">\n\t\t\t\t<div class=\"elementor-widget-container\">\n\t\t\t\t\t\t\t<div class=\"elementor-divider\">\n\t\t\t<span class=\"elementor-divider-separator\">\n\t\t\t\t\t\t<\/span>\n\t\t<\/div>\n\t\t\t\t\t\t<\/div>\n\t\t\t\t<\/div>\n\t\t\t\t<div class=\"elementor-element elementor-element-47a3bb7 elementor-widget__width-initial elementor-widget elementor-widget-icon-box\" data-id=\"47a3bb7\" data-element_type=\"widget\" data-e-type=\"widget\" data-widget_type=\"icon-box.default\">\n\t\t\t\t<div class=\"elementor-widget-container\">\n\t\t\t\t\t\t\t<div class=\"elementor-icon-box-wrapper\">\n\n\t\t\t\n\t\t\t\t\t\t<div class=\"elementor-icon-box-content\">\n\n\t\t\t\t\t\t\t\t\t<h3 class=\"elementor-icon-box-title\">\n\t\t\t\t\t\t<span  >\n\t\t\t\t\t\t\tAdres\u0103\t\t\t\t\t\t<\/span>\n\t\t\t\t\t<\/h3>\n\t\t\t\t\n\t\t\t\t\t\t\t\t\t<p class=\"elementor-icon-box-description\">\n\t\t\t\t\t\t38 Gheorghe Marinescu Street <br \/>\nT\u00e2rgu Mure\u0219, 540139\nRom\u00e2nia\t\t\t\t\t<\/p>\n\t\t\t\t\n\t\t\t<\/div>\n\t\t\t\n\t\t<\/div>\n\t\t\t\t\t\t<\/div>\n\t\t\t\t<\/div>\n\t\t\t\t<div class=\"elementor-element elementor-element-e9aca06 elementor-widget elementor-widget-icon-box\" data-id=\"e9aca06\" data-element_type=\"widget\" data-e-type=\"widget\" data-widget_type=\"icon-box.default\">\n\t\t\t\t<div class=\"elementor-widget-container\">\n\t\t\t\t\t\t\t<div class=\"elementor-icon-box-wrapper\">\n\n\t\t\t\n\t\t\t\t\t\t<div class=\"elementor-icon-box-content\">\n\n\t\t\t\t\t\t\t\t\t<h3 class=\"elementor-icon-box-title\">\n\t\t\t\t\t\t<span  >\n\t\t\t\t\t\t\tEmail\t\t\t\t\t\t<\/span>\n\t\t\t\t\t<\/h3>\n\t\t\t\t\n\t\t\t\t\t\t\t\t\t<p class=\"elementor-icon-box-description\">\n\t\t\t\t\t\tanatomie@umfst.ro;\n<br>anatoumf@yahoo.com\t\t\t\t\t<\/p>\n\t\t\t\t\n\t\t\t<\/div>\n\t\t\t\n\t\t<\/div>\n\t\t\t\t\t\t<\/div>\n\t\t\t\t<\/div>\n\t\t\t\t<div class=\"elementor-element elementor-element-93c9af1 elementor-widget elementor-widget-icon-box\" data-id=\"93c9af1\" data-element_type=\"widget\" data-e-type=\"widget\" data-widget_type=\"icon-box.default\">\n\t\t\t\t<div class=\"elementor-widget-container\">\n\t\t\t\t\t\t\t<div class=\"elementor-icon-box-wrapper\">\n\n\t\t\t\n\t\t\t\t\t\t<div class=\"elementor-icon-box-content\">\n\n\t\t\t\t\t\t\t\t\t<h3 class=\"elementor-icon-box-title\">\n\t\t\t\t\t\t<span  >\n\t\t\t\t\t\t\tPHONE\t\t\t\t\t\t<\/span>\n\t\t\t\t\t<\/h3>\n\t\t\t\t\n\t\t\t\t\t\t\t\t\t<p class=\"elementor-icon-box-description\">\n\t\t\t\t\t\t+40-265-215.551 int.160\t\t\t\t\t<\/p>\n\t\t\t\t\n\t\t\t<\/div>\n\t\t\t\n\t\t<\/div>\n\t\t\t\t\t\t<\/div>\n\t\t\t\t<\/div>\n\t\t\t\t\t<\/div>\n\t\t<\/div>\n\t\t\t\t\t<\/div>\n\t\t<\/section>\n\t\t\t\t\t<\/div>\n\t\t<\/div>\n\t\t\t\t\t<\/div>\n\t\t<\/section>\n\t\t\t\t<\/div>","protected":false},"excerpt":{"rendered":"<p>Colectivul disciplinei \u0218ef disciplin\u0103Prof. univ. dr. Klara Br\u00eenzaniuc &#8211; CV MembriProf. univ. dr. Bogdan-Andrei Suciu &#8211; CVProf. univ. dr. Mircea-Gabriel Mure\u0219an &#8211; CVConf. univ. dr. Denes Lorand &#8211; CVConf. univ. dr. Pap Zsuzsanna &#8211; CVConf. univ. dr. Liviu Moraru &#8211; CV\u0218ef lucr. dr. Adrian Co\u021bovanu &#8211; CV\u0218ef lucr. dr. Cosmin-Lucian Nicolescu &#8211; CV\u0218ef lucr. dr. [&hellip;]<\/p>\n","protected":false},"author":4,"featured_media":0,"parent":73,"menu_order":0,"comment_status":"closed","ping_status":"closed","template":"","meta":{"_relevanssi_hide_post":"","_relevanssi_hide_content":"","_relevanssi_pin_for_all":"","_relevanssi_pin_keywords":"","_relevanssi_unpin_keywords":"","_relevanssi_related_keywords":"","_relevanssi_related_include_ids":"","_relevanssi_related_exclude_ids":"","_relevanssi_related_no_append":"","_relevanssi_related_not_related":"","_relevanssi_related_posts":"1","_relevanssi_noindex_reason":"","footnotes":""},"categories":[13,40],"tags":[],"class_list":["post-77","page","type-page","status-publish","hentry","category-pagina-cu-sidebar","category-pagina-departamente-si-discipline"],"meta_box":[],"_links":{"self":[{"href":"https:\/\/umfst.ro\/facultatea-de-medicina\/en\/wp-json\/wp\/v2\/pages\/77","targetHints":{"allow":["GET"]}}],"collection":[{"href":"https:\/\/umfst.ro\/facultatea-de-medicina\/en\/wp-json\/wp\/v2\/pages"}],"about":[{"href":"https:\/\/umfst.ro\/facultatea-de-medicina\/en\/wp-json\/wp\/v2\/types\/page"}],"author":[{"embeddable":true,"href":"https:\/\/umfst.ro\/facultatea-de-medicina\/en\/wp-json\/wp\/v2\/users\/4"}],"replies":[{"embeddable":true,"href":"https:\/\/umfst.ro\/facultatea-de-medicina\/en\/wp-json\/wp\/v2\/comments?post=77"}],"version-history":[{"count":193,"href":"https:\/\/umfst.ro\/facultatea-de-medicina\/en\/wp-json\/wp\/v2\/pages\/77\/revisions"}],"predecessor-version":[{"id":8901,"href":"https:\/\/umfst.ro\/facultatea-de-medicina\/en\/wp-json\/wp\/v2\/pages\/77\/revisions\/8901"}],"up":[{"embeddable":true,"href":"https:\/\/umfst.ro\/facultatea-de-medicina\/en\/wp-json\/wp\/v2\/pages\/73"}],"wp:attachment":[{"href":"https:\/\/umfst.ro\/facultatea-de-medicina\/en\/wp-json\/wp\/v2\/media?parent=77"}],"wp:term":[{"taxonomy":"category","embeddable":true,"href":"https:\/\/umfst.ro\/facultatea-de-medicina\/en\/wp-json\/wp\/v2\/categories?post=77"},{"taxonomy":"post_tag","embeddable":true,"href":"https:\/\/umfst.ro\/facultatea-de-medicina\/en\/wp-json\/wp\/v2\/tags?post=77"}],"curies":[{"name":"wp","href":"https:\/\/api.w.org\/{rel}","templated":true}]}}