{"id":2737,"date":"2022-11-07T16:50:35","date_gmt":"2022-11-07T14:50:35","guid":{"rendered":"https:\/\/dev.umfst.ro\/facultatea-de-medicina\/?page_id=2737"},"modified":"2025-10-21T14:29:30","modified_gmt":"2025-10-21T11:29:30","slug":"biofizica","status":"publish","type":"page","link":"https:\/\/umfst.ro\/facultatea-de-medicina\/hu\/departamente-si-discipline\/m1-stiinte-morfologice\/biofizica\/","title":{"rendered":"Biofizic\u0103"},"content":{"rendered":"<div data-elementor-type=\"wp-page\" data-elementor-id=\"2737\" class=\"elementor elementor-2737\" data-elementor-post-type=\"page\">\n\t\t\t\t\t\t<section class=\"elementor-section elementor-top-section elementor-element elementor-element-7a83ac91 elementor-section-boxed elementor-section-height-default elementor-section-height-default\" data-id=\"7a83ac91\" data-element_type=\"section\" data-e-type=\"section\">\n\t\t\t\t\t\t<div class=\"elementor-container elementor-column-gap-default\">\n\t\t\t\t\t<div class=\"elementor-column elementor-col-50 elementor-top-column elementor-element elementor-element-3e42cb35\" data-id=\"3e42cb35\" data-element_type=\"column\" data-e-type=\"column\">\n\t\t\t<div class=\"elementor-widget-wrap elementor-element-populated\">\n\t\t\t\t\t\t<div class=\"elementor-element elementor-element-fc33d05 elementor-widget elementor-widget-text-editor\" data-id=\"fc33d05\" data-element_type=\"widget\" data-e-type=\"widget\" data-widget_type=\"text-editor.default\">\n\t\t\t\t<div class=\"elementor-widget-container\">\n\t\t\t\t\t\t\t\t\t<h2><strong>Colectivul disciplinei<br \/><\/strong><\/h2><p><strong>\u0218ef disciplin\u0103<br \/><\/strong>Conf. univ. dr. Szakacs Julianna &#8211; <a href=\"https:\/\/umfst.ro\/fileadmin\/f_medicina\/Cadre_didactice\/2025-2026\/Departament_M1\/Biofizica\/Szakacs_Julianna_CV_RO.pdf\" target=\"_blank\" rel=\"noopener\">CV<\/a><\/p><p><strong>Membri<\/strong><br \/>\u0218ef lucr. dr. Cornelia Mesaro\u0219 &#8211; <a href=\"https:\/\/umfst.ro\/fileadmin\/f_medicina\/Cadre_didactice\/2025-2026\/Departament_M1\/Biofizica\/Mesaros_Cornelia_CV_RO.pdf\" target=\"_blank\" rel=\"noopener\">CV<\/a><br \/>\u0218ef lucr. dr. Mure\u0219an Adrian Sorin &#8211; ME1 &#8211; <a href=\"https:\/\/www.umfst.ro\/fileadmin\/f_medicina_engleza\/cadre_didactice\/2025\/\/CV_FMLE_RO\/CV%20site_UMFST_Ro_Muresan%20Adrian%20Sorin.pdf\">CV<\/a><br \/>\u0218ef lucr. dr. Mircea Moldovan &#8211; ME1 &#8211; <a href=\"https:\/\/www.umfst.ro\/fileadmin\/f_medicina_engleza\/cadre_didactice\/2025\/CV_FMLE_RO\/CV%20site_UMFST_Ro_Moldovan%20Mircea.pdf\">CV<\/a><\/p><h4>\u00a0<\/h4><h4>Personalul didactic auxiliar al disciplinei<\/h4><table class=\"table_nopadding\" width=\"75%\"><tbody><tr><td width=\"10%\"><strong>Sz\u00e1m<\/strong><\/td><td width=\"45%\"><strong>Pozi\u021bia \u00een disciplin\u0103<\/strong><\/td><td width=\"45%\"><strong>Nume \u0219i prenume<\/strong><\/td><\/tr><tr><td width=\"12%\">1.<\/td><td width=\"53%\">Laborant<\/td><td width=\"33%\">Frande\u0219 Dorina<\/td><\/tr><tr><td width=\"12%\">2.<\/td><td width=\"53%\">Laborant<\/td><td width=\"33%\">Tu\u0219inean Marcela<\/td><\/tr><\/tbody><\/table>\t\t\t\t\t\t\t\t<\/div>\n\t\t\t\t<\/div>\n\t\t\t\t<div class=\"elementor-element elementor-element-657c09f elementor-widget elementor-widget-text-editor\" data-id=\"657c09f\" data-element_type=\"widget\" data-e-type=\"widget\" data-widget_type=\"text-editor.default\">\n\t\t\t\t<div class=\"elementor-widget-container\">\n\t\t\t\t\t\t\t\t\t<h2>Activitate didactic\u0103<\/h2>\t\t\t\t\t\t\t\t<\/div>\n\t\t\t\t<\/div>\n\t\t\t\t<div class=\"elementor-element elementor-element-84ff91c elementor-widget elementor-widget-jet-accordion\" data-id=\"84ff91c\" data-element_type=\"widget\" data-e-type=\"widget\" data-widget_type=\"jet-accordion.default\">\n\t\t\t\t<div class=\"elementor-widget-container\">\n\t\t\t\t\t\t\t\t\t<div class=\"jet-accordion\" data-settings=\"{&quot;collapsible&quot;:false,&quot;ajaxTemplate&quot;:false,&quot;switchScrolling&quot;:false,&quot;switchScrollingTablet&quot;:false,&quot;switchScrollingMobile&quot;:false,&quot;switchScrollingOffset&quot;:{&quot;size&quot;:0,&quot;unit&quot;:&quot;px&quot;},&quot;switchScrollingOffsetTablet&quot;:{&quot;size&quot;:0,&quot;unit&quot;:&quot;px&quot;},&quot;switchScrollingOffsetMobile&quot;:{&quot;size&quot;:0,&quot;unit&quot;:&quot;px&quot;},&quot;switchScrollingDelay&quot;:500,&quot;switchScrollingDelayTablet&quot;:500,&quot;switchScrollingDelayMobile&quot;:500}\">\n\t\t\t<div class=\"jet-accordion__inner\">\n\t\t\t\t<div class=\"jet-accordion__item jet-toggle jet-toggle-move-up-effect\">\n\t\t\t\t\t\t\t<div id=\"jet-toggle-control-1391\" class=\"jet-toggle__control elementor-menu-anchor\" data-toggle=\"1\" role=\"button\" tabindex=\"0\" aria-controls=\"jet-toggle-content-1391\" aria-expanded=\"false\" data-template-id=\"false\">\n\t\t\t\t\t\t\t\t<div class=\"jet-toggle__label-icon jet-toggle-icon-position-right\"><span class=\"jet-toggle__icon icon-normal jet-tabs-icon\"><svg xmlns=\"http:\/\/www.w3.org\/2000\/svg\" viewbox=\"0 0 448 512\"><path d=\"M256 80c0-17.7-14.3-32-32-32s-32 14.3-32 32V224H48c-17.7 0-32 14.3-32 32s14.3 32 32 32H192V432c0 17.7 14.3 32 32 32s32-14.3 32-32V288H400c17.7 0 32-14.3 32-32s-14.3-32-32-32H256V80z\"><\/path><\/svg><\/span><span class=\"jet-toggle__icon icon-active jet-tabs-icon\"><svg xmlns=\"http:\/\/www.w3.org\/2000\/svg\" viewbox=\"0 0 448 512\"><path d=\"M432 256c0 17.7-14.3 32-32 32L48 288c-17.7 0-32-14.3-32-32s14.3-32 32-32l352 0c17.7 0 32 14.3 32 32z\"><\/path><\/svg><\/span><\/div><div class=\"jet-toggle__label-text\">Cursuri pentru studen\u021bi<\/div>\t\t\t\t\t\t\t<\/div>\n\t\t\t\t\t\t\t<div id=\"jet-toggle-content-1391\" class=\"jet-toggle__content\" data-toggle=\"1\" role=\"region\" data-template-id=\"false\">\n\t\t\t\t\t\t\t\t<div class=\"jet-toggle__content-inner\"><p>(materie predat\u0103 \u2013 an, program de studii \u2013 titular de curs )<\/p><ol><li>Biofizic\u0103 (LR) \u2013 anul I, Medicin\u0103 \u2013 \u015eef lucr\u0103ri dr. Mesaro\u015f Cornelia, \u015eef lucr\u0103ri dr. Moldovan Mircea<\/li><li>Biofizic\u0103 (LM) \u2013 anul I, Medicin\u0103 \u2013 \u015eef lucr\u0103ri dr. Szak\u00e1cs Juli\u00e1nna<\/li><li>Biofizic\u0103 (LE) \u2013 anul I, Medicin\u0103 \u2013 \u015eef lucr\u0103ri dr. Moldovan Mircea<br \/>Fizic\u0103 Farmaceutic\u0103 (LR) \u2013 anul I, Farmacie \u2013 \u015eef lucr\u0103ri dr. Mesaro\u015f Cornelia<\/li><li>Fizic\u0103 Farmaceutic\u0103 (LM) \u2013 anul I, Farmacie \u2013 \u015eef lucr\u0103ri dr. Albert Etele<\/li><li>Biofizic\u0103 (LR) \u2013 anul I, Asisten\u0163\u0103 Medical\u0103 General\u0103 \u2013 \u015eef lucr\u0103ri dr. Moldovan Mircea<\/li><li>Biofizic\u0103 (LM) \u2013 anul I, Asisten\u0163\u0103 Medical\u0103 General\u0103 \u2013 \u015eef lucr\u0103ri dr. Albert Etele<\/li><li>Biofizic\u0103 \u2013 anul I, Tehnic\u0103 Dentar\u0103 \u2013 \u015eef lucr\u0103ri dr. Szak\u00e1cs Juli\u00e1nna<\/li><li>Biofizic\u0103 \u2013 anul I, Balneofiziokinetoterapie \u015fi Recuperare \u2013 \u015eef lucr\u0103ri dr. Szak\u00e1cs Juli\u00e1nna<\/li><li>Biofizic\u0103. Biofizic\u0103 \u00een medicina dentar\u0103 (LR) \u2013 anul I, Medicin\u0103 Dentar\u0103 \u2013 \u015eef lucr\u0103ri dr. Mesaro\u015f Cornelia<\/li><li>Biofizic\u0103. Biofizic\u0103 \u00een medicina dentar\u0103 (LM) \u2013 anul I, Medicin\u0103 Dentar\u0103 \u2013 \u015eef lucr\u0103ri dr. Szak\u00e1cs Juli\u00e1nna<\/li><li>Biofizic\u0103. Biofizic\u0103 \u00een medicina dentar\u0103 (LE) \u2013 anul I, Medicin\u0103 Dentar\u0103 \u2013 \u015eef lucr\u0103ri dr. Moldovan Mircea<\/li><li>Fizic\u0103 \u015fi Biofizic\u0103 Aplicat\u0103 (LR) \u2013 anul I,<\/li><li>Cosmetic\u0103 Medical\u0103, Tehnologia Produsului Cosmetic \u2013 \u015eef lucr\u0103ri dr. Mesaro\u015f Cornelia<\/li><\/ol><\/div>\n\t\t\t\t\t\t\t<\/div>\n\t\t\t\t\t\t<\/div><div class=\"jet-accordion__item jet-toggle jet-toggle-move-up-effect\">\n\t\t\t\t\t\t\t<div id=\"jet-toggle-control-1392\" class=\"jet-toggle__control elementor-menu-anchor\" data-toggle=\"2\" role=\"button\" tabindex=\"0\" aria-controls=\"jet-toggle-content-1392\" aria-expanded=\"false\" data-template-id=\"false\">\n\t\t\t\t\t\t\t\t<div class=\"jet-toggle__label-icon jet-toggle-icon-position-right\"><span class=\"jet-toggle__icon icon-normal jet-tabs-icon\"><svg xmlns=\"http:\/\/www.w3.org\/2000\/svg\" viewbox=\"0 0 448 512\"><path d=\"M256 80c0-17.7-14.3-32-32-32s-32 14.3-32 32V224H48c-17.7 0-32 14.3-32 32s14.3 32 32 32H192V432c0 17.7 14.3 32 32 32s32-14.3 32-32V288H400c17.7 0 32-14.3 32-32s-14.3-32-32-32H256V80z\"><\/path><\/svg><\/span><span class=\"jet-toggle__icon icon-active jet-tabs-icon\"><svg xmlns=\"http:\/\/www.w3.org\/2000\/svg\" viewbox=\"0 0 448 512\"><path d=\"M432 256c0 17.7-14.3 32-32 32L48 288c-17.7 0-32-14.3-32-32s14.3-32 32-32l352 0c17.7 0 32 14.3 32 32z\"><\/path><\/svg><\/span><\/div><div class=\"jet-toggle__label-text\">Stagii clinice, lucr\u0103ri practice<\/div>\t\t\t\t\t\t\t<\/div>\n\t\t\t\t\t\t\t<div id=\"jet-toggle-content-1392\" class=\"jet-toggle__content\" data-toggle=\"2\" role=\"region\" data-template-id=\"false\">\n\t\t\t\t\t\t\t\t<div class=\"jet-toggle__content-inner\"><p>(Materie \u2013 an, program de studii- stagiu clinic\/lucrare practic\u0103)<\/p><ol><li>Biofizic\u0103 \u2013 anul I, Medicin\u0103 \u2013 lucrare practic\u0103 \u2013 \u015eef lucr\u0103ri dr. Szak\u00e1cs Juli\u00e1nna, \u015eef lucr\u0103ri dr. Albert Etele, \u015eef lucr\u0103ri dr. Moldovan Mircea, \u015eef lucr\u0103ri dr. Mesaro\u015f Cornelia<\/li><li>Biofizic\u0103 (LE) \u2013 anul I, Medicin\u0103 \u2013 lucrare practic\u0103 \u2013 \u015eef lucr\u0103ri dr. Moldovan Mircea<\/li><li>Fizic\u0103 Farmaceutic\u0103 \u2013 anul I, Farmacie \u2013 lucrare practic\u0103 \u2013 \u015eef lucr\u0103ri dr. Albert Etele, \u015eef lucr\u0103ri dr. Mesaro\u015f Cornelia<\/li><li>Biofizic\u0103 \u2013 anul I, Asisten\u0163\u0103 Medical\u0103 General\u0103 \u2013 lucrare practic\u0103 \u2013 \u015eef lucr\u0103ri dr. Szak\u00e1cs Juli\u00e1nna, \u015eef lucr\u0103ri dr. Albert Etele<\/li><li>Biofizic\u0103 \u2013 anul I, Tehnic\u0103 Dentar\u0103 \u2013 lucrare practic\u0103 \u2013 \u015eef lucr\u0103ri dr. Szak\u00e1cs Juli\u00e1nna<\/li><li>Biofizic\u0103 \u2013 anul I, Balneofiziokinetoterapie \u015fi Recuperare \u2013 lucrare practic\u0103 \u2013 \u015eef lucr\u0103ri dr. Szak\u00e1cs Juli\u00e1nna, \u015eef lucr\u0103ri dr. Albert Etele<\/li><li>Biofizic\u0103. Biofizic\u0103 \u00een medicina dentar\u0103 \u2013 anul I, Medicin\u0103 Dentar\u0103 \u2013 lucrare practic\u0103 \u2013 \u015eef lucr\u0103ri dr. Szak\u00e1cs Juli\u00e1nna, \u015eef lucr\u0103ri dr. Mesaro\u015f Cornelia, \u015eef lucr\u0103ri dr. Albert Etele<\/li><li>Biofizic\u0103. Biofizic\u0103 \u00een medicina dentar\u0103 (LE) \u2013 anul I, Medicin\u0103 Dentar\u0103 \u2013 lucrare practic\u0103 \u2013 \u015eef lucr\u0103ri dr. Moldovan Mircea<\/li><li>Fizic\u0103 \u015fi Biofizic\u0103 Aplicat\u0103 \u2013 anul I, Cosmetic\u0103 Medical\u0103, Tehnologia Produsului Cosmetic \u2013 lucrare practic\u0103 \u2013 \u015eef lucr\u0103ri dr. Mesaro\u015f Cornelia<\/li><\/ol><\/div>\n\t\t\t\t\t\t\t<\/div>\n\t\t\t\t\t\t<\/div><div class=\"jet-accordion__item jet-toggle jet-toggle-move-up-effect\">\n\t\t\t\t\t\t\t<div id=\"jet-toggle-control-1393\" class=\"jet-toggle__control elementor-menu-anchor\" data-toggle=\"3\" role=\"button\" tabindex=\"0\" aria-controls=\"jet-toggle-content-1393\" aria-expanded=\"false\" data-template-id=\"false\">\n\t\t\t\t\t\t\t\t<div class=\"jet-toggle__label-icon jet-toggle-icon-position-right\"><span class=\"jet-toggle__icon icon-normal jet-tabs-icon\"><svg xmlns=\"http:\/\/www.w3.org\/2000\/svg\" viewbox=\"0 0 448 512\"><path d=\"M256 80c0-17.7-14.3-32-32-32s-32 14.3-32 32V224H48c-17.7 0-32 14.3-32 32s14.3 32 32 32H192V432c0 17.7 14.3 32 32 32s32-14.3 32-32V288H400c17.7 0 32-14.3 32-32s-14.3-32-32-32H256V80z\"><\/path><\/svg><\/span><span class=\"jet-toggle__icon icon-active jet-tabs-icon\"><svg xmlns=\"http:\/\/www.w3.org\/2000\/svg\" viewbox=\"0 0 448 512\"><path d=\"M432 256c0 17.7-14.3 32-32 32L48 288c-17.7 0-32-14.3-32-32s14.3-32 32-32l352 0c17.7 0 32 14.3 32 32z\"><\/path><\/svg><\/span><\/div><div class=\"jet-toggle__label-text\">Manuale \u0219i \u00eendrum\u0103toare de lucr\u0103ri practice<\/div>\t\t\t\t\t\t\t<\/div>\n\t\t\t\t\t\t\t<div id=\"jet-toggle-content-1393\" class=\"jet-toggle__content\" data-toggle=\"3\" role=\"region\" data-template-id=\"false\">\n\t\t\t\t\t\t\t\t<div class=\"jet-toggle__content-inner\"><ol><li>Nicolaescu Ioan: Fundamente de biofizic\u0103 \u2013Edi\u0163ie completat\u0103 \u015fi revizuit\u0103, University Press, T\u00e2rgu Mure\u015f, 2014, ISBN 973-98753-2-7.<\/li><li>Szak\u00e1cs Juli\u00e1nna \u00e9s Filep Gy\u0151z\u0151: Biofizika orvostanhallgat\u00f3knak \u00e9s fogorvostanhallgat\u00f3knak,\u00a0University Press, T\u00e2rgu-Mure\u015f, 2014, ISBN 978-973-169-294-4.<\/li><li>Nicolaescu Ioan, Moldovan Mircea: Biophysics, University Press, T\u00e2rgu Mure\u015f, 2009, ISBN 978-973-169-118-3.<\/li><li>Nicolaescu, M.Moldovan, Juli\u00e1nna Szak\u00e1cs, Cornelia Mesaro\u015f \/ Biofizic\u0103 \u015fi fizic\u0103 medical\u0103. Lucr\u0103ri practice , University Press, T\u00e2rgu-Mure\u015f, 2008, ISBN 978-973-169-062-9.<\/li><li>Nicolaescu Ioan, Moldovan Mircea, Biofizic\u0103 Pur\u0103 \u015fi Aplicat\u0103, University Press T\u00e2rgu Mure\u015f, 2011, ISBN 978-973-169-140-4.<\/li><li>Moldovan, I. Nicolaescu \/Biophysics Laboratory Notebook and Laboratory Reports , University Press, T\u00e2rgu-Mure\u015f, 2008, ISBN 978-973-169-061-2. Albert Etele: Biofizikai ismeretek, Ed. University Press T\u00e2rgu Mure\u015f, 2008, ISBN 978-973-7665-95-9.<\/li><li>Albert Etele, Olariu Mihai: Lucrari practice de fizica farmaceutica, Ed. University Press T\u00e2rgu Mure\u015f, 2009, ISBN 978-973-169-071-1.<\/li><li>Olariu Mihai: Fizic\u0103 \u015fi biofizic\u0103 farmaceutic\u0103, Ed. University Press T\u00e2rgu Mure\u015f, 2004, ISBN 973-861-19-8-9.<\/li><\/ol><\/div>\n\t\t\t\t\t\t\t<\/div>\n\t\t\t\t\t\t<\/div>\t\t\t<\/div>\n\t\t<\/div>\n\t\t\t\t\t\t<\/div>\n\t\t\t\t<\/div>\n\t\t\t\t\t<\/div>\n\t\t<\/div>\n\t\t\t\t<div class=\"elementor-column elementor-col-50 elementor-top-column elementor-element elementor-element-3fe8579\" data-id=\"3fe8579\" data-element_type=\"column\" data-e-type=\"column\">\n\t\t\t<div class=\"elementor-widget-wrap elementor-element-populated\">\n\t\t\t\t\t\t<section class=\"elementor-section elementor-inner-section elementor-element elementor-element-bcb6cfc elementor-section-boxed elementor-section-height-default elementor-section-height-default\" data-id=\"bcb6cfc\" data-element_type=\"section\" data-e-type=\"section\">\n\t\t\t\t\t\t<div class=\"elementor-container elementor-column-gap-default\">\n\t\t\t\t\t<div data-dce-background-color=\"#F2F7FF\" class=\"elementor-column elementor-col-100 elementor-inner-column elementor-element elementor-element-4953eb8\" data-id=\"4953eb8\" data-element_type=\"column\" data-e-type=\"column\" data-settings=\"{&quot;background_background&quot;:&quot;classic&quot;}\">\n\t\t\t<div class=\"elementor-widget-wrap elementor-element-populated\">\n\t\t\t\t\t\t<div class=\"elementor-element elementor-element-b43fa13 elementor-widget elementor-widget-heading\" data-id=\"b43fa13\" data-element_type=\"widget\" data-e-type=\"widget\" data-widget_type=\"heading.default\">\n\t\t\t\t<div class=\"elementor-widget-container\">\n\t\t\t\t\t<h5 class=\"elementor-heading-title elementor-size-default\">Contact<\/h5>\t\t\t\t<\/div>\n\t\t\t\t<\/div>\n\t\t\t\t<div class=\"elementor-element elementor-element-b0ed167 elementor-widget-divider--view-line elementor-widget elementor-widget-divider\" data-id=\"b0ed167\" data-element_type=\"widget\" data-e-type=\"widget\" data-widget_type=\"divider.default\">\n\t\t\t\t<div class=\"elementor-widget-container\">\n\t\t\t\t\t\t\t<div class=\"elementor-divider\">\n\t\t\t<span class=\"elementor-divider-separator\">\n\t\t\t\t\t\t<\/span>\n\t\t<\/div>\n\t\t\t\t\t\t<\/div>\n\t\t\t\t<\/div>\n\t\t\t\t<div class=\"elementor-element elementor-element-a691966 elementor-widget elementor-widget-icon-box\" data-id=\"a691966\" data-element_type=\"widget\" data-e-type=\"widget\" data-widget_type=\"icon-box.default\">\n\t\t\t\t<div class=\"elementor-widget-container\">\n\t\t\t\t\t\t\t<div class=\"elementor-icon-box-wrapper\">\n\n\t\t\t\n\t\t\t\t\t\t<div class=\"elementor-icon-box-content\">\n\n\t\t\t\t\t\t\t\t\t<h3 class=\"elementor-icon-box-title\">\n\t\t\t\t\t\t<span  >\n\t\t\t\t\t\t\tAdres\u0103\t\t\t\t\t\t<\/span>\n\t\t\t\t\t<\/h3>\n\t\t\t\t\n\t\t\t\t\t\t\t\t\t<p class=\"elementor-icon-box-description\">\n\t\t\t\t\t\tUMFST G. E. Palade T\u00e2rgu Mure\u0219, \n<br>Facultatea de Medicin\u0103, Disciplina de Biofizic\u0103, <br>str. Gh. Marinescu, Nr. 38, T\u00e2rgu Mure\u0219, Mure\u0219, 540142, Rom\u00e2nia\t\t\t\t\t<\/p>\n\t\t\t\t\n\t\t\t<\/div>\n\t\t\t\n\t\t<\/div>\n\t\t\t\t\t\t<\/div>\n\t\t\t\t<\/div>\n\t\t\t\t<div class=\"elementor-element elementor-element-b253774 elementor-widget elementor-widget-icon-box\" data-id=\"b253774\" data-element_type=\"widget\" data-e-type=\"widget\" data-widget_type=\"icon-box.default\">\n\t\t\t\t<div class=\"elementor-widget-container\">\n\t\t\t\t\t\t\t<div class=\"elementor-icon-box-wrapper\">\n\n\t\t\t\n\t\t\t\t\t\t<div class=\"elementor-icon-box-content\">\n\n\t\t\t\t\t\t\t\t\t<h3 class=\"elementor-icon-box-title\">\n\t\t\t\t\t\t<span  >\n\t\t\t\t\t\t\tPersoan\u0103 de contact\t\t\t\t\t\t<\/span>\n\t\t\t\t\t<\/h3>\n\t\t\t\t\n\t\t\t\t\t\t\t\t\t<p class=\"elementor-icon-box-description\">\n\t\t\t\t\t\t\u015eef lucr. dr. Szak\u00e1cs Juli\u00e1nna\t\t\t\t\t<\/p>\n\t\t\t\t\n\t\t\t<\/div>\n\t\t\t\n\t\t<\/div>\n\t\t\t\t\t\t<\/div>\n\t\t\t\t<\/div>\n\t\t\t\t<div class=\"elementor-element elementor-element-747465a elementor-widget elementor-widget-icon-box\" data-id=\"747465a\" data-element_type=\"widget\" data-e-type=\"widget\" data-widget_type=\"icon-box.default\">\n\t\t\t\t<div class=\"elementor-widget-container\">\n\t\t\t\t\t\t\t<div class=\"elementor-icon-box-wrapper\">\n\n\t\t\t\n\t\t\t\t\t\t<div class=\"elementor-icon-box-content\">\n\n\t\t\t\t\t\t\t\t\t<h3 class=\"elementor-icon-box-title\">\n\t\t\t\t\t\t<span  >\n\t\t\t\t\t\t\tE-mail\t\t\t\t\t\t<\/span>\n\t\t\t\t\t<\/h3>\n\t\t\t\t\n\t\t\t\t\t\t\t\t\t<p class=\"elementor-icon-box-description\">\n\t\t\t\t\t\tjulianna.szakacs@umfst.ro\t\t\t\t\t<\/p>\n\t\t\t\t\n\t\t\t<\/div>\n\t\t\t\n\t\t<\/div>\n\t\t\t\t\t\t<\/div>\n\t\t\t\t<\/div>\n\t\t\t\t<div class=\"elementor-element elementor-element-2c99e6d elementor-widget elementor-widget-icon-box\" data-id=\"2c99e6d\" data-element_type=\"widget\" data-e-type=\"widget\" data-widget_type=\"icon-box.default\">\n\t\t\t\t<div class=\"elementor-widget-container\">\n\t\t\t\t\t\t\t<div class=\"elementor-icon-box-wrapper\">\n\n\t\t\t\n\t\t\t\t\t\t<div class=\"elementor-icon-box-content\">\n\n\t\t\t\t\t\t\t\t\t<h3 class=\"elementor-icon-box-title\">\n\t\t\t\t\t\t<span  >\n\t\t\t\t\t\t\tTelefon\t\t\t\t\t\t<\/span>\n\t\t\t\t\t<\/h3>\n\t\t\t\t\n\t\t\t\t\t\t\t\t\t<p class=\"elementor-icon-box-description\">\n\t\t\t\t\t\t+40-265-215.551\t\t\t\t\t<\/p>\n\t\t\t\t\n\t\t\t<\/div>\n\t\t\t\n\t\t<\/div>\n\t\t\t\t\t\t<\/div>\n\t\t\t\t<\/div>\n\t\t\t\t<div class=\"elementor-element elementor-element-264bcd4 elementor-widget elementor-widget-icon-box\" data-id=\"264bcd4\" data-element_type=\"widget\" data-e-type=\"widget\" data-widget_type=\"icon-box.default\">\n\t\t\t\t<div class=\"elementor-widget-container\">\n\t\t\t\t\t\t\t<div class=\"elementor-icon-box-wrapper\">\n\n\t\t\t\n\t\t\t\t\t\t<div class=\"elementor-icon-box-content\">\n\n\t\t\t\t\t\t\t\t\t<h3 class=\"elementor-icon-box-title\">\n\t\t\t\t\t\t<span  >\n\t\t\t\t\t\t\tFax\t\t\t\t\t\t<\/span>\n\t\t\t\t\t<\/h3>\n\t\t\t\t\n\t\t\t\t\t\t\t\t\t<p class=\"elementor-icon-box-description\">\n\t\t\t\t\t\t+40-265-210.407\t\t\t\t\t<\/p>\n\t\t\t\t\n\t\t\t<\/div>\n\t\t\t\n\t\t<\/div>\n\t\t\t\t\t\t<\/div>\n\t\t\t\t<\/div>\n\t\t\t\t\t<\/div>\n\t\t<\/div>\n\t\t\t\t\t<\/div>\n\t\t<\/section>\n\t\t\t\t\t<\/div>\n\t\t<\/div>\n\t\t\t\t\t<\/div>\n\t\t<\/section>\n\t\t\t\t<\/div>","protected":false},"excerpt":{"rendered":"<p>Colectivul disciplinei \u0218ef disciplin\u0103Conf. univ. dr. Szakacs Julianna &#8211; CV Membri\u0218ef lucr. dr. Cornelia Mesaro\u0219 &#8211; CV\u0218ef lucr. dr. Mure\u0219an Adrian Sorin &#8211; ME1 &#8211; CV\u0218ef lucr. dr. Mircea Moldovan &#8211; ME1 &#8211; CV \u00a0 Personalul didactic auxiliar al disciplinei Nr. crt. Pozi\u021bia \u00een disciplin\u0103 Nume \u0219i prenume 1. Laborant Frande\u0219 Dorina 2. Laborant Tu\u0219inean [&hellip;]<\/p>\n","protected":false},"author":14,"featured_media":0,"parent":73,"menu_order":0,"comment_status":"closed","ping_status":"closed","template":"","meta":{"_relevanssi_hide_post":"","_relevanssi_hide_content":"","_relevanssi_pin_for_all":"","_relevanssi_pin_keywords":"","_relevanssi_unpin_keywords":"","_relevanssi_related_keywords":"","_relevanssi_related_include_ids":"","_relevanssi_related_exclude_ids":"","_relevanssi_related_no_append":"","_relevanssi_related_not_related":"","_relevanssi_related_posts":"1","_relevanssi_noindex_reason":"","footnotes":""},"categories":[13,40],"tags":[],"class_list":["post-2737","page","type-page","status-publish","hentry","category-pagina-cu-sidebar","category-pagina-departamente-si-discipline"],"meta_box":[],"_links":{"self":[{"href":"https:\/\/umfst.ro\/facultatea-de-medicina\/hu\/wp-json\/wp\/v2\/pages\/2737","targetHints":{"allow":["GET"]}}],"collection":[{"href":"https:\/\/umfst.ro\/facultatea-de-medicina\/hu\/wp-json\/wp\/v2\/pages"}],"about":[{"href":"https:\/\/umfst.ro\/facultatea-de-medicina\/hu\/wp-json\/wp\/v2\/types\/page"}],"author":[{"embeddable":true,"href":"https:\/\/umfst.ro\/facultatea-de-medicina\/hu\/wp-json\/wp\/v2\/users\/14"}],"replies":[{"embeddable":true,"href":"https:\/\/umfst.ro\/facultatea-de-medicina\/hu\/wp-json\/wp\/v2\/comments?post=2737"}],"version-history":[{"count":68,"href":"https:\/\/umfst.ro\/facultatea-de-medicina\/hu\/wp-json\/wp\/v2\/pages\/2737\/revisions"}],"predecessor-version":[{"id":8792,"href":"https:\/\/umfst.ro\/facultatea-de-medicina\/hu\/wp-json\/wp\/v2\/pages\/2737\/revisions\/8792"}],"up":[{"embeddable":true,"href":"https:\/\/umfst.ro\/facultatea-de-medicina\/hu\/wp-json\/wp\/v2\/pages\/73"}],"wp:attachment":[{"href":"https:\/\/umfst.ro\/facultatea-de-medicina\/hu\/wp-json\/wp\/v2\/media?parent=2737"}],"wp:term":[{"taxonomy":"category","embeddable":true,"href":"https:\/\/umfst.ro\/facultatea-de-medicina\/hu\/wp-json\/wp\/v2\/categories?post=2737"},{"taxonomy":"post_tag","embeddable":true,"href":"https:\/\/umfst.ro\/facultatea-de-medicina\/hu\/wp-json\/wp\/v2\/tags?post=2737"}],"curies":[{"name":"wp","href":"https:\/\/api.w.org\/{rel}","templated":true}]}}