{"id":2840,"date":"2023-06-20T17:28:56","date_gmt":"2023-06-20T14:28:56","guid":{"rendered":"https:\/\/dev.umfst.ro\/facultatea-de-medicina\/?page_id=2840"},"modified":"2025-10-21T14:34:03","modified_gmt":"2025-10-21T11:34:03","slug":"histologie","status":"publish","type":"page","link":"https:\/\/umfst.ro\/facultatea-de-medicina\/hu\/departamente-si-discipline\/m1-stiinte-morfologice\/histologie\/","title":{"rendered":"Histologie"},"content":{"rendered":"<div data-elementor-type=\"wp-page\" data-elementor-id=\"2840\" class=\"elementor elementor-2840\" data-elementor-post-type=\"page\">\n\t\t\t\t\t\t<section class=\"elementor-section elementor-top-section elementor-element elementor-element-7a83ac91 elementor-section-boxed elementor-section-height-default elementor-section-height-default\" data-id=\"7a83ac91\" data-element_type=\"section\" data-e-type=\"section\">\n\t\t\t\t\t\t<div class=\"elementor-container elementor-column-gap-default\">\n\t\t\t\t\t<div class=\"elementor-column elementor-col-50 elementor-top-column elementor-element elementor-element-3e42cb35\" data-id=\"3e42cb35\" data-element_type=\"column\" data-e-type=\"column\">\n\t\t\t<div class=\"elementor-widget-wrap elementor-element-populated\">\n\t\t\t\t\t\t<div class=\"elementor-element elementor-element-aae28b9 elementor-widget elementor-widget-text-editor\" data-id=\"aae28b9\" data-element_type=\"widget\" data-e-type=\"widget\" data-widget_type=\"text-editor.default\">\n\t\t\t\t<div class=\"elementor-widget-container\">\n\t\t\t\t\t\t\t\t\t<h2 role=\"heading\" data-uw-rm-heading=\"level\">Colectivul disciplinei<\/h2><p><b>\u0218ef de disciplin\u0103<\/b><br \/>Prof. univ. dr. Angela Borda &#8211; <a href=\"https:\/\/www.umfst.ro\/fileadmin\/f_medicina\/Cadre_didactice\/2025-2026\/Departament_M1\/Histologie\/BORDA Angela_CV_site_UMFST_2025.pdf\" target=\"_blank\" rel=\"noopener\" aria-label=\"CV - deschide \u00eentr-o fil\u0103 nou\u0103\" data-uw-rm-ext-link=\"\" data-wplink-url-error=\"true\">CV<\/a><\/p><p><b>Membri<\/b><br \/>Prof. univ. dr. Andrada Loghin &#8211; <a href=\"https:\/\/www.umfst.ro\/fileadmin\/f_medicina\/Cadre_didactice\/2025-2026\/Departament_M1\/Histologie\/LOGHIN Andrada_CV_site_UMFST_2025.pdf\" target=\"_blank\" rel=\"noopener\" aria-label=\"CV - deschide \u00eentr-o fil\u0103 nou\u0103\" data-uw-rm-ext-link=\"\" data-wplink-url-error=\"true\">CV<\/a><br \/>Conf. univ. dr. Nechifor-Boil\u0103 Adela &#8211; <a href=\"https:\/\/www.umfst.ro\/fileadmin\/f_medicina\/Cadre_didactice\/2025-2026\/Departament_M1\/Histologie\/NECHIFOR BOILA Adela_CV_site_UMFST.pdf\" data-wplink-url-error=\"true\">CV<\/a><br \/>\u0218ef lucr. dr. Camelia Gliga &#8211; <a href=\"https:\/\/www.umfst.ro\/fileadmin\/f_medicina\/Cadre_didactice\/2025-2026\/Departament_M1\/Histologie\/GLIGA Camelia_CV_site_UMFST_2025.pdf\" target=\"_blank\" rel=\"noopener\" aria-label=\"CV - deschide \u00eentr-o fil\u0103 nou\u0103\" data-uw-rm-ext-link=\"\" data-wplink-url-error=\"true\">CV<\/a><br \/>\u0218ef lucr. dr. Pataki Simona-Tunde &#8211; <a href=\"https:\/\/www.umfst.ro\/fileadmin\/f_medicina\/Cadre_didactice\/2025-2026\/Departament_M1\/Histologie\/PATAKI_Simona_CV_site_UMFST.pdf\" target=\"_blank\" rel=\"noopener\" aria-label=\"CV - deschide \u00eentr-o fil\u0103 nou\u0103\" data-uw-rm-ext-link=\"\">CV<\/a><br \/>\u0218ef lucr. dr. Chinezu Laura &#8211; <a href=\"https:\/\/www.umfst.ro\/fileadmin\/f_medicina\/Cadre_didactice\/2025-2026\/Departament_M1\/Histologie\/CHINEZU Laura_CV_site_UMFST.pdf\" data-wplink-url-error=\"true\">CV<\/a><br \/>Asist. univ. dr. Ramona C\u0103tan\u0103 &#8211; <a href=\"https:\/\/www.umfst.ro\/fileadmin\/f_medicina\/Cadre_didactice\/2025-2026\/Departament_M1\/Histologie\/CATANA Ramona Teodora_CV_site_UMFST_2025.pdf\" target=\"_blank\" rel=\"noopener\" aria-label=\"CV - deschide \u00eentr-o fil\u0103 nou\u0103\" data-uw-rm-ext-link=\"\" data-wplink-url-error=\"true\">CV<\/a><br \/>Asist. univ. dr. Szasz Emoke-Andrea &#8211; <a href=\"https:\/\/www.umfst.ro\/fileadmin\/f_medicina\/Cadre_didactice\/2025-2026\/Departament_M1\/Histologie\/SZASZ Emoke_CV_site_UMFST 2025.pdf\" target=\"_blank\" rel=\"noopener\" aria-label=\"CV - deschide \u00eentr-o fil\u0103 nou\u0103\" data-uw-rm-ext-link=\"\" data-wplink-url-error=\"true\">CV<\/a><br \/>Asist. univ. drd. Andrada Raicea &#8211; <a href=\"https:\/\/www.umfst.ro\/fileadmin\/f_medicina\/Cadre_didactice\/2025-2026\/Departament_M1\/Histologie\/RAICEA_Andrada_CV_site_UMFST.pdf\" target=\"_blank\" rel=\"noopener\" aria-label=\"CV - deschide \u00eentr-o fil\u0103 nou\u0103\" data-uw-rm-ext-link=\"\">CV<\/a><br \/>Asist. univ. drd. Andrada-Claudia T\u0103tar &#8211; <a href=\"https:\/\/www.umfst.ro\/fileadmin\/f_medicina\/Cadre_didactice\/2025-2026\/Departament_M1\/Histologie\/TATAR Andrada_CV_site_UMFST_2025.pdf\" target=\"_blank\" rel=\"noopener\" aria-label=\"CV - deschide \u00eentr-o fil\u0103 nou\u0103\" data-uw-rm-ext-link=\"\" data-wplink-url-error=\"true\">CV<\/a><br \/>Asist. univ. drd. S\u0103l\u0103gean Alex &#8211; <a href=\"https:\/\/www.umfst.ro\/fileadmin\/f_medicina\/Cadre_didactice\/2025-2026\/Departament_M1\/Histologie\/SALAGEAN Alex-Adrian_CV_site_UMFST_2025.pdf\" data-wplink-url-error=\"true\">CV<\/a><br \/>Asist. univ. drd. Popelea Maria C\u0103t\u0103lina &#8211; <a href=\"https:\/\/www.umfst.ro\/fileadmin\/f_medicina\/Cadre_didactice\/2025-2026\/Departament_M1\/Histologie\/POPELEA Maria Catalina_CV_site_UMFST_2025.pdf\" data-wplink-url-error=\"true\">CV<\/a><\/p><h4>\u00a0<\/h4><h4>Personalul didactic auxiliar al disciplinei<\/h4><table width=\"75%\"><tbody><tr><td width=\"12%\"><p><strong>Sz\u00e1m<\/strong><\/p><\/td><td width=\"37%\"><p><strong>Pozi\u021bia \u00een disciplin\u0103<\/strong><\/p><\/td><td width=\"50%\"><p><strong>Nume \u0219i prenume<\/strong><\/p><\/td><\/tr><tr><td width=\"12%\"><p>1.<\/p><\/td><td width=\"37%\"><p>Tehnician<\/p><\/td><td width=\"50%\"><p>Mesaro\u0219 Valeria<\/p><\/td><\/tr><tr><td width=\"12%\"><p>2.<\/p><\/td><td width=\"37%\"><p>Tehnician<\/p><\/td><td width=\"50%\"><p>Ciurca Dorina<\/p><\/td><\/tr><\/tbody><\/table>\t\t\t\t\t\t\t\t<\/div>\n\t\t\t\t<\/div>\n\t\t\t\t<div data-dce-background-color=\"#2359B317\" class=\"elementor-element elementor-element-11a9b1f elementor-widget__width-auto elementor-widget elementor-widget-button\" data-id=\"11a9b1f\" data-element_type=\"widget\" data-e-type=\"widget\" data-widget_type=\"button.default\">\n\t\t\t\t<div class=\"elementor-widget-container\">\n\t\t\t\t\t\t\t\t\t<div class=\"elementor-button-wrapper\">\n\t\t\t\t\t<a class=\"elementor-button elementor-button-link elementor-size-sm\" href=\"https:\/\/www.umfst.ro\/fileadmin\/f_medicina\/departamente\/m1_histologie\/Regulament_disciplinei_de_Histologie_2025-2026_RO.pdf\" target=\"_blank\">\n\t\t\t\t\t\t<span class=\"elementor-button-content-wrapper\">\n\t\t\t\t\t\t<span class=\"elementor-button-icon\">\n\t\t\t\t<i aria-hidden=\"true\" class=\"fas fa-file-download\"><\/i>\t\t\t<\/span>\n\t\t\t\t\t\t\t\t\t<span class=\"elementor-button-text\">Regulament<\/span>\n\t\t\t\t\t<\/span>\n\t\t\t\t\t<\/a>\n\t\t\t\t<\/div>\n\t\t\t\t\t\t\t\t<\/div>\n\t\t\t\t<\/div>\n\t\t\t\t<div class=\"elementor-element elementor-element-f76fce4 elementor-widget elementor-widget-text-editor\" data-id=\"f76fce4\" data-element_type=\"widget\" data-e-type=\"widget\" data-widget_type=\"text-editor.default\">\n\t\t\t\t<div class=\"elementor-widget-container\">\n\t\t\t\t\t\t\t\t\t<h2>Activitate didactic\u0103<\/h2>\t\t\t\t\t\t\t\t<\/div>\n\t\t\t\t<\/div>\n\t\t\t\t<div class=\"elementor-element elementor-element-84ff91c elementor-widget elementor-widget-jet-accordion\" data-id=\"84ff91c\" data-element_type=\"widget\" data-e-type=\"widget\" data-widget_type=\"jet-accordion.default\">\n\t\t\t\t<div class=\"elementor-widget-container\">\n\t\t\t\t\t\t\t\t\t<div class=\"jet-accordion\" data-settings=\"{&quot;collapsible&quot;:false,&quot;ajaxTemplate&quot;:false,&quot;switchScrolling&quot;:false,&quot;switchScrollingTablet&quot;:false,&quot;switchScrollingMobile&quot;:false,&quot;switchScrollingOffset&quot;:{&quot;size&quot;:0,&quot;unit&quot;:&quot;px&quot;},&quot;switchScrollingOffsetTablet&quot;:{&quot;size&quot;:0,&quot;unit&quot;:&quot;px&quot;},&quot;switchScrollingOffsetMobile&quot;:{&quot;size&quot;:0,&quot;unit&quot;:&quot;px&quot;},&quot;switchScrollingDelay&quot;:500,&quot;switchScrollingDelayTablet&quot;:500,&quot;switchScrollingDelayMobile&quot;:500}\">\n\t\t\t<div class=\"jet-accordion__inner\">\n\t\t\t\t<div class=\"jet-accordion__item jet-toggle jet-toggle-move-up-effect\">\n\t\t\t\t\t\t\t<div id=\"jet-toggle-control-1391\" class=\"jet-toggle__control elementor-menu-anchor\" data-toggle=\"1\" role=\"button\" tabindex=\"0\" aria-controls=\"jet-toggle-content-1391\" aria-expanded=\"false\" data-template-id=\"false\">\n\t\t\t\t\t\t\t\t<div class=\"jet-toggle__label-icon jet-toggle-icon-position-right\"><span class=\"jet-toggle__icon icon-normal jet-tabs-icon\"><svg xmlns=\"http:\/\/www.w3.org\/2000\/svg\" viewbox=\"0 0 448 512\"><path d=\"M256 80c0-17.7-14.3-32-32-32s-32 14.3-32 32V224H48c-17.7 0-32 14.3-32 32s14.3 32 32 32H192V432c0 17.7 14.3 32 32 32s32-14.3 32-32V288H400c17.7 0 32-14.3 32-32s-14.3-32-32-32H256V80z\"><\/path><\/svg><\/span><span class=\"jet-toggle__icon icon-active jet-tabs-icon\"><svg xmlns=\"http:\/\/www.w3.org\/2000\/svg\" viewbox=\"0 0 448 512\"><path d=\"M432 256c0 17.7-14.3 32-32 32L48 288c-17.7 0-32-14.3-32-32s14.3-32 32-32l352 0c17.7 0 32 14.3 32 32z\"><\/path><\/svg><\/span><\/div><div class=\"jet-toggle__label-text\">Cursuri pentru studen\u021bi<\/div>\t\t\t\t\t\t\t<\/div>\n\t\t\t\t\t\t\t<div id=\"jet-toggle-content-1391\" class=\"jet-toggle__content\" data-toggle=\"1\" role=\"region\" data-template-id=\"false\">\n\t\t\t\t\t\t\t\t<div class=\"jet-toggle__content-inner\"><p>(Materie predat\u0103 \u2013 an, program de studii, linie \u2013 titular de curs)<br \/>1. Histologie \u2013 anul II, medicin\u0103, LR \u2013 Prof. univ. dr. Angela Borda (seria I, II)\u00a0<br \/>\u00a0 \u00a0 \u00a0 \u00a0 \u00a0 \u00a0 \u00a0 \u00a0 \u00a0 \u00a0 \u00a0 \u00a0 \u00a0 \u00a0 \u00a0 \u00a0 \u00a0 \u00a0 \u00a0 \u00a0 \u00a0 \u00a0 \u00a0 \u00a0 \u00a0 \u00a0 \u00a0 \u00a0 \u00a0 \u00a0 \u00a0 \u2013 Conf. univ. dr. Andrada Loghin (seria III)<br \/>2. Histologie \u2013 anul II, medicin\u0103, LE \u2013 \u0218ef lucr. Dr. Laura Chinezu<br \/>3. Histologie \u2013 anul II, medicin\u0103, LM \u2013 \u0218ef lucr\u0103ri dr. Simona Marcu (seria IV, seria V)<br \/>4. Histologie \u2013 anul I, medicin\u0103 dentar\u0103, LR \u2013 \u0218ef lucr\u0103ri dr. Camelia Gliga<br \/>5. Histologie \u2013 anul I, medicin\u0103 dentar\u0103, LE \u2013 \u0218ef lucr\u0103ri dr. Adela Nechifor-Boil\u0103<br \/>5. Histologie \u2013 anul I, medicin\u0103 dentar\u0103, LM \u2013 \u0218ef lucr\u0103ri dr. Pataki Simona T\u00fcnde<br \/>6. Histologie \u2013 anul I, asisten\u021b\u0103 medical\u0103, LR \u2013 \u0218ef lucr\u0103ri dr. Adela Nechifor-Boil\u0103<br \/>7. Histologie \u2013 anul I, asisten\u021b\u0103 medical\u0103, LM \u2013 \u0218ef lucr\u0103ri dr. Pataki Simona T\u00fcnde<br \/>8. Histologie \u2013 anul I, nutri\u021bie \u0219i dietetic\u0103, LR \u2013 \u0218ef lucr\u0103ri dr. Camelia Gliga<br \/>9. Histologia \u0219i histopatologia pielii \u2013 anul I, Cosmetic\u0103 medical\u0103. Tehnologia produsului cosmetic, LR \u2013 Conf. univ. dr. Andrada Loghin<\/p><p><br \/>Cursuri master<br \/>1. Citologia lichidelor de epan\u0219ament \u2013 anul II, MLC \u2013 Prof. univ. dr. Angela Borda<br \/>2. Histologia \u0219i histopatologia pielii \u2013 anul I, MCD \u2013 Conf. univ. dr. Andrada Loghin<\/p><\/div>\n\t\t\t\t\t\t\t<\/div>\n\t\t\t\t\t\t<\/div><div class=\"jet-accordion__item jet-toggle jet-toggle-move-up-effect\">\n\t\t\t\t\t\t\t<div id=\"jet-toggle-control-1392\" class=\"jet-toggle__control elementor-menu-anchor\" data-toggle=\"2\" role=\"button\" tabindex=\"0\" aria-controls=\"jet-toggle-content-1392\" aria-expanded=\"false\" data-template-id=\"false\">\n\t\t\t\t\t\t\t\t<div class=\"jet-toggle__label-icon jet-toggle-icon-position-right\"><span class=\"jet-toggle__icon icon-normal jet-tabs-icon\"><svg xmlns=\"http:\/\/www.w3.org\/2000\/svg\" viewbox=\"0 0 448 512\"><path d=\"M256 80c0-17.7-14.3-32-32-32s-32 14.3-32 32V224H48c-17.7 0-32 14.3-32 32s14.3 32 32 32H192V432c0 17.7 14.3 32 32 32s32-14.3 32-32V288H400c17.7 0 32-14.3 32-32s-14.3-32-32-32H256V80z\"><\/path><\/svg><\/span><span class=\"jet-toggle__icon icon-active jet-tabs-icon\"><svg xmlns=\"http:\/\/www.w3.org\/2000\/svg\" viewbox=\"0 0 448 512\"><path d=\"M432 256c0 17.7-14.3 32-32 32L48 288c-17.7 0-32-14.3-32-32s14.3-32 32-32l352 0c17.7 0 32 14.3 32 32z\"><\/path><\/svg><\/span><\/div><div class=\"jet-toggle__label-text\">Stagii clinice, lucr\u0103ri practice<\/div>\t\t\t\t\t\t\t<\/div>\n\t\t\t\t\t\t\t<div id=\"jet-toggle-content-1392\" class=\"jet-toggle__content\" data-toggle=\"2\" role=\"region\" data-template-id=\"false\">\n\t\t\t\t\t\t\t\t<div class=\"jet-toggle__content-inner\"><p>Materie \u2013 an, program de studii- stagiu clinic\/lucrare practic\u0103)<\/p><p>1. Histologie \u2013Medicin\u0103 General\u0103 (LR, LE), \u00a0Medicin\u0103 Dentar\u0103 (LR, LE), Asisten\u021b\u0103 Medical\u0103, \u00a0Nutri\u021bie \u0219i Dietetic\u0103<br \/>2. Histologia \u0219i histopatologia pielii \u2013Cosmetic\u0103 medical\u0103. Tehnologia produsului cosmetic<\/p><\/div>\n\t\t\t\t\t\t\t<\/div>\n\t\t\t\t\t\t<\/div><div class=\"jet-accordion__item jet-toggle jet-toggle-move-up-effect\">\n\t\t\t\t\t\t\t<div id=\"jet-toggle-control-1393\" class=\"jet-toggle__control elementor-menu-anchor\" data-toggle=\"3\" role=\"button\" tabindex=\"0\" aria-controls=\"jet-toggle-content-1393\" aria-expanded=\"false\" data-template-id=\"false\">\n\t\t\t\t\t\t\t\t<div class=\"jet-toggle__label-icon jet-toggle-icon-position-right\"><span class=\"jet-toggle__icon icon-normal jet-tabs-icon\"><svg xmlns=\"http:\/\/www.w3.org\/2000\/svg\" viewbox=\"0 0 448 512\"><path d=\"M256 80c0-17.7-14.3-32-32-32s-32 14.3-32 32V224H48c-17.7 0-32 14.3-32 32s14.3 32 32 32H192V432c0 17.7 14.3 32 32 32s32-14.3 32-32V288H400c17.7 0 32-14.3 32-32s-14.3-32-32-32H256V80z\"><\/path><\/svg><\/span><span class=\"jet-toggle__icon icon-active jet-tabs-icon\"><svg xmlns=\"http:\/\/www.w3.org\/2000\/svg\" viewbox=\"0 0 448 512\"><path d=\"M432 256c0 17.7-14.3 32-32 32L48 288c-17.7 0-32-14.3-32-32s14.3-32 32-32l352 0c17.7 0 32 14.3 32 32z\"><\/path><\/svg><\/span><\/div><div class=\"jet-toggle__label-text\">Manuale \u0219i \u00eendrum\u0103toare de lucr\u0103ri practice<\/div>\t\t\t\t\t\t\t<\/div>\n\t\t\t\t\t\t\t<div id=\"jet-toggle-content-1393\" class=\"jet-toggle__content\" data-toggle=\"3\" role=\"region\" data-template-id=\"false\">\n\t\t\t\t\t\t\t\t<div class=\"jet-toggle__content-inner\"><p>1. \u00a0 \u00a0 \u00a0Angela Borda, Laura Chinezu, Simona-Tunde Pataki, Adela Nechifor-Boil\u0103, Adrian N\u0103znean (sub redac\u021bia Angela Borda). Histology of the tissues. \u00a0Editura University Press T\u00eergu-Mure\u015f, 2017. ISBN: 978-973-169-505-1 \u00a0<br \/>2. Borda Angela, Andrada Loghin, Camelia Gliga, Simona Marcu, Emoke Fulop, Cosmin Moldovan, Adela Nechifor-Boil\u0103, Laura Chinezu: Curs de Histologie, \u0162esuturi \u015fi Organe \u2013 pentru programul de studiu asisten\u0163\u0103 medical\u0103 general\u0103, nutri\u0163ie \u015fi dietetic\u0103, Editura University Press T\u00eergu Mure\u015f 2015;<br \/>3. \u00a0 \u00a0 \u00a0 Borda Angela, Gliga Camelia, Marcu Simona, Emoke Fulop, Loghin Andrada, Moldovan Cosmin: Histology Practical Works Guide, Editura University Press T\u00eergu Mure\u015f, 2013;<br \/>4. \u00a0 \u00a0 \u00a0 Borda Angela, Em\u00f6ke F\u00fcl\u00f6p, Camelia Gliga Andrada Loghin, Simona Marcu, Cosmin Moldovan: \u00cendrum\u0103tor de lucr\u0103ri practice de histologie, Editura University Press Tg. Mure\u0219, 2012;<br \/>5. \u00a0 \u00a0 \u00a0 Borda Angela, Simona Marcu, Cosmin Moldovan: Tissues, Litografia UMF, 2012;<br \/>6. \u00a0 \u00a0 \u00a0 Borda Angela, Simona Marcu, Cosmin Moldovan: Histology of the Organs, Litografia UMF, 2012<br \/>7. \u00a0 \u00a0 \u00a0 Borda Angela, Em\u00f6ke F\u00fcl\u00f6p, Camelia Gliga Andrada Loghin, Simona Marcu, Cosmin Moldovan: Histologie \u2013 \u021aesuturile, Editura University Press Tg. Mure\u0219, 2010;<br \/>8. \u00a0 \u00a0 \u00a0 Borda Angela, Gliga Camelia, Marcu Simona, Loghin Andrada, Moldovan Cosmin: \u00a0Curs de histologie, Vol II, Litografia UMF Tg. Mure\u015f, 2008<\/p><\/div>\n\t\t\t\t\t\t\t<\/div>\n\t\t\t\t\t\t<\/div>\t\t\t<\/div>\n\t\t<\/div>\n\t\t\t\t\t\t<\/div>\n\t\t\t\t<\/div>\n\t\t\t\t<div class=\"elementor-element elementor-element-4d837e2 elementor-widget elementor-widget-text-editor\" data-id=\"4d837e2\" data-element_type=\"widget\" data-e-type=\"widget\" data-no-translation=\"\" data-widget_type=\"text-editor.default\">\n\t\t\t\t<div class=\"elementor-widget-container\">\n\t\t\t\t\t<style>.elementor-element-4d837e2{display:none !important}<\/style>\t\t\t\t<\/div>\n\t\t\t\t<\/div>\n\t\t\t\t<div class=\"elementor-element elementor-element-bc38477 elementor-widget elementor-widget-text-editor\" data-id=\"bc38477\" data-element_type=\"widget\" data-e-type=\"widget\" data-no-translation=\"\" data-widget_type=\"text-editor.default\">\n\t\t\t\t<div class=\"elementor-widget-container\">\n\t\t\t\t\t<style>.elementor-element-bc38477{display:none !important}<\/style>\t\t\t\t<\/div>\n\t\t\t\t<\/div>\n\t\t\t\t<div class=\"elementor-element elementor-element-ffbae87 elementor-hidden-widescreen elementor-hidden-desktop elementor-hidden-tablet elementor-hidden-mobile elementor-widget elementor-widget-text-editor\" data-id=\"ffbae87\" data-element_type=\"widget\" data-e-type=\"widget\" data-widget_type=\"text-editor.default\">\n\t\t\t\t<div class=\"elementor-widget-container\">\n\t\t\t\t\t\t\t\t\t<p><strong>The Histology Department announces the competition for the positions of demonstrators for the university year 2025-2026.<\/strong><\/p><p>\u00censcrierea la concurs se face p\u00e2n\u0103 \u00een data de: <strong>6<\/strong><strong> octombrie 2024<\/strong> pe baza unui dosar trimis online pe adresa de e-mail: <strong><em>emoke.szasz@umfst.ro<\/em><\/strong> care va cuprinde urm\u0103toarele documente scanate:<br \/>&#8211; <em>scrisoare de inten\u0163ie;<br \/>&#8211; curriculum vitae;<br \/>&#8211; media aritmetic\u0103 a anului 1 de studiu;<br \/>&#8211; nota ob\u0163inut\u0103 la examenul de Histologie General\u0103.<\/em><\/p><p class=\" translation-block\">Concursul va cuprinde evaluarea dosarului \u0219i o prob\u0103 practic\u0103: prezentarea unui preparat histologic la alegere (<em>bibliografie:<\/em> <em>\u00cendrum\u0103torul de lucr\u0103ri practice de histologie<\/em>).<\/p><p><strong><em>Men\u0163ion\u0103m c\u0103 nu vor fi luate \u00een considerare dosarele incomplete \u0219i nu vor fi accepta\u0163i dec\u00e2t studen\u0163ii integrali\u015fti.<\/em><\/strong><\/p><p>\u015eef disciplin\u0103<br \/><strong><em>Prof. Dr. Angela Borda<\/em><\/strong><\/p>\t\t\t\t\t\t\t\t<\/div>\n\t\t\t\t<\/div>\n\t\t\t\t\t<\/div>\n\t\t<\/div>\n\t\t\t\t<div class=\"elementor-column elementor-col-50 elementor-top-column elementor-element elementor-element-1a332919\" data-id=\"1a332919\" data-element_type=\"column\" data-e-type=\"column\">\n\t\t\t<div class=\"elementor-widget-wrap elementor-element-populated\">\n\t\t\t\t\t\t<section class=\"elementor-section elementor-inner-section elementor-element elementor-element-4dd9e1c7 elementor-section-boxed elementor-section-height-default elementor-section-height-default\" data-id=\"4dd9e1c7\" data-element_type=\"section\" data-e-type=\"section\">\n\t\t\t\t\t\t<div class=\"elementor-container elementor-column-gap-default\">\n\t\t\t\t\t<div data-dce-background-color=\"#F2F7FF\" class=\"elementor-column elementor-col-100 elementor-inner-column elementor-element elementor-element-d476fcc\" data-id=\"d476fcc\" data-element_type=\"column\" data-e-type=\"column\" data-settings=\"{&quot;background_background&quot;:&quot;classic&quot;}\">\n\t\t\t<div class=\"elementor-widget-wrap elementor-element-populated\">\n\t\t\t\t\t\t<div class=\"elementor-element elementor-element-2e768da1 elementor-widget elementor-widget-heading\" data-id=\"2e768da1\" data-element_type=\"widget\" data-e-type=\"widget\" data-widget_type=\"heading.default\">\n\t\t\t\t<div class=\"elementor-widget-container\">\n\t\t\t\t\t<h5 class=\"elementor-heading-title elementor-size-default\">Contact<\/h5>\t\t\t\t<\/div>\n\t\t\t\t<\/div>\n\t\t\t\t<div class=\"elementor-element elementor-element-5d8d0f68 elementor-widget-divider--view-line elementor-widget elementor-widget-divider\" data-id=\"5d8d0f68\" data-element_type=\"widget\" data-e-type=\"widget\" data-widget_type=\"divider.default\">\n\t\t\t\t<div class=\"elementor-widget-container\">\n\t\t\t\t\t\t\t<div class=\"elementor-divider\">\n\t\t\t<span class=\"elementor-divider-separator\">\n\t\t\t\t\t\t<\/span>\n\t\t<\/div>\n\t\t\t\t\t\t<\/div>\n\t\t\t\t<\/div>\n\t\t\t\t<div class=\"elementor-element elementor-element-cf58950 elementor-widget elementor-widget-icon-box\" data-id=\"cf58950\" data-element_type=\"widget\" data-e-type=\"widget\" data-widget_type=\"icon-box.default\">\n\t\t\t\t<div class=\"elementor-widget-container\">\n\t\t\t\t\t\t\t<div class=\"elementor-icon-box-wrapper\">\n\n\t\t\t\n\t\t\t\t\t\t<div class=\"elementor-icon-box-content\">\n\n\t\t\t\t\t\t\t\t\t<h3 class=\"elementor-icon-box-title\">\n\t\t\t\t\t\t<span  >\n\t\t\t\t\t\t\tAdres\u0103\t\t\t\t\t\t<\/span>\n\t\t\t\t\t<\/h3>\n\t\t\t\t\n\t\t\t\t\t\t\t\t\t<p class=\"elementor-icon-box-description\">\n\t\t\t\t\t\tDisciplina de Histologie \n<br>\nStr. Gheorghe Marinescu Nr. 38\nT\u00e2rgu Mure\u0219, 540142\nRom\u00e2nia\t\t\t\t\t<\/p>\n\t\t\t\t\n\t\t\t<\/div>\n\t\t\t\n\t\t<\/div>\n\t\t\t\t\t\t<\/div>\n\t\t\t\t<\/div>\n\t\t\t\t<div class=\"elementor-element elementor-element-ada281b elementor-widget elementor-widget-icon-box\" data-id=\"ada281b\" data-element_type=\"widget\" data-e-type=\"widget\" data-widget_type=\"icon-box.default\">\n\t\t\t\t<div class=\"elementor-widget-container\">\n\t\t\t\t\t\t\t<div class=\"elementor-icon-box-wrapper\">\n\n\t\t\t\n\t\t\t\t\t\t<div class=\"elementor-icon-box-content\">\n\n\t\t\t\t\t\t\t\t\t<h3 class=\"elementor-icon-box-title\">\n\t\t\t\t\t\t<span  >\n\t\t\t\t\t\t\tPersoan\u0103 de contact\t\t\t\t\t\t<\/span>\n\t\t\t\t\t<\/h3>\n\t\t\t\t\n\t\t\t\t\t\t\t\t\t<p class=\"elementor-icon-box-description\">\n\t\t\t\t\t\tProf. univ. dr. Angela Borda\t\t\t\t\t<\/p>\n\t\t\t\t\n\t\t\t<\/div>\n\t\t\t\n\t\t<\/div>\n\t\t\t\t\t\t<\/div>\n\t\t\t\t<\/div>\n\t\t\t\t<div class=\"elementor-element elementor-element-9670eb4 elementor-widget elementor-widget-icon-box\" data-id=\"9670eb4\" data-element_type=\"widget\" data-e-type=\"widget\" data-widget_type=\"icon-box.default\">\n\t\t\t\t<div class=\"elementor-widget-container\">\n\t\t\t\t\t\t\t<div class=\"elementor-icon-box-wrapper\">\n\n\t\t\t\n\t\t\t\t\t\t<div class=\"elementor-icon-box-content\">\n\n\t\t\t\t\t\t\t\t\t<h3 class=\"elementor-icon-box-title\">\n\t\t\t\t\t\t<span  >\n\t\t\t\t\t\t\tE-mail\t\t\t\t\t\t<\/span>\n\t\t\t\t\t<\/h3>\n\t\t\t\t\n\t\t\t\t\t\t\t\t\t<p class=\"elementor-icon-box-description\">\n\t\t\t\t\t\thistologie@umfst.ro\t\t\t\t\t<\/p>\n\t\t\t\t\n\t\t\t<\/div>\n\t\t\t\n\t\t<\/div>\n\t\t\t\t\t\t<\/div>\n\t\t\t\t<\/div>\n\t\t\t\t<div class=\"elementor-element elementor-element-3d0976d elementor-widget elementor-widget-icon-box\" data-id=\"3d0976d\" data-element_type=\"widget\" data-e-type=\"widget\" data-widget_type=\"icon-box.default\">\n\t\t\t\t<div class=\"elementor-widget-container\">\n\t\t\t\t\t\t\t<div class=\"elementor-icon-box-wrapper\">\n\n\t\t\t\n\t\t\t\t\t\t<div class=\"elementor-icon-box-content\">\n\n\t\t\t\t\t\t\t\t\t<h3 class=\"elementor-icon-box-title\">\n\t\t\t\t\t\t<span  >\n\t\t\t\t\t\t\tTelefon\t\t\t\t\t\t<\/span>\n\t\t\t\t\t<\/h3>\n\t\t\t\t\n\t\t\t\t\t\t\t\t\t<p class=\"elementor-icon-box-description\">\n\t\t\t\t\t\tTel: +40-265-215.551 interior 191 (Laborator), 180, 152 \t\t\t\t\t<\/p>\n\t\t\t\t\n\t\t\t<\/div>\n\t\t\t\n\t\t<\/div>\n\t\t\t\t\t\t<\/div>\n\t\t\t\t<\/div>\n\t\t\t\t\t<\/div>\n\t\t<\/div>\n\t\t\t\t\t<\/div>\n\t\t<\/section>\n\t\t\t\t\t<\/div>\n\t\t<\/div>\n\t\t\t\t\t<\/div>\n\t\t<\/section>\n\t\t\t\t<\/div>","protected":false},"excerpt":{"rendered":"<p>Colectivul disciplinei \u0218ef de disciplin\u0103Prof. univ. dr. Angela Borda &#8211; CV MembriProf. univ. dr. Andrada Loghin &#8211; CVConf. univ. dr. Nechifor-Boil\u0103 Adela &#8211; CV\u0218ef lucr. dr. Camelia Gliga &#8211; CV\u0218ef lucr. dr. Pataki Simona-Tunde &#8211; CV\u0218ef lucr. dr. Chinezu Laura &#8211; CVAsist. univ. dr. Ramona C\u0103tan\u0103 &#8211; CVAsist. univ. dr. Szasz Emoke-Andrea &#8211; CVAsist. univ. [&hellip;]<\/p>\n","protected":false},"author":14,"featured_media":0,"parent":73,"menu_order":0,"comment_status":"closed","ping_status":"closed","template":"","meta":{"_relevanssi_hide_post":"","_relevanssi_hide_content":"","_relevanssi_pin_for_all":"","_relevanssi_pin_keywords":"","_relevanssi_unpin_keywords":"","_relevanssi_related_keywords":"","_relevanssi_related_include_ids":"","_relevanssi_related_exclude_ids":"","_relevanssi_related_no_append":"","_relevanssi_related_not_related":"","_relevanssi_related_posts":"1","_relevanssi_noindex_reason":"","footnotes":""},"categories":[13,40],"tags":[],"class_list":["post-2840","page","type-page","status-publish","hentry","category-pagina-cu-sidebar","category-pagina-departamente-si-discipline"],"meta_box":[],"_links":{"self":[{"href":"https:\/\/umfst.ro\/facultatea-de-medicina\/hu\/wp-json\/wp\/v2\/pages\/2840","targetHints":{"allow":["GET"]}}],"collection":[{"href":"https:\/\/umfst.ro\/facultatea-de-medicina\/hu\/wp-json\/wp\/v2\/pages"}],"about":[{"href":"https:\/\/umfst.ro\/facultatea-de-medicina\/hu\/wp-json\/wp\/v2\/types\/page"}],"author":[{"embeddable":true,"href":"https:\/\/umfst.ro\/facultatea-de-medicina\/hu\/wp-json\/wp\/v2\/users\/14"}],"replies":[{"embeddable":true,"href":"https:\/\/umfst.ro\/facultatea-de-medicina\/hu\/wp-json\/wp\/v2\/comments?post=2840"}],"version-history":[{"count":73,"href":"https:\/\/umfst.ro\/facultatea-de-medicina\/hu\/wp-json\/wp\/v2\/pages\/2840\/revisions"}],"predecessor-version":[{"id":8798,"href":"https:\/\/umfst.ro\/facultatea-de-medicina\/hu\/wp-json\/wp\/v2\/pages\/2840\/revisions\/8798"}],"up":[{"embeddable":true,"href":"https:\/\/umfst.ro\/facultatea-de-medicina\/hu\/wp-json\/wp\/v2\/pages\/73"}],"wp:attachment":[{"href":"https:\/\/umfst.ro\/facultatea-de-medicina\/hu\/wp-json\/wp\/v2\/media?parent=2840"}],"wp:term":[{"taxonomy":"category","embeddable":true,"href":"https:\/\/umfst.ro\/facultatea-de-medicina\/hu\/wp-json\/wp\/v2\/categories?post=2840"},{"taxonomy":"post_tag","embeddable":true,"href":"https:\/\/umfst.ro\/facultatea-de-medicina\/hu\/wp-json\/wp\/v2\/tags?post=2840"}],"curies":[{"name":"wp","href":"https:\/\/api.w.org\/{rel}","templated":true}]}}