{"id":2874,"date":"2023-06-20T17:51:24","date_gmt":"2023-06-20T14:51:24","guid":{"rendered":"https:\/\/dev.umfst.ro\/facultatea-de-medicina\/?page_id=2874"},"modified":"2025-06-03T14:50:11","modified_gmt":"2025-06-03T11:50:11","slug":"anatomie-patologica","status":"publish","type":"page","link":"https:\/\/umfst.ro\/facultatea-de-medicina\/hu\/departamente-si-discipline\/m1-stiinte-morfologice\/anatomie-patologica\/","title":{"rendered":"Morfopatologie"},"content":{"rendered":"<div data-elementor-type=\"wp-page\" data-elementor-id=\"2874\" class=\"elementor elementor-2874\" data-elementor-post-type=\"page\">\n\t\t\t\t\t\t<section class=\"elementor-section elementor-top-section elementor-element elementor-element-48cfc42 elementor-section-boxed elementor-section-height-default elementor-section-height-default\" data-id=\"48cfc42\" data-element_type=\"section\" data-e-type=\"section\">\n\t\t\t\t\t\t<div class=\"elementor-container elementor-column-gap-default\">\n\t\t\t\t\t<div class=\"elementor-column elementor-col-50 elementor-top-column elementor-element elementor-element-c6e36e0\" data-id=\"c6e36e0\" data-element_type=\"column\" data-e-type=\"column\">\n\t\t\t<div class=\"elementor-widget-wrap elementor-element-populated\">\n\t\t\t\t\t\t<div class=\"elementor-element elementor-element-1c6db5a elementor-widget elementor-widget-text-editor\" data-id=\"1c6db5a\" data-element_type=\"widget\" data-e-type=\"widget\" data-widget_type=\"text-editor.default\">\n\t\t\t\t<div class=\"elementor-widget-container\">\n\t\t\t\t\t\t\t\t\t<h2 role=\"heading\" data-uw-rm-heading=\"level\">Colectivul disciplinei<\/h2><p><strong>\u0218ef disciplin\u0103<br \/><\/strong>Prof. univ. dr. Simona Gurzu &#8211; cadru didactic Medicin\u0103 englez\u0103 &#8211; <a href=\"https:\/\/www.umfst.ro\/fileadmin\/f_medicina\/Cadre_didactice\/2025-2026\/Departament_M1\/Morfopatologie\/Simona Gurzu_CV_site_UMFST.pdf\" data-wplink-url-error=\"true\">CV<\/a><\/p><p><strong>Membri<br \/><\/strong>Prof. univ. dr. Simona Stolnicu &#8211; <a href=\"https:\/\/www.umfst.ro\/fileadmin\/f_medicina\/Cadre_didactice\/2025-2026\/Departament_M1\/Morfopatologie\/Stolnicu Simona_CV_site_UMFST.pdf\" target=\"_blank\" rel=\"noopener\" data-wplink-url-error=\"true\">CV<\/a><br \/>Conf. univ. dr. Horvath Emoke &#8211; <a href=\"https:\/\/www.umfst.ro\/fileadmin\/f_medicina\/Cadre_didactice\/2025-2026\/Departament_M1\/Morfopatologie\/Horvath Emoke_CV_site_UMFST.pdf\" data-wplink-url-error=\"true\">CV<\/a><br \/>Conf. univ. dr. Mezei Tibor &#8211; <a href=\"https:\/\/www.umfst.ro\/fileadmin\/f_medicina\/Cadre_didactice\/2025-2026\/Departament_M1\/Morfopatologie\/Mezei Tibor_CV_site_UMFST.pdf\" data-wplink-url-error=\"true\">CV<\/a><br \/>\u0218ef lucr. dr. Turdean Sabin &#8211; FMLE &#8211; <a href=\"https:\/\/www.umfst.ro\/fileadmin\/f_medicina\/Cadre_didactice\/2025-2026\/Departament_M1\/Morfopatologie\/Sabin Turdean_CV_site_UMFST.pdf\" data-wplink-url-error=\"true\">CV<\/a><br \/>\u0218ef lucr. dr. Kovecsi Attila &#8211; <a href=\"https:\/\/www.umfst.ro\/fileadmin\/f_medicina\/Cadre_didactice\/2025-2026\/Departament_M1\/Morfopatologie\/Kovecsi Attila_CV_site_UMFST.pdf\" data-wplink-url-error=\"true\">CV<\/a><br \/>\u0218ef lucr. dr. Banias Laura &#8211; FMLE &#8211; <a href=\"https:\/\/www.umfst.ro\/fileadmin\/f_medicina\/Cadre_didactice\/2025-2026\/Departament_M1\/Morfopatologie\/Laura Banias_CV_site_UMFST.pdf\" data-wplink-url-error=\"true\">CV<\/a><br \/>Asist. univ. dr. Marius Beleaua &#8211; <a href=\"https:\/\/www.umfst.ro\/fileadmin\/f_medicina\/Cadre_didactice\/2025-2026\/Departament_M1\/Morfopatologie\/Beleaua Marius-Alexandru_CV_site_UMFST.pdf\" data-wplink-url-error=\"true\">CV<\/a><br \/>Asist. univ. drd. Szodorai Rita &#8211; <a href=\"https:\/\/www.umfst.ro\/fileadmin\/f_medicina\/Cadre_didactice\/2025-2026\/Departament_M1\/Morfopatologie\/Szodorai_Rita_CV_site_UMFST.pdf\">CV<\/a><br \/>Asist. univ. drd. Chiciudean Rebeca-Ioana &#8211; FMLE &#8211; <a href=\"https:\/\/www.umfst.ro\/fileadmin\/f_medicina\/Cadre_didactice\/2025-2026\/Departament_M1\/Morfopatologie\/Rebeca Chiciudean_CV_site_UMFST.pdf\" data-wplink-url-error=\"true\">CV<\/a><br \/>Asist. univ. drd. Burlacu Diana &#8211; <a href=\"https:\/\/www.umfst.ro\/fileadmin\/f_medicina\/Cadre_didactice\/2025-2026\/Departament_M1\/Morfopatologie\/Burlacu_Diana_CV_site_UMFST.pdf\">CV<\/a><br \/>Asist. univ. drd. Andrei-Ionu\u021b Patrichi &#8211; <a href=\"https:\/\/www.umfst.ro\/fileadmin\/f_medicina\/Cadre_didactice\/2025-2026\/Departament_M1\/Morfopatologie\/Patrichi_Andrei_CV_site_UMFST.pdf\">CV<\/a><\/p><p>\u00a0<\/p><h4>Personalul didactic auxiliar al disciplinei<\/h4><table width=\"75%\"><tbody><tr><td width=\"12%\"><p><strong>Sz\u00e1m<\/strong><\/p><\/td><td width=\"53%\"><p><strong>Pozi\u021bia \u00een disciplin\u0103<\/strong><\/p><\/td><td width=\"33%\"><p><strong>Nume \u0219i prenume<\/strong><\/p><\/td><\/tr><tr><td width=\"12%\"><p>1.<\/p><\/td><td width=\"53%\"><p>Laborant cu studii superioare \u2013 Centrul de Cercet\u0103ri \u00een Oncopatologie \u0219i Medicin\u0103 Transla\u021bional\u0103 (CCOMT)<\/p><\/td><td width=\"33%\"><p>Rigmayi Genoveva<\/p><\/td><\/tr><\/tbody><\/table>\t\t\t\t\t\t\t\t<\/div>\n\t\t\t\t<\/div>\n\t\t\t\t<div class=\"elementor-element elementor-element-e87fc14 elementor-widget elementor-widget-text-editor\" data-id=\"e87fc14\" data-element_type=\"widget\" data-e-type=\"widget\" data-widget_type=\"text-editor.default\">\n\t\t\t\t<div class=\"elementor-widget-container\">\n\t\t\t\t\t\t\t\t\t<h2>Activitate didactic\u0103<\/h2>\t\t\t\t\t\t\t\t<\/div>\n\t\t\t\t<\/div>\n\t\t\t\t<div class=\"elementor-element elementor-element-0a4e0f3 elementor-widget elementor-widget-jet-accordion\" data-id=\"0a4e0f3\" data-element_type=\"widget\" data-e-type=\"widget\" data-widget_type=\"jet-accordion.default\">\n\t\t\t\t<div class=\"elementor-widget-container\">\n\t\t\t\t\t\t\t\t\t<div class=\"jet-accordion\" data-settings=\"{&quot;collapsible&quot;:false,&quot;ajaxTemplate&quot;:false,&quot;switchScrolling&quot;:false,&quot;switchScrollingTablet&quot;:false,&quot;switchScrollingMobile&quot;:false,&quot;switchScrollingOffset&quot;:{&quot;size&quot;:0,&quot;unit&quot;:&quot;px&quot;},&quot;switchScrollingOffsetTablet&quot;:{&quot;size&quot;:0,&quot;unit&quot;:&quot;px&quot;},&quot;switchScrollingOffsetMobile&quot;:{&quot;size&quot;:0,&quot;unit&quot;:&quot;px&quot;},&quot;switchScrollingDelay&quot;:500,&quot;switchScrollingDelayTablet&quot;:500,&quot;switchScrollingDelayMobile&quot;:500}\">\n\t\t\t<div class=\"jet-accordion__inner\">\n\t\t\t\t<div class=\"jet-accordion__item jet-toggle jet-toggle-move-up-effect\">\n\t\t\t\t\t\t\t<div id=\"jet-toggle-control-1081\" class=\"jet-toggle__control elementor-menu-anchor\" data-toggle=\"1\" role=\"button\" tabindex=\"0\" aria-controls=\"jet-toggle-content-1081\" aria-expanded=\"false\" data-template-id=\"false\">\n\t\t\t\t\t\t\t\t<div class=\"jet-toggle__label-icon jet-toggle-icon-position-right\"><span class=\"jet-toggle__icon icon-normal jet-tabs-icon\"><svg xmlns=\"http:\/\/www.w3.org\/2000\/svg\" viewbox=\"0 0 448 512\"><path d=\"M256 80c0-17.7-14.3-32-32-32s-32 14.3-32 32V224H48c-17.7 0-32 14.3-32 32s14.3 32 32 32H192V432c0 17.7 14.3 32 32 32s32-14.3 32-32V288H400c17.7 0 32-14.3 32-32s-14.3-32-32-32H256V80z\"><\/path><\/svg><\/span><span class=\"jet-toggle__icon icon-active jet-tabs-icon\"><svg xmlns=\"http:\/\/www.w3.org\/2000\/svg\" viewbox=\"0 0 448 512\"><path d=\"M432 256c0 17.7-14.3 32-32 32L48 288c-17.7 0-32-14.3-32-32s14.3-32 32-32l352 0c17.7 0 32 14.3 32 32z\"><\/path><\/svg><\/span><\/div><div class=\"jet-toggle__label-text\">Cursuri pentru studen\u021bi<\/div>\t\t\t\t\t\t\t<\/div>\n\t\t\t\t\t\t\t<div id=\"jet-toggle-content-1081\" class=\"jet-toggle__content\" data-toggle=\"1\" role=\"region\" data-template-id=\"false\">\n\t\t\t\t\t\t\t\t<div class=\"jet-toggle__content-inner\"><p>(materie predat\u0103 \u2013 an, program de studii \u2013 titular de curs )<\/p><ol><li>MG seria 1 \u2013 titular curs: Prof. Dr. Simona Stolnicu \u2013 Luni, 8-10 amfiteatrul I Spital (SCJU)MG seria 2 \u2013 titular curs: Conf. Dr. Mihai Turcu \u2013 Luni, 8-10 amfiteatrul II Spital (SCJU)<\/li><li>MG seria 3 \u2013 titular curs: Prof. Dr. Simona Stolnicu \u2013 Marti, 8-10 amfiteatrul II Spital (SCJU)<\/li><li>MG seria engleza \u2013 titular curs: Prof. Dr. Simona Gurzu- Marti, 8-10 amfiteatrul III Spital (SCJU)<\/li><li>MG seria 4 \u2013 titular curs: Conf. Dr. Horvath Emoke \u2013 Miercuri, 8-10 amfiteatrul III Spital (SCJU)<\/li><li>MG seria 5 \u2013 titular curs: Conf. Dr. Horvath Emoke \u2013 Joi, 8-10 amfiteatrul II Spital (SCJU)<\/li><li>MD seria romana \u2013 titular curs: Sef lucr. Dr. Sabin Turdean \u2013\u00a0Joi, 10-12 sala festiva UMF (bisaptamanal din 28.09.2017)<\/li><li>MD seria maghiara \u2013 titular curs: Sef lucr. Dr. Mezei Tibor \u2013\u00a0Joi, 10-12 sala festiva UMF (bisaptamanal din 05.10.2017)<\/li><li>MD seria engleza \u2013 titular curs: Sef lucr. Dr. Sabin Turdean \u2013\u00a0Luni, 16-18 sala microscopie Anatomie patologica (bisaptamanal din 28.09.2017)<\/li><li>AMG seria romana \u2013\u00a0titular curs: Prof. Dr. Jung Ioan \u2013\u00a0Joi, 10-12 sala Pediatrie<\/li><li>AMG\u00a0seria maghiara \u2013 titular curs: Sef lucr. Dr. Mezei Tibor \u2013\u00a0Luni, 14-16\u00a0\u00a0sala microscopie Anatomie patologica\u00a0<\/li><\/ol><\/div>\n\t\t\t\t\t\t\t<\/div>\n\t\t\t\t\t\t<\/div><div class=\"jet-accordion__item jet-toggle jet-toggle-move-up-effect\">\n\t\t\t\t\t\t\t<div id=\"jet-toggle-control-1082\" class=\"jet-toggle__control elementor-menu-anchor\" data-toggle=\"2\" role=\"button\" tabindex=\"0\" aria-controls=\"jet-toggle-content-1082\" aria-expanded=\"false\" data-template-id=\"false\">\n\t\t\t\t\t\t\t\t<div class=\"jet-toggle__label-icon jet-toggle-icon-position-right\"><span class=\"jet-toggle__icon icon-normal jet-tabs-icon\"><svg xmlns=\"http:\/\/www.w3.org\/2000\/svg\" viewbox=\"0 0 448 512\"><path d=\"M256 80c0-17.7-14.3-32-32-32s-32 14.3-32 32V224H48c-17.7 0-32 14.3-32 32s14.3 32 32 32H192V432c0 17.7 14.3 32 32 32s32-14.3 32-32V288H400c17.7 0 32-14.3 32-32s-14.3-32-32-32H256V80z\"><\/path><\/svg><\/span><span class=\"jet-toggle__icon icon-active jet-tabs-icon\"><svg xmlns=\"http:\/\/www.w3.org\/2000\/svg\" viewbox=\"0 0 448 512\"><path d=\"M432 256c0 17.7-14.3 32-32 32L48 288c-17.7 0-32-14.3-32-32s14.3-32 32-32l352 0c17.7 0 32 14.3 32 32z\"><\/path><\/svg><\/span><\/div><div class=\"jet-toggle__label-text\">Stagii clinice, lucr\u0103ri practice<\/div>\t\t\t\t\t\t\t<\/div>\n\t\t\t\t\t\t\t<div id=\"jet-toggle-content-1082\" class=\"jet-toggle__content\" data-toggle=\"2\" role=\"region\" data-template-id=\"false\">\n\t\t\t\t\t\t\t\t<div class=\"jet-toggle__content-inner\"><\/div>\n\t\t\t\t\t\t\t<\/div>\n\t\t\t\t\t\t<\/div><div class=\"jet-accordion__item jet-toggle jet-toggle-move-up-effect\">\n\t\t\t\t\t\t\t<div id=\"jet-toggle-control-1083\" class=\"jet-toggle__control elementor-menu-anchor\" data-toggle=\"3\" role=\"button\" tabindex=\"0\" aria-controls=\"jet-toggle-content-1083\" aria-expanded=\"false\" data-template-id=\"false\">\n\t\t\t\t\t\t\t\t<div class=\"jet-toggle__label-icon jet-toggle-icon-position-right\"><span class=\"jet-toggle__icon icon-normal jet-tabs-icon\"><svg xmlns=\"http:\/\/www.w3.org\/2000\/svg\" viewbox=\"0 0 448 512\"><path d=\"M256 80c0-17.7-14.3-32-32-32s-32 14.3-32 32V224H48c-17.7 0-32 14.3-32 32s14.3 32 32 32H192V432c0 17.7 14.3 32 32 32s32-14.3 32-32V288H400c17.7 0 32-14.3 32-32s-14.3-32-32-32H256V80z\"><\/path><\/svg><\/span><span class=\"jet-toggle__icon icon-active jet-tabs-icon\"><svg xmlns=\"http:\/\/www.w3.org\/2000\/svg\" viewbox=\"0 0 448 512\"><path d=\"M432 256c0 17.7-14.3 32-32 32L48 288c-17.7 0-32-14.3-32-32s14.3-32 32-32l352 0c17.7 0 32 14.3 32 32z\"><\/path><\/svg><\/span><\/div><div class=\"jet-toggle__label-text\">Manuale \u0219i \u00eendrum\u0103toare de lucr\u0103ri practice<\/div>\t\t\t\t\t\t\t<\/div>\n\t\t\t\t\t\t\t<div id=\"jet-toggle-content-1083\" class=\"jet-toggle__content\" data-toggle=\"3\" role=\"region\" data-template-id=\"false\">\n\t\t\t\t\t\t\t\t<div class=\"jet-toggle__content-inner\"><p>1.Gurzu S, Jung I. Textbook of Iatrogenic Pathology. Ed. Bentham Science Publishers \u2013 Sharjah, UAE. 2017. eISBN (Online): 978-1-68108-514-2. ISBN (Print): 978-1-68108-515-<\/p><p>2. Gurzu S, Jung I. Patologie special\u0103 pentru studen\u0163ii Facult\u0103\u0163ii de Asisten\u0163\u0103 Medical\u0103. University Press T\u00eergu Mure\u015f, 2014. ISBN 978-973-169-3<\/p><p>3. Gurzu S, Jung I. Patologie general\u0103 pentru studen\u0163ii Facult\u0103\u0163ii de Asisten\u0163\u0103 Medical\u0103. University Press T\u00e2rgu Mure\u015f, 2013.\u00a0\u00a0ISBN 978-973-169-214-2.\u00a0<\/p><p>4. Gurzu S,\u00a0Jung I. Compendium of Systemic Pathology. Ed. University Press T\u00e2rgu Mure\u015f, 2012. Cod CNCSIS\u00a0 210. ISBN 978-973-169-176-3. \u00a0<\/p><p>5. Gurzu S,\u00a0Jung I.\u00a0Basic concepts of Pathology. Ed.University Press T\u00e2rgu Mure\u015f, 2011. Cod CNCSIS\u00a0 210. ISBN 978-973-169-167-1. 205 pages.<\/p><p>6. Jung I, Egyed-Zsigmond I, Gurzu S, Hecser L, Mezei T, Pavai Z, Simu G. Sub redactia: Jung I. Tehnica necropsiei anatomopatologice. Ed. University Press T\u00e2rgu Mure\u015f, 2007, ISBN 13 978-973-7665-58-4.\u00a0<\/p><p>7. Jung Ioan (sub redactia). Patologie iatrogen\u0103. Ed. University Press T\u00e2rgu Mure\u015f, 2006, ISBN 973- 7665- 04- X.<\/p><p>8.\u00a0 Patologia tractului genital feminin \u0219i a glandei mamare. Simona Stolnicu, Francisco F. Nogales, University Press, ISBN 978-973-169-031-5, 2008, Cod CNCSIS 210<\/p><p>9. Turcu M, Horvath E, Chira L, Gurzu S. Curs de Anatomie Patologica Generala. UMF T\u00e2rgu Mure\u0219, 2010.<\/p><p>10. Simona Gurzu, Ioan Jung. Introduction in histopathology. University Press T\u00e2rgu Mure\u0219, 2012. Cod CNCSIS\u00a0 210. ISBN 978-973-169-166-4. Format CD.<\/p><\/div>\n\t\t\t\t\t\t\t<\/div>\n\t\t\t\t\t\t<\/div>\t\t\t<\/div>\n\t\t<\/div>\n\t\t\t\t\t\t<\/div>\n\t\t\t\t<\/div>\n\t\t\t\t\t<\/div>\n\t\t<\/div>\n\t\t\t\t<div class=\"elementor-column elementor-col-50 elementor-top-column elementor-element elementor-element-1536191\" data-id=\"1536191\" data-element_type=\"column\" data-e-type=\"column\">\n\t\t\t<div class=\"elementor-widget-wrap elementor-element-populated\">\n\t\t\t\t\t\t<section class=\"elementor-section elementor-inner-section elementor-element elementor-element-3bd45fc elementor-section-boxed elementor-section-height-default elementor-section-height-default\" data-id=\"3bd45fc\" data-element_type=\"section\" data-e-type=\"section\">\n\t\t\t\t\t\t<div class=\"elementor-container elementor-column-gap-default\">\n\t\t\t\t\t<div data-dce-background-color=\"#F2F7FF\" class=\"elementor-column elementor-col-100 elementor-inner-column elementor-element elementor-element-4e82dc4\" data-id=\"4e82dc4\" data-element_type=\"column\" data-e-type=\"column\" data-settings=\"{&quot;background_background&quot;:&quot;classic&quot;}\">\n\t\t\t<div class=\"elementor-widget-wrap elementor-element-populated\">\n\t\t\t\t\t\t<div class=\"elementor-element elementor-element-ae61a19 elementor-widget elementor-widget-heading\" data-id=\"ae61a19\" data-element_type=\"widget\" data-e-type=\"widget\" data-widget_type=\"heading.default\">\n\t\t\t\t<div class=\"elementor-widget-container\">\n\t\t\t\t\t<h5 class=\"elementor-heading-title elementor-size-default\">Contact<\/h5>\t\t\t\t<\/div>\n\t\t\t\t<\/div>\n\t\t\t\t<div class=\"elementor-element elementor-element-764ad8c elementor-widget-divider--view-line elementor-widget elementor-widget-divider\" data-id=\"764ad8c\" data-element_type=\"widget\" data-e-type=\"widget\" data-widget_type=\"divider.default\">\n\t\t\t\t<div class=\"elementor-widget-container\">\n\t\t\t\t\t\t\t<div class=\"elementor-divider\">\n\t\t\t<span class=\"elementor-divider-separator\">\n\t\t\t\t\t\t<\/span>\n\t\t<\/div>\n\t\t\t\t\t\t<\/div>\n\t\t\t\t<\/div>\n\t\t\t\t<div class=\"elementor-element elementor-element-0a01baf elementor-widget elementor-widget-icon-box\" data-id=\"0a01baf\" data-element_type=\"widget\" data-e-type=\"widget\" data-widget_type=\"icon-box.default\">\n\t\t\t\t<div class=\"elementor-widget-container\">\n\t\t\t\t\t\t\t<div class=\"elementor-icon-box-wrapper\">\n\n\t\t\t\n\t\t\t\t\t\t<div class=\"elementor-icon-box-content\">\n\n\t\t\t\t\t\t\t\t\t<h3 class=\"elementor-icon-box-title\">\n\t\t\t\t\t\t<span  >\n\t\t\t\t\t\t\tSec\u021bia clinic\u0103\t\t\t\t\t\t<\/span>\n\t\t\t\t\t<\/h3>\n\t\t\t\t\n\t\t\t\t\t\t\t\t\t<p class=\"elementor-icon-box-description\">\n\t\t\t\t\t\tServiciul Clinic de Anatomie patologic\u0103\t\t\t\t\t<\/p>\n\t\t\t\t\n\t\t\t<\/div>\n\t\t\t\n\t\t<\/div>\n\t\t\t\t\t\t<\/div>\n\t\t\t\t<\/div>\n\t\t\t\t<div class=\"elementor-element elementor-element-0298f1a elementor-widget elementor-widget-icon-box\" data-id=\"0298f1a\" data-element_type=\"widget\" data-e-type=\"widget\" data-widget_type=\"icon-box.default\">\n\t\t\t\t<div class=\"elementor-widget-container\">\n\t\t\t\t\t\t\t<div class=\"elementor-icon-box-wrapper\">\n\n\t\t\t\n\t\t\t\t\t\t<div class=\"elementor-icon-box-content\">\n\n\t\t\t\t\t\t\t\t\t<h3 class=\"elementor-icon-box-title\">\n\t\t\t\t\t\t<span  >\n\t\t\t\t\t\t\tAdres\u0103\t\t\t\t\t\t<\/span>\n\t\t\t\t\t<\/h3>\n\t\t\t\t\n\t\t\t\t\t\t\t\t\t<p class=\"elementor-icon-box-description\">\n\t\t\t\t\t\tSpitalul Clinic Jude\u021bean de Urgen\u021b\u0103 Mure\u0219<\/br>\n540136 T\u00e2rgu-Mure\u0219, Str. Gh. Marinescu 50.\n\t\t\t\t\t<\/p>\n\t\t\t\t\n\t\t\t<\/div>\n\t\t\t\n\t\t<\/div>\n\t\t\t\t\t\t<\/div>\n\t\t\t\t<\/div>\n\t\t\t\t<div class=\"elementor-element elementor-element-a1398d9 elementor-widget elementor-widget-icon-box\" data-id=\"a1398d9\" data-element_type=\"widget\" data-e-type=\"widget\" data-widget_type=\"icon-box.default\">\n\t\t\t\t<div class=\"elementor-widget-container\">\n\t\t\t\t\t\t\t<div class=\"elementor-icon-box-wrapper\">\n\n\t\t\t\n\t\t\t\t\t\t<div class=\"elementor-icon-box-content\">\n\n\t\t\t\t\t\t\t\t\t<h3 class=\"elementor-icon-box-title\">\n\t\t\t\t\t\t<span  >\n\t\t\t\t\t\t\tEmail\t\t\t\t\t\t<\/span>\n\t\t\t\t\t<\/h3>\n\t\t\t\t\n\t\t\t\t\t\t\t\t\t<p class=\"elementor-icon-box-description\">\n\t\t\t\t\t\tsimona.gurzu@umfst.ro\t\t\t\t\t<\/p>\n\t\t\t\t\n\t\t\t<\/div>\n\t\t\t\n\t\t<\/div>\n\t\t\t\t\t\t<\/div>\n\t\t\t\t<\/div>\n\t\t\t\t<div class=\"elementor-element elementor-element-ca68f03 elementor-widget elementor-widget-icon-box\" data-id=\"ca68f03\" data-element_type=\"widget\" data-e-type=\"widget\" data-widget_type=\"icon-box.default\">\n\t\t\t\t<div class=\"elementor-widget-container\">\n\t\t\t\t\t\t\t<div class=\"elementor-icon-box-wrapper\">\n\n\t\t\t\n\t\t\t\t\t\t<div class=\"elementor-icon-box-content\">\n\n\t\t\t\t\t\t\t\t\t<h3 class=\"elementor-icon-box-title\">\n\t\t\t\t\t\t<span  >\n\t\t\t\t\t\t\tTelefon\t\t\t\t\t\t<\/span>\n\t\t\t\t\t<\/h3>\n\t\t\t\t\n\t\t\t\t\t\t\t\t\t<p class=\"elementor-icon-box-description\">\n\t\t\t\t\t\t+40-265-212.111, int. 250\t\t\t\t\t<\/p>\n\t\t\t\t\n\t\t\t<\/div>\n\t\t\t\n\t\t<\/div>\n\t\t\t\t\t\t<\/div>\n\t\t\t\t<\/div>\n\t\t\t\t<div class=\"elementor-element elementor-element-68261e4 elementor-widget elementor-widget-icon-box\" data-id=\"68261e4\" data-element_type=\"widget\" data-e-type=\"widget\" data-widget_type=\"icon-box.default\">\n\t\t\t\t<div class=\"elementor-widget-container\">\n\t\t\t\t\t\t\t<div class=\"elementor-icon-box-wrapper\">\n\n\t\t\t\n\t\t\t\t\t\t<div class=\"elementor-icon-box-content\">\n\n\t\t\t\t\t\t\t\t\t<h3 class=\"elementor-icon-box-title\">\n\t\t\t\t\t\t<span  >\n\t\t\t\t\t\t\tFax\t\t\t\t\t\t<\/span>\n\t\t\t\t\t<\/h3>\n\t\t\t\t\n\t\t\t\t\t\t\t\t\t<p class=\"elementor-icon-box-description\">\n\t\t\t\t\t\t0265-210.933\t\t\t\t\t<\/p>\n\t\t\t\t\n\t\t\t<\/div>\n\t\t\t\n\t\t<\/div>\n\t\t\t\t\t\t<\/div>\n\t\t\t\t<\/div>\n\t\t\t\t\t<\/div>\n\t\t<\/div>\n\t\t\t\t\t<\/div>\n\t\t<\/section>\n\t\t\t\t\t<\/div>\n\t\t<\/div>\n\t\t\t\t\t<\/div>\n\t\t<\/section>\n\t\t\t\t<\/div>","protected":false},"excerpt":{"rendered":"<p>Colectivul disciplinei \u0218ef disciplin\u0103Prof. univ. dr. Simona Gurzu &#8211; cadru didactic Medicin\u0103 englez\u0103 &#8211; CV MembriProf. univ. dr. Simona Stolnicu &#8211; CVConf. univ. dr. Horvath Emoke &#8211; CVConf. univ. dr. Mezei Tibor &#8211; CV\u0218ef lucr. dr. Turdean Sabin &#8211; FMLE &#8211; CV\u0218ef lucr. dr. Kovecsi Attila &#8211; CV\u0218ef lucr. dr. Banias Laura &#8211; FMLE &#8211; [&hellip;]<\/p>\n","protected":false},"author":14,"featured_media":0,"parent":73,"menu_order":0,"comment_status":"closed","ping_status":"closed","template":"","meta":{"_relevanssi_hide_post":"","_relevanssi_hide_content":"","_relevanssi_pin_for_all":"","_relevanssi_pin_keywords":"","_relevanssi_unpin_keywords":"","_relevanssi_related_keywords":"","_relevanssi_related_include_ids":"","_relevanssi_related_exclude_ids":"","_relevanssi_related_no_append":"","_relevanssi_related_not_related":"","_relevanssi_related_posts":"1","_relevanssi_noindex_reason":"","footnotes":""},"categories":[13,40],"tags":[],"class_list":["post-2874","page","type-page","status-publish","hentry","category-pagina-cu-sidebar","category-pagina-departamente-si-discipline"],"meta_box":[],"_links":{"self":[{"href":"https:\/\/umfst.ro\/facultatea-de-medicina\/hu\/wp-json\/wp\/v2\/pages\/2874","targetHints":{"allow":["GET"]}}],"collection":[{"href":"https:\/\/umfst.ro\/facultatea-de-medicina\/hu\/wp-json\/wp\/v2\/pages"}],"about":[{"href":"https:\/\/umfst.ro\/facultatea-de-medicina\/hu\/wp-json\/wp\/v2\/types\/page"}],"author":[{"embeddable":true,"href":"https:\/\/umfst.ro\/facultatea-de-medicina\/hu\/wp-json\/wp\/v2\/users\/14"}],"replies":[{"embeddable":true,"href":"https:\/\/umfst.ro\/facultatea-de-medicina\/hu\/wp-json\/wp\/v2\/comments?post=2874"}],"version-history":[{"count":35,"href":"https:\/\/umfst.ro\/facultatea-de-medicina\/hu\/wp-json\/wp\/v2\/pages\/2874\/revisions"}],"predecessor-version":[{"id":8386,"href":"https:\/\/umfst.ro\/facultatea-de-medicina\/hu\/wp-json\/wp\/v2\/pages\/2874\/revisions\/8386"}],"up":[{"embeddable":true,"href":"https:\/\/umfst.ro\/facultatea-de-medicina\/hu\/wp-json\/wp\/v2\/pages\/73"}],"wp:attachment":[{"href":"https:\/\/umfst.ro\/facultatea-de-medicina\/hu\/wp-json\/wp\/v2\/media?parent=2874"}],"wp:term":[{"taxonomy":"category","embeddable":true,"href":"https:\/\/umfst.ro\/facultatea-de-medicina\/hu\/wp-json\/wp\/v2\/categories?post=2874"},{"taxonomy":"post_tag","embeddable":true,"href":"https:\/\/umfst.ro\/facultatea-de-medicina\/hu\/wp-json\/wp\/v2\/tags?post=2874"}],"curies":[{"name":"wp","href":"https:\/\/api.w.org\/{rel}","templated":true}]}}