{"id":2913,"date":"2023-06-21T16:04:18","date_gmt":"2023-06-21T13:04:18","guid":{"rendered":"https:\/\/dev.umfst.ro\/facultatea-de-medicina\/?page_id=2913"},"modified":"2025-06-04T11:17:12","modified_gmt":"2025-06-04T08:17:12","slug":"etica-si-stiinte-socio-umane","status":"publish","type":"page","link":"https:\/\/umfst.ro\/facultatea-de-medicina\/hu\/departamente-si-discipline\/m2-stiinte-functionale-complementare\/etica-si-stiinte-socio-umane\/","title":{"rendered":"Etic\u0103 \u0219i \u0219tiin\u021be socio\u2013umane"},"content":{"rendered":"<div data-elementor-type=\"wp-page\" data-elementor-id=\"2913\" class=\"elementor elementor-2913\" data-elementor-post-type=\"page\">\n\t\t\t\t\t\t<section class=\"elementor-section elementor-top-section elementor-element elementor-element-613e3cd elementor-section-boxed elementor-section-height-default elementor-section-height-default\" data-id=\"613e3cd\" data-element_type=\"section\" data-e-type=\"section\">\n\t\t\t\t\t\t<div class=\"elementor-container elementor-column-gap-default\">\n\t\t\t\t\t<div class=\"elementor-column elementor-col-50 elementor-top-column elementor-element elementor-element-6d70a4c\" data-id=\"6d70a4c\" data-element_type=\"column\" data-e-type=\"column\">\n\t\t\t<div class=\"elementor-widget-wrap elementor-element-populated\">\n\t\t\t\t\t\t<div class=\"elementor-element elementor-element-55d912a elementor-widget elementor-widget-text-editor\" data-id=\"55d912a\" data-element_type=\"widget\" data-e-type=\"widget\" data-widget_type=\"text-editor.default\">\n\t\t\t\t<div class=\"elementor-widget-container\">\n\t\t\t\t\t\t\t\t\t<h2 role=\"heading\" data-uw-rm-heading=\"level\">Colectivul disciplinei<\/h2><p><strong>\u0218ef disciplin\u0103<br \/><\/strong>Conf. univ. dr. Andreea S\u0103lcudean &#8211;\u00a0<a href=\"https:\/\/www.umfst.ro\/fileadmin\/f_medicina\/Cadre_didactice\/2025-2026\/Departament_M2\/Etica_si_stiinte_socio-umane\/Model_CV_site_UMFST_Andreea_Salcudean_2025.pdf\" target=\"_blank\" rel=\"noopener\" aria-label=\"CV - deschide \u00eentr-o fil\u0103 nou\u0103\" data-uw-rm-ext-link=\"\">CV<\/a><\/p><p><strong>Membri<\/strong><br \/>Asist. univ. Cristina-Raluca Bodo &#8211; <a href=\"https:\/\/www.umfst.ro\/fileadmin\/f_medicina\/Cadre_didactice\/2025-2026\/Departament_M2\/Etica_si_stiinte_socio-umane\/Model_CV_site_UMFST_Bodo_Cristina_Raluca_2025.pdf\" target=\"_blank\" rel=\"noopener\" aria-label=\"CV - deschide \u00eentr-o fil\u0103 nou\u0103\" data-uw-rm-ext-link=\"\">CV<\/a><br \/>Asist. univ. Cimpian Dora-Mihaela &#8211; <a href=\"https:\/\/www.umfst.ro\/fileadmin\/f_medicina\/Cadre_didactice\/2025-2026\/Departament_M2\/Etica_si_stiinte_socio-umane\/Model_CV_site_UMFST_Cimpian_Dora_2025.pdf\">CV<\/a><\/p>\t\t\t\t\t\t\t\t<\/div>\n\t\t\t\t<\/div>\n\t\t\t\t<div class=\"elementor-element elementor-element-86a7c45 elementor-widget elementor-widget-text-editor\" data-id=\"86a7c45\" data-element_type=\"widget\" data-e-type=\"widget\" data-widget_type=\"text-editor.default\">\n\t\t\t\t<div class=\"elementor-widget-container\">\n\t\t\t\t\t\t\t\t\t<h2>Activitate didactic\u0103<\/h2>\t\t\t\t\t\t\t\t<\/div>\n\t\t\t\t<\/div>\n\t\t\t\t<div class=\"elementor-element elementor-element-84ff91c elementor-widget elementor-widget-jet-accordion\" data-id=\"84ff91c\" data-element_type=\"widget\" data-e-type=\"widget\" data-widget_type=\"jet-accordion.default\">\n\t\t\t\t<div class=\"elementor-widget-container\">\n\t\t\t\t\t\t\t\t\t<div class=\"jet-accordion\" data-settings=\"{&quot;collapsible&quot;:false,&quot;ajaxTemplate&quot;:false,&quot;switchScrolling&quot;:false,&quot;switchScrollingTablet&quot;:false,&quot;switchScrollingMobile&quot;:false,&quot;switchScrollingOffset&quot;:{&quot;size&quot;:0,&quot;unit&quot;:&quot;px&quot;},&quot;switchScrollingOffsetTablet&quot;:{&quot;size&quot;:0,&quot;unit&quot;:&quot;px&quot;},&quot;switchScrollingOffsetMobile&quot;:{&quot;size&quot;:0,&quot;unit&quot;:&quot;px&quot;},&quot;switchScrollingDelay&quot;:500,&quot;switchScrollingDelayTablet&quot;:500,&quot;switchScrollingDelayMobile&quot;:500}\">\n\t\t\t<div class=\"jet-accordion__inner\">\n\t\t\t\t<div class=\"jet-accordion__item jet-toggle jet-toggle-move-up-effect\">\n\t\t\t\t\t\t\t<div id=\"jet-toggle-control-1391\" class=\"jet-toggle__control elementor-menu-anchor\" data-toggle=\"1\" role=\"button\" tabindex=\"0\" aria-controls=\"jet-toggle-content-1391\" aria-expanded=\"false\" data-template-id=\"false\">\n\t\t\t\t\t\t\t\t<div class=\"jet-toggle__label-icon jet-toggle-icon-position-right\"><span class=\"jet-toggle__icon icon-normal jet-tabs-icon\"><svg xmlns=\"http:\/\/www.w3.org\/2000\/svg\" viewbox=\"0 0 448 512\"><path d=\"M256 80c0-17.7-14.3-32-32-32s-32 14.3-32 32V224H48c-17.7 0-32 14.3-32 32s14.3 32 32 32H192V432c0 17.7 14.3 32 32 32s32-14.3 32-32V288H400c17.7 0 32-14.3 32-32s-14.3-32-32-32H256V80z\"><\/path><\/svg><\/span><span class=\"jet-toggle__icon icon-active jet-tabs-icon\"><svg xmlns=\"http:\/\/www.w3.org\/2000\/svg\" viewbox=\"0 0 448 512\"><path d=\"M432 256c0 17.7-14.3 32-32 32L48 288c-17.7 0-32-14.3-32-32s14.3-32 32-32l352 0c17.7 0 32 14.3 32 32z\"><\/path><\/svg><\/span><\/div><div class=\"jet-toggle__label-text\">Cursuri pentru studen\u021bi<\/div>\t\t\t\t\t\t\t<\/div>\n\t\t\t\t\t\t\t<div id=\"jet-toggle-content-1391\" class=\"jet-toggle__content\" data-toggle=\"1\" role=\"region\" data-template-id=\"false\">\n\t\t\t\t\t\t\t\t<div class=\"jet-toggle__content-inner\"><ol><li>Conf. univ. Dr. Popa Octavian Cosmin &#8211; \u0218tiin\u021bele comportamentului, Psihologie Medical\u0103 \u0219i Sociologie Medical\u0103, Medicin\u0103 anul II (Facultatea de Medicin\u0103 \u0219i Facultatea de Medicin\u0103 \u00een limba englez\u0103).<\/li><li>Conf. univ. Dr. Popa Octavian Cosmin \u2013 Comunicare medical\u0103, Medicin\u0103 anul I (Facultatea de Medicin\u0103 \u0219i Facultatea de Medicin\u0103 \u00een limba englez\u0103).<\/li><li>Conf. univ. Dr. Popa Octavian Cosmin \u2013 Psihoterapie cognitiv-comportamental\u0103 \u00een bolile cronice, Medicin\u0103 anul III (Facultatea de Medicin\u0103 \u00een limba englez\u0103).<\/li><li>Conf. univ. Dr. Popa Octavian Cosmin \u2013 Comunicare doctor-pacient, Medicin\u0103 anul II (UMFST-UMCH Hamburg).<\/li><li>Conf. univ. Dr. Popa Octavian Cosmin \u2013 Etic\u0103 \u0219i integritate academic\u0103, Medicin\u0103 anul II (Facultatea de Medicin\u0103 \u00een limba englez\u0103).<\/li><li>Conf. univ. Dr. Popa Octavian Cosmin \u2013 Deontologie medical\u0103 \u0219i bioetic\u0103, Medicin\u0103 anul I \u0219i II (Facultatea de Medicin\u0103 \u00een limba englez\u0103 \u0219i UMFST-UMCH Hamburg).<\/li><li>\u0218ef lucr\u0103ri Dr. Csibi S\u00e1ndor &#8211; Comunicare medical\u0103, Medicin\u0103 anul I. (Facultatea de Medicin\u0103, curs LM).<\/li><li>\u0218ef lucr\u0103ri Dr. Csibi S\u00e1ndor &#8211; Deontologie medical\u0103. Bioetic\u0103, Medicin\u0103 anul I. (Facultatea de Medicin\u0103, curs LM).<\/li><li>\u0218ef lucr\u0103ri Dr. Csibi S\u00e1ndor &#8211; Etic\u0103 si integritate academic\u0103, Medicin\u0103 anul II. (Facultatea de Medicin\u0103, curs LM).<\/li><li>\u0218ef lucr\u0103ri Dr. Csibi S\u00e1ndor &#8211; Stiintele comportamentului, Psihologie medicala,Sociologie medicala, Medicin\u0103 anul II. (Facultatea de Medicin\u0103, curs LM).<\/li><li>\u0218ef lucr\u0103ri Dr. Csibi S\u00e1ndor &#8211; Sociologie medical\u0103. \u0218tiin\u021bele comportamentului \u0219i psihologie medical\u0103, AMG anul II. (Facultatea de Medicin\u0103, curs LM).<\/li><li>\u0218ef lucr\u0103ri Dr. Csibi S\u00e1ndor &#8211; Deontologie medical\u0103. Bioetic\u0103, AMG anul II. (Facultatea de Medicin\u0103, curs LM).<\/li><li>\u0218ef lucr\u0103ri Dr. Csibi S\u00e1ndor &#8211; \u0218tiin\u021bele comportamentului. Psihologie medical\u0103, FARMA anul II. (Facultatea de Farmacie, curs LM).<\/li><li>\u0218ef lucr\u0103ri Dr. Csibi S\u00e1ndor &#8211; Comunicare medical\u0103. \u0218tiin\u021bele Sociologie medicala. MD anul I. (Facultatea de Medicin\u0103 Dentar\u0103, curs LM).<\/li><li>\u0218ef lucr\u0103ri Dr. Csibi S\u00e1ndor &#8211; Deontologie medical\u0103. Bioetic\u0103. MD anul I. (Facultatea de Medicin\u0103 Dentar\u0103, curs LM).<\/li><li>\u0218ef lucr\u0103ri Dr. Csibi S\u00e1ndor &#8211; Psihologie medical\u0103. MD anul II. (Facultatea de Medicin\u0103 Dentar\u0103, curs LM).<\/li><\/ol><\/div>\n\t\t\t\t\t\t\t<\/div>\n\t\t\t\t\t\t<\/div><div class=\"jet-accordion__item jet-toggle jet-toggle-move-up-effect\">\n\t\t\t\t\t\t\t<div id=\"jet-toggle-control-1392\" class=\"jet-toggle__control elementor-menu-anchor\" data-toggle=\"2\" role=\"button\" tabindex=\"0\" aria-controls=\"jet-toggle-content-1392\" aria-expanded=\"false\" data-template-id=\"false\">\n\t\t\t\t\t\t\t\t<div class=\"jet-toggle__label-icon jet-toggle-icon-position-right\"><span class=\"jet-toggle__icon icon-normal jet-tabs-icon\"><svg xmlns=\"http:\/\/www.w3.org\/2000\/svg\" viewbox=\"0 0 448 512\"><path d=\"M256 80c0-17.7-14.3-32-32-32s-32 14.3-32 32V224H48c-17.7 0-32 14.3-32 32s14.3 32 32 32H192V432c0 17.7 14.3 32 32 32s32-14.3 32-32V288H400c17.7 0 32-14.3 32-32s-14.3-32-32-32H256V80z\"><\/path><\/svg><\/span><span class=\"jet-toggle__icon icon-active jet-tabs-icon\"><svg xmlns=\"http:\/\/www.w3.org\/2000\/svg\" viewbox=\"0 0 448 512\"><path d=\"M432 256c0 17.7-14.3 32-32 32L48 288c-17.7 0-32-14.3-32-32s14.3-32 32-32l352 0c17.7 0 32 14.3 32 32z\"><\/path><\/svg><\/span><\/div><div class=\"jet-toggle__label-text\">Stagii clinice, lucr\u0103ri practice<\/div>\t\t\t\t\t\t\t<\/div>\n\t\t\t\t\t\t\t<div id=\"jet-toggle-content-1392\" class=\"jet-toggle__content\" data-toggle=\"2\" role=\"region\" data-template-id=\"false\">\n\t\t\t\t\t\t\t\t<div class=\"jet-toggle__content-inner\"><ol><li>Asist. univ. drd. Cojocaru Cristiana-Manuela &#8211; \u0218tiin\u021bele comportamentului, Psihologie Medical\u0103 \u0219i Sociologie Medical\u0103, Medicin\u0103 anul II (Facultatea de Medicin\u0103 \u0219i Facultatea de Medicin\u0103 \u00een limba englez\u0103).<\/li><li>Asist. univ. drd. Cojocaru Cristiana-Manuela \u2013 Comunicare medical\u0103, Medicin\u0103 anul I (Facultatea de Medicin\u0103 \u00een limba englez\u0103).<\/li><li>Asist. univ. drd. Cojocaru Cristiana-Manuela \u2013 Psihoterapie cognitiv-comportamental\u0103 \u00een bolile cronice, Medicin\u0103 anul III (Facultatea de Medicin\u0103 \u00een limba englez\u0103).<\/li><li>Asist. univ. drd. Cojocaru Cristiana-Manuela \u2013 Etic\u0103 \u0219i integritate academic\u0103, Medicin\u0103 anul II (Facultatea de Medicin\u0103 \u00een limba englez\u0103).<\/li><li>Asist. univ. drd. Cojocaru Cristiana-Manuela \u2013 Comunicare doctor-pacient, Medicin\u0103 anul II (UMFST-UMCH Hamburg).<\/li><li>Asist. univ. drd. Cristina Bodo \u0218tiin\u021bele comportamentului, Psihologie Medical\u0103 \u0219i Sociologie Medical\u0103, Medicin\u0103 anul II (Facultatea de Medicin\u0103).<\/li><li>Asist. univ. drd. Cristina Bodo \u2013 Bioetic\u0103 \u0219i Deontologie Medical\u0103, Medicin\u0103 anul II (Facultatea de Medicin\u0103).<\/li><\/ol><p style=\"margin-top: 0cm;background: white\"><strong><span style=\"font-family: 'Arial',sans-serif;color: #0f0f0f\">\u00a0<\/span><\/strong><\/p><p style=\"margin-top: 0cm;background: white\">\u00a0<\/p><\/div>\n\t\t\t\t\t\t\t<\/div>\n\t\t\t\t\t\t<\/div><div class=\"jet-accordion__item jet-toggle jet-toggle-move-up-effect\">\n\t\t\t\t\t\t\t<div id=\"jet-toggle-control-1393\" class=\"jet-toggle__control elementor-menu-anchor\" data-toggle=\"3\" role=\"button\" tabindex=\"0\" aria-controls=\"jet-toggle-content-1393\" aria-expanded=\"false\" data-template-id=\"false\">\n\t\t\t\t\t\t\t\t<div class=\"jet-toggle__label-icon jet-toggle-icon-position-right\"><span class=\"jet-toggle__icon icon-normal jet-tabs-icon\"><svg xmlns=\"http:\/\/www.w3.org\/2000\/svg\" viewbox=\"0 0 448 512\"><path d=\"M256 80c0-17.7-14.3-32-32-32s-32 14.3-32 32V224H48c-17.7 0-32 14.3-32 32s14.3 32 32 32H192V432c0 17.7 14.3 32 32 32s32-14.3 32-32V288H400c17.7 0 32-14.3 32-32s-14.3-32-32-32H256V80z\"><\/path><\/svg><\/span><span class=\"jet-toggle__icon icon-active jet-tabs-icon\"><svg xmlns=\"http:\/\/www.w3.org\/2000\/svg\" viewbox=\"0 0 448 512\"><path d=\"M432 256c0 17.7-14.3 32-32 32L48 288c-17.7 0-32-14.3-32-32s14.3-32 32-32l352 0c17.7 0 32 14.3 32 32z\"><\/path><\/svg><\/span><\/div><div class=\"jet-toggle__label-text\">Manuale \u0219i \u00eendrum\u0103toare de lucr\u0103ri practice<\/div>\t\t\t\t\t\t\t<\/div>\n\t\t\t\t\t\t\t<div id=\"jet-toggle-content-1393\" class=\"jet-toggle__content\" data-toggle=\"3\" role=\"region\" data-template-id=\"false\">\n\t\t\t\t\t\t\t\t<div class=\"jet-toggle__content-inner\"><p>Popa O.C., Lee C.W., Rus V.A. (2020) <em>New approaches in behavioral sciences<\/em>, Editura University Press: T\u00e2rgu-Mure\u0219.<\/p><\/div>\n\t\t\t\t\t\t\t<\/div>\n\t\t\t\t\t\t<\/div>\t\t\t<\/div>\n\t\t<\/div>\n\t\t\t\t\t\t<\/div>\n\t\t\t\t<\/div>\n\t\t\t\t\t<\/div>\n\t\t<\/div>\n\t\t\t\t<div class=\"elementor-column elementor-col-50 elementor-top-column elementor-element elementor-element-68c4a36\" data-id=\"68c4a36\" data-element_type=\"column\" data-e-type=\"column\">\n\t\t\t<div class=\"elementor-widget-wrap elementor-element-populated\">\n\t\t\t\t\t\t<section class=\"elementor-section elementor-inner-section elementor-element elementor-element-ea67e0f elementor-section-boxed elementor-section-height-default elementor-section-height-default\" data-id=\"ea67e0f\" data-element_type=\"section\" data-e-type=\"section\">\n\t\t\t\t\t\t<div class=\"elementor-container elementor-column-gap-default\">\n\t\t\t\t\t<div data-dce-background-color=\"#F2F7FF\" class=\"elementor-column elementor-col-100 elementor-inner-column elementor-element elementor-element-becfb1e\" data-id=\"becfb1e\" data-element_type=\"column\" data-e-type=\"column\" data-settings=\"{&quot;background_background&quot;:&quot;classic&quot;}\">\n\t\t\t<div class=\"elementor-widget-wrap elementor-element-populated\">\n\t\t\t\t\t\t<div class=\"elementor-element elementor-element-500ab98 elementor-widget elementor-widget-heading\" data-id=\"500ab98\" data-element_type=\"widget\" data-e-type=\"widget\" data-widget_type=\"heading.default\">\n\t\t\t\t<div class=\"elementor-widget-container\">\n\t\t\t\t\t<h5 class=\"elementor-heading-title elementor-size-default\">Contact<\/h5>\t\t\t\t<\/div>\n\t\t\t\t<\/div>\n\t\t\t\t<div class=\"elementor-element elementor-element-78cc489 elementor-widget-divider--view-line elementor-widget elementor-widget-divider\" data-id=\"78cc489\" data-element_type=\"widget\" data-e-type=\"widget\" data-widget_type=\"divider.default\">\n\t\t\t\t<div class=\"elementor-widget-container\">\n\t\t\t\t\t\t\t<div class=\"elementor-divider\">\n\t\t\t<span class=\"elementor-divider-separator\">\n\t\t\t\t\t\t<\/span>\n\t\t<\/div>\n\t\t\t\t\t\t<\/div>\n\t\t\t\t<\/div>\n\t\t\t\t<div class=\"elementor-element elementor-element-61a1de9 elementor-widget elementor-widget-icon-box\" data-id=\"61a1de9\" data-element_type=\"widget\" data-e-type=\"widget\" data-widget_type=\"icon-box.default\">\n\t\t\t\t<div class=\"elementor-widget-container\">\n\t\t\t\t\t\t\t<div class=\"elementor-icon-box-wrapper\">\n\n\t\t\t\n\t\t\t\t\t\t<div class=\"elementor-icon-box-content\">\n\n\t\t\t\t\t\t\t\t\t<h3 class=\"elementor-icon-box-title\">\n\t\t\t\t\t\t<span  >\n\t\t\t\t\t\t\tAdres\u0103\t\t\t\t\t\t<\/span>\n\t\t\t\t\t<\/h3>\n\t\t\t\t\n\t\t\t\t\t\t\t\t\t<p class=\"elementor-icon-box-description\">\n\t\t\t\t\t\tStr. Gheorghe Marinescu Nr. 38\nT\u00e2rgu Mure\u0219, 540139\nRom\u00e2nia\t\t\t\t\t<\/p>\n\t\t\t\t\n\t\t\t<\/div>\n\t\t\t\n\t\t<\/div>\n\t\t\t\t\t\t<\/div>\n\t\t\t\t<\/div>\n\t\t\t\t<div class=\"elementor-element elementor-element-b1f486e elementor-widget elementor-widget-icon-box\" data-id=\"b1f486e\" data-element_type=\"widget\" data-e-type=\"widget\" data-widget_type=\"icon-box.default\">\n\t\t\t\t<div class=\"elementor-widget-container\">\n\t\t\t\t\t\t\t<div class=\"elementor-icon-box-wrapper\">\n\n\t\t\t\n\t\t\t\t\t\t<div class=\"elementor-icon-box-content\">\n\n\t\t\t\t\t\t\t\t\t<h3 class=\"elementor-icon-box-title\">\n\t\t\t\t\t\t<span  >\n\t\t\t\t\t\t\tPersoan\u0103 de contact\t\t\t\t\t\t<\/span>\n\t\t\t\t\t<\/h3>\n\t\t\t\t\n\t\t\t\t\t\t\t\t\t<p class=\"elementor-icon-box-description\">\n\t\t\t\t\t\tConf. univ. dr. Popa Octavian Cosmin\t\t\t\t\t<\/p>\n\t\t\t\t\n\t\t\t<\/div>\n\t\t\t\n\t\t<\/div>\n\t\t\t\t\t\t<\/div>\n\t\t\t\t<\/div>\n\t\t\t\t<div class=\"elementor-element elementor-element-58237cf elementor-widget elementor-widget-icon-box\" data-id=\"58237cf\" data-element_type=\"widget\" data-e-type=\"widget\" data-widget_type=\"icon-box.default\">\n\t\t\t\t<div class=\"elementor-widget-container\">\n\t\t\t\t\t\t\t<div class=\"elementor-icon-box-wrapper\">\n\n\t\t\t\n\t\t\t\t\t\t<div class=\"elementor-icon-box-content\">\n\n\t\t\t\t\t\t\t\t\t<h3 class=\"elementor-icon-box-title\">\n\t\t\t\t\t\t<span  >\n\t\t\t\t\t\t\tE-mail\t\t\t\t\t\t<\/span>\n\t\t\t\t\t<\/h3>\n\t\t\t\t\n\t\t\t\t\t\t\t\t\t<p class=\"elementor-icon-box-description\">\n\t\t\t\t\t\tandreea.salcudean@umfst.ro\t\t\t\t\t<\/p>\n\t\t\t\t\n\t\t\t<\/div>\n\t\t\t\n\t\t<\/div>\n\t\t\t\t\t\t<\/div>\n\t\t\t\t<\/div>\n\t\t\t\t<div class=\"elementor-element elementor-element-28fa0fa elementor-widget elementor-widget-icon-box\" data-id=\"28fa0fa\" data-element_type=\"widget\" data-e-type=\"widget\" data-widget_type=\"icon-box.default\">\n\t\t\t\t<div class=\"elementor-widget-container\">\n\t\t\t\t\t\t\t<div class=\"elementor-icon-box-wrapper\">\n\n\t\t\t\n\t\t\t\t\t\t<div class=\"elementor-icon-box-content\">\n\n\t\t\t\t\t\t\t\t\t<h3 class=\"elementor-icon-box-title\">\n\t\t\t\t\t\t<span  >\n\t\t\t\t\t\t\tTelefon\t\t\t\t\t\t<\/span>\n\t\t\t\t\t<\/h3>\n\t\t\t\t\n\t\t\t\t\t\t\t\t\t<p class=\"elementor-icon-box-description\">\n\t\t\t\t\t\t+40-265-215.551, int. 108\t\t\t\t\t<\/p>\n\t\t\t\t\n\t\t\t<\/div>\n\t\t\t\n\t\t<\/div>\n\t\t\t\t\t\t<\/div>\n\t\t\t\t<\/div>\n\t\t\t\t\t<\/div>\n\t\t<\/div>\n\t\t\t\t\t<\/div>\n\t\t<\/section>\n\t\t\t\t\t<\/div>\n\t\t<\/div>\n\t\t\t\t\t<\/div>\n\t\t<\/section>\n\t\t\t\t<\/div>","protected":false},"excerpt":{"rendered":"<p>Colectivul disciplinei \u0218ef disciplin\u0103Conf. univ. dr. Andreea S\u0103lcudean &#8211;\u00a0CV MembriAsist. univ. Cristina-Raluca Bodo &#8211; CVAsist. univ. Cimpian Dora-Mihaela &#8211; CV Activitate didactic\u0103 Cursuri pentru studen\u021bi Conf. univ. Dr. Popa Octavian Cosmin &#8211; \u0218tiin\u021bele comportamentului, Psihologie Medical\u0103 \u0219i Sociologie Medical\u0103, Medicin\u0103 anul II (Facultatea de Medicin\u0103 \u0219i Facultatea de Medicin\u0103 \u00een limba englez\u0103). Conf. univ. Dr. [&hellip;]<\/p>\n","protected":false},"author":14,"featured_media":0,"parent":150,"menu_order":0,"comment_status":"closed","ping_status":"closed","template":"","meta":{"_relevanssi_hide_post":"","_relevanssi_hide_content":"","_relevanssi_pin_for_all":"","_relevanssi_pin_keywords":"","_relevanssi_unpin_keywords":"","_relevanssi_related_keywords":"","_relevanssi_related_include_ids":"","_relevanssi_related_exclude_ids":"","_relevanssi_related_no_append":"","_relevanssi_related_not_related":"","_relevanssi_related_posts":"1","_relevanssi_noindex_reason":"","footnotes":""},"categories":[13,40],"tags":[],"class_list":["post-2913","page","type-page","status-publish","hentry","category-pagina-cu-sidebar","category-pagina-departamente-si-discipline"],"meta_box":[],"_links":{"self":[{"href":"https:\/\/umfst.ro\/facultatea-de-medicina\/hu\/wp-json\/wp\/v2\/pages\/2913","targetHints":{"allow":["GET"]}}],"collection":[{"href":"https:\/\/umfst.ro\/facultatea-de-medicina\/hu\/wp-json\/wp\/v2\/pages"}],"about":[{"href":"https:\/\/umfst.ro\/facultatea-de-medicina\/hu\/wp-json\/wp\/v2\/types\/page"}],"author":[{"embeddable":true,"href":"https:\/\/umfst.ro\/facultatea-de-medicina\/hu\/wp-json\/wp\/v2\/users\/14"}],"replies":[{"embeddable":true,"href":"https:\/\/umfst.ro\/facultatea-de-medicina\/hu\/wp-json\/wp\/v2\/comments?post=2913"}],"version-history":[{"count":63,"href":"https:\/\/umfst.ro\/facultatea-de-medicina\/hu\/wp-json\/wp\/v2\/pages\/2913\/revisions"}],"predecessor-version":[{"id":8392,"href":"https:\/\/umfst.ro\/facultatea-de-medicina\/hu\/wp-json\/wp\/v2\/pages\/2913\/revisions\/8392"}],"up":[{"embeddable":true,"href":"https:\/\/umfst.ro\/facultatea-de-medicina\/hu\/wp-json\/wp\/v2\/pages\/150"}],"wp:attachment":[{"href":"https:\/\/umfst.ro\/facultatea-de-medicina\/hu\/wp-json\/wp\/v2\/media?parent=2913"}],"wp:term":[{"taxonomy":"category","embeddable":true,"href":"https:\/\/umfst.ro\/facultatea-de-medicina\/hu\/wp-json\/wp\/v2\/categories?post=2913"},{"taxonomy":"post_tag","embeddable":true,"href":"https:\/\/umfst.ro\/facultatea-de-medicina\/hu\/wp-json\/wp\/v2\/tags?post=2913"}],"curies":[{"name":"wp","href":"https:\/\/api.w.org\/{rel}","templated":true}]}}