{"id":2927,"date":"2023-06-21T16:31:58","date_gmt":"2023-06-21T13:31:58","guid":{"rendered":"https:\/\/dev.umfst.ro\/facultatea-de-medicina\/?page_id=2927"},"modified":"2025-11-07T11:08:59","modified_gmt":"2025-11-07T09:08:59","slug":"fiziologie-2","status":"publish","type":"page","link":"https:\/\/umfst.ro\/facultatea-de-medicina\/hu\/departamente-si-discipline\/m2-stiinte-functionale-complementare\/fiziologie-2\/","title":{"rendered":"\u00c9lettan"},"content":{"rendered":"<div data-elementor-type=\"wp-page\" data-elementor-id=\"2927\" class=\"elementor elementor-2927\" data-elementor-post-type=\"page\">\n\t\t\t\t\t\t<section class=\"elementor-section elementor-top-section elementor-element elementor-element-7a83ac91 elementor-section-boxed elementor-section-height-default elementor-section-height-default\" data-id=\"7a83ac91\" data-element_type=\"section\" data-e-type=\"section\">\n\t\t\t\t\t\t<div class=\"elementor-container elementor-column-gap-default\">\n\t\t\t\t\t<div class=\"elementor-column elementor-col-50 elementor-top-column elementor-element elementor-element-3e42cb35\" data-id=\"3e42cb35\" data-element_type=\"column\" data-e-type=\"column\">\n\t\t\t<div class=\"elementor-widget-wrap elementor-element-populated\">\n\t\t\t\t\t\t<div class=\"elementor-element elementor-element-ee487bc elementor-widget elementor-widget-text-editor\" data-id=\"ee487bc\" data-element_type=\"widget\" data-e-type=\"widget\" data-widget_type=\"text-editor.default\">\n\t\t\t\t<div class=\"elementor-widget-container\">\n\t\t\t\t\t\t\t\t\t<h2>Colectivul disciplinei<\/h2><p><strong>\u0218ef de disciplin\u0103<br \/><\/strong>Prof. univ. dr. Alina Scridon &#8211; <a href=\"https:\/\/www.umfst.ro\/fileadmin\/f_medicina\/Cadre_didactice\/2025-2026\/Departament_M2\/Fiziologie\/1.CV_Scridon_A.pdf\" target=\"_blank\" rel=\"noopener\">CV<\/a><\/p><p><strong>Membri<br \/><\/strong>Prof. univ. dr. Dan Dobreanu &#8211; <a href=\"https:\/\/www.umfst.ro\/fileadmin\/f_medicina\/Cadre_didactice\/2025-2026\/Departament_M2\/Fiziologie\/2.CV_Dobreanu_D.pdf\" target=\"_blank\" rel=\"noopener\">CV<\/a><br \/>Prof. univ. dr. Szilagyi Tibor &#8211; <a href=\"https:\/\/www.umfst.ro\/fileadmin\/f_medicina\/Cadre_didactice\/2025-2026\/Departament_M2\/Fiziologie\/3.CV_Szilagy_T.pdf\" target=\"_blank\" rel=\"noopener\">CV<\/a><br \/>Conf. univ. dr. Orban-Kis Karoly &#8211; <a href=\"https:\/\/www.umfst.ro\/fileadmin\/f_medicina\/Cadre_didactice\/2025-2026\/Departament_M2\/Fiziologie\/4.CV_Orban-Kiss_K.pdf\" target=\"_blank\" rel=\"noopener\">CV<\/a><br \/>\u0218ef lucr. dr. Marcel Perian &#8211; <a href=\"https:\/\/www.umfst.ro\/fileadmin\/f_medicina\/Cadre_didactice\/2025-2026\/Departament_M2\/Fiziologie\/5.CV_Perian_M.pdf\" target=\"_blank\" rel=\"noopener\">CV<\/a><br \/>\u0218ef lucr. dr. Metz Erzsebet-Julia &#8211; <a href=\"https:\/\/www.umfst.ro\/fileadmin\/f_medicina\/Cadre_didactice\/2025-2026\/Departament_M2\/Fiziologie\/6.CV_Metz_J.pdf\">CV<\/a><br \/>\u0218ef lucr. dr. \u0218tefan-Adrian Martin &#8211; <a href=\"https:\/\/www.umfst.ro\/fileadmin\/f_medicina\/Cadre_didactice\/2025-2026\/Departament_M2\/Fiziologie\/7.CV_Martin_SA.pdf\" target=\"_blank\" rel=\"noopener\">CV<\/a><br \/>\u0218ef lucr. dr. Vasile-Bogdan Hala\u021biu &#8211; <a href=\"https:\/\/www.umfst.ro\/fileadmin\/f_medicina\/Cadre_didactice\/2025-2026\/Departament_M2\/Fiziologie\/8.CV_Hala\u021biu_VB.pdf\" target=\"_blank\" rel=\"noopener\">CV<\/a><br \/>Asist. univ. dr. Mihail-Gheorghe Gliga &#8211; <a href=\"https:\/\/www.umfst.ro\/fileadmin\/f_medicina\/Cadre_didactice\/2025-2026\/Departament_M2\/Fiziologie\/9.CV_Gliga_MG.pdf\" target=\"_blank\" rel=\"noopener\">CV<\/a><br \/>Asist. univ. dr. Kiss Rita Judit &#8211; <a href=\"https:\/\/www.umfst.ro\/fileadmin\/f_medicina\/Cadre_didactice\/2025-2026\/Departament_M2\/Fiziologie\/10.CV_Kiss_RJ.pdf\">CV<\/a><br \/>Asist. univ. dr. Nyulas Tiberiu &#8211; <a href=\"https:\/\/www.umfst.ro\/fileadmin\/f_medicina\/Cadre_didactice\/2025-2026\/Departament_M2\/Fiziologie\/11.CV_Nyulas_T.pdf\" target=\"_blank\" rel=\"noopener\">CV<\/a><br \/>Asist. univ. dr. Milosteanu Oltea-Miruna &#8211; <a href=\"https:\/\/www.umfst.ro\/fileadmin\/f_medicina\/Cadre_didactice\/2025-2026\/Departament_M2\/Fiziologie\/CV_UMFST_Miruna_Milosteanu.pdf\" target=\"_blank\" rel=\"noopener\">CV<\/a><br \/>Asist. univ. drd. Kelemen Krisztina &#8211; <a href=\"https:\/\/www.umfst.ro\/fileadmin\/f_medicina\/Cadre_didactice\/2025-2026\/Departament_M2\/Fiziologie\/12.CV_Kelemen_K.pdf\" target=\"_blank\" rel=\"noopener\">CV<\/a><br \/>Asist. univ. drd. Cozac Dan Alexandru &#8211; <a href=\"https:\/\/www.umfst.ro\/fileadmin\/f_medicina\/Cadre_didactice\/2025-2026\/Departament_M2\/Fiziologie\/13.CV_Cozac_DA.pdf\">CV<\/a><\/p><h5>Personalul didactic auxiliar al disciplinei<\/h5><table width=\"75%\"><tbody><tr><td width=\"12%\"><p><strong>Sz\u00e1m<\/strong><\/p><\/td><td width=\"53%\"><p><strong>Pozi\u021bia \u00een disciplin\u0103<\/strong><\/p><\/td><td width=\"33%\"><p><strong>Nume \u0219i prenume<\/strong><\/p><\/td><\/tr><tr><td width=\"12%\"><p>1.<\/p><\/td><td width=\"53%\"><p>Laborant<\/p><\/td><td width=\"33%\"><p>Ogrean Claudia<\/p><\/td><\/tr><tr><td width=\"12%\"><p>2.<\/p><\/td><td width=\"53%\"><p>Laborant<\/p><\/td><td width=\"33%\"><p>Szarka Andreea<\/p><\/td><\/tr><tr><td width=\"12%\"><p>3.<\/p><\/td><td width=\"53%\"><p>Operator baze de date<\/p><\/td><td width=\"33%\"><p>Precup Ioan<\/p><\/td><\/tr><\/tbody><\/table>\t\t\t\t\t\t\t\t<\/div>\n\t\t\t\t<\/div>\n\t\t\t\t<div class=\"elementor-element elementor-element-1082683 elementor-widget elementor-widget-text-editor\" data-id=\"1082683\" data-element_type=\"widget\" data-e-type=\"widget\" data-widget_type=\"text-editor.default\">\n\t\t\t\t<div class=\"elementor-widget-container\">\n\t\t\t\t\t\t\t\t\t<h2>Activitate didactic\u0103<\/h2>\t\t\t\t\t\t\t\t<\/div>\n\t\t\t\t<\/div>\n\t\t\t\t<div class=\"elementor-element elementor-element-84ff91c elementor-widget elementor-widget-jet-accordion\" data-id=\"84ff91c\" data-element_type=\"widget\" data-e-type=\"widget\" data-widget_type=\"jet-accordion.default\">\n\t\t\t\t<div class=\"elementor-widget-container\">\n\t\t\t\t\t\t\t\t\t<div class=\"jet-accordion\" data-settings=\"{&quot;collapsible&quot;:false,&quot;ajaxTemplate&quot;:false,&quot;switchScrolling&quot;:false,&quot;switchScrollingTablet&quot;:false,&quot;switchScrollingMobile&quot;:false,&quot;switchScrollingOffset&quot;:{&quot;size&quot;:0,&quot;unit&quot;:&quot;px&quot;},&quot;switchScrollingOffsetTablet&quot;:{&quot;size&quot;:0,&quot;unit&quot;:&quot;px&quot;},&quot;switchScrollingOffsetMobile&quot;:{&quot;size&quot;:0,&quot;unit&quot;:&quot;px&quot;},&quot;switchScrollingDelay&quot;:500,&quot;switchScrollingDelayTablet&quot;:500,&quot;switchScrollingDelayMobile&quot;:500}\">\n\t\t\t<div class=\"jet-accordion__inner\">\n\t\t\t\t<div class=\"jet-accordion__item jet-toggle jet-toggle-move-up-effect\">\n\t\t\t\t\t\t\t<div id=\"jet-toggle-control-1391\" class=\"jet-toggle__control elementor-menu-anchor\" data-toggle=\"1\" role=\"button\" tabindex=\"0\" aria-controls=\"jet-toggle-content-1391\" aria-expanded=\"false\" data-template-id=\"false\">\n\t\t\t\t\t\t\t\t<div class=\"jet-toggle__label-icon jet-toggle-icon-position-right\"><span class=\"jet-toggle__icon icon-normal jet-tabs-icon\"><svg xmlns=\"http:\/\/www.w3.org\/2000\/svg\" viewbox=\"0 0 448 512\"><path d=\"M256 80c0-17.7-14.3-32-32-32s-32 14.3-32 32V224H48c-17.7 0-32 14.3-32 32s14.3 32 32 32H192V432c0 17.7 14.3 32 32 32s32-14.3 32-32V288H400c17.7 0 32-14.3 32-32s-14.3-32-32-32H256V80z\"><\/path><\/svg><\/span><span class=\"jet-toggle__icon icon-active jet-tabs-icon\"><svg xmlns=\"http:\/\/www.w3.org\/2000\/svg\" viewbox=\"0 0 448 512\"><path d=\"M432 256c0 17.7-14.3 32-32 32L48 288c-17.7 0-32-14.3-32-32s14.3-32 32-32l352 0c17.7 0 32 14.3 32 32z\"><\/path><\/svg><\/span><\/div><div class=\"jet-toggle__label-text\">Cursuri pentru studen\u021bi<\/div>\t\t\t\t\t\t\t<\/div>\n\t\t\t\t\t\t\t<div id=\"jet-toggle-content-1391\" class=\"jet-toggle__content\" data-toggle=\"1\" role=\"region\" data-template-id=\"false\">\n\t\t\t\t\t\t\t\t<div class=\"jet-toggle__content-inner\"><ol><li>Fiziologia s\u00e2ngelui \u0219i a sistemului respirator \u2013 Anul I, Medicin\u0103 General\u0103, limba de predare rom\u00e2n\u0103 \u2013 Sef. lucr. dr. Marcel Perian<\/li><li>Fiziologia s\u00e2ngelui \u0219i a sistemului respirator \u2013 Anul I, Medicin\u0103 General\u0103, limba de predare maghiar\u0103 \u2013Conf. univ. dr. K\u00e1roly Orb\u00e1n-Kis<\/li><li>Fiziologia cardiovascular\u0103 \u0219i a sistemului renal \u2013 Anul II, Medicin\u0103 General\u0103, limba de predare rom\u00e2n\u0103 \u2013 Prof. univ. dr. Dan Dobreanu, Prof. univ. dr. Alina \u0218erban<\/li><li>Fiziologia cardiovascular\u0103 \u0219i a sistemului renal \u2013 Anul II, Medicin\u0103 General\u0103, limba de predare maghiar\u0103 \u2013 Prof. univ. dr. Tibor Szil\u00e1gyi<\/li><li>Fiziologia sistemelor nervos, endocrin \u0219i gastrointestinal \u2013 Anul II, Medicin\u0103 General\u0103, limba de predare rom\u00e2n\u0103 \u2013 Conf. univ. dr. Adriana Habor<\/li><li>Fiziologia sistemelor nervos, endocrin \u0219i gastrointestinal \u2013 Anul II, Medicin\u0103 General\u0103, limba de predare maghiar\u0103 \u2013 Prof. univ. dr. Tibor Szil\u00e1gyi<\/li><li>Fiziologia s\u00e2ngelui \u0219i a sistemului respirator \u2013 Anul I, Medicin\u0103 General\u0103 Englez\u0103 \u2013 Sef. lucr. dr.. dr. Erzs\u00e9bet J\u00falia Metz<\/li><li>Fiziologia cardiovascular\u0103 \u0219i a sistemului renal \u2013 Anul II, Medicin\u0103 General\u0103 Englez\u0103 \u2013 Prof. univ. dr. Alina \u0218erban<\/li><li>Fiziologia sistemelor nervos, endocrin \u0219i gastrointestinal \u2013 Anul II, Medicin\u0103 General\u0103 Englez\u0103 \u2013 Prof. univ. dr. Tibor Szil\u00e1gyi<\/li><li>Fiziologie \u2013 Anul I, Medicin\u0103 Dentar\u0103, limba de predare rom\u00e2n\u0103 \u2013 Asist. Univ. dr. Mihai Gliga<\/li><li>Fiziologie \u2013 Anul I, Medicin\u0103 Dentar\u0103, limba de predare maghiar\u0103 \u2013 Prof. univ. dr. Tibor Szil\u00e1gyi<\/li><li>Fiziologie \u2013 Anul I, Medicin\u0103 Dentar\u0103, limba de predare englez\u0103 \u2013 Sef. lucr. dr.. dr. Erzs\u00e9bet J\u00falia Metz<\/li><li>Fiziologie \u2013 Anul I, Farmacie, limba de predare rom\u00e2n\u0103 \u2013 Sef. lucr. dr. Marcel Perian<\/li><li>Fiziologie \u2013 Anul I, Farmacie, limba de predare maghiar\u0103 \u2013 Conf. univ. dr. K\u00e1roly Orb\u00e1n-Kis<\/li><li>FIZIOLOGIE \u2013 Anul I, Asisten\u021b\u0103 Medical\u0103 General\u0103, limba de predare rom\u00e2n\u0103 \u2013 Conf. univ. dr. Adriana Habor<\/li><li>Fiziologie \u2013 Anul I, Asisten\u021b\u0103 Medical\u0103 General\u0103, limba de predare maghiar\u0103 \u2013 Sef. lucr. dr. Erzs\u00e9bet J\u00falia Metz<\/li><li>Fiziologie general\u0103 \u2013 Anul II, Balneofiziokinetoterapie \u2013 Asist. univ. dr. Sorin Albu<\/li><li>Fiziologie general\u0103 \u2013 Anul II, Educa\u021bie fizic\u0103 \u0219i Sport \u2013 Asist. univ. dr. Sorin Albu<\/li><li>Ergofiziologie \u2013 Anul II, Balneofiziokinetoterapie \u2013 Sef. lucr. dr. Marcel Perian<\/li><li>Ergofiziologie \u2013 Anul II, Educa\u021bie fizic\u0103 \u0219i Sport \u2013 Sef. lucr. dr. Marcel Perian<\/li><li>Fiziologie general\u0103 \u0219i nutri\u021bional\u0103 \u2013 Anul I, Nutri\u021bie \u0219i Dietetic\u0103 \u2013 Sef. lucr. dr. Marcel Perian<\/li><\/ol><\/div>\n\t\t\t\t\t\t\t<\/div>\n\t\t\t\t\t\t<\/div><div class=\"jet-accordion__item jet-toggle jet-toggle-move-up-effect\">\n\t\t\t\t\t\t\t<div id=\"jet-toggle-control-1392\" class=\"jet-toggle__control elementor-menu-anchor\" data-toggle=\"2\" role=\"button\" tabindex=\"0\" aria-controls=\"jet-toggle-content-1392\" aria-expanded=\"false\" data-template-id=\"false\">\n\t\t\t\t\t\t\t\t<div class=\"jet-toggle__label-icon jet-toggle-icon-position-right\"><span class=\"jet-toggle__icon icon-normal jet-tabs-icon\"><svg xmlns=\"http:\/\/www.w3.org\/2000\/svg\" viewbox=\"0 0 448 512\"><path d=\"M256 80c0-17.7-14.3-32-32-32s-32 14.3-32 32V224H48c-17.7 0-32 14.3-32 32s14.3 32 32 32H192V432c0 17.7 14.3 32 32 32s32-14.3 32-32V288H400c17.7 0 32-14.3 32-32s-14.3-32-32-32H256V80z\"><\/path><\/svg><\/span><span class=\"jet-toggle__icon icon-active jet-tabs-icon\"><svg xmlns=\"http:\/\/www.w3.org\/2000\/svg\" viewbox=\"0 0 448 512\"><path d=\"M432 256c0 17.7-14.3 32-32 32L48 288c-17.7 0-32-14.3-32-32s14.3-32 32-32l352 0c17.7 0 32 14.3 32 32z\"><\/path><\/svg><\/span><\/div><div class=\"jet-toggle__label-text\">Stagii clinice, lucr\u0103ri practice<\/div>\t\t\t\t\t\t\t<\/div>\n\t\t\t\t\t\t\t<div id=\"jet-toggle-content-1392\" class=\"jet-toggle__content\" data-toggle=\"2\" role=\"region\" data-template-id=\"false\">\n\t\t\t\t\t\t\t\t<div class=\"jet-toggle__content-inner\"><p style=\"margin-top: 0cm;background: white\"><strong><span style=\"font-family: 'Arial',sans-serif;color: #0f0f0f\">(Materie \u2013 an, program de studii- stagiu clinic\/lucrare practic\u0103)<\/span><\/strong><\/p><ol><li>Fiziologia s\u00e2ngelui \u0219i a sistemului respirator \u2013 Anul I, Medicin\u0103 General\u0103 \u2013 Lucr\u0103ri practice<\/li><li>Fiziologia cardiovascular\u0103 \u0219i a sistemului renal \u2013 Anul II, Medicin\u0103 General\u0103 \u2013 Lucr\u0103ri practice<\/li><li>Fiziologia sistemelor nervos, endocrin \u0219i gastrointestinal \u2013 Anul II, Medicin\u0103 general\u0103 \u2013 Lucr\u0103ri practice<\/li><li>Fiziologie \u2013 Anul I, Medicin\u0103 dentar\u0103 \u2013 Lucr\u0103ri practice<\/li><li>Fiziologie \u2013 Anul I, Farmacie \u2013 Lucr\u0103ri practice<\/li><li>Fiziologie \u2013 Anul I, Asisten\u021b\u0103 Medical\u0103 General\u0103 \u2013 Lucr\u0103ri practice<\/li><li>Fiziologie general\u0103 \u2013 Anul II, Balneofiziokinetoterapie \u2013 lucr\u0103ri practice<\/li><li>Fiziologie general\u0103 \u2013 Anul II, Educa\u021bie fizic\u0103 \u0219i Sport \u2013 lucr\u0103ri practice<\/li><li>Ergofiziologie \u2013 anul II, Balneofiziokinetoterapie \u2013 Lucr\u0103ri practice<\/li><li>Ergofiziologie \u2013 anul II, Educa\u021bie fizic\u0103 \u0219i Sport \u2013 Lucr\u0103ri practice<\/li><li>Fiziologie general\u0103 \u0219i nutri\u021bional\u0103 \u2013 Anul I, Nutri\u021bie \u0219i Dietetic\u0103 \u2013 Lucr\u0103ri practice<\/li><\/ol><\/div>\n\t\t\t\t\t\t\t<\/div>\n\t\t\t\t\t\t<\/div><div class=\"jet-accordion__item jet-toggle jet-toggle-move-up-effect\">\n\t\t\t\t\t\t\t<div id=\"jet-toggle-control-1393\" class=\"jet-toggle__control elementor-menu-anchor\" data-toggle=\"3\" role=\"button\" tabindex=\"0\" aria-controls=\"jet-toggle-content-1393\" aria-expanded=\"false\" data-template-id=\"false\">\n\t\t\t\t\t\t\t\t<div class=\"jet-toggle__label-icon jet-toggle-icon-position-right\"><span class=\"jet-toggle__icon icon-normal jet-tabs-icon\"><svg xmlns=\"http:\/\/www.w3.org\/2000\/svg\" viewbox=\"0 0 448 512\"><path d=\"M256 80c0-17.7-14.3-32-32-32s-32 14.3-32 32V224H48c-17.7 0-32 14.3-32 32s14.3 32 32 32H192V432c0 17.7 14.3 32 32 32s32-14.3 32-32V288H400c17.7 0 32-14.3 32-32s-14.3-32-32-32H256V80z\"><\/path><\/svg><\/span><span class=\"jet-toggle__icon icon-active jet-tabs-icon\"><svg xmlns=\"http:\/\/www.w3.org\/2000\/svg\" viewbox=\"0 0 448 512\"><path d=\"M432 256c0 17.7-14.3 32-32 32L48 288c-17.7 0-32-14.3-32-32s14.3-32 32-32l352 0c17.7 0 32 14.3 32 32z\"><\/path><\/svg><\/span><\/div><div class=\"jet-toggle__label-text\">Manuale \u0219i \u00eendrum\u0103toare de lucr\u0103ri practice<\/div>\t\t\t\t\t\t\t<\/div>\n\t\t\t\t\t\t\t<div id=\"jet-toggle-content-1393\" class=\"jet-toggle__content\" data-toggle=\"3\" role=\"region\" data-template-id=\"false\">\n\t\t\t\t\t\t\t\t<div class=\"jet-toggle__content-inner\"><ol><li>Metz J, Orb\u00e1n-Kis K, Szil\u00e1gyi T.\u00a0<em>\u00c9lettan<\/em>. Studium Kiad\u00f3, Marosv\u00e1s\u00e1rhely; Erd\u00e9lyi M\u00fazeum- Egyes\u00fclet 2020.\u00a0<\/li><li>Scridon A, Dobreanu D, \u0218erban R.\u00a0<em>Cardiac Physiology<\/em>. Editura University Press T\u00eerguMure\u0219, 2015.<\/li><li>Albu S, Gliga M, Lupu S, Metz J, Mure\u0219an S, Orb\u00e1n-Kis K, Perian M, Scridon A, Sz\u00e1va I, \u0218erban R, \u0218u\u0219 I (sub redac\u021bia Scridon A, Dobreanu D).\u00a0<em>Physiology Laboratory Exercises: Cardiovascular system<\/em>. Editura University Press T\u00eergu Mure\u0219, 2015.<\/li><li>Orb\u00e1n-Kis K, Mure\u0219an S, Metz EJ, Sz\u0151cs I.\u00a0<em>Physiology Laboratory Exercises: Blood and respiratory function<\/em>. Editura University Press T\u00eergu Mure\u0219, 2015<\/li><li>Orb\u00e1n-Kis K, Szil\u00e1gyi T.\u00a0<em>A v\u00e9r \u00e9lettana<\/em>. Editura University Press, 2014<\/li><li>Dobreanu D, Szil\u00e1gyi T, Orb\u00e1n-Kis K, Albu S, B\u0103rbat G, Metz EJ, Mure\u0219an S, Perian M, Scridon A.\u00a0<em>Fiziologie Uman\u0103: Aparatul cardiovascular. \u00cendreptar de lucr\u0103ri practice.\u00a0<\/em>Editura University Press, T\u00e2rgu Mure\u0219, 2010.<\/li><li>Mure\u0219an SS, Orb\u00e1n-Kis K.\u00a0<em>Human Physiology (blood and respiratory system) \u2013 Practical works.<\/em>Editura University Press, T\u00e2rgu Mure\u0219, 2009.<\/li><li>Szil\u00e1gyi T, Habor A, Orb\u00e1n-Kis K, Albu S, B\u0103rbat G, Metz EJ, Perian M.\u00a0<em>Fiziologie Uman\u0103. \u00cendreptar\u00a0de lucr\u0103ri practice.<\/em>Editura University Press, T\u00e2rgu Mure\u0219, 2008.<\/li><li>Dobreanu D.\u00a0<em>Fiziologia aparatului cardiovascular. Note de curs<\/em>. Editura University Press T\u00eergu Mure\u0219, 2007.<\/li><\/ol><\/div>\n\t\t\t\t\t\t\t<\/div>\n\t\t\t\t\t\t<\/div>\t\t\t<\/div>\n\t\t<\/div>\n\t\t\t\t\t\t<\/div>\n\t\t\t\t<\/div>\n\t\t\t\t\t<\/div>\n\t\t<\/div>\n\t\t\t\t<div class=\"elementor-column elementor-col-50 elementor-top-column elementor-element elementor-element-1ab688a\" data-id=\"1ab688a\" data-element_type=\"column\" data-e-type=\"column\">\n\t\t\t<div class=\"elementor-widget-wrap elementor-element-populated\">\n\t\t\t\t\t\t<section class=\"elementor-section elementor-inner-section elementor-element elementor-element-95489c1 elementor-section-boxed elementor-section-height-default elementor-section-height-default\" data-id=\"95489c1\" data-element_type=\"section\" data-e-type=\"section\">\n\t\t\t\t\t\t<div class=\"elementor-container elementor-column-gap-default\">\n\t\t\t\t\t<div data-dce-background-color=\"#F2F7FF\" class=\"elementor-column elementor-col-100 elementor-inner-column elementor-element elementor-element-fea0d30\" data-id=\"fea0d30\" data-element_type=\"column\" data-e-type=\"column\" data-settings=\"{&quot;background_background&quot;:&quot;classic&quot;}\">\n\t\t\t<div class=\"elementor-widget-wrap elementor-element-populated\">\n\t\t\t\t\t\t<div class=\"elementor-element elementor-element-610fbd8 elementor-widget elementor-widget-heading\" data-id=\"610fbd8\" data-element_type=\"widget\" data-e-type=\"widget\" data-widget_type=\"heading.default\">\n\t\t\t\t<div class=\"elementor-widget-container\">\n\t\t\t\t\t<h5 class=\"elementor-heading-title elementor-size-default\">Contact<\/h5>\t\t\t\t<\/div>\n\t\t\t\t<\/div>\n\t\t\t\t<div class=\"elementor-element elementor-element-e4ddef3 elementor-widget-divider--view-line elementor-widget elementor-widget-divider\" data-id=\"e4ddef3\" data-element_type=\"widget\" data-e-type=\"widget\" data-widget_type=\"divider.default\">\n\t\t\t\t<div class=\"elementor-widget-container\">\n\t\t\t\t\t\t\t<div class=\"elementor-divider\">\n\t\t\t<span class=\"elementor-divider-separator\">\n\t\t\t\t\t\t<\/span>\n\t\t<\/div>\n\t\t\t\t\t\t<\/div>\n\t\t\t\t<\/div>\n\t\t\t\t<div class=\"elementor-element elementor-element-bdfc9f9 elementor-widget elementor-widget-icon-box\" data-id=\"bdfc9f9\" data-element_type=\"widget\" data-e-type=\"widget\" data-widget_type=\"icon-box.default\">\n\t\t\t\t<div class=\"elementor-widget-container\">\n\t\t\t\t\t\t\t<div class=\"elementor-icon-box-wrapper\">\n\n\t\t\t\n\t\t\t\t\t\t<div class=\"elementor-icon-box-content\">\n\n\t\t\t\t\t\t\t\t\t<h3 class=\"elementor-icon-box-title\">\n\t\t\t\t\t\t<span  >\n\t\t\t\t\t\t\tAdres\u0103\t\t\t\t\t\t<\/span>\n\t\t\t\t\t<\/h3>\n\t\t\t\t\n\t\t\t\t\t\t\t\t\t<p class=\"elementor-icon-box-description\">\n\t\t\t\t\t\tDisciplina de Fiziologie, Cl\u0103direa Central\u0103<br>Str. Gheorghe Marinescu Nr. 38\nT\u00e2rgu Mure\u0219, 540142\nRom\u00e2nia\t\t\t\t\t<\/p>\n\t\t\t\t\n\t\t\t<\/div>\n\t\t\t\n\t\t<\/div>\n\t\t\t\t\t\t<\/div>\n\t\t\t\t<\/div>\n\t\t\t\t<div class=\"elementor-element elementor-element-c84b130 elementor-widget elementor-widget-icon-box\" data-id=\"c84b130\" data-element_type=\"widget\" data-e-type=\"widget\" data-widget_type=\"icon-box.default\">\n\t\t\t\t<div class=\"elementor-widget-container\">\n\t\t\t\t\t\t\t<div class=\"elementor-icon-box-wrapper\">\n\n\t\t\t\n\t\t\t\t\t\t<div class=\"elementor-icon-box-content\">\n\n\t\t\t\t\t\t\t\t\t<h3 class=\"elementor-icon-box-title\">\n\t\t\t\t\t\t<span  >\n\t\t\t\t\t\t\tE-mail\t\t\t\t\t\t<\/span>\n\t\t\t\t\t<\/h3>\n\t\t\t\t\n\t\t\t\t\t\t\t\t\t<p class=\"elementor-icon-box-description\">\n\t\t\t\t\t\tadmin@fizioms.ro\t\t\t\t\t<\/p>\n\t\t\t\t\n\t\t\t<\/div>\n\t\t\t\n\t\t<\/div>\n\t\t\t\t\t\t<\/div>\n\t\t\t\t<\/div>\n\t\t\t\t<div class=\"elementor-element elementor-element-a8a88ee elementor-widget elementor-widget-icon-box\" data-id=\"a8a88ee\" data-element_type=\"widget\" data-e-type=\"widget\" data-widget_type=\"icon-box.default\">\n\t\t\t\t<div class=\"elementor-widget-container\">\n\t\t\t\t\t\t\t<div class=\"elementor-icon-box-wrapper\">\n\n\t\t\t\n\t\t\t\t\t\t<div class=\"elementor-icon-box-content\">\n\n\t\t\t\t\t\t\t\t\t<h3 class=\"elementor-icon-box-title\">\n\t\t\t\t\t\t<span  >\n\t\t\t\t\t\t\tTelefon\t\t\t\t\t\t<\/span>\n\t\t\t\t\t<\/h3>\n\t\t\t\t\n\t\t\t\t\t\t\t\t\t<p class=\"elementor-icon-box-description\">\n\t\t\t\t\t\t+40-265-215.551, int. 175\t\t\t\t\t<\/p>\n\t\t\t\t\n\t\t\t<\/div>\n\t\t\t\n\t\t<\/div>\n\t\t\t\t\t\t<\/div>\n\t\t\t\t<\/div>\n\t\t\t\t<div class=\"elementor-element elementor-element-9ca9571 elementor-widget elementor-widget-icon-box\" data-id=\"9ca9571\" data-element_type=\"widget\" data-e-type=\"widget\" data-widget_type=\"icon-box.default\">\n\t\t\t\t<div class=\"elementor-widget-container\">\n\t\t\t\t\t\t\t<div class=\"elementor-icon-box-wrapper\">\n\n\t\t\t\n\t\t\t\t\t\t<div class=\"elementor-icon-box-content\">\n\n\t\t\t\t\t\t\t\t\t<h3 class=\"elementor-icon-box-title\">\n\t\t\t\t\t\t<span  >\n\t\t\t\t\t\t\tPagin\u0103 web\t\t\t\t\t\t<\/span>\n\t\t\t\t\t<\/h3>\n\t\t\t\t\n\t\t\t\t\t\t\t\t\t<p class=\"elementor-icon-box-description\">\n\t\t\t\t\t\twww.fizioms.ro\t\t\t\t\t<\/p>\n\t\t\t\t\n\t\t\t<\/div>\n\t\t\t\n\t\t<\/div>\n\t\t\t\t\t\t<\/div>\n\t\t\t\t<\/div>\n\t\t\t\t\t<\/div>\n\t\t<\/div>\n\t\t\t\t\t<\/div>\n\t\t<\/section>\n\t\t\t\t\t<\/div>\n\t\t<\/div>\n\t\t\t\t\t<\/div>\n\t\t<\/section>\n\t\t\t\t<\/div>","protected":false},"excerpt":{"rendered":"<p>Colectivul disciplinei \u0218ef de disciplin\u0103Prof. univ. dr. Alina Scridon &#8211; CV MembriProf. univ. dr. Dan Dobreanu &#8211; CVProf. univ. dr. Szilagyi Tibor &#8211; CVConf. univ. dr. Orban-Kis Karoly &#8211; CV\u0218ef lucr. dr. Marcel Perian &#8211; CV\u0218ef lucr. dr. Metz Erzsebet-Julia &#8211; CV\u0218ef lucr. dr. \u0218tefan-Adrian Martin &#8211; CV\u0218ef lucr. dr. Vasile-Bogdan Hala\u021biu &#8211; CVAsist. univ. [&hellip;]<\/p>\n","protected":false},"author":14,"featured_media":0,"parent":150,"menu_order":0,"comment_status":"closed","ping_status":"closed","template":"","meta":{"_relevanssi_hide_post":"","_relevanssi_hide_content":"","_relevanssi_pin_for_all":"","_relevanssi_pin_keywords":"","_relevanssi_unpin_keywords":"","_relevanssi_related_keywords":"","_relevanssi_related_include_ids":"","_relevanssi_related_exclude_ids":"","_relevanssi_related_no_append":"","_relevanssi_related_not_related":"","_relevanssi_related_posts":"1","_relevanssi_noindex_reason":"","footnotes":""},"categories":[13,40],"tags":[],"class_list":["post-2927","page","type-page","status-publish","hentry","category-pagina-cu-sidebar","category-pagina-departamente-si-discipline"],"meta_box":[],"_links":{"self":[{"href":"https:\/\/umfst.ro\/facultatea-de-medicina\/hu\/wp-json\/wp\/v2\/pages\/2927","targetHints":{"allow":["GET"]}}],"collection":[{"href":"https:\/\/umfst.ro\/facultatea-de-medicina\/hu\/wp-json\/wp\/v2\/pages"}],"about":[{"href":"https:\/\/umfst.ro\/facultatea-de-medicina\/hu\/wp-json\/wp\/v2\/types\/page"}],"author":[{"embeddable":true,"href":"https:\/\/umfst.ro\/facultatea-de-medicina\/hu\/wp-json\/wp\/v2\/users\/14"}],"replies":[{"embeddable":true,"href":"https:\/\/umfst.ro\/facultatea-de-medicina\/hu\/wp-json\/wp\/v2\/comments?post=2927"}],"version-history":[{"count":39,"href":"https:\/\/umfst.ro\/facultatea-de-medicina\/hu\/wp-json\/wp\/v2\/pages\/2927\/revisions"}],"predecessor-version":[{"id":8907,"href":"https:\/\/umfst.ro\/facultatea-de-medicina\/hu\/wp-json\/wp\/v2\/pages\/2927\/revisions\/8907"}],"up":[{"embeddable":true,"href":"https:\/\/umfst.ro\/facultatea-de-medicina\/hu\/wp-json\/wp\/v2\/pages\/150"}],"wp:attachment":[{"href":"https:\/\/umfst.ro\/facultatea-de-medicina\/hu\/wp-json\/wp\/v2\/media?parent=2927"}],"wp:term":[{"taxonomy":"category","embeddable":true,"href":"https:\/\/umfst.ro\/facultatea-de-medicina\/hu\/wp-json\/wp\/v2\/categories?post=2927"},{"taxonomy":"post_tag","embeddable":true,"href":"https:\/\/umfst.ro\/facultatea-de-medicina\/hu\/wp-json\/wp\/v2\/tags?post=2927"}],"curies":[{"name":"wp","href":"https:\/\/api.w.org\/{rel}","templated":true}]}}