{"id":2955,"date":"2023-06-21T16:48:11","date_gmt":"2023-06-21T13:48:11","guid":{"rendered":"https:\/\/dev.umfst.ro\/facultatea-de-medicina\/?page_id=2955"},"modified":"2025-06-04T11:48:43","modified_gmt":"2025-06-04T08:48:43","slug":"igiena","status":"publish","type":"page","link":"https:\/\/umfst.ro\/facultatea-de-medicina\/hu\/departamente-si-discipline\/m2-stiinte-functionale-complementare\/igiena\/","title":{"rendered":"K\u00f6zeg\u00e9szs\u00e9gtan"},"content":{"rendered":"<div data-elementor-type=\"wp-page\" data-elementor-id=\"2955\" class=\"elementor elementor-2955\" data-elementor-post-type=\"page\">\n\t\t\t\t\t\t<section class=\"elementor-section elementor-top-section elementor-element elementor-element-7a83ac91 elementor-section-boxed elementor-section-height-default elementor-section-height-default\" data-id=\"7a83ac91\" data-element_type=\"section\" data-e-type=\"section\">\n\t\t\t\t\t\t<div class=\"elementor-container elementor-column-gap-default\">\n\t\t\t\t\t<div class=\"elementor-column elementor-col-50 elementor-top-column elementor-element elementor-element-3e42cb35\" data-id=\"3e42cb35\" data-element_type=\"column\" data-e-type=\"column\">\n\t\t\t<div class=\"elementor-widget-wrap elementor-element-populated\">\n\t\t\t\t\t\t<div class=\"elementor-element elementor-element-638d002 elementor-widget elementor-widget-text-editor\" data-id=\"638d002\" data-element_type=\"widget\" data-e-type=\"widget\" data-widget_type=\"text-editor.default\">\n\t\t\t\t<div class=\"elementor-widget-container\">\n\t\t\t\t\t\t\t\t\t<h2>Colectivul disciplinei<\/h2><p><strong>\u015eef disciplin\u0103<\/strong><br \/>Prof. univ. dr. \u00c1br\u00e1m Zolt\u00e1n &#8211; <a href=\"https:\/\/www.umfst.ro\/fileadmin\/f_medicina\/Cadre_didactice\/2025-2026\/Departament_M2\/Igiena\/Abram_CV_site_UMFST.pdf\" target=\"_blank\" rel=\"noopener\">CV<\/a><\/p><p><strong>Membri<\/strong><br \/>Prof. univ. dr. Valentin N\u0103d\u0103\u0219an &#8211; <a href=\"https:\/\/www.umfst.ro\/fileadmin\/f_medicina\/Cadre_didactice\/2025-2026\/Departament_M2\/Igiena\/Nadasan_CV_site_UMFST.pdf\" target=\"_blank\" rel=\"noopener\">CV<\/a><br \/>\u015eef lucr. dr. Geanina Moldovan &#8211;<a href=\"https:\/\/www.umfst.ro\/fileadmin\/f_medicina\/Cadre_didactice\/2025-2026\/Departament_M2\/Igiena\/Moldovan_CV_site_UMFST.pdf\" target=\"_blank\" rel=\"noopener\">CV<\/a><br \/>\u015eef lucr. dr. Ferencz Jozsef-Lor\u00e1nd &#8211; <a href=\"https:\/\/www.umfst.ro\/fileadmin\/f_medicina\/Cadre_didactice\/2025-2026\/Departament_M2\/Igiena\/Ferencz_CV_site_UMFST.pdf\" target=\"_blank\" rel=\"noopener\">CV<\/a><br \/>Asist. univ. dr. Balint Iosif &#8211; <a href=\"https:\/\/www.umfst.ro\/fileadmin\/f_medicina\/Cadre_didactice\/2025-2026\/Departament_M2\/Igiena\/Balint_CV_site_UMFST.pdf\">CV<\/a><br \/><br \/><\/p><h5>Personalul didactic auxiliar al disciplinei<\/h5><table width=\"75%\"><tbody><tr><td width=\"12%\"><p><strong>Sz\u00e1m<\/strong><\/p><\/td><td width=\"45%\"><p><strong>Pozi\u021bia \u00een disciplin\u0103<\/strong><\/p><\/td><td width=\"41%\"><p><strong>Nume \u0219i prenume<\/strong><\/p><\/td><\/tr><tr><td width=\"12%\"><p>1.<\/p><\/td><td width=\"45%\"><p>Laborant<\/p><\/td><td width=\"41%\"><p>Kosztan Jolan<\/p><\/td><\/tr><\/tbody><\/table><p>\u00a0<\/p>\t\t\t\t\t\t\t\t<\/div>\n\t\t\t\t<\/div>\n\t\t\t\t<div class=\"elementor-element elementor-element-9cdaa92 elementor-widget elementor-widget-text-editor\" data-id=\"9cdaa92\" data-element_type=\"widget\" data-e-type=\"widget\" data-widget_type=\"text-editor.default\">\n\t\t\t\t<div class=\"elementor-widget-container\">\n\t\t\t\t\t\t\t\t\t<h2>Activitate didactic\u0103<\/h2>\t\t\t\t\t\t\t\t<\/div>\n\t\t\t\t<\/div>\n\t\t\t\t<div class=\"elementor-element elementor-element-84ff91c elementor-widget elementor-widget-jet-accordion\" data-id=\"84ff91c\" data-element_type=\"widget\" data-e-type=\"widget\" data-widget_type=\"jet-accordion.default\">\n\t\t\t\t<div class=\"elementor-widget-container\">\n\t\t\t\t\t\t\t\t\t<div class=\"jet-accordion\" data-settings=\"{&quot;collapsible&quot;:false,&quot;ajaxTemplate&quot;:false,&quot;switchScrolling&quot;:false,&quot;switchScrollingTablet&quot;:false,&quot;switchScrollingMobile&quot;:false,&quot;switchScrollingOffset&quot;:{&quot;size&quot;:0,&quot;unit&quot;:&quot;px&quot;},&quot;switchScrollingOffsetTablet&quot;:{&quot;size&quot;:0,&quot;unit&quot;:&quot;px&quot;},&quot;switchScrollingOffsetMobile&quot;:{&quot;size&quot;:0,&quot;unit&quot;:&quot;px&quot;},&quot;switchScrollingDelay&quot;:500,&quot;switchScrollingDelayTablet&quot;:500,&quot;switchScrollingDelayMobile&quot;:500}\">\n\t\t\t<div class=\"jet-accordion__inner\">\n\t\t\t\t<div class=\"jet-accordion__item jet-toggle jet-toggle-move-up-effect\">\n\t\t\t\t\t\t\t<div id=\"jet-toggle-control-1391\" class=\"jet-toggle__control elementor-menu-anchor\" data-toggle=\"1\" role=\"button\" tabindex=\"0\" aria-controls=\"jet-toggle-content-1391\" aria-expanded=\"false\" data-template-id=\"false\">\n\t\t\t\t\t\t\t\t<div class=\"jet-toggle__label-icon jet-toggle-icon-position-right\"><span class=\"jet-toggle__icon icon-normal jet-tabs-icon\"><svg xmlns=\"http:\/\/www.w3.org\/2000\/svg\" viewbox=\"0 0 448 512\"><path d=\"M256 80c0-17.7-14.3-32-32-32s-32 14.3-32 32V224H48c-17.7 0-32 14.3-32 32s14.3 32 32 32H192V432c0 17.7 14.3 32 32 32s32-14.3 32-32V288H400c17.7 0 32-14.3 32-32s-14.3-32-32-32H256V80z\"><\/path><\/svg><\/span><span class=\"jet-toggle__icon icon-active jet-tabs-icon\"><svg xmlns=\"http:\/\/www.w3.org\/2000\/svg\" viewbox=\"0 0 448 512\"><path d=\"M432 256c0 17.7-14.3 32-32 32L48 288c-17.7 0-32-14.3-32-32s14.3-32 32-32l352 0c17.7 0 32 14.3 32 32z\"><\/path><\/svg><\/span><\/div><div class=\"jet-toggle__label-text\">Cursuri pentru studen\u021bi<\/div>\t\t\t\t\t\t\t<\/div>\n\t\t\t\t\t\t\t<div id=\"jet-toggle-content-1391\" class=\"jet-toggle__content\" data-toggle=\"1\" role=\"region\" data-template-id=\"false\">\n\t\t\t\t\t\t\t\t<div class=\"jet-toggle__content-inner\"><p style=\"margin-top: 0cm;background: white\"><span style=\"font-family: 'Arial',sans-serif;color: #0f0f0f\">(materie predat\u0103 \u2013 an, program de studii \u2013 titular de curs )<\/span><\/p><p style=\"margin-top: 0cm;background: white\"><span style=\"font-family: 'Arial',sans-serif;color: #0f0f0f\">1. Igien\u0103 \u2013 anul III, Medicin\u0103 \u2013 LM\u2013 Prof. univ. dr. \u00c1br\u00e1m Zolt\u00e1n<\/span><\/p><p style=\"margin-top: 0cm;background: white\"><span style=\"font-family: 'Arial',sans-serif;color: #0f0f0f\">2. Igien\u0103 \u2013 anul III, Medicin\u0103 \u2013 LR\u2013 Conf. univ. dr. N\u0103d\u0103\u0219an Valentin<\/span><\/p><p style=\"margin-top: 0cm;background: white\"><span style=\"font-family: 'Arial',sans-serif;color: #0f0f0f\">3. Igien\u0103 \u2013 anul II, Medicin\u0103 Dentar\u0103 \u2013 LM \u2013 Prof. univ. dr. \u00c1br\u00e1m Zolt\u00e1n<\/span><\/p><p style=\"margin-top: 0cm;background: white\"><span style=\"font-family: 'Arial',sans-serif;color: #0f0f0f\">4. Igien\u0103 \u2013 anul II, Medicin\u0103 Dentar\u0103 \u2013 LR \u2013Conf. univ. dr. N\u0103d\u0103\u015fan Valentin<\/span><\/p><p style=\"margin-top: 0cm;background: white\"><span style=\"font-family: 'Arial',sans-serif;color: #0f0f0f\">5. Igien\u0103 \u2013 profilaxie \u2013 anul I, Asisten\u021b\u0103 medical\u0103 general\u0103 \u2013 LR \u2013 Conf. univ. dr. N\u0103d\u0103\u015fan Valentin<\/span><\/p><p style=\"margin-top: 0cm;background: white\"><span style=\"font-family: 'Arial',sans-serif;color: #0f0f0f\">6. Igien\u0103 \u2013 profilaxie \u2013 anul I, Asisten\u021b\u0103 medical\u0103 general\u0103 \u2013 LM \u2013 \u0218ef lucr. dr. Ferencz Lor\u00e1nd<\/span><\/p><p style=\"margin-top: 0cm;background: white\"><span style=\"font-family: 'Arial',sans-serif;color: #0f0f0f\">7. Igien\u0103 \u2013 Educa\u0163ie pentru s\u0103n\u0103tate, anul II, Asisten\u0163\u0103 medical\u0103 general\u0103 \u2013 LR, Conf. univ. dr. N\u0103d\u0103\u015fan Valentin<\/span><\/p><p style=\"margin-top: 0cm;background: white\"><span style=\"font-family: 'Arial',sans-serif;color: #0f0f0f\">8. Igien\u0103 \u2013 Educa\u0163ie pentru s\u0103n\u0103tate, anul II, Asisten\u0163\u0103 medical\u0103 general\u0103 \u2013 LM, \u0218ef lucr. dr. Ferencz Lor\u00e1nd<\/span><\/p><p style=\"margin-top: 0cm;background: white\"><span style=\"font-family: 'Arial',sans-serif;color: #0f0f0f\">9. Igien\u0103 \u2013 anul II, Balneofiziokinetoterapie \u0219i recuperare \u2013 LR, Prof. univ. dr. \u00c1br\u00e1m Zolt\u00e1n<\/span><\/p><p style=\"margin-top: 0cm;background: white\"><span style=\"font-family: 'Arial',sans-serif;color: #0f0f0f\">10. Principii de dietetic\u0103 \u0219i nutri\u021bie, curs op\u021bional \u2013 anii I-III \u2013 Medicin\u0103 \u2013 LM, Prof. univ. dr. \u00c1br\u00e1m Zolt\u00e1n<\/span><\/p><p style=\"margin-top: 0cm;background: white\"><span style=\"font-family: 'Arial',sans-serif;color: #0f0f0f\">11. Tehnici de promovare a s\u0103n\u0103t\u0103\u021bii nutr\u021bionale, anul I, Master Nutri\u021bie Clinic\u0103 \u0219i Comunitar\u0103, LR, Prof. univ. dr. \u00c1br\u00e1m Zolt\u00e1n<\/span><\/p><\/div>\n\t\t\t\t\t\t\t<\/div>\n\t\t\t\t\t\t<\/div><div class=\"jet-accordion__item jet-toggle jet-toggle-move-up-effect\">\n\t\t\t\t\t\t\t<div id=\"jet-toggle-control-1392\" class=\"jet-toggle__control elementor-menu-anchor\" data-toggle=\"2\" role=\"button\" tabindex=\"0\" aria-controls=\"jet-toggle-content-1392\" aria-expanded=\"false\" data-template-id=\"false\">\n\t\t\t\t\t\t\t\t<div class=\"jet-toggle__label-icon jet-toggle-icon-position-right\"><span class=\"jet-toggle__icon icon-normal jet-tabs-icon\"><svg xmlns=\"http:\/\/www.w3.org\/2000\/svg\" viewbox=\"0 0 448 512\"><path d=\"M256 80c0-17.7-14.3-32-32-32s-32 14.3-32 32V224H48c-17.7 0-32 14.3-32 32s14.3 32 32 32H192V432c0 17.7 14.3 32 32 32s32-14.3 32-32V288H400c17.7 0 32-14.3 32-32s-14.3-32-32-32H256V80z\"><\/path><\/svg><\/span><span class=\"jet-toggle__icon icon-active jet-tabs-icon\"><svg xmlns=\"http:\/\/www.w3.org\/2000\/svg\" viewbox=\"0 0 448 512\"><path d=\"M432 256c0 17.7-14.3 32-32 32L48 288c-17.7 0-32-14.3-32-32s14.3-32 32-32l352 0c17.7 0 32 14.3 32 32z\"><\/path><\/svg><\/span><\/div><div class=\"jet-toggle__label-text\">Stagii clinice, lucr\u0103ri practice<\/div>\t\t\t\t\t\t\t<\/div>\n\t\t\t\t\t\t\t<div id=\"jet-toggle-content-1392\" class=\"jet-toggle__content\" data-toggle=\"2\" role=\"region\" data-template-id=\"false\">\n\t\t\t\t\t\t\t\t<div class=\"jet-toggle__content-inner\"><p style=\"margin-top: 0cm;background: white\"><span style=\"font-family: 'Arial',sans-serif;color: #0f0f0f\">(Materie \u2013 an, program de studii- lucrare practic\u0103)<\/span><\/p><p style=\"margin-top: 0cm;background: white\"><span style=\"font-family: 'Arial',sans-serif;color: #0f0f0f\">1. Igien\u0103 \u2013 anul III, Medicin\u0103 \u2013 lucr\u0103ri practice<\/span><\/p><p style=\"margin-top: 0cm;background: white\"><span style=\"font-family: 'Arial',sans-serif;color: #0f0f0f\">2. Igien\u0103 \u2013 anul II, Medicin\u0103 dentar\u0103 \u2013 lucr\u0103ri practice<\/span><\/p><p style=\"margin-top: 0cm;background: white\"><span style=\"font-family: 'Arial',sans-serif;color: #0f0f0f\">3. Igien\u0103 \u2013 profilaxie, anul I, Asisten\u021b\u0103 medical\u0103 general\u0103 \u2013 lucr\u0103ri practice<\/span><\/p><p style=\"margin-top: 0cm;background: white\"><span style=\"font-family: 'Arial',sans-serif;color: #0f0f0f\">4. Igien\u0103 \u2013 Educa\u0163ie pentru s\u0103n\u0103tate, anul II, Asisten\u0163\u0103 medical\u0103 general\u0103 \u2013 lucr\u0103ri practice<\/span><\/p><p style=\"margin-top: 0cm;background: white\"><span style=\"font-family: 'Arial',sans-serif;color: #0f0f0f\">5. Igien\u0103 \u2013 anul II, Balneofiziokinetoterapie \u0219i recuperare \u2013 lucr\u0103ri practice<\/span><\/p><p style=\"margin-top: 0cm;background: white\"><span style=\"font-family: 'Arial',sans-serif;color: #0f0f0f\">6. Tehnici de promovare a s\u0103n\u0103t\u0103\u021bii nutri\u021bionale, anul I, Master Nutri\u021bie Clinic\u0103 \u0219i Comunitar\u0103 \u2013 lucr\u0103ri practice<\/span><\/p><\/div>\n\t\t\t\t\t\t\t<\/div>\n\t\t\t\t\t\t<\/div><div class=\"jet-accordion__item jet-toggle jet-toggle-move-up-effect\">\n\t\t\t\t\t\t\t<div id=\"jet-toggle-control-1393\" class=\"jet-toggle__control elementor-menu-anchor\" data-toggle=\"3\" role=\"button\" tabindex=\"0\" aria-controls=\"jet-toggle-content-1393\" aria-expanded=\"false\" data-template-id=\"false\">\n\t\t\t\t\t\t\t\t<div class=\"jet-toggle__label-icon jet-toggle-icon-position-right\"><span class=\"jet-toggle__icon icon-normal jet-tabs-icon\"><svg xmlns=\"http:\/\/www.w3.org\/2000\/svg\" viewbox=\"0 0 448 512\"><path d=\"M256 80c0-17.7-14.3-32-32-32s-32 14.3-32 32V224H48c-17.7 0-32 14.3-32 32s14.3 32 32 32H192V432c0 17.7 14.3 32 32 32s32-14.3 32-32V288H400c17.7 0 32-14.3 32-32s-14.3-32-32-32H256V80z\"><\/path><\/svg><\/span><span class=\"jet-toggle__icon icon-active jet-tabs-icon\"><svg xmlns=\"http:\/\/www.w3.org\/2000\/svg\" viewbox=\"0 0 448 512\"><path d=\"M432 256c0 17.7-14.3 32-32 32L48 288c-17.7 0-32-14.3-32-32s14.3-32 32-32l352 0c17.7 0 32 14.3 32 32z\"><\/path><\/svg><\/span><\/div><div class=\"jet-toggle__label-text\">Manuale \u0219i \u00eendrum\u0103toare de lucr\u0103ri practice<\/div>\t\t\t\t\t\t\t<\/div>\n\t\t\t\t\t\t\t<div id=\"jet-toggle-content-1393\" class=\"jet-toggle__content\" data-toggle=\"3\" role=\"region\" data-template-id=\"false\">\n\t\t\t\t\t\t\t\t<div class=\"jet-toggle__content-inner\"><p style=\"margin-top: 0cm;background: white\"><span style=\"font-family: 'Arial',sans-serif;color: #0f0f0f\">1. \u00c1br\u00e1m Zolt\u00e1n \u2013 T\u00e1rsadalom-eg\u00e9szs\u00e9gtan, University Press, T\u00e2rgu-Mure\u015f, 2006<\/span><\/p><p style=\"margin-top: 0cm;background: white\"><span style=\"font-family: 'Arial',sans-serif;color: #0f0f0f\">2. \u00c1br\u00e1m Zolt\u00e1n \u2013 K\u00f6rnyezet-eg\u00e9szs\u00e9gtan, U.M.F. T\u00e2rgu-Mure\u015f, 2008<\/span><\/p><p style=\"margin-top: 0cm;background: white\"><span style=\"font-family: 'Arial',sans-serif;color: #0f0f0f\">3. \u00c1br\u00e1m Zolt\u00e1n \u2013 Az eg\u00e9szs\u00e9ges ember t\u00e1pl\u00e1lkoz\u00e1sa \u00e9s \u00e9lelmez\u00e9se, UMF T\u00e2rgu Mure\u015f, 2015<\/span><\/p><p style=\"margin-top: 0cm;background: white\"><span style=\"font-family: 'Arial',sans-serif;color: #0f0f0f\">4. \u00c1br\u00e1m Zolt\u00e1n, Ferencz Lor\u00e1nd, N\u0103d\u0103\u015fan Valentin \u2013 Az eg\u00e9szs\u00e9gmeg\u0151rz\u00e9s \u00e9s az eg\u00e9szs\u00e9gnevel\u00e9s alapjai, University Press, Tg. Mures, 2016<\/span><\/p><p style=\"margin-top: 0cm;background: white\"><span style=\"font-family: 'Arial',sans-serif;color: #0f0f0f\">5. N\u0103d\u0103\u0219an Valentin \u2013 Nutri\u021bie \u2013 No\u021biuni elementare, istorice \u0219i de actualitate. University Press, 2016<\/span><\/p><p style=\"margin-top: 0cm;background: white\"><span style=\"font-family: 'Arial',sans-serif;color: #0f0f0f\">6. Tarcea Monica \u2013 Igiena mediului \u015fi elemente de radioprotec\u0163ie, curs pentru studen\u0163i, UMF T\u00e2rgu Mure\u015f, 2006<\/span><\/p><p style=\"margin-top: 0cm;background: white\"><span style=\"font-family: 'Arial',sans-serif;color: #0f0f0f\">7. Tarcea Monica \u2013 Ecologie medical\u0103, University Press Tg. Mure\u015f, 2006<\/span><\/p><p style=\"margin-top: 0cm;background: white\"><span style=\"font-family: 'Arial',sans-serif;color: #0f0f0f\">8. Curs igien\u0103 profilaxie (ROELME)<\/span><\/p><p style=\"margin-top: 0cm;background: white\"><span style=\"font-family: 'Arial',sans-serif;color: #0f0f0f\">9. Curs igien\u0103 \u2013 educa\u021bie pentru s\u0103n\u0103tate (ROELME)<\/span><\/p><p style=\"margin-top: 0cm;background: white\"><span style=\"font-family: 'Arial',sans-serif;color: #0f0f0f\">11. \u00c1br\u00e1m Z., Tarcea M., Finta H., Moldovan H. \u2013 Ghid practic de Igien\u0103 \u015fi S\u0103n\u0103tatea mediului, Ed. University Press Tg. Mure\u015f, ghid de lucr\u0103ri practice, UMF T\u00e2rgu Mure\u015f, 2008<\/span><\/p><p style=\"margin-top: 0cm;background: white\"><span style=\"font-family: 'Arial',sans-serif;color: #0f0f0f\">12. Tarcea M., Moldovan H. \u2013 \u201eGhid practic de igiena mediului\u201d, Ed. University Press Tg. Mure\u015f, ghid de lucr\u0103ri practice pentru studen\u0163ii Colegiului de Asisten\u0163\u0103 medical\u0103 general\u0103, UMF T\u00e2rgu Mure\u015f, 2006<\/span><\/p><p style=\"margin-top: 0cm;background: white\"><span style=\"font-family: 'Arial',sans-serif;color: #0f0f0f\">13. \u00c1br\u00e1m Z, Tarcea M., Finta H, Moldovan H, Moldovan G, N\u0103d\u0103\u015fan V. \u2013 \u00cendrumar practic de Igien\u0103, ghid de lucr\u0103ri practice, UMF T\u00e2rgu Mure\u015f, 2011<\/span><\/p><\/div>\n\t\t\t\t\t\t\t<\/div>\n\t\t\t\t\t\t<\/div>\t\t\t<\/div>\n\t\t<\/div>\n\t\t\t\t\t\t<\/div>\n\t\t\t\t<\/div>\n\t\t\t\t\t<\/div>\n\t\t<\/div>\n\t\t\t\t<div class=\"elementor-column elementor-col-50 elementor-top-column elementor-element elementor-element-cd2d7ee\" data-id=\"cd2d7ee\" data-element_type=\"column\" data-e-type=\"column\">\n\t\t\t<div class=\"elementor-widget-wrap elementor-element-populated\">\n\t\t\t\t\t\t<section class=\"elementor-section elementor-inner-section elementor-element elementor-element-7d65a82 elementor-section-boxed elementor-section-height-default elementor-section-height-default\" data-id=\"7d65a82\" data-element_type=\"section\" data-e-type=\"section\">\n\t\t\t\t\t\t<div class=\"elementor-container elementor-column-gap-default\">\n\t\t\t\t\t<div data-dce-background-color=\"#F2F7FF\" class=\"elementor-column elementor-col-100 elementor-inner-column elementor-element elementor-element-27d0dd2\" data-id=\"27d0dd2\" data-element_type=\"column\" data-e-type=\"column\" data-settings=\"{&quot;background_background&quot;:&quot;classic&quot;}\">\n\t\t\t<div class=\"elementor-widget-wrap elementor-element-populated\">\n\t\t\t\t\t\t<div class=\"elementor-element elementor-element-dc60586 elementor-widget elementor-widget-heading\" data-id=\"dc60586\" data-element_type=\"widget\" data-e-type=\"widget\" data-widget_type=\"heading.default\">\n\t\t\t\t<div class=\"elementor-widget-container\">\n\t\t\t\t\t<h5 class=\"elementor-heading-title elementor-size-default\">Contact<\/h5>\t\t\t\t<\/div>\n\t\t\t\t<\/div>\n\t\t\t\t<div class=\"elementor-element elementor-element-64b9595 elementor-widget-divider--view-line elementor-widget elementor-widget-divider\" data-id=\"64b9595\" data-element_type=\"widget\" data-e-type=\"widget\" data-widget_type=\"divider.default\">\n\t\t\t\t<div class=\"elementor-widget-container\">\n\t\t\t\t\t\t\t<div class=\"elementor-divider\">\n\t\t\t<span class=\"elementor-divider-separator\">\n\t\t\t\t\t\t<\/span>\n\t\t<\/div>\n\t\t\t\t\t\t<\/div>\n\t\t\t\t<\/div>\n\t\t\t\t<div class=\"elementor-element elementor-element-c7d2a9e elementor-widget elementor-widget-icon-box\" data-id=\"c7d2a9e\" data-element_type=\"widget\" data-e-type=\"widget\" data-widget_type=\"icon-box.default\">\n\t\t\t\t<div class=\"elementor-widget-container\">\n\t\t\t\t\t\t\t<div class=\"elementor-icon-box-wrapper\">\n\n\t\t\t\n\t\t\t\t\t\t<div class=\"elementor-icon-box-content\">\n\n\t\t\t\t\t\t\t\t\t<h3 class=\"elementor-icon-box-title\">\n\t\t\t\t\t\t<span  >\n\t\t\t\t\t\t\tAdres\u0103\t\t\t\t\t\t<\/span>\n\t\t\t\t\t<\/h3>\n\t\t\t\t\n\t\t\t\t\t\t\t\t\t<p class=\"elementor-icon-box-description\">\n\t\t\t\t\t\tStr. Gheorghe Marinescu Nr. 38\nT\u00e2rgu Mure\u0219, 540139\nRom\u00e2nia\n<br>Loc. Tg Mure\u0219, Str. Plutelor, nr 2\t\t\t\t\t<\/p>\n\t\t\t\t\n\t\t\t<\/div>\n\t\t\t\n\t\t<\/div>\n\t\t\t\t\t\t<\/div>\n\t\t\t\t<\/div>\n\t\t\t\t<div class=\"elementor-element elementor-element-4a7fa6f elementor-widget elementor-widget-icon-box\" data-id=\"4a7fa6f\" data-element_type=\"widget\" data-e-type=\"widget\" data-widget_type=\"icon-box.default\">\n\t\t\t\t<div class=\"elementor-widget-container\">\n\t\t\t\t\t\t\t<div class=\"elementor-icon-box-wrapper\">\n\n\t\t\t\n\t\t\t\t\t\t<div class=\"elementor-icon-box-content\">\n\n\t\t\t\t\t\t\t\t\t<h3 class=\"elementor-icon-box-title\">\n\t\t\t\t\t\t<span  >\n\t\t\t\t\t\t\tPersoan\u0103 de contact\t\t\t\t\t\t<\/span>\n\t\t\t\t\t<\/h3>\n\t\t\t\t\n\t\t\t\t\t\t\t\t\t<p class=\"elementor-icon-box-description\">\n\t\t\t\t\t\tProf. univ. dr. \u00c1br\u00e1m Zolt\u00e1n\t\t\t\t\t<\/p>\n\t\t\t\t\n\t\t\t<\/div>\n\t\t\t\n\t\t<\/div>\n\t\t\t\t\t\t<\/div>\n\t\t\t\t<\/div>\n\t\t\t\t<div class=\"elementor-element elementor-element-77f2c8e elementor-widget elementor-widget-icon-box\" data-id=\"77f2c8e\" data-element_type=\"widget\" data-e-type=\"widget\" data-widget_type=\"icon-box.default\">\n\t\t\t\t<div class=\"elementor-widget-container\">\n\t\t\t\t\t\t\t<div class=\"elementor-icon-box-wrapper\">\n\n\t\t\t\n\t\t\t\t\t\t<div class=\"elementor-icon-box-content\">\n\n\t\t\t\t\t\t\t\t\t<h3 class=\"elementor-icon-box-title\">\n\t\t\t\t\t\t<span  >\n\t\t\t\t\t\t\tE-mail\t\t\t\t\t\t<\/span>\n\t\t\t\t\t<\/h3>\n\t\t\t\t\n\t\t\t\t\t\t\t\t\t<p class=\"elementor-icon-box-description\">\n\t\t\t\t\t\tzoltan.abram@umfst.ro\t\t\t\t\t<\/p>\n\t\t\t\t\n\t\t\t<\/div>\n\t\t\t\n\t\t<\/div>\n\t\t\t\t\t\t<\/div>\n\t\t\t\t<\/div>\n\t\t\t\t<div class=\"elementor-element elementor-element-b0dd300 elementor-widget elementor-widget-icon-box\" data-id=\"b0dd300\" data-element_type=\"widget\" data-e-type=\"widget\" data-widget_type=\"icon-box.default\">\n\t\t\t\t<div class=\"elementor-widget-container\">\n\t\t\t\t\t\t\t<div class=\"elementor-icon-box-wrapper\">\n\n\t\t\t\n\t\t\t\t\t\t<div class=\"elementor-icon-box-content\">\n\n\t\t\t\t\t\t\t\t\t<h3 class=\"elementor-icon-box-title\">\n\t\t\t\t\t\t<span  >\n\t\t\t\t\t\t\tTelefon\t\t\t\t\t\t<\/span>\n\t\t\t\t\t<\/h3>\n\t\t\t\t\n\t\t\t\t\t\t\t\t\t<p class=\"elementor-icon-box-description\">\n\t\t\t\t\t\t+40-265-215.551, int. 187\n<br>0745764297\t\t\t\t\t<\/p>\n\t\t\t\t\n\t\t\t<\/div>\n\t\t\t\n\t\t<\/div>\n\t\t\t\t\t\t<\/div>\n\t\t\t\t<\/div>\n\t\t\t\t\t<\/div>\n\t\t<\/div>\n\t\t\t\t\t<\/div>\n\t\t<\/section>\n\t\t\t\t\t<\/div>\n\t\t<\/div>\n\t\t\t\t\t<\/div>\n\t\t<\/section>\n\t\t\t\t<\/div>","protected":false},"excerpt":{"rendered":"<p>Colectivul disciplinei \u015eef disciplin\u0103Prof. univ. dr. \u00c1br\u00e1m Zolt\u00e1n &#8211; CV MembriProf. univ. dr. Valentin N\u0103d\u0103\u0219an &#8211; CV\u015eef lucr. dr. Geanina Moldovan &#8211;CV\u015eef lucr. dr. Ferencz Jozsef-Lor\u00e1nd &#8211; CVAsist. univ. dr. Balint Iosif &#8211; CV Personalul didactic auxiliar al disciplinei Nr. crt. Pozi\u021bia \u00een disciplin\u0103 Nume \u0219i prenume 1. Laborant Kosztan Jolan \u00a0 Activitate didactic\u0103 Cursuri [&hellip;]<\/p>\n","protected":false},"author":14,"featured_media":0,"parent":150,"menu_order":0,"comment_status":"closed","ping_status":"closed","template":"","meta":{"_relevanssi_hide_post":"","_relevanssi_hide_content":"","_relevanssi_pin_for_all":"","_relevanssi_pin_keywords":"","_relevanssi_unpin_keywords":"","_relevanssi_related_keywords":"","_relevanssi_related_include_ids":"","_relevanssi_related_exclude_ids":"","_relevanssi_related_no_append":"","_relevanssi_related_not_related":"","_relevanssi_related_posts":"1","_relevanssi_noindex_reason":"","footnotes":""},"categories":[13,40],"tags":[],"class_list":["post-2955","page","type-page","status-publish","hentry","category-pagina-cu-sidebar","category-pagina-departamente-si-discipline"],"meta_box":[],"_links":{"self":[{"href":"https:\/\/umfst.ro\/facultatea-de-medicina\/hu\/wp-json\/wp\/v2\/pages\/2955","targetHints":{"allow":["GET"]}}],"collection":[{"href":"https:\/\/umfst.ro\/facultatea-de-medicina\/hu\/wp-json\/wp\/v2\/pages"}],"about":[{"href":"https:\/\/umfst.ro\/facultatea-de-medicina\/hu\/wp-json\/wp\/v2\/types\/page"}],"author":[{"embeddable":true,"href":"https:\/\/umfst.ro\/facultatea-de-medicina\/hu\/wp-json\/wp\/v2\/users\/14"}],"replies":[{"embeddable":true,"href":"https:\/\/umfst.ro\/facultatea-de-medicina\/hu\/wp-json\/wp\/v2\/comments?post=2955"}],"version-history":[{"count":38,"href":"https:\/\/umfst.ro\/facultatea-de-medicina\/hu\/wp-json\/wp\/v2\/pages\/2955\/revisions"}],"predecessor-version":[{"id":8400,"href":"https:\/\/umfst.ro\/facultatea-de-medicina\/hu\/wp-json\/wp\/v2\/pages\/2955\/revisions\/8400"}],"up":[{"embeddable":true,"href":"https:\/\/umfst.ro\/facultatea-de-medicina\/hu\/wp-json\/wp\/v2\/pages\/150"}],"wp:attachment":[{"href":"https:\/\/umfst.ro\/facultatea-de-medicina\/hu\/wp-json\/wp\/v2\/media?parent=2955"}],"wp:term":[{"taxonomy":"category","embeddable":true,"href":"https:\/\/umfst.ro\/facultatea-de-medicina\/hu\/wp-json\/wp\/v2\/categories?post=2955"},{"taxonomy":"post_tag","embeddable":true,"href":"https:\/\/umfst.ro\/facultatea-de-medicina\/hu\/wp-json\/wp\/v2\/tags?post=2955"}],"curies":[{"name":"wp","href":"https:\/\/api.w.org\/{rel}","templated":true}]}}