{"id":2975,"date":"2023-06-21T16:53:36","date_gmt":"2023-06-21T13:53:36","guid":{"rendered":"https:\/\/dev.umfst.ro\/facultatea-de-medicina\/?page_id=2975"},"modified":"2025-11-06T13:10:32","modified_gmt":"2025-11-06T11:10:32","slug":"informatica-medicala-si-biostatistica","status":"publish","type":"page","link":"https:\/\/umfst.ro\/facultatea-de-medicina\/hu\/departamente-si-discipline\/m2-stiinte-functionale-complementare\/informatica-medicala-si-biostatistica\/","title":{"rendered":"Informatic\u0103 Medical\u0103 \u0219i Biostatistic\u0103"},"content":{"rendered":"<div data-elementor-type=\"wp-page\" data-elementor-id=\"2975\" class=\"elementor elementor-2975\" data-elementor-post-type=\"page\">\n\t\t\t\t\t\t<section class=\"elementor-section elementor-top-section elementor-element elementor-element-7a83ac91 elementor-section-boxed elementor-section-height-default elementor-section-height-default\" data-id=\"7a83ac91\" data-element_type=\"section\" data-e-type=\"section\">\n\t\t\t\t\t\t<div class=\"elementor-container elementor-column-gap-default\">\n\t\t\t\t\t<div class=\"elementor-column elementor-col-50 elementor-top-column elementor-element elementor-element-3e42cb35\" data-id=\"3e42cb35\" data-element_type=\"column\" data-e-type=\"column\">\n\t\t\t<div class=\"elementor-widget-wrap elementor-element-populated\">\n\t\t\t\t\t\t<div class=\"elementor-element elementor-element-edb9449 elementor-widget elementor-widget-text-editor\" data-id=\"edb9449\" data-element_type=\"widget\" data-e-type=\"widget\" data-widget_type=\"text-editor.default\">\n\t\t\t\t<div class=\"elementor-widget-container\">\n\t\t\t\t\t\t\t\t\t<h2>Colectivul disciplinei<\/h2><p><strong>\u0218ef disciplin\u0103<\/strong><br \/>Prof. univ. dr. \u0218tefan-Marius M\u0103ru\u0219teri &#8211; <a href=\"https:\/\/www.umfst.ro\/fileadmin\/f_medicina\/Cadre_didactice\/2025-2026\/Departament_M2\/Informatica_medicala_si_biostatistica\/CV_site_UMFST_Marusteri_Marius.pdf\">CV<\/a><\/p><p><strong>Membri<br \/><\/strong>Conf. univ. dr. Peter Olah &#8211; <a href=\"https:\/\/www.umfst.ro\/fileadmin\/f_medicina\/Cadre_didactice\/2025-2026\/Departament_M2\/Informatica_medicala_si_biostatistica\/CV_site_UMFST_Ro_ OLAH PETER 2025 V2.pdf\" data-wplink-url-error=\"true\">CV<\/a><br \/>Conf. univ. dr. C\u0103lin Avram &#8211; <a href=\"https:\/\/www.umfst.ro\/fileadmin\/f_medicina\/Cadre_didactice\/2025-2026\/Departament_M2\/Informatica_medicala_si_biostatistica\/CV_site_UMFST_Avram Calin.pdf\" data-wplink-url-error=\"true\">CV<\/a><br \/>\u0218ef lucr. dr. Victoria Nyulas &#8211; <a href=\"https:\/\/www.umfst.ro\/fileadmin\/f_medicina\/Cadre_didactice\/2025-2026\/Departament_M2\/Informatica_medicala_si_biostatistica\/CV_site_UMFST_Nyulas Victoria.pdf\" data-wplink-url-error=\"true\">CV<\/a><br \/>\u0218ef lucr. dr. Paul C\u0103lburean &#8211; <a href=\"https:\/\/www.umfst.ro\/fileadmin\/f_medicina\/Cadre_didactice\/2025-2026\/Departament_M2\/Informatica_medicala_si_biostatistica\/CV_site_UMFST_Calburean_Paul.pdf\">CV<\/a><br \/>Asist. univ. dr. Ioanovici Andrei &#8211; <a href=\"https:\/\/www.umfst.ro\/fileadmin\/f_medicina\/Cadre_didactice\/2025-2026\/Departament_M2\/Informatica_medicala_si_biostatistica\/IOANOVICI_Model_CV_site_UMFST.pdf\">CV<\/a><br \/>Asist. univ. drd. Stoica-Buracinschi Florin &#8211; <a href=\"https:\/\/www.umfst.ro\/fileadmin\/f_medicina\/Cadre_didactice\/2025-2026\/Departament_M2\/Informatica_medicala_si_biostatistica\/CV_site_UMFST_Stoica-Buracinschi_Florin.pdf\">CV<\/a><\/p>\t\t\t\t\t\t\t\t<\/div>\n\t\t\t\t<\/div>\n\t\t\t\t<div class=\"elementor-element elementor-element-f6f8519 elementor-widget elementor-widget-text-editor\" data-id=\"f6f8519\" data-element_type=\"widget\" data-e-type=\"widget\" data-widget_type=\"text-editor.default\">\n\t\t\t\t<div class=\"elementor-widget-container\">\n\t\t\t\t\t\t\t\t\t<h2>Activitate didactic\u0103<\/h2>\t\t\t\t\t\t\t\t<\/div>\n\t\t\t\t<\/div>\n\t\t\t\t<div class=\"elementor-element elementor-element-84ff91c elementor-widget elementor-widget-jet-accordion\" data-id=\"84ff91c\" data-element_type=\"widget\" data-e-type=\"widget\" data-widget_type=\"jet-accordion.default\">\n\t\t\t\t<div class=\"elementor-widget-container\">\n\t\t\t\t\t\t\t\t\t<div class=\"jet-accordion\" data-settings=\"{&quot;collapsible&quot;:false,&quot;ajaxTemplate&quot;:false,&quot;switchScrolling&quot;:false,&quot;switchScrollingTablet&quot;:false,&quot;switchScrollingMobile&quot;:false,&quot;switchScrollingOffset&quot;:{&quot;size&quot;:0,&quot;unit&quot;:&quot;px&quot;},&quot;switchScrollingOffsetTablet&quot;:{&quot;size&quot;:0,&quot;unit&quot;:&quot;px&quot;},&quot;switchScrollingOffsetMobile&quot;:{&quot;size&quot;:0,&quot;unit&quot;:&quot;px&quot;},&quot;switchScrollingDelay&quot;:500,&quot;switchScrollingDelayTablet&quot;:500,&quot;switchScrollingDelayMobile&quot;:500}\">\n\t\t\t<div class=\"jet-accordion__inner\">\n\t\t\t\t<div class=\"jet-accordion__item jet-toggle jet-toggle-move-up-effect\">\n\t\t\t\t\t\t\t<div id=\"jet-toggle-control-1391\" class=\"jet-toggle__control elementor-menu-anchor\" data-toggle=\"1\" role=\"button\" tabindex=\"0\" aria-controls=\"jet-toggle-content-1391\" aria-expanded=\"false\" data-template-id=\"false\">\n\t\t\t\t\t\t\t\t<div class=\"jet-toggle__label-icon jet-toggle-icon-position-right\"><span class=\"jet-toggle__icon icon-normal jet-tabs-icon\"><svg xmlns=\"http:\/\/www.w3.org\/2000\/svg\" viewbox=\"0 0 448 512\"><path d=\"M256 80c0-17.7-14.3-32-32-32s-32 14.3-32 32V224H48c-17.7 0-32 14.3-32 32s14.3 32 32 32H192V432c0 17.7 14.3 32 32 32s32-14.3 32-32V288H400c17.7 0 32-14.3 32-32s-14.3-32-32-32H256V80z\"><\/path><\/svg><\/span><span class=\"jet-toggle__icon icon-active jet-tabs-icon\"><svg xmlns=\"http:\/\/www.w3.org\/2000\/svg\" viewbox=\"0 0 448 512\"><path d=\"M432 256c0 17.7-14.3 32-32 32L48 288c-17.7 0-32-14.3-32-32s14.3-32 32-32l352 0c17.7 0 32 14.3 32 32z\"><\/path><\/svg><\/span><\/div><div class=\"jet-toggle__label-text\">Cursuri pentru studen\u021bi<\/div>\t\t\t\t\t\t\t<\/div>\n\t\t\t\t\t\t\t<div id=\"jet-toggle-content-1391\" class=\"jet-toggle__content\" data-toggle=\"1\" role=\"region\" data-template-id=\"false\">\n\t\t\t\t\t\t\t\t<div class=\"jet-toggle__content-inner\"><ol><li style=\"background: white\"><strong><span style=\"font-family: 'Arial',sans-serif;color: #0f0f0f\">Prof. univ. dr. Marius M\u0103ru\u015fteri<\/span><\/strong><span style=\"font-family: 'Arial',sans-serif;color: #0f0f0f\">, Informatic\u0103 medical\u0103 \u2013 Anul I LR, Medicin\u0103, Facultatea de Medicin\u0103<\/span><\/li><li style=\"background: white\"><strong><span style=\"font-family: 'Arial',sans-serif;color: #0f0f0f\">Prof. univ. dr. Marius M\u0103ru\u015fteri<\/span><\/strong><span style=\"font-family: 'Arial',sans-serif;color: #0f0f0f\">, Biostatistic\u0103 \u2013 Anul II LR, Medicin\u0103, Facultatea de Medicin\u0103<\/span><\/li><li style=\"background: white\"><strong><span style=\"font-family: 'Arial',sans-serif;color: #0f0f0f\">Prof. univ. dr. Marius M\u0103ru\u015fteri<\/span><\/strong><span style=\"font-family: 'Arial',sans-serif;color: #0f0f0f\">, Biostatistic\u0103 \u2013 Anul I, MMSS, Facultatea de Medicin\u0103<\/span><\/li><li style=\"background: white\"><strong><span style=\"font-family: 'Arial',sans-serif;color: #0f0f0f\">Conf. univ. dr. Olah Peter<\/span><\/strong><span style=\"font-family: 'Arial',sans-serif;color: #0f0f0f\">, <strong><span style=\"font-family: 'Arial',sans-serif\">Informatic\u0103 medical\u0103 \u2013 anul I, Medicin\u0103 General\u0103 LE, LM<\/span><\/strong><\/span><\/li><li style=\"background: white\"><strong><span style=\"font-family: 'Arial',sans-serif;color: #0f0f0f\">Conf. univ. dr. Olah Peter<\/span><\/strong><span style=\"font-family: 'Arial',sans-serif;color: #0f0f0f\">, <strong><span style=\"font-family: 'Arial',sans-serif\">Biostatistic\u0103 \u2013 anul II, Medicin\u0103 General\u0103 LE, LM<\/span><\/strong><\/span><\/li><li style=\"background: white\"><strong><span style=\"font-family: 'Arial',sans-serif;color: #0f0f0f\">Sef. lucr. dr. Avram C\u0103lin<\/span><\/strong><span style=\"font-family: 'Arial',sans-serif;color: #0f0f0f\">, Informatica medicala. Biostatistica \u2013 anul I, Nutri\u021bie \u0219i Dietetic\u0103 + BFK<\/span><\/li><li style=\"background: white\"><strong><span style=\"font-family: 'Arial',sans-serif;color: #0f0f0f\">Sef. lucr. dr. Avram C\u0103lin<\/span><\/strong><span style=\"font-family: 'Arial',sans-serif;color: #0f0f0f\">, Informatica medicala. Biostatistica \u2013 anul I, Asisten\u021b\u0103 medical\u0103 general<\/span><\/li><li style=\"background: white\"><strong><span style=\"font-family: 'Arial',sans-serif;color: #0f0f0f\">Sef lucrari Dr. Pop Marian<\/span><\/strong><span style=\"font-family: 'Arial',sans-serif;color: #0f0f0f\">, Informatica medical si biostatistic\u0103 \u2013 anul I, Medicina dentara engleza<\/span><\/li><\/ol><\/div>\n\t\t\t\t\t\t\t<\/div>\n\t\t\t\t\t\t<\/div><div class=\"jet-accordion__item jet-toggle jet-toggle-move-up-effect\">\n\t\t\t\t\t\t\t<div id=\"jet-toggle-control-1392\" class=\"jet-toggle__control elementor-menu-anchor\" data-toggle=\"2\" role=\"button\" tabindex=\"0\" aria-controls=\"jet-toggle-content-1392\" aria-expanded=\"false\" data-template-id=\"false\">\n\t\t\t\t\t\t\t\t<div class=\"jet-toggle__label-icon jet-toggle-icon-position-right\"><span class=\"jet-toggle__icon icon-normal jet-tabs-icon\"><svg xmlns=\"http:\/\/www.w3.org\/2000\/svg\" viewbox=\"0 0 448 512\"><path d=\"M256 80c0-17.7-14.3-32-32-32s-32 14.3-32 32V224H48c-17.7 0-32 14.3-32 32s14.3 32 32 32H192V432c0 17.7 14.3 32 32 32s32-14.3 32-32V288H400c17.7 0 32-14.3 32-32s-14.3-32-32-32H256V80z\"><\/path><\/svg><\/span><span class=\"jet-toggle__icon icon-active jet-tabs-icon\"><svg xmlns=\"http:\/\/www.w3.org\/2000\/svg\" viewbox=\"0 0 448 512\"><path d=\"M432 256c0 17.7-14.3 32-32 32L48 288c-17.7 0-32-14.3-32-32s14.3-32 32-32l352 0c17.7 0 32 14.3 32 32z\"><\/path><\/svg><\/span><\/div><div class=\"jet-toggle__label-text\">Stagii clinice, lucr\u0103ri practice<\/div>\t\t\t\t\t\t\t<\/div>\n\t\t\t\t\t\t\t<div id=\"jet-toggle-content-1392\" class=\"jet-toggle__content\" data-toggle=\"2\" role=\"region\" data-template-id=\"false\">\n\t\t\t\t\t\t\t\t<div class=\"jet-toggle__content-inner\"><ol><li style=\"background: white\"><strong><span style=\"font-family: 'Arial',sans-serif;color: #0f0f0f\">Conf. univ. dr. Olah Peter<\/span><\/strong><span style=\"font-family: 'Arial',sans-serif;color: #0f0f0f\">, I<strong><span style=\"font-family: 'Arial',sans-serif\">nformatic\u0103 medical\u0103 \u2013 anul I, Medicin\u0103 General\u0103 LE<\/span><\/strong><\/span><\/li><li style=\"background: white\"><strong><span style=\"font-family: 'Arial',sans-serif;color: #0f0f0f\">Conf. univ. dr. Olah Peter<\/span><\/strong><span style=\"font-family: 'Arial',sans-serif;color: #0f0f0f\">, <strong><span style=\"font-family: 'Arial',sans-serif\">Biostatistic\u0103 \u2013 anul II, Medicin\u0103 General\u0103 LE<\/span><\/strong><\/span><\/li><li style=\"background: white\"><strong><span style=\"font-family: 'Arial',sans-serif;color: #0f0f0f\">Sef. lucr. dr. Avram C\u0103lin<\/span><\/strong><span style=\"font-family: 'Arial',sans-serif;color: #0f0f0f\">, Informatic\u0103 medical\u0103 \u2013 anul I, Medicin\u0103 General\u0103<\/span><\/li><li style=\"background: white\"><strong><span style=\"font-family: 'Arial',sans-serif;color: #0f0f0f\">Sef. lucr. dr. Avram C\u0103lin<\/span><\/strong><span style=\"font-family: 'Arial',sans-serif;color: #0f0f0f\">, Informatica medical\u0103.Biostatistic\u0103 \u2013 anul I, Asisten\u021b\u0103 medical\u0103 general<\/span><\/li><li style=\"background: white\"><strong><span style=\"font-family: 'Arial',sans-serif;color: #0f0f0f\">Sef. lucr. dr. Avram C\u0103lin<\/span><\/strong><span style=\"font-family: 'Arial',sans-serif;color: #0f0f0f\">, Informatica farmaceutic\u0103 \u0219i biostatistic\u0103 \u2013 anul I, Farmacie<\/span><\/li><li style=\"background: white\"><strong><span style=\"font-family: 'Arial',sans-serif;color: #0f0f0f\">Sef. lucr. dr. Avram C\u0103lin<\/span><\/strong><span style=\"font-family: 'Arial',sans-serif;color: #0f0f0f\">, Informatica medical\u0103 si biostatistic\u0103 \u2013 anul II, Medicina Dentar\u0103<\/span><\/li><li style=\"background: white\"><strong><span style=\"font-family: 'Arial',sans-serif;color: #0f0f0f\">Sef lucrari Dr. Pop Marian<\/span><\/strong><span style=\"font-family: 'Arial',sans-serif;color: #0f0f0f\">, Informatica medical si biostatistic\u0103 \u2013 anul I, Medicina dentara engleza<\/span><\/li><li style=\"background: white\"><strong><span style=\"font-family: 'Arial',sans-serif;color: #0f0f0f\">Sef lucrari Dr. Pop Marian<\/span><\/strong><span style=\"font-family: 'Arial',sans-serif;color: #0f0f0f\">, Informatica medical\u0103.Biostatistic\u0103 \u2013 anul I, Nutri\u021bie \u0219i Dietetic\u0103<\/span><\/li><li style=\"background: white\"><strong><span style=\"font-family: 'Arial',sans-serif;color: #0f0f0f\">Sef lucrari Dr. Pop Marian<\/span><\/strong><span style=\"font-family: 'Arial',sans-serif;color: #0f0f0f\">, Informatic\u0103 medical\u0103 \u2013 anul I, Medicin\u0103 General\u0103 romana<\/span><\/li><li style=\"background: white\"><strong><span style=\"font-family: 'Arial',sans-serif;color: #0f0f0f\">Sef lucrari Dr. Pop Marian<\/span><\/strong><span style=\"font-family: 'Arial',sans-serif;color: #0f0f0f\">, Biostatistic\u0103 \u2013 anul II, Medicin\u0103 General\u0103 engleza<\/span><\/li><li style=\"background: white\"><strong><span style=\"font-family: 'Arial',sans-serif;color: #0f0f0f\">Asist. Univ. Dr. Dia Trambitas<\/span><\/strong><span style=\"font-family: 'Arial',sans-serif;color: #0f0f0f\">, Informatica medicala. Biostatistica, An I, FMED, AMG<\/span><\/li><li style=\"background: white\"><strong><span style=\"font-family: 'Arial',sans-serif;color: #0f0f0f\">Asist. Univ. Dr. Dia Trambitas<\/span><\/strong><span style=\"font-family: 'Arial',sans-serif;color: #0f0f0f\">, Informatica farmaceutica si biostatistica, An I, FFAR, FAR<\/span><\/li><li style=\"background: white\"><strong><span style=\"font-family: 'Arial',sans-serif;color: #0f0f0f\">Asist. Univ. Dr. Dia Trambitas<\/span><\/strong><span style=\"font-family: 'Arial',sans-serif;color: #0f0f0f\">, Informatica medical\u0103_L,E, An I, FMLE, MER<\/span><\/li><li style=\"background: white\"><strong><span style=\"font-family: 'Arial',sans-serif;color: #0f0f0f\">Asist. Univ. Dr. Dia Trambitas<\/span><\/strong><span style=\"font-family: 'Arial',sans-serif;color: #0f0f0f\">, Biostatistica_L,E, An II, FMLE, MER<\/span><\/li><li style=\"background: white\"><strong><span style=\"font-family: 'Arial',sans-serif;color: #0f0f0f\">Asist. Univ. Dr. Dia Trambitas<\/span><\/strong><span style=\"font-family: 'Arial',sans-serif;color: #0f0f0f\">, Informatica medicala si biostatistica, AN II, FMDE, MDR<\/span><\/li><li style=\"background: white\"><strong><span style=\"font-family: 'Arial',sans-serif;color: #0f0f0f\">Asist. Univ. Dr. Dia Trambitas<\/span><\/strong><span style=\"font-family: 'Arial',sans-serif;color: #0f0f0f\">, Informatica medicala si biostatistica, AN I, FMDE, TDH<\/span><\/li><li style=\"background: white\"><strong><span style=\"font-family: 'Arial',sans-serif;color: #0f0f0f\">Asist. Univ. Dr. Dia Trambitas<\/span><\/strong><span style=\"font-family: 'Arial',sans-serif;color: #0f0f0f\">, Biostatistica, An II, FMED, MED<\/span><\/li><li style=\"background: white\"><strong><span style=\"font-family: 'Arial',sans-serif;color: #0f0f0f\">Asist. Univ. Dr. Rus Victoria Ancu\u021ba<\/span><\/strong><span style=\"font-family: 'Arial',sans-serif;color: #0f0f0f\">, Informatica medical\u0103.Biostatistic\u0103 \u2013 anul I, Asisten\u021b\u0103 medical\u0103 general\u0103, LR<\/span><\/li><li style=\"background: white\"><strong><span style=\"font-family: 'Arial',sans-serif;color: #0f0f0f\">Asist. Univ. Dr. Rus Victoria Ancu\u021ba<\/span><\/strong><span style=\"font-family: 'Arial',sans-serif;color: #0f0f0f\">, Informatica medical\u0103.Biostatistic\u0103 \u2013 anul I, Nutri\u021bie \u0219i Dietetic\u0103<\/span><\/li><li style=\"background: white\"><strong><span style=\"font-family: 'Arial',sans-serif;color: #0f0f0f\">Asist. Univ. Dr. Rus Victoria Ancu\u021ba<\/span><\/strong><span style=\"font-family: 'Arial',sans-serif;color: #0f0f0f\">, Informatic\u0103 medical\u0103 \u2013 anul I, Medicin\u0103 General\u0103, LR<\/span><\/li><li style=\"background: white\"><strong><span style=\"font-family: 'Arial',sans-serif;color: #0f0f0f\">Asist. Univ. Dr. Rus Victoria Ancu\u021ba<\/span><\/strong><span style=\"font-family: 'Arial',sans-serif;color: #0f0f0f\">, Biostatistic\u0103 \u2013 anul II, Medicin\u0103 General\u0103, LR<\/span><\/li><\/ol><\/div>\n\t\t\t\t\t\t\t<\/div>\n\t\t\t\t\t\t<\/div><div class=\"jet-accordion__item jet-toggle jet-toggle-move-up-effect\">\n\t\t\t\t\t\t\t<div id=\"jet-toggle-control-1393\" class=\"jet-toggle__control elementor-menu-anchor\" data-toggle=\"3\" role=\"button\" tabindex=\"0\" aria-controls=\"jet-toggle-content-1393\" aria-expanded=\"false\" data-template-id=\"false\">\n\t\t\t\t\t\t\t\t<div class=\"jet-toggle__label-icon jet-toggle-icon-position-right\"><span class=\"jet-toggle__icon icon-normal jet-tabs-icon\"><svg xmlns=\"http:\/\/www.w3.org\/2000\/svg\" viewbox=\"0 0 448 512\"><path d=\"M256 80c0-17.7-14.3-32-32-32s-32 14.3-32 32V224H48c-17.7 0-32 14.3-32 32s14.3 32 32 32H192V432c0 17.7 14.3 32 32 32s32-14.3 32-32V288H400c17.7 0 32-14.3 32-32s-14.3-32-32-32H256V80z\"><\/path><\/svg><\/span><span class=\"jet-toggle__icon icon-active jet-tabs-icon\"><svg xmlns=\"http:\/\/www.w3.org\/2000\/svg\" viewbox=\"0 0 448 512\"><path d=\"M432 256c0 17.7-14.3 32-32 32L48 288c-17.7 0-32-14.3-32-32s14.3-32 32-32l352 0c17.7 0 32 14.3 32 32z\"><\/path><\/svg><\/span><\/div><div class=\"jet-toggle__label-text\">Manuale \u0219i \u00eendrum\u0103toare de lucr\u0103ri practice<\/div>\t\t\t\t\t\t\t<\/div>\n\t\t\t\t\t\t\t<div id=\"jet-toggle-content-1393\" class=\"jet-toggle__content\" data-toggle=\"3\" role=\"region\" data-template-id=\"false\">\n\t\t\t\t\t\t\t\t<div class=\"jet-toggle__content-inner\"><\/div>\n\t\t\t\t\t\t\t<\/div>\n\t\t\t\t\t\t<\/div>\t\t\t<\/div>\n\t\t<\/div>\n\t\t\t\t\t\t<\/div>\n\t\t\t\t<\/div>\n\t\t\t\t\t<\/div>\n\t\t<\/div>\n\t\t\t\t<div class=\"elementor-column elementor-col-50 elementor-top-column elementor-element elementor-element-1f3a1ad\" data-id=\"1f3a1ad\" data-element_type=\"column\" data-e-type=\"column\">\n\t\t\t<div class=\"elementor-widget-wrap elementor-element-populated\">\n\t\t\t\t\t\t<section class=\"elementor-section elementor-inner-section elementor-element elementor-element-e4343bf elementor-section-boxed elementor-section-height-default elementor-section-height-default\" data-id=\"e4343bf\" data-element_type=\"section\" data-e-type=\"section\">\n\t\t\t\t\t\t<div class=\"elementor-container elementor-column-gap-default\">\n\t\t\t\t\t<div data-dce-background-color=\"#F2F7FF\" class=\"elementor-column elementor-col-100 elementor-inner-column elementor-element elementor-element-50a26c9\" data-id=\"50a26c9\" data-element_type=\"column\" data-e-type=\"column\" data-settings=\"{&quot;background_background&quot;:&quot;classic&quot;}\">\n\t\t\t<div class=\"elementor-widget-wrap elementor-element-populated\">\n\t\t\t\t\t\t<div class=\"elementor-element elementor-element-75b88aa elementor-widget elementor-widget-heading\" data-id=\"75b88aa\" data-element_type=\"widget\" data-e-type=\"widget\" data-widget_type=\"heading.default\">\n\t\t\t\t<div class=\"elementor-widget-container\">\n\t\t\t\t\t<h5 class=\"elementor-heading-title elementor-size-default\">Contact<\/h5>\t\t\t\t<\/div>\n\t\t\t\t<\/div>\n\t\t\t\t<div class=\"elementor-element elementor-element-7221eab elementor-widget-divider--view-line elementor-widget elementor-widget-divider\" data-id=\"7221eab\" data-element_type=\"widget\" data-e-type=\"widget\" data-widget_type=\"divider.default\">\n\t\t\t\t<div class=\"elementor-widget-container\">\n\t\t\t\t\t\t\t<div class=\"elementor-divider\">\n\t\t\t<span class=\"elementor-divider-separator\">\n\t\t\t\t\t\t<\/span>\n\t\t<\/div>\n\t\t\t\t\t\t<\/div>\n\t\t\t\t<\/div>\n\t\t\t\t<div class=\"elementor-element elementor-element-638f4f2 elementor-widget elementor-widget-icon-box\" data-id=\"638f4f2\" data-element_type=\"widget\" data-e-type=\"widget\" data-widget_type=\"icon-box.default\">\n\t\t\t\t<div class=\"elementor-widget-container\">\n\t\t\t\t\t\t\t<div class=\"elementor-icon-box-wrapper\">\n\n\t\t\t\n\t\t\t\t\t\t<div class=\"elementor-icon-box-content\">\n\n\t\t\t\t\t\t\t\t\t<h3 class=\"elementor-icon-box-title\">\n\t\t\t\t\t\t<span  >\n\t\t\t\t\t\t\tAdres\u0103\t\t\t\t\t\t<\/span>\n\t\t\t\t\t<\/h3>\n\t\t\t\t\n\t\t\t\t\t\t\t\t\t<p class=\"elementor-icon-box-description\">\n\t\t\t\t\t\tStr. Gheorghe Marinescu Nr. 38,<br>\netaj 1, aripa dreapta a cl\u0103dirii principale \n<br>UMFST T\u00e2rgu Mure\u0219, 540139\nRom\u00e2nia\t\t\t\t\t<\/p>\n\t\t\t\t\n\t\t\t<\/div>\n\t\t\t\n\t\t<\/div>\n\t\t\t\t\t\t<\/div>\n\t\t\t\t<\/div>\n\t\t\t\t<div class=\"elementor-element elementor-element-4fdaf49 elementor-widget elementor-widget-icon-box\" data-id=\"4fdaf49\" data-element_type=\"widget\" data-e-type=\"widget\" data-widget_type=\"icon-box.default\">\n\t\t\t\t<div class=\"elementor-widget-container\">\n\t\t\t\t\t\t\t<div class=\"elementor-icon-box-wrapper\">\n\n\t\t\t\n\t\t\t\t\t\t<div class=\"elementor-icon-box-content\">\n\n\t\t\t\t\t\t\t\t\t<h3 class=\"elementor-icon-box-title\">\n\t\t\t\t\t\t<span  >\n\t\t\t\t\t\t\tPersoan\u0103 de contact\t\t\t\t\t\t<\/span>\n\t\t\t\t\t<\/h3>\n\t\t\t\t\n\t\t\t\t\t\t\t\t\t<p class=\"elementor-icon-box-description\">\n\t\t\t\t\t\tProf. univ. dr. Marius M\u0103ru\u015fteri\t\t\t\t\t<\/p>\n\t\t\t\t\n\t\t\t<\/div>\n\t\t\t\n\t\t<\/div>\n\t\t\t\t\t\t<\/div>\n\t\t\t\t<\/div>\n\t\t\t\t<div class=\"elementor-element elementor-element-790efdc elementor-widget elementor-widget-icon-box\" data-id=\"790efdc\" data-element_type=\"widget\" data-e-type=\"widget\" data-widget_type=\"icon-box.default\">\n\t\t\t\t<div class=\"elementor-widget-container\">\n\t\t\t\t\t\t\t<div class=\"elementor-icon-box-wrapper\">\n\n\t\t\t\n\t\t\t\t\t\t<div class=\"elementor-icon-box-content\">\n\n\t\t\t\t\t\t\t\t\t<h3 class=\"elementor-icon-box-title\">\n\t\t\t\t\t\t<span  >\n\t\t\t\t\t\t\tE-mail\t\t\t\t\t\t<\/span>\n\t\t\t\t\t<\/h3>\n\t\t\t\t\n\t\t\t\t\t\t\t\t\t<p class=\"elementor-icon-box-description\">\n\t\t\t\t\t\tmarius.marusteri@umfst.ro\t\t\t\t\t<\/p>\n\t\t\t\t\n\t\t\t<\/div>\n\t\t\t\n\t\t<\/div>\n\t\t\t\t\t\t<\/div>\n\t\t\t\t<\/div>\n\t\t\t\t<div class=\"elementor-element elementor-element-d8f5114 elementor-widget elementor-widget-icon-box\" data-id=\"d8f5114\" data-element_type=\"widget\" data-e-type=\"widget\" data-widget_type=\"icon-box.default\">\n\t\t\t\t<div class=\"elementor-widget-container\">\n\t\t\t\t\t\t\t<div class=\"elementor-icon-box-wrapper\">\n\n\t\t\t\n\t\t\t\t\t\t<div class=\"elementor-icon-box-content\">\n\n\t\t\t\t\t\t\t\t\t<h3 class=\"elementor-icon-box-title\">\n\t\t\t\t\t\t<span  >\n\t\t\t\t\t\t\tTelefon\t\t\t\t\t\t<\/span>\n\t\t\t\t\t<\/h3>\n\t\t\t\t\n\t\t\t\t\t\t\t\t\t<p class=\"elementor-icon-box-description\">\n\t\t\t\t\t\t+40-265-215.551\t\t\t\t\t<\/p>\n\t\t\t\t\n\t\t\t<\/div>\n\t\t\t\n\t\t<\/div>\n\t\t\t\t\t\t<\/div>\n\t\t\t\t<\/div>\n\t\t\t\t\t<\/div>\n\t\t<\/div>\n\t\t\t\t\t<\/div>\n\t\t<\/section>\n\t\t\t\t\t<\/div>\n\t\t<\/div>\n\t\t\t\t\t<\/div>\n\t\t<\/section>\n\t\t\t\t<\/div>","protected":false},"excerpt":{"rendered":"<p>Colectivul disciplinei \u0218ef disciplin\u0103Prof. univ. dr. \u0218tefan-Marius M\u0103ru\u0219teri &#8211; CV MembriConf. univ. dr. Peter Olah &#8211; CVConf. univ. dr. C\u0103lin Avram &#8211; CV\u0218ef lucr. dr. Victoria Nyulas &#8211; CV\u0218ef lucr. dr. Paul C\u0103lburean &#8211; CVAsist. univ. dr. Ioanovici Andrei &#8211; CVAsist. univ. drd. Stoica-Buracinschi Florin &#8211; CV Activitate didactic\u0103 Cursuri pentru studen\u021bi Prof. univ. dr. [&hellip;]<\/p>\n","protected":false},"author":14,"featured_media":0,"parent":150,"menu_order":0,"comment_status":"closed","ping_status":"closed","template":"","meta":{"_relevanssi_hide_post":"","_relevanssi_hide_content":"","_relevanssi_pin_for_all":"","_relevanssi_pin_keywords":"","_relevanssi_unpin_keywords":"","_relevanssi_related_keywords":"","_relevanssi_related_include_ids":"","_relevanssi_related_exclude_ids":"","_relevanssi_related_no_append":"","_relevanssi_related_not_related":"","_relevanssi_related_posts":"1","_relevanssi_noindex_reason":"","footnotes":""},"categories":[13,40],"tags":[],"class_list":["post-2975","page","type-page","status-publish","hentry","category-pagina-cu-sidebar","category-pagina-departamente-si-discipline"],"meta_box":[],"_links":{"self":[{"href":"https:\/\/umfst.ro\/facultatea-de-medicina\/hu\/wp-json\/wp\/v2\/pages\/2975","targetHints":{"allow":["GET"]}}],"collection":[{"href":"https:\/\/umfst.ro\/facultatea-de-medicina\/hu\/wp-json\/wp\/v2\/pages"}],"about":[{"href":"https:\/\/umfst.ro\/facultatea-de-medicina\/hu\/wp-json\/wp\/v2\/types\/page"}],"author":[{"embeddable":true,"href":"https:\/\/umfst.ro\/facultatea-de-medicina\/hu\/wp-json\/wp\/v2\/users\/14"}],"replies":[{"embeddable":true,"href":"https:\/\/umfst.ro\/facultatea-de-medicina\/hu\/wp-json\/wp\/v2\/comments?post=2975"}],"version-history":[{"count":46,"href":"https:\/\/umfst.ro\/facultatea-de-medicina\/hu\/wp-json\/wp\/v2\/pages\/2975\/revisions"}],"predecessor-version":[{"id":8898,"href":"https:\/\/umfst.ro\/facultatea-de-medicina\/hu\/wp-json\/wp\/v2\/pages\/2975\/revisions\/8898"}],"up":[{"embeddable":true,"href":"https:\/\/umfst.ro\/facultatea-de-medicina\/hu\/wp-json\/wp\/v2\/pages\/150"}],"wp:attachment":[{"href":"https:\/\/umfst.ro\/facultatea-de-medicina\/hu\/wp-json\/wp\/v2\/media?parent=2975"}],"wp:term":[{"taxonomy":"category","embeddable":true,"href":"https:\/\/umfst.ro\/facultatea-de-medicina\/hu\/wp-json\/wp\/v2\/categories?post=2975"},{"taxonomy":"post_tag","embeddable":true,"href":"https:\/\/umfst.ro\/facultatea-de-medicina\/hu\/wp-json\/wp\/v2\/tags?post=2975"}],"curies":[{"name":"wp","href":"https:\/\/api.w.org\/{rel}","templated":true}]}}