{"id":2992,"date":"2023-06-21T16:58:35","date_gmt":"2023-06-21T13:58:35","guid":{"rendered":"https:\/\/dev.umfst.ro\/facultatea-de-medicina\/?page_id=2992"},"modified":"2025-10-21T14:40:39","modified_gmt":"2025-10-21T11:40:39","slug":"medicina-de-laborator","status":"publish","type":"page","link":"https:\/\/umfst.ro\/facultatea-de-medicina\/hu\/departamente-si-discipline\/m2-stiinte-functionale-complementare\/medicina-de-laborator\/","title":{"rendered":"Laborat\u00f3riumi Orvosl\u00e1s"},"content":{"rendered":"<div data-elementor-type=\"wp-page\" data-elementor-id=\"2992\" class=\"elementor elementor-2992\" data-elementor-post-type=\"page\">\n\t\t\t\t\t\t<section class=\"elementor-section elementor-top-section elementor-element elementor-element-7a83ac91 elementor-section-boxed elementor-section-height-default elementor-section-height-default\" data-id=\"7a83ac91\" data-element_type=\"section\" data-e-type=\"section\">\n\t\t\t\t\t\t<div class=\"elementor-container elementor-column-gap-default\">\n\t\t\t\t\t<div class=\"elementor-column elementor-col-50 elementor-top-column elementor-element elementor-element-3e42cb35\" data-id=\"3e42cb35\" data-element_type=\"column\" data-e-type=\"column\">\n\t\t\t<div class=\"elementor-widget-wrap elementor-element-populated\">\n\t\t\t\t\t\t<div class=\"elementor-element elementor-element-b2694f2 elementor-widget elementor-widget-text-editor\" data-id=\"b2694f2\" data-element_type=\"widget\" data-e-type=\"widget\" data-widget_type=\"text-editor.default\">\n\t\t\t\t<div class=\"elementor-widget-container\">\n\t\t\t\t\t\t\t\t\t<h2>Colectivul disciplinei<\/h2><p><strong>\u0218ef disciplin\u0103<\/strong><br \/>Prof. univ. dr. Minodora Dobreanu &#8211; <a href=\"https:\/\/www.umfst.ro\/fileadmin\/f_medicina\/Cadre_didactice\/2025-2026\/Departament_M2\/Medicina_de_laborator\/2024-Dobreanu M_CV_site_UMFST .pdf\">CV<\/a><\/p><p><strong>Membri<\/strong><br \/>Conf. univ. dr. Adina Hu\u021banu &#8211; <a href=\"https:\/\/www.umfst.ro\/fileadmin\/f_medicina\/Cadre_didactice\/2025-2026\/Departament_M2\/Medicina_de_laborator\/2024-CV_site_UMFST Adina Hutanu.pdf\">CV<\/a><br \/>\u0218ef lucr. dr. Fodor Marta-Andrea &#8211; <a href=\"https:\/\/www.umfst.ro\/fileadmin\/f_medicina\/Cadre_didactice\/2025-2026\/Departament_M2\/Medicina_de_laborator\/2024-Fodor MA_CV_site_UMFST.pdf\">CV<\/a><br \/>\u0218ef lucr. dr. Oana Roxana Oprea &#8211; <a href=\"https:\/\/www.umfst.ro\/fileadmin\/f_medicina\/Cadre_didactice\/2025-2026\/Departament_M2\/Medicina_de_laborator\/CV_site_UMFST Oana Oprea .pdf\">CV<\/a><br \/>\u0218ef lucr. dr. Bogdan M\u0103nescu &#8211; ME1 &#8211; <a href=\"https:\/\/www.umfst.ro\/fileadmin\/f_medicina_engleza\/cadre_didactice\/2025\/CV_FMLE_RO\/CV%20site_UMFST_Ro_Manescu%20Bogdan.pdf\">CV<\/a><br \/>Asist. univ. dr. Preda Cristina &#8211; <a href=\"https:\/\/www.umfst.ro\/fileadmin\/f_medicina\/Cadre_didactice\/2025-2026\/Departament_M2\/Medicina_de_laborator\/CV_site_UMFST- Cristina Preda.pdf\">CV<\/a><\/p><h5>Personalul didactic auxiliar al disciplinei<\/h5><table width=\"75%\"><tbody><tr><td width=\"12%\"><strong>Sz\u00e1m<\/strong><\/td><td width=\"53%\"><strong>Pozi\u021bia \u00een disciplin\u0103<\/strong><\/td><td width=\"33%\"><strong>Nume \u0219i prenume<\/strong><\/td><\/tr><tr><td width=\"12%\">1.<\/td><td width=\"53%\">Laborant<\/td><td width=\"33%\">Urzica Ramona<\/td><\/tr><\/tbody><\/table>\t\t\t\t\t\t\t\t<\/div>\n\t\t\t\t<\/div>\n\t\t\t\t<div class=\"elementor-element elementor-element-3fd8e03 elementor-widget elementor-widget-text-editor\" data-id=\"3fd8e03\" data-element_type=\"widget\" data-e-type=\"widget\" data-widget_type=\"text-editor.default\">\n\t\t\t\t<div class=\"elementor-widget-container\">\n\t\t\t\t\t\t\t\t\t<h2>Activitate didactic\u0103<\/h2>\t\t\t\t\t\t\t\t<\/div>\n\t\t\t\t<\/div>\n\t\t\t\t<div class=\"elementor-element elementor-element-84ff91c elementor-widget elementor-widget-jet-accordion\" data-id=\"84ff91c\" data-element_type=\"widget\" data-e-type=\"widget\" data-widget_type=\"jet-accordion.default\">\n\t\t\t\t<div class=\"elementor-widget-container\">\n\t\t\t\t\t\t\t\t\t<div class=\"jet-accordion\" data-settings=\"{&quot;collapsible&quot;:false,&quot;ajaxTemplate&quot;:false,&quot;switchScrolling&quot;:false,&quot;switchScrollingTablet&quot;:false,&quot;switchScrollingMobile&quot;:false,&quot;switchScrollingOffset&quot;:{&quot;size&quot;:0,&quot;unit&quot;:&quot;px&quot;},&quot;switchScrollingOffsetTablet&quot;:{&quot;size&quot;:0,&quot;unit&quot;:&quot;px&quot;},&quot;switchScrollingOffsetMobile&quot;:{&quot;size&quot;:0,&quot;unit&quot;:&quot;px&quot;},&quot;switchScrollingDelay&quot;:500,&quot;switchScrollingDelayTablet&quot;:500,&quot;switchScrollingDelayMobile&quot;:500}\">\n\t\t\t<div class=\"jet-accordion__inner\">\n\t\t\t\t<div class=\"jet-accordion__item jet-toggle jet-toggle-move-up-effect\">\n\t\t\t\t\t\t\t<div id=\"jet-toggle-control-1391\" class=\"jet-toggle__control elementor-menu-anchor\" data-toggle=\"1\" role=\"button\" tabindex=\"0\" aria-controls=\"jet-toggle-content-1391\" aria-expanded=\"false\" data-template-id=\"false\">\n\t\t\t\t\t\t\t\t<div class=\"jet-toggle__label-icon jet-toggle-icon-position-right\"><span class=\"jet-toggle__icon icon-normal jet-tabs-icon\"><svg xmlns=\"http:\/\/www.w3.org\/2000\/svg\" viewbox=\"0 0 448 512\"><path d=\"M256 80c0-17.7-14.3-32-32-32s-32 14.3-32 32V224H48c-17.7 0-32 14.3-32 32s14.3 32 32 32H192V432c0 17.7 14.3 32 32 32s32-14.3 32-32V288H400c17.7 0 32-14.3 32-32s-14.3-32-32-32H256V80z\"><\/path><\/svg><\/span><span class=\"jet-toggle__icon icon-active jet-tabs-icon\"><svg xmlns=\"http:\/\/www.w3.org\/2000\/svg\" viewbox=\"0 0 448 512\"><path d=\"M432 256c0 17.7-14.3 32-32 32L48 288c-17.7 0-32-14.3-32-32s14.3-32 32-32l352 0c17.7 0 32 14.3 32 32z\"><\/path><\/svg><\/span><\/div><div class=\"jet-toggle__label-text\">Cursuri pentru studen\u021bi<\/div>\t\t\t\t\t\t\t<\/div>\n\t\t\t\t\t\t\t<div id=\"jet-toggle-content-1391\" class=\"jet-toggle__content\" data-toggle=\"1\" role=\"region\" data-template-id=\"false\">\n\t\t\t\t\t\t\t\t<div class=\"jet-toggle__content-inner\"><ol><li style=\"background: white\"><p>(materie predat\u0103 \u2013 an, program de studii \u2013 titular de curs )<\/p><ol><li>Imunologie general\u0103 \u0219i de laborator \u2013 an II, Master Laborator Clinic \u2013 Prof. univ. dr. Minodora Dobreanu<\/li><li>Biochimie Clinic\u0103 General\u0103 \u2013 an I, Master Laborator Clinic \u2013 Conf. univ. dr. vacant<\/li><li>Biochimie Clinic\u0103 \u2013 implica\u021bii practice \u2013 an I, Master Laborator Clinic \u2013 Conf. univ. dr. vacant<\/li><li>Examenul s\u00e2ngelui \u0219i a m\u0103duvei osoase. Hematopoieza &#8211; an I, Master Laborator Clinic \u2013 Sef. lucr. dr. asociat dr. Bogdana Dorcioman<\/li><li>Patologia eritrocitar\u0103 \u2013 an I, Master Laborator Clinic \u2013 Sef. lucr. dr. asociat dr. Bogdana Dorcioman<\/li><li>Patologia leucocitar\u0103 \u2013 an I, Master Laborator Clinic \u2013 Sef. lucr. dr. asociat dr. Bogdana Dorcioman<\/li><li>Imunohematologie \u2013 an I, Master Laborator Clinic \u2013 Sef. lucr. dr. asociat dr. Bogdana Dorcioman<\/li><li>Hematologie transfuzional\u0103 \u2013 an II, Master Laborator Clinic \u2013 Sef. lucr. dr. asociat dr. Bogdana Dorcioman<\/li><li>Hemostaz\u0103 \u0219i tromboz\u0103 &#8211; an I, Master Laborator Clinic \u2013 Sef. lucr. dr. asociat dr. Bogdana Dorcioman<\/li><li>Sistemul de management al calit\u0103\u021bii \u00een laboratorul de analize medicale \u2013 an II, Master Laborator Clinic \u2013 \u0218ef de lucr\u0103ri Fodor Andrea<\/li><li>Laborator biochimie clinic\u0103, imunologie \u2013 anul III, Medicin\u0103, Seria Rom\u00e2n\u0103 \u2013 Conf. vacant, Sef. lucr. dr. vacant<\/li><li>Laborator biochimie clinic\u0103, imunologie \u2013 anul III, Medicin\u0103, Seria Maghiar\u0103 \u2013 \u0218ef de lucr\u0103ri Fodor Marta Andrea<\/li><li>Laborator biochimie clinic\u0103, imunologie \u2013 anul III, Medicin\u0103, Seria Englez\u0103 \u2013 Prof. univ. dr. Minodora Dobreanu<\/li><li>Laborator Clinic. Imunologie \u2013 anul II, Asisten\u021b\u0103 Medical\u0103, Seria Rom\u00e2n\u0103 \u2013 \u0218ef de lucr\u0103ri vacant<\/li><li>Laborator Clinic. Imunologie \u2013 anul II, Asisten\u021b\u0103 Medical\u0103, Seria Maghiar\u0103 \u2013 \u0218ef de lucr\u0103ri Andrea Marta Fodor<\/li><li>Biochimie \u2013 anul I, Nutri\u021bie \u2013 \u0218ef de lucr\u0103ri Adina Hutanu<\/li><li>Laborator clinic \u2013 anul III, Farmacie, Seria Rom\u00e2n\u0103 \u2013 \u0218ef de lucr\u0103ri vacant<\/li><li>Laborator clinic \u2013 anul III, Farmacie, Seria Maghiar\u0103 \u2013 \u0218ef de lucr\u0103ri Andrea Marta Fodor<\/li><li>Imunologie \u2013 anul II, Medicin\u0103 dentar\u0103, Seria Rom\u00e2n\u0103 \u2013 \u0218ef de lucr\u0103ri vacant<\/li><li>Imunologie \u2013 anul II, Medicin\u0103 dentar\u0103, Seria Maghiar\u0103 \u2013 \u0218ef de lucr\u0103ri Andrea Marta Fodor<\/li><\/ol><\/li><\/ol><\/div>\n\t\t\t\t\t\t\t<\/div>\n\t\t\t\t\t\t<\/div><div class=\"jet-accordion__item jet-toggle jet-toggle-move-up-effect\">\n\t\t\t\t\t\t\t<div id=\"jet-toggle-control-1392\" class=\"jet-toggle__control elementor-menu-anchor\" data-toggle=\"2\" role=\"button\" tabindex=\"0\" aria-controls=\"jet-toggle-content-1392\" aria-expanded=\"false\" data-template-id=\"false\">\n\t\t\t\t\t\t\t\t<div class=\"jet-toggle__label-icon jet-toggle-icon-position-right\"><span class=\"jet-toggle__icon icon-normal jet-tabs-icon\"><svg xmlns=\"http:\/\/www.w3.org\/2000\/svg\" viewbox=\"0 0 448 512\"><path d=\"M256 80c0-17.7-14.3-32-32-32s-32 14.3-32 32V224H48c-17.7 0-32 14.3-32 32s14.3 32 32 32H192V432c0 17.7 14.3 32 32 32s32-14.3 32-32V288H400c17.7 0 32-14.3 32-32s-14.3-32-32-32H256V80z\"><\/path><\/svg><\/span><span class=\"jet-toggle__icon icon-active jet-tabs-icon\"><svg xmlns=\"http:\/\/www.w3.org\/2000\/svg\" viewbox=\"0 0 448 512\"><path d=\"M432 256c0 17.7-14.3 32-32 32L48 288c-17.7 0-32-14.3-32-32s14.3-32 32-32l352 0c17.7 0 32 14.3 32 32z\"><\/path><\/svg><\/span><\/div><div class=\"jet-toggle__label-text\">Stagii clinice, lucr\u0103ri practice<\/div>\t\t\t\t\t\t\t<\/div>\n\t\t\t\t\t\t\t<div id=\"jet-toggle-content-1392\" class=\"jet-toggle__content\" data-toggle=\"2\" role=\"region\" data-template-id=\"false\">\n\t\t\t\t\t\t\t\t<div class=\"jet-toggle__content-inner\"><ol><li>Minodora Dobreanu et al \u2013 Culegere de teste pentru masteranzii de laborator clinic, ed. University Press \u2013 Tg.Mures, 2018.<\/li><li>Minodora Dobreanu, Alina Ardelean M\u0103rginean, Anca Bac\u00e2rea, Simona Cernea, Marta Andrea Fodor, Oana Oprea, Floredana \u0218ular, traducatori Floredana \u0218ular si Valeriu Moldovan \u2013 Practical Compendium of Clinical Biochemistry and Immunology, UMF Tg.Mures, 2014.<\/li><li>Minodora Dobreanu, Alina Ardelean M\u0103rginean, Anca Bac\u00e2rea, Simona Cernea, Elena Enache, Liviu Enache, Marta Andrea Fodor, Oana Oprea, Floredana \u0218ular \u2013 Compendiu de Biochimie clinic\u0103 \u0219i imunologie \u2013 UMF Tg.Mures, 2013.<\/li><li>Minodora Dobreanu, Andrea Fodor, Anca Bac\u00e2rea, concepte de baza in Imunologie \u2013 UMF Tg.Mures, 2006.<\/li><li>Minodora Dobreanu et al, Manual de biochimie Clinic\u0103 \u2013implicatii practice, ed 3, University Press \u2013 Tg.Mures, 2015.<\/li><li>Minodora Dobreanu et al, Manual de biochimie Clinic\u0103 \u2013implicatii practice, ed 2, Editura Medicala \u2013 Bucuresti, 2010.<\/li><li>Minodora Dobreanu, Compendiu de lucr\u0103ri practice \u2013 ghid de valori normale de laborator \u2013 UMF Tg.Mures 2002.<\/li><\/ol><\/div>\n\t\t\t\t\t\t\t<\/div>\n\t\t\t\t\t\t<\/div><div class=\"jet-accordion__item jet-toggle jet-toggle-move-up-effect\">\n\t\t\t\t\t\t\t<div id=\"jet-toggle-control-1393\" class=\"jet-toggle__control elementor-menu-anchor\" data-toggle=\"3\" role=\"button\" tabindex=\"0\" aria-controls=\"jet-toggle-content-1393\" aria-expanded=\"false\" data-template-id=\"false\">\n\t\t\t\t\t\t\t\t<div class=\"jet-toggle__label-icon jet-toggle-icon-position-right\"><span class=\"jet-toggle__icon icon-normal jet-tabs-icon\"><svg xmlns=\"http:\/\/www.w3.org\/2000\/svg\" viewbox=\"0 0 448 512\"><path d=\"M256 80c0-17.7-14.3-32-32-32s-32 14.3-32 32V224H48c-17.7 0-32 14.3-32 32s14.3 32 32 32H192V432c0 17.7 14.3 32 32 32s32-14.3 32-32V288H400c17.7 0 32-14.3 32-32s-14.3-32-32-32H256V80z\"><\/path><\/svg><\/span><span class=\"jet-toggle__icon icon-active jet-tabs-icon\"><svg xmlns=\"http:\/\/www.w3.org\/2000\/svg\" viewbox=\"0 0 448 512\"><path d=\"M432 256c0 17.7-14.3 32-32 32L48 288c-17.7 0-32-14.3-32-32s14.3-32 32-32l352 0c17.7 0 32 14.3 32 32z\"><\/path><\/svg><\/span><\/div><div class=\"jet-toggle__label-text\">Manuale \u0219i \u00eendrum\u0103toare de lucr\u0103ri practice<\/div>\t\t\t\t\t\t\t<\/div>\n\t\t\t\t\t\t\t<div id=\"jet-toggle-content-1393\" class=\"jet-toggle__content\" data-toggle=\"3\" role=\"region\" data-template-id=\"false\">\n\t\t\t\t\t\t\t\t<div class=\"jet-toggle__content-inner\"><\/div>\n\t\t\t\t\t\t\t<\/div>\n\t\t\t\t\t\t<\/div>\t\t\t<\/div>\n\t\t<\/div>\n\t\t\t\t\t\t<\/div>\n\t\t\t\t<\/div>\n\t\t\t\t\t<\/div>\n\t\t<\/div>\n\t\t\t\t<div class=\"elementor-column elementor-col-50 elementor-top-column elementor-element elementor-element-2a80f14\" data-id=\"2a80f14\" data-element_type=\"column\" data-e-type=\"column\">\n\t\t\t<div class=\"elementor-widget-wrap elementor-element-populated\">\n\t\t\t\t\t\t<section class=\"elementor-section elementor-inner-section elementor-element elementor-element-1ddf81a elementor-section-boxed elementor-section-height-default elementor-section-height-default\" data-id=\"1ddf81a\" data-element_type=\"section\" data-e-type=\"section\">\n\t\t\t\t\t\t<div class=\"elementor-container elementor-column-gap-default\">\n\t\t\t\t\t<div data-dce-background-color=\"#F2F7FF\" class=\"elementor-column elementor-col-100 elementor-inner-column elementor-element elementor-element-0cf2d61\" data-id=\"0cf2d61\" data-element_type=\"column\" data-e-type=\"column\" data-settings=\"{&quot;background_background&quot;:&quot;classic&quot;}\">\n\t\t\t<div class=\"elementor-widget-wrap elementor-element-populated\">\n\t\t\t\t\t\t<div class=\"elementor-element elementor-element-f87d819 elementor-widget elementor-widget-heading\" data-id=\"f87d819\" data-element_type=\"widget\" data-e-type=\"widget\" data-widget_type=\"heading.default\">\n\t\t\t\t<div class=\"elementor-widget-container\">\n\t\t\t\t\t<h5 class=\"elementor-heading-title elementor-size-default\">Contact<\/h5>\t\t\t\t<\/div>\n\t\t\t\t<\/div>\n\t\t\t\t<div class=\"elementor-element elementor-element-f2922ba elementor-widget-divider--view-line elementor-widget elementor-widget-divider\" data-id=\"f2922ba\" data-element_type=\"widget\" data-e-type=\"widget\" data-widget_type=\"divider.default\">\n\t\t\t\t<div class=\"elementor-widget-container\">\n\t\t\t\t\t\t\t<div class=\"elementor-divider\">\n\t\t\t<span class=\"elementor-divider-separator\">\n\t\t\t\t\t\t<\/span>\n\t\t<\/div>\n\t\t\t\t\t\t<\/div>\n\t\t\t\t<\/div>\n\t\t\t\t<div class=\"elementor-element elementor-element-32351e0 elementor-widget elementor-widget-icon-box\" data-id=\"32351e0\" data-element_type=\"widget\" data-e-type=\"widget\" data-widget_type=\"icon-box.default\">\n\t\t\t\t<div class=\"elementor-widget-container\">\n\t\t\t\t\t\t\t<div class=\"elementor-icon-box-wrapper\">\n\n\t\t\t\n\t\t\t\t\t\t<div class=\"elementor-icon-box-content\">\n\n\t\t\t\t\t\t\t\t\t<h3 class=\"elementor-icon-box-title\">\n\t\t\t\t\t\t<span  >\n\t\t\t\t\t\t\tAdres\u0103\t\t\t\t\t\t<\/span>\n\t\t\t\t\t<\/h3>\n\t\t\t\t\n\t\t\t\t\t\t\t\t\t<p class=\"elementor-icon-box-description\">\n\t\t\t\t\t\tLaborator Clinic de Analize Medicale,<br> Spitalul Judetean de Urgenta Targu Mures\n<br>Str. Gheorghe Marinescu nr. 50, Targu Mures\t\t\t\t\t<\/p>\n\t\t\t\t\n\t\t\t<\/div>\n\t\t\t\n\t\t<\/div>\n\t\t\t\t\t\t<\/div>\n\t\t\t\t<\/div>\n\t\t\t\t<div class=\"elementor-element elementor-element-4ef8d63 elementor-widget elementor-widget-icon-box\" data-id=\"4ef8d63\" data-element_type=\"widget\" data-e-type=\"widget\" data-widget_type=\"icon-box.default\">\n\t\t\t\t<div class=\"elementor-widget-container\">\n\t\t\t\t\t\t\t<div class=\"elementor-icon-box-wrapper\">\n\n\t\t\t\n\t\t\t\t\t\t<div class=\"elementor-icon-box-content\">\n\n\t\t\t\t\t\t\t\t\t<h3 class=\"elementor-icon-box-title\">\n\t\t\t\t\t\t<span  >\n\t\t\t\t\t\t\tPersoan\u0103 de contact\t\t\t\t\t\t<\/span>\n\t\t\t\t\t<\/h3>\n\t\t\t\t\n\t\t\t\t\t\t\t\t\t<p class=\"elementor-icon-box-description\">\n\t\t\t\t\t\tProf. univ. dr. Minodora Dobreanu\t\t\t\t\t<\/p>\n\t\t\t\t\n\t\t\t<\/div>\n\t\t\t\n\t\t<\/div>\n\t\t\t\t\t\t<\/div>\n\t\t\t\t<\/div>\n\t\t\t\t<div class=\"elementor-element elementor-element-1a024c4 elementor-widget elementor-widget-icon-box\" data-id=\"1a024c4\" data-element_type=\"widget\" data-e-type=\"widget\" data-widget_type=\"icon-box.default\">\n\t\t\t\t<div class=\"elementor-widget-container\">\n\t\t\t\t\t\t\t<div class=\"elementor-icon-box-wrapper\">\n\n\t\t\t\n\t\t\t\t\t\t<div class=\"elementor-icon-box-content\">\n\n\t\t\t\t\t\t\t\t\t<h3 class=\"elementor-icon-box-title\">\n\t\t\t\t\t\t<span  >\n\t\t\t\t\t\t\tE-mail\t\t\t\t\t\t<\/span>\n\t\t\t\t\t<\/h3>\n\t\t\t\t\n\t\t\t\t\t\t\t\t\t<p class=\"elementor-icon-box-description\">\n\t\t\t\t\t\tminodora.dobreanu@umfst.ro\t\t\t\t\t<\/p>\n\t\t\t\t\n\t\t\t<\/div>\n\t\t\t\n\t\t<\/div>\n\t\t\t\t\t\t<\/div>\n\t\t\t\t<\/div>\n\t\t\t\t<div class=\"elementor-element elementor-element-b56ed98 elementor-widget elementor-widget-icon-box\" data-id=\"b56ed98\" data-element_type=\"widget\" data-e-type=\"widget\" data-widget_type=\"icon-box.default\">\n\t\t\t\t<div class=\"elementor-widget-container\">\n\t\t\t\t\t\t\t<div class=\"elementor-icon-box-wrapper\">\n\n\t\t\t\n\t\t\t\t\t\t<div class=\"elementor-icon-box-content\">\n\n\t\t\t\t\t\t\t\t\t<h3 class=\"elementor-icon-box-title\">\n\t\t\t\t\t\t<span  >\n\t\t\t\t\t\t\tTelefon\t\t\t\t\t\t<\/span>\n\t\t\t\t\t<\/h3>\n\t\t\t\t\n\t\t\t\t\t\t\t\t\t<p class=\"elementor-icon-box-description\">\n\t\t\t\t\t\t+40-265-217.425\t\t\t\t\t<\/p>\n\t\t\t\t\n\t\t\t<\/div>\n\t\t\t\n\t\t<\/div>\n\t\t\t\t\t\t<\/div>\n\t\t\t\t<\/div>\n\t\t\t\t\t<\/div>\n\t\t<\/div>\n\t\t\t\t\t<\/div>\n\t\t<\/section>\n\t\t\t\t\t<\/div>\n\t\t<\/div>\n\t\t\t\t\t<\/div>\n\t\t<\/section>\n\t\t\t\t<\/div>","protected":false},"excerpt":{"rendered":"<p>Colectivul disciplinei \u0218ef disciplin\u0103Prof. univ. dr. Minodora Dobreanu &#8211; CV MembriConf. univ. dr. Adina Hu\u021banu &#8211; CV\u0218ef lucr. dr. Fodor Marta-Andrea &#8211; CV\u0218ef lucr. dr. Oana Roxana Oprea &#8211; CV\u0218ef lucr. dr. Bogdan M\u0103nescu &#8211; ME1 &#8211; CVAsist. univ. dr. Preda Cristina &#8211; CV Personalul didactic auxiliar al disciplinei Nr. crt. Pozi\u021bia \u00een disciplin\u0103 Nume [&hellip;]<\/p>\n","protected":false},"author":14,"featured_media":0,"parent":150,"menu_order":0,"comment_status":"closed","ping_status":"closed","template":"","meta":{"_relevanssi_hide_post":"","_relevanssi_hide_content":"","_relevanssi_pin_for_all":"","_relevanssi_pin_keywords":"","_relevanssi_unpin_keywords":"","_relevanssi_related_keywords":"","_relevanssi_related_include_ids":"","_relevanssi_related_exclude_ids":"","_relevanssi_related_no_append":"","_relevanssi_related_not_related":"","_relevanssi_related_posts":"1","_relevanssi_noindex_reason":"","footnotes":""},"categories":[13,40],"tags":[],"class_list":["post-2992","page","type-page","status-publish","hentry","category-pagina-cu-sidebar","category-pagina-departamente-si-discipline"],"meta_box":[],"_links":{"self":[{"href":"https:\/\/umfst.ro\/facultatea-de-medicina\/hu\/wp-json\/wp\/v2\/pages\/2992","targetHints":{"allow":["GET"]}}],"collection":[{"href":"https:\/\/umfst.ro\/facultatea-de-medicina\/hu\/wp-json\/wp\/v2\/pages"}],"about":[{"href":"https:\/\/umfst.ro\/facultatea-de-medicina\/hu\/wp-json\/wp\/v2\/types\/page"}],"author":[{"embeddable":true,"href":"https:\/\/umfst.ro\/facultatea-de-medicina\/hu\/wp-json\/wp\/v2\/users\/14"}],"replies":[{"embeddable":true,"href":"https:\/\/umfst.ro\/facultatea-de-medicina\/hu\/wp-json\/wp\/v2\/comments?post=2992"}],"version-history":[{"count":35,"href":"https:\/\/umfst.ro\/facultatea-de-medicina\/hu\/wp-json\/wp\/v2\/pages\/2992\/revisions"}],"predecessor-version":[{"id":8813,"href":"https:\/\/umfst.ro\/facultatea-de-medicina\/hu\/wp-json\/wp\/v2\/pages\/2992\/revisions\/8813"}],"up":[{"embeddable":true,"href":"https:\/\/umfst.ro\/facultatea-de-medicina\/hu\/wp-json\/wp\/v2\/pages\/150"}],"wp:attachment":[{"href":"https:\/\/umfst.ro\/facultatea-de-medicina\/hu\/wp-json\/wp\/v2\/media?parent=2992"}],"wp:term":[{"taxonomy":"category","embeddable":true,"href":"https:\/\/umfst.ro\/facultatea-de-medicina\/hu\/wp-json\/wp\/v2\/categories?post=2992"},{"taxonomy":"post_tag","embeddable":true,"href":"https:\/\/umfst.ro\/facultatea-de-medicina\/hu\/wp-json\/wp\/v2\/tags?post=2992"}],"curies":[{"name":"wp","href":"https:\/\/api.w.org\/{rel}","templated":true}]}}