{"id":3003,"date":"2023-06-21T17:01:07","date_gmt":"2023-06-21T14:01:07","guid":{"rendered":"https:\/\/dev.umfst.ro\/facultatea-de-medicina\/?page_id=3003"},"modified":"2025-06-04T12:52:18","modified_gmt":"2025-06-04T09:52:18","slug":"metodologia-cercetarii","status":"publish","type":"page","link":"https:\/\/umfst.ro\/facultatea-de-medicina\/hu\/departamente-si-discipline\/m2-stiinte-functionale-complementare\/metodologia-cercetarii\/","title":{"rendered":"Metodologia cercet\u0103rii"},"content":{"rendered":"<div data-elementor-type=\"wp-page\" data-elementor-id=\"3003\" class=\"elementor elementor-3003\" data-elementor-post-type=\"page\">\n\t\t\t\t\t\t<section class=\"elementor-section elementor-top-section elementor-element elementor-element-7a83ac91 elementor-section-boxed elementor-section-height-default elementor-section-height-default\" data-id=\"7a83ac91\" data-element_type=\"section\" data-e-type=\"section\">\n\t\t\t\t\t\t<div class=\"elementor-container elementor-column-gap-default\">\n\t\t\t\t\t<div class=\"elementor-column elementor-col-50 elementor-top-column elementor-element elementor-element-3e42cb35\" data-id=\"3e42cb35\" data-element_type=\"column\" data-e-type=\"column\">\n\t\t\t<div class=\"elementor-widget-wrap elementor-element-populated\">\n\t\t\t\t\t\t<div class=\"elementor-element elementor-element-8c49457 elementor-widget elementor-widget-text-editor\" data-id=\"8c49457\" data-element_type=\"widget\" data-e-type=\"widget\" data-widget_type=\"text-editor.default\">\n\t\t\t\t<div class=\"elementor-widget-container\">\n\t\t\t\t\t\t\t\t\t<h2>Colectivul disciplinei<\/h2><p><strong>\u0218ef disciplin\u0103<br \/><\/strong>Prof. univ. dr. Vladimir Bac\u00e2rea &#8211; <a href=\"https:\/\/www.umfst.ro\/fileadmin\/f_medicina\/Cadre_didactice\/2025-2026\/Departament_M2\/Metodologia_cercetarii\/CVUMFSTBV.pdf\">CV<\/a><\/p><p><strong>Membru<\/strong><br \/>Asist. univ. dr. Victor Alexandru Gavrila\u0219 &#8211; <a href=\"https:\/\/www.umfst.ro\/fileadmin\/f_medicina\/Cadre_didactice\/2025-2026\/Departament_M2\/Metodologia_cercetarii\/CVUMFSTGV.pdf\">CV<\/a><\/p>\t\t\t\t\t\t\t\t<\/div>\n\t\t\t\t<\/div>\n\t\t\t\t<div class=\"elementor-element elementor-element-015fd93 elementor-widget elementor-widget-text-editor\" data-id=\"015fd93\" data-element_type=\"widget\" data-e-type=\"widget\" data-widget_type=\"text-editor.default\">\n\t\t\t\t<div class=\"elementor-widget-container\">\n\t\t\t\t\t\t\t\t\t<h2>Activitate didactic\u0103<\/h2>\t\t\t\t\t\t\t\t<\/div>\n\t\t\t\t<\/div>\n\t\t\t\t<div class=\"elementor-element elementor-element-84ff91c elementor-widget elementor-widget-jet-accordion\" data-id=\"84ff91c\" data-element_type=\"widget\" data-e-type=\"widget\" data-widget_type=\"jet-accordion.default\">\n\t\t\t\t<div class=\"elementor-widget-container\">\n\t\t\t\t\t\t\t\t\t<div class=\"jet-accordion\" data-settings=\"{&quot;collapsible&quot;:false,&quot;ajaxTemplate&quot;:false,&quot;switchScrolling&quot;:false,&quot;switchScrollingTablet&quot;:false,&quot;switchScrollingMobile&quot;:false,&quot;switchScrollingOffset&quot;:{&quot;size&quot;:0,&quot;unit&quot;:&quot;px&quot;},&quot;switchScrollingOffsetTablet&quot;:{&quot;size&quot;:0,&quot;unit&quot;:&quot;px&quot;},&quot;switchScrollingOffsetMobile&quot;:{&quot;size&quot;:0,&quot;unit&quot;:&quot;px&quot;},&quot;switchScrollingDelay&quot;:500,&quot;switchScrollingDelayTablet&quot;:500,&quot;switchScrollingDelayMobile&quot;:500}\">\n\t\t\t<div class=\"jet-accordion__inner\">\n\t\t\t\t<div class=\"jet-accordion__item jet-toggle jet-toggle-move-up-effect\">\n\t\t\t\t\t\t\t<div id=\"jet-toggle-control-1391\" class=\"jet-toggle__control elementor-menu-anchor\" data-toggle=\"1\" role=\"button\" tabindex=\"0\" aria-controls=\"jet-toggle-content-1391\" aria-expanded=\"false\" data-template-id=\"false\">\n\t\t\t\t\t\t\t\t<div class=\"jet-toggle__label-icon jet-toggle-icon-position-right\"><span class=\"jet-toggle__icon icon-normal jet-tabs-icon\"><svg xmlns=\"http:\/\/www.w3.org\/2000\/svg\" viewbox=\"0 0 448 512\"><path d=\"M256 80c0-17.7-14.3-32-32-32s-32 14.3-32 32V224H48c-17.7 0-32 14.3-32 32s14.3 32 32 32H192V432c0 17.7 14.3 32 32 32s32-14.3 32-32V288H400c17.7 0 32-14.3 32-32s-14.3-32-32-32H256V80z\"><\/path><\/svg><\/span><span class=\"jet-toggle__icon icon-active jet-tabs-icon\"><svg xmlns=\"http:\/\/www.w3.org\/2000\/svg\" viewbox=\"0 0 448 512\"><path d=\"M432 256c0 17.7-14.3 32-32 32L48 288c-17.7 0-32-14.3-32-32s14.3-32 32-32l352 0c17.7 0 32 14.3 32 32z\"><\/path><\/svg><\/span><\/div><div class=\"jet-toggle__label-text\">Cursuri pentru studen\u021bi<\/div>\t\t\t\t\t\t\t<\/div>\n\t\t\t\t\t\t\t<div id=\"jet-toggle-content-1391\" class=\"jet-toggle__content\" data-toggle=\"1\" role=\"region\" data-template-id=\"false\">\n\t\t\t\t\t\t\t\t<div class=\"jet-toggle__content-inner\"><p style=\"margin-top: 0cm;background: white\"><span style=\"font-family: 'Arial',sans-serif;color: #0f0f0f\">(materie predat\u0103 \u2013 an, program de studii \u2013 titular de curs )<\/span><\/p><p style=\"margin-top: 0cm;background: white\"><span style=\"font-family: 'Arial',sans-serif;color: #0f0f0f\">1. Metodologia cercet\u0103rii \u0219tiin\u021bifice \u2013 anul IV, Medicin\u0103 \u2013 Prof. univ. dr. Bac\u00e2rea Vladimir<\/span><\/p><p style=\"margin-top: 0cm;background: white\"><span style=\"font-family: 'Arial',sans-serif;color: #0f0f0f\">2. Scientific research methodology \u2013 anul IV, Medicin\u0103, seria englez\u0103 \u2013 Sef. lucr. dr. Pop Raluca<\/span><\/p><p style=\"margin-top: 0cm;background: white\"><span style=\"font-family: 'Arial',sans-serif;color: #0f0f0f\">3. Metodologia cercet\u0103rii \u0219tiin\u021bifice \u2013 anul II, Nutri\u021bie \u0219i Dietetic\u0103 \u2013 Sef. lucr. dr. Ghiga Dana-Valentina<\/span><\/p><p style=\"margin-top: 0cm;background: white\"><span style=\"font-family: 'Arial',sans-serif;color: #0f0f0f\">4. Metodologia cercet\u0103rii \u0219tiin\u021bifice \u2013 anul II, Balneo-fiziokinetoterapie \u0219i Recuperare \u2013 Sef. lucr. dr. Ghiga Dana-Valentina<\/span><\/p><p style=\"margin-top: 0cm;background: white\"><span style=\"font-family: 'Arial',sans-serif;color: #0f0f0f\">5. Metodologia cercet\u0103rii \u0219tiin\u021bifice \u2013 anul II, Medicin\u0103 Dentar\u0103 \u2013 Sef. lucr. dr. Pop Raluca<\/span><\/p><p style=\"margin-top: 0cm;background: white\"><span style=\"font-family: 'Arial',sans-serif;color: #0f0f0f\">6. Scientific research methodology \u2013 anul II, Medicin\u0103 Dentar\u0103, seria englez\u0103 \u2013 Sef. lucr. dr. Pop Raluca<\/span><\/p><p style=\"margin-top: 0cm;background: white\"><span style=\"font-family: 'Arial',sans-serif;color: #0f0f0f\">7. Metodologia cercet\u0103rii \u0219tiin\u021bifice \u2013 anul II, Asisten\u021b\u0103 medical\u0103 \u2013 Sef. lucr. dr. Ghiga Dana-Valentina<\/span><\/p><p style=\"margin-top: 0cm;background: white\"><span style=\"font-family: 'Arial',sans-serif;color: #0f0f0f\">8. Cercetare aplicat\u0103 \u00een nutri\u021bie \u2013 anul II, master (MNCC) \u2013 Prof. univ. dr. Bac\u00e2rea Vladimir<\/span><\/p><p style=\"margin-top: 0cm;background: white\"><span style=\"font-family: 'Arial',sans-serif;color: #0f0f0f\">9. Cercetare aplicat\u0103 specific\u0103 \u2013 anul II, master (MTFRF) \u2013 Prof. univ. dr. Bac\u00e2rea Vladimir<\/span><\/p><p style=\"margin-top: 0cm;background: white\"><span style=\"font-family: 'Arial',sans-serif;color: #0f0f0f\">10. Metodologia cercet\u0103rii popula\u021bionale \u2013 anul I, master (MMSS) \u2013 Prof. univ. dr. Bac\u00e2rea Vladimir<\/span><\/p><p style=\"margin-top: 0cm;background: white\"><span style=\"font-family: 'Arial',sans-serif;color: #0f0f0f\">11. Metodologia si etica cercetarii in laboratorul de analize medicale \u2013 anul II, master (MLC) \u2013 Prof. univ. dr. Bac\u00e2rea Vladimir<\/span><\/p><\/div>\n\t\t\t\t\t\t\t<\/div>\n\t\t\t\t\t\t<\/div><div class=\"jet-accordion__item jet-toggle jet-toggle-move-up-effect\">\n\t\t\t\t\t\t\t<div id=\"jet-toggle-control-1392\" class=\"jet-toggle__control elementor-menu-anchor\" data-toggle=\"2\" role=\"button\" tabindex=\"0\" aria-controls=\"jet-toggle-content-1392\" aria-expanded=\"false\" data-template-id=\"false\">\n\t\t\t\t\t\t\t\t<div class=\"jet-toggle__label-icon jet-toggle-icon-position-right\"><span class=\"jet-toggle__icon icon-normal jet-tabs-icon\"><svg xmlns=\"http:\/\/www.w3.org\/2000\/svg\" viewbox=\"0 0 448 512\"><path d=\"M256 80c0-17.7-14.3-32-32-32s-32 14.3-32 32V224H48c-17.7 0-32 14.3-32 32s14.3 32 32 32H192V432c0 17.7 14.3 32 32 32s32-14.3 32-32V288H400c17.7 0 32-14.3 32-32s-14.3-32-32-32H256V80z\"><\/path><\/svg><\/span><span class=\"jet-toggle__icon icon-active jet-tabs-icon\"><svg xmlns=\"http:\/\/www.w3.org\/2000\/svg\" viewbox=\"0 0 448 512\"><path d=\"M432 256c0 17.7-14.3 32-32 32L48 288c-17.7 0-32-14.3-32-32s14.3-32 32-32l352 0c17.7 0 32 14.3 32 32z\"><\/path><\/svg><\/span><\/div><div class=\"jet-toggle__label-text\">Stagii clinice, lucr\u0103ri practice<\/div>\t\t\t\t\t\t\t<\/div>\n\t\t\t\t\t\t\t<div id=\"jet-toggle-content-1392\" class=\"jet-toggle__content\" data-toggle=\"2\" role=\"region\" data-template-id=\"false\">\n\t\t\t\t\t\t\t\t<div class=\"jet-toggle__content-inner\"><p style=\"margin-top: 0cm;background: white\"><span style=\"font-family: 'Arial',sans-serif;color: #0f0f0f\">(Materie \u2013 an, program de studii- stagiu clinic\/lucrare practic\u0103)<\/span><\/p><p style=\"margin-top: 0cm;background: white\"><span style=\"font-family: 'Arial',sans-serif;color: #0f0f0f\">1. Metodologia cercet\u0103rii \u0219tiin\u021bifice \u2013 anul IV, Medicin\u0103 \u2013 lucrare practic\u0103<\/span><\/p><p style=\"margin-top: 0cm;background: white\"><span style=\"font-family: 'Arial',sans-serif;color: #0f0f0f\">2. Scientific research methodology \u2013 anul IV, Medicin\u0103, seria englez\u0103 \u2013 lucrare practic\u0103<\/span><\/p><p style=\"margin-top: 0cm;background: white\"><span style=\"font-family: 'Arial',sans-serif;color: #0f0f0f\">3. Metodologia cercet\u0103rii \u0219tiin\u021bifice \u2013 anul II, Nutri\u021bie \u0219i Dietetic\u0103 \u2013 lucrare practic\u0103<\/span><\/p><p style=\"margin-top: 0cm;background: white\"><span style=\"font-family: 'Arial',sans-serif;color: #0f0f0f\">4. Metodologia cercet\u0103rii \u0219tiin\u021bifice \u2013 anul II, Balneo-fiziokinetoterapie \u0219i Recuperare \u2013 lucrare practic\u0103<\/span><\/p><p style=\"margin-top: 0cm;background: white\"><span style=\"font-family: 'Arial',sans-serif;color: #0f0f0f\">5. Metodologia cercet\u0103rii \u0219tiin\u021bifice \u2013 anul II, Asisten\u021b\u0103 medical\u0103 \u2013 lucrare practic\u0103<\/span><\/p><p style=\"margin-top: 0cm;background: white\"><span style=\"font-family: 'Arial',sans-serif;color: #0f0f0f\">6. Cercetare aplicat\u0103 \u00een nutri\u021bie \u2013 anul II, master (MNCC) \u2013 lucrare practic\u0103<\/span><\/p><p style=\"margin-top: 0cm;background: white\"><span style=\"font-family: 'Arial',sans-serif;color: #0f0f0f\">7. Cercetare aplicat\u0103 specific\u0103 \u2013 anul II, master (MTFRF) \u2013 lucrare practic\u0103<\/span><\/p><p style=\"margin-top: 0cm;background: white\"><span style=\"font-family: 'Arial',sans-serif;color: #0f0f0f\">8. Metodologia cercet\u0103rii popula\u021bionale \u2013 anul I, master (MMSS) \u2013 lucrare practic\u0103<\/span><\/p><p style=\"margin-top: 0cm;background: white\"><span style=\"font-family: 'Arial',sans-serif;color: #0f0f0f\">9. Metodologia si etica cercetarii in laboratorul de analize medicale \u2013 anul II, master (MLC) \u2013 lucrare practic\u0103<\/span><\/p><\/div>\n\t\t\t\t\t\t\t<\/div>\n\t\t\t\t\t\t<\/div><div class=\"jet-accordion__item jet-toggle jet-toggle-move-up-effect\">\n\t\t\t\t\t\t\t<div id=\"jet-toggle-control-1393\" class=\"jet-toggle__control elementor-menu-anchor\" data-toggle=\"3\" role=\"button\" tabindex=\"0\" aria-controls=\"jet-toggle-content-1393\" aria-expanded=\"false\" data-template-id=\"false\">\n\t\t\t\t\t\t\t\t<div class=\"jet-toggle__label-icon jet-toggle-icon-position-right\"><span class=\"jet-toggle__icon icon-normal jet-tabs-icon\"><svg xmlns=\"http:\/\/www.w3.org\/2000\/svg\" viewbox=\"0 0 448 512\"><path d=\"M256 80c0-17.7-14.3-32-32-32s-32 14.3-32 32V224H48c-17.7 0-32 14.3-32 32s14.3 32 32 32H192V432c0 17.7 14.3 32 32 32s32-14.3 32-32V288H400c17.7 0 32-14.3 32-32s-14.3-32-32-32H256V80z\"><\/path><\/svg><\/span><span class=\"jet-toggle__icon icon-active jet-tabs-icon\"><svg xmlns=\"http:\/\/www.w3.org\/2000\/svg\" viewbox=\"0 0 448 512\"><path d=\"M432 256c0 17.7-14.3 32-32 32L48 288c-17.7 0-32-14.3-32-32s14.3-32 32-32l352 0c17.7 0 32 14.3 32 32z\"><\/path><\/svg><\/span><\/div><div class=\"jet-toggle__label-text\">Manuale \u0219i \u00eendrum\u0103toare de lucr\u0103ri practice<\/div>\t\t\t\t\t\t\t<\/div>\n\t\t\t\t\t\t\t<div id=\"jet-toggle-content-1393\" class=\"jet-toggle__content\" data-toggle=\"3\" role=\"region\" data-template-id=\"false\">\n\t\t\t\t\t\t\t\t<div class=\"jet-toggle__content-inner\"><\/div>\n\t\t\t\t\t\t\t<\/div>\n\t\t\t\t\t\t<\/div>\t\t\t<\/div>\n\t\t<\/div>\n\t\t\t\t\t\t<\/div>\n\t\t\t\t<\/div>\n\t\t\t\t\t<\/div>\n\t\t<\/div>\n\t\t\t\t<div class=\"elementor-column elementor-col-50 elementor-top-column elementor-element elementor-element-68117cf\" data-id=\"68117cf\" data-element_type=\"column\" data-e-type=\"column\">\n\t\t\t<div class=\"elementor-widget-wrap elementor-element-populated\">\n\t\t\t\t\t\t<section class=\"elementor-section elementor-inner-section elementor-element elementor-element-67144e4 elementor-section-boxed elementor-section-height-default elementor-section-height-default\" data-id=\"67144e4\" data-element_type=\"section\" data-e-type=\"section\">\n\t\t\t\t\t\t<div class=\"elementor-container elementor-column-gap-default\">\n\t\t\t\t\t<div data-dce-background-color=\"#F2F7FF\" class=\"elementor-column elementor-col-100 elementor-inner-column elementor-element elementor-element-71479eb\" data-id=\"71479eb\" data-element_type=\"column\" data-e-type=\"column\" data-settings=\"{&quot;background_background&quot;:&quot;classic&quot;}\">\n\t\t\t<div class=\"elementor-widget-wrap elementor-element-populated\">\n\t\t\t\t\t\t<div class=\"elementor-element elementor-element-e9b050c elementor-widget elementor-widget-heading\" data-id=\"e9b050c\" data-element_type=\"widget\" data-e-type=\"widget\" data-widget_type=\"heading.default\">\n\t\t\t\t<div class=\"elementor-widget-container\">\n\t\t\t\t\t<h5 class=\"elementor-heading-title elementor-size-default\">Contact<\/h5>\t\t\t\t<\/div>\n\t\t\t\t<\/div>\n\t\t\t\t<div class=\"elementor-element elementor-element-1389b49 elementor-widget-divider--view-line elementor-widget elementor-widget-divider\" data-id=\"1389b49\" data-element_type=\"widget\" data-e-type=\"widget\" data-widget_type=\"divider.default\">\n\t\t\t\t<div class=\"elementor-widget-container\">\n\t\t\t\t\t\t\t<div class=\"elementor-divider\">\n\t\t\t<span class=\"elementor-divider-separator\">\n\t\t\t\t\t\t<\/span>\n\t\t<\/div>\n\t\t\t\t\t\t<\/div>\n\t\t\t\t<\/div>\n\t\t\t\t<div class=\"elementor-element elementor-element-8b10277 elementor-widget elementor-widget-icon-box\" data-id=\"8b10277\" data-element_type=\"widget\" data-e-type=\"widget\" data-widget_type=\"icon-box.default\">\n\t\t\t\t<div class=\"elementor-widget-container\">\n\t\t\t\t\t\t\t<div class=\"elementor-icon-box-wrapper\">\n\n\t\t\t\n\t\t\t\t\t\t<div class=\"elementor-icon-box-content\">\n\n\t\t\t\t\t\t\t\t\t<h3 class=\"elementor-icon-box-title\">\n\t\t\t\t\t\t<span  >\n\t\t\t\t\t\t\tAdres\u0103\t\t\t\t\t\t<\/span>\n\t\t\t\t\t<\/h3>\n\t\t\t\t\n\t\t\t\t\t\t\t\t\t<p class=\"elementor-icon-box-description\">\n\t\t\t\t\t\tstr. Republicii 38, T\u00eergu Mure\u0219\t\t\t\t\t<\/p>\n\t\t\t\t\n\t\t\t<\/div>\n\t\t\t\n\t\t<\/div>\n\t\t\t\t\t\t<\/div>\n\t\t\t\t<\/div>\n\t\t\t\t<div class=\"elementor-element elementor-element-c1a49b7 elementor-widget elementor-widget-icon-box\" data-id=\"c1a49b7\" data-element_type=\"widget\" data-e-type=\"widget\" data-widget_type=\"icon-box.default\">\n\t\t\t\t<div class=\"elementor-widget-container\">\n\t\t\t\t\t\t\t<div class=\"elementor-icon-box-wrapper\">\n\n\t\t\t\n\t\t\t\t\t\t<div class=\"elementor-icon-box-content\">\n\n\t\t\t\t\t\t\t\t\t<h3 class=\"elementor-icon-box-title\">\n\t\t\t\t\t\t<span  >\n\t\t\t\t\t\t\tPersoan\u0103 de contact\t\t\t\t\t\t<\/span>\n\t\t\t\t\t<\/h3>\n\t\t\t\t\n\t\t\t\t\t\t\t\t\t<p class=\"elementor-icon-box-description\">\n\t\t\t\t\t\tProf. univ. dr. Bac\u00e2rea Vladimir\t\t\t\t\t<\/p>\n\t\t\t\t\n\t\t\t<\/div>\n\t\t\t\n\t\t<\/div>\n\t\t\t\t\t\t<\/div>\n\t\t\t\t<\/div>\n\t\t\t\t<div class=\"elementor-element elementor-element-735741d elementor-widget elementor-widget-icon-box\" data-id=\"735741d\" data-element_type=\"widget\" data-e-type=\"widget\" data-widget_type=\"icon-box.default\">\n\t\t\t\t<div class=\"elementor-widget-container\">\n\t\t\t\t\t\t\t<div class=\"elementor-icon-box-wrapper\">\n\n\t\t\t\n\t\t\t\t\t\t<div class=\"elementor-icon-box-content\">\n\n\t\t\t\t\t\t\t\t\t<h3 class=\"elementor-icon-box-title\">\n\t\t\t\t\t\t<span  >\n\t\t\t\t\t\t\tE-mail\t\t\t\t\t\t<\/span>\n\t\t\t\t\t<\/h3>\n\t\t\t\t\n\t\t\t\t\t\t\t\t\t<p class=\"elementor-icon-box-description\">\n\t\t\t\t\t\tvladimir.bacarea@umfst.ro\t\t\t\t\t<\/p>\n\t\t\t\t\n\t\t\t<\/div>\n\t\t\t\n\t\t<\/div>\n\t\t\t\t\t\t<\/div>\n\t\t\t\t<\/div>\n\t\t\t\t<div class=\"elementor-element elementor-element-eecc80c elementor-widget elementor-widget-icon-box\" data-id=\"eecc80c\" data-element_type=\"widget\" data-e-type=\"widget\" data-widget_type=\"icon-box.default\">\n\t\t\t\t<div class=\"elementor-widget-container\">\n\t\t\t\t\t\t\t<div class=\"elementor-icon-box-wrapper\">\n\n\t\t\t\n\t\t\t\t\t\t<div class=\"elementor-icon-box-content\">\n\n\t\t\t\t\t\t\t\t\t<h3 class=\"elementor-icon-box-title\">\n\t\t\t\t\t\t<span  >\n\t\t\t\t\t\t\tTelefon\t\t\t\t\t\t<\/span>\n\t\t\t\t\t<\/h3>\n\t\t\t\t\n\t\t\t\t\t\t\t\t\t<p class=\"elementor-icon-box-description\">\n\t\t\t\t\t\t0744645744\t\t\t\t\t<\/p>\n\t\t\t\t\n\t\t\t<\/div>\n\t\t\t\n\t\t<\/div>\n\t\t\t\t\t\t<\/div>\n\t\t\t\t<\/div>\n\t\t\t\t\t<\/div>\n\t\t<\/div>\n\t\t\t\t\t<\/div>\n\t\t<\/section>\n\t\t\t\t\t<\/div>\n\t\t<\/div>\n\t\t\t\t\t<\/div>\n\t\t<\/section>\n\t\t\t\t<\/div>","protected":false},"excerpt":{"rendered":"<p>Colectivul disciplinei \u0218ef disciplin\u0103Prof. univ. dr. Vladimir Bac\u00e2rea &#8211; CV MembruAsist. univ. dr. Victor Alexandru Gavrila\u0219 &#8211; CV Activitate didactic\u0103 Cursuri pentru studen\u021bi (materie predat\u0103 \u2013 an, program de studii \u2013 titular de curs ) 1. Metodologia cercet\u0103rii \u0219tiin\u021bifice \u2013 anul IV, Medicin\u0103 \u2013 Prof. univ. dr. Bac\u00e2rea Vladimir 2. Scientific research methodology \u2013 anul [&hellip;]<\/p>\n","protected":false},"author":14,"featured_media":0,"parent":150,"menu_order":0,"comment_status":"closed","ping_status":"closed","template":"","meta":{"_relevanssi_hide_post":"","_relevanssi_hide_content":"","_relevanssi_pin_for_all":"","_relevanssi_pin_keywords":"","_relevanssi_unpin_keywords":"","_relevanssi_related_keywords":"","_relevanssi_related_include_ids":"","_relevanssi_related_exclude_ids":"","_relevanssi_related_no_append":"","_relevanssi_related_not_related":"","_relevanssi_related_posts":"1","_relevanssi_noindex_reason":"","footnotes":""},"categories":[13,40],"tags":[],"class_list":["post-3003","page","type-page","status-publish","hentry","category-pagina-cu-sidebar","category-pagina-departamente-si-discipline"],"meta_box":[],"_links":{"self":[{"href":"https:\/\/umfst.ro\/facultatea-de-medicina\/hu\/wp-json\/wp\/v2\/pages\/3003","targetHints":{"allow":["GET"]}}],"collection":[{"href":"https:\/\/umfst.ro\/facultatea-de-medicina\/hu\/wp-json\/wp\/v2\/pages"}],"about":[{"href":"https:\/\/umfst.ro\/facultatea-de-medicina\/hu\/wp-json\/wp\/v2\/types\/page"}],"author":[{"embeddable":true,"href":"https:\/\/umfst.ro\/facultatea-de-medicina\/hu\/wp-json\/wp\/v2\/users\/14"}],"replies":[{"embeddable":true,"href":"https:\/\/umfst.ro\/facultatea-de-medicina\/hu\/wp-json\/wp\/v2\/comments?post=3003"}],"version-history":[{"count":33,"href":"https:\/\/umfst.ro\/facultatea-de-medicina\/hu\/wp-json\/wp\/v2\/pages\/3003\/revisions"}],"predecessor-version":[{"id":8409,"href":"https:\/\/umfst.ro\/facultatea-de-medicina\/hu\/wp-json\/wp\/v2\/pages\/3003\/revisions\/8409"}],"up":[{"embeddable":true,"href":"https:\/\/umfst.ro\/facultatea-de-medicina\/hu\/wp-json\/wp\/v2\/pages\/150"}],"wp:attachment":[{"href":"https:\/\/umfst.ro\/facultatea-de-medicina\/hu\/wp-json\/wp\/v2\/media?parent=3003"}],"wp:term":[{"taxonomy":"category","embeddable":true,"href":"https:\/\/umfst.ro\/facultatea-de-medicina\/hu\/wp-json\/wp\/v2\/categories?post=3003"},{"taxonomy":"post_tag","embeddable":true,"href":"https:\/\/umfst.ro\/facultatea-de-medicina\/hu\/wp-json\/wp\/v2\/tags?post=3003"}],"curies":[{"name":"wp","href":"https:\/\/api.w.org\/{rel}","templated":true}]}}