{"id":3235,"date":"2023-06-26T16:08:46","date_gmt":"2023-06-26T13:08:46","guid":{"rendered":"https:\/\/dev.umfst.ro\/facultatea-de-medicina\/?page_id=3235"},"modified":"2025-11-07T11:10:40","modified_gmt":"2025-11-07T09:10:40","slug":"medicala-ii","status":"publish","type":"page","link":"https:\/\/umfst.ro\/facultatea-de-medicina\/hu\/departamente-si-discipline\/m3-discipline-clinice-si-medico-chirurgicale\/medicala-ii\/","title":{"rendered":"Medical\u0103 II"},"content":{"rendered":"<div data-elementor-type=\"wp-page\" data-elementor-id=\"3235\" class=\"elementor elementor-3235\" data-elementor-post-type=\"page\">\n\t\t\t\t\t\t<section class=\"elementor-section elementor-top-section elementor-element elementor-element-7a83ac91 elementor-section-boxed elementor-section-height-default elementor-section-height-default\" data-id=\"7a83ac91\" data-element_type=\"section\" data-e-type=\"section\">\n\t\t\t\t\t\t<div class=\"elementor-container elementor-column-gap-default\">\n\t\t\t\t\t<div class=\"elementor-column elementor-col-50 elementor-top-column elementor-element elementor-element-3e42cb35\" data-id=\"3e42cb35\" data-element_type=\"column\" data-e-type=\"column\">\n\t\t\t<div class=\"elementor-widget-wrap elementor-element-populated\">\n\t\t\t\t\t\t<div class=\"elementor-element elementor-element-a35dd73 elementor-widget elementor-widget-text-editor\" data-id=\"a35dd73\" data-element_type=\"widget\" data-e-type=\"widget\" data-widget_type=\"text-editor.default\">\n\t\t\t\t<div class=\"elementor-widget-container\">\n\t\t\t\t\t\t\t\t\t<h2 role=\"heading\" data-uw-rm-heading=\"level\">Colectivul disciplinei<\/h2><p><strong>\u0218ef disciplin\u0103<br \/><\/strong>Prof. univ. dr. Anca Negovan &#8211; <a href=\"https:\/\/www.umfst.ro\/fileadmin\/f_medicina\/Cadre_didactice\/2025-2026\/Departament_M4\/Medicala_III\/CV Prof. Univ. Dr. NEGOVAN ANCA.pdf\" data-wplink-url-error=\"true\">CV<\/a><\/p><p><strong>Membri<br \/><\/strong>\u0218ef lucr. dr. German-Sallo Marta &#8211; <a href=\"https:\/\/www.umfst.ro\/fileadmin\/f_medicina\/Cadre_didactice\/2025-2026\/Departament_M4\/Medicala_III\/CV Sef Lucrari Dr. GERMAN SALLO-MARTA.pdf\" data-wplink-url-error=\"true\">CV<\/a><br \/>\u0218ef lucr. dr. Maria-Cristina T\u0103tar &#8211; <a href=\"https:\/\/www.umfst.ro\/fileadmin\/f_medicina\/Cadre_didactice\/2025-2026\/Departament_M4\/Medicala_III\/CV Sef Lucrari Dr. TATAR MARIA CRISTINA.pdf\" data-wplink-url-error=\"true\">CV<\/a><br \/>\u0218ef lucr. dr. Kelemen Piroska &#8211; <a href=\"https:\/\/www.umfst.ro\/fileadmin\/f_medicina\/Cadre_didactice\/2025-2026\/Departament_M3\/Medicala_II\/2025_CV_Kelemen Piroska.pdf\" target=\"_blank\" rel=\"noopener\" aria-label=\"CV - deschide \u00eentr-o fil\u0103 nou\u0103\" data-uw-rm-ext-link=\"\" data-uw-pdf-br=\"2\" data-uw-pdf-doc=\"\" data-wplink-url-error=\"true\">CV<\/a><br \/>\u0218ef lucr. dr. Corina Ureche &#8211; <a href=\"https:\/\/www.umfst.ro\/fileadmin\/f_medicina\/Cadre_didactice\/2025-2026\/Departament_M3\/Medicala_II\/CV_Ureche_Corina.pdf\" target=\"_blank\" rel=\"noopener\" aria-label=\"CV - deschide \u00eentr-o fil\u0103 nou\u0103\" data-uw-rm-ext-link=\"\" data-uw-pdf-br=\"2\" data-uw-pdf-doc=\"\">CV<\/a><br \/>\u0218ef lucr. dr. Macarie Ioan &#8211; <a href=\"https:\/\/www.umfst.ro\/fileadmin\/f_medicina\/Cadre_didactice\/2025-2026\/Departament_M3\/Medicala_II\/Macarie Ioan_CV_site_UMFST (1).pdf\" target=\"_blank\" rel=\"noopener\" aria-label=\"CV - deschide \u00eentr-o fil\u0103 nou\u0103\" data-uw-rm-ext-link=\"\" data-uw-pdf-br=\"2\" data-uw-pdf-doc=\"\" data-wplink-url-error=\"true\">CV<\/a><br \/>\u0218ef lucr. dr. Fulop Eugen &#8211; <a href=\"https:\/\/www.umfst.ro\/fileadmin\/f_medicina\/Cadre_didactice\/2025-2026\/Departament_M3\/Medicala_II\/CV Fulop Eugen Francisc 2025.pdf\" data-wplink-url-error=\"true\">CV<\/a><br \/>\u0218ef lucr. dr. Szasz Zsuzsanna &#8211; <a href=\"https:\/\/www.umfst.ro\/fileadmin\/f_medicina\/Cadre_didactice\/2025-2026\/Departament_M3\/Medicala_II\/SZASZ_ZSUZSANNA_CV_site_UMFST.pdf\" target=\"_blank\" rel=\"noopener\" aria-label=\"CV - deschide \u00eentr-o fil\u0103 nou\u0103\" data-uw-rm-ext-link=\"\" data-uw-pdf-br=\"2\" data-uw-pdf-doc=\"\">CV<\/a><br \/>Asist. univ. dr. Anda-Mihaela Cerghizan &#8211; <a href=\"https:\/\/www.umfst.ro\/fileadmin\/f_medicina\/Cadre_didactice\/2025-2026\/Departament_M4\/Medicala_III\/CV Asist. Univ. Dr. CERGHIZAN ANDA.pdf\" data-wplink-url-error=\"true\">CV<\/a><br \/>Asist. univ. dr. Daniel-Lauren\u021biu Cozlea &#8211; <a href=\"https:\/\/www.umfst.ro\/fileadmin\/f_medicina\/Cadre_didactice\/2025-2026\/Departament_M4\/Medicala_III\/CV Asist. Univ. Dr. COZLEA DANIEL.pdf\" data-wplink-url-error=\"true\">CV<\/a><br \/>Asist. univ. dr. Imre Mihaly &#8211; <a href=\"https:\/\/www.umfst.ro\/fileadmin\/f_medicina\/Cadre_didactice\/2025-2026\/Departament_M4\/Medicala_III\/CV%20Asist.%20Univ.%20Dr.%20Imre%20Mihaly.pdf\">CV<\/a><br \/>Asist. univ. dr. Radu Mo\u021boc &#8211; <a href=\"https:\/\/www.umfst.ro\/fileadmin\/f_medicina\/Cadre_didactice\/2025-2026\/Departament_M4\/Medicala_III\/CV Asist. Univ. Dr. MOTOC RADU.pdf\" data-wplink-url-error=\"true\">CV<\/a><br \/>Asist. univ. dr. Pantea Monica Cristina &#8211; <a href=\"https:\/\/www.umfst.ro\/fileadmin\/f_medicina\/Cadre_didactice\/2025-2026\/Departament_M4\/Medicala_III\/CV Asist Univ. Dr. PANTEA MONICA.pdf\" data-wplink-url-error=\"true\">CV<\/a><br \/><span data-sheets-value=\"{&quot;1&quot;:2,&quot;2&quot;:&quot;Prof. Univ. Dr. Molnar Calin\\nSef Lucrari Dr. Popa Daniel Gheorghe\\nSef Lucrari Dr. Russu Paul Cristian\\nSef Lucrari Dr. Gherghinescu Mircea\\nAsist. Univ. Dr. Budisca Ovidiu Aurelian\\nAsist. Univ. Dr. Butiurca Vlad-Olimpiu\\nAsist. Univ. Dr. Botoncea Marian&quot;}\" data-sheets-userformat=\"{&quot;2&quot;:513,&quot;3&quot;:{&quot;1&quot;:0},&quot;12&quot;:0}\">Asist. univ. dr. Filip Ana-Maria &#8211; ME2 &#8211; <a href=\"https:\/\/www.umfst.ro\/fileadmin\/f_medicina\/Cadre_didactice\/2025-2026\/Departament_M3\/Medicala_II\/CV_UMF_Filip_Ana_Maria.pdf\">CV<\/a><br \/>Asist. univ. dr. Pintea-Simon Ionela-Anca<\/span><br \/>Asist. univ. drd. Sabrina-Nicoleta Munteanu &#8211; <a href=\"https:\/\/www.umfst.ro\/fileadmin\/f_medicina\/Cadre_didactice\/2025-2026\/Departament_M4\/Medicala_III\/CV Asist. Univ. Drd. MUNTEANU SABRINA-NICOLETA.pdf\" data-wplink-url-error=\"true\">CV<\/a><br \/>Asist. univ. dr. Smaranda Demian &#8211; <a href=\"https:\/\/www.umfst.ro\/fileadmin\/f_medicina\/Cadre_didactice\/2025-2026\/Departament_M3\/Medicala_II\/Demian Smaranda CV pentru UMFST aprilie 2025.pdf\" target=\"_blank\" rel=\"noopener\" aria-label=\"CV - deschide \u00eentr-o fil\u0103 nou\u0103\" data-uw-rm-ext-link=\"\" data-uw-pdf-br=\"2\" data-uw-pdf-doc=\"\" data-wplink-url-error=\"true\">CV<\/a><br \/>Asist. univ. dr. Marcela C\u00e2ndea &#8211; <a href=\"https:\/\/www.umfst.ro\/fileadmin\/f_medicina\/Cadre_didactice\/2025-2026\/Departament_M3\/Medicala_II\/Candea_Marcela_CV_UMFST.pdf\" target=\"_blank\" rel=\"noopener\" aria-label=\"CV - deschide \u00eentr-o fil\u0103 nou\u0103\" data-uw-rm-ext-link=\"\" data-uw-pdf-br=\"2\" data-uw-pdf-doc=\"\">CV<\/a><br \/>Asist. univ. dr. Ioan Hosu &#8211; <a href=\"https:\/\/www.umfst.ro\/fileadmin\/f_medicina\/Cadre_didactice\/2025-2026\/Departament_M3\/Medicala_II\/Dr. Hosu Ioan CV -1.pdf\" data-wplink-url-error=\"true\">CV<\/a><br \/>Asist. univ. dr. Craciun-Ciorba Nicoleta Maria &#8211; <a href=\"https:\/\/www.umfst.ro\/fileadmin\/f_medicina\/Cadre_didactice\/2025-2026\/Departament_M3\/Medicala_II\/CV_Craciun-ciorba_Nicoleta-Maria_2025.pdf\">CV<\/a><br \/>Asist. univ. dr. Nicola Varo Teodora &#8211; <a href=\"https:\/\/www.umfst.ro\/fileadmin\/f_medicina\/Cadre_didactice\/2025-2026\/Departament_M3\/Medicala_II\/Model_CV_site_UMFST 2_ Nicola-Varo_Teodora.pdf\" data-wplink-url-error=\"true\">CV<\/a><\/p>\t\t\t\t\t\t\t\t<\/div>\n\t\t\t\t<\/div>\n\t\t\t\t<div class=\"elementor-element elementor-element-d112cfa elementor-widget elementor-widget-heading\" data-id=\"d112cfa\" data-element_type=\"widget\" data-e-type=\"widget\" data-widget_type=\"heading.default\">\n\t\t\t\t<div class=\"elementor-widget-container\">\n\t\t\t\t\t<h2 class=\"elementor-heading-title elementor-size-default\">Activitate didactic\u0103<\/h2>\t\t\t\t<\/div>\n\t\t\t\t<\/div>\n\t\t\t\t<div class=\"elementor-element elementor-element-84ff91c elementor-widget elementor-widget-jet-accordion\" data-id=\"84ff91c\" data-element_type=\"widget\" data-e-type=\"widget\" data-widget_type=\"jet-accordion.default\">\n\t\t\t\t<div class=\"elementor-widget-container\">\n\t\t\t\t\t\t\t\t\t<div class=\"jet-accordion\" data-settings=\"{&quot;collapsible&quot;:false,&quot;ajaxTemplate&quot;:false,&quot;switchScrolling&quot;:false,&quot;switchScrollingTablet&quot;:false,&quot;switchScrollingMobile&quot;:false,&quot;switchScrollingOffset&quot;:{&quot;size&quot;:0,&quot;unit&quot;:&quot;px&quot;},&quot;switchScrollingOffsetTablet&quot;:{&quot;size&quot;:0,&quot;unit&quot;:&quot;px&quot;},&quot;switchScrollingOffsetMobile&quot;:{&quot;size&quot;:0,&quot;unit&quot;:&quot;px&quot;},&quot;switchScrollingDelay&quot;:500,&quot;switchScrollingDelayTablet&quot;:500,&quot;switchScrollingDelayMobile&quot;:500}\">\n\t\t\t<div class=\"jet-accordion__inner\">\n\t\t\t\t<div class=\"jet-accordion__item jet-toggle jet-toggle-move-up-effect\">\n\t\t\t\t\t\t\t<div id=\"jet-toggle-control-1391\" class=\"jet-toggle__control elementor-menu-anchor\" data-toggle=\"1\" role=\"button\" tabindex=\"0\" aria-controls=\"jet-toggle-content-1391\" aria-expanded=\"false\" data-template-id=\"false\">\n\t\t\t\t\t\t\t\t<div class=\"jet-toggle__label-icon jet-toggle-icon-position-right\"><span class=\"jet-toggle__icon icon-normal jet-tabs-icon\"><svg xmlns=\"http:\/\/www.w3.org\/2000\/svg\" viewbox=\"0 0 448 512\"><path d=\"M256 80c0-17.7-14.3-32-32-32s-32 14.3-32 32V224H48c-17.7 0-32 14.3-32 32s14.3 32 32 32H192V432c0 17.7 14.3 32 32 32s32-14.3 32-32V288H400c17.7 0 32-14.3 32-32s-14.3-32-32-32H256V80z\"><\/path><\/svg><\/span><span class=\"jet-toggle__icon icon-active jet-tabs-icon\"><svg xmlns=\"http:\/\/www.w3.org\/2000\/svg\" viewbox=\"0 0 448 512\"><path d=\"M432 256c0 17.7-14.3 32-32 32L48 288c-17.7 0-32-14.3-32-32s14.3-32 32-32l352 0c17.7 0 32 14.3 32 32z\"><\/path><\/svg><\/span><\/div><div class=\"jet-toggle__label-text\">Cursuri pentru studen\u021bi<\/div>\t\t\t\t\t\t\t<\/div>\n\t\t\t\t\t\t\t<div id=\"jet-toggle-content-1391\" class=\"jet-toggle__content\" data-toggle=\"1\" role=\"region\" data-template-id=\"false\">\n\t\t\t\t\t\t\t\t<div class=\"jet-toggle__content-inner\"><ol><li>Endoscopie Digestiva, curs optional \u2013 anul IV, medicin\u0103, LR \u2013 Conf. univ. dr Ligia Bancu<\/li><li>Semiologie Medical\u0103,curs \u2013 anul II, asisten\u021b\u0103 medical\u0103, LR \u2013 Conf.dr. Ligia Bancu<\/li><li>Medicin\u0103 Intern\u0103 (gastroenterologie) curs, stagiu \u2013 anul V, medicin\u0103, LR \u2013 Conf.dr. Ligia Bancu<\/li><li>Semiologie medical\u0103 ,curs \u2013 anul III, medicin\u0103 dentar\u0103, LR \u2013 \u0219ef lucr. Dr. Corina Ureche<\/li><li>Urgen\u021be medicale,curs \u2013 anul V, Farmacie, LR \u2013 \u0219ef lucr. Dr. Corina Ureche<\/li><li>M\u0103suri de prim ajutor,curs \u2013 anul I, Farmacie, LR \u2013 \u0219ef lucr. Dr. Corina Ureche<\/li><li>Nutri\u021bia \u0219i imunitatea,curs \u2013 anul II, Nutritie Masterat, LR- \u0219ef lucr. Dr. Corina Ureche<\/li><li>Cosmetovigilenta si siguranta produselor cosmetice, curs-anul I, Farmacie Masterat, LR- \u0219ef lucr. Dr. Corina Ureche<\/li><li>Urgen\u021be Medicale,curs \u2013 anul V, Farmacie, LM \u2013 \u0219ef lucr. Dr. Kelemen Piroska<\/li><li>Semiologie Medical\u0103,curs \u2013 anul III, Medicin\u0103 Dentar\u0103, LM \u2013 \u0219ef lucr. Dr. Kelemen Piroska<\/li><li>Medicin\u0103 intern\u0103 (gastroenterolgie),curs \u2013 anul V, medicin\u0103, LM \u2013 \u0219ef lucr. Dr. Kelemen Piroska<\/li><li>Ingrijirea bolnavilor la domiciliu, curs \u2013 anul III , Asistenta Medical\u0103,LR \u2013\u00a0 \u0219ef lucr. Dr. F\u00fcl\u00f6p Eugen<\/li><li>Principii de semiologie medical\u0103, curs \u2013 anul2, Nutri\u021bie, LR \u2013 \u0219ef lucr. Dr. F\u00fcl\u00f6p Eugen<\/li><li>Semiologie medical\u0103, curs \u2013 anul II, Asisten\u021b\u0103 Medical\u0103 , LM \u2013 Sef lucrari Dr. Mak\u00f3 Katalin<\/li><li>M\u0103suri de prim ajutor, curs \u2013 anul I, Cosmetic\u0103 Medical\u0103, LR \u2013 \u0218ef lucr. Dr. Corina Ureche<\/li><li>Semiologie medical\u0103 \u2013 anul III, medicin\u0103, LR \u2013 Conf. Dr. Lauren\u021biu Cozlea<\/li><li>Semiologie Medical\u0103 \u2013 anul III, medicin\u0103, LR \u2013\u00a0 \u0218ef. lucr. Dr. Dan Mircea F\u0103rca\u0219<\/li><li>Semiologie Medical\u0103 \u2013 anul III, medicin\u0103, LR \u2013\u00a0 \u0218ef. lucr. Dr. Maria Cristina T\u0103tar<\/li><li>Semiologie Medical\u0103 \u2013 anul III, medicin\u0103, LM\u2013 Prof. univ. dr. Benedek Istv\u00e1n<\/li><li>Semiologie Medical\u0103 \u2013 anul III, medicin\u0103, LM \u2013 \u0218ef. lucr. Dr. Szab\u00f3 M\u00f3nika<\/li><li>Semiologie Medical\u0103 \u2013 anul III, medicin\u0103, LE \u2013 \u0218ef. lucr. Dr. German Sall\u00f3 M\u00e1rta<\/li><li>Semiologie Medical\u0103 \u2013 anul III, medicin\u0103, LE \u2013 \u0218ef. lucr. Dr. Anca Elena Negovan<\/li><\/ol><\/div>\n\t\t\t\t\t\t\t<\/div>\n\t\t\t\t\t\t<\/div><div class=\"jet-accordion__item jet-toggle jet-toggle-move-up-effect\">\n\t\t\t\t\t\t\t<div id=\"jet-toggle-control-1392\" class=\"jet-toggle__control elementor-menu-anchor\" data-toggle=\"2\" role=\"button\" tabindex=\"0\" aria-controls=\"jet-toggle-content-1392\" aria-expanded=\"false\" data-template-id=\"false\">\n\t\t\t\t\t\t\t\t<div class=\"jet-toggle__label-icon jet-toggle-icon-position-right\"><span class=\"jet-toggle__icon icon-normal jet-tabs-icon\"><svg xmlns=\"http:\/\/www.w3.org\/2000\/svg\" viewbox=\"0 0 448 512\"><path d=\"M256 80c0-17.7-14.3-32-32-32s-32 14.3-32 32V224H48c-17.7 0-32 14.3-32 32s14.3 32 32 32H192V432c0 17.7 14.3 32 32 32s32-14.3 32-32V288H400c17.7 0 32-14.3 32-32s-14.3-32-32-32H256V80z\"><\/path><\/svg><\/span><span class=\"jet-toggle__icon icon-active jet-tabs-icon\"><svg xmlns=\"http:\/\/www.w3.org\/2000\/svg\" viewbox=\"0 0 448 512\"><path d=\"M432 256c0 17.7-14.3 32-32 32L48 288c-17.7 0-32-14.3-32-32s14.3-32 32-32l352 0c17.7 0 32 14.3 32 32z\"><\/path><\/svg><\/span><\/div><div class=\"jet-toggle__label-text\">Stagii clinice, lucr\u0103ri practice<\/div>\t\t\t\t\t\t\t<\/div>\n\t\t\t\t\t\t\t<div id=\"jet-toggle-content-1392\" class=\"jet-toggle__content\" data-toggle=\"2\" role=\"region\" data-template-id=\"false\">\n\t\t\t\t\t\t\t\t<div class=\"jet-toggle__content-inner\"><p>(Materie \u2013 an, program de studii- stagiu clinic\/lucrare practic\u0103)<\/p><ol><li>Medicin\u0103 Intern\u0103 \u2013 anul V, medicin\u0103 \u2013 stagiu clinic<\/li><li>Semiologie Medical\u0103 \u2013 anul II, asisten\u021b\u0103 medical\u0103 \u2013 lucrare practic\u0103<\/li><li>Semiologie Medical\u0103 \u2013 anul III , medicin\u0103 dentar\u0103 \u2013 lucrare practic\u0103\u00a0<\/li><li>Medicin\u0103 intern\u0103 \u2013 anul III, asisten\u021b\u0103 medical\u0103 \u2013 stagiu<\/li><li>Semiologie Medicala \u2013 anul III medicin\u0103 \u2013 lucrare practic\u0103<\/li><li>Preg\u0103tire practic\u0103 de specialitate \u2013 anul IV, asisten\u021b\u0103 medical\u0103<\/li><li>Semiologie medical\u0103 \u2013 anul III, medicin\u0103 \u2013 lucr\u0103ri practice<\/li><li>Semiologie medical\u0103 \u2013 anul III, medicin\u0103, limb\u0103 englez\u0103 \u2013 lucr\u0103ri practice<\/li><\/ol><\/div>\n\t\t\t\t\t\t\t<\/div>\n\t\t\t\t\t\t<\/div><div class=\"jet-accordion__item jet-toggle jet-toggle-move-up-effect\">\n\t\t\t\t\t\t\t<div id=\"jet-toggle-control-1393\" class=\"jet-toggle__control elementor-menu-anchor\" data-toggle=\"3\" role=\"button\" tabindex=\"0\" aria-controls=\"jet-toggle-content-1393\" aria-expanded=\"false\" data-template-id=\"false\">\n\t\t\t\t\t\t\t\t<div class=\"jet-toggle__label-icon jet-toggle-icon-position-right\"><span class=\"jet-toggle__icon icon-normal jet-tabs-icon\"><svg xmlns=\"http:\/\/www.w3.org\/2000\/svg\" viewbox=\"0 0 448 512\"><path d=\"M256 80c0-17.7-14.3-32-32-32s-32 14.3-32 32V224H48c-17.7 0-32 14.3-32 32s14.3 32 32 32H192V432c0 17.7 14.3 32 32 32s32-14.3 32-32V288H400c17.7 0 32-14.3 32-32s-14.3-32-32-32H256V80z\"><\/path><\/svg><\/span><span class=\"jet-toggle__icon icon-active jet-tabs-icon\"><svg xmlns=\"http:\/\/www.w3.org\/2000\/svg\" viewbox=\"0 0 448 512\"><path d=\"M432 256c0 17.7-14.3 32-32 32L48 288c-17.7 0-32-14.3-32-32s14.3-32 32-32l352 0c17.7 0 32 14.3 32 32z\"><\/path><\/svg><\/span><\/div><div class=\"jet-toggle__label-text\">Manuale \u0219i \u00eendrum\u0103toare de lucr\u0103ri practice<\/div>\t\t\t\t\t\t\t<\/div>\n\t\t\t\t\t\t\t<div id=\"jet-toggle-content-1393\" class=\"jet-toggle__content\" data-toggle=\"3\" role=\"region\" data-template-id=\"false\">\n\t\t\t\t\t\t\t\t<div class=\"jet-toggle__content-inner\"><ol><li><span data-sheets-value=\"{&quot;1&quot;:2,&quot;2&quot;:&quot;Carte Gastroentelorogier Ligia Bancu, , Nicoleta Craciun, Szalman Krisztina&quot;}\" data-sheets-userformat=\"{&quot;2&quot;:513,&quot;3&quot;:{&quot;1&quot;:0},&quot;12&quot;:0}\">Carte Gastroentelorogie Ligia Bancu, Nicoleta Craciun, Szalman Krisztina<\/span><\/li><li>Cozlea Laurentiu (sub redactia), Dan Mircea Farcas, Cristina Maria Tatar, Anca Negovan, Radu Motoc, Anda Fridrik Cerghizan, Daniel Laurentiu Cozlea, Ionela Cozlea. Semiologia Aparatului cardiovascular, Editura University Press Targu-Mures, 2015, ISBN 978-973-169-389-7<\/li><li>German-Sallo Marta, Dr Hadadi Laszlo Nutricio es Dietetika-Egyetemi Jegyzet 2015 (format electronic)<\/li><li>German-Sallo Marta. Basics of Diagnosis: History Taking, Physical Examination and Investigation, Voumul II. University PressTirgu Mures, 2015<\/li><li>German-Sallo Marta. Basics of Diagnosis: History Taking, Physical Examination and Investigation, Voumul I. University PressTirgu Mures, 2014<\/li><li>Cozlea Lauren\u021biu (sub red.), Ioan \u021ailea, Dan Mircea F\u0103rca\u0219, Cristina T\u0103tar, Daniel Lauren\u021biu Cozlea, Maxim Dr\u0103gan, Radu Motoc, Anca Negovan, Anda Cerghizan Fridrik. Semiologie medical\u0103: semiologia general\u0103, semiologia aparatului respirator, Editura University Press T\u00e2rgu-Mure\u0219, 2013, 226 pg., ISBN 978-973-169-233-3, cod CNCS 210<\/li><li>Lauren\u021biu Cozlea, Ioan \u021ailea \u2013 Atlas de Semiologie Medical\u0103 Monografie, Editura University Press T\u00e2rgu Mure\u0219, 2007, ISBN 978-973-7665-77-5 (format electronic)<\/li><li>Lauren\u021biu Cozlea (sub redac\u021bia), Rodica Redi\u0219, Anca Negovan, Radu Motoc, Cristina Chiorean, Ioan \u021ailea, Dan Mircea F\u0103rca\u0219, Daniel Laurentiu Cozlea \u2013 Semiologie medical\u0103, Ed. University Press T\u00e2rgu Mure\u0219, 2006, ISBN (10) 973-7788-82-6; ISBN (13) 978-973-7788-82-5, 412 pagini<\/li><\/ol><\/div>\n\t\t\t\t\t\t\t<\/div>\n\t\t\t\t\t\t<\/div>\t\t\t<\/div>\n\t\t<\/div>\n\t\t\t\t\t\t<\/div>\n\t\t\t\t<\/div>\n\t\t\t\t\t<\/div>\n\t\t<\/div>\n\t\t\t\t<div class=\"elementor-column elementor-col-50 elementor-top-column elementor-element elementor-element-687065a\" data-id=\"687065a\" data-element_type=\"column\" data-e-type=\"column\">\n\t\t\t<div class=\"elementor-widget-wrap elementor-element-populated\">\n\t\t\t\t\t\t<section class=\"elementor-section elementor-inner-section elementor-element elementor-element-c25278d elementor-section-boxed elementor-section-height-default elementor-section-height-default\" data-id=\"c25278d\" data-element_type=\"section\" data-e-type=\"section\">\n\t\t\t\t\t\t<div class=\"elementor-container elementor-column-gap-default\">\n\t\t\t\t\t<div data-dce-background-color=\"#F2F7FF\" class=\"elementor-column elementor-col-100 elementor-inner-column elementor-element elementor-element-825acd5\" data-id=\"825acd5\" data-element_type=\"column\" data-e-type=\"column\" data-settings=\"{&quot;background_background&quot;:&quot;classic&quot;}\">\n\t\t\t<div class=\"elementor-widget-wrap elementor-element-populated\">\n\t\t\t\t\t\t<div class=\"elementor-element elementor-element-543ce76 elementor-widget elementor-widget-heading\" data-id=\"543ce76\" data-element_type=\"widget\" data-e-type=\"widget\" data-widget_type=\"heading.default\">\n\t\t\t\t<div class=\"elementor-widget-container\">\n\t\t\t\t\t<h5 class=\"elementor-heading-title elementor-size-default\">Contact<\/h5>\t\t\t\t<\/div>\n\t\t\t\t<\/div>\n\t\t\t\t<div class=\"elementor-element elementor-element-79e3675 elementor-widget-divider--view-line elementor-widget elementor-widget-divider\" data-id=\"79e3675\" data-element_type=\"widget\" data-e-type=\"widget\" data-widget_type=\"divider.default\">\n\t\t\t\t<div class=\"elementor-widget-container\">\n\t\t\t\t\t\t\t<div class=\"elementor-divider\">\n\t\t\t<span class=\"elementor-divider-separator\">\n\t\t\t\t\t\t<\/span>\n\t\t<\/div>\n\t\t\t\t\t\t<\/div>\n\t\t\t\t<\/div>\n\t\t\t\t<div class=\"elementor-element elementor-element-75b52cb elementor-widget elementor-widget-icon-box\" data-id=\"75b52cb\" data-element_type=\"widget\" data-e-type=\"widget\" data-widget_type=\"icon-box.default\">\n\t\t\t\t<div class=\"elementor-widget-container\">\n\t\t\t\t\t\t\t<div class=\"elementor-icon-box-wrapper\">\n\n\t\t\t\n\t\t\t\t\t\t<div class=\"elementor-icon-box-content\">\n\n\t\t\t\t\t\t\t\t\t<h3 class=\"elementor-icon-box-title\">\n\t\t\t\t\t\t<span  >\n\t\t\t\t\t\t\tSec\u021bia clinic\u0103\t\t\t\t\t\t<\/span>\n\t\t\t\t\t<\/h3>\n\t\t\t\t\n\t\t\t\t\t\t\t\t\t<p class=\"elementor-icon-box-description\">\n\t\t\t\t\t\tClinica Medicina Interna 1- SCJU \t\t\t\t\t<\/p>\n\t\t\t\t\n\t\t\t<\/div>\n\t\t\t\n\t\t<\/div>\n\t\t\t\t\t\t<\/div>\n\t\t\t\t<\/div>\n\t\t\t\t<div class=\"elementor-element elementor-element-c3ca4d1 elementor-widget elementor-widget-icon-box\" data-id=\"c3ca4d1\" data-element_type=\"widget\" data-e-type=\"widget\" data-widget_type=\"icon-box.default\">\n\t\t\t\t<div class=\"elementor-widget-container\">\n\t\t\t\t\t\t\t<div class=\"elementor-icon-box-wrapper\">\n\n\t\t\t\n\t\t\t\t\t\t<div class=\"elementor-icon-box-content\">\n\n\t\t\t\t\t\t\t\t\t<h3 class=\"elementor-icon-box-title\">\n\t\t\t\t\t\t<span  >\n\t\t\t\t\t\t\tAdres\u0103\t\t\t\t\t\t<\/span>\n\t\t\t\t\t<\/h3>\n\t\t\t\t\n\t\t\t\t\t\t\t\t\t<p class=\"elementor-icon-box-description\">\n\t\t\t\t\t\t\n\nSpitalul Clinic Jude\u021bean de Urgen\u021b\u0103, \nClinica Medical\u0103 II\nStr. Gheorghe Marinescu Nr. 50\nT\u00e2rgu Mure\u0219, 540136\nRom\u00e2nia\n\t\t\t\t\t<\/p>\n\t\t\t\t\n\t\t\t<\/div>\n\t\t\t\n\t\t<\/div>\n\t\t\t\t\t\t<\/div>\n\t\t\t\t<\/div>\n\t\t\t\t<div class=\"elementor-element elementor-element-730ab13 elementor-widget elementor-widget-icon-box\" data-id=\"730ab13\" data-element_type=\"widget\" data-e-type=\"widget\" data-widget_type=\"icon-box.default\">\n\t\t\t\t<div class=\"elementor-widget-container\">\n\t\t\t\t\t\t\t<div class=\"elementor-icon-box-wrapper\">\n\n\t\t\t\n\t\t\t\t\t\t<div class=\"elementor-icon-box-content\">\n\n\t\t\t\t\t\t\t\t\t<h3 class=\"elementor-icon-box-title\">\n\t\t\t\t\t\t<span  >\n\t\t\t\t\t\t\tE-mail\t\t\t\t\t\t<\/span>\n\t\t\t\t\t<\/h3>\n\t\t\t\t\n\t\t\t\t\t\t\t\t\t<p class=\"elementor-icon-box-description\">\n\t\t\t\t\t\tmedicala2@gmail.com<br>\nmedicalaumfst2025@gmail.com\t\t\t\t\t<\/p>\n\t\t\t\t\n\t\t\t<\/div>\n\t\t\t\n\t\t<\/div>\n\t\t\t\t\t\t<\/div>\n\t\t\t\t<\/div>\n\t\t\t\t<div class=\"elementor-element elementor-element-b702509 elementor-widget elementor-widget-icon-box\" data-id=\"b702509\" data-element_type=\"widget\" data-e-type=\"widget\" data-widget_type=\"icon-box.default\">\n\t\t\t\t<div class=\"elementor-widget-container\">\n\t\t\t\t\t\t\t<div class=\"elementor-icon-box-wrapper\">\n\n\t\t\t\n\t\t\t\t\t\t<div class=\"elementor-icon-box-content\">\n\n\t\t\t\t\t\t\t\t\t<h3 class=\"elementor-icon-box-title\">\n\t\t\t\t\t\t<span  >\n\t\t\t\t\t\t\tTelefon\t\t\t\t\t\t<\/span>\n\t\t\t\t\t<\/h3>\n\t\t\t\t\n\t\t\t\t\t\t\t\t\t<p class=\"elementor-icon-box-description\">\n\t\t\t\t\t\t+40-265-212.886\t\t\t\t\t<\/p>\n\t\t\t\t\n\t\t\t<\/div>\n\t\t\t\n\t\t<\/div>\n\t\t\t\t\t\t<\/div>\n\t\t\t\t<\/div>\n\t\t\t\t\t<\/div>\n\t\t<\/div>\n\t\t\t\t\t<\/div>\n\t\t<\/section>\n\t\t\t\t\t<\/div>\n\t\t<\/div>\n\t\t\t\t\t<\/div>\n\t\t<\/section>\n\t\t\t\t<\/div>","protected":false},"excerpt":{"rendered":"<p>Colectivul disciplinei \u0218ef disciplin\u0103Prof. univ. dr. Anca Negovan &#8211; CV Membri\u0218ef lucr. dr. German-Sallo Marta &#8211; CV\u0218ef lucr. dr. Maria-Cristina T\u0103tar &#8211; CV\u0218ef lucr. dr. Kelemen Piroska &#8211; CV\u0218ef lucr. dr. Corina Ureche &#8211; CV\u0218ef lucr. dr. Macarie Ioan &#8211; CV\u0218ef lucr. dr. Fulop Eugen &#8211; CV\u0218ef lucr. dr. Szasz Zsuzsanna &#8211; CVAsist. univ. dr. [&hellip;]<\/p>\n","protected":false},"author":14,"featured_media":0,"parent":263,"menu_order":9,"comment_status":"closed","ping_status":"closed","template":"","meta":{"_relevanssi_hide_post":"","_relevanssi_hide_content":"","_relevanssi_pin_for_all":"","_relevanssi_pin_keywords":"","_relevanssi_unpin_keywords":"","_relevanssi_related_keywords":"","_relevanssi_related_include_ids":"","_relevanssi_related_exclude_ids":"","_relevanssi_related_no_append":"","_relevanssi_related_not_related":"","_relevanssi_related_posts":"1","_relevanssi_noindex_reason":"","footnotes":""},"categories":[13,40],"tags":[],"class_list":["post-3235","page","type-page","status-publish","hentry","category-pagina-cu-sidebar","category-pagina-departamente-si-discipline"],"meta_box":[],"_links":{"self":[{"href":"https:\/\/umfst.ro\/facultatea-de-medicina\/hu\/wp-json\/wp\/v2\/pages\/3235","targetHints":{"allow":["GET"]}}],"collection":[{"href":"https:\/\/umfst.ro\/facultatea-de-medicina\/hu\/wp-json\/wp\/v2\/pages"}],"about":[{"href":"https:\/\/umfst.ro\/facultatea-de-medicina\/hu\/wp-json\/wp\/v2\/types\/page"}],"author":[{"embeddable":true,"href":"https:\/\/umfst.ro\/facultatea-de-medicina\/hu\/wp-json\/wp\/v2\/users\/14"}],"replies":[{"embeddable":true,"href":"https:\/\/umfst.ro\/facultatea-de-medicina\/hu\/wp-json\/wp\/v2\/comments?post=3235"}],"version-history":[{"count":58,"href":"https:\/\/umfst.ro\/facultatea-de-medicina\/hu\/wp-json\/wp\/v2\/pages\/3235\/revisions"}],"predecessor-version":[{"id":8910,"href":"https:\/\/umfst.ro\/facultatea-de-medicina\/hu\/wp-json\/wp\/v2\/pages\/3235\/revisions\/8910"}],"up":[{"embeddable":true,"href":"https:\/\/umfst.ro\/facultatea-de-medicina\/hu\/wp-json\/wp\/v2\/pages\/263"}],"wp:attachment":[{"href":"https:\/\/umfst.ro\/facultatea-de-medicina\/hu\/wp-json\/wp\/v2\/media?parent=3235"}],"wp:term":[{"taxonomy":"category","embeddable":true,"href":"https:\/\/umfst.ro\/facultatea-de-medicina\/hu\/wp-json\/wp\/v2\/categories?post=3235"},{"taxonomy":"post_tag","embeddable":true,"href":"https:\/\/umfst.ro\/facultatea-de-medicina\/hu\/wp-json\/wp\/v2\/tags?post=3235"}],"curies":[{"name":"wp","href":"https:\/\/api.w.org\/{rel}","templated":true}]}}