{"id":3254,"date":"2023-06-26T16:20:43","date_gmt":"2023-06-26T13:20:43","guid":{"rendered":"https:\/\/dev.umfst.ro\/facultatea-de-medicina\/?page_id=3254"},"modified":"2025-10-27T13:59:40","modified_gmt":"2025-10-27T11:59:40","slug":"medicala-v","status":"publish","type":"page","link":"https:\/\/umfst.ro\/facultatea-de-medicina\/hu\/departamente-si-discipline\/m3-discipline-clinice-si-medico-chirurgicale\/medicala-v\/","title":{"rendered":"Medical\u0103 V"},"content":{"rendered":"<div data-elementor-type=\"wp-page\" data-elementor-id=\"3254\" class=\"elementor elementor-3254\" data-elementor-post-type=\"page\">\n\t\t\t\t\t\t<section class=\"elementor-section elementor-top-section elementor-element elementor-element-7a83ac91 elementor-section-boxed elementor-section-height-default elementor-section-height-default\" data-id=\"7a83ac91\" data-element_type=\"section\" data-e-type=\"section\">\n\t\t\t\t\t\t<div class=\"elementor-container elementor-column-gap-default\">\n\t\t\t\t\t<div class=\"elementor-column elementor-col-50 elementor-top-column elementor-element elementor-element-3e42cb35\" data-id=\"3e42cb35\" data-element_type=\"column\" data-e-type=\"column\">\n\t\t\t<div class=\"elementor-widget-wrap elementor-element-populated\">\n\t\t\t\t\t\t<div class=\"elementor-element elementor-element-aa6dc3e elementor-widget elementor-widget-text-editor\" data-id=\"aa6dc3e\" data-element_type=\"widget\" data-e-type=\"widget\" data-widget_type=\"text-editor.default\">\n\t\t\t\t<div class=\"elementor-widget-container\">\n\t\t\t\t\t\t\t\t\t<h2>Colectivul disciplinei<\/h2><p><span data-sheets-value=\"{&quot;1&quot;:2,&quot;2&quot;:&quot; \u0218ef lucr\u0103ri, dr. Mitre Adriana- \u0218ef de disciplin\u0103\\n \u0218ef lucr\u0103ri, dr. Lupu Silvia-Elisabeta\\n \u0218ef lucr\u0103ri, dr. Jeremias Zsuzsanna\\n Asist. univ. dr. Dinesch Violeta\\n Asist univ. drd. Cristina Somkereki (D)\\n Asist univ. drd. Pal Tunde(D)\\nAsist. univ. drd. Laszlo-Dobai Bernadette Miriam (D)&quot;}\" data-sheets-userformat=\"{&quot;2&quot;:513,&quot;3&quot;:{&quot;1&quot;:0},&quot;12&quot;:0}\"><strong> \u0218ef disciplin\u0103<\/strong><br \/>\u0218ef lucr. dr. Silvia Elisabeta Lupu &#8211; <a href=\"https:\/\/www.umfst.ro\/fileadmin\/f_medicina\/Cadre_didactice\/2025-2026\/Departament_M3\/Medicala_V\/Lupu Silvia Elisabeta_CV_site_UMFST 2025.pdf\" target=\"_blank\" rel=\"noopener\" data-wplink-url-error=\"true\">CV<\/a><br \/><\/span><\/p><p><span data-sheets-value=\"{&quot;1&quot;:2,&quot;2&quot;:&quot; \u0218ef lucr\u0103ri, dr. Mitre Adriana- \u0218ef de disciplin\u0103\\n \u0218ef lucr\u0103ri, dr. Lupu Silvia-Elisabeta\\n \u0218ef lucr\u0103ri, dr. Jeremias Zsuzsanna\\n Asist. univ. dr. Dinesch Violeta\\n Asist univ. drd. Cristina Somkereki (D)\\n Asist univ. drd. Pal Tunde(D)\\nAsist. univ. drd. Laszlo-Dobai Bernadette Miriam (D)&quot;}\" data-sheets-userformat=\"{&quot;2&quot;:513,&quot;3&quot;:{&quot;1&quot;:0},&quot;12&quot;:0}\"><strong>Membri<\/strong><br \/><\/span><span data-sheets-value=\"{&quot;1&quot;:2,&quot;2&quot;:&quot; \u0218ef lucr\u0103ri, dr. Mitre Adriana- \u0218ef de disciplin\u0103\\n \u0218ef lucr\u0103ri, dr. Lupu Silvia-Elisabeta\\n \u0218ef lucr\u0103ri, dr. Jeremias Zsuzsanna\\n Asist. univ. dr. Dinesch Violeta\\n Asist univ. drd. Cristina Somkereki (D)\\n Asist univ. drd. Pal Tunde(D)\\nAsist. univ. drd. Laszlo-Dobai Bernadette Miriam (D)&quot;}\" data-sheets-userformat=\"{&quot;2&quot;:513,&quot;3&quot;:{&quot;1&quot;:0},&quot;12&quot;:0}\">\u0218ef lucr. dr. Jeremias Zsuzsanna &#8211; <\/span><a href=\"https:\/\/www.umfst.ro\/fileadmin\/f_medicina\/Cadre_didactice\/2025-2026\/Departament_M3\/Medicala_V\/Jeremias Zsuzsanna_CV_site_UMFST 2025.pdf\" target=\"_blank\" rel=\"noopener\" data-wplink-url-error=\"true\">CV<\/a><br \/><span data-sheets-value=\"{&quot;1&quot;:2,&quot;2&quot;:&quot; \u0218ef lucr\u0103ri, dr. Mitre Adriana- \u0218ef de disciplin\u0103\\n \u0218ef lucr\u0103ri, dr. Lupu Silvia-Elisabeta\\n \u0218ef lucr\u0103ri, dr. Jeremias Zsuzsanna\\n Asist. univ. dr. Dinesch Violeta\\n Asist univ. drd. Cristina Somkereki (D)\\n Asist univ. drd. Pal Tunde(D)\\nAsist. univ. drd. Laszlo-Dobai Bernadette Miriam (D)&quot;}\" data-sheets-userformat=\"{&quot;2&quot;:513,&quot;3&quot;:{&quot;1&quot;:0},&quot;12&quot;:0}\">Asist. univ. dr. Violeta Dinesch &#8211; <\/span><a href=\"https:\/\/www.umfst.ro\/fileadmin\/f_medicina\/Cadre_didactice\/2025-2026\/Departament_M3\/Medicala_V\/Dinesch Violeta_CV_site_UMFST 2025.pdf\" target=\"_blank\" rel=\"noopener\" data-wplink-url-error=\"true\">CV<\/a><br \/><span data-sheets-value=\"{&quot;1&quot;:2,&quot;2&quot;:&quot; \u0218ef lucr\u0103ri, dr. Mitre Adriana- \u0218ef de disciplin\u0103\\n \u0218ef lucr\u0103ri, dr. Lupu Silvia-Elisabeta\\n \u0218ef lucr\u0103ri, dr. Jeremias Zsuzsanna\\n Asist. univ. dr. Dinesch Violeta\\n Asist univ. drd. Cristina Somkereki (D)\\n Asist univ. drd. Pal Tunde(D)\\nAsist. univ. drd. Laszlo-Dobai Bernadette Miriam (D)&quot;}\" data-sheets-userformat=\"{&quot;2&quot;:513,&quot;3&quot;:{&quot;1&quot;:0},&quot;12&quot;:0}\">Asist. univ. dr. <\/span>Somkereki Cristina &#8211; <a href=\"https:\/\/www.umfst.ro\/fileadmin\/f_medicina\/Cadre_didactice\/2025-2026\/Departament_M3\/Medicala_V\/Cristina_Somkereki_CV_RO.pdf\">CV<\/a><br \/><span data-sheets-value=\"{&quot;1&quot;:2,&quot;2&quot;:&quot; \u0218ef lucr\u0103ri, dr. Mitre Adriana- \u0218ef de disciplin\u0103\\n \u0218ef lucr\u0103ri, dr. Lupu Silvia-Elisabeta\\n \u0218ef lucr\u0103ri, dr. Jeremias Zsuzsanna\\n Asist. univ. dr. Dinesch Violeta\\n Asist univ. drd. Cristina Somkereki (D)\\n Asist univ. drd. Pal Tunde(D)\\nAsist. univ. drd. Laszlo-Dobai Bernadette Miriam (D)&quot;}\" data-sheets-userformat=\"{&quot;2&quot;:513,&quot;3&quot;:{&quot;1&quot;:0},&quot;12&quot;:0}\">Asist. univ. drd. Opris Diana &#8211; <\/span><a href=\"https:\/\/www.umfst.ro\/fileadmin\/f_medicina\/Cadre_didactice\/2025-2026\/Departament_M3\/Medicala_V\/Opris Diana_CV_site_UMFST 2025.pdf\" target=\"_blank\" rel=\"noopener\" data-wplink-url-error=\"true\">CV<\/a><\/p>\t\t\t\t\t\t\t\t<\/div>\n\t\t\t\t<\/div>\n\t\t\t\t<div class=\"elementor-element elementor-element-d112cfa elementor-widget elementor-widget-heading\" data-id=\"d112cfa\" data-element_type=\"widget\" data-e-type=\"widget\" data-widget_type=\"heading.default\">\n\t\t\t\t<div class=\"elementor-widget-container\">\n\t\t\t\t\t<h2 class=\"elementor-heading-title elementor-size-default\">Activitate didactic\u0103<\/h2>\t\t\t\t<\/div>\n\t\t\t\t<\/div>\n\t\t\t\t<div class=\"elementor-element elementor-element-84ff91c elementor-widget elementor-widget-jet-accordion\" data-id=\"84ff91c\" data-element_type=\"widget\" data-e-type=\"widget\" data-widget_type=\"jet-accordion.default\">\n\t\t\t\t<div class=\"elementor-widget-container\">\n\t\t\t\t\t\t\t\t\t<div class=\"jet-accordion\" data-settings=\"{&quot;collapsible&quot;:false,&quot;ajaxTemplate&quot;:false,&quot;switchScrolling&quot;:false,&quot;switchScrollingTablet&quot;:false,&quot;switchScrollingMobile&quot;:false,&quot;switchScrollingOffset&quot;:{&quot;size&quot;:0,&quot;unit&quot;:&quot;px&quot;},&quot;switchScrollingOffsetTablet&quot;:{&quot;size&quot;:0,&quot;unit&quot;:&quot;px&quot;},&quot;switchScrollingOffsetMobile&quot;:{&quot;size&quot;:0,&quot;unit&quot;:&quot;px&quot;},&quot;switchScrollingDelay&quot;:500,&quot;switchScrollingDelayTablet&quot;:500,&quot;switchScrollingDelayMobile&quot;:500}\">\n\t\t\t<div class=\"jet-accordion__inner\">\n\t\t\t\t<div class=\"jet-accordion__item jet-toggle jet-toggle-move-up-effect\">\n\t\t\t\t\t\t\t<div id=\"jet-toggle-control-1391\" class=\"jet-toggle__control elementor-menu-anchor\" data-toggle=\"1\" role=\"button\" tabindex=\"0\" aria-controls=\"jet-toggle-content-1391\" aria-expanded=\"false\" data-template-id=\"false\">\n\t\t\t\t\t\t\t\t<div class=\"jet-toggle__label-icon jet-toggle-icon-position-right\"><span class=\"jet-toggle__icon icon-normal jet-tabs-icon\"><svg xmlns=\"http:\/\/www.w3.org\/2000\/svg\" viewbox=\"0 0 448 512\"><path d=\"M256 80c0-17.7-14.3-32-32-32s-32 14.3-32 32V224H48c-17.7 0-32 14.3-32 32s14.3 32 32 32H192V432c0 17.7 14.3 32 32 32s32-14.3 32-32V288H400c17.7 0 32-14.3 32-32s-14.3-32-32-32H256V80z\"><\/path><\/svg><\/span><span class=\"jet-toggle__icon icon-active jet-tabs-icon\"><svg xmlns=\"http:\/\/www.w3.org\/2000\/svg\" viewbox=\"0 0 448 512\"><path d=\"M432 256c0 17.7-14.3 32-32 32L48 288c-17.7 0-32-14.3-32-32s14.3-32 32-32l352 0c17.7 0 32 14.3 32 32z\"><\/path><\/svg><\/span><\/div><div class=\"jet-toggle__label-text\">Cursuri pentru studen\u021bi<\/div>\t\t\t\t\t\t\t<\/div>\n\t\t\t\t\t\t\t<div id=\"jet-toggle-content-1391\" class=\"jet-toggle__content\" data-toggle=\"1\" role=\"region\" data-template-id=\"false\">\n\t\t\t\t\t\t\t\t<div class=\"jet-toggle__content-inner\"><p><span data-sheets-value=\"{&quot;1&quot;:2,&quot;2&quot;:&quot;1. Medicin\u0103 intern\u0103\/cardiologie- Mitre Adriana, Medicina, anul IV\\n2. Medicin\u0103 intern\u0103 \u0219i specialit\u0103\u021bi medicale (I)- Mitre Adriana, Lupu Silvia-Elisabeta, Jeremias Zsuzsanna, Asisten\u021b\u0103 medical\u0103 general\u0103, anul II.\\n3. Semiologie medical\u0103 \u0219i medicin\u0103 intern\u0103- Mitre Adriana, Lupu Silvia-Elisabeta, Jeremias Zsuzsanna, Balneofiziokinetoterapie, anul II.\\n4. \u00cengrijirea persoanelor v\u00e2rstnice \u0219i geriatrie-  Lupu Silvia-Elisabeta, Jeremias Zsuzsanna, Asisten\u021b\u0103 medical\u0103 general\u0103, anul III.\\n5. Reabilitarea func\u021bional\u0103 \u00een patologia cardio-pulmonar\u0103- Mitre Adriana, MTFRF, anul II.\\n6. Introducere \u00een echocardiografie-  Lupu Silvia-Elisabeta, Jeremias Zsuzsanna, Mitre Adriana, Medicin\u0103, anul IV\\n7. Abordarea pacientului critic cu afec\u021biuni  cardio-vasculare -  Mitre Adriana, Lupu Silvia-Elisabeta, Jeremias Zsuzsanna, Asisten\u021b\u0103 medical\u0103 general\u0103, anul II-III&quot;}\" data-sheets-userformat=\"{&quot;2&quot;:513,&quot;3&quot;:{&quot;1&quot;:0},&quot;12&quot;:0}\">1. Medicin\u0103 intern\u0103\/cardiologie- Mitre Adriana, Medicina, anul IV<br \/>2. Medicin\u0103 intern\u0103 \u0219i specialit\u0103\u021bi medicale (I)- Mitre Adriana, Lupu Silvia-Elisabeta, Jeremias Zsuzsanna, Asisten\u021b\u0103 medical\u0103 general\u0103, anul II.<br \/>3. Semiologie medical\u0103 \u0219i medicin\u0103 intern\u0103- Mitre Adriana, Lupu Silvia-Elisabeta, Jeremias Zsuzsanna, Balneofiziokinetoterapie, anul II.<br \/>4. \u00cengrijirea persoanelor v\u00e2rstnice \u0219i geriatrie- Lupu Silvia-Elisabeta, Jeremias Zsuzsanna, Asisten\u021b\u0103 medical\u0103 general\u0103, anul III.<br \/>5. Reabilitarea func\u021bional\u0103 \u00een patologia cardio-pulmonar\u0103- Mitre Adriana, MTFRF, anul II.<br \/>6. Introducere \u00een echocardiografie- Lupu Silvia-Elisabeta, Jeremias Zsuzsanna, Mitre Adriana, Medicin\u0103, anul IV<br \/>7. Abordarea pacientului critic cu afec\u021biuni cardio-vasculare &#8211; Mitre Adriana, Lupu Silvia-Elisabeta, Jeremias Zsuzsanna, Asisten\u021b\u0103 medical\u0103 general\u0103, anul II-III<\/span><\/p><\/div>\n\t\t\t\t\t\t\t<\/div>\n\t\t\t\t\t\t<\/div><div class=\"jet-accordion__item jet-toggle jet-toggle-move-up-effect\">\n\t\t\t\t\t\t\t<div id=\"jet-toggle-control-1392\" class=\"jet-toggle__control elementor-menu-anchor\" data-toggle=\"2\" role=\"button\" tabindex=\"0\" aria-controls=\"jet-toggle-content-1392\" aria-expanded=\"false\" data-template-id=\"false\">\n\t\t\t\t\t\t\t\t<div class=\"jet-toggle__label-icon jet-toggle-icon-position-right\"><span class=\"jet-toggle__icon icon-normal jet-tabs-icon\"><svg xmlns=\"http:\/\/www.w3.org\/2000\/svg\" viewbox=\"0 0 448 512\"><path d=\"M256 80c0-17.7-14.3-32-32-32s-32 14.3-32 32V224H48c-17.7 0-32 14.3-32 32s14.3 32 32 32H192V432c0 17.7 14.3 32 32 32s32-14.3 32-32V288H400c17.7 0 32-14.3 32-32s-14.3-32-32-32H256V80z\"><\/path><\/svg><\/span><span class=\"jet-toggle__icon icon-active jet-tabs-icon\"><svg xmlns=\"http:\/\/www.w3.org\/2000\/svg\" viewbox=\"0 0 448 512\"><path d=\"M432 256c0 17.7-14.3 32-32 32L48 288c-17.7 0-32-14.3-32-32s14.3-32 32-32l352 0c17.7 0 32 14.3 32 32z\"><\/path><\/svg><\/span><\/div><div class=\"jet-toggle__label-text\">Stagii clinice, lucr\u0103ri practice<\/div>\t\t\t\t\t\t\t<\/div>\n\t\t\t\t\t\t\t<div id=\"jet-toggle-content-1392\" class=\"jet-toggle__content\" data-toggle=\"2\" role=\"region\" data-template-id=\"false\">\n\t\t\t\t\t\t\t\t<div class=\"jet-toggle__content-inner\"><p><span data-sheets-value=\"{&quot;1&quot;:2,&quot;2&quot;:&quot;1.  Medicin\u0103 intern\u0103\/cardiologie- Medicina, Stagiu clinic, anul IV\\n2. Medicin\u0103 intern\u0103 \u0219i specialit\u0103\u021bi medicale (I)- Asisten\u021b\u0103 medical\u0103 general\u0103, LP, anul II.\\n3. Semiologie medical\u0103 \u0219i medicin\u0103 intern\u0103-  Balneofiziokinetoterapie, LP,  anul II.\\n4. Reabilitarea func\u021bional\u0103 \u00een patologia cardio-pulmonar\u0103-  MTFRF, LP,  anul II.\\n5. Introducere \u00een echocardiografie-   Medicin\u0103, LP,  anul IV\\n6. Abordarea pacientului critic cu afec\u021biuni  cardio-vasculare -  Asisten\u021b\u0103 medical\u0103 general\u0103, LP, anul II-III\\n7. Semiologie medical\u0103- Medicin\u0103 dentar\u0103, LP, anul III\\n8. Medicin\u0103 intern\u0103- Medicin\u0103 dentar\u0103, LP, anul III&quot;}\" data-sheets-userformat=\"{&quot;2&quot;:513,&quot;3&quot;:{&quot;1&quot;:0},&quot;12&quot;:0}\">1. Medicin\u0103 intern\u0103\/cardiologie- Medicina, Stagiu clinic, anul IV<br \/>2. Medicin\u0103 intern\u0103 \u0219i specialit\u0103\u021bi medicale (I)- Asisten\u021b\u0103 medical\u0103 general\u0103, LP, anul II.<br \/>3. Semiologie medical\u0103 \u0219i medicin\u0103 intern\u0103- Balneofiziokinetoterapie, LP, anul II.<br \/>4. Reabilitarea func\u021bional\u0103 \u00een patologia cardio-pulmonar\u0103- MTFRF, LP, anul II.<br \/>5. Introducere \u00een echocardiografie- Medicin\u0103, LP, anul IV<br \/>6. Abordarea pacientului critic cu afec\u021biuni cardio-vasculare &#8211; Asisten\u021b\u0103 medical\u0103 general\u0103, LP, anul II-III<br \/>7. Semiologie medical\u0103- Medicin\u0103 dentar\u0103, LP, anul III<br \/>8. Medicin\u0103 intern\u0103- Medicin\u0103 dentar\u0103, LP, anul III<\/span><\/p><\/div>\n\t\t\t\t\t\t\t<\/div>\n\t\t\t\t\t\t<\/div><div class=\"jet-accordion__item jet-toggle jet-toggle-move-up-effect\">\n\t\t\t\t\t\t\t<div id=\"jet-toggle-control-1393\" class=\"jet-toggle__control elementor-menu-anchor\" data-toggle=\"3\" role=\"button\" tabindex=\"0\" aria-controls=\"jet-toggle-content-1393\" aria-expanded=\"false\" data-template-id=\"false\">\n\t\t\t\t\t\t\t\t<div class=\"jet-toggle__label-icon jet-toggle-icon-position-right\"><span class=\"jet-toggle__icon icon-normal jet-tabs-icon\"><svg xmlns=\"http:\/\/www.w3.org\/2000\/svg\" viewbox=\"0 0 448 512\"><path d=\"M256 80c0-17.7-14.3-32-32-32s-32 14.3-32 32V224H48c-17.7 0-32 14.3-32 32s14.3 32 32 32H192V432c0 17.7 14.3 32 32 32s32-14.3 32-32V288H400c17.7 0 32-14.3 32-32s-14.3-32-32-32H256V80z\"><\/path><\/svg><\/span><span class=\"jet-toggle__icon icon-active jet-tabs-icon\"><svg xmlns=\"http:\/\/www.w3.org\/2000\/svg\" viewbox=\"0 0 448 512\"><path d=\"M432 256c0 17.7-14.3 32-32 32L48 288c-17.7 0-32-14.3-32-32s14.3-32 32-32l352 0c17.7 0 32 14.3 32 32z\"><\/path><\/svg><\/span><\/div><div class=\"jet-toggle__label-text\">Manuale \u0219i \u00eendrum\u0103toare de lucr\u0103ri practice<\/div>\t\t\t\t\t\t\t<\/div>\n\t\t\t\t\t\t\t<div id=\"jet-toggle-content-1393\" class=\"jet-toggle__content\" data-toggle=\"3\" role=\"region\" data-template-id=\"false\">\n\t\t\t\t\t\t\t\t<div class=\"jet-toggle__content-inner\"><p><span data-sheets-value=\"{&quot;1&quot;:2,&quot;2&quot;:&quot;1. Adriana Mitre, Silvia Lupu . Ghid practic de semiologie cardiovascular\u0103 pentru asistentele medicale. Editura University Press, T\u00eergu Mure\u0219, 2018, 169 pg, ISBN 978-973-169-514-3, cod CNCSIS 210.\\n\\n2. Lucia Agoston-Coldea, Silvia Lupu, Teodora Mocan. Guide pratique d\u2019\u00e9lectrocardiographie. Casa C\u0103r\u0163ii de \u015etiin\u0163\u0103, Cluj-Napoca, 2011, pg. 262, ISBN: 978-973-133-891-0, cod CNCSIS 24\\n3. Voichi\u021ba Ileana S\u00eerbu, Silvia Lupu.Valvulopatiile. Endocardita infec\u021bioas\u0103. Pericardita. \u00cen Compendiu de SPECIALIT\u0102\u021aI MEDICO-CHIRURGICALE (coordonatori Victor STOICA, Viorel SCRIPCARIU). Editura Medical\u0103, Bucure\u0219ti, 2016. Vol.1, pg 233-254, ISBN: 978-973-39-0803-6, Cod CNCSIS 167.&quot;}\" data-sheets-userformat=\"{&quot;2&quot;:513,&quot;3&quot;:{&quot;1&quot;:0},&quot;12&quot;:0}\">1. Adriana Mitre, Silvia Lupu . Ghid practic de semiologie cardiovascular\u0103 pentru asistentele medicale. Editura University Press, T\u00eergu Mure\u0219, 2018, 169 pg, ISBN 978-973-169-514-3, cod CNCSIS 210.<br \/><br \/>2. Lucia Agoston-Coldea, Silvia Lupu, Teodora Mocan. Guide pratique d\u2019\u00e9lectrocardiographie. Casa C\u0103r\u0163ii de \u015etiin\u0163\u0103, Cluj-Napoca, 2011, pg. 262, ISBN: 978-973-133-891-0, cod CNCSIS 24<br \/>3. Voichi\u021ba Ileana S\u00eerbu, Silvia Lupu.Valvulopatiile. Endocardita infec\u021bioas\u0103. Pericardita. \u00cen Compendiu de SPECIALIT\u0102\u021aI MEDICO-CHIRURGICALE (coordonatori Victor STOICA, Viorel SCRIPCARIU). Editura Medical\u0103, Bucure\u0219ti, 2016. Vol.1, pg 233-254, ISBN: 978-973-39-0803-6, Cod CNCSIS 167.<\/span><\/p><\/div>\n\t\t\t\t\t\t\t<\/div>\n\t\t\t\t\t\t<\/div>\t\t\t<\/div>\n\t\t<\/div>\n\t\t\t\t\t\t<\/div>\n\t\t\t\t<\/div>\n\t\t\t\t\t<\/div>\n\t\t<\/div>\n\t\t\t\t<div class=\"elementor-column elementor-col-50 elementor-top-column elementor-element elementor-element-1c32be5\" data-id=\"1c32be5\" data-element_type=\"column\" data-e-type=\"column\">\n\t\t\t<div class=\"elementor-widget-wrap elementor-element-populated\">\n\t\t\t\t\t\t<section class=\"elementor-section elementor-inner-section elementor-element elementor-element-a276364 elementor-section-boxed elementor-section-height-default elementor-section-height-default\" data-id=\"a276364\" data-element_type=\"section\" data-e-type=\"section\">\n\t\t\t\t\t\t<div class=\"elementor-container elementor-column-gap-default\">\n\t\t\t\t\t<div data-dce-background-color=\"#F2F7FF\" class=\"elementor-column elementor-col-100 elementor-inner-column elementor-element elementor-element-d829b2c\" data-id=\"d829b2c\" data-element_type=\"column\" data-e-type=\"column\" data-settings=\"{&quot;background_background&quot;:&quot;classic&quot;}\">\n\t\t\t<div class=\"elementor-widget-wrap elementor-element-populated\">\n\t\t\t\t\t\t<div class=\"elementor-element elementor-element-d7dd87d elementor-widget elementor-widget-heading\" data-id=\"d7dd87d\" data-element_type=\"widget\" data-e-type=\"widget\" data-widget_type=\"heading.default\">\n\t\t\t\t<div class=\"elementor-widget-container\">\n\t\t\t\t\t<h5 class=\"elementor-heading-title elementor-size-default\">Contact<\/h5>\t\t\t\t<\/div>\n\t\t\t\t<\/div>\n\t\t\t\t<div class=\"elementor-element elementor-element-62684c3 elementor-widget-divider--view-line elementor-widget elementor-widget-divider\" data-id=\"62684c3\" data-element_type=\"widget\" data-e-type=\"widget\" data-widget_type=\"divider.default\">\n\t\t\t\t<div class=\"elementor-widget-container\">\n\t\t\t\t\t\t\t<div class=\"elementor-divider\">\n\t\t\t<span class=\"elementor-divider-separator\">\n\t\t\t\t\t\t<\/span>\n\t\t<\/div>\n\t\t\t\t\t\t<\/div>\n\t\t\t\t<\/div>\n\t\t\t\t<div class=\"elementor-element elementor-element-9f223e7 elementor-widget elementor-widget-icon-box\" data-id=\"9f223e7\" data-element_type=\"widget\" data-e-type=\"widget\" data-widget_type=\"icon-box.default\">\n\t\t\t\t<div class=\"elementor-widget-container\">\n\t\t\t\t\t\t\t<div class=\"elementor-icon-box-wrapper\">\n\n\t\t\t\n\t\t\t\t\t\t<div class=\"elementor-icon-box-content\">\n\n\t\t\t\t\t\t\t\t\t<h3 class=\"elementor-icon-box-title\">\n\t\t\t\t\t\t<span  >\n\t\t\t\t\t\t\tSec\u021bia clinic\u0103\t\t\t\t\t\t<\/span>\n\t\t\t\t\t<\/h3>\n\t\t\t\t\n\t\t\t\t\t\t\t\t\t<p class=\"elementor-icon-box-description\">\n\t\t\t\t\t\tCardiologie I Adul\u021bi - IUBCvT\t\t\t\t\t<\/p>\n\t\t\t\t\n\t\t\t<\/div>\n\t\t\t\n\t\t<\/div>\n\t\t\t\t\t\t<\/div>\n\t\t\t\t<\/div>\n\t\t\t\t<div class=\"elementor-element elementor-element-75693d5 elementor-widget elementor-widget-icon-box\" data-id=\"75693d5\" data-element_type=\"widget\" data-e-type=\"widget\" data-widget_type=\"icon-box.default\">\n\t\t\t\t<div class=\"elementor-widget-container\">\n\t\t\t\t\t\t\t<div class=\"elementor-icon-box-wrapper\">\n\n\t\t\t\n\t\t\t\t\t\t<div class=\"elementor-icon-box-content\">\n\n\t\t\t\t\t\t\t\t\t<h3 class=\"elementor-icon-box-title\">\n\t\t\t\t\t\t<span  >\n\t\t\t\t\t\t\tAdres\u0103\t\t\t\t\t\t<\/span>\n\t\t\t\t\t<\/h3>\n\t\t\t\t\n\t\t\t\t\t\t\t\t\t<p class=\"elementor-icon-box-description\">\n\t\t\t\t\t\t540136, T\u00e2rgu-Mure\u0219, <br>str. Gheorghe Marinescu nr. 50, et. 8\t\t\t\t\t<\/p>\n\t\t\t\t\n\t\t\t<\/div>\n\t\t\t\n\t\t<\/div>\n\t\t\t\t\t\t<\/div>\n\t\t\t\t<\/div>\n\t\t\t\t<div class=\"elementor-element elementor-element-3893795 elementor-widget elementor-widget-icon-box\" data-id=\"3893795\" data-element_type=\"widget\" data-e-type=\"widget\" data-widget_type=\"icon-box.default\">\n\t\t\t\t<div class=\"elementor-widget-container\">\n\t\t\t\t\t\t\t<div class=\"elementor-icon-box-wrapper\">\n\n\t\t\t\n\t\t\t\t\t\t<div class=\"elementor-icon-box-content\">\n\n\t\t\t\t\t\t\t\t\t<h3 class=\"elementor-icon-box-title\">\n\t\t\t\t\t\t<span  >\n\t\t\t\t\t\t\tTelefon\t\t\t\t\t\t<\/span>\n\t\t\t\t\t<\/h3>\n\t\t\t\t\n\t\t\t\t\t\t\t\t\t<p class=\"elementor-icon-box-description\">\n\t\t\t\t\t\t+40-265-212.111, int. 251\t\t\t\t\t<\/p>\n\t\t\t\t\n\t\t\t<\/div>\n\t\t\t\n\t\t<\/div>\n\t\t\t\t\t\t<\/div>\n\t\t\t\t<\/div>\n\t\t\t\t\t<\/div>\n\t\t<\/div>\n\t\t\t\t\t<\/div>\n\t\t<\/section>\n\t\t\t\t\t<\/div>\n\t\t<\/div>\n\t\t\t\t\t<\/div>\n\t\t<\/section>\n\t\t\t\t<\/div>","protected":false},"excerpt":{"rendered":"<p>Colectivul disciplinei \u0218ef disciplin\u0103\u0218ef lucr. dr. Silvia Elisabeta Lupu &#8211; CV Membri\u0218ef lucr. dr. Jeremias Zsuzsanna &#8211; CVAsist. univ. dr. Violeta Dinesch &#8211; CVAsist. univ. dr. Somkereki Cristina &#8211; CVAsist. univ. drd. Opris Diana &#8211; CV Activitate didactic\u0103 Cursuri pentru studen\u021bi 1. Medicin\u0103 intern\u0103\/cardiologie- Mitre Adriana, Medicina, anul IV2. Medicin\u0103 intern\u0103 \u0219i specialit\u0103\u021bi medicale (I)- [&hellip;]<\/p>\n","protected":false},"author":14,"featured_media":0,"parent":263,"menu_order":10,"comment_status":"closed","ping_status":"closed","template":"","meta":{"_relevanssi_hide_post":"","_relevanssi_hide_content":"","_relevanssi_pin_for_all":"","_relevanssi_pin_keywords":"","_relevanssi_unpin_keywords":"","_relevanssi_related_keywords":"","_relevanssi_related_include_ids":"","_relevanssi_related_exclude_ids":"","_relevanssi_related_no_append":"","_relevanssi_related_not_related":"","_relevanssi_related_posts":"1","_relevanssi_noindex_reason":"","footnotes":""},"categories":[13,40],"tags":[],"class_list":["post-3254","page","type-page","status-publish","hentry","category-pagina-cu-sidebar","category-pagina-departamente-si-discipline"],"meta_box":[],"_links":{"self":[{"href":"https:\/\/umfst.ro\/facultatea-de-medicina\/hu\/wp-json\/wp\/v2\/pages\/3254","targetHints":{"allow":["GET"]}}],"collection":[{"href":"https:\/\/umfst.ro\/facultatea-de-medicina\/hu\/wp-json\/wp\/v2\/pages"}],"about":[{"href":"https:\/\/umfst.ro\/facultatea-de-medicina\/hu\/wp-json\/wp\/v2\/types\/page"}],"author":[{"embeddable":true,"href":"https:\/\/umfst.ro\/facultatea-de-medicina\/hu\/wp-json\/wp\/v2\/users\/14"}],"replies":[{"embeddable":true,"href":"https:\/\/umfst.ro\/facultatea-de-medicina\/hu\/wp-json\/wp\/v2\/comments?post=3254"}],"version-history":[{"count":51,"href":"https:\/\/umfst.ro\/facultatea-de-medicina\/hu\/wp-json\/wp\/v2\/pages\/3254\/revisions"}],"predecessor-version":[{"id":8882,"href":"https:\/\/umfst.ro\/facultatea-de-medicina\/hu\/wp-json\/wp\/v2\/pages\/3254\/revisions\/8882"}],"up":[{"embeddable":true,"href":"https:\/\/umfst.ro\/facultatea-de-medicina\/hu\/wp-json\/wp\/v2\/pages\/263"}],"wp:attachment":[{"href":"https:\/\/umfst.ro\/facultatea-de-medicina\/hu\/wp-json\/wp\/v2\/media?parent=3254"}],"wp:term":[{"taxonomy":"category","embeddable":true,"href":"https:\/\/umfst.ro\/facultatea-de-medicina\/hu\/wp-json\/wp\/v2\/categories?post=3254"},{"taxonomy":"post_tag","embeddable":true,"href":"https:\/\/umfst.ro\/facultatea-de-medicina\/hu\/wp-json\/wp\/v2\/tags?post=3254"}],"curies":[{"name":"wp","href":"https:\/\/api.w.org\/{rel}","templated":true}]}}